{"id":36264,"date":"2022-11-04T08:39:39","date_gmt":"2022-11-04T08:39:39","guid":{"rendered":"https:\/\/jackpotlotteryonline.com\/?page_id=36264"},"modified":"2022-12-31T11:07:25","modified_gmt":"2022-12-31T11:07:25","slug":"france-lotto","status":"publish","type":"page","link":"https:\/\/jackpotlotteryonline.com\/es\/como-se-juega\/france-lotto\/","title":{"rendered":"Jugar a la loter\u00eda francesa"},"content":{"rendered":"<h2>Loter\u00eda de Francia en l\u00ednea<\/h2>\n<p><img loading=\"lazy\" decoding=\"async\" class=\"alignright size-full wp-image-18410\" src=\"http:\/\/jackpotlotteryonline.com\/wp-content\/uploads\/2022\/10\/win_big.jpg\" alt=\"jugar a la loter\u00eda de francia online\" width=\"224\" height=\"134\" \/><\/p>\n<p>France Lotto es una de las loter\u00edas europeas organizadas m\u00e1s antiguas y est\u00e1 organizada y gestionada por el Grupo Francaise des Jeux. Es muy popular en Francia y en otras partes de Europa. Dado que los franceses son aficionados al juego de azar, <a href=\"https:\/\/jackpotlotteryonline.com\/es\/numeros-ganadores\/france-lotto-2\">France Lotto online se sortea tres veces por semana (lunes, mi\u00e9rcoles y s\u00e1bado)<\/a>, a diferencia de la mayor\u00eda de las loter\u00edas europeas que se sortean s\u00f3lo dos veces por semana. Los premios totales repartidos por la Loter\u00eda de Francia se estiman en m\u00e1s de 4.400 millones al a\u00f1o y viene con un gran bote.<\/p>\n<p>No tiene que ser residente de Francia &#8211; <strong>jugar a la loter\u00eda francesa desde fuera de Francia es posible en l\u00ednea con nuestra asistencia.<\/strong><\/p>\n<p>En comparaci\u00f3n con otras loter\u00edas europeas, la loter\u00eda francesa en l\u00ednea tiene un mayor incremento en los botes que ofrece, ya que el bote se incrementa en un mill\u00f3n de euros. Con tres sorteos semanales, se acumula y sube bastante r\u00e1pido hasta que se gana. El hecho de que el bote no cuente como el m\u00e1s alto entre las loter\u00edas demuestra que el bote se gana m\u00e1s que en otras loter\u00edas.<\/p>\n<p>Se dice que France Lotto online ha creado m\u00e1s millonarios que la mayor\u00eda de las loter\u00edas comparables de Europa. Usted deber\u00eda arriesgarse y comprar un <a href=\"https:\/\/jackpotlotteryonline.com\/es\/comprar-boletos\/lotto-france\">billete online para France Lotto<\/a> y convertirse en el pr\u00f3ximo millonario.<\/p>\n<p>Estamos aqu\u00ed para ayudarle a jugar a la loter\u00eda de Francia en l\u00ednea. Jugar a este juego es tan sencillo como el abecedario y te ayudar\u00e1n en todo momento.<\/p>\n<section class=\"layout\" style=\"border: solid 1px; width: 100%;\">\n<div class=\"img-div\" style=\"margin-top: 5px;\"><img decoding=\"async\" class=\"wp-image-17212 alignleft\" style=\"height: 45px; margin: 8px 8px 0px;\" src=\"http:\/\/jackpotlotteryonline.com\/wp-content\/uploads\/2022\/11\/read1.jpg\" alt=\"leer\" width=\"\" height=\"\" \/><\/div>\n<div style=\"padding-left: 5px;\">\n<div style=\"font-size: 1.1em;\">\n<p><strong>Vea en directo el sorteo de sus n\u00fameros de loter\u00eda<\/strong><\/p>\n<p style=\"font-size: 0.85em; margin-top: -1.5em;\">C\u00f3mo ver los sorteos en directo de tus loter\u00edas favoritas\u00a0 <a href=\"https:\/\/jackpotlotteryonline.com\/es\/vea-su-sorteo-de-numeros-de-loteria-en-vivo\"> Seguir leyendo<\/a><\/p>\n<\/div>\n<\/div>\n<\/section>\n<h2>\u00bfC\u00f3mo jugar a la loter\u00eda de Francia en l\u00ednea?<\/h2>\n<p><img loading=\"lazy\" decoding=\"async\" class=\"alignright wp-image-27131\" src=\"http:\/\/jackpotlotteryonline.com\/wp-content\/uploads\/2022\/11\/1_jckpot_win_online.jpg\" alt=\"bote de la loter\u00eda de Francia\" width=\"159\" height=\"159\" srcset=\"https:\/\/jackpotlotteryonline.com\/wp-content\/uploads\/2022\/11\/1_jckpot_win_online.jpg 300w, https:\/\/jackpotlotteryonline.com\/wp-content\/uploads\/2022\/11\/1_jckpot_win_online-100x100.jpg 100w, https:\/\/jackpotlotteryonline.com\/wp-content\/uploads\/2022\/11\/1_jckpot_win_online-150x150.jpg 150w\" sizes=\"auto, (max-width: 159px) 100vw, 159px\" \/><\/p>\n<p>Como cualquier otra loter\u00eda, la loter\u00eda de Francia consiste en elegir 5 n\u00fameros de entre 49 y un \u00fanico n\u00famero de entre otro grupo de 10 n\u00fameros. Comprar un billete es f\u00e1cil, una vez que lo pida a trav\u00e9s de nosotros, compraremos un billete en su nombre. Inmediatamente despu\u00e9s de la compra, podr\u00e1 ver los n\u00fameros que eligi\u00f3 en su cuenta, y un poco m\u00e1s tarde, un escaneo de su entrada ser\u00e1 visible en su cuenta tambi\u00e9n.<\/p>\n<p>Si es esc\u00e9ptico a la hora de seleccionar los n\u00fameros, tambi\u00e9n tenemos un generador de n\u00fameros de loter\u00eda y la opci\u00f3n Quick Pick de France Lotto online permite jugar con n\u00fameros aleatorios.<\/p>\n<p>Usted debe ser mayor de 18 a\u00f1os para comprar un billete de loter\u00eda de Francia en l\u00ednea y antes de hacerlo a trav\u00e9s de nosotros, puede hacer una investigaci\u00f3n sobre los resultados anteriores, para ayudarle a seleccionar sus propios n\u00fameros de la suerte.<\/p>\n<h2>Cobrando sus premios de France lotto online<\/h2>\n<p>Adem\u00e1s del premio mayor, France Lotto online tambi\u00e9n ofrece otros premios por acertar n\u00fameros. A diferencia de las loter\u00edas americanas, los premios se pagan en su totalidad y en efectivo. Tendr\u00e1 que hacer sus reclamaciones en un plazo de 2 meses a partir de la fecha del sorteo, para lo cual le ayudaremos. El dinero de los premios inferiores a 2500 euros se abonar\u00e1 en su cuenta en nuestra p\u00e1gina web. El dinero del premio que supere esa cantidad deber\u00e1 ser remitido al centro de pagos de Francaise des Jeux.<\/p>\n<p>Si juega a trav\u00e9s de nosotros, tambi\u00e9n le ayudaremos a cobrar sus premios reclamando en su nombre y asegur\u00e1ndonos de que el premio le sea entregado lo antes posible. Venga a registrarse hoy mismo de forma gratuita y reclame beneficios imprevistos&#8230;<\/p>\n<p>\u00a1Todos los premios ganados en France Lotto se pagan libres de impuestos!<\/p>\n","protected":false},"excerpt":{"rendered":"<p>Loter\u00eda de Francia en l\u00ednea France Lotto es una de las loter\u00edas europeas organizadas m\u00e1s antiguas y est\u00e1 organizada y gestionada por el Grupo Francaise des Jeux. Es muy popular en Francia y en otras partes de Europa. Dado que los franceses son aficionados al juego de azar, France Lotto online se sortea tres veces [&hellip;]<\/p>\n","protected":false},"author":1,"featured_media":0,"parent":35723,"menu_order":9,"comment_status":"closed","ping_status":"closed","template":"lotto-fr.php","meta":{"_et_pb_use_builder":"","_et_pb_old_content":"","_et_gb_content_width":"","exclude_from_search":false,"footnotes":""},"class_list":["post-36264","page","type-page","status-publish","hentry"],"yoast_head":"<!-- This site is optimized with the Yoast SEO plugin v23.3 - https:\/\/yoast.com\/wordpress\/plugins\/seo\/ -->\n<title>Participe en France Lotto online, desde fuera de Francia<\/title>\n<meta name=\"description\" content=\"Comprar billete para la loter\u00eda de Francia en aqu\u00ed - permitimos a los aficionados a la loter\u00eda de fuera de Francia conseguir un billete para esta popular loter\u00eda\" \/>\n<meta name=\"robots\" content=\"index, follow, max-snippet:-1, max-image-preview:large, max-video-preview:-1\" \/>\n<link rel=\"canonical\" href=\"https:\/\/jackpotlotteryonline.com\/play-online\/france-lotto\/\" \/>\n<meta property=\"og:locale\" content=\"es_ES\" \/>\n<meta property=\"og:type\" content=\"article\" \/>\n<meta property=\"og:title\" content=\"Participe en France Lotto online, desde fuera de Francia\" \/>\n<meta property=\"og:description\" content=\"Comprar billete para la loter\u00eda de Francia en aqu\u00ed - permitimos a los aficionados a la loter\u00eda de fuera de Francia conseguir un billete para esta popular loter\u00eda\" \/>\n<meta property=\"og:url\" content=\"https:\/\/jackpotlotteryonline.com\/play-online\/france-lotto\/\" \/>\n<meta property=\"og:site_name\" content=\"Lotto Online - Crack The International Lottery Jackpots\" \/>\n<meta property=\"article:modified_time\" content=\"2022-12-31T11:07:25+00:00\" \/>\n<meta property=\"og:image\" content=\"http:\/\/jackpotlotteryonline.com\/wp-content\/uploads\/2022\/10\/win_big.jpg\" \/>\n<meta name=\"twitter:card\" content=\"summary_large_image\" \/>\n<meta name=\"twitter:label1\" content=\"Tiempo de lectura\" \/>\n\t<meta name=\"twitter:data1\" content=\"3 minutos\" \/>\n<!-- \/ Yoast SEO plugin. -->","yoast_head_json":{"title":"Participe en France Lotto online, desde fuera de Francia","description":"Comprar billete para la loter\u00eda de Francia en aqu\u00ed - permitimos a los aficionados a la loter\u00eda de fuera de Francia conseguir un billete para esta popular loter\u00eda","robots":{"index":"index","follow":"follow","max-snippet":"max-snippet:-1","max-image-preview":"max-image-preview:large","max-video-preview":"max-video-preview:-1"},"canonical":"https:\/\/jackpotlotteryonline.com\/play-online\/france-lotto\/","og_locale":"es_ES","og_type":"article","og_title":"Participe en France Lotto online, desde fuera de Francia","og_description":"Comprar billete para la loter\u00eda de Francia en aqu\u00ed - permitimos a los aficionados a la loter\u00eda de fuera de Francia conseguir un billete para esta popular loter\u00eda","og_url":"https:\/\/jackpotlotteryonline.com\/play-online\/france-lotto\/","og_site_name":"Lotto Online - Crack The International Lottery Jackpots","article_modified_time":"2022-12-31T11:07:25+00:00","og_image":[{"url":"http:\/\/jackpotlotteryonline.com\/wp-content\/uploads\/2022\/10\/win_big.jpg"}],"twitter_card":"summary_large_image","twitter_misc":{"Tiempo de lectura":"3 minutos"},"schema":{"@context":"https:\/\/schema.org","@graph":[{"@type":"WebPage","@id":"https:\/\/jackpotlotteryonline.com\/play-online\/france-lotto\/","url":"https:\/\/jackpotlotteryonline.com\/play-online\/france-lotto\/","name":"Participe en France Lotto online, desde fuera de Francia","isPartOf":{"@id":"https:\/\/jackpotlotteryonline.com\/#website"},"primaryImageOfPage":{"@id":"https:\/\/jackpotlotteryonline.com\/play-online\/france-lotto\/#primaryimage"},"image":{"@id":"https:\/\/jackpotlotteryonline.com\/play-online\/france-lotto\/#primaryimage"},"thumbnailUrl":"http:\/\/jackpotlotteryonline.com\/wp-content\/uploads\/2022\/10\/win_big.jpg","datePublished":"2022-11-04T08:39:39+00:00","dateModified":"2022-12-31T11:07:25+00:00","description":"Comprar billete para la loter\u00eda de Francia en aqu\u00ed - permitimos a los aficionados a la loter\u00eda de fuera de Francia conseguir un billete para esta popular loter\u00eda","breadcrumb":{"@id":"https:\/\/jackpotlotteryonline.com\/play-online\/france-lotto\/#breadcrumb"},"inLanguage":"es","potentialAction":[{"@type":"ReadAction","target":["https:\/\/jackpotlotteryonline.com\/play-online\/france-lotto\/"]}]},{"@type":"ImageObject","inLanguage":"es","@id":"https:\/\/jackpotlotteryonline.com\/play-online\/france-lotto\/#primaryimage","url":"http:\/\/jackpotlotteryonline.com\/wp-content\/uploads\/2022\/10\/win_big.jpg","contentUrl":"http:\/\/jackpotlotteryonline.com\/wp-content\/uploads\/2022\/10\/win_big.jpg"},{"@type":"BreadcrumbList","@id":"https:\/\/jackpotlotteryonline.com\/play-online\/france-lotto\/#breadcrumb","itemListElement":[{"@type":"ListItem","position":1,"name":"Home","item":"https:\/\/jackpotlotteryonline.com\/es\/"},{"@type":"ListItem","position":2,"name":"C\u00f3mo se juega","item":"https:\/\/jackpotlotteryonline.com\/es\/como-se-juega\/"},{"@type":"ListItem","position":3,"name":"Jugar a la loter\u00eda francesa"}]},{"@type":"WebSite","@id":"https:\/\/jackpotlotteryonline.com\/#website","url":"https:\/\/jackpotlotteryonline.com\/","name":"Lotto Online - Crack The International Lottery Jackpots","description":"","potentialAction":[{"@type":"SearchAction","target":{"@type":"EntryPoint","urlTemplate":"https:\/\/jackpotlotteryonline.com\/?s={search_term_string}"},"query-input":"required name=search_term_string"}],"inLanguage":"es"}]}},"_links":{"self":[{"href":"https:\/\/jackpotlotteryonline.com\/es\/wp-json\/wp\/v2\/pages\/36264","targetHints":{"allow":["GET"]}}],"collection":[{"href":"https:\/\/jackpotlotteryonline.com\/es\/wp-json\/wp\/v2\/pages"}],"about":[{"href":"https:\/\/jackpotlotteryonline.com\/es\/wp-json\/wp\/v2\/types\/page"}],"author":[{"embeddable":true,"href":"https:\/\/jackpotlotteryonline.com\/es\/wp-json\/wp\/v2\/users\/1"}],"replies":[{"embeddable":true,"href":"https:\/\/jackpotlotteryonline.com\/es\/wp-json\/wp\/v2\/comments?post=36264"}],"version-history":[{"count":0,"href":"https:\/\/jackpotlotteryonline.com\/es\/wp-json\/wp\/v2\/pages\/36264\/revisions"}],"up":[{"embeddable":true,"href":"https:\/\/jackpotlotteryonline.com\/es\/wp-json\/wp\/v2\/pages\/35723"}],"wp:attachment":[{"href":"https:\/\/jackpotlotteryonline.com\/es\/wp-json\/wp\/v2\/media?parent=36264"}],"curies":[{"name":"wp","href":"https:\/\/api.w.org\/{rel}","templated":true}]}}