{"id":36322,"date":"2022-11-04T10:10:24","date_gmt":"2022-11-04T10:10:24","guid":{"rendered":"https:\/\/jackpotlotteryonline.com\/?page_id=36322"},"modified":"2022-12-31T10:12:23","modified_gmt":"2022-12-31T10:12:23","slug":"german-lotto","status":"publish","type":"page","link":"https:\/\/jackpotlotteryonline.com\/es\/como-se-juega\/german-lotto\/","title":{"rendered":"La loter\u00eda alemana"},"content":{"rendered":"<h2>La loter\u00eda alemana ya est\u00e1 disponible en l\u00ednea<\/h2>\n<p><img loading=\"lazy\" decoding=\"async\" class=\"alignright wp-image-18464 size-full\" src=\"https:\/\/jackpotlotteryonline.com\/wp-content\/uploads\/2022\/10\/win_lottery_online.jpg\" alt=\"jugar a la loter\u00eda alemana en l\u00ednea\" width=\"231\" height=\"130\" \/><\/p>\n<p>La loter\u00eda en Alemania tiene m\u00e1s de 5 d\u00e9cadas y la loter\u00eda alemana online est\u00e1 organizada y gestionada por Deutscher Lotto y Toto Block. Con un <a href=\"https:\/\/jackpotlotteryonline.com\/es\/numeros-ganadores\/german-lotto\">sorteo dos veces a la semana<\/a>, los mi\u00e9rcoles y los s\u00e1bados, la loter\u00eda alemana online viene con uno de los mayores botes europeos, la mayor\u00eda de las veces. Por lo tanto, hay muchas razones para que usted juegue a la loter\u00eda alemana con un billete en l\u00ednea si vive fuera de Alemania.<\/p>\n<p>Si no vive en Alemania, su \u00fanica opci\u00f3n para jugar a la loter\u00eda alemana en l\u00ednea es con nosotros. Una vez que se haya registrado en nuestro sitio web, podr\u00e1 obtener toda la informaci\u00f3n relevante de la loter\u00eda alemana en l\u00ednea. Eso incluye resultados antiguos, un generador de n\u00fameros de loter\u00eda, y el \u00e1rea para comprar el boleto. Incluso le ayudar\u00e1n a reclamar y recibir el premio.<\/p>\n<h2>C\u00f3mo funciona la loter\u00eda alemana en l\u00ednea<\/h2>\n<p>Todo lo que tiene que hacer es <a href=\"https:\/\/jackpotlotteryonline.com\/es\/comprar-boletos\/lotto-germany\">comprar un billete de la loter\u00eda alemana online<\/a> seleccionando 6 n\u00fameros de un grupo de 49. Tambi\u00e9n tendr\u00e1 la opci\u00f3n de elegir un super n\u00famero entre el 1 y el 10. El sorteo principal es para los n\u00fameros base y posteriormente se realiza un sorteo para el super n\u00famero. Cuando los 6 n\u00fameros base coinciden, usted gana el primer premio. El premio mayor real se otorga cuando sus 6 n\u00fameros base y el s\u00faper n\u00famero coinciden en el sorteo.<\/p>\n<p>Las personas de fuera de Alemania tambi\u00e9n pueden jugar a la loter\u00eda alemana online. En nuestro sitio web, puede aprovechar esta oportunidad para probar su suerte y dejarnos el resto de la log\u00edstica a nosotros. Para jugar a la loter\u00eda alemana con un billete online es necesario ser mayor de 18 a\u00f1os.<\/p>\n<section class=\"layout\" style=\"border: solid 1px; width: 100%;\">\n<div class=\"img-div\" style=\"margin-top: 5px;\"><img decoding=\"async\" class=\"wp-image-17212 alignleft\" style=\"height: 45px; margin: 8px 8px 0px;\" src=\"https:\/\/jackpotlotteryonline.com\/wp-content\/uploads\/2022\/11\/read1.jpg\" alt=\"leer\" width=\"\" height=\"\" \/><\/div>\n<div style=\"padding-left: 5px;\">\n<div style=\"font-size: 1.1em;\">\n<p><strong>\u00bfQu\u00e9 coche te comprar\u00edas si te tocara la loter\u00eda?<\/strong><\/p>\n<p style=\"font-size: 0.85em; margin-top: -1.5em;\">Ganar la loter\u00eda y conseguir un coche nuevo\u00a0 <a href=\"https:\/\/jackpotlotteryonline.com\/es\/que-coche-te-comprarias-si-te-tocara-la-loteria\">Seguir leyendo<\/a><\/p>\n<\/div>\n<\/div>\n<\/section>\n<h2>Ganar la loter\u00eda alemana en l\u00ednea<\/h2>\n<p><img loading=\"lazy\" decoding=\"async\" class=\"alignright size-medium wp-image-33350\" src=\"https:\/\/jackpotlotteryonline.com\/wp-content\/uploads\/2022\/11\/2_ticket_euromillions3-1-111x300.jpg\" alt=\"billete de loter\u00eda alemana\" width=\"111\" height=\"300\" srcset=\"https:\/\/jackpotlotteryonline.com\/wp-content\/uploads\/2022\/11\/2_ticket_euromillions3-1-111x300.jpg 111w, https:\/\/jackpotlotteryonline.com\/wp-content\/uploads\/2022\/11\/2_ticket_euromillions3-1.jpg 180w\" sizes=\"auto, (max-width: 111px) 100vw, 111px\" \/><\/p>\n<p>Ganar la loter\u00eda alemana online es una cuesti\u00f3n de azar, pero tambi\u00e9n lo es cualquier otra loter\u00eda. Nosotros aumentaremos sus posibilidades de ganar la loter\u00eda alemana en l\u00ednea mediante el uso de nuestro generador de n\u00fameros de loter\u00eda y d\u00e1ndole informaci\u00f3n sobre resultados anteriores, para ayudarle a seleccionar sus n\u00fameros de la suerte. Toda la informaci\u00f3n relevante con respecto a la loter\u00eda alemana en l\u00ednea est\u00e1 disponible all\u00ed y se puede utilizar al m\u00e1ximo para mejorar sus posibilidades.<\/p>\n<p>La loter\u00eda alemana en l\u00ednea no s\u00f3lo es uno de los botes m\u00e1s grandes de Europa, sino que tambi\u00e9n es la loter\u00eda m\u00e1s organizada del mundo y se gestiona de forma muy profesional. Cuando juegue a la loter\u00eda alemana en l\u00ednea y si gana, le ayudaremos a reclamar su premio sin ninguna dificultad y nos aseguraremos de que el importe del premio le sea entregado sin ning\u00fan problema.<\/p>\n<p>Aunque la loter\u00eda alemana online es una de las m\u00e1s antiguas de Europa, no es tan popular como las dem\u00e1s. La raz\u00f3n es que no se publicita tanto fuera de Alemania. <strong>De todos modos, esto no es raz\u00f3n para no jugar a la loter\u00eda alemana en l\u00ednea. Pruebe su suerte en la loter\u00eda de Alemania hoy mismo.<\/strong><\/p>\n","protected":false},"excerpt":{"rendered":"<p>La loter\u00eda alemana ya est\u00e1 disponible en l\u00ednea La loter\u00eda en Alemania tiene m\u00e1s de 5 d\u00e9cadas y la loter\u00eda alemana online est\u00e1 organizada y gestionada por Deutscher Lotto y Toto Block. Con un sorteo dos veces a la semana, los mi\u00e9rcoles y los s\u00e1bados, la loter\u00eda alemana online viene con uno de los mayores [&hellip;]<\/p>\n","protected":false},"author":1,"featured_media":0,"parent":35723,"menu_order":8,"comment_status":"closed","ping_status":"closed","template":"lotto-german.php","meta":{"_et_pb_use_builder":"","_et_pb_old_content":"","_et_gb_content_width":"","exclude_from_search":false,"footnotes":""},"class_list":["post-36322","page","type-page","status-publish","hentry"],"yoast_head":"<!-- This site is optimized with the Yoast SEO plugin v23.3 - https:\/\/yoast.com\/wordpress\/plugins\/seo\/ -->\n<title>Juega a la loter\u00eda alemana desde fuera de Alemania, con un boleto online<\/title>\n<meta name=\"description\" content=\"\u00bfVive fuera de Alemania? No hay problema - juegue a la loter\u00eda alemana con un billete en l\u00ednea de nosotros.\" \/>\n<meta name=\"robots\" content=\"index, follow, max-snippet:-1, max-image-preview:large, max-video-preview:-1\" \/>\n<link rel=\"canonical\" href=\"https:\/\/jackpotlotteryonline.com\/es\/como-se-juega\/german-lotto\/\" \/>\n<meta property=\"og:locale\" content=\"es_ES\" \/>\n<meta property=\"og:type\" content=\"article\" \/>\n<meta property=\"og:title\" content=\"Juega a la loter\u00eda alemana desde fuera de Alemania, con un boleto online\" \/>\n<meta property=\"og:description\" content=\"\u00bfVive fuera de Alemania? No hay problema - juegue a la loter\u00eda alemana con un billete en l\u00ednea de nosotros.\" \/>\n<meta property=\"og:url\" content=\"https:\/\/jackpotlotteryonline.com\/es\/como-se-juega\/german-lotto\/\" \/>\n<meta property=\"og:site_name\" content=\"Lotto Online - Crack The International Lottery Jackpots\" \/>\n<meta property=\"article:modified_time\" content=\"2022-12-31T10:12:23+00:00\" \/>\n<meta property=\"og:image\" content=\"https:\/\/jackpotlotteryonline.com\/wp-content\/uploads\/2022\/10\/win_lottery_online.jpg\" \/>\n<meta name=\"twitter:card\" content=\"summary_large_image\" \/>\n<meta name=\"twitter:label1\" content=\"Tiempo de lectura\" \/>\n\t<meta name=\"twitter:data1\" content=\"3 minutos\" \/>\n<!-- \/ Yoast SEO plugin. -->","yoast_head_json":{"title":"Juega a la loter\u00eda alemana desde fuera de Alemania, con un boleto online","description":"\u00bfVive fuera de Alemania? No hay problema - juegue a la loter\u00eda alemana con un billete en l\u00ednea de nosotros.","robots":{"index":"index","follow":"follow","max-snippet":"max-snippet:-1","max-image-preview":"max-image-preview:large","max-video-preview":"max-video-preview:-1"},"canonical":"https:\/\/jackpotlotteryonline.com\/es\/como-se-juega\/german-lotto\/","og_locale":"es_ES","og_type":"article","og_title":"Juega a la loter\u00eda alemana desde fuera de Alemania, con un boleto online","og_description":"\u00bfVive fuera de Alemania? No hay problema - juegue a la loter\u00eda alemana con un billete en l\u00ednea de nosotros.","og_url":"https:\/\/jackpotlotteryonline.com\/es\/como-se-juega\/german-lotto\/","og_site_name":"Lotto Online - Crack The International Lottery Jackpots","article_modified_time":"2022-12-31T10:12:23+00:00","og_image":[{"url":"https:\/\/jackpotlotteryonline.com\/wp-content\/uploads\/2022\/10\/win_lottery_online.jpg"}],"twitter_card":"summary_large_image","twitter_misc":{"Tiempo de lectura":"3 minutos"},"schema":{"@context":"https:\/\/schema.org","@graph":[{"@type":"WebPage","@id":"https:\/\/jackpotlotteryonline.com\/es\/como-se-juega\/german-lotto\/","url":"https:\/\/jackpotlotteryonline.com\/es\/como-se-juega\/german-lotto\/","name":"Juega a la loter\u00eda alemana desde fuera de Alemania, con un boleto online","isPartOf":{"@id":"https:\/\/jackpotlotteryonline.com\/#website"},"primaryImageOfPage":{"@id":"https:\/\/jackpotlotteryonline.com\/es\/como-se-juega\/german-lotto\/#primaryimage"},"image":{"@id":"https:\/\/jackpotlotteryonline.com\/es\/como-se-juega\/german-lotto\/#primaryimage"},"thumbnailUrl":"https:\/\/jackpotlotteryonline.com\/wp-content\/uploads\/2022\/10\/win_lottery_online.jpg","datePublished":"2022-11-04T10:10:24+00:00","dateModified":"2022-12-31T10:12:23+00:00","description":"\u00bfVive fuera de Alemania? No hay problema - juegue a la loter\u00eda alemana con un billete en l\u00ednea de nosotros.","breadcrumb":{"@id":"https:\/\/jackpotlotteryonline.com\/es\/como-se-juega\/german-lotto\/#breadcrumb"},"inLanguage":"es","potentialAction":[{"@type":"ReadAction","target":["https:\/\/jackpotlotteryonline.com\/es\/como-se-juega\/german-lotto\/"]}]},{"@type":"ImageObject","inLanguage":"es","@id":"https:\/\/jackpotlotteryonline.com\/es\/como-se-juega\/german-lotto\/#primaryimage","url":"https:\/\/jackpotlotteryonline.com\/wp-content\/uploads\/2022\/10\/win_lottery_online.jpg","contentUrl":"https:\/\/jackpotlotteryonline.com\/wp-content\/uploads\/2022\/10\/win_lottery_online.jpg"},{"@type":"BreadcrumbList","@id":"https:\/\/jackpotlotteryonline.com\/es\/como-se-juega\/german-lotto\/#breadcrumb","itemListElement":[{"@type":"ListItem","position":1,"name":"Home","item":"https:\/\/jackpotlotteryonline.com\/es\/"},{"@type":"ListItem","position":2,"name":"C\u00f3mo se juega","item":"https:\/\/jackpotlotteryonline.com\/es\/como-se-juega\/"},{"@type":"ListItem","position":3,"name":"La loter\u00eda alemana"}]},{"@type":"WebSite","@id":"https:\/\/jackpotlotteryonline.com\/#website","url":"https:\/\/jackpotlotteryonline.com\/","name":"Lotto Online - Crack The International Lottery Jackpots","description":"","potentialAction":[{"@type":"SearchAction","target":{"@type":"EntryPoint","urlTemplate":"https:\/\/jackpotlotteryonline.com\/?s={search_term_string}"},"query-input":"required name=search_term_string"}],"inLanguage":"es"}]}},"_links":{"self":[{"href":"https:\/\/jackpotlotteryonline.com\/es\/wp-json\/wp\/v2\/pages\/36322","targetHints":{"allow":["GET"]}}],"collection":[{"href":"https:\/\/jackpotlotteryonline.com\/es\/wp-json\/wp\/v2\/pages"}],"about":[{"href":"https:\/\/jackpotlotteryonline.com\/es\/wp-json\/wp\/v2\/types\/page"}],"author":[{"embeddable":true,"href":"https:\/\/jackpotlotteryonline.com\/es\/wp-json\/wp\/v2\/users\/1"}],"replies":[{"embeddable":true,"href":"https:\/\/jackpotlotteryonline.com\/es\/wp-json\/wp\/v2\/comments?post=36322"}],"version-history":[{"count":0,"href":"https:\/\/jackpotlotteryonline.com\/es\/wp-json\/wp\/v2\/pages\/36322\/revisions"}],"up":[{"embeddable":true,"href":"https:\/\/jackpotlotteryonline.com\/es\/wp-json\/wp\/v2\/pages\/35723"}],"wp:attachment":[{"href":"https:\/\/jackpotlotteryonline.com\/es\/wp-json\/wp\/v2\/media?parent=36322"}],"curies":[{"name":"wp","href":"https:\/\/api.w.org\/{rel}","templated":true}]}}