{"id":36433,"date":"2022-11-07T07:38:57","date_gmt":"2022-11-07T07:38:57","guid":{"rendered":"https:\/\/jackpotlotteryonline.com\/?page_id=36433"},"modified":"2022-12-19T16:48:08","modified_gmt":"2022-12-19T16:48:08","slug":"powerball","status":"publish","type":"page","link":"https:\/\/jackpotlotteryonline.com\/es\/comprar-boletos\/powerball\/","title":{"rendered":"La loter\u00eda Powerball de Estados Unidos"},"content":{"rendered":"<h2>C\u00f3mo conseguir boletos de Powerball desde fuera de Estados Unidos<\/h2>\n<p>Hay una loter\u00eda en casi todos los pa\u00edses del mundo, pero no todas las loter\u00edas son como Powerball y Mega Millions, las grandes loter\u00edas de Estados Unidos. Los botes de la loter\u00eda en Estados Unidos han alcanzado importes de hasta 1.500 millones de d\u00f3lares (en 2016). Los botes de loter\u00eda en otros pa\u00edses nunca han alcanzado tal cantidad, por lo que cada vez que los aficionados a la loter\u00eda leen sobre otro bote de loter\u00eda que bate r\u00e9cords en EEUU, se hacen una pregunta: <strong>\u00bfPuedo <a href=\"https:\/\/jackpotlotteryonline.com\/es\/como-se-juega\/powerball\">jugar al Powerball desde fuera de EE.UU.<\/a>, tal vez online?<\/strong><\/p>\n<p><strong>Pues bien, la respuesta es sencilla:<\/strong> incluso si vive fuera de los Estados Unidos, puede jugar al Powerball. Somos un servicio de confianza que le permite comprar boletos para esas enormes loter\u00edas o para un n\u00famero de otras loter\u00edas internacionales. Es tan simple como puede ser &#8211; usted escoge sus n\u00fameros en l\u00ednea, y nosotros enviamos a nuestros agentes dentro de los Estados Unidos a comprar boletos para usted. Esos billetes de loter\u00eda le pertenecen a usted, por lo que tiene una reclamaci\u00f3n leg\u00edtima contra la propia comisi\u00f3n de la loter\u00eda. Si gana, tambi\u00e9n le ayudaremos a conseguir su dinero.<\/p>\n<p>Lo importante es que usted reciba un billete de loter\u00eda original y no participe en una estafa.<\/p>\n<h2>El proceso de compra de su billete de loter\u00eda en l\u00ednea<\/h2>\n<p><img loading=\"lazy\" decoding=\"async\" class=\"alignright size-full wp-image-34943\" src=\"http:\/\/jackpotlotteryonline.com\/wp-content\/uploads\/2022\/11\/2_ticket_powerball3-1.jpg\" alt=\"billete de powerball\" width=\"180\" height=\"194\" \/><\/p>\n<p><strong>En primer lugar, usted mira la parte superior de nuestro sitio web<\/strong>, donde hace clic en uno de los banners y elige la loter\u00eda en la que desea participar. Nuestro sitio web est\u00e1 disponible en m\u00e1s de 20 idiomas diferentes. La mayor\u00eda de los clientes compran boletos para las loter\u00edas estadounidenses Powerball y\/o Mega Millions, pero muy a menudo otras loter\u00edas internacionales tienen tambi\u00e9n enormes botes. Puede clasificarlas por el tama\u00f1o del bote y simplemente jugar a la loter\u00eda que tenga actualmente la cantidad m\u00e1s alta. Si quiere jugar a varias loter\u00edas, tambi\u00e9n es f\u00e1cil: por ejemplo, puede comprar un boleto para la Powerball y otro para el Gordo espa\u00f1ol.<\/p>\n<p>A continuaci\u00f3n, elija sus n\u00fameros &#8211; esto es f\u00e1cil ya que nuestro sitio web le mostrar\u00e1 cu\u00e1ntos n\u00fameros tiene que elegir. Hay una funci\u00f3n de elecci\u00f3n r\u00e1pida que genera n\u00fameros al azar si lo prefiere. A continuaci\u00f3n, elija cu\u00e1ntos boletos desea comprar y durante <a href=\"https:\/\/jackpotlotteryonline.com\/es\/numeros-ganadores\/powerball\">cu\u00e1ntos sorteos (semanas)<\/a> desea que su boleto sea v\u00e1lido. Dependiendo de cu\u00e1ntas semanas participe su boleto, obtendr\u00e1 un descuento en el precio que pague por el boleto.<\/p>\n<p>Una vez que haya elegido todas sus opciones, podr\u00e1 ver el precio total y el siguiente paso es registrar una cuenta de cliente. Pagar tus boletos de loter\u00eda tambi\u00e9n es f\u00e1cil &#8211; la mayor\u00eda de los clientes eligen la opci\u00f3n de pago con tarjeta de cr\u00e9dito, pero hay otras opciones como (dependiendo del pa\u00eds de donde seas) transferencia bancaria instant\u00e1nea, o criptodivisas.<\/p>\n<p>Para sus pagos se utilizar\u00e1n los protocolos m\u00e1s modernos y seguros para que no tenga que temer ning\u00fan fraude con su tarjeta de cr\u00e9dito. Si quieres puedes elegir la opci\u00f3n de obtener un boleto para m\u00faltiples sorteos, tus n\u00fameros participar\u00e1n en Powerball o en la loter\u00eda que elijas, durante 2, 4, 6, o incluso 8 sorteos seguidos.\u00a0 Sin embargo, esta es una opci\u00f3n: si no marca esa casilla, \u00a1s\u00f3lo se le cobrar\u00e1 por un sorteo!<\/p>\n<p>La mayor\u00eda de la gente de fuera de los Estados Unidos s\u00f3lo juega a su loter\u00eda local, sin conocer esta opci\u00f3n de jugar a la loter\u00eda internacional online. Pero ahora que ya lo sabe, \u00bfqu\u00e9 le impide jugar por botes que a menudo son 100 veces superiores a los que puede ganar en su pa\u00eds de residencia? \u00a1Tal vez sea usted el pr\u00f3ximo ganador del bote de la Powerball!<\/p>\n<section class=\"layout\" style=\"border: solid 1px; width: 100%;\">\n<div class=\"img-div\" style=\"margin-top: 5px;\"><img decoding=\"async\" class=\"wp-image-17212 alignleft\" style=\"height: 45px; margin: 8px 8px 0px;\" src=\"http:\/\/jackpotlotteryonline.com\/wp-content\/uploads\/2022\/11\/read1.jpg\" alt=\"jugar al powerball desde fuera de EE.UU.\" width=\"\" height=\"\" \/><\/div>\n<div style=\"padding-left: 5px;\">\n<div style=\"font-size: 1.1em;\">\n<p><strong>\u00bfEs legal jugar a loter\u00edas de otros pa\u00edses en l\u00ednea?<\/strong><\/p>\n<p style=\"font-size: 0.85em; margin-top: -1.5em;\">\u00bfEs legal comprar un billete de loter\u00eda por Internet y me pagar\u00e1n?\u00a0\u00a0<a href=\"https:\/\/jackpotlotteryonline.com\/es\/es-legal-jugar-en-linea-a-loterias-de-otros-paises\"> Seguir leyendo<\/a><\/p>\n<\/div>\n<\/div>\n<\/section>\n<h2>Visi\u00f3n general de Lotto USA Online<\/h2>\n<p>En los Estados Unidos, hay 43 estados, m\u00e1s el Distrito de Columbia, las Islas V\u00edrgenes de los Estados Unidos y Puerto Rico que administran loter\u00edas. Hay loter\u00edas estatales en cada una de estas \u00e1reas que caen bajo <strong>la categor\u00eda de Lotto USA<\/strong>. Algunas de las principales loter\u00edas de Lotto USA que se ejecutan son la Mega Millions y la Powerball. Estas son loter\u00edas masivas que est\u00e1n disponibles para los residentes de todos los Estados Unidos y ahora, los jugadores del extranjero pueden participar en l\u00ednea a trav\u00e9s de este nuestro servicio.<\/p>\n<h2>Powerball Lotto USA<\/h2>\n<p><img loading=\"lazy\" decoding=\"async\" class=\"alignright size-full wp-image-31721\" src=\"http:\/\/jackpotlotteryonline.com\/wp-content\/uploads\/2022\/11\/powerball_globe_logo.png\" alt=\"comprar powerball online\" width=\"200\" height=\"212\" \/><\/p>\n<p>El juego m\u00e1s popular de Lotto USA es el Powerball. El Powerball se sortea en los Estudios Universal de Florida, Estados Unidos, pero tiene un requisito de no residencia, lo que significa que los residentes de los estados no pertenecientes al Powerball e incluso los jugadores de fuera de los Estados Unidos son elegibles para participar en este juego de Lotto USA.<\/p>\n<p>Para poder jugar al Powerball, los jugadores deben tener al menos 18 a\u00f1os de edad. Los jugadores deben seleccionar seis n\u00fameros: cinco n\u00fameros entre el 1 y el 59 y un n\u00famero PowerBall entre el 1 y el 39. Los jugadores pueden hacer uso de la funci\u00f3n Quick Pick, que seleccionar\u00e1 al azar 6 n\u00fameros por usted.<\/p>\n<p>Los botes de la Powerball suelen ser de decenas de millones de d\u00f3lares, aunque en el pasado han superado los 200 millones.<\/p>\n<h2>Mega Millions Lotto USA<\/h2>\n<p>Mega Millions es otra <strong>loter\u00eda de EE<\/strong>.UU. que se lleva a cabo en los Estados Unidos y, de hecho, se sortea en Atlanta, Georgia. A pesar de esto, Mega Millions no tiene ning\u00fan requisito de residencia, lo que significa que los residentes de los estados no pertenecientes a Mega Million e incluso los no residentes en Estados Unidos pueden participar y ganar la Mega Millions Lotto USA.<\/p>\n<p>Para jugar a la Mega Million Lotto USA, debe ser mayor de 18 a\u00f1os. Debe elegir 6 n\u00fameros &#8211; cinco n\u00fameros entre 1 y 56 y un n\u00famero de Mega Ball entre 1 y 46. Puede hacer uso de la opci\u00f3n Quick Pick que seleccionar\u00e1 los n\u00fameros al azar por usted.<\/p>\n<p>El juego Mega Million Lotto USA ofrece premios en efectivo, as\u00ed como un premio mayor. Se sabe que el bote que cambia la vida llega a cientos de millones de d\u00f3lares, lo que lo hace muy popular.<\/p>\n<h2>NASPL &#8211; Asociaci\u00f3n de Loter\u00eda de EE.UU.<\/h2>\n<p>La Asociaci\u00f3n Norteamericana de Loter\u00edas Estatales y Provinciales (NASPL) representa a todas las loter\u00edas estatales y provinciales de Estados Unidos y a las loter\u00edas canadienses. Lotto USA se gestiona de forma m\u00e1s eficaz a trav\u00e9s de la NASPL. Act\u00faa como interfaz para Lotto USA, proporciona informaci\u00f3n, lleva a cabo investigaci\u00f3n y desarrollo, garantiza la seguridad y forma al personal de Lotto USA. Todas las principales loter\u00edas de Estados Unidos son miembros de la NASPL.<\/p>\n","protected":false},"excerpt":{"rendered":"<p>C\u00f3mo conseguir boletos de Powerball desde fuera de Estados Unidos Hay una loter\u00eda en casi todos los pa\u00edses del mundo, pero no todas las loter\u00edas son como Powerball y Mega Millions, las grandes loter\u00edas de Estados Unidos. Los botes de la loter\u00eda en Estados Unidos han alcanzado importes de hasta 1.500 millones de d\u00f3lares (en [&hellip;]<\/p>\n","protected":false},"author":1,"featured_media":0,"parent":35782,"menu_order":1,"comment_status":"closed","ping_status":"closed","template":"powerball-usa-info.php","meta":{"_et_pb_use_builder":"","_et_pb_old_content":"","_et_gb_content_width":"","exclude_from_search":false,"footnotes":""},"class_list":["post-36433","page","type-page","status-publish","hentry"],"yoast_head":"<!-- This site is optimized with the Yoast SEO plugin v23.3 - https:\/\/yoast.com\/wordpress\/plugins\/seo\/ -->\n<title>Comprar billetes de Powerball online desde cualquier otro pa\u00eds fuera de EEUU<\/title>\n<meta name=\"description\" content=\"Descubra c\u00f3mo los residentes de otros pa\u00edses pueden jugar a los enormes botes de la loter\u00eda Powerball online: puede estar fuera de los Estados Unidos y seguir jugando\" \/>\n<meta name=\"robots\" content=\"index, follow, max-snippet:-1, max-image-preview:large, max-video-preview:-1\" \/>\n<link rel=\"canonical\" href=\"https:\/\/jackpotlotteryonline.com\/buy-tickets\/powerball\/\" \/>\n<meta property=\"og:locale\" content=\"es_ES\" \/>\n<meta property=\"og:type\" content=\"article\" \/>\n<meta property=\"og:title\" content=\"Comprar billetes de Powerball online desde cualquier otro pa\u00eds fuera de EEUU\" \/>\n<meta property=\"og:description\" content=\"Descubra c\u00f3mo los residentes de otros pa\u00edses pueden jugar a los enormes botes de la loter\u00eda Powerball online: puede estar fuera de los Estados Unidos y seguir jugando\" \/>\n<meta property=\"og:url\" content=\"https:\/\/jackpotlotteryonline.com\/buy-tickets\/powerball\/\" \/>\n<meta property=\"og:site_name\" content=\"Lotto Online - Crack The International Lottery Jackpots\" \/>\n<meta property=\"article:modified_time\" content=\"2022-12-19T16:48:08+00:00\" \/>\n<meta property=\"og:image\" content=\"http:\/\/jackpotlotteryonline.com\/wp-content\/uploads\/2022\/11\/2_ticket_powerball3-1.jpg\" \/>\n<meta name=\"twitter:card\" content=\"summary_large_image\" \/>\n<meta name=\"twitter:label1\" content=\"Tiempo de lectura\" \/>\n\t<meta name=\"twitter:data1\" content=\"6 minutos\" \/>\n<!-- \/ Yoast SEO plugin. -->","yoast_head_json":{"title":"Comprar billetes de Powerball online desde cualquier otro pa\u00eds fuera de EEUU","description":"Descubra c\u00f3mo los residentes de otros pa\u00edses pueden jugar a los enormes botes de la loter\u00eda Powerball online: puede estar fuera de los Estados Unidos y seguir jugando","robots":{"index":"index","follow":"follow","max-snippet":"max-snippet:-1","max-image-preview":"max-image-preview:large","max-video-preview":"max-video-preview:-1"},"canonical":"https:\/\/jackpotlotteryonline.com\/buy-tickets\/powerball\/","og_locale":"es_ES","og_type":"article","og_title":"Comprar billetes de Powerball online desde cualquier otro pa\u00eds fuera de EEUU","og_description":"Descubra c\u00f3mo los residentes de otros pa\u00edses pueden jugar a los enormes botes de la loter\u00eda Powerball online: puede estar fuera de los Estados Unidos y seguir jugando","og_url":"https:\/\/jackpotlotteryonline.com\/buy-tickets\/powerball\/","og_site_name":"Lotto Online - Crack The International Lottery Jackpots","article_modified_time":"2022-12-19T16:48:08+00:00","og_image":[{"url":"http:\/\/jackpotlotteryonline.com\/wp-content\/uploads\/2022\/11\/2_ticket_powerball3-1.jpg"}],"twitter_card":"summary_large_image","twitter_misc":{"Tiempo de lectura":"6 minutos"},"schema":{"@context":"https:\/\/schema.org","@graph":[{"@type":"WebPage","@id":"https:\/\/jackpotlotteryonline.com\/buy-tickets\/powerball\/","url":"https:\/\/jackpotlotteryonline.com\/buy-tickets\/powerball\/","name":"Comprar billetes de Powerball online desde cualquier otro pa\u00eds fuera de EEUU","isPartOf":{"@id":"https:\/\/jackpotlotteryonline.com\/#website"},"primaryImageOfPage":{"@id":"https:\/\/jackpotlotteryonline.com\/buy-tickets\/powerball\/#primaryimage"},"image":{"@id":"https:\/\/jackpotlotteryonline.com\/buy-tickets\/powerball\/#primaryimage"},"thumbnailUrl":"http:\/\/jackpotlotteryonline.com\/wp-content\/uploads\/2022\/11\/2_ticket_powerball3-1.jpg","datePublished":"2022-11-07T07:38:57+00:00","dateModified":"2022-12-19T16:48:08+00:00","description":"Descubra c\u00f3mo los residentes de otros pa\u00edses pueden jugar a los enormes botes de la loter\u00eda Powerball online: puede estar fuera de los Estados Unidos y seguir jugando","breadcrumb":{"@id":"https:\/\/jackpotlotteryonline.com\/buy-tickets\/powerball\/#breadcrumb"},"inLanguage":"es","potentialAction":[{"@type":"ReadAction","target":["https:\/\/jackpotlotteryonline.com\/buy-tickets\/powerball\/"]}]},{"@type":"ImageObject","inLanguage":"es","@id":"https:\/\/jackpotlotteryonline.com\/buy-tickets\/powerball\/#primaryimage","url":"http:\/\/jackpotlotteryonline.com\/wp-content\/uploads\/2022\/11\/2_ticket_powerball3-1.jpg","contentUrl":"http:\/\/jackpotlotteryonline.com\/wp-content\/uploads\/2022\/11\/2_ticket_powerball3-1.jpg"},{"@type":"BreadcrumbList","@id":"https:\/\/jackpotlotteryonline.com\/buy-tickets\/powerball\/#breadcrumb","itemListElement":[{"@type":"ListItem","position":1,"name":"Home","item":"https:\/\/jackpotlotteryonline.com\/es\/"},{"@type":"ListItem","position":2,"name":"C\u00f3mo comprar boletos de loter\u00eda en l\u00ednea","item":"https:\/\/jackpotlotteryonline.com\/buy-tickets\/"},{"@type":"ListItem","position":3,"name":"La loter\u00eda Powerball de Estados Unidos"}]},{"@type":"WebSite","@id":"https:\/\/jackpotlotteryonline.com\/#website","url":"https:\/\/jackpotlotteryonline.com\/","name":"Lotto Online - Crack The International Lottery Jackpots","description":"","potentialAction":[{"@type":"SearchAction","target":{"@type":"EntryPoint","urlTemplate":"https:\/\/jackpotlotteryonline.com\/?s={search_term_string}"},"query-input":"required name=search_term_string"}],"inLanguage":"es"}]}},"_links":{"self":[{"href":"https:\/\/jackpotlotteryonline.com\/es\/wp-json\/wp\/v2\/pages\/36433","targetHints":{"allow":["GET"]}}],"collection":[{"href":"https:\/\/jackpotlotteryonline.com\/es\/wp-json\/wp\/v2\/pages"}],"about":[{"href":"https:\/\/jackpotlotteryonline.com\/es\/wp-json\/wp\/v2\/types\/page"}],"author":[{"embeddable":true,"href":"https:\/\/jackpotlotteryonline.com\/es\/wp-json\/wp\/v2\/users\/1"}],"replies":[{"embeddable":true,"href":"https:\/\/jackpotlotteryonline.com\/es\/wp-json\/wp\/v2\/comments?post=36433"}],"version-history":[{"count":0,"href":"https:\/\/jackpotlotteryonline.com\/es\/wp-json\/wp\/v2\/pages\/36433\/revisions"}],"up":[{"embeddable":true,"href":"https:\/\/jackpotlotteryonline.com\/es\/wp-json\/wp\/v2\/pages\/35782"}],"wp:attachment":[{"href":"https:\/\/jackpotlotteryonline.com\/es\/wp-json\/wp\/v2\/media?parent=36433"}],"curies":[{"name":"wp","href":"https:\/\/api.w.org\/{rel}","templated":true}]}}