{"id":36486,"date":"2022-11-07T08:56:01","date_gmt":"2022-11-07T08:56:01","guid":{"rendered":"https:\/\/jackpotlotteryonline.com\/?page_id=36486"},"modified":"2022-12-19T19:58:10","modified_gmt":"2022-12-19T19:58:10","slug":"euromillions","status":"publish","type":"page","link":"https:\/\/jackpotlotteryonline.com\/es\/comprar-boletos\/euromillions\/","title":{"rendered":"Puedo conseguir un boleto de Euromillones desde fuera de Europa?"},"content":{"rendered":"<h2>La mayor loter\u00eda de Europa es Euromillones<\/h2>\n<p><img loading=\"lazy\" decoding=\"async\" class=\"alignright wp-image-17411 size-full\" src=\"https:\/\/jackpotlotteryonline.com\/wp-content\/uploads\/2022\/10\/euromillions.png\" alt=\"comprar euromillones online\" width=\"200\" height=\"212\" \/><\/p>\n<p><a href=\"https:\/\/jackpotlotteryonline.com\/es\/como-se-juega\/euromillions\">Euromillones<\/a> es una loter\u00eda que se ofrece en varios pa\u00edses europeos. Se dise\u00f1\u00f3 para ofrecer botes considerablemente mayores que los de las loter\u00edas nacionales de cada pa\u00eds. Esto se consigui\u00f3 estableciendo una estructura de loter\u00eda con una probabilidad m\u00e1s baja, lo que significa m\u00e1s combinaciones de n\u00fameros posibles. El hecho de que este tipo de botes suelen tardar m\u00e1s tiempo en ser descifrados, combinado con un bote inicial m\u00e1s grande de 10 millones de euros, ha hecho que los botes superen los 100 millones de euros de forma regular.<\/p>\n<h2>\u00bfPor qu\u00e9 necesita un servicio de boletos en l\u00ednea para jugar?<\/h2>\n<p>Bueno, si vive en uno de los pa\u00edses europeos participantes, no necesitar\u00e1 un servicio como el nuestro. Pero si no lo hace, o si incluso est\u00e1 fuera de Europa, entonces la \u00fanica manera de conseguir un boleto para Euromillones es en l\u00ednea. Todo lo que tiene que hacer es hacer <strong>clic en el banner de Euromillones en la parte superior<\/strong> y pedir sus boletos, entonces su participaci\u00f3n est\u00e1 asegurada. Por cierto, nosotros compramos los boletos reales de Euromillones a trav\u00e9s de un proveedor oficial de boletos ubicado en Europa.<\/p>\n<section class=\"layout\" style=\"border: solid 1px; width: 100%;\">\n<div class=\"img-div\" style=\"margin-top: 5px;\"><img decoding=\"async\" class=\"wp-image-17212 alignleft\" style=\"height: 45px; margin: 8px 8px 0px;\" src=\"https:\/\/jackpotlotteryonline.com\/wp-content\/uploads\/2022\/11\/read1.jpg\" alt=\"jugar a Euromillones\" width=\"\" height=\"\" \/><\/div>\n<div style=\"padding-left: 5px;\">\n<div style=\"font-size: 1.1em;\">\n<p><strong>Las loter\u00edas con m\u00e1s probabilidades de ganar a lo grande<\/strong><\/p>\n<p style=\"font-size: 0.85em; margin-top: -1.5em;\">\u00bfQu\u00e9 loter\u00eda tiene las mejores probabilidades de ganar? \u00a0<a href=\"https:\/\/jackpotlotteryonline.com\/es\/que-loteria-tiene-mas-posibilidades-de-ganar\">Seguir leyendo<\/a><\/p>\n<\/div>\n<\/div>\n<\/section>\n<h2>Sobre Euromillones<\/h2>\n<p><a href=\"https:\/\/jackpotlotteryonline.com\/es\/numeros-ganadores\/euromillions\">Esta loter\u00eda tiene dos sorteos semanales<\/a> los martes y los viernes. Est\u00e1 estructurada de la misma manera que Eurojackpot, excepto que no hay un tope en el bote y que hay que elegir dos n\u00fameros extra entre el 1 y el 12. Tambi\u00e9n tiene 13 niveles de premios.<\/p>\n<h2>Servicio de compra de boletos de loter\u00edas internacionales<\/h2>\n<p><img loading=\"lazy\" decoding=\"async\" class=\"alignright size-full wp-image-33431\" src=\"https:\/\/jackpotlotteryonline.com\/wp-content\/uploads\/2022\/11\/2_ticket_euromillions-112x300-1.jpg\" alt=\"billete de euromillones\" width=\"112\" height=\"300\" \/><\/p>\n<p>Adem\u00e1s de proporcionarle boletos online para Euromillones y Eurojackpot, tenemos un total de m\u00e1s de 20 loter\u00edas para elegir. Si bien es posible que quiera optar siempre por la que tiene los mayores botes, tambi\u00e9n vale la pena contemplar algunas de las loter\u00edas &#8220;m\u00e1s peque\u00f1as&#8221;. Pueden ofrecer probabilidades m\u00e1s ventajosas de ganar o precios de boletos m\u00e1s bajos.<\/p>\n<p>Tampoco tiene que preocuparse por la seguridad de los pagos y los datos. Utilizamos protocolos extremadamente seguros para el procesamiento de los pagos. Aceptamos el pago con tarjetas de cr\u00e9dito, criptodivisas, transferencias bancarias y una serie de otras opciones.<\/p>\n<p>&nbsp;<\/p>\n","protected":false},"excerpt":{"rendered":"<p>La mayor loter\u00eda de Europa es Euromillones Euromillones es una loter\u00eda que se ofrece en varios pa\u00edses europeos. Se dise\u00f1\u00f3 para ofrecer botes considerablemente mayores que los de las loter\u00edas nacionales de cada pa\u00eds. Esto se consigui\u00f3 estableciendo una estructura de loter\u00eda con una probabilidad m\u00e1s baja, lo que significa m\u00e1s combinaciones de n\u00fameros posibles. [&hellip;]<\/p>\n","protected":false},"author":1,"featured_media":0,"parent":35782,"menu_order":3,"comment_status":"closed","ping_status":"closed","template":"euromillions-info.php","meta":{"_et_pb_use_builder":"","_et_pb_old_content":"","_et_gb_content_width":"","exclude_from_search":false,"footnotes":""},"class_list":["post-36486","page","type-page","status-publish","hentry"],"yoast_head":"<!-- This site is optimized with the Yoast SEO plugin v23.3 - https:\/\/yoast.com\/wordpress\/plugins\/seo\/ -->\n<title>Consigue un boleto de Euromillones desde fuera de Europa<\/title>\n<meta name=\"description\" content=\"C\u00f3mo participar en Euromillones online desde fuera de Europa - simplemente compre su boleto online en nuestra web\" \/>\n<meta name=\"robots\" content=\"index, follow, max-snippet:-1, max-image-preview:large, max-video-preview:-1\" \/>\n<link rel=\"canonical\" href=\"https:\/\/jackpotlotteryonline.com\/buy-tickets\/euromillions\/\" \/>\n<meta property=\"og:locale\" content=\"es_ES\" \/>\n<meta property=\"og:type\" content=\"article\" \/>\n<meta property=\"og:title\" content=\"Consigue un boleto de Euromillones desde fuera de Europa\" \/>\n<meta property=\"og:description\" content=\"C\u00f3mo participar en Euromillones online desde fuera de Europa - simplemente compre su boleto online en nuestra web\" \/>\n<meta property=\"og:url\" content=\"https:\/\/jackpotlotteryonline.com\/buy-tickets\/euromillions\/\" \/>\n<meta property=\"og:site_name\" content=\"Lotto Online - Crack The International Lottery Jackpots\" \/>\n<meta property=\"article:modified_time\" content=\"2022-12-19T19:58:10+00:00\" \/>\n<meta property=\"og:image\" content=\"https:\/\/jackpotlotteryonline.com\/wp-content\/uploads\/2022\/10\/euromillions.png\" \/>\n<meta name=\"twitter:card\" content=\"summary_large_image\" \/>\n<meta name=\"twitter:label1\" content=\"Tiempo de lectura\" \/>\n\t<meta name=\"twitter:data1\" content=\"2 minutos\" \/>\n<!-- \/ Yoast SEO plugin. -->","yoast_head_json":{"title":"Consigue un boleto de Euromillones desde fuera de Europa","description":"C\u00f3mo participar en Euromillones online desde fuera de Europa - simplemente compre su boleto online en nuestra web","robots":{"index":"index","follow":"follow","max-snippet":"max-snippet:-1","max-image-preview":"max-image-preview:large","max-video-preview":"max-video-preview:-1"},"canonical":"https:\/\/jackpotlotteryonline.com\/buy-tickets\/euromillions\/","og_locale":"es_ES","og_type":"article","og_title":"Consigue un boleto de Euromillones desde fuera de Europa","og_description":"C\u00f3mo participar en Euromillones online desde fuera de Europa - simplemente compre su boleto online en nuestra web","og_url":"https:\/\/jackpotlotteryonline.com\/buy-tickets\/euromillions\/","og_site_name":"Lotto Online - Crack The International Lottery Jackpots","article_modified_time":"2022-12-19T19:58:10+00:00","og_image":[{"url":"https:\/\/jackpotlotteryonline.com\/wp-content\/uploads\/2022\/10\/euromillions.png"}],"twitter_card":"summary_large_image","twitter_misc":{"Tiempo de lectura":"2 minutos"},"schema":{"@context":"https:\/\/schema.org","@graph":[{"@type":"WebPage","@id":"https:\/\/jackpotlotteryonline.com\/buy-tickets\/euromillions\/","url":"https:\/\/jackpotlotteryonline.com\/buy-tickets\/euromillions\/","name":"Consigue un boleto de Euromillones desde fuera de Europa","isPartOf":{"@id":"https:\/\/jackpotlotteryonline.com\/#website"},"primaryImageOfPage":{"@id":"https:\/\/jackpotlotteryonline.com\/buy-tickets\/euromillions\/#primaryimage"},"image":{"@id":"https:\/\/jackpotlotteryonline.com\/buy-tickets\/euromillions\/#primaryimage"},"thumbnailUrl":"https:\/\/jackpotlotteryonline.com\/wp-content\/uploads\/2022\/10\/euromillions.png","datePublished":"2022-11-07T08:56:01+00:00","dateModified":"2022-12-19T19:58:10+00:00","description":"C\u00f3mo participar en Euromillones online desde fuera de Europa - simplemente compre su boleto online en nuestra web","breadcrumb":{"@id":"https:\/\/jackpotlotteryonline.com\/buy-tickets\/euromillions\/#breadcrumb"},"inLanguage":"es","potentialAction":[{"@type":"ReadAction","target":["https:\/\/jackpotlotteryonline.com\/buy-tickets\/euromillions\/"]}]},{"@type":"ImageObject","inLanguage":"es","@id":"https:\/\/jackpotlotteryonline.com\/buy-tickets\/euromillions\/#primaryimage","url":"https:\/\/jackpotlotteryonline.com\/wp-content\/uploads\/2022\/10\/euromillions.png","contentUrl":"https:\/\/jackpotlotteryonline.com\/wp-content\/uploads\/2022\/10\/euromillions.png"},{"@type":"BreadcrumbList","@id":"https:\/\/jackpotlotteryonline.com\/buy-tickets\/euromillions\/#breadcrumb","itemListElement":[{"@type":"ListItem","position":1,"name":"Home","item":"https:\/\/jackpotlotteryonline.com\/es\/"},{"@type":"ListItem","position":2,"name":"C\u00f3mo comprar boletos de loter\u00eda en l\u00ednea","item":"https:\/\/jackpotlotteryonline.com\/buy-tickets\/"},{"@type":"ListItem","position":3,"name":"Puedo conseguir un boleto de Euromillones desde fuera de Europa?"}]},{"@type":"WebSite","@id":"https:\/\/jackpotlotteryonline.com\/#website","url":"https:\/\/jackpotlotteryonline.com\/","name":"Lotto Online - Crack The International Lottery Jackpots","description":"","potentialAction":[{"@type":"SearchAction","target":{"@type":"EntryPoint","urlTemplate":"https:\/\/jackpotlotteryonline.com\/?s={search_term_string}"},"query-input":"required name=search_term_string"}],"inLanguage":"es"}]}},"_links":{"self":[{"href":"https:\/\/jackpotlotteryonline.com\/es\/wp-json\/wp\/v2\/pages\/36486","targetHints":{"allow":["GET"]}}],"collection":[{"href":"https:\/\/jackpotlotteryonline.com\/es\/wp-json\/wp\/v2\/pages"}],"about":[{"href":"https:\/\/jackpotlotteryonline.com\/es\/wp-json\/wp\/v2\/types\/page"}],"author":[{"embeddable":true,"href":"https:\/\/jackpotlotteryonline.com\/es\/wp-json\/wp\/v2\/users\/1"}],"replies":[{"embeddable":true,"href":"https:\/\/jackpotlotteryonline.com\/es\/wp-json\/wp\/v2\/comments?post=36486"}],"version-history":[{"count":0,"href":"https:\/\/jackpotlotteryonline.com\/es\/wp-json\/wp\/v2\/pages\/36486\/revisions"}],"up":[{"embeddable":true,"href":"https:\/\/jackpotlotteryonline.com\/es\/wp-json\/wp\/v2\/pages\/35782"}],"wp:attachment":[{"href":"https:\/\/jackpotlotteryonline.com\/es\/wp-json\/wp\/v2\/media?parent=36486"}],"curies":[{"name":"wp","href":"https:\/\/api.w.org\/{rel}","templated":true}]}}