{"id":36541,"date":"2022-11-07T10:56:06","date_gmt":"2022-11-07T10:56:06","guid":{"rendered":"https:\/\/jackpotlotteryonline.com\/?page_id=36541"},"modified":"2023-01-03T20:15:25","modified_gmt":"2023-01-03T20:15:25","slug":"eurojackpot","status":"publish","type":"page","link":"https:\/\/jackpotlotteryonline.com\/es\/comprar-boletos\/eurojackpot\/","title":{"rendered":"Comprar boletos para el Eurojackpot desde fuera de los pa\u00edses participantes"},"content":{"rendered":"<h2>Acerca de EuroJackpot<\/h2>\n<p><a href=\"https:\/\/jackpotlotteryonline.com\/es\/como-se-juega\/eurojackpot\">Eurojackpot<\/a> tiene una caracter\u00edstica emocionante que debes conocer: Cuando el bote alcanza los 90 millones, hay un l\u00edmite en el bote que puedes ganar. Esto significa que todos los fondos procedentes de la venta de boletos que superen los 90 millones de euros se a\u00f1adir\u00e1n al precio del segundo nivel. Este precio de segundo nivel ser\u00e1 entonces significativamente m\u00e1s alto. Teniendo en cuenta que tiene 10 veces m\u00e1s posibilidades de ganar este premio, en comparaci\u00f3n con el bote, siempre es una buena estrategia centrarse en esta loter\u00eda cuando haya alcanzado el umbral de 90 millones de euros.<\/p>\n<p><a href=\"https:\/\/jackpotlotteryonline.com\/es\/numeros-ganadores\/eurojackpot\">S\u00f3lo hay un d\u00eda de sorteo semanal para Eurojackpot<\/a>, que es el viernes. Elija 5 de los 50 n\u00fameros, m\u00e1s dos n\u00fameros adicionales entre el 1 y el 10, y estar\u00e1 en camino de ganar un premio de un total de 12 niveles.<\/p>\n<h2>C\u00f3mo comprar billetes de Eurojackpot<\/h2>\n<p><img loading=\"lazy\" decoding=\"async\" class=\"wp-image-26077 size-medium alignright\" src=\"http:\/\/jackpotlotteryonline.com\/wp-content\/uploads\/2022\/11\/1_buy_eurojackpot_ticket-300x99.jpg\" alt=\"comprar billetes de eurojackpot online\" width=\"300\" height=\"99\" srcset=\"https:\/\/jackpotlotteryonline.com\/wp-content\/uploads\/2022\/11\/1_buy_eurojackpot_ticket-300x99.jpg 300w, https:\/\/jackpotlotteryonline.com\/wp-content\/uploads\/2022\/11\/1_buy_eurojackpot_ticket.jpg 350w\" sizes=\"auto, (max-width: 300px) 100vw, 300px\" \/><\/p>\n<p>Eurojackpot es una loter\u00eda europea y las participaciones se venden principalmente en los pa\u00edses de Eurojackpot. Hay 18 pa\u00edses que participan en la loter\u00eda Eurojackpot y cualquier persona que viva en esos pa\u00edses puede participar en la loter\u00eda. Los pa\u00edses de Eurojackpot son Alemania, Croacia, Dinamarca, Eslovenia, Espa\u00f1a, Estonia, Finlandia, Islandia, Italia, Letonia, Lituania, Noruega, Pa\u00edses Bajos y Suecia.<\/p>\n<p>Aunque Eurojackpot cuenta con 18 pa\u00edses que son miembros los boletos de loter\u00eda se venden en algunos pa\u00edses no participantes dentro del continente. Los jugadores de cualquiera de estos pa\u00edses pueden entrar en cualquier vendedor de loter\u00eda y comprar boletos de loter\u00eda. Este no es el caso de aquellos jugadores de fuera de Europa que quieran entrar en Eurojackpot.<\/p>\n<h2>Qu\u00e9 hacer si vive fuera de Europa<\/h2>\n<p>Si vives fuera del continente y quieres participar en Eurojackpot, la mejor opci\u00f3n es hacerlo online. Puedes hacerlo a trav\u00e9s de la web o de un dispositivo m\u00f3vil. Lo que tienes que hacer es buscar un sitio de loter\u00eda, comprar tu boleto y entrar en el sorteo. A continuaci\u00f3n, espere a ver si ha ganado. Es un proceso sencillo, pero hay que tener en cuenta algunas cosas.<\/p>\n<p>Los boletos de Eurojackpot se venden en varios sitios de Internet, pero es importante buscar un vendedor en l\u00ednea leg\u00edtimo. Internet le da acceso a incre\u00edbles loter\u00edas internacionales, no s\u00f3lo a Eurojackpot. Sin embargo, tiene que estar seguro de que ha entrado en el Eurojackpot en lugar de apostar contra el resultado de la loter\u00eda. S\u00ed, hay una diferencia.<\/p>\n<section class=\"layout\" style=\"border: solid 1px; width: 100%;\">\n<div class=\"img-div\" style=\"margin-top: 5px;\"><img decoding=\"async\" class=\"wp-image-17212 alignleft\" style=\"height: 45px; margin: 8px 8px 0px;\" src=\"http:\/\/jackpotlotteryonline.com\/wp-content\/uploads\/2022\/11\/read1.jpg\" alt=\"Leer\" width=\"\" height=\"\" \/><\/div>\n<div style=\"padding-left: 5px;\">\n<div style=\"font-size: 1.1em;\">\n<p><strong>\u00bfQu\u00e9 loter\u00eda internacional es la mejor?<\/strong><\/p>\n<p style=\"font-size: 0.85em; margin-top: -1.5em;\">Cual de las Loterias Internacionales tiene las mejores probabilidades de ganar <a href=\"https:\/\/jackpotlotteryonline.com\/es\/que-loteria-internacional-es-la-mejor\">\u00a0Seguir leyendo<\/a><\/p>\n<\/div>\n<\/div>\n<\/section>\n<h2>D\u00f3nde conseguir boletos del Eurojackpot<\/h2>\n<p>Cuando vaya a buscar en Internet un vendedor de Eurojackpot, no se apresure a comprar una entrada de Eurojackpot a menos que sepa que se trata de un sitio de conserjer\u00eda. Los sitios como este dan a los jugadores acceso a las mejores loter\u00edas internacionales como Eurojackpot proporcionando boletos de loter\u00eda.<\/p>\n<p>Es posible comprar un boleto de Eurojackpot a trav\u00e9s de Internet y, sin embargo, no entrar en la loter\u00eda. Esto se debe a que estos sitios s\u00f3lo permiten a los jugadores apostar por el resultado de la loter\u00eda. En jackpotlotteryonline.com, nos aseguramos de que usted entre en la loter\u00eda Eurojackpot desde donde quiera que est\u00e9.<\/p>\n<p>Cuando usted compra una entrada de nosotros, nuestros agentes en el contenido ir\u00e1n a comprar un boleto f\u00edsico de Eurojackpot con los n\u00fameros correspondientes. De este modo, aunque no est\u00e9 presente f\u00edsicamente en el pa\u00eds, sigue entrando en el Eurojackpot. Si su boleto coincide con los n\u00fameros sorteados, ganar\u00e1 el premio. Adem\u00e1s, no tiene que preocuparse de reclamar su premio del Eurojackpot porque nosotros nos encargamos de ello. Lo \u00fanico que tiene que hacer es retirar su premio desde nuestra plataforma a su cuenta online.<\/p>\n<h2>Ventajas de registrarse en jackpotlotteryonline.com<\/h2>\n<p><img loading=\"lazy\" decoding=\"async\" class=\"alignright size-medium wp-image-28886\" src=\"http:\/\/jackpotlotteryonline.com\/wp-content\/uploads\/2022\/11\/1_pick_for_eurojackpot-300x100.jpg\" alt=\"billete de eurojackpot\" width=\"300\" height=\"100\" srcset=\"https:\/\/jackpotlotteryonline.com\/wp-content\/uploads\/2022\/11\/1_pick_for_eurojackpot-300x100.jpg 300w, https:\/\/jackpotlotteryonline.com\/wp-content\/uploads\/2022\/11\/1_pick_for_eurojackpot-600x200.jpg 600w, https:\/\/jackpotlotteryonline.com\/wp-content\/uploads\/2022\/11\/1_pick_for_eurojackpot.jpg 734w\" sizes=\"auto, (max-width: 300px) 100vw, 300px\" \/><\/p>\n<p>Jackpotlotteryonline.com es un sitio de conserjer\u00eda, por lo que hacemos posible que nuestros clientes entren en loter\u00edas de todo el mundo. Creemos que Eurojackpot deber\u00eda estar disponible para todo el mundo que sea mayor de edad y tenga capacidad, y hemos llevado esa pasi\u00f3n a nuestra prestaci\u00f3n de servicios. Cuando te registras con nosotros, esto es lo que obtienes<\/p>\n<ul>\n<li>Acceso a m\u00e1s de dos docenas de loter\u00edas internacionales, incluyendo Eurojackpot<\/li>\n<li>Una forma perfecta de jugar a la loter\u00eda<\/li>\n<li>Puede jugar a varias loter\u00edas y participar en varios sorteos en un solo lugar<\/li>\n<li>No tiene que llevar la cuenta de todos sus billetes de loter\u00eda de Eurojackpot, nosotros lo hacemos por usted<\/li>\n<li>Tambi\u00e9n hacemos un seguimiento de sus ganancias y le avisamos para que no se pierda de reclamar su premio<\/li>\n<li>Cobra f\u00e1cilmente tus premios desde nuestra plataforma a tu cuenta online<\/li>\n<\/ul>\n<p>Nuestro objetivo es asegurarnos de que tenga una experiencia agradable cuando juegue a la loter\u00eda. Hemos ajustado nuestros servicios y seguimos perfeccionando el proceso para que sea m\u00e1s intuitivo para nuestros jugadores.<\/p>\n<h2>Siga estos pasos para entrar en Eurojackpot<\/h2>\n<p><strong>Paso 1:<\/strong> visite jackpotlotteryonline.com y vaya a la loter\u00eda a la que quiere entrar, en este caso, Eurojackpot. Haz clic en ella.<\/p>\n<p><strong>Paso 2:<\/strong> elige 5 n\u00fameros principales y 2 n\u00fameros extra. Puedes elegir varias l\u00edneas de entrada para aumentar tus probabilidades de ganar el Eurojackpot. Si no tiene un n\u00famero en particular, utilice &#8220;Quick Pick All&#8221; para agilizar el proceso de selecci\u00f3n.<\/p>\n<p><strong>Paso 3:<\/strong> Seleccione el tipo de boleto que desea comprar. Puede adquirir un boleto sencillo o comprar un boleto m\u00faltiple, que le permitir\u00e1 participar en varios sorteos. Una vez m\u00e1s, participar en varios sorteos le da m\u00e1s posibilidades de ganar el Eurojackpot.<\/p>\n<p><strong>Paso 4:<\/strong> Vaya a la p\u00e1gina de pago. En la p\u00e1gina de pago, se le pedir\u00e1 que se registre. La raz\u00f3n de esto es triple:<\/p>\n<ol>\n<li>Para garantizar que siempre tenga acceso a su boleto del Eurojackpot, ya que es la \u00fanica forma de reclamar un premio<\/li>\n<li>Para que podamos avisarte si ganas el Eurojackpot o cualquiera de los premios de los otros niveles. Lo haremos a trav\u00e9s de la plataforma y tambi\u00e9n a trav\u00e9s de su correo electr\u00f3nico<\/li>\n<li>Para facilitarte la reclamaci\u00f3n y retirada de tu premio<\/li>\n<\/ol>\n<p>Eso es todo. Entrar en Eurojackpot desde cualquier lugar es tan sencillo como seguir estos tres pasos. Ahora puedes disfrutar de apuestas seguras y sin complicaciones desde la comodidad de tu ordenador o dispositivo m\u00f3vil.<\/p>\n<p>\u00bfPor qu\u00e9 no se registra con nosotros hoy mismo para comprar boletos de Eurojackpot desde fuera de Europa? Jugar a la loter\u00eda es emocionante y nunca se sabe cu\u00e1ndo se va a tener suerte. Si quieres tener la oportunidad de convertirte en millonario, entra en l\u00ednea y participa en el Eurojackpot hoy mismo.<\/p>\n","protected":false},"excerpt":{"rendered":"<p>Acerca de EuroJackpot Eurojackpot tiene una caracter\u00edstica emocionante que debes conocer: Cuando el bote alcanza los 90 millones, hay un l\u00edmite en el bote que puedes ganar. Esto significa que todos los fondos procedentes de la venta de boletos que superen los 90 millones de euros se a\u00f1adir\u00e1n al precio del segundo nivel. Este precio [&hellip;]<\/p>\n","protected":false},"author":1,"featured_media":0,"parent":35782,"menu_order":4,"comment_status":"closed","ping_status":"closed","template":"eurojackpot-info.php","meta":{"_et_pb_use_builder":"","_et_pb_old_content":"","_et_gb_content_width":"","exclude_from_search":false,"footnotes":""},"class_list":["post-36541","page","type-page","status-publish","hentry"],"yoast_head":"<!-- This site is optimized with the Yoast SEO plugin v23.3 - https:\/\/yoast.com\/wordpress\/plugins\/seo\/ -->\n<title>Comprar boletos del Eurojackpot desde fuera de Europa | Obtener boletos online<\/title>\n<meta name=\"description\" content=\"En algunos pa\u00edses europeos, puedes comprar billetes de Eurojackpot en la tienda. Pero aqu\u00ed puedes conseguir billetes incluso desde fuera de Europa\" \/>\n<meta name=\"robots\" content=\"index, follow, max-snippet:-1, max-image-preview:large, max-video-preview:-1\" \/>\n<link rel=\"canonical\" href=\"https:\/\/jackpotlotteryonline.com\/buy-tickets\/eurojackpot\/\" \/>\n<meta property=\"og:locale\" content=\"es_ES\" \/>\n<meta property=\"og:type\" content=\"article\" \/>\n<meta property=\"og:title\" content=\"Comprar boletos del Eurojackpot desde fuera de Europa | Obtener boletos online\" \/>\n<meta property=\"og:description\" content=\"En algunos pa\u00edses europeos, puedes comprar billetes de Eurojackpot en la tienda. Pero aqu\u00ed puedes conseguir billetes incluso desde fuera de Europa\" \/>\n<meta property=\"og:url\" content=\"https:\/\/jackpotlotteryonline.com\/buy-tickets\/eurojackpot\/\" \/>\n<meta property=\"og:site_name\" content=\"Lotto Online - Crack The International Lottery Jackpots\" \/>\n<meta property=\"article:modified_time\" content=\"2023-01-03T20:15:25+00:00\" \/>\n<meta property=\"og:image\" content=\"http:\/\/jackpotlotteryonline.com\/wp-content\/uploads\/2022\/11\/1_buy_eurojackpot_ticket-300x99.jpg\" \/>\n<meta name=\"twitter:card\" content=\"summary_large_image\" \/>\n<meta name=\"twitter:label1\" content=\"Tiempo de lectura\" \/>\n\t<meta name=\"twitter:data1\" content=\"6 minutos\" \/>\n<!-- \/ Yoast SEO plugin. -->","yoast_head_json":{"title":"Comprar boletos del Eurojackpot desde fuera de Europa | Obtener boletos online","description":"En algunos pa\u00edses europeos, puedes comprar billetes de Eurojackpot en la tienda. Pero aqu\u00ed puedes conseguir billetes incluso desde fuera de Europa","robots":{"index":"index","follow":"follow","max-snippet":"max-snippet:-1","max-image-preview":"max-image-preview:large","max-video-preview":"max-video-preview:-1"},"canonical":"https:\/\/jackpotlotteryonline.com\/buy-tickets\/eurojackpot\/","og_locale":"es_ES","og_type":"article","og_title":"Comprar boletos del Eurojackpot desde fuera de Europa | Obtener boletos online","og_description":"En algunos pa\u00edses europeos, puedes comprar billetes de Eurojackpot en la tienda. Pero aqu\u00ed puedes conseguir billetes incluso desde fuera de Europa","og_url":"https:\/\/jackpotlotteryonline.com\/buy-tickets\/eurojackpot\/","og_site_name":"Lotto Online - Crack The International Lottery Jackpots","article_modified_time":"2023-01-03T20:15:25+00:00","og_image":[{"url":"http:\/\/jackpotlotteryonline.com\/wp-content\/uploads\/2022\/11\/1_buy_eurojackpot_ticket-300x99.jpg"}],"twitter_card":"summary_large_image","twitter_misc":{"Tiempo de lectura":"6 minutos"},"schema":{"@context":"https:\/\/schema.org","@graph":[{"@type":"WebPage","@id":"https:\/\/jackpotlotteryonline.com\/buy-tickets\/eurojackpot\/","url":"https:\/\/jackpotlotteryonline.com\/buy-tickets\/eurojackpot\/","name":"Comprar boletos del Eurojackpot desde fuera de Europa | Obtener boletos online","isPartOf":{"@id":"https:\/\/jackpotlotteryonline.com\/#website"},"primaryImageOfPage":{"@id":"https:\/\/jackpotlotteryonline.com\/buy-tickets\/eurojackpot\/#primaryimage"},"image":{"@id":"https:\/\/jackpotlotteryonline.com\/buy-tickets\/eurojackpot\/#primaryimage"},"thumbnailUrl":"http:\/\/jackpotlotteryonline.com\/wp-content\/uploads\/2022\/11\/1_buy_eurojackpot_ticket-300x99.jpg","datePublished":"2022-11-07T10:56:06+00:00","dateModified":"2023-01-03T20:15:25+00:00","description":"En algunos pa\u00edses europeos, puedes comprar billetes de Eurojackpot en la tienda. Pero aqu\u00ed puedes conseguir billetes incluso desde fuera de Europa","breadcrumb":{"@id":"https:\/\/jackpotlotteryonline.com\/buy-tickets\/eurojackpot\/#breadcrumb"},"inLanguage":"es","potentialAction":[{"@type":"ReadAction","target":["https:\/\/jackpotlotteryonline.com\/buy-tickets\/eurojackpot\/"]}]},{"@type":"ImageObject","inLanguage":"es","@id":"https:\/\/jackpotlotteryonline.com\/buy-tickets\/eurojackpot\/#primaryimage","url":"http:\/\/jackpotlotteryonline.com\/wp-content\/uploads\/2022\/11\/1_buy_eurojackpot_ticket-300x99.jpg","contentUrl":"http:\/\/jackpotlotteryonline.com\/wp-content\/uploads\/2022\/11\/1_buy_eurojackpot_ticket-300x99.jpg"},{"@type":"BreadcrumbList","@id":"https:\/\/jackpotlotteryonline.com\/buy-tickets\/eurojackpot\/#breadcrumb","itemListElement":[{"@type":"ListItem","position":1,"name":"Home","item":"https:\/\/jackpotlotteryonline.com\/es\/"},{"@type":"ListItem","position":2,"name":"C\u00f3mo comprar boletos de loter\u00eda en l\u00ednea","item":"https:\/\/jackpotlotteryonline.com\/buy-tickets\/"},{"@type":"ListItem","position":3,"name":"Comprar boletos para el Eurojackpot desde fuera de los pa\u00edses participantes"}]},{"@type":"WebSite","@id":"https:\/\/jackpotlotteryonline.com\/#website","url":"https:\/\/jackpotlotteryonline.com\/","name":"Lotto Online - Crack The International Lottery Jackpots","description":"","potentialAction":[{"@type":"SearchAction","target":{"@type":"EntryPoint","urlTemplate":"https:\/\/jackpotlotteryonline.com\/?s={search_term_string}"},"query-input":"required name=search_term_string"}],"inLanguage":"es"}]}},"_links":{"self":[{"href":"https:\/\/jackpotlotteryonline.com\/es\/wp-json\/wp\/v2\/pages\/36541","targetHints":{"allow":["GET"]}}],"collection":[{"href":"https:\/\/jackpotlotteryonline.com\/es\/wp-json\/wp\/v2\/pages"}],"about":[{"href":"https:\/\/jackpotlotteryonline.com\/es\/wp-json\/wp\/v2\/types\/page"}],"author":[{"embeddable":true,"href":"https:\/\/jackpotlotteryonline.com\/es\/wp-json\/wp\/v2\/users\/1"}],"replies":[{"embeddable":true,"href":"https:\/\/jackpotlotteryonline.com\/es\/wp-json\/wp\/v2\/comments?post=36541"}],"version-history":[{"count":0,"href":"https:\/\/jackpotlotteryonline.com\/es\/wp-json\/wp\/v2\/pages\/36541\/revisions"}],"up":[{"embeddable":true,"href":"https:\/\/jackpotlotteryonline.com\/es\/wp-json\/wp\/v2\/pages\/35782"}],"wp:attachment":[{"href":"https:\/\/jackpotlotteryonline.com\/es\/wp-json\/wp\/v2\/media?parent=36541"}],"curies":[{"name":"wp","href":"https:\/\/api.w.org\/{rel}","templated":true}]}}