{"id":36595,"date":"2022-11-08T06:55:43","date_gmt":"2022-11-08T06:55:43","guid":{"rendered":"https:\/\/jackpotlotteryonline.com\/?page_id=36595"},"modified":"2023-01-03T20:32:37","modified_gmt":"2023-01-03T20:32:37","slug":"superenalotto","status":"publish","type":"page","link":"https:\/\/jackpotlotteryonline.com\/es\/comprar-boletos\/superenalotto\/","title":{"rendered":"Comprar entradas para el Superenalotto"},"content":{"rendered":"<h2>\u00bfPor qu\u00e9 Superenalotto?<\/h2>\n<p>\u00bfSe ha preguntado c\u00f3mo puede comprar billetes de Superenalotto desde fuera de Italia? Superenalotto es una de las loter\u00edas m\u00e1s populares del continente europeo. No es de extra\u00f1ar que jugadores de todo el mundo apuesten regularmente por la loter\u00eda.<\/p>\n<p>En jackpotlotteryonline.com le damos a los jugadores acceso a las mejores loter\u00edas internacionales como la Superenalotto. Hacemos posible que usted compre boletos, compruebe los resultados de los sorteos y acceda a sus ganancias.<\/p>\n<p>Con la proliferaci\u00f3n de loter\u00edas mundiales, \u00bfpor qu\u00e9 un jugador elegir\u00eda hacer una apuesta en Superenalotto? Vamos a tocar algunas de las razones por las que la Superenalotto se est\u00e1 convirtiendo r\u00e1pidamente en la loter\u00eda preferida por los jugadores. Si tiene prisa por hacer su apuesta, puede visitarnos ahora para tener la oportunidad de ganar en grande en la Superenalotto.<\/p>\n<h2>Superenalotto tiene incre\u00edbles botes<\/h2>\n<p>La raz\u00f3n n\u00famero uno por la que los jugadores adoran la Superenalotto de Italia es probablemente por el incre\u00edble premio mayor. Curiosamente, el bote comienza con una cantidad m\u00ednima de 2 millones de euros. No parece una cifra impresionante si se tiene en cuenta que muchas loter\u00edas ofrecen esa cantidad.<\/p>\n<p>Sin embargo, la ventaja es que el bote de la Superenalotto no tiene l\u00edmite. Si no hay un ganador despu\u00e9s de un sorteo, se acumula y sigue acumul\u00e1ndose despu\u00e9s de cada sorteo, hasta que aparezca un ganador. Para que se entienda mejor, la loter\u00eda Superenalotto tiene<a href=\"https:\/\/jackpotlotteryonline.com\/es\/numeros-ganadores\/superenalotto\"> tres sorteos a la semana<\/a>. Pr\u00e1cticamente no hay l\u00edmite en el n\u00famero de veces que el bote puede girar.<\/p>\n<p>De hecho, el bote se acumul\u00f3 tantas veces hace unos a\u00f1os que el bote r\u00e9cord fue de 209,1 millones de euros en 2019.<\/p>\n<h2>\u00bfHemos mencionado tres sorteos a la semana?<\/h2>\n<p>Cuando juegas a la Superenalotto, tienes tres oportunidades de ganar a lo grande cada semana. Esto se debe a que la loter\u00eda Superenalotto celebra sus sorteos tres veces a la semana, los martes, jueves y s\u00e1bados.<\/p>\n<p>Eso significa que si no hay ning\u00fan ganador, el importe del bote crece m\u00e1s r\u00e1pidamente. El bote de la Superenalotto podr\u00eda haberse triplicado en tan s\u00f3lo una semana. Eso es suficiente para que los jugadores se apresuren a hacer sus apuestas.<\/p>\n<p>\u00bfNo quiere perder en el pr\u00f3ximo sorteo? \u00bfPor qu\u00e9 no se dirige a jackpotlotteryonline.com y hace su apuesta en la Superenalotto ahora? Nunca se sabe cu\u00e1ndo la suerte le favorecer\u00e1.<\/p>\n<h2>Top 5 de los ganadores de la Superenalotto<\/h2>\n<p><img loading=\"lazy\" decoding=\"async\" class=\"alignright size-full wp-image-31316\" src=\"http:\/\/jackpotlotteryonline.com\/wp-content\/uploads\/2022\/11\/logo_superenalotto.png\" alt=\"Bola de loter\u00eda Superenalotto\" width=\"200\" height=\"212\" \/><\/p>\n<p>\u00bfTodav\u00eda no est\u00e1 seguro de si quiere hacer una apuesta en la loter\u00eda Superenalotto? No hay problema. Te animar\u00e1s una vez que leas las apetitosas cantidades que se han llevado los anteriores ganadores.<\/p>\n<p>El mayor bote fue ganado en 2019 por un sindicato de loter\u00eda y la cantidad fue de 209,1 millones de euros. Ya lo hemos mencionado brevemente, pero hay algo m\u00e1s que no hemos mencionado. Ese bote lo gan\u00f3 un solo poseedor del boleto. \u00bfTe imaginas irte a casa con m\u00e1s de doscientos millones de euros?<\/p>\n<p>El segundo bote m\u00e1s grande lo gan\u00f3 una pe\u00f1a de loter\u00eda en 2010 y el importe fue de 177,7 millones de euros. Le sigue un bote de 163,5 millones de euros que gan\u00f3 un solo boleto en 2016. El siguiente bote m\u00e1s grande lo gan\u00f3 otro titular de un billete en 2009 y el importe fue de 147,8 millones de euros. Por \u00faltimo, dos boletos compartieron el premio mayor de 139 millones de euros en 2010.<\/p>\n<h2>C\u00f3mo jugar a la Superenalotto<\/h2>\n<p><a href=\"https:\/\/jackpotlotteryonline.com\/es\/como-se-juega\/superenalotto\">Para jugar a la Superenalotto,<\/a> elija seis n\u00fameros principales entre el 1 y el 90. Puede elegir varias l\u00edneas de n\u00fameros para aumentar sus posibilidades de ganar la loter\u00eda. A continuaci\u00f3n, elija el n\u00famero de sorteos en los que desea participar. Puede decidir entrar en cada sorteo cada semana durante las pr\u00f3ximas 5 semanas si as\u00ed lo desea. Cuantos m\u00e1s sorteos realice, m\u00e1s posibilidades tendr\u00e1 de ganar un premio.<\/p>\n<p>Adem\u00e1s, existe lo que se conoce como SuperStar, que es una opci\u00f3n que ayuda a mejorar tus posibilidades de ganar. Tambi\u00e9n puede comprar el &#8220;n\u00famero Jolly&#8221;, que se elige del 1 al 90. El n\u00famero Jolly no afecta al bote, pero se utiliza para decidir el ganador de la segunda categor\u00eda de premios.<\/p>\n<p>Una vez que haya elegido sus n\u00fameros, pague su boleto y espere a los sorteos. Cuando se registra con nosotros, automatizamos el proceso para que la experiencia sea m\u00e1s fluida. Le quitamos el estr\u00e9s de la operaci\u00f3n para que pueda disfrutar de la diversi\u00f3n sin ninguna molestia.<\/p>\n<section class=\"layout\" style=\"border: solid 1px; width: 100%;\">\n<div class=\"img-div\" style=\"margin-top: 5px;\"><img decoding=\"async\" class=\"wp-image-17212 alignleft\" style=\"height: 45px; margin: 8px 8px 0px;\" src=\"http:\/\/jackpotlotteryonline.com\/wp-content\/uploads\/2022\/11\/read1.jpg\" alt=\"leer\" width=\"\" height=\"\" \/><\/div>\n<div style=\"padding-left: 5px;\">\n<div style=\"font-size: 1.1em;\">\n<p><strong>Elegir los n\u00fameros ganadores de la loter\u00eda manualmente o utilizando un RNG<\/strong><\/p>\n<p style=\"font-size: 0.85em; margin-top: -1.5em;\">\u00bfC\u00f3mo generar n\u00fameros ganadores de loter\u00eda? \u00a0<a href=\"https:\/\/jackpotlotteryonline.com\/es\/como-generar-numeros-ganadores-de-la-loteria\">Seguir leyendo<\/a><\/p>\n<\/div>\n<\/div>\n<\/section>\n<h2>\u00bfCu\u00e1les son las probabilidades de ganar la Superenalotto?<\/h2>\n<p>Generalmente, la loter\u00eda no es conocida por tener grandes probabilidades para los jugadores. La verdad es que las probabilidades de ganar no son muy altas. Curiosamente, eso hace que sea mucho m\u00e1s emocionante jugar a la loter\u00eda. Porque ganar cuando parece que las probabilidades no est\u00e1n a tu favor da a los jugadores un subid\u00f3n. Tambi\u00e9n es una forma maravillosa de saber que tienes la suerte de tu lado.<\/p>\n<p>Las probabilidades de ganar el bote de la Superenalotto son de 1 entre 622.614.630. Sin embargo, hay 6 categor\u00edas de premios y una categor\u00eda de premios instant\u00e1neos de 25 euros. Si se tienen en cuenta, las probabilidades de ganar cualquier premio son de 1 entre 16.<\/p>\n<p>Cualquier apostador estar\u00e1 de acuerdo en que son probabilidades incre\u00edbles que favorecen al jugador.<\/p>\n<h2>Categor\u00edas de premios de la Superenalotto<\/h2>\n<p><img loading=\"lazy\" decoding=\"async\" class=\"size-medium wp-image-35376 alignright\" src=\"http:\/\/jackpotlotteryonline.com\/wp-content\/uploads\/2022\/11\/2_ticket_superenalotto4-1-211x300.jpg\" alt=\"Superenalotto billete de premio\" width=\"211\" height=\"300\" srcset=\"https:\/\/jackpotlotteryonline.com\/wp-content\/uploads\/2022\/11\/2_ticket_superenalotto4-1-211x300.jpg 211w, https:\/\/jackpotlotteryonline.com\/wp-content\/uploads\/2022\/11\/2_ticket_superenalotto4-1.jpg 300w\" sizes=\"auto, (max-width: 211px) 100vw, 211px\" \/><\/p>\n<p>Durante los sorteos, se eligen al azar seis n\u00fameros de un bombo que tiene bolas con n\u00fameros del 1 al 90. Cualquier boleto que coincida con los n\u00fameros extra\u00eddos gana el bote.<\/p>\n<p>El premio del bote de la Superenalotto comienza en 2 millones de euros, pero suele terminar mucho m\u00e1s alto porque se vuelca. Las dem\u00e1s categor\u00edas de premios se determinan en funci\u00f3n del porcentaje de los fondos disponibles. Por lo tanto, no es posible saber cu\u00e1nto se repartir\u00e1 en cada sorteo.<\/p>\n<p>6 n\u00fameros &#8211; bote (17,4% del total de los fondos)<br \/>\n5 + n\u00famero de la juerga &#8211; 13%<br \/>\n5 n\u00fameros &#8211; 4,2%<br \/>\n4 n\u00fameros &#8211; 4,2%<br \/>\n3 n\u00fameros &#8211; 12,8%<br \/>\n2 n\u00fameros &#8211; 40%<\/p>\n<p><strong>Para tener una mejor perspectiva, he aqu\u00ed el importe medio por sorteo<\/strong><\/p>\n<p>6 n\u00fameros &#8211; 92.056.091,66 euros<br \/>\n5 + n\u00famero Jolly &#8211; 594.951,95 euros<br \/>\n5 n\u00fameros &#8211; 49.736,38 euros<br \/>\n4 n\u00fameros &#8211; 354,83 euros<br \/>\n3 n\u00fameros &#8211; 27,15 euros<br \/>\n2 n\u00fameros &#8211; 5,48 euros<\/p>\n<h2>Jugar a la Superenalotto en Internet<\/h2>\n<p>La Superenalotto es una loter\u00eda italiana y las participaciones s\u00f3lo se venden en Italia. Por lo tanto, si usted vive fuera de Italia la \u00fanica manera de acceder a la Superenalotto ser\u00eda comprando una entrada en l\u00ednea. Usted puede ir que de un vendedor de loter\u00eda de Internet como jackpotlotteryonline.com<\/p>\n<h2>Beneficios de comprar entradas de Superenalotto en l\u00ednea<\/h2>\n<ul>\n<li>Usted obtiene un acceso r\u00e1pido e inmediato a la loter\u00eda<\/li>\n<li>Es super conveniente ya que no necesita salir de la comodidad de su casa<\/li>\n<li>Tambi\u00e9n es m\u00e1s seguro porque su billete se almacena digitalmente. Esto es importante porque es la \u00fanica manera de reclamar su premio.<\/li>\n<li>No tiene que perder su premio porque le avisaremos inmediatamente si gana alg\u00fan premio<\/li>\n<li>Puede retirar f\u00e1cilmente cualquier ganancia en l\u00ednea sin tener que ir a ning\u00fan sitio<\/li>\n<\/ul>\n<h2>Reg\u00edstrese con nosotros para jugar a la Superenalotto<\/h2>\n<p>Si usted vive fuera de Italia y quiere comprar acceso a la loter\u00eda Superenalotto, puede hacerlo registr\u00e1ndose con nosotros. Proporcionamos un servicio de conserjer\u00eda que le da acceso inmediato a las mejores loter\u00edas internacionales, incluyendo Superenalotto.<\/p>\n<p>Nuestro objetivo es hacer de la experiencia de la loter\u00eda una experiencia placentera para nuestros clientes. Le quitamos el estr\u00e9s de las cosas simples, dej\u00e1ndole a usted disfrutar haciendo sus apuestas. Compre sus boletos de loter\u00eda con nosotros ahora para tener la oportunidad de ganar en grande en Superenalotto.<\/p>\n","protected":false},"excerpt":{"rendered":"<p>\u00bfPor qu\u00e9 Superenalotto? \u00bfSe ha preguntado c\u00f3mo puede comprar billetes de Superenalotto desde fuera de Italia? Superenalotto es una de las loter\u00edas m\u00e1s populares del continente europeo. No es de extra\u00f1ar que jugadores de todo el mundo apuesten regularmente por la loter\u00eda. En jackpotlotteryonline.com le damos a los jugadores acceso a las mejores loter\u00edas internacionales [&hellip;]<\/p>\n","protected":false},"author":1,"featured_media":0,"parent":35782,"menu_order":5,"comment_status":"closed","ping_status":"closed","template":"superenalotto.php","meta":{"_et_pb_use_builder":"","_et_pb_old_content":"","_et_gb_content_width":"","exclude_from_search":false,"footnotes":""},"class_list":["post-36595","page","type-page","status-publish","hentry"],"yoast_head":"<!-- This site is optimized with the Yoast SEO plugin v23.3 - https:\/\/yoast.com\/wordpress\/plugins\/seo\/ -->\n<title>Comprar boletos de Superenalotto desde fuera de Italia | Conseguir boletos online<\/title>\n<meta name=\"description\" content=\"No vives en Italia, pero quieres participar en la Superenalotto? Consigue tu entrada online para la Superenalotto a trav\u00e9s de nosotros\" \/>\n<meta name=\"robots\" content=\"index, follow, max-snippet:-1, max-image-preview:large, max-video-preview:-1\" \/>\n<link rel=\"canonical\" href=\"https:\/\/jackpotlotteryonline.com\/buy-tickets\/superenalotto\/\" \/>\n<meta property=\"og:locale\" content=\"es_ES\" \/>\n<meta property=\"og:type\" content=\"article\" \/>\n<meta property=\"og:title\" content=\"Comprar boletos de Superenalotto desde fuera de Italia | Conseguir boletos online\" \/>\n<meta property=\"og:description\" content=\"No vives en Italia, pero quieres participar en la Superenalotto? Consigue tu entrada online para la Superenalotto a trav\u00e9s de nosotros\" \/>\n<meta property=\"og:url\" content=\"https:\/\/jackpotlotteryonline.com\/buy-tickets\/superenalotto\/\" \/>\n<meta property=\"og:site_name\" content=\"Lotto Online - Crack The International Lottery Jackpots\" \/>\n<meta property=\"article:modified_time\" content=\"2023-01-03T20:32:37+00:00\" \/>\n<meta property=\"og:image\" content=\"http:\/\/jackpotlotteryonline.com\/wp-content\/uploads\/2022\/11\/logo_superenalotto.png\" \/>\n<meta name=\"twitter:card\" content=\"summary_large_image\" \/>\n<meta name=\"twitter:label1\" content=\"Tiempo de lectura\" \/>\n\t<meta name=\"twitter:data1\" content=\"7 minutos\" \/>\n<!-- \/ Yoast SEO plugin. -->","yoast_head_json":{"title":"Comprar boletos de Superenalotto desde fuera de Italia | Conseguir boletos online","description":"No vives en Italia, pero quieres participar en la Superenalotto? Consigue tu entrada online para la Superenalotto a trav\u00e9s de nosotros","robots":{"index":"index","follow":"follow","max-snippet":"max-snippet:-1","max-image-preview":"max-image-preview:large","max-video-preview":"max-video-preview:-1"},"canonical":"https:\/\/jackpotlotteryonline.com\/buy-tickets\/superenalotto\/","og_locale":"es_ES","og_type":"article","og_title":"Comprar boletos de Superenalotto desde fuera de Italia | Conseguir boletos online","og_description":"No vives en Italia, pero quieres participar en la Superenalotto? Consigue tu entrada online para la Superenalotto a trav\u00e9s de nosotros","og_url":"https:\/\/jackpotlotteryonline.com\/buy-tickets\/superenalotto\/","og_site_name":"Lotto Online - Crack The International Lottery Jackpots","article_modified_time":"2023-01-03T20:32:37+00:00","og_image":[{"url":"http:\/\/jackpotlotteryonline.com\/wp-content\/uploads\/2022\/11\/logo_superenalotto.png"}],"twitter_card":"summary_large_image","twitter_misc":{"Tiempo de lectura":"7 minutos"},"schema":{"@context":"https:\/\/schema.org","@graph":[{"@type":"WebPage","@id":"https:\/\/jackpotlotteryonline.com\/buy-tickets\/superenalotto\/","url":"https:\/\/jackpotlotteryonline.com\/buy-tickets\/superenalotto\/","name":"Comprar boletos de Superenalotto desde fuera de Italia | Conseguir boletos online","isPartOf":{"@id":"https:\/\/jackpotlotteryonline.com\/#website"},"primaryImageOfPage":{"@id":"https:\/\/jackpotlotteryonline.com\/buy-tickets\/superenalotto\/#primaryimage"},"image":{"@id":"https:\/\/jackpotlotteryonline.com\/buy-tickets\/superenalotto\/#primaryimage"},"thumbnailUrl":"http:\/\/jackpotlotteryonline.com\/wp-content\/uploads\/2022\/11\/logo_superenalotto.png","datePublished":"2022-11-08T06:55:43+00:00","dateModified":"2023-01-03T20:32:37+00:00","description":"No vives en Italia, pero quieres participar en la Superenalotto? Consigue tu entrada online para la Superenalotto a trav\u00e9s de nosotros","breadcrumb":{"@id":"https:\/\/jackpotlotteryonline.com\/buy-tickets\/superenalotto\/#breadcrumb"},"inLanguage":"es","potentialAction":[{"@type":"ReadAction","target":["https:\/\/jackpotlotteryonline.com\/buy-tickets\/superenalotto\/"]}]},{"@type":"ImageObject","inLanguage":"es","@id":"https:\/\/jackpotlotteryonline.com\/buy-tickets\/superenalotto\/#primaryimage","url":"http:\/\/jackpotlotteryonline.com\/wp-content\/uploads\/2022\/11\/logo_superenalotto.png","contentUrl":"http:\/\/jackpotlotteryonline.com\/wp-content\/uploads\/2022\/11\/logo_superenalotto.png"},{"@type":"BreadcrumbList","@id":"https:\/\/jackpotlotteryonline.com\/buy-tickets\/superenalotto\/#breadcrumb","itemListElement":[{"@type":"ListItem","position":1,"name":"Home","item":"https:\/\/jackpotlotteryonline.com\/es\/"},{"@type":"ListItem","position":2,"name":"C\u00f3mo comprar boletos de loter\u00eda en l\u00ednea","item":"https:\/\/jackpotlotteryonline.com\/buy-tickets\/"},{"@type":"ListItem","position":3,"name":"Comprar entradas para el Superenalotto"}]},{"@type":"WebSite","@id":"https:\/\/jackpotlotteryonline.com\/#website","url":"https:\/\/jackpotlotteryonline.com\/","name":"Lotto Online - Crack The International Lottery Jackpots","description":"","potentialAction":[{"@type":"SearchAction","target":{"@type":"EntryPoint","urlTemplate":"https:\/\/jackpotlotteryonline.com\/?s={search_term_string}"},"query-input":"required name=search_term_string"}],"inLanguage":"es"}]}},"_links":{"self":[{"href":"https:\/\/jackpotlotteryonline.com\/es\/wp-json\/wp\/v2\/pages\/36595","targetHints":{"allow":["GET"]}}],"collection":[{"href":"https:\/\/jackpotlotteryonline.com\/es\/wp-json\/wp\/v2\/pages"}],"about":[{"href":"https:\/\/jackpotlotteryonline.com\/es\/wp-json\/wp\/v2\/types\/page"}],"author":[{"embeddable":true,"href":"https:\/\/jackpotlotteryonline.com\/es\/wp-json\/wp\/v2\/users\/1"}],"replies":[{"embeddable":true,"href":"https:\/\/jackpotlotteryonline.com\/es\/wp-json\/wp\/v2\/comments?post=36595"}],"version-history":[{"count":0,"href":"https:\/\/jackpotlotteryonline.com\/es\/wp-json\/wp\/v2\/pages\/36595\/revisions"}],"up":[{"embeddable":true,"href":"https:\/\/jackpotlotteryonline.com\/es\/wp-json\/wp\/v2\/pages\/35782"}],"wp:attachment":[{"href":"https:\/\/jackpotlotteryonline.com\/es\/wp-json\/wp\/v2\/media?parent=36595"}],"curies":[{"name":"wp","href":"https:\/\/api.w.org\/{rel}","templated":true}]}}