{"id":36647,"date":"2022-11-08T08:36:21","date_gmt":"2022-11-08T08:36:21","guid":{"rendered":"https:\/\/jackpotlotteryonline.com\/?page_id=36647"},"modified":"2023-01-03T20:48:43","modified_gmt":"2023-01-03T20:48:43","slug":"el-gordo","status":"publish","type":"page","link":"https:\/\/jackpotlotteryonline.com\/es\/comprar-boletos\/el-gordo\/","title":{"rendered":"Comprar entradas para El Gordo"},"content":{"rendered":"<h2>La incre\u00edble loter\u00eda espa\u00f1ola<\/h2>\n<p>El Gordo est\u00e1 a la vuelta de la esquina y no todo el mundo tiene la suerte de vivir o viajar a Espa\u00f1a. Sin embargo, los jugadores de todo el mundo est\u00e1n entusiasmados con la idea de participar en la diversi\u00f3n y las festividades que acompa\u00f1an a esta loter\u00eda. Los jugadores que viven fuera del pa\u00eds tambi\u00e9n pueden participar en esta loter\u00eda y nosotros le mostraremos c\u00f3mo hacerlo.<\/p>\n<p>Si usted es nuevo en el <a href=\"https:\/\/jackpotlotteryonline.com\/es\/como-se-juega\/el-gordo\">juego de la loter\u00eda<\/a>, entonces usted podr\u00eda estar interesado en saber que esta es una loter\u00eda espa\u00f1ola. Se llama El Gordo, que significa &#8220;el gordo&#8221;, debido al gran bote. Se dice que es el mayor bote del mundo.<\/p>\n<p>Entonces, \u00bfc\u00f3mo puedes conseguir una parte de la acci\u00f3n aunque no vivas en Espa\u00f1a? Siga leyendo y se lo contaremos todo.<\/p>\n<h2>C\u00f3mo comprar boletos del Gordo desde fuera de Espa\u00f1a<\/h2>\n<p><img loading=\"lazy\" decoding=\"async\" class=\"size-full wp-image-17870 alignright\" src=\"https:\/\/jackpotlotteryonline.com\/wp-content\/uploads\/2022\/10\/lotto_euros.jpg\" alt=\"Comprar entradas de El Gordo online\" width=\"225\" height=\"134\" \/><\/p>\n<p>La forma m\u00e1s f\u00e1cil de comprar boletos de la loter\u00eda de El Gordo es a trav\u00e9s de internet de un vendedor de loter\u00eda online como jackpotlotteryonline.com. Nosotros proveemos un servicio sin complicaciones que hace que jugar a las mejores loter\u00edas internacionales sea una experiencia sin esfuerzo. Cuando se registra con nosotros, obtiene una plataforma a medida que se adapta a sus necesidades.<\/p>\n<p>Queremos asegurarnos de que nuestros clientes experimenten el placer de jugar a la loter\u00eda. Cuando usted participa en El Gordo, se convierte en parte de la historia y la tradici\u00f3n. Esta loter\u00eda espa\u00f1ola es tambi\u00e9n conocida como la loter\u00eda de Navidad y la temporada no es lo mismo sin ella.<\/p>\n<p>Participar en la loter\u00eda de Navidad espa\u00f1ola puede ser un poco confuso si es la primera vez. A diferencia de otras loter\u00edas, usted no puede elegir sus n\u00fameros. Cada papeleta tiene los n\u00fameros ya impresos. Para a\u00f1adir a la confusi\u00f3n, hay 100.000 n\u00fameros en la loter\u00eda de El Gordo. En jackpotlotteryonline.com, le guiamos en cada paso.<\/p>\n<h2>Por qu\u00e9 deber\u00eda participar en El Gordo<\/h2>\n<p>Hay varias razones por las que los jugadores de todo el mundo aman El Gordo. Mencionamos el hecho de que est\u00e1 cargado de historia y tradici\u00f3n. La loter\u00eda celebr\u00f3 su primer sorteo en 1812, lo que significa que tiene m\u00e1s de 200 a\u00f1os. El Gordo es la segunda loter\u00eda m\u00e1s antigua del mundo y se ha convertido en parte de la cultura de Espa\u00f1a.<\/p>\n<p><a href=\"https:\/\/jackpotlotteryonline.com\/es\/numeros-ganadores\/el-gordo-draw-results\">El sorteo<\/a> se celebra el 22 de diciembre de cada a\u00f1o, por lo que es una forma estupenda de dar color a las fiestas. El sorteo en s\u00ed es otro gran acontecimiento, ya que los resultados del sorteo son cantados por los alumnos del colegio de San Ildefonso. \u00bfHemos mencionado que el Gordo est\u00e1 impregnado de tradici\u00f3n? Sin duda, es algo que esperan todos los a\u00f1os tanto los antiguos como los nuevos jugadores.<\/p>\n<p>Adem\u00e1s, el Gordo es una loter\u00eda que promueve y celebra la comunidad. Los boletos se dividen en varias subdivisiones y es bastante com\u00fan encontrar barrios que se suscriben a una subdivisi\u00f3n. As\u00ed que, \u00bfpor qu\u00e9 no hacer algo especial para su familia y amigos entrando juntos en El Gordo? Es una forma maravillosa de celebrar la Navidad.<\/p>\n<section class=\"layout\" style=\"border: solid 1px; width: 100%;\">\n<div class=\"img-div\" style=\"margin-top: 5px;\"><img decoding=\"async\" class=\"wp-image-17212 alignleft\" style=\"height: 45px; margin: 8px 8px 0px;\" src=\"https:\/\/jackpotlotteryonline.com\/wp-content\/uploads\/2022\/11\/read1.jpg\" alt=\"leer\" width=\"\" height=\"\" \/><\/div>\n<div style=\"padding-left: 5px;\">\n<div style=\"font-size: 1.1em;\">\n<p><strong>No te pierdas los horarios de los sorteos de los mayores botes de loter\u00eda del mundo<\/strong><\/p>\n<p style=\"font-size: 0.85em; margin-top: -1.5em;\">Una lista de los horarios de los sorteos de las loter\u00edas internacionales\u00a0<a href=\"https:\/\/jackpotlotteryonline.com\/es\/horarios-de-los-sorteos-de-las-loterias-internacionales\"> Seguir leyendo<\/a><\/p>\n<\/div>\n<\/div>\n<\/section>\n<h2>C\u00f3mo jugar al Gordo<\/h2>\n<p><img loading=\"lazy\" decoding=\"async\" class=\"alignright size-full wp-image-32459\" src=\"https:\/\/jackpotlotteryonline.com\/wp-content\/uploads\/2022\/11\/2_ticket_el_gordo-1.jpg\" alt=\"Billete de loter\u00eda de El Gordo\" width=\"213\" height=\"300\" \/><\/p>\n<p>Cuando entra en la loter\u00eda de Navidad espa\u00f1ola, su boleto puede tener n\u00fameros que van del 00000 al 99999. Cada boleto est\u00e1 dividido en diez partes, que a su vez se subdividen. Por lo tanto, no importa su presupuesto, puede permitirse comprar un boleto.<\/p>\n<p>Igualmente interesante es que los jugadores de El Gordo tienen muchas posibilidades de ganar. El bote total es de miles de millones de euros y las probabilidades son incre\u00edbles. As\u00ed que los jugadores podr\u00edan irse a casa con miles de euros aunque no ganen el primer premio.<\/p>\n<p>Una vez comprado el boleto, s\u00f3lo hay que esperar al sorteo del 22 de diciembre. En nuestra p\u00e1gina web, pedimos a nuestros clientes que se registren para poder avisarles en cuanto ganen un premio. Adem\u00e1s, cobrar sus ganancias es muy f\u00e1cil ya que puede hacerlo desde nuestra plataforma.<\/p>\n<h2>Pasos para jugar a El Gordo online<\/h2>\n<ol>\n<li>Ahora que est\u00e1s tan emocionado como nosotros por la loter\u00eda de Navidad espa\u00f1ola, d\u00e9janos explicarte los pasos.<\/li>\n<li>Compra tu billete de El Gordo en nuestra web<\/li>\n<li>Reg\u00edstrate para que podamos contactar contigo si ganas<\/li>\n<li>Esperar el sorteo<\/li>\n<\/ol>\n<h2>Retirar su premio si gana<\/h2>\n<p>As\u00ed de sencillo es registrarse con nosotros. Le quitamos la complicaci\u00f3n para que se quede con la diversi\u00f3n del juego. Si est\u00e1 buscando un juego de loter\u00eda con buenas probabilidades que pueda disfrutar, no busque m\u00e1s.<\/p>\n<p>Debemos mencionar que aunque El Gordo tiene grandes probabilidades es un juego de azar. No hay manera de garantizar que usted ganar\u00e1 y no hay nada que diga que no lo har\u00e1 tampoco. Sin embargo, la \u00fanica manera de tener la oportunidad de ganar un premio es si usted entra en la loter\u00eda en primer lugar. As\u00ed que reg\u00edstrese con nosotros ahora para comprar los billetes de la loter\u00eda de Navidad espa\u00f1ola.<\/p>\n","protected":false},"excerpt":{"rendered":"<p>La incre\u00edble loter\u00eda espa\u00f1ola El Gordo est\u00e1 a la vuelta de la esquina y no todo el mundo tiene la suerte de vivir o viajar a Espa\u00f1a. Sin embargo, los jugadores de todo el mundo est\u00e1n entusiasmados con la idea de participar en la diversi\u00f3n y las festividades que acompa\u00f1an a esta loter\u00eda. Los jugadores [&hellip;]<\/p>\n","protected":false},"author":1,"featured_media":0,"parent":35782,"menu_order":6,"comment_status":"closed","ping_status":"closed","template":"el-gordo-info.php","meta":{"_et_pb_use_builder":"","_et_pb_old_content":"","_et_gb_content_width":"","exclude_from_search":false,"footnotes":""},"class_list":["post-36647","page","type-page","status-publish","hentry"],"yoast_head":"<!-- This site is optimized with the Yoast SEO plugin v23.3 - https:\/\/yoast.com\/wordpress\/plugins\/seo\/ -->\n<title>Comprar boletos del Gordo desde fuera de Espa\u00f1a | Boletos del Gordo online<\/title>\n<meta name=\"description\" content=\"Puedes comprar entradas de El Gordo online, si vives fuera de Espa\u00f1a - aqu\u00ed mismo a trav\u00e9s de este servicio de venta de entradas online\" \/>\n<meta name=\"robots\" content=\"index, follow, max-snippet:-1, max-image-preview:large, max-video-preview:-1\" \/>\n<link rel=\"canonical\" href=\"https:\/\/jackpotlotteryonline.com\/buy-tickets\/el-gordo\/\" \/>\n<meta property=\"og:locale\" content=\"es_ES\" \/>\n<meta property=\"og:type\" content=\"article\" \/>\n<meta property=\"og:title\" content=\"Comprar boletos del Gordo desde fuera de Espa\u00f1a | Boletos del Gordo online\" \/>\n<meta property=\"og:description\" content=\"Puedes comprar entradas de El Gordo online, si vives fuera de Espa\u00f1a - aqu\u00ed mismo a trav\u00e9s de este servicio de venta de entradas online\" \/>\n<meta property=\"og:url\" content=\"https:\/\/jackpotlotteryonline.com\/buy-tickets\/el-gordo\/\" \/>\n<meta property=\"og:site_name\" content=\"Lotto Online - Crack The International Lottery Jackpots\" \/>\n<meta property=\"article:modified_time\" content=\"2023-01-03T20:48:43+00:00\" \/>\n<meta property=\"og:image\" content=\"https:\/\/jackpotlotteryonline.com\/wp-content\/uploads\/2022\/10\/lotto_euros.jpg\" \/>\n<meta name=\"twitter:card\" content=\"summary_large_image\" \/>\n<meta name=\"twitter:label1\" content=\"Tiempo de lectura\" \/>\n\t<meta name=\"twitter:data1\" content=\"5 minutos\" \/>\n<!-- \/ Yoast SEO plugin. -->","yoast_head_json":{"title":"Comprar boletos del Gordo desde fuera de Espa\u00f1a | Boletos del Gordo online","description":"Puedes comprar entradas de El Gordo online, si vives fuera de Espa\u00f1a - aqu\u00ed mismo a trav\u00e9s de este servicio de venta de entradas online","robots":{"index":"index","follow":"follow","max-snippet":"max-snippet:-1","max-image-preview":"max-image-preview:large","max-video-preview":"max-video-preview:-1"},"canonical":"https:\/\/jackpotlotteryonline.com\/buy-tickets\/el-gordo\/","og_locale":"es_ES","og_type":"article","og_title":"Comprar boletos del Gordo desde fuera de Espa\u00f1a | Boletos del Gordo online","og_description":"Puedes comprar entradas de El Gordo online, si vives fuera de Espa\u00f1a - aqu\u00ed mismo a trav\u00e9s de este servicio de venta de entradas online","og_url":"https:\/\/jackpotlotteryonline.com\/buy-tickets\/el-gordo\/","og_site_name":"Lotto Online - Crack The International Lottery Jackpots","article_modified_time":"2023-01-03T20:48:43+00:00","og_image":[{"url":"https:\/\/jackpotlotteryonline.com\/wp-content\/uploads\/2022\/10\/lotto_euros.jpg"}],"twitter_card":"summary_large_image","twitter_misc":{"Tiempo de lectura":"5 minutos"},"schema":{"@context":"https:\/\/schema.org","@graph":[{"@type":"WebPage","@id":"https:\/\/jackpotlotteryonline.com\/buy-tickets\/el-gordo\/","url":"https:\/\/jackpotlotteryonline.com\/buy-tickets\/el-gordo\/","name":"Comprar boletos del Gordo desde fuera de Espa\u00f1a | Boletos del Gordo online","isPartOf":{"@id":"https:\/\/jackpotlotteryonline.com\/#website"},"primaryImageOfPage":{"@id":"https:\/\/jackpotlotteryonline.com\/buy-tickets\/el-gordo\/#primaryimage"},"image":{"@id":"https:\/\/jackpotlotteryonline.com\/buy-tickets\/el-gordo\/#primaryimage"},"thumbnailUrl":"https:\/\/jackpotlotteryonline.com\/wp-content\/uploads\/2022\/10\/lotto_euros.jpg","datePublished":"2022-11-08T08:36:21+00:00","dateModified":"2023-01-03T20:48:43+00:00","description":"Puedes comprar entradas de El Gordo online, si vives fuera de Espa\u00f1a - aqu\u00ed mismo a trav\u00e9s de este servicio de venta de entradas online","breadcrumb":{"@id":"https:\/\/jackpotlotteryonline.com\/buy-tickets\/el-gordo\/#breadcrumb"},"inLanguage":"es","potentialAction":[{"@type":"ReadAction","target":["https:\/\/jackpotlotteryonline.com\/buy-tickets\/el-gordo\/"]}]},{"@type":"ImageObject","inLanguage":"es","@id":"https:\/\/jackpotlotteryonline.com\/buy-tickets\/el-gordo\/#primaryimage","url":"https:\/\/jackpotlotteryonline.com\/wp-content\/uploads\/2022\/10\/lotto_euros.jpg","contentUrl":"https:\/\/jackpotlotteryonline.com\/wp-content\/uploads\/2022\/10\/lotto_euros.jpg"},{"@type":"BreadcrumbList","@id":"https:\/\/jackpotlotteryonline.com\/buy-tickets\/el-gordo\/#breadcrumb","itemListElement":[{"@type":"ListItem","position":1,"name":"Home","item":"https:\/\/jackpotlotteryonline.com\/es\/"},{"@type":"ListItem","position":2,"name":"C\u00f3mo comprar boletos de loter\u00eda en l\u00ednea","item":"https:\/\/jackpotlotteryonline.com\/buy-tickets\/"},{"@type":"ListItem","position":3,"name":"Comprar entradas para El Gordo"}]},{"@type":"WebSite","@id":"https:\/\/jackpotlotteryonline.com\/#website","url":"https:\/\/jackpotlotteryonline.com\/","name":"Lotto Online - Crack The International Lottery Jackpots","description":"","potentialAction":[{"@type":"SearchAction","target":{"@type":"EntryPoint","urlTemplate":"https:\/\/jackpotlotteryonline.com\/?s={search_term_string}"},"query-input":"required name=search_term_string"}],"inLanguage":"es"}]}},"_links":{"self":[{"href":"https:\/\/jackpotlotteryonline.com\/es\/wp-json\/wp\/v2\/pages\/36647","targetHints":{"allow":["GET"]}}],"collection":[{"href":"https:\/\/jackpotlotteryonline.com\/es\/wp-json\/wp\/v2\/pages"}],"about":[{"href":"https:\/\/jackpotlotteryonline.com\/es\/wp-json\/wp\/v2\/types\/page"}],"author":[{"embeddable":true,"href":"https:\/\/jackpotlotteryonline.com\/es\/wp-json\/wp\/v2\/users\/1"}],"replies":[{"embeddable":true,"href":"https:\/\/jackpotlotteryonline.com\/es\/wp-json\/wp\/v2\/comments?post=36647"}],"version-history":[{"count":0,"href":"https:\/\/jackpotlotteryonline.com\/es\/wp-json\/wp\/v2\/pages\/36647\/revisions"}],"up":[{"embeddable":true,"href":"https:\/\/jackpotlotteryonline.com\/es\/wp-json\/wp\/v2\/pages\/35782"}],"wp:attachment":[{"href":"https:\/\/jackpotlotteryonline.com\/es\/wp-json\/wp\/v2\/media?parent=36647"}],"curies":[{"name":"wp","href":"https:\/\/api.w.org\/{rel}","templated":true}]}}