{"id":36699,"date":"2022-11-08T10:41:13","date_gmt":"2022-11-08T10:41:13","guid":{"rendered":"https:\/\/jackpotlotteryonline.com\/?page_id=36699"},"modified":"2023-01-03T21:17:08","modified_gmt":"2023-01-03T21:17:08","slug":"lotto-germany","status":"publish","type":"page","link":"https:\/\/jackpotlotteryonline.com\/es\/comprar-boletos\/lotto-germany\/","title":{"rendered":"Comprar billetes de la Loter\u00eda de Alemania"},"content":{"rendered":"<p>Los jugadores que viven fuera de Alemania pueden encontrar un poco dif\u00edcil comprar boletos para la loter\u00eda alemana, pero no tiene por qu\u00e9 ser as\u00ed. La loter\u00eda alemana es tambi\u00e9n conocida como 6 aus 49 y es una de las loter\u00edas m\u00e1s antiguas de Europa. Creada en 1955, se ha convertido r\u00e1pidamente en el principal juego de loter\u00eda del pa\u00eds.<\/p>\n<p>Las participaciones de esta loter\u00eda est\u00e1n disponibles en los vendedores acreditados de Alemania. Pero si usted vive en otra parte del mundo, tendr\u00eda que confiar en un sitio de loter\u00eda en l\u00ednea de confianza como jackpotlotoneline.com.<\/p>\n<p><a href=\"https:\/\/jackpotlotteryonline.com\/es\/como-se-juega\/german-lotto\">Jugar a la loter\u00eda<\/a> en l\u00ednea es sencillo y cuando se utiliza nuestro sitio, se convierte en una experiencia agradable y sin complicaciones.<\/p>\n<h2>C\u00f3mo jugar a la loter\u00eda alemana en nuestro sitio<\/h2>\n<p><img loading=\"lazy\" decoding=\"async\" class=\"alignright size-medium wp-image-33350\" src=\"http:\/\/jackpotlotteryonline.com\/wp-content\/uploads\/2022\/11\/2_ticket_euromillions3-1-111x300.jpg\" alt=\"billete de la loter\u00eda alemana\" width=\"111\" height=\"300\" srcset=\"https:\/\/jackpotlotteryonline.com\/wp-content\/uploads\/2022\/11\/2_ticket_euromillions3-1-111x300.jpg 111w, https:\/\/jackpotlotteryonline.com\/wp-content\/uploads\/2022\/11\/2_ticket_euromillions3-1.jpg 180w\" sizes=\"auto, (max-width: 111px) 100vw, 111px\" \/><\/p>\n<p>La traducci\u00f3n literal de 6 aus 49 es seis de 49. Para jugar a la loter\u00eda alemana, tiene que elegir seis n\u00fameros entre el 1 y el 49 y un n\u00famero de bonificaci\u00f3n del 0 al 9. Esto es igual tanto si juega fuera de l\u00ednea como por Internet.<\/p>\n<p>Cuando compras una entrada a la loter\u00eda alemana en nuestro sitio, puedes elegir 6 n\u00fameros de 49. Puedes elegir m\u00e1s de una l\u00ednea de n\u00fameros ya que cada uno cuenta para una entrada, d\u00e1ndote mayores probabilidades. A continuaci\u00f3n, puede elegir si quiere participar en un solo sorteo o en varios.<\/p>\n<p><a href=\"https:\/\/jackpotlotteryonline.com\/es\/numeros-ganadores\/german-lotto\">La loter\u00eda alemana tiene dos sorteos a la semana<\/a>, los mi\u00e9rcoles y los s\u00e1bados. Cuando haya hecho su elecci\u00f3n, el siguiente paso es pagar su compra. En ese momento le pediremos que se registre con nosotros. Esto es necesario por varias razones:<\/p>\n<ul>\n<li>Al registrarse, puede guardar sus boletos de entrada, ya que los necesitar\u00e1 para reclamar cualquier premio.<\/li>\n<li>Puede comprobar f\u00e1cilmente los resultados del sorteo, aunque si gana alg\u00fan premio, se lo haremos saber a trav\u00e9s de su panel de control y por correo electr\u00f3nico.<\/li>\n<li>Tambi\u00e9n puedes cobrar los premios que tengas directamente en nuestra plataforma<\/li>\n<\/ul>\n<h2>C\u00f3mo ganar la loter\u00eda<\/h2>\n<p>Durante los sorteos, se extraen seis n\u00fameros del 1 al 49. El n\u00famero de bonificaci\u00f3n, conocido como Superzahl, se extrae de otra m\u00e1quina. Si sus n\u00fameros coinciden con los n\u00fameros sorteados, entonces usted gana el bote.<\/p>\n<p>Es importante se\u00f1alar que el bote no es el \u00fanico premio que los jugadores pueden ganar cuando juegan a la loter\u00eda alemana. Esta loter\u00eda europea tiene 10 categor\u00edas de premios diferentes y hay un premio s\u00f3lo por acertar dos n\u00fameros y el n\u00famero de bonificaci\u00f3n.<\/p>\n<p>Como mencionamos antes, las probabilidades de ganar esta loter\u00eda son bastante buenas. Las probabilidades de ganar el bote son de 1 en 139.838.160 y las probabilidades generales de ganar un premio son de 1 en 31. Si nunca ha jugado al 6 aus 49 alem\u00e1n, este es un buen momento para pensar en hacer una apuesta. Puede hacerlo comprando una participaci\u00f3n en la loter\u00eda en jackpotlotoneline.com.<\/p>\n<h2>\u00bfC\u00f3mo s\u00e9 que tengo un boleto real?<\/h2>\n<p><img loading=\"lazy\" decoding=\"async\" class=\"size-medium wp-image-27698 alignright\" src=\"http:\/\/jackpotlotteryonline.com\/wp-content\/uploads\/2022\/11\/1_lottery_results-300x150.jpg\" alt=\"bolas de la loter\u00eda alemana\" width=\"300\" height=\"150\" srcset=\"https:\/\/jackpotlotteryonline.com\/wp-content\/uploads\/2022\/11\/1_lottery_results-300x150.jpg 300w, https:\/\/jackpotlotteryonline.com\/wp-content\/uploads\/2022\/11\/1_lottery_results.jpg 350w\" sizes=\"auto, (max-width: 300px) 100vw, 300px\" \/><\/p>\n<p>Esta es una pregunta muy importante, especialmente cuando usted est\u00e1 comprando boletos de loter\u00eda alemana en l\u00ednea. Es posible comprar lo que usted cree que es una entrada a la loter\u00eda, y sin embargo, no ser entrado en la loter\u00eda.<\/p>\n<p>La loter\u00eda tiene n\u00fameros de serie impresos en cada boleto y son importantes para determinar si un boleto es aut\u00e9ntico. En jackpotlotteryonline.com, tenemos un servicio de conserjer\u00eda para nuestros clientes. Lo que queremos decir es que cuando usted compra sus boletos de loter\u00eda en l\u00ednea con nosotros, sus boletos tendr\u00e1n los n\u00fameros de serie que vienen de la loter\u00eda alemana.<\/p>\n<p>En otras palabras, con nuestro servicio tendr\u00e1 acceso a la loter\u00eda. Si acierta los n\u00fameros sorteados, ganar\u00e1 el bote.<\/p>\n<h2>\u00bfC\u00f3mo puedo reclamar mis ganancias?<\/h2>\n<p>La ventaja de jugar a la loter\u00eda con nosotros es que no tiene que preocuparse de reclamar sus ganancias. En primer lugar, su resguardo est\u00e1 a salvo en su cuenta y no tiene miedo de perderlo. Dado que necesitar\u00e1 el resguardo para reclamar sus ganancias, esto es algo positivo. En 2021, un premio de 11,3 millones de euros volvi\u00f3 al fondo com\u00fan porque permaneci\u00f3 sin reclamar durante 3 a\u00f1os. No queremos que eso le ocurra a usted.<\/p>\n<p>En segundo lugar, si gana algo, se lo haremos saber inmediatamente y la pr\u00f3xima vez que se conecte a su cuenta, sus fondos estar\u00e1n all\u00ed esper\u00e1ndole. Simplemente retire los fondos a su cuenta bancaria y estar\u00e1 listo para disfrutar de sus ganancias.<\/p>\n<p>Sabemos que cuando juegas a la loter\u00eda, te preocupas por pasarlo bien. Despu\u00e9s de todo, se supone que es un juego divertido. Por eso trabajamos incansablemente para reducir el proceso de manera que sea fluido y sin complicaciones, dej\u00e1ndole libre para disfrutar del juego.<\/p>\n<section class=\"layout\" style=\"border: solid 1px; width: 100%;\">\n<div class=\"img-div\" style=\"margin-top: 5px;\"><img decoding=\"async\" class=\"wp-image-17212 alignleft\" style=\"height: 45px; margin: 8px 8px 0px;\" src=\"http:\/\/jackpotlotteryonline.com\/wp-content\/uploads\/2022\/11\/read1.jpg\" alt=\"leer\" width=\"\" height=\"\" \/><\/div>\n<div style=\"padding-left: 5px;\">\n<div style=\"font-size: 1.1em;\">\n<p><strong>\u00bfQu\u00e9 coche te comprar\u00edas si te tocara la loter\u00eda?<\/strong><\/p>\n<p style=\"font-size: 0.85em; margin-top: -1.5em;\">Ganar la loter\u00eda y conseguir un coche nuevo\u00a0\u00a0<a href=\"https:\/\/jackpotlotteryonline.com\/es\/que-coche-te-comprarias-si-te-tocara-la-loteria\"> Seguir leyendo<\/a><\/p>\n<\/div>\n<\/div>\n<\/section>\n<h2>6 aus 49 niveles de premios<\/h2>\n<p>\u00bfQuiere saber lo que puede ganar cuando juega a la loter\u00eda alemana? Aqu\u00ed est\u00e1n los diferentes niveles de premios y el porcentaje del fondo de premios asignado a cada nivel.<\/p>\n<p>Partido 6 + Superzahl &#8211; 12,80% (Bote)<br \/>\nPartido 6 s\u00f3lo &#8211; 10%.<br \/>\nPartido 5 + Superzahl &#8211; 5%.<br \/>\nS\u00f3lo partido 5 &#8211; 15%<br \/>\nPartido 4 + Superzahl &#8211; 5%<br \/>\nS\u00f3lo partido 4 &#8211; 10%<br \/>\nPartido 3 + Superzahl &#8211; 10%<br \/>\nS\u00f3lo partido 3 &#8211; 45%<br \/>\nPartido 2 + Superzahl &#8211; 6 euros<\/p>\n<p>Tenga en cuenta que los dem\u00e1s premios se determinan despu\u00e9s de que el bote se haya descontado de la bolsa de premios.<\/p>\n<h2>\u00bfA cu\u00e1nto asciende el bote?<\/h2>\n<p>El premio gordo de la loter\u00eda alemana comienza en 2 millones de euros y se acumula despu\u00e9s de cada sorteo, si no hay ganador. De este modo, el bote aumenta hasta alcanzar una cantidad apetecible.<\/p>\n<p>Por ejemplo, en octubre de 2020 un solo poseedor de un boleto gan\u00f3 un premio mayor de 42.583.626 euros. Ese premio fue el mayor bote de la historia de la loter\u00eda alemana. Le sigue de cerca el premio mayor de 33.832.008 euros, que tambi\u00e9n gan\u00f3 un jugador de loter\u00eda.<\/p>\n<p>Varios otros titulares de billetes de loter\u00eda alemanes han ganado premios mayores de millones de euros. No es de extra\u00f1ar, por tanto, que los jugadores de todo el mundo se apresuren a participar en los sorteos semanales.<\/p>\n<h2>Reg\u00edstrese con nosotros para jugar a la loter\u00eda online<\/h2>\n<p>No tiene que vivir en Alemania para participar en la loter\u00eda alemana. Si se registra con nosotros, tendr\u00e1 acceso a las mejores loter\u00edas internacionales. Realmente se abre un mundo de posibilidades. Tenga en cuenta tambi\u00e9n que los fondos de la loter\u00eda no est\u00e1n sujetos a impuestos en Alemania. Sin embargo, le aconsejamos que compruebe las leyes fiscales de su lugar de residencia.<\/p>\n<p>Entonces, \u00bfa qu\u00e9 espera? Reg\u00edstrese con nosotros para comprar sus boletos de loter\u00eda alemana en l\u00ednea y salte al emocionante mundo de los juegos de loter\u00eda internacionales.<\/p>\n","protected":false},"excerpt":{"rendered":"<p>Los jugadores que viven fuera de Alemania pueden encontrar un poco dif\u00edcil comprar boletos para la loter\u00eda alemana, pero no tiene por qu\u00e9 ser as\u00ed. La loter\u00eda alemana es tambi\u00e9n conocida como 6 aus 49 y es una de las loter\u00edas m\u00e1s antiguas de Europa. Creada en 1955, se ha convertido r\u00e1pidamente en el principal [&hellip;]<\/p>\n","protected":false},"author":1,"featured_media":0,"parent":35782,"menu_order":8,"comment_status":"closed","ping_status":"closed","template":"lotto-german-info.php","meta":{"_et_pb_use_builder":"","_et_pb_old_content":"","_et_gb_content_width":"","exclude_from_search":false,"footnotes":""},"class_list":["post-36699","page","type-page","status-publish","hentry"],"yoast_head":"<!-- This site is optimized with the Yoast SEO plugin v23.3 - https:\/\/yoast.com\/wordpress\/plugins\/seo\/ -->\n<title>Comprar billetes de la loter\u00eda alemana fuera de Alemania | Loter\u00eda de Alemania online<\/title>\n<meta name=\"description\" content=\"Boletos de la Loter\u00eda Alemana 6\/49 disponibles aqu\u00ed, puede comprarlos online de forma segura desde fuera de Alemania\" \/>\n<meta name=\"robots\" content=\"index, follow, max-snippet:-1, max-image-preview:large, max-video-preview:-1\" \/>\n<link rel=\"canonical\" href=\"https:\/\/jackpotlotteryonline.com\/buy-tickets\/lotto-germany\/\" \/>\n<meta property=\"og:locale\" content=\"es_ES\" \/>\n<meta property=\"og:type\" content=\"article\" \/>\n<meta property=\"og:title\" content=\"Comprar billetes de la loter\u00eda alemana fuera de Alemania | Loter\u00eda de Alemania online\" \/>\n<meta property=\"og:description\" content=\"Boletos de la Loter\u00eda Alemana 6\/49 disponibles aqu\u00ed, puede comprarlos online de forma segura desde fuera de Alemania\" \/>\n<meta property=\"og:url\" content=\"https:\/\/jackpotlotteryonline.com\/buy-tickets\/lotto-germany\/\" \/>\n<meta property=\"og:site_name\" content=\"Lotto Online - Crack The International Lottery Jackpots\" \/>\n<meta property=\"article:modified_time\" content=\"2023-01-03T21:17:08+00:00\" \/>\n<meta property=\"og:image\" content=\"http:\/\/jackpotlotteryonline.com\/wp-content\/uploads\/2022\/11\/2_ticket_euromillions3-1-111x300.jpg\" \/>\n<meta name=\"twitter:card\" content=\"summary_large_image\" \/>\n<meta name=\"twitter:label1\" content=\"Tiempo de lectura\" \/>\n\t<meta name=\"twitter:data1\" content=\"6 minutos\" \/>\n<!-- \/ Yoast SEO plugin. -->","yoast_head_json":{"title":"Comprar billetes de la loter\u00eda alemana fuera de Alemania | Loter\u00eda de Alemania online","description":"Boletos de la Loter\u00eda Alemana 6\/49 disponibles aqu\u00ed, puede comprarlos online de forma segura desde fuera de Alemania","robots":{"index":"index","follow":"follow","max-snippet":"max-snippet:-1","max-image-preview":"max-image-preview:large","max-video-preview":"max-video-preview:-1"},"canonical":"https:\/\/jackpotlotteryonline.com\/buy-tickets\/lotto-germany\/","og_locale":"es_ES","og_type":"article","og_title":"Comprar billetes de la loter\u00eda alemana fuera de Alemania | Loter\u00eda de Alemania online","og_description":"Boletos de la Loter\u00eda Alemana 6\/49 disponibles aqu\u00ed, puede comprarlos online de forma segura desde fuera de Alemania","og_url":"https:\/\/jackpotlotteryonline.com\/buy-tickets\/lotto-germany\/","og_site_name":"Lotto Online - Crack The International Lottery Jackpots","article_modified_time":"2023-01-03T21:17:08+00:00","og_image":[{"url":"http:\/\/jackpotlotteryonline.com\/wp-content\/uploads\/2022\/11\/2_ticket_euromillions3-1-111x300.jpg"}],"twitter_card":"summary_large_image","twitter_misc":{"Tiempo de lectura":"6 minutos"},"schema":{"@context":"https:\/\/schema.org","@graph":[{"@type":"WebPage","@id":"https:\/\/jackpotlotteryonline.com\/buy-tickets\/lotto-germany\/","url":"https:\/\/jackpotlotteryonline.com\/buy-tickets\/lotto-germany\/","name":"Comprar billetes de la loter\u00eda alemana fuera de Alemania | Loter\u00eda de Alemania online","isPartOf":{"@id":"https:\/\/jackpotlotteryonline.com\/#website"},"primaryImageOfPage":{"@id":"https:\/\/jackpotlotteryonline.com\/buy-tickets\/lotto-germany\/#primaryimage"},"image":{"@id":"https:\/\/jackpotlotteryonline.com\/buy-tickets\/lotto-germany\/#primaryimage"},"thumbnailUrl":"http:\/\/jackpotlotteryonline.com\/wp-content\/uploads\/2022\/11\/2_ticket_euromillions3-1-111x300.jpg","datePublished":"2022-11-08T10:41:13+00:00","dateModified":"2023-01-03T21:17:08+00:00","description":"Boletos de la Loter\u00eda Alemana 6\/49 disponibles aqu\u00ed, puede comprarlos online de forma segura desde fuera de Alemania","breadcrumb":{"@id":"https:\/\/jackpotlotteryonline.com\/buy-tickets\/lotto-germany\/#breadcrumb"},"inLanguage":"es","potentialAction":[{"@type":"ReadAction","target":["https:\/\/jackpotlotteryonline.com\/buy-tickets\/lotto-germany\/"]}]},{"@type":"ImageObject","inLanguage":"es","@id":"https:\/\/jackpotlotteryonline.com\/buy-tickets\/lotto-germany\/#primaryimage","url":"http:\/\/jackpotlotteryonline.com\/wp-content\/uploads\/2022\/11\/2_ticket_euromillions3-1-111x300.jpg","contentUrl":"http:\/\/jackpotlotteryonline.com\/wp-content\/uploads\/2022\/11\/2_ticket_euromillions3-1-111x300.jpg"},{"@type":"BreadcrumbList","@id":"https:\/\/jackpotlotteryonline.com\/buy-tickets\/lotto-germany\/#breadcrumb","itemListElement":[{"@type":"ListItem","position":1,"name":"Home","item":"https:\/\/jackpotlotteryonline.com\/es\/"},{"@type":"ListItem","position":2,"name":"C\u00f3mo comprar boletos de loter\u00eda en l\u00ednea","item":"https:\/\/jackpotlotteryonline.com\/buy-tickets\/"},{"@type":"ListItem","position":3,"name":"Comprar billetes de la Loter\u00eda de Alemania"}]},{"@type":"WebSite","@id":"https:\/\/jackpotlotteryonline.com\/#website","url":"https:\/\/jackpotlotteryonline.com\/","name":"Lotto Online - Crack The International Lottery Jackpots","description":"","potentialAction":[{"@type":"SearchAction","target":{"@type":"EntryPoint","urlTemplate":"https:\/\/jackpotlotteryonline.com\/?s={search_term_string}"},"query-input":"required name=search_term_string"}],"inLanguage":"es"}]}},"_links":{"self":[{"href":"https:\/\/jackpotlotteryonline.com\/es\/wp-json\/wp\/v2\/pages\/36699","targetHints":{"allow":["GET"]}}],"collection":[{"href":"https:\/\/jackpotlotteryonline.com\/es\/wp-json\/wp\/v2\/pages"}],"about":[{"href":"https:\/\/jackpotlotteryonline.com\/es\/wp-json\/wp\/v2\/types\/page"}],"author":[{"embeddable":true,"href":"https:\/\/jackpotlotteryonline.com\/es\/wp-json\/wp\/v2\/users\/1"}],"replies":[{"embeddable":true,"href":"https:\/\/jackpotlotteryonline.com\/es\/wp-json\/wp\/v2\/comments?post=36699"}],"version-history":[{"count":0,"href":"https:\/\/jackpotlotteryonline.com\/es\/wp-json\/wp\/v2\/pages\/36699\/revisions"}],"up":[{"embeddable":true,"href":"https:\/\/jackpotlotteryonline.com\/es\/wp-json\/wp\/v2\/pages\/35782"}],"wp:attachment":[{"href":"https:\/\/jackpotlotteryonline.com\/es\/wp-json\/wp\/v2\/media?parent=36699"}],"curies":[{"name":"wp","href":"https:\/\/api.w.org\/{rel}","templated":true}]}}