{"id":36754,"date":"2022-11-08T13:00:41","date_gmt":"2022-11-08T13:00:41","guid":{"rendered":"https:\/\/jackpotlotteryonline.com\/?page_id=36754"},"modified":"2022-12-21T15:53:14","modified_gmt":"2022-12-21T15:53:14","slug":"la-primitiva","status":"publish","type":"page","link":"https:\/\/jackpotlotteryonline.com\/es\/comprar-boletos\/la-primitiva\/","title":{"rendered":"Comprar entradas para La Primitiva"},"content":{"rendered":"<h2>La Primitiva Online<\/h2>\n<p>Las loter\u00edas espa\u00f1olas siempre han capturado la imaginaci\u00f3n de muchos y La Primitiva no es una excepci\u00f3n. Y ahora puede <strong>comprar un billete de La Primitiva online desde fuera de Espa\u00f1a.<\/strong> Anteriormente, La Primitiva s\u00f3lo estaba limitada a los ciudadanos espa\u00f1oles, sin embargo, con la difusi\u00f3n de las comunicaciones, ha pasado a la siguiente generaci\u00f3n y se ofrece a todos los mayores de 18 a\u00f1os.<\/p>\n<p>A trav\u00e9s de nuestra p\u00e1gina web, ahora se puede jugar a la Loter\u00eda La Primitiva en l\u00ednea. Es una de las principales loter\u00edas europeas y viene con premios enormes.<\/p>\n<p>Si quiere comprar un billete de la loter\u00eda La Primitiva online y vive fuera de Espa\u00f1a, la \u00fanica opci\u00f3n que tiene es comprarlo con nosotros. Con muchos clientes de todo el mundo, le ofrecemos los mejores servicios, que incluyen la compra del billete de La Primitiva en su nombre, la ayuda en la selecci\u00f3n de los n\u00fameros y la garant\u00eda de que el dinero del premio le ser\u00e1 entregado de forma segura.<\/p>\n<section class=\"layout\" style=\"border: solid 1px; width: 100%;\">\n<div class=\"img-div\" style=\"margin-top: 5px;\"><img decoding=\"async\" class=\"wp-image-17212 alignleft\" style=\"height: 45px; margin: 8px 8px 0px;\" src=\"https:\/\/jackpotlotteryonline.com\/wp-content\/uploads\/2022\/11\/read1.jpg\" alt=\"leer\" width=\"\" height=\"\" \/><\/div>\n<div style=\"padding-left: 5px;\">\n<div style=\"font-size: 1.1em;\">\n<p><strong>\u00bfCu\u00e1l es el secreto del \u00e9xito en la loter\u00eda?<\/strong><\/p>\n<p style=\"font-size: 0.85em; margin-top: -1.5em;\">C\u00f3mo jugar a la loter\u00eda con \u00e9xito\u00a0<a href=\"https:\/\/jackpotlotteryonline.com\/es\/cual-es-el-secreto-del-exito-de-la-loteria\"> Seguir leyendo<\/a><\/p>\n<\/div>\n<\/div>\n<\/section>\n<h2>Por qu\u00e9 jugar a La Primitiva Online<\/h2>\n<p><a href=\"https:\/\/jackpotlotteryonline.com\/es\/numeros-ganadores\/la-primitiva\">La Primitiva Online se sortea tres<\/a> veces a la semana. Esto da tiempo a que los botes aumenten r\u00e1pidamente. Al mismo tiempo, las posibilidades de ganar son bastante buenas, incluso para los niveles de premios m\u00e1s altos. Cada aficionado a la loter\u00eda que participa en La Primitiva Online tiene 1 a 6 probabilidades de ganar un premio en met\u00e1lico.<\/p>\n<h2>La Primitiva vs El Gordo vs La Loter\u00eda de Navidad espa\u00f1ola<\/h2>\n<p>Por mucho, una de las loter\u00edas m\u00e1s grandes en t\u00e9rminos de premios ofrecidos, La Primitiva es una de las m\u00e1s buscadas entre los muchos botes de loter\u00eda a los que puede <a href=\"https:\/\/jackpotlotteryonline.com\/es\/como-se-juega\/la-primitiva-2\">jugar en nuestro sitio<\/a>. No hay raz\u00f3n para perder la esperanza o la oportunidad aunque no vivas en Espa\u00f1a. Puedes jugar desde cualquier parte del mundo si eres mayor de 18 a\u00f1os.<\/p>\n<p>El Gordo es una loter\u00eda totalmente diferente, pero tambi\u00e9n puedes jugar en nuestro sitio. El Gordo s\u00f3lo se sortea una vez a la semana, los domingos.<\/p>\n<p>Adem\u00e1s de los sorteos semanales de La Primitiva y El Gordo, existe la edici\u00f3n de Navidad de El Gordo, que se sortea una sola vez al a\u00f1o, el 22 de diciembre.<\/p>\n","protected":false},"excerpt":{"rendered":"<p>La Primitiva Online Las loter\u00edas espa\u00f1olas siempre han capturado la imaginaci\u00f3n de muchos y La Primitiva no es una excepci\u00f3n. Y ahora puede comprar un billete de La Primitiva online desde fuera de Espa\u00f1a. Anteriormente, La Primitiva s\u00f3lo estaba limitada a los ciudadanos espa\u00f1oles, sin embargo, con la difusi\u00f3n de las comunicaciones, ha pasado a [&hellip;]<\/p>\n","protected":false},"author":1,"featured_media":0,"parent":35782,"menu_order":7,"comment_status":"closed","ping_status":"closed","template":"la-primitiva-info.php","meta":{"_et_pb_use_builder":"","_et_pb_old_content":"","_et_gb_content_width":"","exclude_from_search":false,"footnotes":""},"class_list":["post-36754","page","type-page","status-publish","hentry"],"yoast_head":"<!-- This site is optimized with the Yoast SEO plugin v23.3 - https:\/\/yoast.com\/wordpress\/plugins\/seo\/ -->\n<title>Comprar billete de la Loter\u00eda de La Primitiva Online y desde fuera de Espa\u00f1a<\/title>\n<meta name=\"description\" content=\"Compra boletos de La Primitiva Lotto desde fuera de Espa\u00f1a, cruza los dedos, espera y \u00a1hazlo a lo grande!\" \/>\n<meta name=\"robots\" content=\"index, follow, max-snippet:-1, max-image-preview:large, max-video-preview:-1\" \/>\n<link rel=\"canonical\" href=\"https:\/\/jackpotlotteryonline.com\/es\/comprar-boletos\/la-primitiva\/\" \/>\n<meta property=\"og:locale\" content=\"es_ES\" \/>\n<meta property=\"og:type\" content=\"article\" \/>\n<meta property=\"og:title\" content=\"Comprar billete de la Loter\u00eda de La Primitiva Online y desde fuera de Espa\u00f1a\" \/>\n<meta property=\"og:description\" content=\"Compra boletos de La Primitiva Lotto desde fuera de Espa\u00f1a, cruza los dedos, espera y \u00a1hazlo a lo grande!\" \/>\n<meta property=\"og:url\" content=\"https:\/\/jackpotlotteryonline.com\/es\/comprar-boletos\/la-primitiva\/\" \/>\n<meta property=\"og:site_name\" content=\"Lotto Online - Crack The International Lottery Jackpots\" \/>\n<meta property=\"article:modified_time\" content=\"2022-12-21T15:53:14+00:00\" \/>\n<meta property=\"og:image\" content=\"https:\/\/jackpotlotteryonline.com\/wp-content\/uploads\/2022\/11\/read1.jpg\" \/>\n<meta name=\"twitter:card\" content=\"summary_large_image\" \/>\n<meta name=\"twitter:label1\" content=\"Tiempo de lectura\" \/>\n\t<meta name=\"twitter:data1\" content=\"2 minutos\" \/>\n<!-- \/ Yoast SEO plugin. -->","yoast_head_json":{"title":"Comprar billete de la Loter\u00eda de La Primitiva Online y desde fuera de Espa\u00f1a","description":"Compra boletos de La Primitiva Lotto desde fuera de Espa\u00f1a, cruza los dedos, espera y \u00a1hazlo a lo grande!","robots":{"index":"index","follow":"follow","max-snippet":"max-snippet:-1","max-image-preview":"max-image-preview:large","max-video-preview":"max-video-preview:-1"},"canonical":"https:\/\/jackpotlotteryonline.com\/es\/comprar-boletos\/la-primitiva\/","og_locale":"es_ES","og_type":"article","og_title":"Comprar billete de la Loter\u00eda de La Primitiva Online y desde fuera de Espa\u00f1a","og_description":"Compra boletos de La Primitiva Lotto desde fuera de Espa\u00f1a, cruza los dedos, espera y \u00a1hazlo a lo grande!","og_url":"https:\/\/jackpotlotteryonline.com\/es\/comprar-boletos\/la-primitiva\/","og_site_name":"Lotto Online - Crack The International Lottery Jackpots","article_modified_time":"2022-12-21T15:53:14+00:00","og_image":[{"url":"https:\/\/jackpotlotteryonline.com\/wp-content\/uploads\/2022\/11\/read1.jpg"}],"twitter_card":"summary_large_image","twitter_misc":{"Tiempo de lectura":"2 minutos"},"schema":{"@context":"https:\/\/schema.org","@graph":[{"@type":"WebPage","@id":"https:\/\/jackpotlotteryonline.com\/es\/comprar-boletos\/la-primitiva\/","url":"https:\/\/jackpotlotteryonline.com\/es\/comprar-boletos\/la-primitiva\/","name":"Comprar billete de la Loter\u00eda de La Primitiva Online y desde fuera de Espa\u00f1a","isPartOf":{"@id":"https:\/\/jackpotlotteryonline.com\/#website"},"primaryImageOfPage":{"@id":"https:\/\/jackpotlotteryonline.com\/es\/comprar-boletos\/la-primitiva\/#primaryimage"},"image":{"@id":"https:\/\/jackpotlotteryonline.com\/es\/comprar-boletos\/la-primitiva\/#primaryimage"},"thumbnailUrl":"https:\/\/jackpotlotteryonline.com\/wp-content\/uploads\/2022\/11\/read1.jpg","datePublished":"2022-11-08T13:00:41+00:00","dateModified":"2022-12-21T15:53:14+00:00","description":"Compra boletos de La Primitiva Lotto desde fuera de Espa\u00f1a, cruza los dedos, espera y \u00a1hazlo a lo grande!","breadcrumb":{"@id":"https:\/\/jackpotlotteryonline.com\/es\/comprar-boletos\/la-primitiva\/#breadcrumb"},"inLanguage":"es","potentialAction":[{"@type":"ReadAction","target":["https:\/\/jackpotlotteryonline.com\/es\/comprar-boletos\/la-primitiva\/"]}]},{"@type":"ImageObject","inLanguage":"es","@id":"https:\/\/jackpotlotteryonline.com\/es\/comprar-boletos\/la-primitiva\/#primaryimage","url":"https:\/\/jackpotlotteryonline.com\/wp-content\/uploads\/2022\/11\/read1.jpg","contentUrl":"https:\/\/jackpotlotteryonline.com\/wp-content\/uploads\/2022\/11\/read1.jpg"},{"@type":"BreadcrumbList","@id":"https:\/\/jackpotlotteryonline.com\/es\/comprar-boletos\/la-primitiva\/#breadcrumb","itemListElement":[{"@type":"ListItem","position":1,"name":"Home","item":"https:\/\/jackpotlotteryonline.com\/es\/"},{"@type":"ListItem","position":2,"name":"C\u00f3mo comprar boletos de loter\u00eda en l\u00ednea","item":"https:\/\/jackpotlotteryonline.com\/buy-tickets\/"},{"@type":"ListItem","position":3,"name":"Comprar entradas para La Primitiva"}]},{"@type":"WebSite","@id":"https:\/\/jackpotlotteryonline.com\/#website","url":"https:\/\/jackpotlotteryonline.com\/","name":"Lotto Online - Crack The International Lottery Jackpots","description":"","potentialAction":[{"@type":"SearchAction","target":{"@type":"EntryPoint","urlTemplate":"https:\/\/jackpotlotteryonline.com\/?s={search_term_string}"},"query-input":"required name=search_term_string"}],"inLanguage":"es"}]}},"_links":{"self":[{"href":"https:\/\/jackpotlotteryonline.com\/es\/wp-json\/wp\/v2\/pages\/36754","targetHints":{"allow":["GET"]}}],"collection":[{"href":"https:\/\/jackpotlotteryonline.com\/es\/wp-json\/wp\/v2\/pages"}],"about":[{"href":"https:\/\/jackpotlotteryonline.com\/es\/wp-json\/wp\/v2\/types\/page"}],"author":[{"embeddable":true,"href":"https:\/\/jackpotlotteryonline.com\/es\/wp-json\/wp\/v2\/users\/1"}],"replies":[{"embeddable":true,"href":"https:\/\/jackpotlotteryonline.com\/es\/wp-json\/wp\/v2\/comments?post=36754"}],"version-history":[{"count":0,"href":"https:\/\/jackpotlotteryonline.com\/es\/wp-json\/wp\/v2\/pages\/36754\/revisions"}],"up":[{"embeddable":true,"href":"https:\/\/jackpotlotteryonline.com\/es\/wp-json\/wp\/v2\/pages\/35782"}],"wp:attachment":[{"href":"https:\/\/jackpotlotteryonline.com\/es\/wp-json\/wp\/v2\/media?parent=36754"}],"curies":[{"name":"wp","href":"https:\/\/api.w.org\/{rel}","templated":true}]}}