{"id":36808,"date":"2022-11-09T07:28:26","date_gmt":"2022-11-09T07:28:26","guid":{"rendered":"https:\/\/jackpotlotteryonline.com\/?page_id=36808"},"modified":"2023-01-03T21:45:23","modified_gmt":"2023-01-03T21:45:23","slug":"lotto-france","status":"publish","type":"page","link":"https:\/\/jackpotlotteryonline.com\/es\/comprar-boletos\/lotto-france\/","title":{"rendered":"Comprar billetes de la Loter\u00eda de Francia"},"content":{"rendered":"<p>Se pueden comprar boletos de la Loter\u00eda de Francia desde fuera del pa\u00eds europeo? Tal vez usted es un jugador experimentado o un novato y se est\u00e1 preguntando por qu\u00e9 estar\u00eda interesado en esa loter\u00eda en particular. Vamos a compartir con usted algunas razones por las que creemos que la loter\u00eda nacional francesa es un gran juego para jugar. Si usted es un jugador de otra parte del mundo, descubrir\u00e1 c\u00f3mo comprar entradas en esta loter\u00eda tambi\u00e9n.<\/p>\n<p>La loter\u00eda es un juego de azar y, a veces, es necesario extender la red para pescar peces m\u00e1s grandes. B\u00e1sicamente, esto significa explorar otras loter\u00edas para que pueda aumentar sus posibilidades de ganar. La loter\u00eda francesa es una buena loter\u00eda para probar por muchas razones y las tocaremos en este art\u00edculo.<\/p>\n<h2>Sorprendentes cantidades de bote<\/h2>\n<p>Tambi\u00e9n llamada France Lotto o simplemente Loto para abreviar, la loter\u00eda francesa tiene botes muy atractivos, que atraen a jugadores de todo el mundo. Con una cantidad inicial de 2 millones de euros, el bote tiene el potencial de crecer mucho m\u00e1s si no se gana despu\u00e9s de cada sorteo.<\/p>\n<p>El bote de la loter\u00eda francesa se acumula cuando no hay ning\u00fan ganador y sigue aumentando hasta llegar a una cantidad considerable. Al jugar a esta loter\u00eda europea, podr\u00eda ser el ganador de un bote de 11 millones de euros o m\u00e1s.<\/p>\n<p>Para contextualizar, el bote aumenta en 1 mill\u00f3n de euros despu\u00e9s de cada sorteo y puede aumentar 34 veces consecutivas antes de que deje de rodar. Trate de imaginar a cu\u00e1nto podr\u00eda ascender todo, y adem\u00e1s con bastante rapidez.<\/p>\n<h2>Varios sorteos a la semana<\/h2>\n<p>La raz\u00f3n por la que el premio gordo crece tan r\u00e1pidamente es por el n\u00famero de sorteos que tiene.<a href=\"https:\/\/jackpotlotteryonline.com\/es\/numeros-ganadores\/france-lotto-2\"> La loter\u00eda francesa tiene tres sorteos a la semana<\/a>, lo que da a los jugadores varias oportunidades de ganar a lo grande. Los sorteos tienen lugar los lunes, mi\u00e9rcoles y s\u00e1bados.<\/p>\n<p>Si decide participar en esta loter\u00eda, le recomendamos que participe en varios sorteos, ya que es una buena forma de aumentar sus posibilidades de ganar.<\/p>\n<h2>10 categor\u00edas de premios diferentes<\/h2>\n<p><img loading=\"lazy\" decoding=\"async\" class=\"alignright size-full wp-image-30344\" src=\"http:\/\/jackpotlotteryonline.com\/wp-content\/uploads\/2022\/11\/1_winning_numbers_euromillions.jpg\" alt=\"Categor\u00eda de premios de la loter\u00eda de Francia\" width=\"300\" height=\"300\" srcset=\"https:\/\/jackpotlotteryonline.com\/wp-content\/uploads\/2022\/11\/1_winning_numbers_euromillions.jpg 300w, https:\/\/jackpotlotteryonline.com\/wp-content\/uploads\/2022\/11\/1_winning_numbers_euromillions-100x100.jpg 100w, https:\/\/jackpotlotteryonline.com\/wp-content\/uploads\/2022\/11\/1_winning_numbers_euromillions-150x150.jpg 150w\" sizes=\"auto, (max-width: 300px) 100vw, 300px\" \/><\/p>\n<p>El premio mayor es atractivo, pero no es lo \u00fanico que puede ganar cuando<a href=\"https:\/\/jackpotlotteryonline.com\/es\/como-se-juega\/france-lotto\"> juega a la loter\u00eda francesa<\/a>. Esta loter\u00eda, creada en 1978, tiene diez categor\u00edas de premios diferentes. Incluso hay un premio por acertar el n\u00famero del azar.<\/p>\n<p>Las categor\u00edas de premios son las siguientes<\/p>\n<p>Aciertos de 5 n\u00fameros + n\u00famero de azar &#8211; Premio gordo<br \/>\nAcertar s\u00f3lo 5 n\u00fameros &#8211; 8,44% del fondo del premio<br \/>\nAcertar 4 n\u00fameros + n\u00famero de azar &#8211; 2,06% del fondo de premios<br \/>\nSi acierta s\u00f3lo 4 n\u00fameros &#8211; el 7,43% del premio<br \/>\nCombinaci\u00f3n de 3 n\u00fameros + n\u00famero de azar &#8211; 4,44% del fondo de premios<br \/>\nS\u00f3lo 3 n\u00fameros &#8211; 15,98% del premio<br \/>\n2 n\u00fameros acertados + n\u00famero de azar &#8211; 12,43% del fondo de premios<br \/>\nS\u00f3lo 2 n\u00fameros &#8211; 49,22% del premio<br \/>\nN\u00famero del partido 1 + n\u00famero de azar &#8211; 2,20 euros<br \/>\nS\u00f3lo n\u00famero de azar &#8211; 2,20 euros<\/p>\n<h2>F\u00e1cil de jugar fuera de l\u00ednea y en l\u00ednea<\/h2>\n<p>Otra raz\u00f3n para considerar jugar a la loter\u00eda francesa es que es bastante f\u00e1cil entrar en la loter\u00eda. Si vive en Francia, entrar en la loter\u00eda es tan sencillo como ir a un vendedor de loter\u00eda registrado para comprar un boleto de loter\u00eda. En el boleto, puede elegir 5 n\u00fameros principales y un n\u00famero de azar. Puede elegir m\u00e1s de una l\u00ednea de n\u00fameros para aumentar sus posibilidades de ganar la loter\u00eda.<\/p>\n<p>Sin embargo, si vive fuera de Francia, participar en la loter\u00eda es menos sencillo. No puede entrar en una tienda para comprar boletos de loter\u00eda para esta loter\u00eda, por lo que la opci\u00f3n es comprar boletos en l\u00ednea. Si participa en la loter\u00eda a trav\u00e9s de Internet, se aplica el mismo principio. Es decir, elegir 5 n\u00fameros principales y un n\u00famero de azar.<\/p>\n<p>Tanto si juega a la loter\u00eda fuera de l\u00ednea como en l\u00ednea, debe elegir el n\u00famero de sorteos en los que desea participar. Al final de los sorteos, el billete que coincida con los n\u00fameros sorteados gana la loter\u00eda.<\/p>\n<section class=\"layout\" style=\"border: solid 1px; width: 100%;\">\n<div class=\"img-div\" style=\"margin-top: 5px;\"><img decoding=\"async\" class=\"wp-image-17212 alignleft\" style=\"height: 45px; margin: 8px 8px 0px;\" src=\"http:\/\/jackpotlotteryonline.com\/wp-content\/uploads\/2022\/11\/read1.jpg\" alt=\"leer\" width=\"\" height=\"\" \/><\/div>\n<div style=\"padding-left: 5px;\">\n<div style=\"font-size: 1.1em;\">\n<p><strong>Vea en directo el sorteo de sus n\u00fameros de loter\u00eda<\/strong><\/p>\n<p style=\"font-size: 0.85em; margin-top: -1.5em;\">C\u00f3mo ver los sorteos en directo de tus loter\u00edas favoritas \u00a0<a href=\"https:\/\/jackpotlotteryonline.com\/es\/vea-su-sorteo-de-numeros-de-loteria-en-vivo\">Seguir leyendo<\/a><\/p>\n<\/div>\n<\/div>\n<\/section>\n<h2>Jugar a la loter\u00eda francesa con jackpotlotteryonline.com<\/h2>\n<p>Si es la primera vez que juega a la loter\u00eda a trav\u00e9s de Internet, las cosas pueden resultar muy confusas r\u00e1pidamente. \u00bfC\u00f3mo se puede clasificar a trav\u00e9s de todos los diferentes sitios que dicen vender billetes de loter\u00eda a los vendedores aut\u00e9nticos? Es sencillo. Busque un sitio que ofrezca servicios de conserjer\u00eda.<\/p>\n<p>En jackpotlotteryoneline.com ofrecemos servicios de conserjer\u00eda a nuestros clientes para asegurarles el acceso a las loter\u00edas de su elecci\u00f3n. Cuando usted compra una entrada en nuestro sitio, nuestros agentes en Francia comprar\u00e1n boletos f\u00edsicos con su n\u00famero seleccionado.<\/p>\n<p>La raz\u00f3n de esto es asegurar que usted no s\u00f3lo est\u00e1 apostando por el resultado de la loter\u00eda, sino que realmente est\u00e1 entrando en los sorteos para tener la oportunidad de ganar el bote.<\/p>\n<h2>Consejos para aumentar las posibilidades de ganar<\/h2>\n<p><img loading=\"lazy\" decoding=\"async\" class=\"alignright size-full wp-image-35051\" src=\"http:\/\/jackpotlotteryonline.com\/wp-content\/uploads\/2022\/11\/2_ticket_saturday_lotto_au-1-166x300-1.jpg\" alt=\"Billete de la loter\u00eda de Francia\" width=\"166\" height=\"300\" \/><\/p>\n<p>La loter\u00eda es un juego de n\u00fameros. Cuanto m\u00e1s juegue, m\u00e1s posibilidades tendr\u00e1 de ganar. Un gran porcentaje de los ganadores de la loter\u00eda revelaron que hab\u00edan estado jugando durante varios a\u00f1os antes de ganar. Por eso, aqu\u00ed tienes algunas formas de aumentar tus posibilidades de ganar la loter\u00eda.<\/p>\n<ul>\n<li>Compre varias participaciones para la loter\u00eda. Esto parece muy obvio, pero hay personas que compran una sola participaci\u00f3n para un solo sorteo y luego se sienten decepcionadas porque no han ganado. Si quieres aumentar tus posibilidades de ganar, tienes que comprar varias participaciones.<\/li>\n<li>Tambi\u00e9n hay que participar en varios sorteos. La l\u00f3gica es la misma para los sorteos. Cuantos m\u00e1s sorteos participes, m\u00e1s posibilidades tendr\u00e1s de ganar a lo grande.<\/li>\n<li>Intenta unirte a una pe\u00f1a de loter\u00eda. Se trata de un grupo de personas que se re\u00fanen para poner en com\u00fan sus recursos y poder jugar a la loter\u00eda. Con los recursos reunidos, pueden comprar m\u00e1s participaciones y participar en varios sorteos. Curiosamente, muchas pe\u00f1as de loter\u00eda han ganado incre\u00edbles botes a lo largo de los a\u00f1os, por lo que es una buena opci\u00f3n para probar.<\/li>\n<li>Cree que vas a ganar. La ley de la atracci\u00f3n es una cosa y muchos ganadores de loter\u00eda te dir\u00edan que ten\u00edan fe en que ganar\u00edan la loter\u00eda. Si vas a pasar alg\u00fan tiempo jugando a la loter\u00eda, es una buena idea tener una fuerte creencia de que vas a ganar.<\/li>\n<li>No te rindas. Es tentador rendirse cuando juegas unas cuantas veces sin ganar. Pero si realmente quiere ganar a lo grande, tiene que ser constante. Apueste s\u00f3lo lo que pueda permitirse.<\/li>\n<li>Recuerde divertirse cuando juegue a la loter\u00eda. Al fin y al cabo, no deja de ser un juego y mientras disfrutes de la experiencia, merece la pena.<\/li>\n<\/ul>\n<h2>Compre ahora sus billetes de la loter\u00eda francesa<\/h2>\n<p>Si est\u00e1 entusiasmado con la loter\u00eda francesa como nosotros, entonces es el momento de comprar su participaci\u00f3n en la loter\u00eda. Afortunadamente, ya no importa d\u00f3nde viva, ya que puede comprar sus boletos en l\u00ednea.<\/p>\n<p>Cuando se registra con nosotros, no tiene que preocuparse por perder sus boletos u olvidarse de comprobar los resultados. Nosotros nos encargamos de todo eso y le avisamos de las ganancias que pueda tener. Tambi\u00e9n puede retirar sus ganancias f\u00e1cilmente a trav\u00e9s de nuestra plataforma.<\/p>\n<p>Jugar a la loter\u00eda es una experiencia fluida y sin estr\u00e9s cuando juegas en nuestro sitio. Nunca se sabe si este es el d\u00eda en que la suerte estar\u00e1 de su lado. As\u00ed que, \u00bfpor qu\u00e9 no te registras con nosotros hoy para comprar boletos de la loter\u00eda francesa?<\/p>\n","protected":false},"excerpt":{"rendered":"<p>Se pueden comprar boletos de la Loter\u00eda de Francia desde fuera del pa\u00eds europeo? Tal vez usted es un jugador experimentado o un novato y se est\u00e1 preguntando por qu\u00e9 estar\u00eda interesado en esa loter\u00eda en particular. Vamos a compartir con usted algunas razones por las que creemos que la loter\u00eda nacional francesa es un [&hellip;]<\/p>\n","protected":false},"author":1,"featured_media":0,"parent":35782,"menu_order":9,"comment_status":"closed","ping_status":"closed","template":"lotto-fr-info.php","meta":{"_et_pb_use_builder":"","_et_pb_old_content":"","_et_gb_content_width":"","exclude_from_search":false,"footnotes":""},"class_list":["post-36808","page","type-page","status-publish","hentry"],"yoast_head":"<!-- This site is optimized with the Yoast SEO plugin v23.3 - https:\/\/yoast.com\/wordpress\/plugins\/seo\/ -->\n<title>Comprar billetes de la loter\u00eda francesa desde fuera de Francia | Obtener billetes de la loter\u00eda francesa online<\/title>\n<meta name=\"description\" content=\"Para comprar billetes de la Loter\u00eda de Francia, no es necesario estar en Francia. \u00a1Obtenga sus boletos de la loter\u00eda francesa en l\u00ednea aqu\u00ed!\" \/>\n<meta name=\"robots\" content=\"index, follow, max-snippet:-1, max-image-preview:large, max-video-preview:-1\" \/>\n<link rel=\"canonical\" href=\"https:\/\/jackpotlotteryonline.com\/es\/comprar-boletos\/lotto-france\/\" \/>\n<meta property=\"og:locale\" content=\"es_ES\" \/>\n<meta property=\"og:type\" content=\"article\" \/>\n<meta property=\"og:title\" content=\"Comprar billetes de la loter\u00eda francesa desde fuera de Francia | Obtener billetes de la loter\u00eda francesa online\" \/>\n<meta property=\"og:description\" content=\"Para comprar billetes de la Loter\u00eda de Francia, no es necesario estar en Francia. \u00a1Obtenga sus boletos de la loter\u00eda francesa en l\u00ednea aqu\u00ed!\" \/>\n<meta property=\"og:url\" content=\"https:\/\/jackpotlotteryonline.com\/es\/comprar-boletos\/lotto-france\/\" \/>\n<meta property=\"og:site_name\" content=\"Lotto Online - Crack The International Lottery Jackpots\" \/>\n<meta property=\"article:modified_time\" content=\"2023-01-03T21:45:23+00:00\" \/>\n<meta property=\"og:image\" content=\"http:\/\/jackpotlotteryonline.com\/wp-content\/uploads\/2022\/11\/1_winning_numbers_euromillions.jpg\" \/>\n<meta name=\"twitter:card\" content=\"summary_large_image\" \/>\n<meta name=\"twitter:label1\" content=\"Tiempo de lectura\" \/>\n\t<meta name=\"twitter:data1\" content=\"7 minutos\" \/>\n<!-- \/ Yoast SEO plugin. -->","yoast_head_json":{"title":"Comprar billetes de la loter\u00eda francesa desde fuera de Francia | Obtener billetes de la loter\u00eda francesa online","description":"Para comprar billetes de la Loter\u00eda de Francia, no es necesario estar en Francia. \u00a1Obtenga sus boletos de la loter\u00eda francesa en l\u00ednea aqu\u00ed!","robots":{"index":"index","follow":"follow","max-snippet":"max-snippet:-1","max-image-preview":"max-image-preview:large","max-video-preview":"max-video-preview:-1"},"canonical":"https:\/\/jackpotlotteryonline.com\/es\/comprar-boletos\/lotto-france\/","og_locale":"es_ES","og_type":"article","og_title":"Comprar billetes de la loter\u00eda francesa desde fuera de Francia | Obtener billetes de la loter\u00eda francesa online","og_description":"Para comprar billetes de la Loter\u00eda de Francia, no es necesario estar en Francia. \u00a1Obtenga sus boletos de la loter\u00eda francesa en l\u00ednea aqu\u00ed!","og_url":"https:\/\/jackpotlotteryonline.com\/es\/comprar-boletos\/lotto-france\/","og_site_name":"Lotto Online - Crack The International Lottery Jackpots","article_modified_time":"2023-01-03T21:45:23+00:00","og_image":[{"url":"http:\/\/jackpotlotteryonline.com\/wp-content\/uploads\/2022\/11\/1_winning_numbers_euromillions.jpg"}],"twitter_card":"summary_large_image","twitter_misc":{"Tiempo de lectura":"7 minutos"},"schema":{"@context":"https:\/\/schema.org","@graph":[{"@type":"WebPage","@id":"https:\/\/jackpotlotteryonline.com\/es\/comprar-boletos\/lotto-france\/","url":"https:\/\/jackpotlotteryonline.com\/es\/comprar-boletos\/lotto-france\/","name":"Comprar billetes de la loter\u00eda francesa desde fuera de Francia | Obtener billetes de la loter\u00eda francesa online","isPartOf":{"@id":"https:\/\/jackpotlotteryonline.com\/#website"},"primaryImageOfPage":{"@id":"https:\/\/jackpotlotteryonline.com\/es\/comprar-boletos\/lotto-france\/#primaryimage"},"image":{"@id":"https:\/\/jackpotlotteryonline.com\/es\/comprar-boletos\/lotto-france\/#primaryimage"},"thumbnailUrl":"http:\/\/jackpotlotteryonline.com\/wp-content\/uploads\/2022\/11\/1_winning_numbers_euromillions.jpg","datePublished":"2022-11-09T07:28:26+00:00","dateModified":"2023-01-03T21:45:23+00:00","description":"Para comprar billetes de la Loter\u00eda de Francia, no es necesario estar en Francia. \u00a1Obtenga sus boletos de la loter\u00eda francesa en l\u00ednea aqu\u00ed!","breadcrumb":{"@id":"https:\/\/jackpotlotteryonline.com\/es\/comprar-boletos\/lotto-france\/#breadcrumb"},"inLanguage":"es","potentialAction":[{"@type":"ReadAction","target":["https:\/\/jackpotlotteryonline.com\/es\/comprar-boletos\/lotto-france\/"]}]},{"@type":"ImageObject","inLanguage":"es","@id":"https:\/\/jackpotlotteryonline.com\/es\/comprar-boletos\/lotto-france\/#primaryimage","url":"http:\/\/jackpotlotteryonline.com\/wp-content\/uploads\/2022\/11\/1_winning_numbers_euromillions.jpg","contentUrl":"http:\/\/jackpotlotteryonline.com\/wp-content\/uploads\/2022\/11\/1_winning_numbers_euromillions.jpg"},{"@type":"BreadcrumbList","@id":"https:\/\/jackpotlotteryonline.com\/es\/comprar-boletos\/lotto-france\/#breadcrumb","itemListElement":[{"@type":"ListItem","position":1,"name":"Home","item":"https:\/\/jackpotlotteryonline.com\/es\/"},{"@type":"ListItem","position":2,"name":"C\u00f3mo comprar boletos de loter\u00eda en l\u00ednea","item":"https:\/\/jackpotlotteryonline.com\/buy-tickets\/"},{"@type":"ListItem","position":3,"name":"Comprar billetes de la Loter\u00eda de Francia"}]},{"@type":"WebSite","@id":"https:\/\/jackpotlotteryonline.com\/#website","url":"https:\/\/jackpotlotteryonline.com\/","name":"Lotto Online - Crack The International Lottery Jackpots","description":"","potentialAction":[{"@type":"SearchAction","target":{"@type":"EntryPoint","urlTemplate":"https:\/\/jackpotlotteryonline.com\/?s={search_term_string}"},"query-input":"required name=search_term_string"}],"inLanguage":"es"}]}},"_links":{"self":[{"href":"https:\/\/jackpotlotteryonline.com\/es\/wp-json\/wp\/v2\/pages\/36808","targetHints":{"allow":["GET"]}}],"collection":[{"href":"https:\/\/jackpotlotteryonline.com\/es\/wp-json\/wp\/v2\/pages"}],"about":[{"href":"https:\/\/jackpotlotteryonline.com\/es\/wp-json\/wp\/v2\/types\/page"}],"author":[{"embeddable":true,"href":"https:\/\/jackpotlotteryonline.com\/es\/wp-json\/wp\/v2\/users\/1"}],"replies":[{"embeddable":true,"href":"https:\/\/jackpotlotteryonline.com\/es\/wp-json\/wp\/v2\/comments?post=36808"}],"version-history":[{"count":0,"href":"https:\/\/jackpotlotteryonline.com\/es\/wp-json\/wp\/v2\/pages\/36808\/revisions"}],"up":[{"embeddable":true,"href":"https:\/\/jackpotlotteryonline.com\/es\/wp-json\/wp\/v2\/pages\/35782"}],"wp:attachment":[{"href":"https:\/\/jackpotlotteryonline.com\/es\/wp-json\/wp\/v2\/media?parent=36808"}],"curies":[{"name":"wp","href":"https:\/\/api.w.org\/{rel}","templated":true}]}}