{"id":36861,"date":"2022-11-09T09:19:25","date_gmt":"2022-11-09T09:19:25","guid":{"rendered":"https:\/\/jackpotlotteryonline.com\/?page_id=36861"},"modified":"2023-01-04T09:22:50","modified_gmt":"2023-01-04T09:22:50","slug":"lotto-america","status":"publish","type":"page","link":"https:\/\/jackpotlotteryonline.com\/es\/comprar-boletos\/lotto-america\/","title":{"rendered":"Boletos de la Loter\u00eda de Am\u00e9rica en l\u00ednea"},"content":{"rendered":"<p>En marzo de 2018 una familia gan\u00f3 el premio mayor de Lotto Am\u00e9rica de 23 millones de d\u00f3lares. Ese es el premio m\u00e1s alto que cualquier jugador ha ganado hasta ahora, sin embargo ha llamado la atenci\u00f3n sobre esta loter\u00eda. Establecida en 1988 por siete estados americanos, varios otros estados se unieron a la loter\u00eda. A lo largo de los a\u00f1os, ha producido varios millonarios.<\/p>\n<p>Se pueden comprar boletos para esta loter\u00eda en cualquiera de los estados participantes. Curiosamente, esta no es la \u00fanica loter\u00eda en los Estados Unidos de Am\u00e9rica, pero ha atra\u00eddo constantemente a jugadores de todas partes. Si usted es un jugador de fuera de Am\u00e9rica del Norte, puede que se pregunte c\u00f3mo comprar boletos para esta loter\u00eda.<\/p>\n<p>Le guiaremos para que pueda<a href=\"https:\/\/jackpotlotteryonline.com\/es\/como-se-juega\/lotto-america-2\"> jugar con \u00e9xito a esta loter\u00eda desde fuera de los Estados Unidos<\/a>. Tambi\u00e9n haremos todo lo posible para responder a cualquier pregunta que pueda tener sobre Lotto Am\u00e9rica y c\u00f3mo entrar en la loter\u00eda.<\/p>\n<h2>\u00bfC\u00f3mo funciona la loter\u00eda?<\/h2>\n<p><img loading=\"lazy\" decoding=\"async\" class=\"size-full wp-image-29993 alignright\" src=\"http:\/\/jackpotlotteryonline.com\/wp-content\/uploads\/2022\/11\/1_win_lottery_usa_online.jpg\" alt=\"Billetes de Lotto America online\" width=\"300\" height=\"200\" \/><\/p>\n<p>Como la mayor\u00eda de los juegos de loter\u00eda, este es un juego de n\u00fameros en m\u00e1s de un sentido. Es un juego de n\u00fameros en el que los jugadores no tienen grandes probabilidades de ganar. Pero as\u00ed es la loter\u00eda y no se sabe cu\u00e1ndo la suerte favorecer\u00e1 a un jugador. Tambi\u00e9n es un juego de n\u00fameros en la forma en que se juega.<\/p>\n<p>Para esta loter\u00eda estadounidense, los jugadores tienen que elegir cinco n\u00fameros principales entre el 1 y el 52. Adem\u00e1s, deben elegir un n\u00famero de la Bola Estelar entre el 1 y el 10. Es decir, un total de 6 n\u00fameros. Si no est\u00e1 seguro de los n\u00fameros que debe elegir, puede utilizar un selector autom\u00e1tico para hacerlo m\u00e1s r\u00e1pido. Adem\u00e1s, puede elegir varias l\u00edneas de n\u00fameros para aumentar sus probabilidades de ganar.<\/p>\n<p>A continuaci\u00f3n, seleccione el n\u00famero de sorteos en los que desea participar. Esta loter\u00eda americana celebra tres sorteos a la semana, los lunes, mi\u00e9rcoles y s\u00e1bados. Puede participar en varios sorteos.<\/p>\n<h2>Jugar al Bono All Star<\/h2>\n<p>El Bono All Star es una forma de multiplicar sus ganancias. Cuando elija sus n\u00fameros, puede incluir el bono All Star por un precio adicional. Esto es particularmente \u00fatil para aquellos que ganan premios en las otras categor\u00edas, ya que puede aumentar significativamente lo que se llevan a casa.<\/p>\n<p>El bono All Star se elige al azar y se anuncia <a href=\"https:\/\/jackpotlotteryonline.com\/es\/numeros-ganadores\/lotto-america\">el d\u00eda del sorteo<\/a>. Tenga en cuenta que no puede incluirlo despu\u00e9s de haber realizado su compra. Debe incluirse con la compra del boleto.<\/p>\n<section class=\"layout\" style=\"border: solid 1px; width: 100%;\">\n<div class=\"img-div\" style=\"margin-top: 5px;\"><img decoding=\"async\" class=\"wp-image-17212 alignleft\" style=\"height: 45px; margin: 8px 8px 0px;\" src=\"http:\/\/jackpotlotteryonline.com\/wp-content\/uploads\/2022\/11\/read1.jpg\" alt=\"leer\" width=\"\" height=\"\" \/><\/div>\n<div style=\"padding-left: 5px;\">\n<div style=\"font-size: 1.1em;\">\n<p><strong>Algunos ganadores de loter\u00eda retribuyeron a la comunidad<\/strong><\/p>\n<p style=\"font-size: 0.85em; margin-top: -1.5em;\">Algunas historias interesantes y conmovedoras sobre ganadores de loter\u00eda que dan algo a cambio\u00a0<a href=\"https:\/\/jackpotlotteryonline.com\/es\/historias-sobre-ganadores-de-la-loteria-dando-retorno\"> Seguir leyendo<\/a><\/p>\n<\/div>\n<\/div>\n<\/section>\n<h2>Ganar el bote<\/h2>\n<p>El bote comienza en 2 millones de d\u00f3lares. Si no hay ning\u00fan ganador despu\u00e9s de un sorteo, el bote pasa al siguiente sorteo. Contin\u00faa pasando hasta llegar a los 10 millones de d\u00f3lares. Como hemos mencionado al principio, puede llegar a superar los 10 millones de d\u00f3lares.<\/p>\n<p>Es \u00fatil tener en cuenta que el bote no es el \u00fanico premio que un jugador puede ganar cuando juega a esta loter\u00eda americana. Tiene otros ocho niveles de premios, incluyendo un premio simplemente por acertar la Bola Estrella. Cuando se combina con el Bono All Star, un jugador que gana un premio subsidiario podr\u00eda irse a casa mucho m\u00e1s rico.<\/p>\n<h2>Cu\u00e1ndo se gana<\/h2>\n<p>Seg\u00fan el sitio web de Lotto America, s\u00f3lo puede reclamar un premio en el estado en el que ha ganado. Por lo tanto, si compr\u00f3 su boleto en Maine, por ejemplo, tendr\u00e1 que ir a ese estado para reclamar su premio. Sin embargo, si usted vive fuera de los Estados Unidos, las cosas son ligeramente diferentes.<\/p>\n<h2>C\u00f3mo comprar boletos de Lotto America desde fuera de Estados Unidos<\/h2>\n<p><img loading=\"lazy\" decoding=\"async\" class=\"alignright size-medium wp-image-34079\" src=\"http:\/\/jackpotlotteryonline.com\/wp-content\/uploads\/2022\/11\/2_ticket_mon_wed_lotto_au-176x300.jpg\" alt=\"billetes de Lotto America desde fuera de USA\" width=\"176\" height=\"300\" srcset=\"https:\/\/jackpotlotteryonline.com\/wp-content\/uploads\/2022\/11\/2_ticket_mon_wed_lotto_au-176x300.jpg 176w, https:\/\/jackpotlotteryonline.com\/wp-content\/uploads\/2022\/11\/2_ticket_mon_wed_lotto_au.jpg 250w\" sizes=\"auto, (max-width: 176px) 100vw, 176px\" \/><\/p>\n<p>S\u00f3lo hay dos maneras de participar en esta loter\u00eda. La primera es comprar un boleto a un vendedor en cualquiera de los estados donde se venden boletos. Mientras que la segunda opci\u00f3n es acceder a la loter\u00eda a trav\u00e9s de Internet. Cada vez son m\u00e1s los jugadores que participan en las loter\u00edas internacionales en l\u00ednea.<\/p>\n<p>Hay sitios de loter\u00eda que dan a los jugadores acceso leg\u00edtimo a loter\u00edas de todo el mundo. Antes de recurrir a cualquiera de estos sitios, es importante, en primer lugar, averiguar si se trata de un sitio de conserjer\u00eda. Esto es para que usted no termine apostando a los resultados de la loter\u00eda en lugar de entrar en la loter\u00eda.<\/p>\n<p>Cuando usted compra su billete de loter\u00eda con nosotros, tiene acceso a la loter\u00eda de su elecci\u00f3n. Tenemos un servicio de conserjer\u00eda con agentes en todo el mundo. Una vez que compre su billete en l\u00ednea, nuestros agentes en ese pa\u00eds tambi\u00e9n recibir\u00e1n un boleto f\u00edsico con los n\u00fameros correspondientes. No importa d\u00f3nde se encuentre, puede estar seguro de que tiene la oportunidad de ganar a lo grande.<\/p>\n","protected":false},"excerpt":{"rendered":"<p>En marzo de 2018 una familia gan\u00f3 el premio mayor de Lotto Am\u00e9rica de 23 millones de d\u00f3lares. Ese es el premio m\u00e1s alto que cualquier jugador ha ganado hasta ahora, sin embargo ha llamado la atenci\u00f3n sobre esta loter\u00eda. Establecida en 1988 por siete estados americanos, varios otros estados se unieron a la loter\u00eda. [&hellip;]<\/p>\n","protected":false},"author":1,"featured_media":0,"parent":35782,"menu_order":13,"comment_status":"closed","ping_status":"closed","template":"lotto-america-info.php","meta":{"_et_pb_use_builder":"","_et_pb_old_content":"","_et_gb_content_width":"","exclude_from_search":false,"footnotes":""},"class_list":["post-36861","page","type-page","status-publish","hentry"],"yoast_head":"<!-- This site is optimized with the Yoast SEO plugin v23.3 - https:\/\/yoast.com\/wordpress\/plugins\/seo\/ -->\n<title>Comprar boletos de Lotto America desde fuera de USA | Obtener boletos de Lotto America online<\/title>\n<meta name=\"description\" content=\"Se puede jugar a la Lotto America desde fuera de EEUU - simplemente compre su billete de Lotto America a trav\u00e9s de nuestro servicio de venta de billetes online\" \/>\n<meta name=\"robots\" content=\"index, follow, max-snippet:-1, max-image-preview:large, max-video-preview:-1\" \/>\n<link rel=\"canonical\" href=\"https:\/\/jackpotlotteryonline.com\/buy-tickets\/lotto-america\/\" \/>\n<meta property=\"og:locale\" content=\"es_ES\" \/>\n<meta property=\"og:type\" content=\"article\" \/>\n<meta property=\"og:title\" content=\"Comprar boletos de Lotto America desde fuera de USA | Obtener boletos de Lotto America online\" \/>\n<meta property=\"og:description\" content=\"Se puede jugar a la Lotto America desde fuera de EEUU - simplemente compre su billete de Lotto America a trav\u00e9s de nuestro servicio de venta de billetes online\" \/>\n<meta property=\"og:url\" content=\"https:\/\/jackpotlotteryonline.com\/buy-tickets\/lotto-america\/\" \/>\n<meta property=\"og:site_name\" content=\"Lotto Online - Crack The International Lottery Jackpots\" \/>\n<meta property=\"article:modified_time\" content=\"2023-01-04T09:22:50+00:00\" \/>\n<meta property=\"og:image\" content=\"http:\/\/jackpotlotteryonline.com\/wp-content\/uploads\/2022\/11\/1_win_lottery_usa_online.jpg\" \/>\n<meta name=\"twitter:card\" content=\"summary_large_image\" \/>\n<meta name=\"twitter:label1\" content=\"Tiempo de lectura\" \/>\n\t<meta name=\"twitter:data1\" content=\"5 minutos\" \/>\n<!-- \/ Yoast SEO plugin. -->","yoast_head_json":{"title":"Comprar boletos de Lotto America desde fuera de USA | Obtener boletos de Lotto America online","description":"Se puede jugar a la Lotto America desde fuera de EEUU - simplemente compre su billete de Lotto America a trav\u00e9s de nuestro servicio de venta de billetes online","robots":{"index":"index","follow":"follow","max-snippet":"max-snippet:-1","max-image-preview":"max-image-preview:large","max-video-preview":"max-video-preview:-1"},"canonical":"https:\/\/jackpotlotteryonline.com\/buy-tickets\/lotto-america\/","og_locale":"es_ES","og_type":"article","og_title":"Comprar boletos de Lotto America desde fuera de USA | Obtener boletos de Lotto America online","og_description":"Se puede jugar a la Lotto America desde fuera de EEUU - simplemente compre su billete de Lotto America a trav\u00e9s de nuestro servicio de venta de billetes online","og_url":"https:\/\/jackpotlotteryonline.com\/buy-tickets\/lotto-america\/","og_site_name":"Lotto Online - Crack The International Lottery Jackpots","article_modified_time":"2023-01-04T09:22:50+00:00","og_image":[{"url":"http:\/\/jackpotlotteryonline.com\/wp-content\/uploads\/2022\/11\/1_win_lottery_usa_online.jpg"}],"twitter_card":"summary_large_image","twitter_misc":{"Tiempo de lectura":"5 minutos"},"schema":{"@context":"https:\/\/schema.org","@graph":[{"@type":"WebPage","@id":"https:\/\/jackpotlotteryonline.com\/buy-tickets\/lotto-america\/","url":"https:\/\/jackpotlotteryonline.com\/buy-tickets\/lotto-america\/","name":"Comprar boletos de Lotto America desde fuera de USA | Obtener boletos de Lotto America online","isPartOf":{"@id":"https:\/\/jackpotlotteryonline.com\/#website"},"primaryImageOfPage":{"@id":"https:\/\/jackpotlotteryonline.com\/buy-tickets\/lotto-america\/#primaryimage"},"image":{"@id":"https:\/\/jackpotlotteryonline.com\/buy-tickets\/lotto-america\/#primaryimage"},"thumbnailUrl":"http:\/\/jackpotlotteryonline.com\/wp-content\/uploads\/2022\/11\/1_win_lottery_usa_online.jpg","datePublished":"2022-11-09T09:19:25+00:00","dateModified":"2023-01-04T09:22:50+00:00","description":"Se puede jugar a la Lotto America desde fuera de EEUU - simplemente compre su billete de Lotto America a trav\u00e9s de nuestro servicio de venta de billetes online","breadcrumb":{"@id":"https:\/\/jackpotlotteryonline.com\/buy-tickets\/lotto-america\/#breadcrumb"},"inLanguage":"es","potentialAction":[{"@type":"ReadAction","target":["https:\/\/jackpotlotteryonline.com\/buy-tickets\/lotto-america\/"]}]},{"@type":"ImageObject","inLanguage":"es","@id":"https:\/\/jackpotlotteryonline.com\/buy-tickets\/lotto-america\/#primaryimage","url":"http:\/\/jackpotlotteryonline.com\/wp-content\/uploads\/2022\/11\/1_win_lottery_usa_online.jpg","contentUrl":"http:\/\/jackpotlotteryonline.com\/wp-content\/uploads\/2022\/11\/1_win_lottery_usa_online.jpg"},{"@type":"BreadcrumbList","@id":"https:\/\/jackpotlotteryonline.com\/buy-tickets\/lotto-america\/#breadcrumb","itemListElement":[{"@type":"ListItem","position":1,"name":"Home","item":"https:\/\/jackpotlotteryonline.com\/es\/"},{"@type":"ListItem","position":2,"name":"C\u00f3mo comprar boletos de loter\u00eda en l\u00ednea","item":"https:\/\/jackpotlotteryonline.com\/buy-tickets\/"},{"@type":"ListItem","position":3,"name":"Boletos de la Loter\u00eda de Am\u00e9rica en l\u00ednea"}]},{"@type":"WebSite","@id":"https:\/\/jackpotlotteryonline.com\/#website","url":"https:\/\/jackpotlotteryonline.com\/","name":"Lotto Online - Crack The International Lottery Jackpots","description":"","potentialAction":[{"@type":"SearchAction","target":{"@type":"EntryPoint","urlTemplate":"https:\/\/jackpotlotteryonline.com\/?s={search_term_string}"},"query-input":"required name=search_term_string"}],"inLanguage":"es"}]}},"_links":{"self":[{"href":"https:\/\/jackpotlotteryonline.com\/es\/wp-json\/wp\/v2\/pages\/36861","targetHints":{"allow":["GET"]}}],"collection":[{"href":"https:\/\/jackpotlotteryonline.com\/es\/wp-json\/wp\/v2\/pages"}],"about":[{"href":"https:\/\/jackpotlotteryonline.com\/es\/wp-json\/wp\/v2\/types\/page"}],"author":[{"embeddable":true,"href":"https:\/\/jackpotlotteryonline.com\/es\/wp-json\/wp\/v2\/users\/1"}],"replies":[{"embeddable":true,"href":"https:\/\/jackpotlotteryonline.com\/es\/wp-json\/wp\/v2\/comments?post=36861"}],"version-history":[{"count":0,"href":"https:\/\/jackpotlotteryonline.com\/es\/wp-json\/wp\/v2\/pages\/36861\/revisions"}],"up":[{"embeddable":true,"href":"https:\/\/jackpotlotteryonline.com\/es\/wp-json\/wp\/v2\/pages\/35782"}],"wp:attachment":[{"href":"https:\/\/jackpotlotteryonline.com\/es\/wp-json\/wp\/v2\/media?parent=36861"}],"curies":[{"name":"wp","href":"https:\/\/api.w.org\/{rel}","templated":true}]}}