{"id":36913,"date":"2022-11-09T10:20:39","date_gmt":"2022-11-09T10:20:39","guid":{"rendered":"https:\/\/jackpotlotteryonline.com\/?page_id=36913"},"modified":"2022-12-22T12:59:12","modified_gmt":"2022-12-22T12:59:12","slug":"uk-lottery","status":"publish","type":"page","link":"https:\/\/jackpotlotteryonline.com\/es\/comprar-boletos\/uk-lottery\/","title":{"rendered":"Loter\u00eda del Reino Unido"},"content":{"rendered":"<h2>Visi\u00f3n general de la Loter\u00eda del Reino Unido en l\u00ednea<\/h2>\n<p>La Loter\u00eda del Reino Unido es un juego popular por su capacidad de hacer millonarios. Tambi\u00e9n se puede jugar en l\u00ednea.<a href=\"https:\/\/jackpotlotteryonline.com\/es\/numeros-ganadores\/uk-lottery\"> El juego se sortea dos veces por semana<\/a>, los mi\u00e9rcoles y los s\u00e1bados.<\/p>\n<h2>C\u00f3mo funciona la Loter\u00eda del Reino Unido<\/h2>\n<p>Cada jugador debe elegir 6 n\u00fameros en su boleto de una selecci\u00f3n de los n\u00fameros 1-49. Cuando se realiza el sorteo, se seleccionan seis n\u00fameros junto con un n\u00famero de bonificaci\u00f3n. Debido al porcentaje de pago relativamente peque\u00f1o, no recomendamos esta loter\u00eda. Hay muchos otros juegos de loter\u00eda internacionales disponibles en l\u00ednea con mejores pagos y botes m\u00e1s altos.<\/p>\n<section class=\"layout\" style=\"border: solid 1px; width: 100%;\">\n<div class=\"img-div\" style=\"margin-top: 5px;\"><img decoding=\"async\" class=\"wp-image-17212 alignleft\" style=\"height: 45px; margin: 8px 8px 0px;\" src=\"http:\/\/jackpotlotteryonline.com\/wp-content\/uploads\/2022\/11\/read1.jpg\" alt=\"leer\" width=\"\" height=\"\" \/><\/div>\n<div style=\"padding-left: 5px;\">\n<div style=\"font-size: 1.1em;\">\n<p><strong>Loter\u00edas europeas<\/strong><\/p>\n<p style=\"font-size: 0.85em; margin-top: -1.5em;\">\u00bfQu\u00e9 loter\u00edas europeas son las mejores?\u00a0<a href=\"https:\/\/jackpotlotteryonline.com\/es\/que-loterias-europeas-son-las-mejores\"> Seguir leyendo<\/a><\/p>\n<\/div>\n<\/div>\n<\/section>\n<h2>Ganar la loter\u00eda del Reino Unido<\/h2>\n<p><img loading=\"lazy\" decoding=\"async\" class=\"alignright size-medium wp-image-19520\" src=\"http:\/\/jackpotlotteryonline.com\/wp-content\/uploads\/2022\/10\/2_ticket_uk_lottery-192x300.jpg\" alt=\"comprar billete de loter\u00eda del Reino Unido\" width=\"192\" height=\"300\" srcset=\"https:\/\/jackpotlotteryonline.com\/wp-content\/uploads\/2022\/10\/2_ticket_uk_lottery-192x300.jpg 192w, https:\/\/jackpotlotteryonline.com\/wp-content\/uploads\/2022\/10\/2_ticket_uk_lottery.jpg 250w\" sizes=\"auto, (max-width: 192px) 100vw, 192px\" \/><\/p>\n<p>Debe acertar un m\u00ednimo de tres n\u00fameros a los n\u00fameros principales sorteados para ganar un premio. El n\u00famero de bonificaci\u00f3n s\u00f3lo es relevante si acierta al menos cinco de los n\u00fameros principales del sorteo.<\/p>\n<p>Es muy sencillo reclamar sus ganancias. Si gana hasta 2500 euros, se le pagar\u00e1 directamente en su cuenta de jugador de loter\u00eda aqu\u00ed en nuestro sitio. Si gana m\u00e1s de 2.500 euros, nuestro departamento de atenci\u00f3n al cliente se pondr\u00e1 en contacto con usted y organizar\u00e1 un pago directo de la empresa de loter\u00eda.<\/p>\n<p>Aproximadamente el 45% de todos los fondos de la loter\u00eda del Reino Unido se destinan a premios. Si acierta seis de los n\u00fameros principales, se le pagar\u00e1 el 52% del fondo de la pe\u00f1a; si acierta cinco n\u00fameros principales, m\u00e1s el n\u00famero de bonificaci\u00f3n se le pagar\u00e1 el 16% del fondo restante de la pe\u00f1a; si acierta cinco n\u00fameros principales se le pagar\u00e1 el 10% del fondo restante de la pe\u00f1a; si acierta cuatro n\u00fameros principales se le pagar\u00e1 el 22% del fondo restante de la pe\u00f1a y si acierta 3 n\u00fameros principales se le pagar\u00e1 generalmente 10 libras. La UK Lotto tambi\u00e9n ofrece juegos instant\u00e1neos en l\u00ednea.<\/p>\n<h2>Jugar a la Loter\u00eda del Reino Unido en l\u00ednea<\/h2>\n<p>Puedes <a href=\"https:\/\/jackpotlotteryonline.com\/es\/como-se-juega\/uk-lottery\">jugar a la UK Lotto online<\/a>, lo que la hace m\u00e1s accesible y c\u00f3moda. Ya no tiene que salir a comprar un billete de loter\u00eda del Reino Unido en una tienda; ahora puede comprar billetes desde la comodidad de su propia casa, y no depende de que viva en el Reino Unido.<\/p>\n<p>Para jugar a la loter\u00eda del Reino Unido en l\u00ednea y desde fuera del Reino Unido, tendr\u00e1 que hacer clic en el banner anterior de la loter\u00eda del Reino Unido. S\u00f3lo tiene que registrarse y luego completar un pago en l\u00ednea.<\/p>\n<h2>Por qu\u00e9 la mayor\u00eda de los botes de las loter\u00edas internacionales son m\u00e1s atractivos que los de la loter\u00eda del Reino Unido<\/h2>\n<ul>\n<li>Los botes son mucho m\u00e1s altos con las loter\u00edas internacionales (compruebe las cantidades en el banner de arriba)<\/li>\n<li>La Loter\u00eda del Reino Unido s\u00f3lo reparte el 45% de los fondos como ganancias<\/li>\n<li>\u00a1En nuestro sitio web, usted tiene una variedad de mega-loter\u00edas y enormes botes para elegir!<\/li>\n<\/ul>\n","protected":false},"excerpt":{"rendered":"<p>Visi\u00f3n general de la Loter\u00eda del Reino Unido en l\u00ednea La Loter\u00eda del Reino Unido es un juego popular por su capacidad de hacer millonarios. Tambi\u00e9n se puede jugar en l\u00ednea. El juego se sortea dos veces por semana, los mi\u00e9rcoles y los s\u00e1bados. C\u00f3mo funciona la Loter\u00eda del Reino Unido Cada jugador debe elegir [&hellip;]<\/p>\n","protected":false},"author":1,"featured_media":0,"parent":35782,"menu_order":10,"comment_status":"closed","ping_status":"closed","template":"lotto-uk-info.php","meta":{"_et_pb_use_builder":"","_et_pb_old_content":"","_et_gb_content_width":"","exclude_from_search":false,"footnotes":""},"class_list":["post-36913","page","type-page","status-publish","hentry"],"yoast_head":"<!-- This site is optimized with the Yoast SEO plugin v23.3 - https:\/\/yoast.com\/wordpress\/plugins\/seo\/ -->\n<title>Comprar boletos en l\u00ednea para la loter\u00eda del Reino Unido desde fuera del Reino Unido<\/title>\n<meta name=\"description\" content=\"C\u00f3mo funciona la Loter\u00eda del Reino Unido, y c\u00f3mo comprar un billete y ganar en l\u00ednea desde fuera del Reino Unido\" \/>\n<meta name=\"robots\" content=\"index, follow, max-snippet:-1, max-image-preview:large, max-video-preview:-1\" \/>\n<link rel=\"canonical\" href=\"https:\/\/jackpotlotteryonline.com\/es\/comprar-boletos\/uk-lottery\/\" \/>\n<meta property=\"og:locale\" content=\"es_ES\" \/>\n<meta property=\"og:type\" content=\"article\" \/>\n<meta property=\"og:title\" content=\"Comprar boletos en l\u00ednea para la loter\u00eda del Reino Unido desde fuera del Reino Unido\" \/>\n<meta property=\"og:description\" content=\"C\u00f3mo funciona la Loter\u00eda del Reino Unido, y c\u00f3mo comprar un billete y ganar en l\u00ednea desde fuera del Reino Unido\" \/>\n<meta property=\"og:url\" content=\"https:\/\/jackpotlotteryonline.com\/es\/comprar-boletos\/uk-lottery\/\" \/>\n<meta property=\"og:site_name\" content=\"Lotto Online - Crack The International Lottery Jackpots\" \/>\n<meta property=\"article:modified_time\" content=\"2022-12-22T12:59:12+00:00\" \/>\n<meta property=\"og:image\" content=\"http:\/\/jackpotlotteryonline.com\/wp-content\/uploads\/2022\/11\/read1.jpg\" \/>\n<meta name=\"twitter:card\" content=\"summary_large_image\" \/>\n<meta name=\"twitter:label1\" content=\"Tiempo de lectura\" \/>\n\t<meta name=\"twitter:data1\" content=\"3 minutos\" \/>\n<!-- \/ Yoast SEO plugin. -->","yoast_head_json":{"title":"Comprar boletos en l\u00ednea para la loter\u00eda del Reino Unido desde fuera del Reino Unido","description":"C\u00f3mo funciona la Loter\u00eda del Reino Unido, y c\u00f3mo comprar un billete y ganar en l\u00ednea desde fuera del Reino Unido","robots":{"index":"index","follow":"follow","max-snippet":"max-snippet:-1","max-image-preview":"max-image-preview:large","max-video-preview":"max-video-preview:-1"},"canonical":"https:\/\/jackpotlotteryonline.com\/es\/comprar-boletos\/uk-lottery\/","og_locale":"es_ES","og_type":"article","og_title":"Comprar boletos en l\u00ednea para la loter\u00eda del Reino Unido desde fuera del Reino Unido","og_description":"C\u00f3mo funciona la Loter\u00eda del Reino Unido, y c\u00f3mo comprar un billete y ganar en l\u00ednea desde fuera del Reino Unido","og_url":"https:\/\/jackpotlotteryonline.com\/es\/comprar-boletos\/uk-lottery\/","og_site_name":"Lotto Online - Crack The International Lottery Jackpots","article_modified_time":"2022-12-22T12:59:12+00:00","og_image":[{"url":"http:\/\/jackpotlotteryonline.com\/wp-content\/uploads\/2022\/11\/read1.jpg"}],"twitter_card":"summary_large_image","twitter_misc":{"Tiempo de lectura":"3 minutos"},"schema":{"@context":"https:\/\/schema.org","@graph":[{"@type":"WebPage","@id":"https:\/\/jackpotlotteryonline.com\/es\/comprar-boletos\/uk-lottery\/","url":"https:\/\/jackpotlotteryonline.com\/es\/comprar-boletos\/uk-lottery\/","name":"Comprar boletos en l\u00ednea para la loter\u00eda del Reino Unido desde fuera del Reino Unido","isPartOf":{"@id":"https:\/\/jackpotlotteryonline.com\/#website"},"primaryImageOfPage":{"@id":"https:\/\/jackpotlotteryonline.com\/es\/comprar-boletos\/uk-lottery\/#primaryimage"},"image":{"@id":"https:\/\/jackpotlotteryonline.com\/es\/comprar-boletos\/uk-lottery\/#primaryimage"},"thumbnailUrl":"http:\/\/jackpotlotteryonline.com\/wp-content\/uploads\/2022\/11\/read1.jpg","datePublished":"2022-11-09T10:20:39+00:00","dateModified":"2022-12-22T12:59:12+00:00","description":"C\u00f3mo funciona la Loter\u00eda del Reino Unido, y c\u00f3mo comprar un billete y ganar en l\u00ednea desde fuera del Reino Unido","breadcrumb":{"@id":"https:\/\/jackpotlotteryonline.com\/es\/comprar-boletos\/uk-lottery\/#breadcrumb"},"inLanguage":"es","potentialAction":[{"@type":"ReadAction","target":["https:\/\/jackpotlotteryonline.com\/es\/comprar-boletos\/uk-lottery\/"]}]},{"@type":"ImageObject","inLanguage":"es","@id":"https:\/\/jackpotlotteryonline.com\/es\/comprar-boletos\/uk-lottery\/#primaryimage","url":"http:\/\/jackpotlotteryonline.com\/wp-content\/uploads\/2022\/11\/read1.jpg","contentUrl":"http:\/\/jackpotlotteryonline.com\/wp-content\/uploads\/2022\/11\/read1.jpg"},{"@type":"BreadcrumbList","@id":"https:\/\/jackpotlotteryonline.com\/es\/comprar-boletos\/uk-lottery\/#breadcrumb","itemListElement":[{"@type":"ListItem","position":1,"name":"Home","item":"https:\/\/jackpotlotteryonline.com\/es\/"},{"@type":"ListItem","position":2,"name":"C\u00f3mo comprar boletos de loter\u00eda en l\u00ednea","item":"https:\/\/jackpotlotteryonline.com\/buy-tickets\/"},{"@type":"ListItem","position":3,"name":"Loter\u00eda del Reino Unido"}]},{"@type":"WebSite","@id":"https:\/\/jackpotlotteryonline.com\/#website","url":"https:\/\/jackpotlotteryonline.com\/","name":"Lotto Online - Crack The International Lottery Jackpots","description":"","potentialAction":[{"@type":"SearchAction","target":{"@type":"EntryPoint","urlTemplate":"https:\/\/jackpotlotteryonline.com\/?s={search_term_string}"},"query-input":"required name=search_term_string"}],"inLanguage":"es"}]}},"_links":{"self":[{"href":"https:\/\/jackpotlotteryonline.com\/es\/wp-json\/wp\/v2\/pages\/36913","targetHints":{"allow":["GET"]}}],"collection":[{"href":"https:\/\/jackpotlotteryonline.com\/es\/wp-json\/wp\/v2\/pages"}],"about":[{"href":"https:\/\/jackpotlotteryonline.com\/es\/wp-json\/wp\/v2\/types\/page"}],"author":[{"embeddable":true,"href":"https:\/\/jackpotlotteryonline.com\/es\/wp-json\/wp\/v2\/users\/1"}],"replies":[{"embeddable":true,"href":"https:\/\/jackpotlotteryonline.com\/es\/wp-json\/wp\/v2\/comments?post=36913"}],"version-history":[{"count":0,"href":"https:\/\/jackpotlotteryonline.com\/es\/wp-json\/wp\/v2\/pages\/36913\/revisions"}],"up":[{"embeddable":true,"href":"https:\/\/jackpotlotteryonline.com\/es\/wp-json\/wp\/v2\/pages\/35782"}],"wp:attachment":[{"href":"https:\/\/jackpotlotteryonline.com\/es\/wp-json\/wp\/v2\/media?parent=36913"}],"curies":[{"name":"wp","href":"https:\/\/api.w.org\/{rel}","templated":true}]}}