{"id":36967,"date":"2022-11-09T11:39:07","date_gmt":"2022-11-09T11:39:07","guid":{"rendered":"https:\/\/jackpotlotteryonline.com\/?page_id=36967"},"modified":"2023-01-04T08:24:25","modified_gmt":"2023-01-04T08:24:25","slug":"set-for-life","status":"publish","type":"page","link":"https:\/\/jackpotlotteryonline.com\/es\/comprar-boletos\/set-for-life\/","title":{"rendered":"Compra de entradas para Set for Life"},"content":{"rendered":"<p>\u00bfEst\u00e1s preparado para tener la oportunidad de estar preparado para la vida? No hay momento como el presente para tener la oportunidad de ganar 10.000 libras esterlinas cada mes durante los pr\u00f3ximos 30 a\u00f1os y todo comienza<a href=\"https:\/\/jackpotlotteryonline.com\/es\/como-se-juega\/saturday-lotto-2\"> jugando a la loter\u00eda del Reino Unido<\/a>.<\/p>\n<p>Esta loter\u00eda es operada por la Loter\u00eda Nacional del Reino Unido y tuvo su primer sorteo en 1999. Desde entonces, ha sido una de las favoritas de los jugadores de loter\u00eda brit\u00e1nicos, ya que la atracci\u00f3n de 10.000 libras esterlinas al mes durante 30 a\u00f1os les parece casi demasiado dif\u00edcil de resistir. Tampoco deber\u00eda hacerlo usted. Ganar esta loter\u00eda es casi como tener a Pap\u00e1 Noel en casa cada mes.<br \/>\n<img loading=\"lazy\" decoding=\"async\" class=\"alignright size-medium wp-image-35457\" src=\"https:\/\/jackpotlotteryonline.com\/wp-content\/uploads\/2022\/11\/2_ticket_uk_lottery-192x300.jpg\" alt=\"Boletos de Set for Life\" width=\"192\" height=\"300\" srcset=\"https:\/\/jackpotlotteryonline.com\/wp-content\/uploads\/2022\/11\/2_ticket_uk_lottery-192x300.jpg 192w, https:\/\/jackpotlotteryonline.com\/wp-content\/uploads\/2022\/11\/2_ticket_uk_lottery.jpg 250w\" sizes=\"auto, (max-width: 192px) 100vw, 192px\" \/><\/p>\n<p>Los boletos de esta loter\u00eda brit\u00e1nica se venden entre una amplia red de vendedores del pa\u00eds. Sin embargo, si usted vive fuera del Reino Unido no hay ninguna raz\u00f3n por la que no pueda tambi\u00e9n comprar boletos de la loter\u00eda. Jackpotlotteryonline.com proporciona a los entusiastas de la loter\u00eda acceso a las principales loter\u00edas internacionales desde la comodidad de sus ordenadores o dispositivos m\u00f3viles.<\/p>\n<p>Reg\u00edstrese con nosotros para empezar a jugar a las loter\u00edas del Reino Unido y del resto del mundo.<\/p>\n<h2>C\u00f3mo jugar a Set for Life online<\/h2>\n<p>Esta es diferente a otras loter\u00edas porque es una loter\u00eda de anualidad por lo que los ganadores no se ir\u00e1n a casa con millones de euros o libras. Sin embargo, la \u00fanica diferencia est\u00e1 en la forma de dar el premio. Al igual que otras loter\u00edas, el jugador tiene que elegir los n\u00fameros principales de un determinado rango y un n\u00famero especial.<\/p>\n<p>Para conseguir boletos de Set for Life en l\u00ednea, visite el sitio web de su elecci\u00f3n y elija cinco n\u00fameros principales entre el 1 y el 47. Elija un n\u00famero adicional de bonificaci\u00f3n llamado &#8220;n\u00famero de la bola de la vida&#8221; de un rango del 1 al 10. Puede utilizar sus n\u00fameros de la suerte o utilizar la herramienta de selecci\u00f3n autom\u00e1tica para elegir una l\u00ednea de n\u00fameros al azar. Adem\u00e1s, puede elegir varias l\u00edneas de n\u00fameros para aumentar sus posibilidades de ganar.<\/p>\n<p>Para ganar la loter\u00eda tiene que acertar los 6 n\u00fameros sorteados. Si se registra con nosotros puede <a href=\"https:\/\/jackpotlotteryonline.com\/es\/numeros-ganadores\/set-for-life\">participar en los sorteos con varias semanas de antelaci\u00f3n<\/a>.<\/p>\n<h2>Premios<\/h2>\n<p><img loading=\"lazy\" decoding=\"async\" class=\"size-medium wp-image-30128 alignright\" src=\"https:\/\/jackpotlotteryonline.com\/wp-content\/uploads\/2022\/11\/1_win_online_lottery_jackpot-300x182.jpg\" alt=\"Premio de la loter\u00eda brit\u00e1nica\" width=\"300\" height=\"182\" srcset=\"https:\/\/jackpotlotteryonline.com\/wp-content\/uploads\/2022\/11\/1_win_online_lottery_jackpot-300x182.jpg 300w, https:\/\/jackpotlotteryonline.com\/wp-content\/uploads\/2022\/11\/1_win_online_lottery_jackpot.jpg 320w\" sizes=\"auto, (max-width: 300px) 100vw, 300px\" \/><\/p>\n<p>Hemos hablado del bote, que es de 10.000 libras esterlinas cada mes durante 30 a\u00f1os. Pero ese no es el \u00fanico premio para los jugadores de esta loter\u00eda. Por ejemplo, si aciertas s\u00f3lo los 5 n\u00fameros principales, te llevar\u00e1s 10.000\u20ac cada mes durante un a\u00f1o. No est\u00e1 mal, \u00bfverdad?<\/p>\n<p>Echemos un vistazo al desglose de los premios y a lo que los jugadores pueden esperar ganar cuando compran boletos de esta loter\u00eda brit\u00e1nica.<\/p>\n<p>Acertando 5 n\u00fameros principales + Life Ball &#8211; 10.000 libras esterlinas cada mes durante 30 a\u00f1os<br \/>\nAcertando s\u00f3lo 5 n\u00fameros principales &#8211; 10.000 libras esterlinas cada mes durante 1 a\u00f1o<br \/>\nSi acierta 4 n\u00fameros principales + Life Ball &#8211; 250 libras esterlinas<br \/>\nSi acierta s\u00f3lo 4 n\u00fameros principales &#8211; 50 \u00a4.<br \/>\n3 n\u00fameros principales + Life Ball &#8211; 30 \u00a4.<br \/>\nS\u00f3lo 3 n\u00fameros principales &#8211; 20\u00a4.<br \/>\nCombinaci\u00f3n de 2 n\u00fameros principales + Life Ball &#8211; 10 \u00a4.<br \/>\nS\u00f3lo 2 n\u00fameros principales &#8211; 5 \u00a4.<\/p>\n<h2>C\u00f3mo reclamar su premio<\/h2>\n<p>Tiene 180 d\u00edas para reclamar su premio o ya no podr\u00e1 reclamarlo. Los premios de la loter\u00eda en el Reino Unido est\u00e1n exentos de impuestos, por lo que podr\u00e1 disfrutar de todas sus ganancias como quiera. Sin embargo, para aquellos que jueguen desde fuera del pa\u00eds, es una buena idea averiguar cu\u00e1les son las leyes fiscales de su lugar de residencia.<\/p>\n<section class=\"layout\" style=\"border: solid 1px; width: 100%;\">\n<div class=\"img-div\" style=\"margin-top: 5px;\"><img decoding=\"async\" class=\"wp-image-17212 alignleft\" style=\"height: 45px; margin: 8px 8px 0px;\" src=\"https:\/\/jackpotlotteryonline.com\/wp-content\/uploads\/2022\/11\/read1.jpg\" alt=\"leer\" width=\"\" height=\"\" \/><\/div>\n<div style=\"padding-left: 5px;\">\n<div style=\"font-size: 1.1em;\">\n<p><strong>Impuestos sobre los premios de loter\u00eda<\/strong><\/p>\n<p style=\"font-size: 0.85em; margin-top: -1.5em;\">\u00bfTengo que pagar impuestos por la loter\u00eda?\u00a0 <a href=\"https:\/\/jackpotlotteryonline.com\/es\/tengo-que-pagar-impuestos-por-la-loteria\"> Seguir leyendo<\/a><\/p>\n<\/div>\n<\/div>\n<\/section>\n<h2>Una oportunidad incre\u00edble para toda la vida<\/h2>\n<p>La posibilidad de ganar Set for Life es una oportunidad para toda la vida. Significa no tener que volver a preocuparse por sus finanzas si gana. Hay historias de ganadores de loter\u00eda que se han gastado toda su fortuna y ahora est\u00e1n en bancarrota. Con esta loter\u00eda, no tiene por qu\u00e9 ocurrirle a usted. Incluso si lo gastas todo el primer mes, sabes que puedes utilizarlo mejor el siguiente.<\/p>\n<p>Piensa en lo que significar\u00eda recibir esa cantidad cada mes durante 30 a\u00f1os.<\/p>\n<h2>Reg\u00edstrese con nosotros para jugar a Set for Life<\/h2>\n<p>Conseguir un boleto para la loter\u00eda de anualidades del Reino Unido desde cualquier lugar nunca ha sido tan f\u00e1cil. Cuando te registras con nosotros te facilitamos el jugar a las mejores loter\u00edas de todo el mundo de forma fluida y sin preocupaciones. Nuestro objetivo es crear experiencias memorables para nuestros clientes. As\u00ed que reg\u00edstrese con nosotros hoy mismo para comprar billetes de Set for Life desde cualquier parte del mundo.<\/p>\n","protected":false},"excerpt":{"rendered":"<p>\u00bfEst\u00e1s preparado para tener la oportunidad de estar preparado para la vida? No hay momento como el presente para tener la oportunidad de ganar 10.000 libras esterlinas cada mes durante los pr\u00f3ximos 30 a\u00f1os y todo comienza jugando a la loter\u00eda del Reino Unido. Esta loter\u00eda es operada por la Loter\u00eda Nacional del Reino Unido [&hellip;]<\/p>\n","protected":false},"author":1,"featured_media":0,"parent":35782,"menu_order":11,"comment_status":"closed","ping_status":"closed","template":"set-for-life-info.php","meta":{"_et_pb_use_builder":"","_et_pb_old_content":"","_et_gb_content_width":"","exclude_from_search":false,"footnotes":""},"class_list":["post-36967","page","type-page","status-publish","hentry"],"yoast_head":"<!-- This site is optimized with the Yoast SEO plugin v23.3 - https:\/\/yoast.com\/wordpress\/plugins\/seo\/ -->\n<title>Comprar entradas para Set for life desde fuera del Reino Unido | Obtener entradas para Set For Life en l\u00ednea<\/title>\n<meta name=\"description\" content=\"Set for Life es una loter\u00eda muy especial, pero para participar desde fuera del Reino Unido, tienes que comprar un boleto online aqu\u00ed\" \/>\n<meta name=\"robots\" content=\"index, follow, max-snippet:-1, max-image-preview:large, max-video-preview:-1\" \/>\n<link rel=\"canonical\" href=\"https:\/\/jackpotlotteryonline.com\/es\/comprar-boletos\/set-for-life\/\" \/>\n<meta property=\"og:locale\" content=\"es_ES\" \/>\n<meta property=\"og:type\" content=\"article\" \/>\n<meta property=\"og:title\" content=\"Comprar entradas para Set for life desde fuera del Reino Unido | Obtener entradas para Set For Life en l\u00ednea\" \/>\n<meta property=\"og:description\" content=\"Set for Life es una loter\u00eda muy especial, pero para participar desde fuera del Reino Unido, tienes que comprar un boleto online aqu\u00ed\" \/>\n<meta property=\"og:url\" content=\"https:\/\/jackpotlotteryonline.com\/es\/comprar-boletos\/set-for-life\/\" \/>\n<meta property=\"og:site_name\" content=\"Lotto Online - Crack The International Lottery Jackpots\" \/>\n<meta property=\"article:modified_time\" content=\"2023-01-04T08:24:25+00:00\" \/>\n<meta property=\"og:image\" content=\"https:\/\/jackpotlotteryonline.com\/wp-content\/uploads\/2022\/11\/2_ticket_uk_lottery-192x300.jpg\" \/>\n<meta name=\"twitter:card\" content=\"summary_large_image\" \/>\n<meta name=\"twitter:label1\" content=\"Tiempo de lectura\" \/>\n\t<meta name=\"twitter:data1\" content=\"4 minutos\" \/>\n<!-- \/ Yoast SEO plugin. -->","yoast_head_json":{"title":"Comprar entradas para Set for life desde fuera del Reino Unido | Obtener entradas para Set For Life en l\u00ednea","description":"Set for Life es una loter\u00eda muy especial, pero para participar desde fuera del Reino Unido, tienes que comprar un boleto online aqu\u00ed","robots":{"index":"index","follow":"follow","max-snippet":"max-snippet:-1","max-image-preview":"max-image-preview:large","max-video-preview":"max-video-preview:-1"},"canonical":"https:\/\/jackpotlotteryonline.com\/es\/comprar-boletos\/set-for-life\/","og_locale":"es_ES","og_type":"article","og_title":"Comprar entradas para Set for life desde fuera del Reino Unido | Obtener entradas para Set For Life en l\u00ednea","og_description":"Set for Life es una loter\u00eda muy especial, pero para participar desde fuera del Reino Unido, tienes que comprar un boleto online aqu\u00ed","og_url":"https:\/\/jackpotlotteryonline.com\/es\/comprar-boletos\/set-for-life\/","og_site_name":"Lotto Online - Crack The International Lottery Jackpots","article_modified_time":"2023-01-04T08:24:25+00:00","og_image":[{"url":"https:\/\/jackpotlotteryonline.com\/wp-content\/uploads\/2022\/11\/2_ticket_uk_lottery-192x300.jpg"}],"twitter_card":"summary_large_image","twitter_misc":{"Tiempo de lectura":"4 minutos"},"schema":{"@context":"https:\/\/schema.org","@graph":[{"@type":"WebPage","@id":"https:\/\/jackpotlotteryonline.com\/es\/comprar-boletos\/set-for-life\/","url":"https:\/\/jackpotlotteryonline.com\/es\/comprar-boletos\/set-for-life\/","name":"Comprar entradas para Set for life desde fuera del Reino Unido | Obtener entradas para Set For Life en l\u00ednea","isPartOf":{"@id":"https:\/\/jackpotlotteryonline.com\/#website"},"primaryImageOfPage":{"@id":"https:\/\/jackpotlotteryonline.com\/es\/comprar-boletos\/set-for-life\/#primaryimage"},"image":{"@id":"https:\/\/jackpotlotteryonline.com\/es\/comprar-boletos\/set-for-life\/#primaryimage"},"thumbnailUrl":"https:\/\/jackpotlotteryonline.com\/wp-content\/uploads\/2022\/11\/2_ticket_uk_lottery-192x300.jpg","datePublished":"2022-11-09T11:39:07+00:00","dateModified":"2023-01-04T08:24:25+00:00","description":"Set for Life es una loter\u00eda muy especial, pero para participar desde fuera del Reino Unido, tienes que comprar un boleto online aqu\u00ed","breadcrumb":{"@id":"https:\/\/jackpotlotteryonline.com\/es\/comprar-boletos\/set-for-life\/#breadcrumb"},"inLanguage":"es","potentialAction":[{"@type":"ReadAction","target":["https:\/\/jackpotlotteryonline.com\/es\/comprar-boletos\/set-for-life\/"]}]},{"@type":"ImageObject","inLanguage":"es","@id":"https:\/\/jackpotlotteryonline.com\/es\/comprar-boletos\/set-for-life\/#primaryimage","url":"https:\/\/jackpotlotteryonline.com\/wp-content\/uploads\/2022\/11\/2_ticket_uk_lottery-192x300.jpg","contentUrl":"https:\/\/jackpotlotteryonline.com\/wp-content\/uploads\/2022\/11\/2_ticket_uk_lottery-192x300.jpg"},{"@type":"BreadcrumbList","@id":"https:\/\/jackpotlotteryonline.com\/es\/comprar-boletos\/set-for-life\/#breadcrumb","itemListElement":[{"@type":"ListItem","position":1,"name":"Home","item":"https:\/\/jackpotlotteryonline.com\/es\/"},{"@type":"ListItem","position":2,"name":"C\u00f3mo comprar boletos de loter\u00eda en l\u00ednea","item":"https:\/\/jackpotlotteryonline.com\/buy-tickets\/"},{"@type":"ListItem","position":3,"name":"Compra de entradas para Set for Life"}]},{"@type":"WebSite","@id":"https:\/\/jackpotlotteryonline.com\/#website","url":"https:\/\/jackpotlotteryonline.com\/","name":"Lotto Online - Crack The International Lottery Jackpots","description":"","potentialAction":[{"@type":"SearchAction","target":{"@type":"EntryPoint","urlTemplate":"https:\/\/jackpotlotteryonline.com\/?s={search_term_string}"},"query-input":"required name=search_term_string"}],"inLanguage":"es"}]}},"_links":{"self":[{"href":"https:\/\/jackpotlotteryonline.com\/es\/wp-json\/wp\/v2\/pages\/36967","targetHints":{"allow":["GET"]}}],"collection":[{"href":"https:\/\/jackpotlotteryonline.com\/es\/wp-json\/wp\/v2\/pages"}],"about":[{"href":"https:\/\/jackpotlotteryonline.com\/es\/wp-json\/wp\/v2\/types\/page"}],"author":[{"embeddable":true,"href":"https:\/\/jackpotlotteryonline.com\/es\/wp-json\/wp\/v2\/users\/1"}],"replies":[{"embeddable":true,"href":"https:\/\/jackpotlotteryonline.com\/es\/wp-json\/wp\/v2\/comments?post=36967"}],"version-history":[{"count":0,"href":"https:\/\/jackpotlotteryonline.com\/es\/wp-json\/wp\/v2\/pages\/36967\/revisions"}],"up":[{"embeddable":true,"href":"https:\/\/jackpotlotteryonline.com\/es\/wp-json\/wp\/v2\/pages\/35782"}],"wp:attachment":[{"href":"https:\/\/jackpotlotteryonline.com\/es\/wp-json\/wp\/v2\/media?parent=36967"}],"curies":[{"name":"wp","href":"https:\/\/api.w.org\/{rel}","templated":true}]}}