{"id":37019,"date":"2022-11-09T13:38:02","date_gmt":"2022-11-09T13:38:02","guid":{"rendered":"https:\/\/jackpotlotteryonline.com\/?page_id=37019"},"modified":"2022-12-24T09:13:41","modified_gmt":"2022-12-24T09:13:41","slug":"mega-sena","status":"publish","type":"page","link":"https:\/\/jackpotlotteryonline.com\/es\/comprar-boletos\/mega-sena\/","title":{"rendered":"Comprar entradas para la Mega Sena"},"content":{"rendered":"<p>La Mega Sena es la mayor loter\u00eda de Brasil con uno de los mayores botes del mundo. No es de extra\u00f1ar que los apostadores de todo el mundo est\u00e9n ansiosos por tener una oportunidad de ganar el bote. Curiosamente, la Mega Sena es tambi\u00e9n una loter\u00eda f\u00e1cil de jugar, m\u00e1s f\u00e1cil que muchas otras loter\u00edas internacionales. La facilidad para jugar a la loter\u00eda, el gran bote y las probabilidades favorables hacen que esta loter\u00eda sea enormemente atractiva para los jugadores de todo el mundo.<\/p>\n<p><a href=\"https:\/\/jackpotlotteryonline.com\/es\/como-se-juega\/mega-sena-2\">Jugar a la loter\u00eda Mega Sena<\/a> es tan sencillo como acertar los seis n\u00fameros sorteados. No hay n\u00fameros especiales o de bonificaci\u00f3n cuando se juega a esta loter\u00eda. Simplemente elija 6 n\u00fameros del 1 al 60 y <a href=\"https:\/\/jackpotlotteryonline.com\/es\/numeros-ganadores\/mega-sena\">entre en el sorteo<\/a>.<\/p>\n<p>Aunque tiene que elegir seis n\u00fameros para entrar en el sorteo, no hay l\u00edmite en el n\u00famero de l\u00edneas que puede elegir. As\u00ed, puede elegir diez l\u00edneas de seis n\u00fameros para aumentar sus posibilidades de ganar la loter\u00eda.<\/p>\n<h2>D\u00f3nde comprar boletos de la Mega Sena<\/h2>\n<p><img loading=\"lazy\" decoding=\"async\" class=\"alignright size-full wp-image-28778\" src=\"https:\/\/jackpotlotteryonline.com\/wp-content\/uploads\/2022\/11\/1_online_ticket_eurojackpot2.jpg\" alt=\"comprar entradas para la Mega Sena\" width=\"300\" height=\"200\" \/><\/p>\n<p>Si vive en Brasil, participar en esta loter\u00eda es tan sencillo como acercarse a un vendedor de loter\u00eda para comprar sus boletos. Sin embargo, esto puede suponer un peque\u00f1o reto para los jugadores que viven fuera del pa\u00eds. Si usted vive fuera de esa jurisdicci\u00f3n hay una opci\u00f3n abierta para usted. Tendr\u00e1 que comprar sus boletos en l\u00ednea.<\/p>\n<h2>Compra de boletos de la Mega Sena en l\u00ednea<\/h2>\n<p>Jugar a la loter\u00eda en l\u00ednea es bastante sencillo y ofrece a los jugadores la oportunidad de participar en loter\u00edas de todo el mundo. Normalmente, los jugadores que no viven en un determinado pa\u00eds no pueden jugar a la loter\u00eda desde ese pa\u00eds. Internet ha democratizado la participaci\u00f3n en la loter\u00eda proporcionando una v\u00eda para los jugadores que antes estaban privados de derechos por las fronteras geogr\u00e1ficas.<\/p>\n<p>Ahora, jugar a la loter\u00eda Mega Sena es tan sencillo como visitar un sitio de loter\u00eda online como jackpotlotteryonline.com. All\u00ed puede comprar su boleto eligiendo sus n\u00fameros y decidiendo luego en cu\u00e1ntos sorteos quiere participar. Una vez hecho esto, todo lo que tiene que hacer es esperar los resultados del sorteo.<\/p>\n<h2>\u00bfCu\u00e1l es el bote de esta loter\u00eda?<\/h2>\n<p>\u00bfHemos mencionado que la Mega Sena es una de las mayores loter\u00edas del mundo? Eso puede parecer dif\u00edcil de creer cuando se considera el premio del bote inicial de $450,00, particularmente cuando se coloca al lado de algunas otras loter\u00edas con botes iniciales m\u00e1s grandes.<\/p>\n<p>Pero la belleza de la Mega Sena es que los botes pueden llegar a ser incre\u00edblemente grandes. Algunos de los mayores botes que han ganado los jugadores de la Mega Sena han sido de millones de d\u00f3lares. El mayor bote super\u00f3 ligeramente los 73 millones de d\u00f3lares.<\/p>\n<p>Cuando usted considera esto, entonces est\u00e1 claro que jugar a la loter\u00eda Mega Sena puede ser una muy buena opci\u00f3n cuando usted est\u00e1 buscando loter\u00edas para entrar.<\/p>\n<section class=\"layout\" style=\"border: solid 1px; width: 100%;\">\n<div class=\"img-div\" style=\"margin-top: 5px;\"><img decoding=\"async\" class=\"wp-image-17212 alignleft\" style=\"height: 45px; margin: 8px 8px 0px;\" src=\"https:\/\/jackpotlotteryonline.com\/wp-content\/uploads\/2022\/11\/read1.jpg\" alt=\"leer\" width=\"\" height=\"\" \/><\/div>\n<div style=\"padding-left: 5px;\">\n<div style=\"font-size: 1.1em;\">\n<p><strong>Algunos trucos y consejos para elegir tus n\u00fameros<\/strong><\/p>\n<p style=\"font-size: 0.85em; margin-top: -1.5em;\">Aumente sus posibilidades de ganar: utilice alguna estrategia para elegir sus n\u00fameros\u00a0<a href=\"https:\/\/jackpotlotteryonline.com\/es\/unos-trucos-y-consejos-para-elegir-los-numeros\"> Seguir leyendo<\/a><\/p>\n<\/div>\n<\/div>\n<\/section>\n<h2>\u00bfQu\u00e9 pasa si se gana la loter\u00eda?<\/h2>\n<p>Esta es una pregunta que nos encontramos a menudo, especialmente de aquellos que compran billetes de loter\u00eda Mega Sena desde fuera del pa\u00eds sudamericano. Tal vez se pregunten si tienen que volar hasta ese pa\u00eds sudamericano para reclamar su premio. Pero, eso no es para nada necesario aunque si le apetece una visita para disfrutar de los sitios, entonces por supuesto que reserve un vuelo.<\/p>\n<p>Sin embargo, si est\u00e1 buscando una manera de jugar a la loter\u00eda sin problemas y reclamar sus ganancias sin todo el estr\u00e9s, entonces jugar en l\u00ednea es una gran manera de hacerlo.<\/p>\n<p>Cuando te registras con nosotros, damos un paso m\u00e1s all\u00e1 asegurando que puedes entrar en las loter\u00edas internacionales de tu elecci\u00f3n, incluyendo la loter\u00eda Mega Sena. No s\u00f3lo eso, sino que tambi\u00e9n puede retirar f\u00e1cilmente sus ganancias desde nuestro sitio a su cuenta. Jugar a la loter\u00eda nunca ha sido tan f\u00e1cil.<\/p>\n<h2>\u00bfQu\u00e9 pasa con la Mega da Virada?<\/h2>\n<p><img loading=\"lazy\" decoding=\"async\" class=\"alignright size-full wp-image-35593\" src=\"https:\/\/jackpotlotteryonline.com\/wp-content\/uploads\/2022\/11\/2_ticket_uk_lottery2-1-190x300-1.jpg\" alt=\"Boleto de loter\u00eda Mega Sena\" width=\"190\" height=\"300\" \/><\/p>\n<p>Nos alegramos especialmente de que pregunte por ella porque es uno de los mayores botes que existen. En realidad, es el mayor bote del a\u00f1o en Brasil y la cantidad podr\u00eda llegar a los 60 millones de d\u00f3lares.<\/p>\n<p>La Mega da Virada es un bote especial de la loter\u00eda Mega Sena que se celebra una vez al a\u00f1o. El sorteo de la Mega Virada es el 31 de octubre de cada a\u00f1o y da a los jugadores la oportunidad de ganar a lo grande.<\/p>\n<p>Adem\u00e1s, la Mega da Virada no se acumula, por lo que el premio tiene que ganarse o, de lo contrario, desaparece para el a\u00f1o.<\/p>\n<h2>D\u00edas regulares del sorteo de la Mega Sena<\/h2>\n<p>Cuando compra boletos de la Mega Sena, tiene la opci\u00f3n de participar en el sorteo el mi\u00e9rcoles o el s\u00e1bado. Por supuesto, puede participar en ambos, lo que le recomendamos porque aumenta sus posibilidades de ganar un premio.<\/p>\n<p>Si est\u00e1 realmente interesado en aumentar sus posibilidades de ganar el bote, deber\u00eda considerar la posibilidad de unirse a una pe\u00f1a de loter\u00eda. La ventaja es que tendr\u00e1 acceso a un fondo com\u00fan, lo que le permitir\u00e1 participar en varios sorteos sin gastar todos sus fondos.<\/p>\n<h2>Niveles de premios<\/h2>\n<p>La loter\u00eda Mega Sena tiene tres niveles de premios, que incluyen el bote. Esto significa que, adem\u00e1s del premio mayor, los jugadores tambi\u00e9n tienen la oportunidad de ganar premios en otras dos categor\u00edas. A continuaci\u00f3n los enumeraremos y mostraremos c\u00f3mo puede ganar en esos niveles.<\/p>\n<p>Acertar 6 n\u00fameros &#8211; Jackpot &#8211; 35% del dinero del premio<br \/>\nN\u00fameros acertados 5 &#8211; Nivel 2 &#8211; 19% del dinero de la bolsa de premios<br \/>\nN\u00fameros acertados 4 &#8211; Nivel 3 &#8211; 19% del dinero de la bolsa de premios<\/p>\n<p><strong>Dato interesante: las probabilidades de ganar un premio cuando se juega un boleto \u00fanico de 6 n\u00fameros es de 1 en 2.298.<\/strong><\/p>\n<h2>Reg\u00edstrese con nosotros para entrar en la loter\u00eda Mega Sena<\/h2>\n<p>No deje que el hecho de no vivir en Sudam\u00e9rica le impida disfrutar de la loter\u00eda Mega Sena. Las probabilidades de ganar son grandes y los premios son tentadores. Por eso, si usted vive fuera de Brasil puede comprar billetes de la Mega Sena en nuestro sitio web registr\u00e1ndose con nosotros.<\/p>\n<p>Ofrecemos una soluci\u00f3n \u00fanica que simplifica todo el proceso de jugar a la loter\u00eda. Ahora puede relajarse y hacer su apuesta con facilidad porque nosotros nos encargamos de la parte estresante por usted. \u00bfPor qu\u00e9 no comprar sus boletos de la Mega Sena ahora para tener la oportunidad de ganar en grande?<\/p>\n","protected":false},"excerpt":{"rendered":"<p>La Mega Sena es la mayor loter\u00eda de Brasil con uno de los mayores botes del mundo. No es de extra\u00f1ar que los apostadores de todo el mundo est\u00e9n ansiosos por tener una oportunidad de ganar el bote. Curiosamente, la Mega Sena es tambi\u00e9n una loter\u00eda f\u00e1cil de jugar, m\u00e1s f\u00e1cil que muchas otras loter\u00edas [&hellip;]<\/p>\n","protected":false},"author":1,"featured_media":0,"parent":35782,"menu_order":15,"comment_status":"closed","ping_status":"closed","template":"megasena-info.php","meta":{"_et_pb_use_builder":"","_et_pb_old_content":"","_et_gb_content_width":"","exclude_from_search":false,"footnotes":""},"class_list":["post-37019","page","type-page","status-publish","hentry"],"yoast_head":"<!-- This site is optimized with the Yoast SEO plugin v23.3 - https:\/\/yoast.com\/wordpress\/plugins\/seo\/ -->\n<title>Comprar entradas para la Mega Sena desde fuera de Brasil | Obtener entradas para la Mega Sena online<\/title>\n<meta name=\"description\" content=\"No tienes que estar en Brasil para participar en la Mega Sena, compra tu entrada para la Mega Sena online en nuestra web\" \/>\n<meta name=\"robots\" content=\"index, follow, max-snippet:-1, max-image-preview:large, max-video-preview:-1\" \/>\n<link rel=\"canonical\" href=\"https:\/\/jackpotlotteryonline.com\/es\/comprar-boletos\/mega-sena\/\" \/>\n<meta property=\"og:locale\" content=\"es_ES\" \/>\n<meta property=\"og:type\" content=\"article\" \/>\n<meta property=\"og:title\" content=\"Comprar entradas para la Mega Sena desde fuera de Brasil | Obtener entradas para la Mega Sena online\" \/>\n<meta property=\"og:description\" content=\"No tienes que estar en Brasil para participar en la Mega Sena, compra tu entrada para la Mega Sena online en nuestra web\" \/>\n<meta property=\"og:url\" content=\"https:\/\/jackpotlotteryonline.com\/es\/comprar-boletos\/mega-sena\/\" \/>\n<meta property=\"og:site_name\" content=\"Lotto Online - Crack The International Lottery Jackpots\" \/>\n<meta property=\"article:modified_time\" content=\"2022-12-24T09:13:41+00:00\" \/>\n<meta property=\"og:image\" content=\"https:\/\/jackpotlotteryonline.com\/wp-content\/uploads\/2022\/11\/1_online_ticket_eurojackpot2.jpg\" \/>\n<meta name=\"twitter:card\" content=\"summary_large_image\" \/>\n<meta name=\"twitter:label1\" content=\"Tiempo de lectura\" \/>\n\t<meta name=\"twitter:data1\" content=\"6 minutos\" \/>\n<!-- \/ Yoast SEO plugin. -->","yoast_head_json":{"title":"Comprar entradas para la Mega Sena desde fuera de Brasil | Obtener entradas para la Mega Sena online","description":"No tienes que estar en Brasil para participar en la Mega Sena, compra tu entrada para la Mega Sena online en nuestra web","robots":{"index":"index","follow":"follow","max-snippet":"max-snippet:-1","max-image-preview":"max-image-preview:large","max-video-preview":"max-video-preview:-1"},"canonical":"https:\/\/jackpotlotteryonline.com\/es\/comprar-boletos\/mega-sena\/","og_locale":"es_ES","og_type":"article","og_title":"Comprar entradas para la Mega Sena desde fuera de Brasil | Obtener entradas para la Mega Sena online","og_description":"No tienes que estar en Brasil para participar en la Mega Sena, compra tu entrada para la Mega Sena online en nuestra web","og_url":"https:\/\/jackpotlotteryonline.com\/es\/comprar-boletos\/mega-sena\/","og_site_name":"Lotto Online - Crack The International Lottery Jackpots","article_modified_time":"2022-12-24T09:13:41+00:00","og_image":[{"url":"https:\/\/jackpotlotteryonline.com\/wp-content\/uploads\/2022\/11\/1_online_ticket_eurojackpot2.jpg"}],"twitter_card":"summary_large_image","twitter_misc":{"Tiempo de lectura":"6 minutos"},"schema":{"@context":"https:\/\/schema.org","@graph":[{"@type":"WebPage","@id":"https:\/\/jackpotlotteryonline.com\/es\/comprar-boletos\/mega-sena\/","url":"https:\/\/jackpotlotteryonline.com\/es\/comprar-boletos\/mega-sena\/","name":"Comprar entradas para la Mega Sena desde fuera de Brasil | Obtener entradas para la Mega Sena online","isPartOf":{"@id":"https:\/\/jackpotlotteryonline.com\/#website"},"primaryImageOfPage":{"@id":"https:\/\/jackpotlotteryonline.com\/es\/comprar-boletos\/mega-sena\/#primaryimage"},"image":{"@id":"https:\/\/jackpotlotteryonline.com\/es\/comprar-boletos\/mega-sena\/#primaryimage"},"thumbnailUrl":"https:\/\/jackpotlotteryonline.com\/wp-content\/uploads\/2022\/11\/1_online_ticket_eurojackpot2.jpg","datePublished":"2022-11-09T13:38:02+00:00","dateModified":"2022-12-24T09:13:41+00:00","description":"No tienes que estar en Brasil para participar en la Mega Sena, compra tu entrada para la Mega Sena online en nuestra web","breadcrumb":{"@id":"https:\/\/jackpotlotteryonline.com\/es\/comprar-boletos\/mega-sena\/#breadcrumb"},"inLanguage":"es","potentialAction":[{"@type":"ReadAction","target":["https:\/\/jackpotlotteryonline.com\/es\/comprar-boletos\/mega-sena\/"]}]},{"@type":"ImageObject","inLanguage":"es","@id":"https:\/\/jackpotlotteryonline.com\/es\/comprar-boletos\/mega-sena\/#primaryimage","url":"https:\/\/jackpotlotteryonline.com\/wp-content\/uploads\/2022\/11\/1_online_ticket_eurojackpot2.jpg","contentUrl":"https:\/\/jackpotlotteryonline.com\/wp-content\/uploads\/2022\/11\/1_online_ticket_eurojackpot2.jpg"},{"@type":"BreadcrumbList","@id":"https:\/\/jackpotlotteryonline.com\/es\/comprar-boletos\/mega-sena\/#breadcrumb","itemListElement":[{"@type":"ListItem","position":1,"name":"Home","item":"https:\/\/jackpotlotteryonline.com\/es\/"},{"@type":"ListItem","position":2,"name":"C\u00f3mo comprar boletos de loter\u00eda en l\u00ednea","item":"https:\/\/jackpotlotteryonline.com\/buy-tickets\/"},{"@type":"ListItem","position":3,"name":"Comprar entradas para la Mega Sena"}]},{"@type":"WebSite","@id":"https:\/\/jackpotlotteryonline.com\/#website","url":"https:\/\/jackpotlotteryonline.com\/","name":"Lotto Online - Crack The International Lottery Jackpots","description":"","potentialAction":[{"@type":"SearchAction","target":{"@type":"EntryPoint","urlTemplate":"https:\/\/jackpotlotteryonline.com\/?s={search_term_string}"},"query-input":"required name=search_term_string"}],"inLanguage":"es"}]}},"_links":{"self":[{"href":"https:\/\/jackpotlotteryonline.com\/es\/wp-json\/wp\/v2\/pages\/37019","targetHints":{"allow":["GET"]}}],"collection":[{"href":"https:\/\/jackpotlotteryonline.com\/es\/wp-json\/wp\/v2\/pages"}],"about":[{"href":"https:\/\/jackpotlotteryonline.com\/es\/wp-json\/wp\/v2\/types\/page"}],"author":[{"embeddable":true,"href":"https:\/\/jackpotlotteryonline.com\/es\/wp-json\/wp\/v2\/users\/1"}],"replies":[{"embeddable":true,"href":"https:\/\/jackpotlotteryonline.com\/es\/wp-json\/wp\/v2\/comments?post=37019"}],"version-history":[{"count":0,"href":"https:\/\/jackpotlotteryonline.com\/es\/wp-json\/wp\/v2\/pages\/37019\/revisions"}],"up":[{"embeddable":true,"href":"https:\/\/jackpotlotteryonline.com\/es\/wp-json\/wp\/v2\/pages\/35782"}],"wp:attachment":[{"href":"https:\/\/jackpotlotteryonline.com\/es\/wp-json\/wp\/v2\/media?parent=37019"}],"curies":[{"name":"wp","href":"https:\/\/api.w.org\/{rel}","templated":true}]}}