{"id":37073,"date":"2022-11-10T07:41:05","date_gmt":"2022-11-10T07:41:05","guid":{"rendered":"https:\/\/jackpotlotteryonline.com\/?page_id=37073"},"modified":"2023-01-06T10:12:52","modified_gmt":"2023-01-06T10:12:52","slug":"new-york-lottery","status":"publish","type":"page","link":"https:\/\/jackpotlotteryonline.com\/es\/comprar-boletos\/new-york-lottery\/","title":{"rendered":"Billetes de la loter\u00eda de Nueva York"},"content":{"rendered":"<p>Si est\u00e1 buscando una loter\u00eda que tenga una historia colorida, entonces la Loter\u00eda de Nueva York es su mejor opci\u00f3n. Cargada de historia y esc\u00e1ndalo, esta es tambi\u00e9n una loter\u00eda que se fund\u00f3 por una buena causa.<a href=\"https:\/\/jackpotlotteryonline.com\/es\/como-se-juega\/new-york-lottery-2\"> Jugar a la loter\u00eda<\/a> es una buena manera de divertirse y adem\u00e1s te da algo que esperar.<\/p>\n<p>Para los jugadores de fuera de los Estados Unidos que quieran comprar boletos de esta loter\u00eda, pueden hacerlo visitando jackpotlotteryonline.com. Damos a los jugadores acceso a las mejores loter\u00edas internacionales sin importar en qu\u00e9 parte del mundo se encuentren.<\/p>\n<h2>Una breve historia de la Loter\u00eda de Nueva York<\/h2>\n<p>Esta es una loter\u00eda administrada por el gobierno del estado de Nueva York en los Estados Unidos. Fue fundada en 1967 como una forma de ayudar a financiar la educaci\u00f3n en el estado. Los ciudadanos del estado votaron en un refer\u00e9ndum que se modificara la constituci\u00f3n para permitir una loter\u00eda administrada por el estado. Curiosamente, el primer eslogan de la loter\u00eda fue &#8220;La oportunidad de tu vida para ayudar a la educaci\u00f3n&#8221;.<\/p>\n<p>As\u00ed que si necesitas sentirte bien jugando a la loter\u00eda, entonces esta loter\u00eda es una buena oportunidad para ti. No s\u00f3lo tendr\u00e1s la oportunidad de ganar a lo grande, sino que sabr\u00e1s que est\u00e1s haciendo un bien en el proceso.<\/p>\n<p>Otro hecho interesante es que al principio, esta loter\u00eda fue golpeada por el esc\u00e1ndalo, no una sino dos veces. En 1975-6 se suspendieron las ventas porque se descubri\u00f3 que los boletos no vendidos eran declarados ganadores. Luego, en los a\u00f1os 80, empleados del Estado manipularon los resultados a favor de familiares y amigos. Esos d\u00edas quedaron atr\u00e1s y se ha convertido en una de las loter\u00edas m\u00e1s fiables del pa\u00eds.<\/p>\n<h2>C\u00f3mo comprar billetes de Loter\u00eda desde fuera de Estados Unidos<\/h2>\n<p><img loading=\"lazy\" decoding=\"async\" class=\"alignright size-full wp-image-26402\" src=\"https:\/\/jackpotlotteryonline.com\/wp-content\/uploads\/2022\/11\/1_buy_online_ticket_powerball.jpg\" alt=\"Premio de la Loter\u00eda de Nueva York\" width=\"300\" height=\"194\" \/><\/p>\n<p>Si usted vive fuera de los Estados Unidos, s\u00f3lo hay una forma leg\u00edtima de comprar billetes de loter\u00eda. Es comprarlos a trav\u00e9s de Internet a un vendedor de loter\u00eda online como jackpotlotteryonline.com.<\/p>\n<p>Para comprar los boletos simplemente visite el sitio y haga clic en la loter\u00eda que desee. A continuaci\u00f3n, elija seis n\u00fameros entre el 1 y el 59. No dude en comprar varias l\u00edneas de entrada para aumentar sus probabilidades de ganar. Una vez que haya elegido sus n\u00fameros, entre en el sorteo de su elecci\u00f3n y realice el pago.<\/p>\n<p>Jugar a la loter\u00eda desde fuera de Estados Unidos a trav\u00e9s de Internet es legal y leg\u00edtimo. Adem\u00e1s, abre un mundo de posibilidades a los jugadores de todo el mundo. Ya no tiene que estar restringido por la geograf\u00eda, ya que puede apostar f\u00e1cilmente sin fronteras.<\/p>\n<h2>El n\u00famero de bonificaci\u00f3n<\/h2>\n<p>S\u00ed, hay un n\u00famero de bonificaci\u00f3n y es el s\u00e9ptimo n\u00famero que se sortea. Sin embargo, el n\u00famero de bonificaci\u00f3n no se utiliza para determinar el premio mayor, sino que se utiliza para el segundo premio. Para ganar la segunda categor\u00eda de premios, el jugador tiene que acertar los seis n\u00fameros sorteados y el n\u00famero de bonificaci\u00f3n.<\/p>\n<section class=\"layout\" style=\"border: solid 1px; width: 100%;\">\n<div class=\"img-div\" style=\"margin-top: 5px;\"><img decoding=\"async\" class=\"wp-image-17212 alignleft\" style=\"height: 45px; margin: 8px 8px 0px;\" src=\"https:\/\/jackpotlotteryonline.com\/wp-content\/uploads\/2022\/11\/read1.jpg\" alt=\"leer\" width=\"\" height=\"\" \/><\/div>\n<div style=\"padding-left: 5px;\">\n<div style=\"font-size: 1.1em;\">\n<p><strong>Consejos de loter\u00eda<\/strong><\/p>\n<p style=\"font-size: 0.85em; margin-top: -1.5em;\">Consejos para ganar a la loter\u00eda\u00a0 <a href=\"https:\/\/jackpotlotteryonline.com\/es\/consejos-para-la-loteria\">Seguir leyendo<\/a><\/p>\n<\/div>\n<\/div>\n<\/section>\n<h2>Las categor\u00edas de premios<\/h2>\n<p>Las probabilidades de ganar un premio en general son de 1 en 92,05. La distribuci\u00f3n de los premios depende de las ventas globales. As\u00ed, para cada loter\u00eda, el 40% de las ventas se asigna como premio. El bote es un porcentaje de \u00e9ste y no es una cantidad fija. Las categor\u00edas de premios se describen a continuaci\u00f3n:<\/p>\n<p>Categor\u00eda 1: 6 n\u00fameros &#8211; bote (30%)<br \/>\nCategor\u00eda 2: 5 + n\u00famero de bonificaci\u00f3n &#8211; 2,9% de las ventas<br \/>\nCategor\u00eda 3: 5 n\u00fameros &#8211; 2,2% de las ventas<br \/>\nCategor\u00eda 4: 4 n\u00fameros &#8211; 2,5% de las ventas<br \/>\nCategor\u00eda 5: 3 n\u00fameros &#8211; 2,4% de las ventas<\/p>\n<h2>D\u00edas de sorteo de la Loter\u00eda de Nueva York<\/h2>\n<p><a href=\"https:\/\/jackpotlotteryonline.com\/es\/numeros-ganadores\/new-york-lottery\">La loter\u00eda de Nueva York (como se le llama a veces) tiene dos d\u00edas de sorteo cada semana<\/a>. Son los mi\u00e9rcoles y los s\u00e1bados. Por lo tanto, puede participar en varios d\u00edas de sorteo con varias semanas de antelaci\u00f3n.<\/p>\n<p>Para saber si ha ganado un premio, puede ver los sorteos en la televisi\u00f3n o comprobar los resultados de los sorteos en las noticias. Sin embargo, esto podr\u00eda resultar f\u00e1cilmente tedioso, sobre todo si est\u00e1 ocupado en ese momento. Para una alternativa m\u00e1s sencilla, reg\u00edstrese con nosotros y le avisaremos inmediatamente si gana.<\/p>\n<h2>\u00bfPor qu\u00e9 deber\u00eda jugar a la loter\u00eda de Nueva York?<\/h2>\n<p>Si piensa que el dinero del premio est\u00e1 determinado por las ventas, puede desanimarse. \u00bfQu\u00e9 pasa si las ventas no son buenas? Significa que el premio mayor podr\u00eda reducirse considerablemente. Ese es un temor real al que se enfrentan los jugadores cuando juegan a esta loter\u00eda.<\/p>\n<p>Sin embargo, hay varias cosas que juegan a favor de la loter\u00eda administrada por el gobierno del estado de Nueva York. La primera es que hay mucho inter\u00e9s en esta loter\u00eda, por lo que las ventas siguen siendo bastante buenas. El bote no es tan grande como el de otras loter\u00edas internacionales, pero los jugadores pueden ganar hasta 10 millones de d\u00f3lares.<\/p>\n<p>Adem\u00e1s, las probabilidades de ganar un premio son mucho mayores que las de otras loter\u00edas con botes m\u00e1s grandes. Aunque algunos jugadores no consideren que se trata de una apuesta de alto riesgo, las probabilidades favorables ciertamente endulzan el trato. Adem\u00e1s, el premio del bote no est\u00e1 nada mal y podr\u00eda hacer millonarios a los ganadores.<\/p>\n<h2>Reg\u00edstrese con nosotros para una experiencia sin estr\u00e9s<\/h2>\n<p><img loading=\"lazy\" decoding=\"async\" class=\"size-full wp-image-35321 alignright\" src=\"https:\/\/jackpotlotteryonline.com\/wp-content\/uploads\/2022\/11\/2_ticket_superenalotto-1.jpg\" alt=\"Billete de la Loter\u00eda de Nueva York\" width=\"228\" height=\"300\" \/><\/p>\n<p>Jugar a la Loter\u00eda de Nueva York es f\u00e1cil y sin complicaciones cuando se registra con nosotros. Cuando visite nuestro sitio, encontrar\u00e1 una gran variedad de loter\u00edas internacionales en las que puede participar. Obtenga un boleto y apueste a la loter\u00eda de su elecci\u00f3n y elija entradas m\u00faltiples si lo desea. Si no est\u00e1 seguro de los n\u00fameros a elegir, nuestra herramienta de selecci\u00f3n autom\u00e1tica le ayudar\u00e1 con eso.<\/p>\n<p>Una vez que haya elegido sus n\u00fameros, entre en los sorteos y vaya a la zona de pago. En ese momento, le pediremos que se registre. Esto es por las siguientes razones:<\/p>\n<ul>\n<li>Al registrarte, te aseguras de que tus boletos est\u00e9n a salvo para que puedas reclamar f\u00e1cilmente los premios que ganes<\/li>\n<li>Si gana alg\u00fan premio, recibir\u00e1 una alerta en su tablero y por correo electr\u00f3nico<\/li>\n<li>Retirar tu premio nunca ha sido tan f\u00e1cil ya que puedes hacerlo all\u00ed mismo en nuestra plataforma<\/li>\n<\/ul>\n<h2>\u00bfC\u00f3mo sabes que est\u00e1s entrando en la loter\u00eda?<\/h2>\n<p>Esta es una pregunta leg\u00edtima, ya que hay varios servicios que venden billetes de loter\u00eda, pero no te dan acceso a la loter\u00eda. Lo que hacen es que te dan la posibilidad de apostar contra el bote. As\u00ed que incluso si usted gana s\u00f3lo puede obtener una fracci\u00f3n de la cantidad del bote. Nosotros no hacemos eso.<\/p>\n<p>Contamos con un servicio de conserjer\u00eda que garantiza que nuestros clientes tengan acceso en tiempo real a las loter\u00edas de su elecci\u00f3n. Cuando usted compra una entrada, nuestros agentes en Nueva York tambi\u00e9n comprar\u00e1n un billete f\u00edsico con sus n\u00fameros preferidos. Esto significa que si sus n\u00fameros coinciden con los sorteados, habr\u00e1 ganado el bote.<\/p>\n<p>Este es un buen momento para mencionar que la loter\u00eda es un juego de azar. Por lo tanto, no hay forma de determinar qui\u00e9n ganar\u00e1. Lo que s\u00ed sabemos es que la \u00fanica manera de tener una oportunidad de ganar es hacer una apuesta. Por eso nos esforzamos al m\u00e1ximo para garantizar que nuestros clientes tengan esa oportunidad.<\/p>\n<h2>Juegue a la Loter\u00eda de Nueva York en l\u00ednea hoy mismo<\/h2>\n<p>Es hora de dejar de pensar en conseguir un billete de loter\u00eda y conseguir uno. Este podr\u00eda ser el comienzo de una aventura de por vida. As\u00ed que, \u00bfpor qu\u00e9 no nos visita hoy en jackpotlotteryonline.com para hacer una apuesta desde cualquier parte del mundo? Nunca se sabe cu\u00e1ndo va a ganar la loter\u00eda.<\/p>\n","protected":false},"excerpt":{"rendered":"<p>Si est\u00e1 buscando una loter\u00eda que tenga una historia colorida, entonces la Loter\u00eda de Nueva York es su mejor opci\u00f3n. Cargada de historia y esc\u00e1ndalo, esta es tambi\u00e9n una loter\u00eda que se fund\u00f3 por una buena causa. Jugar a la loter\u00eda es una buena manera de divertirse y adem\u00e1s te da algo que esperar. Para [&hellip;]<\/p>\n","protected":false},"author":1,"featured_media":0,"parent":35782,"menu_order":14,"comment_status":"closed","ping_status":"closed","template":"newyork-info.php","meta":{"_et_pb_use_builder":"","_et_pb_old_content":"","_et_gb_content_width":"","exclude_from_search":false,"footnotes":""},"class_list":["post-37073","page","type-page","status-publish","hentry"],"yoast_head":"<!-- This site is optimized with the Yoast SEO plugin v23.3 - https:\/\/yoast.com\/wordpress\/plugins\/seo\/ -->\n<title>Comprar boletos de la loter\u00eda de Nueva York desde fuera de Estados Unidos | Obtener boletos de la loter\u00eda de Nueva York en l\u00ednea<\/title>\n<meta name=\"description\" content=\"\u00bfQuieres comprar un billete de la Loter\u00eda de Nueva York, pero vives fuera de los Estados Unidos? Obtenga sus boletos de loter\u00eda en l\u00ednea aqu\u00ed\" \/>\n<meta name=\"robots\" content=\"index, follow, max-snippet:-1, max-image-preview:large, max-video-preview:-1\" \/>\n<link rel=\"canonical\" href=\"https:\/\/jackpotlotteryonline.com\/es\/comprar-boletos\/new-york-lottery\/\" \/>\n<meta property=\"og:locale\" content=\"es_ES\" \/>\n<meta property=\"og:type\" content=\"article\" \/>\n<meta property=\"og:title\" content=\"Comprar boletos de la loter\u00eda de Nueva York desde fuera de Estados Unidos | Obtener boletos de la loter\u00eda de Nueva York en l\u00ednea\" \/>\n<meta property=\"og:description\" content=\"\u00bfQuieres comprar un billete de la Loter\u00eda de Nueva York, pero vives fuera de los Estados Unidos? Obtenga sus boletos de loter\u00eda en l\u00ednea aqu\u00ed\" \/>\n<meta property=\"og:url\" content=\"https:\/\/jackpotlotteryonline.com\/es\/comprar-boletos\/new-york-lottery\/\" \/>\n<meta property=\"og:site_name\" content=\"Lotto Online - Crack The International Lottery Jackpots\" \/>\n<meta property=\"article:modified_time\" content=\"2023-01-06T10:12:52+00:00\" \/>\n<meta property=\"og:image\" content=\"https:\/\/jackpotlotteryonline.com\/wp-content\/uploads\/2022\/11\/1_buy_online_ticket_powerball.jpg\" \/>\n<meta name=\"twitter:card\" content=\"summary_large_image\" \/>\n<meta name=\"twitter:label1\" content=\"Tiempo de lectura\" \/>\n\t<meta name=\"twitter:data1\" content=\"7 minutos\" \/>\n<!-- \/ Yoast SEO plugin. -->","yoast_head_json":{"title":"Comprar boletos de la loter\u00eda de Nueva York desde fuera de Estados Unidos | Obtener boletos de la loter\u00eda de Nueva York en l\u00ednea","description":"\u00bfQuieres comprar un billete de la Loter\u00eda de Nueva York, pero vives fuera de los Estados Unidos? Obtenga sus boletos de loter\u00eda en l\u00ednea aqu\u00ed","robots":{"index":"index","follow":"follow","max-snippet":"max-snippet:-1","max-image-preview":"max-image-preview:large","max-video-preview":"max-video-preview:-1"},"canonical":"https:\/\/jackpotlotteryonline.com\/es\/comprar-boletos\/new-york-lottery\/","og_locale":"es_ES","og_type":"article","og_title":"Comprar boletos de la loter\u00eda de Nueva York desde fuera de Estados Unidos | Obtener boletos de la loter\u00eda de Nueva York en l\u00ednea","og_description":"\u00bfQuieres comprar un billete de la Loter\u00eda de Nueva York, pero vives fuera de los Estados Unidos? Obtenga sus boletos de loter\u00eda en l\u00ednea aqu\u00ed","og_url":"https:\/\/jackpotlotteryonline.com\/es\/comprar-boletos\/new-york-lottery\/","og_site_name":"Lotto Online - Crack The International Lottery Jackpots","article_modified_time":"2023-01-06T10:12:52+00:00","og_image":[{"url":"https:\/\/jackpotlotteryonline.com\/wp-content\/uploads\/2022\/11\/1_buy_online_ticket_powerball.jpg"}],"twitter_card":"summary_large_image","twitter_misc":{"Tiempo de lectura":"7 minutos"},"schema":{"@context":"https:\/\/schema.org","@graph":[{"@type":"WebPage","@id":"https:\/\/jackpotlotteryonline.com\/es\/comprar-boletos\/new-york-lottery\/","url":"https:\/\/jackpotlotteryonline.com\/es\/comprar-boletos\/new-york-lottery\/","name":"Comprar boletos de la loter\u00eda de Nueva York desde fuera de Estados Unidos | Obtener boletos de la loter\u00eda de Nueva York en l\u00ednea","isPartOf":{"@id":"https:\/\/jackpotlotteryonline.com\/#website"},"primaryImageOfPage":{"@id":"https:\/\/jackpotlotteryonline.com\/es\/comprar-boletos\/new-york-lottery\/#primaryimage"},"image":{"@id":"https:\/\/jackpotlotteryonline.com\/es\/comprar-boletos\/new-york-lottery\/#primaryimage"},"thumbnailUrl":"https:\/\/jackpotlotteryonline.com\/wp-content\/uploads\/2022\/11\/1_buy_online_ticket_powerball.jpg","datePublished":"2022-11-10T07:41:05+00:00","dateModified":"2023-01-06T10:12:52+00:00","description":"\u00bfQuieres comprar un billete de la Loter\u00eda de Nueva York, pero vives fuera de los Estados Unidos? Obtenga sus boletos de loter\u00eda en l\u00ednea aqu\u00ed","breadcrumb":{"@id":"https:\/\/jackpotlotteryonline.com\/es\/comprar-boletos\/new-york-lottery\/#breadcrumb"},"inLanguage":"es","potentialAction":[{"@type":"ReadAction","target":["https:\/\/jackpotlotteryonline.com\/es\/comprar-boletos\/new-york-lottery\/"]}]},{"@type":"ImageObject","inLanguage":"es","@id":"https:\/\/jackpotlotteryonline.com\/es\/comprar-boletos\/new-york-lottery\/#primaryimage","url":"https:\/\/jackpotlotteryonline.com\/wp-content\/uploads\/2022\/11\/1_buy_online_ticket_powerball.jpg","contentUrl":"https:\/\/jackpotlotteryonline.com\/wp-content\/uploads\/2022\/11\/1_buy_online_ticket_powerball.jpg"},{"@type":"BreadcrumbList","@id":"https:\/\/jackpotlotteryonline.com\/es\/comprar-boletos\/new-york-lottery\/#breadcrumb","itemListElement":[{"@type":"ListItem","position":1,"name":"Home","item":"https:\/\/jackpotlotteryonline.com\/es\/"},{"@type":"ListItem","position":2,"name":"C\u00f3mo comprar boletos de loter\u00eda en l\u00ednea","item":"https:\/\/jackpotlotteryonline.com\/buy-tickets\/"},{"@type":"ListItem","position":3,"name":"Billetes de la loter\u00eda de Nueva York"}]},{"@type":"WebSite","@id":"https:\/\/jackpotlotteryonline.com\/#website","url":"https:\/\/jackpotlotteryonline.com\/","name":"Lotto Online - Crack The International Lottery Jackpots","description":"","potentialAction":[{"@type":"SearchAction","target":{"@type":"EntryPoint","urlTemplate":"https:\/\/jackpotlotteryonline.com\/?s={search_term_string}"},"query-input":"required name=search_term_string"}],"inLanguage":"es"}]}},"_links":{"self":[{"href":"https:\/\/jackpotlotteryonline.com\/es\/wp-json\/wp\/v2\/pages\/37073","targetHints":{"allow":["GET"]}}],"collection":[{"href":"https:\/\/jackpotlotteryonline.com\/es\/wp-json\/wp\/v2\/pages"}],"about":[{"href":"https:\/\/jackpotlotteryonline.com\/es\/wp-json\/wp\/v2\/types\/page"}],"author":[{"embeddable":true,"href":"https:\/\/jackpotlotteryonline.com\/es\/wp-json\/wp\/v2\/users\/1"}],"replies":[{"embeddable":true,"href":"https:\/\/jackpotlotteryonline.com\/es\/wp-json\/wp\/v2\/comments?post=37073"}],"version-history":[{"count":0,"href":"https:\/\/jackpotlotteryonline.com\/es\/wp-json\/wp\/v2\/pages\/37073\/revisions"}],"up":[{"embeddable":true,"href":"https:\/\/jackpotlotteryonline.com\/es\/wp-json\/wp\/v2\/pages\/35782"}],"wp:attachment":[{"href":"https:\/\/jackpotlotteryonline.com\/es\/wp-json\/wp\/v2\/media?parent=37073"}],"curies":[{"name":"wp","href":"https:\/\/api.w.org\/{rel}","templated":true}]}}