{"id":37125,"date":"2022-11-10T09:45:08","date_gmt":"2022-11-10T09:45:08","guid":{"rendered":"https:\/\/jackpotlotteryonline.com\/?page_id=37125"},"modified":"2023-01-04T08:54:58","modified_gmt":"2023-01-04T08:54:58","slug":"thunderball","status":"publish","type":"page","link":"https:\/\/jackpotlotteryonline.com\/es\/comprar-boletos\/thunderball\/","title":{"rendered":"Comprar entradas para el Thunderball"},"content":{"rendered":"<p>No hay escasez de loter\u00edas para los jugadores dentro del Reino Unido para jugar. Desde juegos de loter\u00eda hasta juegos de anualidades, hay algo para todos y casi todos los d\u00edas tambi\u00e9n. Pero uno de los juegos favoritos de los jugadores es el Thunderball. Es interesante porque se trata de una loter\u00eda que no ofrece un bote de millones de libras. De hecho, podemos garantizar que incluso si gana el bote, no ser\u00e1 millonario. \u00bfPor qu\u00e9 entonces los jugadores parecen amar esta loter\u00eda?<\/p>\n<p>La raz\u00f3n es sencilla: las probabilidades son mucho mejores que en otros juegos con botes mayores. Con cuatro sorteos semanales y un bote considerable, no es de extra\u00f1ar que los entusiastas de la loter\u00eda acudan en masa a esta loter\u00eda cada semana.<\/p>\n<p>Si vive fuera del Reino Unido, tambi\u00e9n puede participar en cualquiera de los sorteos. Visite jackpotlotteryonline.com para comprar billetes de loter\u00eda de forma eficiente y sin estr\u00e9s, est\u00e9 donde est\u00e9.<\/p>\n<h2>\u00bfC\u00f3mo funciona Thunderball?<\/h2>\n<p><img loading=\"lazy\" decoding=\"async\" class=\"alignright size-medium wp-image-30425\" src=\"https:\/\/jackpotlotteryonline.com\/wp-content\/uploads\/2022\/11\/1_you_win_jackpot-300x300.jpg\" alt=\"C\u00f3mo jugar al Thunderball\" width=\"300\" height=\"300\" srcset=\"https:\/\/jackpotlotteryonline.com\/wp-content\/uploads\/2022\/11\/1_you_win_jackpot-300x300.jpg 300w, https:\/\/jackpotlotteryonline.com\/wp-content\/uploads\/2022\/11\/1_you_win_jackpot-100x100.jpg 100w, https:\/\/jackpotlotteryonline.com\/wp-content\/uploads\/2022\/11\/1_you_win_jackpot-150x150.jpg 150w, https:\/\/jackpotlotteryonline.com\/wp-content\/uploads\/2022\/11\/1_you_win_jackpot.jpg 320w\" sizes=\"auto, (max-width: 300px) 100vw, 300px\" \/><\/p>\n<p>Esta loter\u00eda brit\u00e1nica es sencilla y f\u00e1cil de jugar y los jugadores de loter\u00eda experimentados no deber\u00edan tener ning\u00fan problema con esta loter\u00eda brit\u00e1nica.<\/p>\n<p>Para <a href=\"https:\/\/jackpotlotteryonline.com\/es\/como-se-juega\/thunderball\">jugar a esta loter\u00eda brit\u00e1nica<\/a>, los jugadores tienen que elegir cinco n\u00fameros principales entre el 1 y el 39 y un n\u00famero especial entre el 1 y el 14. El n\u00famero especial se llama Thunderball.<\/p>\n<p>Despu\u00e9s de elegir sus n\u00fameros, el siguiente paso es <a href=\"https:\/\/jackpotlotteryonline.com\/es\/numeros-ganadores\/thunderball\">participar en los sorteos<\/a> y esperar los resultados. Ya hemos mencionado que ofrece cuatro sorteos semanales. Es decir, \u00a1cuatro oportunidades de ganar el bote! Los sorteos se celebran los martes, mi\u00e9rcoles, jueves y s\u00e1bado.<\/p>\n<h2>\u00bfEs legal comprar un billete de loter\u00eda del Reino Unido en l\u00ednea?<\/h2>\n<p>La pregunta sobre si se puede participar en la loter\u00eda a trav\u00e9s de Internet es una preocupaci\u00f3n v\u00e1lida. Es cierto que hay estafas por ah\u00ed y ser\u00eda tonto ignorar eso. Sin embargo, hay sitios de loter\u00eda leg\u00edtimos que venden boletos de loter\u00eda en todo el mundo y esto es perfectamente legal.<\/p>\n<p>En primer lugar, esta loter\u00eda brit\u00e1nica no est\u00e1 restringida a los ciudadanos del Reino Unido. La \u00fanica restricci\u00f3n es geogr\u00e1fica, ya que los boletos f\u00edsicos son vendidos por vendedores en el pa\u00eds. Comprar sus boletos en l\u00ednea es la \u00fanica manera de jugar a la loter\u00eda desde fuera del pa\u00eds.<\/p>\n<p>Antes de comprar un boleto de loter\u00eda, aseg\u00farese de que est\u00e1 utilizando un vendedor de loter\u00eda leg\u00edtimo, especialmente uno que tenga buena reputaci\u00f3n. Una buena forma de comprobarlo es ver si tienen un historial de pago de premios para que no pierda sus ganancias.<\/p>\n<section class=\"layout\" style=\"border: solid 1px; width: 100%;\">\n<div class=\"img-div\" style=\"margin-top: 5px;\"><img decoding=\"async\" class=\"wp-image-17212 alignleft\" style=\"height: 45px; margin: 8px 8px 0px;\" src=\"https:\/\/jackpotlotteryonline.com\/wp-content\/uploads\/2022\/11\/read1.jpg\" alt=\"leer\" width=\"\" height=\"\" \/><\/div>\n<div style=\"padding-left: 5px;\">\n<div style=\"font-size: 1.1em;\">\n<p><strong>Su loter\u00eda nacional en comparaci\u00f3n internacional<\/strong><\/p>\n<p style=\"font-size: 0.85em; margin-top: -1.5em;\">Su loter\u00eda local puede ser su peor opci\u00f3n &#8211; por qu\u00e9 tiene m\u00e1s sentido pagar m\u00e1s pero ir a por botes m\u00e1s grandes\u00a0 <a href=\"https:\/\/jackpotlotteryonline.com\/es\/su-loteria-nacional-en-comparacion-internacional\"> Seguir leyendo<\/a><\/p>\n<\/div>\n<\/div>\n<\/section>\n<h2>Bote y premios<\/h2>\n<p>\u00bfCu\u00e1l es exactamente el premio mayor de esta loter\u00eda brit\u00e1nica? El premio mayor es de quinientas mil libras y est\u00e1 garantizado para cada sorteo. Cualquier boleto que coincida con los cinco n\u00fameros sorteados y el n\u00famero especial gana el bote.<\/p>\n<p>El bote no es el \u00fanico premio que los jugadores pueden ganar con esta loter\u00eda, ya que hay otros niveles de premios. El premio del segundo nivel tambi\u00e9n es una cantidad fija de cinco mil libras, lo que es realmente genial. Hay nueve niveles de premios en total y hay un premio s\u00f3lo por acertar el n\u00famero especial.<\/p>\n<p>De nuevo, las probabilidades de esta loter\u00eda son incre\u00edbles, por lo que ha producido tantos ganadores desde el primer sorteo en 1999. Debido a la gran demanda de la loter\u00eda, pas\u00f3 de tener un solo sorteo semanal a cuatro sorteos semanales. As\u00ed que si juega a esta loter\u00eda brit\u00e1nica, las probabilidades de ganar el bote son de 1 en 8.060.598, mientras que las probabilidades de ganar cualquier premio son de 1 en 13.<br \/>\n<img loading=\"lazy\" decoding=\"async\" class=\"alignright size-medium wp-image-35457\" src=\"https:\/\/jackpotlotteryonline.com\/wp-content\/uploads\/2022\/11\/2_ticket_uk_lottery-192x300.jpg\" alt=\"billete de thunderball\" width=\"192\" height=\"300\" srcset=\"https:\/\/jackpotlotteryonline.com\/wp-content\/uploads\/2022\/11\/2_ticket_uk_lottery-192x300.jpg 192w, https:\/\/jackpotlotteryonline.com\/wp-content\/uploads\/2022\/11\/2_ticket_uk_lottery.jpg 250w\" sizes=\"auto, (max-width: 192px) 100vw, 192px\" \/><\/p>\n<p><strong>Cuando juegue a esta loter\u00eda, esto es lo que puede esperar ganar:<\/strong><\/p>\n<p>Acertar 5 n\u00fameros + n\u00famero especial &#8211; 500.000 libras esterlinas (bote)<br \/>\nSi acierta s\u00f3lo 5 n\u00fameros &#8211; 5.000 libras esterlinas<br \/>\nSi acierta 4 n\u00fameros + el n\u00famero especial &#8211; 250 libras esterlinas<br \/>\nSi acierta s\u00f3lo 4 n\u00fameros &#8211; 100\u00a4.<br \/>\nSi acierta 3 n\u00fameros + el n\u00famero especial &#8211; 20\u00a4.<br \/>\nS\u00f3lo 3 n\u00fameros &#8211; \u00a310<br \/>\nCombinaci\u00f3n de 2 n\u00fameros + n\u00famero especial &#8211; \u00a310<br \/>\nCombinaci\u00f3n de 1 n\u00famero + n\u00famero especial &#8211; 5 \u00a4.<br \/>\nCoincidencia de 0 n\u00fameros + n\u00famero especial &#8211; \u00a33<\/p>\n<h2>C\u00f3mo reclamar su premio<\/h2>\n<p>La forma de reclamar su premio depender\u00e1 de c\u00f3mo haya comprado su billete de loter\u00eda. Si ha participado en la loter\u00eda a trav\u00e9s de nuestro sitio web, puede reclamar su premio accediendo a su cuenta y retirando sus ganancias desde nuestra plataforma.<\/p>\n<p>Antes de reclamar su premio, es importante saber algunas cosas sobre c\u00f3mo jugar a la loter\u00eda en el Reino Unido. Ya sabemos que la loter\u00eda est\u00e1 abierta a todo el mundo sin importar la nacionalidad, sin embargo aqu\u00ed hay algunas cosas que hay que tener en cuenta:<\/p>\n<ul>\n<li>La loter\u00eda est\u00e1 abierta a jugadores mayores de 16 a\u00f1os<\/li>\n<li>Los premios se pagan en una suma global<\/li>\n<li>Los premios de la loter\u00eda no est\u00e1n sujetos a impuestos en el pa\u00eds. Sin embargo, si juega desde fuera del pa\u00eds, debe comprobar la legislaci\u00f3n fiscal de su pa\u00eds<\/li>\n<li>Dispone de 180 d\u00edas para reclamar cualquier premio antes de que vuelva a entrar en la bolsa<\/li>\n<li>Si ha participado en la loter\u00eda a trav\u00e9s de un vendedor f\u00edsico, es posible que tenga que ponerse en contacto con los organizadores de la loter\u00eda para reclamar su premio.<\/li>\n<\/ul>\n<h2>Por qu\u00e9 deber\u00eda jugar a la loter\u00eda con nosotros<\/h2>\n<p>Somos un servicio de conserjer\u00eda a medida que proporciona acceso a las mejores loter\u00edas internacionales a jugadores de todo el mundo. Hemos pasado a\u00f1os perfeccionando el proceso para garantizar que nuestros clientes tengan una experiencia emocionante, agradable y sin estr\u00e9s.<\/p>\n<p>Cuando se registra con nosotros, puede entrar en varias loter\u00edas c\u00f3modamente desde una \u00fanica plataforma online. Le proporcionamos la seguridad a\u00f1adida de saber que su resguardo de entrada est\u00e1 a salvo para que no tenga que preocuparse de perderlo. Tambi\u00e9n puede estar tranquilo sabiendo que no se perder\u00e1 ninguna ganancia porque le avisaremos en cuanto gane un premio.<\/p>\n<p>B\u00e1sicamente, le quitamos todos los pernos y chirridos que conlleva jugar a la loter\u00eda, dej\u00e1ndole libre para hacer lo que m\u00e1s le gusta: divertirse. No importa en qu\u00e9 parte del mundo se encuentre, una vez que tenga una conexi\u00f3n a Internet, podr\u00e1 participar en las mejores loter\u00edas internacionales.<\/p>\n<p>Con jackpotlotteryonline.com tiene varias opciones. Puede jugar a una o varias loter\u00edas, participar en uno o varios sorteos e incluso establecer una suscripci\u00f3n para que sus participaciones se ejecuten en piloto autom\u00e1tico. \u00bfPor qu\u00e9 no nos visita hoy para comprar billetes de Thunderball desde fuera del Reino Unido?<\/p>\n","protected":false},"excerpt":{"rendered":"<p>No hay escasez de loter\u00edas para los jugadores dentro del Reino Unido para jugar. Desde juegos de loter\u00eda hasta juegos de anualidades, hay algo para todos y casi todos los d\u00edas tambi\u00e9n. Pero uno de los juegos favoritos de los jugadores es el Thunderball. Es interesante porque se trata de una loter\u00eda que no ofrece [&hellip;]<\/p>\n","protected":false},"author":1,"featured_media":0,"parent":35782,"menu_order":12,"comment_status":"closed","ping_status":"closed","template":"thunderball-info.php","meta":{"_et_pb_use_builder":"","_et_pb_old_content":"","_et_gb_content_width":"","exclude_from_search":false,"footnotes":""},"class_list":["post-37125","page","type-page","status-publish","hentry"],"yoast_head":"<!-- This site is optimized with the Yoast SEO plugin v23.3 - https:\/\/yoast.com\/wordpress\/plugins\/seo\/ -->\n<title>Comprar boletos de Thunderball desde fuera del Reino Unido | Loter\u00eda Thunderball online<\/title>\n<meta name=\"description\" content=\"\u00a1Consiga un boleto de la Thunderball desde fuera del Reino Unido, compr\u00e1ndolo online aqu\u00ed! Obtenga su boleto de Thunderball escaneado a trav\u00e9s de nuestro servicio legal\" \/>\n<meta name=\"robots\" content=\"index, follow, max-snippet:-1, max-image-preview:large, max-video-preview:-1\" \/>\n<link rel=\"canonical\" href=\"https:\/\/jackpotlotteryonline.com\/es\/comprar-boletos\/thunderball\/\" \/>\n<meta property=\"og:locale\" content=\"es_ES\" \/>\n<meta property=\"og:type\" content=\"article\" \/>\n<meta property=\"og:title\" content=\"Comprar boletos de Thunderball desde fuera del Reino Unido | Loter\u00eda Thunderball online\" \/>\n<meta property=\"og:description\" content=\"\u00a1Consiga un boleto de la Thunderball desde fuera del Reino Unido, compr\u00e1ndolo online aqu\u00ed! Obtenga su boleto de Thunderball escaneado a trav\u00e9s de nuestro servicio legal\" \/>\n<meta property=\"og:url\" content=\"https:\/\/jackpotlotteryonline.com\/es\/comprar-boletos\/thunderball\/\" \/>\n<meta property=\"og:site_name\" content=\"Lotto Online - Crack The International Lottery Jackpots\" \/>\n<meta property=\"article:modified_time\" content=\"2023-01-04T08:54:58+00:00\" \/>\n<meta property=\"og:image\" content=\"https:\/\/jackpotlotteryonline.com\/wp-content\/uploads\/2022\/11\/1_you_win_jackpot-300x300.jpg\" \/>\n<meta name=\"twitter:card\" content=\"summary_large_image\" \/>\n<meta name=\"twitter:label1\" content=\"Tiempo de lectura\" \/>\n\t<meta name=\"twitter:data1\" content=\"6 minutos\" \/>\n<!-- \/ Yoast SEO plugin. -->","yoast_head_json":{"title":"Comprar boletos de Thunderball desde fuera del Reino Unido | Loter\u00eda Thunderball online","description":"\u00a1Consiga un boleto de la Thunderball desde fuera del Reino Unido, compr\u00e1ndolo online aqu\u00ed! Obtenga su boleto de Thunderball escaneado a trav\u00e9s de nuestro servicio legal","robots":{"index":"index","follow":"follow","max-snippet":"max-snippet:-1","max-image-preview":"max-image-preview:large","max-video-preview":"max-video-preview:-1"},"canonical":"https:\/\/jackpotlotteryonline.com\/es\/comprar-boletos\/thunderball\/","og_locale":"es_ES","og_type":"article","og_title":"Comprar boletos de Thunderball desde fuera del Reino Unido | Loter\u00eda Thunderball online","og_description":"\u00a1Consiga un boleto de la Thunderball desde fuera del Reino Unido, compr\u00e1ndolo online aqu\u00ed! Obtenga su boleto de Thunderball escaneado a trav\u00e9s de nuestro servicio legal","og_url":"https:\/\/jackpotlotteryonline.com\/es\/comprar-boletos\/thunderball\/","og_site_name":"Lotto Online - Crack The International Lottery Jackpots","article_modified_time":"2023-01-04T08:54:58+00:00","og_image":[{"url":"https:\/\/jackpotlotteryonline.com\/wp-content\/uploads\/2022\/11\/1_you_win_jackpot-300x300.jpg"}],"twitter_card":"summary_large_image","twitter_misc":{"Tiempo de lectura":"6 minutos"},"schema":{"@context":"https:\/\/schema.org","@graph":[{"@type":"WebPage","@id":"https:\/\/jackpotlotteryonline.com\/es\/comprar-boletos\/thunderball\/","url":"https:\/\/jackpotlotteryonline.com\/es\/comprar-boletos\/thunderball\/","name":"Comprar boletos de Thunderball desde fuera del Reino Unido | Loter\u00eda Thunderball online","isPartOf":{"@id":"https:\/\/jackpotlotteryonline.com\/#website"},"primaryImageOfPage":{"@id":"https:\/\/jackpotlotteryonline.com\/es\/comprar-boletos\/thunderball\/#primaryimage"},"image":{"@id":"https:\/\/jackpotlotteryonline.com\/es\/comprar-boletos\/thunderball\/#primaryimage"},"thumbnailUrl":"https:\/\/jackpotlotteryonline.com\/wp-content\/uploads\/2022\/11\/1_you_win_jackpot-300x300.jpg","datePublished":"2022-11-10T09:45:08+00:00","dateModified":"2023-01-04T08:54:58+00:00","description":"\u00a1Consiga un boleto de la Thunderball desde fuera del Reino Unido, compr\u00e1ndolo online aqu\u00ed! Obtenga su boleto de Thunderball escaneado a trav\u00e9s de nuestro servicio legal","breadcrumb":{"@id":"https:\/\/jackpotlotteryonline.com\/es\/comprar-boletos\/thunderball\/#breadcrumb"},"inLanguage":"es","potentialAction":[{"@type":"ReadAction","target":["https:\/\/jackpotlotteryonline.com\/es\/comprar-boletos\/thunderball\/"]}]},{"@type":"ImageObject","inLanguage":"es","@id":"https:\/\/jackpotlotteryonline.com\/es\/comprar-boletos\/thunderball\/#primaryimage","url":"https:\/\/jackpotlotteryonline.com\/wp-content\/uploads\/2022\/11\/1_you_win_jackpot-300x300.jpg","contentUrl":"https:\/\/jackpotlotteryonline.com\/wp-content\/uploads\/2022\/11\/1_you_win_jackpot-300x300.jpg"},{"@type":"BreadcrumbList","@id":"https:\/\/jackpotlotteryonline.com\/es\/comprar-boletos\/thunderball\/#breadcrumb","itemListElement":[{"@type":"ListItem","position":1,"name":"Home","item":"https:\/\/jackpotlotteryonline.com\/es\/"},{"@type":"ListItem","position":2,"name":"C\u00f3mo comprar boletos de loter\u00eda en l\u00ednea","item":"https:\/\/jackpotlotteryonline.com\/buy-tickets\/"},{"@type":"ListItem","position":3,"name":"Comprar entradas para el Thunderball"}]},{"@type":"WebSite","@id":"https:\/\/jackpotlotteryonline.com\/#website","url":"https:\/\/jackpotlotteryonline.com\/","name":"Lotto Online - Crack The International Lottery Jackpots","description":"","potentialAction":[{"@type":"SearchAction","target":{"@type":"EntryPoint","urlTemplate":"https:\/\/jackpotlotteryonline.com\/?s={search_term_string}"},"query-input":"required name=search_term_string"}],"inLanguage":"es"}]}},"_links":{"self":[{"href":"https:\/\/jackpotlotteryonline.com\/es\/wp-json\/wp\/v2\/pages\/37125","targetHints":{"allow":["GET"]}}],"collection":[{"href":"https:\/\/jackpotlotteryonline.com\/es\/wp-json\/wp\/v2\/pages"}],"about":[{"href":"https:\/\/jackpotlotteryonline.com\/es\/wp-json\/wp\/v2\/types\/page"}],"author":[{"embeddable":true,"href":"https:\/\/jackpotlotteryonline.com\/es\/wp-json\/wp\/v2\/users\/1"}],"replies":[{"embeddable":true,"href":"https:\/\/jackpotlotteryonline.com\/es\/wp-json\/wp\/v2\/comments?post=37125"}],"version-history":[{"count":0,"href":"https:\/\/jackpotlotteryonline.com\/es\/wp-json\/wp\/v2\/pages\/37125\/revisions"}],"up":[{"embeddable":true,"href":"https:\/\/jackpotlotteryonline.com\/es\/wp-json\/wp\/v2\/pages\/35782"}],"wp:attachment":[{"href":"https:\/\/jackpotlotteryonline.com\/es\/wp-json\/wp\/v2\/media?parent=37125"}],"curies":[{"name":"wp","href":"https:\/\/api.w.org\/{rel}","templated":true}]}}