{"id":37180,"date":"2022-11-10T13:02:25","date_gmt":"2022-11-10T13:02:25","guid":{"rendered":"https:\/\/jackpotlotteryonline.com\/?page_id=37180"},"modified":"2022-12-24T16:18:57","modified_gmt":"2022-12-24T16:18:57","slug":"powerball-australia","status":"publish","type":"page","link":"https:\/\/jackpotlotteryonline.com\/es\/comprar-boletos\/powerball-australia\/","title":{"rendered":"Comprar boletos de Powerball Australia"},"content":{"rendered":"<p>Cuando se piensa en esta loter\u00eda, lo primero que viene a la mente es la loter\u00eda estadounidense y no la versi\u00f3n australiana. Esta incre\u00edble loter\u00eda es amada por los entusiastas de la loter\u00eda australiana. Powerball Australia se est\u00e1 convirtiendo r\u00e1pidamente en una de las loter\u00edas internacionales m\u00e1s populares, ya que los apostadores de todo el mundo est\u00e1n reconociendo su potencial.<\/p>\n<p>Con un bote m\u00ednimo garantizado de 3 millones de d\u00f3lares, la suma se acumula si no hay ganador despu\u00e9s de un sorteo. Puede repetirse varias veces hasta llegar a ser bastante grande. El bote r\u00e9cord de 160 millones de d\u00f3lares se gan\u00f3 en octubre de 2022 con un solo boleto.<\/p>\n<p>Si quieres ampliar tu alcance como jugador de loter\u00eda, entonces deber\u00edas considerar el Powerball de Australia. Es divertido, lleno de esp\u00edritu y da a los jugadores la oportunidad de ganar a lo grande sin las locas probabilidades de la versi\u00f3n estadounidense. Adem\u00e1s, no importa d\u00f3nde viva, ya que puede <a href=\"https:\/\/jackpotlotteryonline.com\/es\/como-se-juega\/powerball-australia\">jugar en l\u00ednea en jackpotlotteryonline.com.<\/a><\/p>\n<h2>\u00bfC\u00f3mo funciona el Powerball de Australia?<\/h2>\n<p><img loading=\"lazy\" decoding=\"async\" class=\"size-full wp-image-31181 alignright\" src=\"https:\/\/jackpotlotteryonline.com\/wp-content\/uploads\/2022\/11\/logo_powerball-300x50-1.jpg\" alt=\"Powerball Australia\" width=\"300\" height=\"50\" \/><\/p>\n<p>Esta loter\u00eda tiene bolas con dos conjuntos de n\u00fameros en dos barriles diferentes. Las bolas se extraen al azar de cada barril y cualquier entrada que coincida con los n\u00fameros extra\u00eddos gana. El primer barril tiene 35 bolas y los jugadores tienen que elegir 7 n\u00fameros dentro de ese rango. El segundo barril tiene 20 n\u00fameros y los jugadores eligen UN n\u00famero dentro de ese rango.<\/p>\n<p>Una l\u00ednea de entrada tiene 8 n\u00fameros y un boleto puede tener m\u00e1s de una l\u00ednea de entrada. En realidad, se aconseja introducir varias l\u00edneas para aumentar las probabilidades de ganar. Las probabilidades de ganar el bote son de 1 en 1:134.490.400.<\/p>\n<p>S\u00ed, las probabilidades son bastante altas, pero as\u00ed es como funciona la loter\u00eda. Es un juego de n\u00fameros y mucho tiene que ver con la suerte. No se sabe cu\u00e1ndo la suerte decidir\u00e1 favorecer a un jugador. Adem\u00e1s, es un pasatiempo divertido siempre que te ci\u00f1as a lo que puedes pagar.<\/p>\n<h2>\u00bfSe pueden aumentar las posibilidades de ganar?<\/h2>\n<p>Es interesante saber que se pueden aumentar las posibilidades de ganar el bote. No hay ning\u00fan m\u00e9todo garantizado, aunque la mayor\u00eda de los ganadores admiten que han jugado varias veces antes de ganar algo. Ah\u00ed est\u00e1 el secreto.<\/p>\n<p>Por lo que sabemos, la forma de inclinar las probabilidades de ganar a su favor es comprar m\u00e1s entradas. Eso significa varias l\u00edneas de entrada y varios sorteos. La loter\u00eda celebra sus sorteos una vez a la semana, los jueves. Si adquiere sus boletos en nuestro sitio web, podr\u00e1 participar en los sorteos con varias semanas de antelaci\u00f3n.<\/p>\n<p>Otra opci\u00f3n es unirse a una pe\u00f1a de loter\u00eda. La ventaja de unirse a una pe\u00f1a es que su dinero llega mucho m\u00e1s lejos que si juega solo. Por supuesto, si un billete gana, cada miembro de la pe\u00f1a se repartir\u00e1 las ganancias.<\/p>\n<section class=\"layout\" style=\"border: solid 1px; width: 100%;\">\n<div class=\"img-div\" style=\"margin-top: 5px;\"><img decoding=\"async\" class=\"wp-image-17212 alignleft\" style=\"height: 45px; margin: 8px 8px 0px;\" src=\"https:\/\/jackpotlotteryonline.com\/wp-content\/uploads\/2022\/11\/read1.jpg\" alt=\"leer\" width=\"\" height=\"\" \/><\/div>\n<div style=\"padding-left: 5px;\">\n<div style=\"font-size: 1.1em;\">\n<p><strong>Elegir los n\u00fameros ganadores de la loter\u00eda manualmente o utilizando un RNG<\/strong><\/p>\n<p style=\"font-size: 0.85em; margin-top: -1.5em;\">\u00bfC\u00f3mo generar n\u00fameros ganadores de loter\u00eda?\u00a0<a href=\"https:\/\/jackpotlotteryonline.com\/es\/como-generar-numeros-ganadores-de-la-loteria\"> Seguir leyendo<\/a><\/p>\n<\/div>\n<\/div>\n<\/section>\n<h2>C\u00f3mo jugar a la loter\u00eda australiana en l\u00ednea<\/h2>\n<p><img loading=\"lazy\" decoding=\"async\" class=\"alignright size-medium wp-image-34538\" src=\"https:\/\/jackpotlotteryonline.com\/wp-content\/uploads\/2022\/11\/2_ticket_powerball_au-157x300.jpg\" alt=\"Billete de loter\u00eda australiana\" width=\"157\" height=\"300\" srcset=\"https:\/\/jackpotlotteryonline.com\/wp-content\/uploads\/2022\/11\/2_ticket_powerball_au-157x300.jpg 157w, https:\/\/jackpotlotteryonline.com\/wp-content\/uploads\/2022\/11\/2_ticket_powerball_au.jpg 250w\" sizes=\"auto, (max-width: 157px) 100vw, 157px\" \/><\/p>\n<p>Jugar a la loter\u00eda online es sencillo y puedes hacerlo est\u00e9s donde est\u00e9s. Cuando nos visita en jackpotlotteryonline.com puede comprar f\u00e1cilmente entradas a las principales loter\u00edas internacionales, incluyendo las loter\u00edas australianas. Para comprar sus participaciones, simplemente elija sus n\u00fameros y entre en el sorteo. Si no est\u00e1 seguro de qu\u00e9 n\u00fameros utilizar, utilice nuestra herramienta de selecci\u00f3n r\u00e1pida para generar n\u00fameros aleatorios.<\/p>\n<p>Cuando llegue a la p\u00e1gina de pago le pediremos que se registre. Esto es para que su boleto se mantenga seguro en su cuenta. Tambi\u00e9n puede poner sus juegos de loter\u00eda en piloto autom\u00e1tico para que se le inscriba autom\u00e1ticamente en los sorteos de su elecci\u00f3n. En caso de que gane un premio, le informaremos puntualmente y podr\u00e1 retirar el premio desde nuestra plataforma.<\/p>\n<p>Nos esforzamos por simplificar la experiencia de la loter\u00eda para que pueda relajarse y concentrarse en pasar un buen rato.<\/p>\n<h2>Divisiones de premios<\/h2>\n<p>Esta loter\u00eda australiana tiene 9 divisiones de premios y los jugadores no tienen que acertar los 8 n\u00fameros sorteados para ganar un premio. Aunque el premio mayor comienza en 3 millones de d\u00f3lares, puede acumularse varias veces hasta llegar a un premio mucho mayor.<\/p>\n<p>Tenga en cuenta que no hay l\u00edmite en el tama\u00f1o del bote, sin embargo, s\u00f3lo se puede acumular 25 veces antes de que vuelva a ser de 3 millones de d\u00f3lares.<\/p>\n<p>Los premios de las divisiones inferiores son un porcentaje de la bolsa de premios. Compartiremos el pago medio para que se haga una idea. Este no es el pago garantizado para cada sorteo ya que las cantidades podr\u00edan variar.<\/p>\n<p>Combinaci\u00f3n de 7 n\u00fameros principales + n\u00famero especial &#8211; 23.043.155,47 $ (pago medio)<br \/>\nAcertar s\u00f3lo 7 n\u00fameros &#8211; $126,484.05<br \/>\nAcertar 6 n\u00fameros + n\u00famero especial &#8211; $5,326.97<br \/>\nS\u00f3lo 6 n\u00fameros &#8211; $454.35<br \/>\nSi acierta 5 n\u00fameros + n\u00famero especial &#8211; $158.34<br \/>\nCoincidencia de 4 n\u00fameros + n\u00famero especial &#8211; $70.85<br \/>\nCoincidencia de 5 n\u00fameros solamente &#8211; $42.23<br \/>\nCombinaci\u00f3n de 3 n\u00fameros + n\u00famero especial &#8211; $17.57<br \/>\nSi acierta 2 n\u00fameros + n\u00famero especial &#8211; 10,71<\/p>\n<h2>C\u00f3mo comprobar los resultados<\/h2>\n<p>Los resultados se publican en nuestra p\u00e1gina web despu\u00e9s de cada sorteo. Los sorteos tienen lugar todos los jueves a las 7:25 PM AEST.<\/p>\n<p>Entendemos que a veces la vida pasa y es posible que no pueda <a href=\"https:\/\/jackpotlotteryonline.com\/es\/numeros-ganadores\/powerball-australia\">comprobar los resultados del sorteo inmediatamente<\/a>. Por eso, si gana alg\u00fan premio, no s\u00f3lo le avisaremos a trav\u00e9s de su cuenta, sino que tambi\u00e9n le enviaremos un correo electr\u00f3nico. De este modo, no tendr\u00e1 que dejar de reclamar su premio.<\/p>\n<h2>Reg\u00edstrese con nosotros para comprar billetes de Powerball Australia online<\/h2>\n<p>\u00bfEst\u00e1 entusiasmado con la posibilidad de jugar a esta loter\u00eda? Bueno, nosotros tambi\u00e9n y estamos encantados de traerla a un dispositivo m\u00f3vil cerca de usted. Una vez que tenga una conexi\u00f3n a Internet, podr\u00e1 comprar una entrada para la loter\u00eda australiana.<\/p>\n<p>La loter\u00eda es un juego divertido y hay historias de ganadores de loter\u00eda por todas partes. Usted podr\u00eda ser el pr\u00f3ximo ganador, pero no lo sabr\u00e1 a menos que participe en los sorteos. Hemos simplificado el proceso para que sea una experiencia libre de estr\u00e9s para usted. No necesita salir de nuestra p\u00e1gina para realizar ninguna de sus tareas relacionadas con la loter\u00eda. Es as\u00ed de sencillo.<\/p>\n<p>No importa en qu\u00e9 parte del mundo se encuentre, puede comprar una entrada para la mayor loter\u00eda australiana aqu\u00ed mismo, en nuestro sitio. Reg\u00edstrese con nosotros hoy mismo.<\/p>\n","protected":false},"excerpt":{"rendered":"<p>Cuando se piensa en esta loter\u00eda, lo primero que viene a la mente es la loter\u00eda estadounidense y no la versi\u00f3n australiana. Esta incre\u00edble loter\u00eda es amada por los entusiastas de la loter\u00eda australiana. Powerball Australia se est\u00e1 convirtiendo r\u00e1pidamente en una de las loter\u00edas internacionales m\u00e1s populares, ya que los apostadores de todo el [&hellip;]<\/p>\n","protected":false},"author":1,"featured_media":0,"parent":35782,"menu_order":17,"comment_status":"closed","ping_status":"closed","template":"powerball-au-info.php","meta":{"_et_pb_use_builder":"","_et_pb_old_content":"","_et_gb_content_width":"","exclude_from_search":false,"footnotes":""},"class_list":["post-37180","page","type-page","status-publish","hentry"],"yoast_head":"<!-- This site is optimized with the Yoast SEO plugin v23.3 - https:\/\/yoast.com\/wordpress\/plugins\/seo\/ -->\n<title>Comprar boletos de Powerball Australia desde fuera de Australia<\/title>\n<meta name=\"description\" content=\"La versi\u00f3n australiana de la loter\u00eda Powerball - puedes participar si simplemente compras un boleto online aqu\u00ed mismo en nuestra web\" \/>\n<meta name=\"robots\" content=\"index, follow, max-snippet:-1, max-image-preview:large, max-video-preview:-1\" \/>\n<link rel=\"canonical\" href=\"https:\/\/jackpotlotteryonline.com\/es\/comprar-boletos\/powerball-australia\/\" \/>\n<meta property=\"og:locale\" content=\"es_ES\" \/>\n<meta property=\"og:type\" content=\"article\" \/>\n<meta property=\"og:title\" content=\"Comprar boletos de Powerball Australia desde fuera de Australia\" \/>\n<meta property=\"og:description\" content=\"La versi\u00f3n australiana de la loter\u00eda Powerball - puedes participar si simplemente compras un boleto online aqu\u00ed mismo en nuestra web\" \/>\n<meta property=\"og:url\" content=\"https:\/\/jackpotlotteryonline.com\/es\/comprar-boletos\/powerball-australia\/\" \/>\n<meta property=\"og:site_name\" content=\"Lotto Online - Crack The International Lottery Jackpots\" \/>\n<meta property=\"article:modified_time\" content=\"2022-12-24T16:18:57+00:00\" \/>\n<meta property=\"og:image\" content=\"https:\/\/jackpotlotteryonline.com\/wp-content\/uploads\/2022\/11\/logo_powerball-300x50-1.jpg\" \/>\n<meta name=\"twitter:card\" content=\"summary_large_image\" \/>\n<meta name=\"twitter:label1\" content=\"Tiempo de lectura\" \/>\n\t<meta name=\"twitter:data1\" content=\"5 minutos\" \/>\n<!-- \/ Yoast SEO plugin. -->","yoast_head_json":{"title":"Comprar boletos de Powerball Australia desde fuera de Australia","description":"La versi\u00f3n australiana de la loter\u00eda Powerball - puedes participar si simplemente compras un boleto online aqu\u00ed mismo en nuestra web","robots":{"index":"index","follow":"follow","max-snippet":"max-snippet:-1","max-image-preview":"max-image-preview:large","max-video-preview":"max-video-preview:-1"},"canonical":"https:\/\/jackpotlotteryonline.com\/es\/comprar-boletos\/powerball-australia\/","og_locale":"es_ES","og_type":"article","og_title":"Comprar boletos de Powerball Australia desde fuera de Australia","og_description":"La versi\u00f3n australiana de la loter\u00eda Powerball - puedes participar si simplemente compras un boleto online aqu\u00ed mismo en nuestra web","og_url":"https:\/\/jackpotlotteryonline.com\/es\/comprar-boletos\/powerball-australia\/","og_site_name":"Lotto Online - Crack The International Lottery Jackpots","article_modified_time":"2022-12-24T16:18:57+00:00","og_image":[{"url":"https:\/\/jackpotlotteryonline.com\/wp-content\/uploads\/2022\/11\/logo_powerball-300x50-1.jpg"}],"twitter_card":"summary_large_image","twitter_misc":{"Tiempo de lectura":"5 minutos"},"schema":{"@context":"https:\/\/schema.org","@graph":[{"@type":"WebPage","@id":"https:\/\/jackpotlotteryonline.com\/es\/comprar-boletos\/powerball-australia\/","url":"https:\/\/jackpotlotteryonline.com\/es\/comprar-boletos\/powerball-australia\/","name":"Comprar boletos de Powerball Australia desde fuera de Australia","isPartOf":{"@id":"https:\/\/jackpotlotteryonline.com\/#website"},"primaryImageOfPage":{"@id":"https:\/\/jackpotlotteryonline.com\/es\/comprar-boletos\/powerball-australia\/#primaryimage"},"image":{"@id":"https:\/\/jackpotlotteryonline.com\/es\/comprar-boletos\/powerball-australia\/#primaryimage"},"thumbnailUrl":"https:\/\/jackpotlotteryonline.com\/wp-content\/uploads\/2022\/11\/logo_powerball-300x50-1.jpg","datePublished":"2022-11-10T13:02:25+00:00","dateModified":"2022-12-24T16:18:57+00:00","description":"La versi\u00f3n australiana de la loter\u00eda Powerball - puedes participar si simplemente compras un boleto online aqu\u00ed mismo en nuestra web","breadcrumb":{"@id":"https:\/\/jackpotlotteryonline.com\/es\/comprar-boletos\/powerball-australia\/#breadcrumb"},"inLanguage":"es","potentialAction":[{"@type":"ReadAction","target":["https:\/\/jackpotlotteryonline.com\/es\/comprar-boletos\/powerball-australia\/"]}]},{"@type":"ImageObject","inLanguage":"es","@id":"https:\/\/jackpotlotteryonline.com\/es\/comprar-boletos\/powerball-australia\/#primaryimage","url":"https:\/\/jackpotlotteryonline.com\/wp-content\/uploads\/2022\/11\/logo_powerball-300x50-1.jpg","contentUrl":"https:\/\/jackpotlotteryonline.com\/wp-content\/uploads\/2022\/11\/logo_powerball-300x50-1.jpg"},{"@type":"BreadcrumbList","@id":"https:\/\/jackpotlotteryonline.com\/es\/comprar-boletos\/powerball-australia\/#breadcrumb","itemListElement":[{"@type":"ListItem","position":1,"name":"Home","item":"https:\/\/jackpotlotteryonline.com\/es\/"},{"@type":"ListItem","position":2,"name":"C\u00f3mo comprar boletos de loter\u00eda en l\u00ednea","item":"https:\/\/jackpotlotteryonline.com\/buy-tickets\/"},{"@type":"ListItem","position":3,"name":"Comprar boletos de Powerball Australia"}]},{"@type":"WebSite","@id":"https:\/\/jackpotlotteryonline.com\/#website","url":"https:\/\/jackpotlotteryonline.com\/","name":"Lotto Online - Crack The International Lottery Jackpots","description":"","potentialAction":[{"@type":"SearchAction","target":{"@type":"EntryPoint","urlTemplate":"https:\/\/jackpotlotteryonline.com\/?s={search_term_string}"},"query-input":"required name=search_term_string"}],"inLanguage":"es"}]}},"_links":{"self":[{"href":"https:\/\/jackpotlotteryonline.com\/es\/wp-json\/wp\/v2\/pages\/37180","targetHints":{"allow":["GET"]}}],"collection":[{"href":"https:\/\/jackpotlotteryonline.com\/es\/wp-json\/wp\/v2\/pages"}],"about":[{"href":"https:\/\/jackpotlotteryonline.com\/es\/wp-json\/wp\/v2\/types\/page"}],"author":[{"embeddable":true,"href":"https:\/\/jackpotlotteryonline.com\/es\/wp-json\/wp\/v2\/users\/1"}],"replies":[{"embeddable":true,"href":"https:\/\/jackpotlotteryonline.com\/es\/wp-json\/wp\/v2\/comments?post=37180"}],"version-history":[{"count":0,"href":"https:\/\/jackpotlotteryonline.com\/es\/wp-json\/wp\/v2\/pages\/37180\/revisions"}],"up":[{"embeddable":true,"href":"https:\/\/jackpotlotteryonline.com\/es\/wp-json\/wp\/v2\/pages\/35782"}],"wp:attachment":[{"href":"https:\/\/jackpotlotteryonline.com\/es\/wp-json\/wp\/v2\/media?parent=37180"}],"curies":[{"name":"wp","href":"https:\/\/api.w.org\/{rel}","templated":true}]}}