{"id":37235,"date":"2022-11-11T06:58:11","date_gmt":"2022-11-11T06:58:11","guid":{"rendered":"https:\/\/jackpotlotteryonline.com\/?page_id=37235"},"modified":"2022-12-24T11:00:16","modified_gmt":"2022-12-24T11:00:16","slug":"oz-lotto","status":"publish","type":"page","link":"https:\/\/jackpotlotteryonline.com\/es\/comprar-boletos\/oz-lotto\/","title":{"rendered":"Comprar billetes de la Loter\u00eda de Oz"},"content":{"rendered":"<p>Oz Lotto es la primera loter\u00eda nacional australiana. Comenz\u00f3 en 1994 y se ha hecho popular entre los jugadores de todo el mundo debido al generoso premio mayor. Hay m\u00e1s cosas que atraen a los jugadores que el gran bote.<\/p>\n<p>Las diferentes loter\u00edas tienen sus reglas y m\u00e9todos, pero algo com\u00fan es que las probabilidades no siempre son favorables. Sin embargo, este no es el caso de esta loter\u00eda australiana. Si est\u00e1s buscando una loter\u00eda que tenga probabilidades incre\u00edbles, entonces juega a esta loter\u00eda de Oz.<\/p>\n<p>Por lo general, las loter\u00edas est\u00e1n abiertas a los residentes de los pa\u00edses en los que se basa la loter\u00eda. Por lo tanto, esta loter\u00eda est\u00e1 abierta a aquellos que viven en Australia. No es necesario ser ciudadano para participar en la loter\u00eda. Sin embargo, si usted vive fuera del pa\u00eds, tendr\u00e1 que comprar sus billetes de loter\u00eda en l\u00ednea.<\/p>\n<h2>C\u00f3mo comprar billetes de Oz Lotto en todo el mundo<\/h2>\n<p><img loading=\"lazy\" decoding=\"async\" class=\"alignright size-full wp-image-31532\" src=\"http:\/\/jackpotlotteryonline.com\/wp-content\/uploads\/2022\/11\/lottoballs.jpg\" alt=\"Loter\u00eda de Oz\" width=\"245\" height=\"123\" \/><\/p>\n<p>La forma m\u00e1s c\u00f3moda y sencilla de acceder a la Loter\u00eda de Oz desde fuera de Australia es a trav\u00e9s de Internet. Hay vendedores de loter\u00eda en l\u00ednea que dan a los jugadores acceso a las principales loter\u00edas internacionales. Estos sitios proporcionan una forma leg\u00edtima para que los jugadores de todo el mundo prueben sus manos para ganar millones.<\/p>\n<p>Internet ofrece un mundo de posibilidades casi infinitas y no todas son positivas. Buscar cualquier sitio de loter\u00eda al azar podr\u00eda resultar en experiencias desagradables. Por eso, siempre es una buena idea buscar sitios de confianza que tengan un historial con los apostantes. A continuaci\u00f3n compartimos consejos para ayudarle a elegir el proveedor de loter\u00eda adecuado en Internet.<\/p>\n<h2>Consejos para utilizar el sitio de loter\u00eda correcto<\/h2>\n<p>Utilice s\u00f3lo vendedores que est\u00e9n registrados seg\u00fan la ley. Un vendedor de loter\u00eda leg\u00edtimo debe tener una licencia de funcionamiento y un domicilio social. Estos datos deben aparecer en el sitio web para garantizar su autenticidad.<\/p>\n<p>Aseg\u00farese de que tienen una amplia variedad de loter\u00edas internacionales. No tiene sentido registrarse en un sitio que s\u00f3lo muestra un pu\u00f1ado de loter\u00edas. La esencia principal de<a href=\"https:\/\/jackpotlotteryonline.com\/es\/como-se-juega\/oz-lotto\"> jugar a la loter\u00eda en Internet<\/a> es la accesibilidad y la comodidad. \u00bfQu\u00e9 es m\u00e1s conveniente que la capacidad de entrar en m\u00faltiples loter\u00edas internacionales desde un solo lugar en l\u00ednea?<\/p>\n<p>Si quieres entrar en la loter\u00eda utiliza un sitio de conserjer\u00eda. Este \u00faltimo consejo es muy importante porque usted puede desprenderse de su dinero sin entrar realmente en la loter\u00eda. Esto se debe a que algunos sitios de loter\u00eda permiten a los jugadores apostar sobre el resultado. Por lo tanto, incluso si sus n\u00fameros coinciden, s\u00f3lo tendr\u00e1 derecho a una fracci\u00f3n del premio mayor porque no entr\u00f3 en la loter\u00eda.<\/p>\n<section class=\"layout\" style=\"border: solid 1px; width: 100%;\">\n<div class=\"img-div\" style=\"margin-top: 5px;\"><img decoding=\"async\" class=\"wp-image-17212 alignleft\" style=\"height: 45px; margin: 8px 8px 0px;\" src=\"http:\/\/jackpotlotteryonline.com\/wp-content\/uploads\/2022\/11\/read1.jpg\" alt=\"leer\" width=\"\" height=\"\" \/><\/div>\n<div style=\"padding-left: 5px;\">\n<div style=\"font-size: 1.1em;\">\n<p><strong>Estafas de loter\u00eda que debe conocer<\/strong><\/p>\n<p style=\"font-size: 0.85em; margin-top: -1.5em;\">No caiga en las trampas de la loter\u00eda <a href=\"https:\/\/jackpotlotteryonline.com\/es\/cuidado-con-las-estafas-de-loteria-en-linea\">Seguir leyendo<\/a><\/p>\n<\/div>\n<\/div>\n<\/section>\n<h2>Reg\u00edstrese con nosotros para participar en la loter\u00eda online<\/h2>\n<p><img loading=\"lazy\" decoding=\"async\" class=\"size-medium wp-image-34403 alignright\" src=\"http:\/\/jackpotlotteryonline.com\/wp-content\/uploads\/2022\/11\/2_ticket_oz_lotto2-179x300.jpg\" alt=\"Boletos de Oz Lotto\" width=\"179\" height=\"300\" srcset=\"https:\/\/jackpotlotteryonline.com\/wp-content\/uploads\/2022\/11\/2_ticket_oz_lotto2-179x300.jpg 179w, https:\/\/jackpotlotteryonline.com\/wp-content\/uploads\/2022\/11\/2_ticket_oz_lotto2.jpg 250w\" sizes=\"auto, (max-width: 179px) 100vw, 179px\" \/><\/p>\n<p>Comprar billetes de loter\u00eda por internet o a trav\u00e9s de una aplicaci\u00f3n m\u00f3vil es sencillo y sin complicaciones. Una vez que haya identificado el proveedor que desea utilizar, visite su sitio y elija la loter\u00eda que desee. El siguiente paso es elegir los n\u00fameros. En el caso de Oz Lotto, deber\u00e1 elegir diez n\u00fameros del 1 al 47.<\/p>\n<p><a href=\"https:\/\/jackpotlotteryonline.com\/es\/numeros-ganadores\/resultados-del-sorteo-de-la-loteria-de-oz\">Entre en el sorteo y realice el pago<\/a>. El sorteo tiene lugar una vez a la semana, el martes. Lo interesante de jugar online es que puedes comprar varios boletos y participar en varios sorteos por adelantado. Adem\u00e1s, si no est\u00e1 seguro de qu\u00e9 n\u00famero elegir, puede utilizar f\u00e1cilmente un selector de n\u00fameros autom\u00e1tico.<\/p>\n<p>Como hemos dicho, jugar a la loter\u00eda a trav\u00e9s de Internet es una forma c\u00f3moda y sin estr\u00e9s de tener una experiencia encantadora. Tanto si eres un jugador experimentado como si eres un novato, puedes tener un viaje maravilloso aqu\u00ed. Nuestros servicios de conserjer\u00eda ofrecen a los jugadores una forma leg\u00edtima de entrar en la loter\u00eda. Cuando usted compra un billete de loter\u00eda de Oz con nosotros, usted obtiene el verdadero negocio.<\/p>\n","protected":false},"excerpt":{"rendered":"<p>Oz Lotto es la primera loter\u00eda nacional australiana. Comenz\u00f3 en 1994 y se ha hecho popular entre los jugadores de todo el mundo debido al generoso premio mayor. Hay m\u00e1s cosas que atraen a los jugadores que el gran bote. Las diferentes loter\u00edas tienen sus reglas y m\u00e9todos, pero algo com\u00fan es que las probabilidades [&hellip;]<\/p>\n","protected":false},"author":1,"featured_media":0,"parent":35782,"menu_order":16,"comment_status":"closed","ping_status":"closed","template":"","meta":{"_et_pb_use_builder":"","_et_pb_old_content":"","_et_gb_content_width":"","exclude_from_search":false,"footnotes":""},"class_list":["post-37235","page","type-page","status-publish","hentry"],"yoast_head":"<!-- This site is optimized with the Yoast SEO plugin v23.3 - https:\/\/yoast.com\/wordpress\/plugins\/seo\/ -->\n<title>Comprar boletos de Oz Lotto desde fuera de Australia | Obtener boletos de Oz Lotto online<\/title>\n<meta name=\"description\" content=\"Puedes jugar a la OZ Lotto, si no vives en Australia, podemos conseguirte un boleto legal para esta loter\u00eda australiana online\" \/>\n<meta name=\"robots\" content=\"index, follow, max-snippet:-1, max-image-preview:large, max-video-preview:-1\" \/>\n<link rel=\"canonical\" href=\"https:\/\/jackpotlotteryonline.com\/es\/comprar-boletos\/oz-lotto\/\" \/>\n<meta property=\"og:locale\" content=\"es_ES\" \/>\n<meta property=\"og:type\" content=\"article\" \/>\n<meta property=\"og:title\" content=\"Comprar boletos de Oz Lotto desde fuera de Australia | Obtener boletos de Oz Lotto online\" \/>\n<meta property=\"og:description\" content=\"Puedes jugar a la OZ Lotto, si no vives en Australia, podemos conseguirte un boleto legal para esta loter\u00eda australiana online\" \/>\n<meta property=\"og:url\" content=\"https:\/\/jackpotlotteryonline.com\/es\/comprar-boletos\/oz-lotto\/\" \/>\n<meta property=\"og:site_name\" content=\"Lotto Online - Crack The International Lottery Jackpots\" \/>\n<meta property=\"article:modified_time\" content=\"2022-12-24T11:00:16+00:00\" \/>\n<meta property=\"og:image\" content=\"http:\/\/jackpotlotteryonline.com\/wp-content\/uploads\/2022\/11\/lottoballs.jpg\" \/>\n<meta name=\"twitter:card\" content=\"summary_large_image\" \/>\n<meta name=\"twitter:label1\" content=\"Tiempo de lectura\" \/>\n\t<meta name=\"twitter:data1\" content=\"4 minutos\" \/>\n<!-- \/ Yoast SEO plugin. -->","yoast_head_json":{"title":"Comprar boletos de Oz Lotto desde fuera de Australia | Obtener boletos de Oz Lotto online","description":"Puedes jugar a la OZ Lotto, si no vives en Australia, podemos conseguirte un boleto legal para esta loter\u00eda australiana online","robots":{"index":"index","follow":"follow","max-snippet":"max-snippet:-1","max-image-preview":"max-image-preview:large","max-video-preview":"max-video-preview:-1"},"canonical":"https:\/\/jackpotlotteryonline.com\/es\/comprar-boletos\/oz-lotto\/","og_locale":"es_ES","og_type":"article","og_title":"Comprar boletos de Oz Lotto desde fuera de Australia | Obtener boletos de Oz Lotto online","og_description":"Puedes jugar a la OZ Lotto, si no vives en Australia, podemos conseguirte un boleto legal para esta loter\u00eda australiana online","og_url":"https:\/\/jackpotlotteryonline.com\/es\/comprar-boletos\/oz-lotto\/","og_site_name":"Lotto Online - Crack The International Lottery Jackpots","article_modified_time":"2022-12-24T11:00:16+00:00","og_image":[{"url":"http:\/\/jackpotlotteryonline.com\/wp-content\/uploads\/2022\/11\/lottoballs.jpg"}],"twitter_card":"summary_large_image","twitter_misc":{"Tiempo de lectura":"4 minutos"},"schema":{"@context":"https:\/\/schema.org","@graph":[{"@type":"WebPage","@id":"https:\/\/jackpotlotteryonline.com\/es\/comprar-boletos\/oz-lotto\/","url":"https:\/\/jackpotlotteryonline.com\/es\/comprar-boletos\/oz-lotto\/","name":"Comprar boletos de Oz Lotto desde fuera de Australia | Obtener boletos de Oz Lotto online","isPartOf":{"@id":"https:\/\/jackpotlotteryonline.com\/#website"},"primaryImageOfPage":{"@id":"https:\/\/jackpotlotteryonline.com\/es\/comprar-boletos\/oz-lotto\/#primaryimage"},"image":{"@id":"https:\/\/jackpotlotteryonline.com\/es\/comprar-boletos\/oz-lotto\/#primaryimage"},"thumbnailUrl":"http:\/\/jackpotlotteryonline.com\/wp-content\/uploads\/2022\/11\/lottoballs.jpg","datePublished":"2022-11-11T06:58:11+00:00","dateModified":"2022-12-24T11:00:16+00:00","description":"Puedes jugar a la OZ Lotto, si no vives en Australia, podemos conseguirte un boleto legal para esta loter\u00eda australiana online","breadcrumb":{"@id":"https:\/\/jackpotlotteryonline.com\/es\/comprar-boletos\/oz-lotto\/#breadcrumb"},"inLanguage":"es","potentialAction":[{"@type":"ReadAction","target":["https:\/\/jackpotlotteryonline.com\/es\/comprar-boletos\/oz-lotto\/"]}]},{"@type":"ImageObject","inLanguage":"es","@id":"https:\/\/jackpotlotteryonline.com\/es\/comprar-boletos\/oz-lotto\/#primaryimage","url":"http:\/\/jackpotlotteryonline.com\/wp-content\/uploads\/2022\/11\/lottoballs.jpg","contentUrl":"http:\/\/jackpotlotteryonline.com\/wp-content\/uploads\/2022\/11\/lottoballs.jpg"},{"@type":"BreadcrumbList","@id":"https:\/\/jackpotlotteryonline.com\/es\/comprar-boletos\/oz-lotto\/#breadcrumb","itemListElement":[{"@type":"ListItem","position":1,"name":"Home","item":"https:\/\/jackpotlotteryonline.com\/es\/"},{"@type":"ListItem","position":2,"name":"C\u00f3mo comprar boletos de loter\u00eda en l\u00ednea","item":"https:\/\/jackpotlotteryonline.com\/buy-tickets\/"},{"@type":"ListItem","position":3,"name":"Comprar billetes de la Loter\u00eda de Oz"}]},{"@type":"WebSite","@id":"https:\/\/jackpotlotteryonline.com\/#website","url":"https:\/\/jackpotlotteryonline.com\/","name":"Lotto Online - Crack The International Lottery Jackpots","description":"","potentialAction":[{"@type":"SearchAction","target":{"@type":"EntryPoint","urlTemplate":"https:\/\/jackpotlotteryonline.com\/?s={search_term_string}"},"query-input":"required name=search_term_string"}],"inLanguage":"es"}]}},"_links":{"self":[{"href":"https:\/\/jackpotlotteryonline.com\/es\/wp-json\/wp\/v2\/pages\/37235","targetHints":{"allow":["GET"]}}],"collection":[{"href":"https:\/\/jackpotlotteryonline.com\/es\/wp-json\/wp\/v2\/pages"}],"about":[{"href":"https:\/\/jackpotlotteryonline.com\/es\/wp-json\/wp\/v2\/types\/page"}],"author":[{"embeddable":true,"href":"https:\/\/jackpotlotteryonline.com\/es\/wp-json\/wp\/v2\/users\/1"}],"replies":[{"embeddable":true,"href":"https:\/\/jackpotlotteryonline.com\/es\/wp-json\/wp\/v2\/comments?post=37235"}],"version-history":[{"count":0,"href":"https:\/\/jackpotlotteryonline.com\/es\/wp-json\/wp\/v2\/pages\/37235\/revisions"}],"up":[{"embeddable":true,"href":"https:\/\/jackpotlotteryonline.com\/es\/wp-json\/wp\/v2\/pages\/35782"}],"wp:attachment":[{"href":"https:\/\/jackpotlotteryonline.com\/es\/wp-json\/wp\/v2\/media?parent=37235"}],"curies":[{"name":"wp","href":"https:\/\/api.w.org\/{rel}","templated":true}]}}