{"id":37291,"date":"2022-11-11T09:19:20","date_gmt":"2022-11-11T09:19:20","guid":{"rendered":"https:\/\/jackpotlotteryonline.com\/?page_id=37291"},"modified":"2022-12-24T21:35:16","modified_gmt":"2022-12-24T21:35:16","slug":"saturday-lotto","status":"publish","type":"page","link":"https:\/\/jackpotlotteryonline.com\/es\/comprar-boletos\/saturday-lotto\/","title":{"rendered":"Comprar boletos para la loter\u00eda del s\u00e1bado en Australia"},"content":{"rendered":"<p>Australia tiene una gran cantidad de loter\u00edas como el Wednesday Lotto, Powerball y Saturday Lotto Australia. La loter\u00eda del s\u00e1bado es popular entre los jugadores y da a la gente algo que esperar cada semana. Cuando esta loter\u00eda comenz\u00f3, s\u00f3lo los jugadores de Oz pod\u00edan participar en ella. Afortunadamente, ahora los jugadores de todo el mundo pueden participar en la loter\u00eda del s\u00e1bado.<\/p>\n<p>Entonces, \u00bfc\u00f3mo se compran boletos de Saturday Lotto desde fuera del pa\u00eds? \u00bfPor qu\u00e9 no sigue leyendo para descubrirlo? Le guiaremos a trav\u00e9s del proceso y responderemos a cualquier pregunta que tenga. Para aquellos que no est\u00e9n familiarizados con esta loter\u00eda, tambi\u00e9n nos tomaremos un tiempo para hablar de ella. Esperamos que cuando termine de leer, est\u00e9 ansioso por comprar boletos para esta loter\u00eda.<\/p>\n<h2>Qu\u00e9 es Saturday Lotto Australia<\/h2>\n<p>Esta es una loter\u00eda que se introdujo en el pa\u00eds en 1972 y ahora se ha convertido en una de las loter\u00edas favoritas de los apostadores. Conocida como Tatts lotto, X lotto y Gold lotto en algunas partes del pa\u00eds, es administrada por el grupo de loter\u00eda Tatts.<\/p>\n<p>Esta loter\u00eda tiene seis divisiones de premios y hablaremos de ellas dentro de un rato. La loter\u00eda del s\u00e1bado tiene un bote inicial de 5 millones de d\u00f3lares australianos. Lo sorprendente es que las probabilidades de ganar el bote son realmente buenas. A diferencia de otras loter\u00edas, un jugador s\u00f3lo tiene que acertar los n\u00fameros principales para ganar el bote.<\/p>\n<p>Hay n\u00fameros complementarios, pero \u00e9stos se utilizan para determinar los ganadores de las otras divisiones de premios. Dice mucho que, aunque haya una loter\u00eda para casi todos los d\u00edas de la semana, los australianos se sientan atra\u00eddos por \u00e9sta. A continuaci\u00f3n hablaremos de c\u00f3mo jugar a esta loter\u00eda y de las diferentes divisiones de premios.<\/p>\n<h2>C\u00f3mo jugar a la loter\u00eda del s\u00e1bado<\/h2>\n<p><img loading=\"lazy\" decoding=\"async\" class=\"alignright size-full wp-image-35132\" src=\"http:\/\/jackpotlotteryonline.com\/wp-content\/uploads\/2022\/11\/2_ticket_saturday_lotto_au2-1-180x300-1.jpg\" alt=\"Billete de loter\u00eda del s\u00e1bado\" width=\"180\" height=\"300\" \/><\/p>\n<p>Para <a href=\"https:\/\/jackpotlotteryonline.com\/es\/como-se-juega\/saturday-lotto\">jugar a esta loter\u00eda<\/a>, el jugador tiene que elegir 6 n\u00fameros principales entre el 1 y el 45. Luego 2 n\u00fameros suplementarios del 1 al 6. Los n\u00fameros complementarios no se utilizan para determinar el bote. Lo \u00fanico que tiene que hacer el jugador es acertar los ocho n\u00fameros sorteados para ganar el bote.<\/p>\n<p>Durante los sorteos, se extraen seis bolas al azar de un barril que tiene 45 bolas. Los n\u00fameros de esas bolas son los n\u00fameros ganadores, y cualquier boleto que coincida con ellos es el boleto ganador. A continuaci\u00f3n, se extraen otras dos bolas de otro barril que tiene seis bolas. Estos son los n\u00fameros complementarios que se utilizan para determinar las otras categor\u00edas de premios.<\/p>\n<p>Como su nombre indica, los sorteos tienen lugar el s\u00e1bado de cada semana. Los sorteos se cierran el s\u00e1bado antes de las 19:25 AEST. Los jugadores que quieran participar en el sorteo de esa semana deben comprar sus boletos antes de la hora de cierre.<\/p>\n<h2>Divisiones de premios<\/h2>\n<p>La loter\u00eda Tatts tiene ocho divisiones de premios. Cuando usted compra un billete para esta loter\u00eda, tiene la oportunidad de cualquiera de estas categor\u00edas de premios. La combinaci\u00f3n ganadora de cada divisi\u00f3n se indica a continuaci\u00f3n.<\/p>\n<p>Divisi\u00f3n 1 (Jackpot) &#8211; Acertando 6 n\u00fameros principales<br \/>\nDivisi\u00f3n 2 &#8211; Acertar 5 n\u00fameros principales cualesquiera + 1 n\u00famero complementario<br \/>\nDivisi\u00f3n 3 &#8211; Acuerda 5 n\u00fameros principales cualesquiera<br \/>\nDivisi\u00f3n 4 &#8211; Acierta 4 n\u00fameros principales cualesquiera<br \/>\nDivisi\u00f3n 5 &#8211; Acierta 3 n\u00fameros principales cualesquiera + 1 n\u00famero complementario<br \/>\nDivisi\u00f3n 6 &#8211; Acuerda 3 n\u00fameros principales cualesquiera<\/p>\n<p>Los organizadores han hecho posible que los jugadores ganen esta loter\u00eda. Las probabilidades son grandes y con una cantidad de bote de 5 millones de d\u00f3lares australianos, \u00bfes de extra\u00f1ar que los jugadores adoren la loter\u00eda de los s\u00e1bados? Si a\u00fan no lo ha hecho, este es un buen momento para pensar en comprar un boleto.<\/p>\n<h2>Ganadores anteriores<\/h2>\n<p>Antes de compartir con usted c\u00f3mo comprar boletos de esta loter\u00eda fuera de Oz, puede ser una buena idea hablar de los ganadores anteriores. A lo largo de los a\u00f1os, ha habido muchos ganadores, as\u00ed que nos limitaremos a elegir algunos ganadores recientes y esperamos que te sirvan de inspiraci\u00f3n.<\/p>\n<p>La primera de nuestra lista es una madre australiana que prefiri\u00f3 permanecer en el anonimato. Gan\u00f3 el bote del s\u00e1bado junto con otro ganador. Seg\u00fan los informes, tard\u00f3 dos semanas en darse cuenta de que hab\u00eda ganado el bote. Si hubiera esperado mucho m\u00e1s, no habr\u00eda podido reclamar su premio. Afortunadamente, volvi\u00f3 a comprobarlo y descubri\u00f3 que hab\u00eda ganado.<\/p>\n<p>Otro ganador es un hombre que llevaba varios a\u00f1os jugando a la loter\u00eda de los s\u00e1bados con los mismos n\u00fameros. Su tenacidad dio sus frutos y gan\u00f3 el premio gordo. Muchos ganadores de loter\u00eda dicen que llevaban a\u00f1os jugando antes de ganar la loter\u00eda. A veces, se necesita fe y constancia para obtener los resultados deseados.<\/p>\n<section class=\"layout\" style=\"border: solid 1px; width: 100%;\">\n<div class=\"img-div\" style=\"margin-top: 5px;\"><img decoding=\"async\" class=\"wp-image-17212 alignleft\" style=\"height: 45px; margin: 8px 8px 0px;\" src=\"http:\/\/jackpotlotteryonline.com\/wp-content\/uploads\/2022\/11\/read1.jpg\" alt=\"leer\" width=\"\" height=\"\" \/><\/div>\n<div style=\"padding-left: 5px;\">\n<div style=\"font-size: 1.1em;\">\n<p><strong>Algunos ganadores de loter\u00eda retribuyeron a la comunidad<\/strong><\/p>\n<p style=\"font-size: 0.85em; margin-top: -1.5em;\">Algunas historias interesantes y conmovedoras sobre ganadores de loter\u00eda que dan algo a cambio <a href=\"https:\/\/jackpotlotteryonline.com\/es\/historias-sobre-ganadores-de-la-loteria-dando-retorno\">Seguir leyendo<\/a><\/p>\n<\/div>\n<\/div>\n<\/section>\n<h2>Comprar billetes desde fuera de Australia<\/h2>\n<p>Entonces, si no vives en la hermosa tierra de Oz, \u00bfc\u00f3mo puedes comprar boletos para el Saturday Lotto? Antes de Internet, habr\u00eda sido imposible o, como m\u00ednimo, muy dif\u00edcil. Pero gracias a Internet, puede comprar sus billetes de loter\u00eda Tatts en l\u00ednea.<\/p>\n<p>Hay vendedores de loter\u00eda en l\u00ednea que permiten a los jugadores comprar billetes de las principales loter\u00edas internacionales. Estos vendedores gestionan lo que se conoce como un servicio de conserjer\u00eda que ayuda a los jugadores a comprar billetes de loter\u00eda en cualquier pa\u00eds. Cuando te registras en estos sitios, puedes entrar f\u00e1cilmente en la loter\u00eda del s\u00e1bado y reclamar las ganancias.<\/p>\n<p>En jackpotlotteryonline.com disponemos de un servicio de conserjer\u00eda que proporciona una experiencia perfecta a nuestros usuarios. Cuando usted se registra con nosotros, puede comprar f\u00e1cilmente su billete para la loter\u00eda del s\u00e1bado y muchas otras loter\u00edas internacionales. \u00bfLe preocupa c\u00f3mo reclamar su premio si gana? Simplemente cobre su premio desde nuestra plataforma sin ninguna molestia.<\/p>\n<h2>Preguntas frecuentes<\/h2>\n<p><img loading=\"lazy\" decoding=\"async\" class=\"wp-image-29264 alignright\" src=\"http:\/\/jackpotlotteryonline.com\/wp-content\/uploads\/2022\/11\/1_play_online_lotto-300x300.jpg\" alt=\"Online Saturday Lotto Australia\" width=\"235\" height=\"235\" srcset=\"https:\/\/jackpotlotteryonline.com\/wp-content\/uploads\/2022\/11\/1_play_online_lotto-300x300.jpg 300w, https:\/\/jackpotlotteryonline.com\/wp-content\/uploads\/2022\/11\/1_play_online_lotto-100x100.jpg 100w, https:\/\/jackpotlotteryonline.com\/wp-content\/uploads\/2022\/11\/1_play_online_lotto-150x150.jpg 150w, https:\/\/jackpotlotteryonline.com\/wp-content\/uploads\/2022\/11\/1_play_online_lotto.jpg 480w\" sizes=\"auto, (max-width: 235px) 100vw, 235px\" \/><\/p>\n<p>Sabemos que probablemente hay varias preguntas que pasan por su mente. No pasa nada, estamos aqu\u00ed para responder a sus preguntas. Intentaremos cubrir todo aqu\u00ed, pero si todav\u00eda tiene alguna duda, no dude en ponerse en contacto con nosotros. Siempre nos alegramos de saber de ti. Haremos todo lo razonablemente posible para ayudarle en su viaje para convertirse en un ganador de la loter\u00eda.<\/p>\n<h2>\u00bfPuedo comprar billetes de loter\u00eda en l\u00ednea?<\/h2>\n<p>Si, usted puede comprar billetes de loter\u00eda en l\u00ednea y es perfectamente legal. Aseg\u00farese de utilizar un vendedor de loter\u00eda de confianza para asegurarse de que est\u00e1 entrando en la loter\u00eda. Muchos grupos de loter\u00eda tienen sitios web. Sin embargo, si quiere jugar a m\u00e1s de una loter\u00eda, entonces ser\u00e1 mejor que se registre con un proveedor de loter\u00eda. Espec\u00edficamente, uno que proporcione acceso a varias otras loter\u00edas.<\/p>\n<h2>\u00bfC\u00f3mo se compra un billete?<\/h2>\n<p>Comprar un billete de loter\u00eda es f\u00e1cil cuando se registra con nosotros. Simplemente elija sus n\u00fameros y entre en el sorteo. Puede comprar varias participaciones para aumentar sus posibilidades de ganar un premio. Todo depende de usted. Si no est\u00e1 seguro de qu\u00e9 n\u00famero elegir, el selector autom\u00e1tico puede hacer el trabajo por usted. Nos esforzamos por garantizar que el proceso sea f\u00e1cil e intuitivo para los jugadores.<\/p>\n<h2>\u00bfQu\u00e9 es exactamente un servicio de conserjer\u00eda?<\/h2>\n<p>Nos alegra que lo pregunte. Cuando decimos que tenemos un servicio de conserjer\u00eda, significa que tenemos agentes en diferentes pa\u00edses, incluyendo Australia. Cuando usted compra su billete de loter\u00eda con nosotros, nuestros agentes salen y compran un billete f\u00edsico con los n\u00fameros correspondientes. Eso significa que, est\u00e9 donde est\u00e9, entra en la loter\u00eda.<\/p>\n<h2>\u00bfC\u00f3mo puedo ganar?<\/h2>\n<p>Para ganar esta loter\u00eda australiana, lo \u00fanico que tiene que hacer es acertar los seis n\u00fameros principales del sorteo y se convertir\u00e1 en el ganador del bote. No tiene que acertar los n\u00fameros complementarios, ya que se utilizan para determinar los premios de las divisiones 2 y 5.<\/p>\n<h2>\u00bfC\u00f3mo puedo comprobar los resultados?<\/h2>\n<p>Despu\u00e9s de cada sorteo, publicamos los resultados aqu\u00ed mismo en jackpotlotteryonline.com. Para la loter\u00eda del s\u00e1bado, simplemente visite la <a href=\"https:\/\/jackpotlotteryonline.com\/es\/numeros-ganadores\/saturday-lotto\">p\u00e1gina del sorteo del s\u00e1bado<\/a> despu\u00e9s de los sorteos del s\u00e1bado para encontrar los resultados.<\/p>\n<h2>\u00bfQu\u00e9 pasa si me olvido de comprobar los resultados?<\/h2>\n<p>Esta es la mejor parte. Cuando usted compra con nosotros, no importa si se olvida de comprobar los resultados de la loter\u00eda porque nosotros le cubrimos las espaldas. Si gana un premio, le enviaremos un mensaje en su tablero y un correo electr\u00f3nico para avisarle. Cuando compra un boleto de loter\u00eda con nosotros, sabe que est\u00e1 cubierto.<\/p>\n<h2>He ganado, \u00bfy ahora qu\u00e9?<\/h2>\n<p>Bueno, si ha ganado la loter\u00eda, en primer lugar, \u00a1felicidades! Nos alegramos por usted. Si se ha registrado con nosotros, el siguiente paso es sencillo. Vaya a su panel de control y retire sus fondos a trav\u00e9s de los m\u00e9todos disponibles. Es tan f\u00e1cil como eso.<\/p>\n<h2>\u00a1Reg\u00edstrese con nosotros hoy mismo!<\/h2>\n<p>Jugar a la loter\u00eda es divertido y, da a los jugadores algo que esperar cada semana. La loter\u00eda de los s\u00e1bados tiene un buen premio mayor y probabilidades favorables, lo que la hace ideal para los nuevos y viejos jugadores. Ahora, ya no se limita a los australianos, ya que la gente de todo el mundo puede comprar entradas en la loter\u00eda.<\/p>\n<p>Si est\u00e1 buscando un juego interesante, \u00bfpor qu\u00e9 no prueba la loter\u00eda Tatts? Est\u00e9 donde est\u00e9, puede comprar un boleto para esta loter\u00eda registr\u00e1ndose con nosotros. Compre varias entradas y entre en varios sorteos por adelantado con facilidad. Nuestro trabajo es hacer posible que juegue a las loter\u00edas de su elecci\u00f3n con el m\u00ednimo estr\u00e9s.<\/p>\n<p>Rel\u00e1jese y divi\u00e9rtase mientras juega, nunca se sabe si este ser\u00e1 el d\u00eda en que gane en grande. \u00bfPor qu\u00e9 no comprar acceso a la loter\u00eda registr\u00e1ndose con nosotros hoy?<\/p>\n","protected":false},"excerpt":{"rendered":"<p>Australia tiene una gran cantidad de loter\u00edas como el Wednesday Lotto, Powerball y Saturday Lotto Australia. La loter\u00eda del s\u00e1bado es popular entre los jugadores y da a la gente algo que esperar cada semana. Cuando esta loter\u00eda comenz\u00f3, s\u00f3lo los jugadores de Oz pod\u00edan participar en ella. Afortunadamente, ahora los jugadores de todo el [&hellip;]<\/p>\n","protected":false},"author":1,"featured_media":0,"parent":35782,"menu_order":18,"comment_status":"closed","ping_status":"closed","template":"saturday-lotto-info.php","meta":{"_et_pb_use_builder":"","_et_pb_old_content":"","_et_gb_content_width":"","exclude_from_search":false,"footnotes":""},"class_list":["post-37291","page","type-page","status-publish","hentry"],"yoast_head":"<!-- This site is optimized with the Yoast SEO plugin v23.3 - https:\/\/yoast.com\/wordpress\/plugins\/seo\/ -->\n<title>Comprar boletos para Saturday Lotto Australia desde fuera de Australia<\/title>\n<meta name=\"description\" content=\"La popular loter\u00eda de los s\u00e1bados de Australia tiene grandes botes. Los jugadores de cualquier lugar pueden ahora comprar un billete para el Saturday lotto online\" \/>\n<meta name=\"robots\" content=\"index, follow, max-snippet:-1, max-image-preview:large, max-video-preview:-1\" \/>\n<link rel=\"canonical\" href=\"https:\/\/jackpotlotteryonline.com\/es\/comprar-boletos\/saturday-lotto\/\" \/>\n<meta property=\"og:locale\" content=\"es_ES\" \/>\n<meta property=\"og:type\" content=\"article\" \/>\n<meta property=\"og:title\" content=\"Comprar boletos para Saturday Lotto Australia desde fuera de Australia\" \/>\n<meta property=\"og:description\" content=\"La popular loter\u00eda de los s\u00e1bados de Australia tiene grandes botes. Los jugadores de cualquier lugar pueden ahora comprar un billete para el Saturday lotto online\" \/>\n<meta property=\"og:url\" content=\"https:\/\/jackpotlotteryonline.com\/es\/comprar-boletos\/saturday-lotto\/\" \/>\n<meta property=\"og:site_name\" content=\"Lotto Online - Crack The International Lottery Jackpots\" \/>\n<meta property=\"article:modified_time\" content=\"2022-12-24T21:35:16+00:00\" \/>\n<meta property=\"og:image\" content=\"http:\/\/jackpotlotteryonline.com\/wp-content\/uploads\/2022\/11\/2_ticket_saturday_lotto_au2-1-180x300-1.jpg\" \/>\n<meta name=\"twitter:card\" content=\"summary_large_image\" \/>\n<meta name=\"twitter:label1\" content=\"Tiempo de lectura\" \/>\n\t<meta name=\"twitter:data1\" content=\"8 minutos\" \/>\n<!-- \/ Yoast SEO plugin. -->","yoast_head_json":{"title":"Comprar boletos para Saturday Lotto Australia desde fuera de Australia","description":"La popular loter\u00eda de los s\u00e1bados de Australia tiene grandes botes. Los jugadores de cualquier lugar pueden ahora comprar un billete para el Saturday lotto online","robots":{"index":"index","follow":"follow","max-snippet":"max-snippet:-1","max-image-preview":"max-image-preview:large","max-video-preview":"max-video-preview:-1"},"canonical":"https:\/\/jackpotlotteryonline.com\/es\/comprar-boletos\/saturday-lotto\/","og_locale":"es_ES","og_type":"article","og_title":"Comprar boletos para Saturday Lotto Australia desde fuera de Australia","og_description":"La popular loter\u00eda de los s\u00e1bados de Australia tiene grandes botes. Los jugadores de cualquier lugar pueden ahora comprar un billete para el Saturday lotto online","og_url":"https:\/\/jackpotlotteryonline.com\/es\/comprar-boletos\/saturday-lotto\/","og_site_name":"Lotto Online - Crack The International Lottery Jackpots","article_modified_time":"2022-12-24T21:35:16+00:00","og_image":[{"url":"http:\/\/jackpotlotteryonline.com\/wp-content\/uploads\/2022\/11\/2_ticket_saturday_lotto_au2-1-180x300-1.jpg"}],"twitter_card":"summary_large_image","twitter_misc":{"Tiempo de lectura":"8 minutos"},"schema":{"@context":"https:\/\/schema.org","@graph":[{"@type":"WebPage","@id":"https:\/\/jackpotlotteryonline.com\/es\/comprar-boletos\/saturday-lotto\/","url":"https:\/\/jackpotlotteryonline.com\/es\/comprar-boletos\/saturday-lotto\/","name":"Comprar boletos para Saturday Lotto Australia desde fuera de Australia","isPartOf":{"@id":"https:\/\/jackpotlotteryonline.com\/#website"},"primaryImageOfPage":{"@id":"https:\/\/jackpotlotteryonline.com\/es\/comprar-boletos\/saturday-lotto\/#primaryimage"},"image":{"@id":"https:\/\/jackpotlotteryonline.com\/es\/comprar-boletos\/saturday-lotto\/#primaryimage"},"thumbnailUrl":"http:\/\/jackpotlotteryonline.com\/wp-content\/uploads\/2022\/11\/2_ticket_saturday_lotto_au2-1-180x300-1.jpg","datePublished":"2022-11-11T09:19:20+00:00","dateModified":"2022-12-24T21:35:16+00:00","description":"La popular loter\u00eda de los s\u00e1bados de Australia tiene grandes botes. Los jugadores de cualquier lugar pueden ahora comprar un billete para el Saturday lotto online","breadcrumb":{"@id":"https:\/\/jackpotlotteryonline.com\/es\/comprar-boletos\/saturday-lotto\/#breadcrumb"},"inLanguage":"es","potentialAction":[{"@type":"ReadAction","target":["https:\/\/jackpotlotteryonline.com\/es\/comprar-boletos\/saturday-lotto\/"]}]},{"@type":"ImageObject","inLanguage":"es","@id":"https:\/\/jackpotlotteryonline.com\/es\/comprar-boletos\/saturday-lotto\/#primaryimage","url":"http:\/\/jackpotlotteryonline.com\/wp-content\/uploads\/2022\/11\/2_ticket_saturday_lotto_au2-1-180x300-1.jpg","contentUrl":"http:\/\/jackpotlotteryonline.com\/wp-content\/uploads\/2022\/11\/2_ticket_saturday_lotto_au2-1-180x300-1.jpg"},{"@type":"BreadcrumbList","@id":"https:\/\/jackpotlotteryonline.com\/es\/comprar-boletos\/saturday-lotto\/#breadcrumb","itemListElement":[{"@type":"ListItem","position":1,"name":"Home","item":"https:\/\/jackpotlotteryonline.com\/es\/"},{"@type":"ListItem","position":2,"name":"C\u00f3mo comprar boletos de loter\u00eda en l\u00ednea","item":"https:\/\/jackpotlotteryonline.com\/buy-tickets\/"},{"@type":"ListItem","position":3,"name":"Comprar boletos para la loter\u00eda del s\u00e1bado en Australia"}]},{"@type":"WebSite","@id":"https:\/\/jackpotlotteryonline.com\/#website","url":"https:\/\/jackpotlotteryonline.com\/","name":"Lotto Online - Crack The International Lottery Jackpots","description":"","potentialAction":[{"@type":"SearchAction","target":{"@type":"EntryPoint","urlTemplate":"https:\/\/jackpotlotteryonline.com\/?s={search_term_string}"},"query-input":"required name=search_term_string"}],"inLanguage":"es"}]}},"_links":{"self":[{"href":"https:\/\/jackpotlotteryonline.com\/es\/wp-json\/wp\/v2\/pages\/37291","targetHints":{"allow":["GET"]}}],"collection":[{"href":"https:\/\/jackpotlotteryonline.com\/es\/wp-json\/wp\/v2\/pages"}],"about":[{"href":"https:\/\/jackpotlotteryonline.com\/es\/wp-json\/wp\/v2\/types\/page"}],"author":[{"embeddable":true,"href":"https:\/\/jackpotlotteryonline.com\/es\/wp-json\/wp\/v2\/users\/1"}],"replies":[{"embeddable":true,"href":"https:\/\/jackpotlotteryonline.com\/es\/wp-json\/wp\/v2\/comments?post=37291"}],"version-history":[{"count":0,"href":"https:\/\/jackpotlotteryonline.com\/es\/wp-json\/wp\/v2\/pages\/37291\/revisions"}],"up":[{"embeddable":true,"href":"https:\/\/jackpotlotteryonline.com\/es\/wp-json\/wp\/v2\/pages\/35782"}],"wp:attachment":[{"href":"https:\/\/jackpotlotteryonline.com\/es\/wp-json\/wp\/v2\/media?parent=37291"}],"curies":[{"name":"wp","href":"https:\/\/api.w.org\/{rel}","templated":true}]}}