{"id":37785,"date":"2022-11-15T08:50:19","date_gmt":"2022-11-15T08:50:19","guid":{"rendered":"https:\/\/jackpotlotteryonline.com\/?page_id=37785"},"modified":"2022-11-15T08:50:19","modified_gmt":"2022-11-15T08:50:19","slug":"faq","status":"publish","type":"page","link":"https:\/\/jackpotlotteryonline.com\/es\/faq\/","title":{"rendered":"PREGUNTAS FRECUENTES"},"content":{"rendered":"<h2>Preguntas frecuentes sobre la loter\u00eda en l\u00ednea<\/h2>\n<p>Aqu\u00ed daremos respuesta a las preguntas m\u00e1s frecuentes sobre la loter\u00eda online y los botes de loter\u00eda online. Jugar a las loter\u00edas online es la forma m\u00e1s c\u00f3moda y f\u00e1cil de hacerse con los grandes botes de la loter\u00eda internacional.<\/p>\n<h2>\u00bfC\u00f3mo funciona?<\/h2>\n<p>Actuamos como un servicio de mensajer\u00eda entre usted y las diferentes loter\u00edas. Compramos el billete en su nombre y por su cuenta, luego escaneamos su nuevo billete y cargamos el escaneo en su cuenta de cliente, le enviamos un mensaje cuando gana y le ayudamos a recibir su dinero cuando gana tambi\u00e9n.<\/p>\n<h2>\u00bfCu\u00e1les son las ventajas de jugar a trav\u00e9s de nosotros?<\/h2>\n<ul>\n<li>No hay necesidad de ir a una tienda de loter\u00eda. Puede jugar f\u00e1cilmente desde su casa o desde su oficina<\/li>\n<li>puede pagar en l\u00ednea, por ejemplo con tarjeta de cr\u00e9dito o por otros medios<\/li>\n<li>sus ganancias de loter\u00eda hasta 2500 euros se acreditar\u00e1n en su cuenta<\/li>\n<li>si gana m\u00e1s de 2500 euros, le ayudaremos a conseguir su dinero, sin coste alguno<\/li>\n<li>no hay costes adicionales si gana dinero.<\/li>\n<\/ul>\n<p><strong>\u00bfQui\u00e9n puede jugar a las loter\u00edas?<\/strong><\/p>\n<p>Cualquier persona mayor de 18 a\u00f1os puede jugar a la loter\u00eda.<\/p>\n<p><strong>\u00bfPuedo jugar a la loter\u00eda desde un pa\u00eds extranjero?<\/strong><\/p>\n<p>S\u00ed, puede hacerlo. No importa en qu\u00e9 pa\u00eds resida, puede jugar a cualquier loter\u00eda y bote de loter\u00eda en cualquier pa\u00eds de su elecci\u00f3n.<\/p>\n<p><strong>\u00bfPuedo elegir mis propios n\u00fameros de loter\u00eda?<\/strong><\/p>\n<p>S\u00ed. Puede elegir los n\u00fameros que desee o puede hacer que el ordenador elija sus n\u00fameros al azar por usted.<\/p>\n<p><strong>\u00bfC\u00f3mo recibir\u00e9 mi billete de loter\u00eda?<\/strong><\/p>\n<p>Una vez procesado su pago, le enviaremos por correo electr\u00f3nico una confirmaci\u00f3n de compra. Los n\u00fameros que ha elegido pueden verse en su cuenta. Poco despu\u00e9s podr\u00e1 ver el billete escaneado tambi\u00e9n en su cuenta.<\/p>\n<p><strong>\u00bfC\u00f3mo puedo pagar mi loter\u00eda o mi billete?<\/strong><\/p>\n<p>Hay varias opciones de pago disponibles para usted, entre ellas el pago con tarjeta de cr\u00e9dito, transferencia bancaria, varias criptodivisas, y m\u00e1s.<\/p>\n<p><strong>\u00bfSe llevan una parte de mis ganancias?<\/strong><\/p>\n<p>No. Todas las ganancias de la loter\u00eda se le pagar\u00e1n en su totalidad, sin deducci\u00f3n de ninguna comisi\u00f3n.<\/p>\n<p><strong>\u00bfCu\u00e1ndo puedo hacer mi pedido de un billete de loter\u00eda?<\/strong><\/p>\n<p>Para participar en una loter\u00eda, debe pedir su billete al menos 2 horas antes del sorteo. Esto nos permite procesar su pedido de billetes de loter\u00eda.<\/p>\n<p><strong>\u00bfC\u00f3mo puedo saber si he ganado?<\/strong><\/p>\n<p>Si gana, le enviaremos un correo electr\u00f3nico avis\u00e1ndole de su victoria. Adem\u00e1s, los n\u00fameros ganadores de todas las loter\u00edas se publicar\u00e1n en nuestra p\u00e1gina web.<\/p>\n<p><strong>\u00bfC\u00f3mo recibo mi dinero si gano?<\/strong><\/p>\n<p>Si gana una cantidad inferior a 2500 euros, el dinero se abonar\u00e1 en su cuenta de jugador. Para cualquier cantidad ganada superior a 2500 euros, le enviaremos un formulario de reclamaci\u00f3n que tendr\u00e1 que rellenar. Tendr\u00e1 que identificarse y entonces procesaremos su reclamaci\u00f3n a la compa\u00f1\u00eda de loter\u00eda. La empresa de loter\u00eda le emitir\u00e1 entonces un cheque. Tenga en cuenta que algunas empresas de loter\u00eda le exigen que reclame sus ganancias en persona si gana un premio mayor.<\/p>\n<p><strong>\u00bfEs este un servicio legal?<\/strong><\/p>\n<p>S\u00ed, lo es. Dado que el nuestro es s\u00f3lo un servicio de mensajer\u00eda, es perfectamente legal.<\/p>\n<p><strong>\u00bfC\u00f3mo s\u00e9 que se est\u00e1 comprando un billete de loter\u00eda en mi nombre?<\/strong><\/p>\n<p>Una vez que haya pagado su billete de loter\u00eda, recibir\u00e1 una confirmaci\u00f3n de pago. Mientras su billete de loter\u00eda est\u00e9 activo, recibir\u00e1 una notificaci\u00f3n por correo electr\u00f3nico y, tras iniciar sesi\u00f3n, podr\u00e1 ver sus billetes en su \u00e1rea de cliente en nuestra p\u00e1gina web.<\/p>\n","protected":false},"excerpt":{"rendered":"<p>Preguntas frecuentes sobre la loter\u00eda en l\u00ednea Aqu\u00ed daremos respuesta a las preguntas m\u00e1s frecuentes sobre la loter\u00eda online y los botes de loter\u00eda online. Jugar a las loter\u00edas online es la forma m\u00e1s c\u00f3moda y f\u00e1cil de hacerse con los grandes botes de la loter\u00eda internacional. \u00bfC\u00f3mo funciona? Actuamos como un servicio de mensajer\u00eda [&hellip;]<\/p>\n","protected":false},"author":1,"featured_media":0,"parent":0,"menu_order":6,"comment_status":"closed","ping_status":"closed","template":"","meta":{"_et_pb_use_builder":"","_et_pb_old_content":"","_et_gb_content_width":"","exclude_from_search":false,"footnotes":""},"class_list":["post-37785","page","type-page","status-publish","hentry"],"yoast_head":"<!-- This site is optimized with the Yoast SEO plugin v23.3 - https:\/\/yoast.com\/wordpress\/plugins\/seo\/ -->\n<title>FAQ de la loter\u00eda | Preguntas frecuentes sobre la loter\u00eda en l\u00ednea<\/title>\n<meta name=\"description\" content=\"Encuentra aqu\u00ed las respuestas a las preguntas m\u00e1s frecuentes sobre la loter\u00eda online, as\u00ed como los mejores servicios\" \/>\n<meta name=\"robots\" content=\"index, follow, max-snippet:-1, max-image-preview:large, max-video-preview:-1\" \/>\n<link rel=\"canonical\" href=\"https:\/\/jackpotlotteryonline.com\/es\/faq\/\" \/>\n<meta property=\"og:locale\" content=\"es_ES\" \/>\n<meta property=\"og:type\" content=\"article\" \/>\n<meta property=\"og:title\" content=\"FAQ de la loter\u00eda | Preguntas frecuentes sobre la loter\u00eda en l\u00ednea\" \/>\n<meta property=\"og:description\" content=\"Encuentra aqu\u00ed las respuestas a las preguntas m\u00e1s frecuentes sobre la loter\u00eda online, as\u00ed como los mejores servicios\" \/>\n<meta property=\"og:url\" content=\"https:\/\/jackpotlotteryonline.com\/es\/faq\/\" \/>\n<meta property=\"og:site_name\" content=\"Lotto Online - Crack The International Lottery Jackpots\" \/>\n<meta name=\"twitter:card\" content=\"summary_large_image\" \/>\n<meta name=\"twitter:label1\" content=\"Tiempo de lectura\" \/>\n\t<meta name=\"twitter:data1\" content=\"3 minutos\" \/>\n<!-- \/ Yoast SEO plugin. -->","yoast_head_json":{"title":"FAQ de la loter\u00eda | Preguntas frecuentes sobre la loter\u00eda en l\u00ednea","description":"Encuentra aqu\u00ed las respuestas a las preguntas m\u00e1s frecuentes sobre la loter\u00eda online, as\u00ed como los mejores servicios","robots":{"index":"index","follow":"follow","max-snippet":"max-snippet:-1","max-image-preview":"max-image-preview:large","max-video-preview":"max-video-preview:-1"},"canonical":"https:\/\/jackpotlotteryonline.com\/es\/faq\/","og_locale":"es_ES","og_type":"article","og_title":"FAQ de la loter\u00eda | Preguntas frecuentes sobre la loter\u00eda en l\u00ednea","og_description":"Encuentra aqu\u00ed las respuestas a las preguntas m\u00e1s frecuentes sobre la loter\u00eda online, as\u00ed como los mejores servicios","og_url":"https:\/\/jackpotlotteryonline.com\/es\/faq\/","og_site_name":"Lotto Online - Crack The International Lottery Jackpots","twitter_card":"summary_large_image","twitter_misc":{"Tiempo de lectura":"3 minutos"},"schema":{"@context":"https:\/\/schema.org","@graph":[{"@type":"WebPage","@id":"https:\/\/jackpotlotteryonline.com\/es\/faq\/","url":"https:\/\/jackpotlotteryonline.com\/es\/faq\/","name":"FAQ de la loter\u00eda | Preguntas frecuentes sobre la loter\u00eda en l\u00ednea","isPartOf":{"@id":"https:\/\/jackpotlotteryonline.com\/#website"},"datePublished":"2022-11-15T08:50:19+00:00","dateModified":"2022-11-15T08:50:19+00:00","description":"Encuentra aqu\u00ed las respuestas a las preguntas m\u00e1s frecuentes sobre la loter\u00eda online, as\u00ed como los mejores servicios","breadcrumb":{"@id":"https:\/\/jackpotlotteryonline.com\/es\/faq\/#breadcrumb"},"inLanguage":"es","potentialAction":[{"@type":"ReadAction","target":["https:\/\/jackpotlotteryonline.com\/es\/faq\/"]}]},{"@type":"BreadcrumbList","@id":"https:\/\/jackpotlotteryonline.com\/es\/faq\/#breadcrumb","itemListElement":[{"@type":"ListItem","position":1,"name":"Home","item":"https:\/\/jackpotlotteryonline.com\/es\/"},{"@type":"ListItem","position":2,"name":"PREGUNTAS FRECUENTES"}]},{"@type":"WebSite","@id":"https:\/\/jackpotlotteryonline.com\/#website","url":"https:\/\/jackpotlotteryonline.com\/","name":"Lotto Online - Crack The International Lottery Jackpots","description":"","potentialAction":[{"@type":"SearchAction","target":{"@type":"EntryPoint","urlTemplate":"https:\/\/jackpotlotteryonline.com\/?s={search_term_string}"},"query-input":"required name=search_term_string"}],"inLanguage":"es"}]}},"_links":{"self":[{"href":"https:\/\/jackpotlotteryonline.com\/es\/wp-json\/wp\/v2\/pages\/37785","targetHints":{"allow":["GET"]}}],"collection":[{"href":"https:\/\/jackpotlotteryonline.com\/es\/wp-json\/wp\/v2\/pages"}],"about":[{"href":"https:\/\/jackpotlotteryonline.com\/es\/wp-json\/wp\/v2\/types\/page"}],"author":[{"embeddable":true,"href":"https:\/\/jackpotlotteryonline.com\/es\/wp-json\/wp\/v2\/users\/1"}],"replies":[{"embeddable":true,"href":"https:\/\/jackpotlotteryonline.com\/es\/wp-json\/wp\/v2\/comments?post=37785"}],"version-history":[{"count":0,"href":"https:\/\/jackpotlotteryonline.com\/es\/wp-json\/wp\/v2\/pages\/37785\/revisions"}],"wp:attachment":[{"href":"https:\/\/jackpotlotteryonline.com\/es\/wp-json\/wp\/v2\/media?parent=37785"}],"curies":[{"name":"wp","href":"https:\/\/api.w.org\/{rel}","templated":true}]}}