{"id":39254,"date":"2022-11-22T12:11:38","date_gmt":"2022-11-22T12:11:38","guid":{"rendered":"https:\/\/jackpotlotteryonline.com\/?page_id=39254"},"modified":"2023-01-03T08:57:50","modified_gmt":"2023-01-03T08:57:50","slug":"la-primitiva-2","status":"publish","type":"page","link":"https:\/\/jackpotlotteryonline.com\/es\/como-se-juega\/la-primitiva-2\/","title":{"rendered":"jugar a La Primitiva online"},"content":{"rendered":"<p>La loter\u00eda espa\u00f1ola es una de las loter\u00edas m\u00e1s populares de Europa y atrae a los aficionados a la loter\u00eda de todo el pa\u00eds. La Primitiva es tambi\u00e9n una de las loter\u00edas m\u00e1s antiguas del mundo. Se cre\u00f3 en 1763 y lleva casi 260 a\u00f1os alegrando a los aficionados a la loter\u00eda del pa\u00eds. Antes, s\u00f3lo estaba limitada a los jugadores que viv\u00edan en esa zona geogr\u00e1fica, pero gracias a Internet, los jugadores de todo el mundo pueden participar en esta loter\u00eda. Los juegos de loter\u00eda dependen mucho de la suerte y \u00e9ste no es una excepci\u00f3n. Por ello, hay muchas participaciones en cada sorteo, con jugadores que intentan tener la oportunidad de ganar a lo grande.<\/p>\n<p>Si desea obtener<a href=\"https:\/\/jackpotlotteryonline.com\/es\/comprar-boletos\/la-primitiva\"> boletos para las principales loter\u00edas internacionales<\/a>, incluyendo La Primitiva, visite jackptlotteryonline.com ahora para comenzar.<\/p>\n<h2>C\u00f3mo jugar a La Primitiva<\/h2>\n<p><img loading=\"lazy\" decoding=\"async\" class=\"alignright size-medium wp-image-28103\" src=\"http:\/\/jackpotlotteryonline.com\/wp-content\/uploads\/2022\/11\/1_lotto_jackpot_online-257x300.jpg\" alt=\"Jugar a La Primitiva\" width=\"257\" height=\"300\" srcset=\"https:\/\/jackpotlotteryonline.com\/wp-content\/uploads\/2022\/11\/1_lotto_jackpot_online-257x300.jpg 257w, https:\/\/jackpotlotteryonline.com\/wp-content\/uploads\/2022\/11\/1_lotto_jackpot_online.jpg 321w\" sizes=\"auto, (max-width: 257px) 100vw, 257px\" \/><\/p>\n<p>A pesar de lo divertido que es jugar a la loter\u00eda espa\u00f1ola, podr\u00eda ser un poco confuso para aquellos que son nuevos en la loter\u00eda. Parece que hay un poco m\u00e1s de n\u00fameros de lo que algunos apostadores podr\u00edan estar acostumbrados y hay algunos otros conceptos que podr\u00edan ser dif\u00edciles de entender. Pero, una vez que se entiende c\u00f3mo jugar a La Primitiva, se vuelve realmente sencillo.<\/p>\n<p>Lo primero que hay que entender para jugar a esta loter\u00eda es el <strong>Reintegro<\/strong> y el <strong>Complementario<\/strong>. El Reintegro y el Complementario son esenciales para determinar el ganador del bote. Si usted planea ganar el premio mayor, entonces es esencial saber de qu\u00e9 se tratan y c\u00f3mo funcionan.<\/p>\n<p>B\u00e1sicamente, el Reintegro es uno de los n\u00fameros de bonificaci\u00f3n que se utilizan para seleccionar a los ganadores del premio. El Complementario (traducido en ingl\u00e9s como Complementary) es el segundo n\u00famero de bonificaci\u00f3n.<\/p>\n<p><strong>Para jugar a La Primitiva, un jugador tendr\u00eda que elegir cinco n\u00fameros principales del 1 al 49 y el Reintegro del 0 al 9<\/strong>. Cualquiera que tenga un boleto que coincida con los n\u00fameros sorteados gana el bote.<\/p>\n<h2>Pero el Reintegro es mucho m\u00e1s que eso<\/h2>\n<p>El Reintegro se utiliza para seleccionar al ganador del bote. Por lo tanto, debe acertar los cinco n\u00fameros principales y el n\u00famero Reintegro para ganar el bote.<\/p>\n<p>Adem\u00e1s, el Reintegro se utiliza para determinar otra categor\u00eda de premios. Los jugadores que s\u00f3lo aciertan el n\u00famero Reintegro recuperan el precio de su boleto. Por eso se llama &#8220;el reintegro&#8221;.<\/p>\n<section class=\"layout\" style=\"border: solid 1px; width: 100%;\">\n<div class=\"img-div\" style=\"margin-top: 5px;\"><img decoding=\"async\" class=\"wp-image-17212 alignleft\" style=\"height: 45px; margin: 8px 8px 0px;\" src=\"http:\/\/jackpotlotteryonline.com\/wp-content\/uploads\/2022\/11\/read1.jpg\" alt=\"leer\" width=\"\" height=\"\" \/><\/div>\n<div style=\"padding-left: 5px;\">\n<div style=\"font-size: 1.1em;\">\n<p><strong>\u00bfCu\u00e1l es el secreto del \u00e9xito en la loter\u00eda?<\/strong><\/p>\n<p style=\"font-size: 0.85em; margin-top: -1.5em;\">C\u00f3mo jugar a la loter\u00eda con \u00e9xito\u00a0<a href=\"https:\/\/jackpotlotteryonline.com\/es\/cual-es-el-secreto-del-exito-de-la-loteria\"> Seguir leyendo<\/a><\/p>\n<\/div>\n<\/div>\n<\/section>\n<h2>\u00bfY el Complementario?<\/h2>\n<p>El otro n\u00famero complementario no es relevante para ganar el bote, pero se utiliza para determinar la categor\u00eda de premios de la Divisi\u00f3n 2. As\u00ed que un apostador que acierte los cinco n\u00fameros principales y el n\u00famero del Complementario ganar\u00e1 un premio.<\/p>\n<h2>Entender c\u00f3mo funciona el Joker<\/h2>\n<p>El Joker es otro misterio si est\u00e1 comprando boletos de La Primitiva por primera vez porque parece crear una categor\u00eda de premios totalmente diferente. En realidad, crea una categor\u00eda diferente de premios.\u00a0 Sin embargo, es opcional, y al comprar su billete de loter\u00eda, puede elegir incluir un Joker por un coste adicional.<\/p>\n<p>El Joker se parece m\u00e1s a una rifa que a una loter\u00eda porque los jugadores no pueden elegir sus n\u00fameros. Si opta por el Joker, se adjuntan siete n\u00fameros al azar a su billete. Esto no anula su billete de loter\u00eda, es s\u00f3lo una inclusi\u00f3n. El Joker da a los jugadores la oportunidad de ganar hasta 1 mill\u00f3n de euros. Tiene siete categor\u00edas de premios. Encu\u00e9ntrelas a continuaci\u00f3n:<\/p>\n<p>1er Premio &#8211; 1.000.000 de euros<\/p>\n<p>2\u00ba Premio &#8211; 10.000 euros<\/p>\n<p>3er Premio &#8211; 1.000 euros<\/p>\n<p>4\u00ba Premio &#8211; 300 euros<\/p>\n<p>5\u00ba premio &#8211; 50 euros<\/p>\n<p>6\u00ba premio &#8211; 5 euros<\/p>\n<p>7\u00ba premio &#8211; 5 euros<\/p>\n<h2>Ganar el Joker<\/h2>\n<p>Si gana tanto la loter\u00eda como el Joker, tendr\u00e1 que elegir uno, ya que los jugadores no pueden reclamar ambos premios en un mismo sorteo por un solo boleto. Sin embargo, se pagar\u00e1 un premio mayor.<\/p>\n<h2>Pasos para jugar a la loter\u00eda online<\/h2>\n<p><img loading=\"lazy\" decoding=\"async\" class=\"alignright size-medium wp-image-33512\" src=\"http:\/\/jackpotlotteryonline.com\/wp-content\/uploads\/2022\/11\/2_ticket_la_primitiva2-210x300.jpg\" alt=\"Billete online de La Primitiva\" width=\"210\" height=\"300\" srcset=\"https:\/\/jackpotlotteryonline.com\/wp-content\/uploads\/2022\/11\/2_ticket_la_primitiva2-210x300.jpg 210w, https:\/\/jackpotlotteryonline.com\/wp-content\/uploads\/2022\/11\/2_ticket_la_primitiva2.jpg 250w\" sizes=\"auto, (max-width: 210px) 100vw, 210px\" \/><\/p>\n<p>Conseguir boletos de loter\u00eda online es uno de los placeres m\u00e1s sencillos de la vida, sobre todo por lo c\u00f3modo y pr\u00e1ctico que es todo. Puede obtener su billete con s\u00f3lo unos pocos golpes o toques. A continuaci\u00f3n le ofrecemos una gu\u00eda paso a paso para hacerlo en este sitio.<\/p>\n<p><strong>Paso 1:<\/strong> Visita el sitio que has elegido y busca la loter\u00eda a la que quieres jugar. Damos a los aficionados a la loter\u00eda acceso a una gran variedad de loter\u00edas internacionales, incluyendo La Primitiva.<\/p>\n<p><strong>Paso 2:<\/strong> Elija los cinco n\u00fameros principales y los dos n\u00fameros de bonificaci\u00f3n. Si no est\u00e1 seguro de los n\u00fameros que desea utilizar, puede utilizar el generador de n\u00fameros aleatorios del sitio. Adem\u00e1s, puede elegir m\u00e1s de una l\u00ednea de n\u00fameros para aumentar sus probabilidades de ganar.<\/p>\n<p><strong>Paso 3:<\/strong><a href=\"https:\/\/jackpotlotteryonline.com\/es\/numeros-ganadores\/la-primitiva\"> Introduzca los sorteos<\/a>. Tenga en cuenta que si participa en un solo sorteo, s\u00f3lo puede hacerlo el lunes. Los dem\u00e1s sorteos son semanales y puede participar en todos ellos si lo desea.<\/p>\n<p><strong>Paso 4:<\/strong> Ap\u00fantate y paga. Cuando llegue a la p\u00e1gina de pago, se le pedir\u00e1 que se registre. Esto es para que puedas acceder f\u00e1cilmente a tu boleto desde tu cuenta y tambi\u00e9n para que podamos avisarte si ganas alg\u00fan premio. S\u00f3lo tendr\u00e1 que registrarse una vez y las veces siguientes, s\u00f3lo tendr\u00e1 que acceder a su cuenta.<\/p>\n<p>Eso es todo lo que necesita para acceder a las mejores loter\u00edas internacionales desde la comodidad de su ordenador o dispositivo m\u00f3vil.<\/p>\n<h2>Resultados del sorteo de La Primitiva<\/h2>\n<p>Los d\u00edas de sorteo est\u00e1n llenos de emoci\u00f3n y muchos jugadores de loter\u00eda los esperan con ansias. Es el momento en el que los que han participado en el sorteo descubren si han ganado el bote. Hay otros premios que los jugadores pueden ganar adem\u00e1s del bote, y todos ellos se revelan el d\u00eda del sorteo.<\/p>\n<p>La loter\u00eda espa\u00f1ola celebra tres sorteos semanales, el lunes, el jueves y el s\u00e1bado. Esto significa que los jugadores tienen tres oportunidades cada semana para ganar la loter\u00eda. Si juega a La Primitiva por Internet, puede participar en el siguiente sorteo o participar autom\u00e1ticamente en todos los sorteos. Recuerde que cuantos m\u00e1s sorteos realice, m\u00e1s posibilidades tendr\u00e1 de ganar la loter\u00eda.<\/p>\n<p>Cuando se anuncian los sorteos, los jugadores pueden escuchar los resultados del sorteo en directo. Sin embargo, si no tiene tiempo para hacerlo, puede volver aqu\u00ed para obtener los resultados del sorteo. No s\u00f3lo publicamos los n\u00fameros que coinciden con todos los sorteados, sino que tambi\u00e9n publicamos los resultados de los otros tramos.<\/p>\n<h2>Sobre los premios de La Primitiva: \u00bfqu\u00e9 puede ganar?<\/h2>\n<p>Adem\u00e1s del premio principal, La Primitiva tiene otros 5 niveles de premios. Si se incluye el bote, son 6 niveles en total. Incluso hay un premio por acertar s\u00f3lo el n\u00famero Reintegro. Puede que estos premios no sean millonarios, pero alcanzan varios miles de euros. Por lo tanto, merece la pena comprobarlo.<\/p>\n<p>Es importante entender que no hay un premio espec\u00edfico para los otros niveles, ya que depende del n\u00famero de jugadores para ese sorteo. El bote es el \u00fanico nivel de premios que est\u00e1 garantizado. El 40% del importe del bote se asigna a los otros niveles de premios y se distribuye a los ganadores de esas categor\u00edas.<\/p>\n<p>Sin embargo, tambi\u00e9n puede optar por jugar al Joker, que aumenta considerablemente el potencial de ganancias. El Joker tambi\u00e9n tiene otras siete categor\u00edas de premios, separadas de las categor\u00edas de premios principales, lo que da a los jugadores de La Primitiva a\u00fan m\u00e1s oportunidades de ganar.<\/p>\n<h2>Categor\u00edas de premios<\/h2>\n<p>Jackpot &#8211; Acierta 6 n\u00fameros principales + Reintegro<\/p>\n<p>Divisi\u00f3n 1 &#8211; Acierta 6 n\u00fameros principales<\/p>\n<p>Divisi\u00f3n 2 &#8211; Acierta 5 n\u00fameros principales + N\u00famero de cortes\u00eda<\/p>\n<p>Divisi\u00f3n 3 &#8211; Acierta 5 n\u00fameros principales<\/p>\n<p>Divisi\u00f3n 4 &#8211; 4 n\u00fameros principales<\/p>\n<p>Divisi\u00f3n 5 &#8211; Coincidencia de 3 n\u00fameros principales<\/p>\n<p>Reintegro &#8211; Acierta s\u00f3lo el n\u00famero de Reintegro<\/p>\n<h2>C\u00f3mo retirar sus ganancias<\/h2>\n<p>Los jugadores a menudo se preguntan c\u00f3mo pueden acceder a sus ganancias si juegan en Internet. La respuesta depende del sitio de loter\u00eda que utilice. Algunos sitios de loter\u00eda no son demasiado buenos a la hora de pagar a los ganadores, pero ver\u00e1 que esto es la excepci\u00f3n, m\u00e1s que la regla. Sin embargo, siempre es una buena idea permanecer seguro y permanecer con un proveedor de loter\u00eda de confianza.<\/p>\n<p>Si juega a la loter\u00eda con nosotros, podr\u00e1 retirar sus ganancias f\u00e1cilmente. Hemos dise\u00f1ado nuestro sistema para ofrecer la m\u00e1xima facilidad de uso y cero estr\u00e9s. Con m\u00faltiples opciones de retiro, proporcionamos un m\u00e9todo seguro para que usted se apodere de sus ganancias.<\/p>\n<p>Si su ganancia es superior a una determinada cantidad (como si gana el bote), tendr\u00e1 que identificarse ante la empresa de loter\u00eda. Pero no se preocupe, le proporcionaremos un formulario para que lo rellene y una vez hecho esto, procesaremos las reclamaciones por usted.<\/p>\n<h2>Juegue con nosotros para tener la oportunidad de ganar a lo grande<\/h2>\n<p>El lugar donde compra sus boletos importa mucho y en nuestro sitio, hemos hecho todo lo posible para crear un lugar seguro para los apostadores de todo el mundo. Con una amplia variedad de loter\u00edas internacionales, puede elegir cualquier juego, incluyendo La Primitiva. Los premios mayores son grandes, pero recuerde que la mayor\u00eda de los juegos de loter\u00eda tienen varios niveles de premios, con algunas cantidades muy generosas.<\/p>\n<p>Si est\u00e1 preparado para tener la oportunidad de ganar a lo grande con La Primitiva, vis\u00edtenos ahora y consiga sus boletos. Con tres sorteos semanales, la loter\u00eda espa\u00f1ola ofrece a los jugadores varias oportunidades de ganar el bote cada semana. En jackpotlotteryonline.com siempre hay un sorteo en el que puedes participar y nunca se sabe si hoy es el d\u00eda en el que vas a ganar a lo grande.<\/p>\n","protected":false},"excerpt":{"rendered":"<p>La loter\u00eda espa\u00f1ola es una de las loter\u00edas m\u00e1s populares de Europa y atrae a los aficionados a la loter\u00eda de todo el pa\u00eds. La Primitiva es tambi\u00e9n una de las loter\u00edas m\u00e1s antiguas del mundo. Se cre\u00f3 en 1763 y lleva casi 260 a\u00f1os alegrando a los aficionados a la loter\u00eda del pa\u00eds. Antes, [&hellip;]<\/p>\n","protected":false},"author":1,"featured_media":0,"parent":35723,"menu_order":7,"comment_status":"closed","ping_status":"closed","template":"la-primitiva.php","meta":{"_et_pb_use_builder":"","_et_pb_old_content":"","_et_gb_content_width":"","exclude_from_search":false,"footnotes":""},"class_list":["post-39254","page","type-page","status-publish","hentry"],"yoast_head":"<!-- This site is optimized with the Yoast SEO plugin v23.3 - https:\/\/yoast.com\/wordpress\/plugins\/seo\/ -->\n<title>Jugar a la loter\u00eda espa\u00f1ola La Primitiva online desde cualquier pa\u00eds<\/title>\n<meta name=\"description\" content=\"C\u00f3mo jugar a La Primitiva y ganar a lo grande desde cualquier parte del mundo. Conoce los pasos para jugar a la loter\u00eda online y los premios que se pueden ganar.\" \/>\n<meta name=\"robots\" content=\"index, follow, max-snippet:-1, max-image-preview:large, max-video-preview:-1\" \/>\n<link rel=\"canonical\" href=\"https:\/\/jackpotlotteryonline.com\/es\/como-se-juega\/la-primitiva-2\/\" \/>\n<meta property=\"og:locale\" content=\"es_ES\" \/>\n<meta property=\"og:type\" content=\"article\" \/>\n<meta property=\"og:title\" content=\"Jugar a la loter\u00eda espa\u00f1ola La Primitiva online desde cualquier pa\u00eds\" \/>\n<meta property=\"og:description\" content=\"C\u00f3mo jugar a La Primitiva y ganar a lo grande desde cualquier parte del mundo. Conoce los pasos para jugar a la loter\u00eda online y los premios que se pueden ganar.\" \/>\n<meta property=\"og:url\" content=\"https:\/\/jackpotlotteryonline.com\/es\/como-se-juega\/la-primitiva-2\/\" \/>\n<meta property=\"og:site_name\" content=\"Lotto Online - Crack The International Lottery Jackpots\" \/>\n<meta property=\"article:modified_time\" content=\"2023-01-03T08:57:50+00:00\" \/>\n<meta property=\"og:image\" content=\"http:\/\/jackpotlotteryonline.com\/wp-content\/uploads\/2022\/11\/1_lotto_jackpot_online-257x300.jpg\" \/>\n<meta name=\"twitter:card\" content=\"summary_large_image\" \/>\n<meta name=\"twitter:label1\" content=\"Tiempo de lectura\" \/>\n\t<meta name=\"twitter:data1\" content=\"8 minutos\" \/>\n<!-- \/ Yoast SEO plugin. -->","yoast_head_json":{"title":"Jugar a la loter\u00eda espa\u00f1ola La Primitiva online desde cualquier pa\u00eds","description":"C\u00f3mo jugar a La Primitiva y ganar a lo grande desde cualquier parte del mundo. Conoce los pasos para jugar a la loter\u00eda online y los premios que se pueden ganar.","robots":{"index":"index","follow":"follow","max-snippet":"max-snippet:-1","max-image-preview":"max-image-preview:large","max-video-preview":"max-video-preview:-1"},"canonical":"https:\/\/jackpotlotteryonline.com\/es\/como-se-juega\/la-primitiva-2\/","og_locale":"es_ES","og_type":"article","og_title":"Jugar a la loter\u00eda espa\u00f1ola La Primitiva online desde cualquier pa\u00eds","og_description":"C\u00f3mo jugar a La Primitiva y ganar a lo grande desde cualquier parte del mundo. Conoce los pasos para jugar a la loter\u00eda online y los premios que se pueden ganar.","og_url":"https:\/\/jackpotlotteryonline.com\/es\/como-se-juega\/la-primitiva-2\/","og_site_name":"Lotto Online - Crack The International Lottery Jackpots","article_modified_time":"2023-01-03T08:57:50+00:00","og_image":[{"url":"http:\/\/jackpotlotteryonline.com\/wp-content\/uploads\/2022\/11\/1_lotto_jackpot_online-257x300.jpg"}],"twitter_card":"summary_large_image","twitter_misc":{"Tiempo de lectura":"8 minutos"},"schema":{"@context":"https:\/\/schema.org","@graph":[{"@type":"WebPage","@id":"https:\/\/jackpotlotteryonline.com\/es\/como-se-juega\/la-primitiva-2\/","url":"https:\/\/jackpotlotteryonline.com\/es\/como-se-juega\/la-primitiva-2\/","name":"Jugar a la loter\u00eda espa\u00f1ola La Primitiva online desde cualquier pa\u00eds","isPartOf":{"@id":"https:\/\/jackpotlotteryonline.com\/#website"},"primaryImageOfPage":{"@id":"https:\/\/jackpotlotteryonline.com\/es\/como-se-juega\/la-primitiva-2\/#primaryimage"},"image":{"@id":"https:\/\/jackpotlotteryonline.com\/es\/como-se-juega\/la-primitiva-2\/#primaryimage"},"thumbnailUrl":"http:\/\/jackpotlotteryonline.com\/wp-content\/uploads\/2022\/11\/1_lotto_jackpot_online-257x300.jpg","datePublished":"2022-11-22T12:11:38+00:00","dateModified":"2023-01-03T08:57:50+00:00","description":"C\u00f3mo jugar a La Primitiva y ganar a lo grande desde cualquier parte del mundo. Conoce los pasos para jugar a la loter\u00eda online y los premios que se pueden ganar.","breadcrumb":{"@id":"https:\/\/jackpotlotteryonline.com\/es\/como-se-juega\/la-primitiva-2\/#breadcrumb"},"inLanguage":"es","potentialAction":[{"@type":"ReadAction","target":["https:\/\/jackpotlotteryonline.com\/es\/como-se-juega\/la-primitiva-2\/"]}]},{"@type":"ImageObject","inLanguage":"es","@id":"https:\/\/jackpotlotteryonline.com\/es\/como-se-juega\/la-primitiva-2\/#primaryimage","url":"http:\/\/jackpotlotteryonline.com\/wp-content\/uploads\/2022\/11\/1_lotto_jackpot_online-257x300.jpg","contentUrl":"http:\/\/jackpotlotteryonline.com\/wp-content\/uploads\/2022\/11\/1_lotto_jackpot_online-257x300.jpg"},{"@type":"BreadcrumbList","@id":"https:\/\/jackpotlotteryonline.com\/es\/como-se-juega\/la-primitiva-2\/#breadcrumb","itemListElement":[{"@type":"ListItem","position":1,"name":"Home","item":"https:\/\/jackpotlotteryonline.com\/es\/"},{"@type":"ListItem","position":2,"name":"C\u00f3mo se juega","item":"https:\/\/jackpotlotteryonline.com\/es\/como-se-juega\/"},{"@type":"ListItem","position":3,"name":"jugar a La Primitiva online"}]},{"@type":"WebSite","@id":"https:\/\/jackpotlotteryonline.com\/#website","url":"https:\/\/jackpotlotteryonline.com\/","name":"Lotto Online - Crack The International Lottery Jackpots","description":"","potentialAction":[{"@type":"SearchAction","target":{"@type":"EntryPoint","urlTemplate":"https:\/\/jackpotlotteryonline.com\/?s={search_term_string}"},"query-input":"required name=search_term_string"}],"inLanguage":"es"}]}},"_links":{"self":[{"href":"https:\/\/jackpotlotteryonline.com\/es\/wp-json\/wp\/v2\/pages\/39254","targetHints":{"allow":["GET"]}}],"collection":[{"href":"https:\/\/jackpotlotteryonline.com\/es\/wp-json\/wp\/v2\/pages"}],"about":[{"href":"https:\/\/jackpotlotteryonline.com\/es\/wp-json\/wp\/v2\/types\/page"}],"author":[{"embeddable":true,"href":"https:\/\/jackpotlotteryonline.com\/es\/wp-json\/wp\/v2\/users\/1"}],"replies":[{"embeddable":true,"href":"https:\/\/jackpotlotteryonline.com\/es\/wp-json\/wp\/v2\/comments?post=39254"}],"version-history":[{"count":0,"href":"https:\/\/jackpotlotteryonline.com\/es\/wp-json\/wp\/v2\/pages\/39254\/revisions"}],"up":[{"embeddable":true,"href":"https:\/\/jackpotlotteryonline.com\/es\/wp-json\/wp\/v2\/pages\/35723"}],"wp:attachment":[{"href":"https:\/\/jackpotlotteryonline.com\/es\/wp-json\/wp\/v2\/media?parent=39254"}],"curies":[{"name":"wp","href":"https:\/\/api.w.org\/{rel}","templated":true}]}}