{"id":39335,"date":"2022-11-23T11:28:55","date_gmt":"2022-11-23T11:28:55","guid":{"rendered":"https:\/\/jackpotlotteryonline.com\/?page_id=39335"},"modified":"2024-07-07T10:04:21","modified_gmt":"2024-07-07T10:04:21","slug":"lotto-america","status":"publish","type":"page","link":"https:\/\/jackpotlotteryonline.com\/es\/como-se-juega\/lotto-america\/","title":{"rendered":"Jugar a la Loter\u00eda de Am\u00e9rica en l\u00ednea"},"content":{"rendered":"<p>Quieres aprender a apostar a Lotto America desde cualquier parte del mundo? Estados Unidos cuenta con algunas de las mayores loter\u00edas del mundo, como la Lotto America. Curiosamente, esta es tambi\u00e9n una loter\u00eda que a menudo se pasa por alto en favor de sus primos mucho m\u00e1s grandes, Powerball y Mega Millions. Sin embargo, hay algunos apostadores experimentados que saben lo incre\u00edble que es el bote, adem\u00e1s de que las probabilidades de ganar el bote son mucho menores que las del Powerball de Estados Unidos, por ejemplo. Por lo tanto, si est\u00e1 buscando una loter\u00eda estadounidense que le ofrezca una mayor posibilidad de ganar el bote que otras loter\u00edas, entonces deber\u00eda echar un vistazo a Lotto America.<\/p>\n<p>Es cierto que Lotto America es una loter\u00eda basada en los Estados Unidos y por lo tanto, los boletos se venden en los Estados Unidos. Sin embargo, los jugadores pueden comprar sus billetes de esta loter\u00eda utilizando un sitio como jackpotlotteryonline.com. Compartiremos algunos detalles al respecto y tambi\u00e9n haremos nuestro mejor esfuerzo para responder a las preguntas frecuentes que se han hecho sobre Lotto America.<\/p>\n<p>Siga leyendo para aprender sobre Lotto America y c\u00f3mo navegar a trav\u00e9s del proceso de compra de boletos y cobrar sus ganancias.<\/p>\n<section class=\"layout\" style=\"border: solid 1px; width: 100%;\">\n<div class=\"img-div\" style=\"margin-top: 5px;\"><img decoding=\"async\" class=\"wp-image-17212 alignleft\" style=\"height: 45px; margin: 8px 8px 0px;\" src=\"https:\/\/jackpotlotteryonline.com\/wp-content\/uploads\/2022\/11\/read1.jpg\" alt=\"Leer \" width=\"\" height=\"\" \/><\/div>\n<div style=\"padding-left: 5px;\">\n<div style=\"font-size: 1.1em;\">\n<p><strong>Elegir los n\u00fameros ganadores de la loter\u00eda manualmente o utilizando un RNG<\/strong><\/p>\n<p style=\"font-size: 0.85em; margin-top: -1.5em;\">\u00bfC\u00f3mo generar n\u00fameros ganadores de loter\u00eda?\u00a0 <a href=\"https:\/\/jackpotlotteryonline.com\/es\/como-generar-numeros-ganadores-de-la-loteria\">Seguir leyendo<\/a><\/p>\n<\/div>\n<\/div>\n<\/section>\n<h2>Un poco sobre Lotto America<\/h2>\n<p><img loading=\"lazy\" decoding=\"async\" class=\"alignright size-full wp-image-29534\" src=\"https:\/\/jackpotlotteryonline.com\/wp-content\/uploads\/2022\/11\/1_results_lottery_online5.jpg\" alt=\"jugar a la loter\u00eda Am\u00e9rica online\" width=\"300\" height=\"200\" \/><\/p>\n<p>En comparaci\u00f3n con otras loter\u00edas del mundo, Lotto America es relativamente nueva. Se estableci\u00f3 en 2017 y solo ha estado funcionando durante 5 a\u00f1os y se cre\u00f3 para reemplazar a Hot Lotto, que estuvo plagado de muchos esc\u00e1ndalos. No te aburriremos con los detalles, basta con saber que en sus 5 a\u00f1os de funcionamiento, Lotto America ha estado libre de esc\u00e1ndalos.<\/p>\n<p>Lotto America es una loter\u00eda multiestatal, lo que significa que es ofrecida por varios estados de Am\u00e9rica. Los residentes de esos estados pueden comprar f\u00e1cilmente boletos para Lotto America entrando en cualquier vendedor de loter\u00eda del estado. Pero, \u00bfqu\u00e9 ocurre cuando se vive fuera de los Estados Unidos?<\/p>\n<p>Para los jugadores que viven fuera de los Estados Unidos y quieren participar en Lotto America, hay una soluci\u00f3n sencilla. Internet ha hecho posible que jugadores de todo el mundo participen en las principales loter\u00edas internacionales haciendo sus apuestas a trav\u00e9s de un vendedor de loter\u00eda online. A continuaci\u00f3n, compartiremos consejos sobre c\u00f3mo jugar a Lotto America en l\u00ednea.<\/p>\n<h2>Jugar a Lotto America en l\u00ednea<\/h2>\n<p>El primer paso para jugar a Lotto America online es identificar un sitio web que le permita <a href=\"https:\/\/jackpotlotteryonline.com\/es\/comprar-boletos\/lotto-america\">comprar los billetes<\/a>. Esto parece un poco obvio, pero ver\u00e1 en un minuto que no es tan sencillo como parece.<\/p>\n<p>La verdad es que hay varios sitios que dicen ofrecer a los jugadores la oportunidad de entrar en Lotto America. Pero s\u00f3lo ofrecen la oportunidad de apostar al resultado de la loter\u00eda. Si usted compra boletos en ese sitio, en realidad no ha entrado a Lotto America y aunque acierte todos los n\u00fameros sorteados, no ganar\u00e1 el premio mayor. Por lo tanto, la elecci\u00f3n del sitio que utilice es muy importante.<\/p>\n<p><strong>Una vez que se haya decidido por un sitio, siga los siguientes pasos:<\/strong><\/p>\n<ol>\n<li>Visite el sitio que desea utilizar y haga clic en Lotto America<\/li>\n<li>Elija 5 n\u00fameros de un rango de 1 a 52 (si no est\u00e1 seguro de qu\u00e9 n\u00fameros utilizar, pruebe el generador autom\u00e1tico de n\u00fameros)<\/li>\n<li>A continuaci\u00f3n, elija un n\u00famero de bonificaci\u00f3n (la bola estrella) del 1 al 10<\/li>\n<li>Compre l\u00edneas de n\u00fameros adicionales para tener m\u00e1s posibilidades de ganar<\/li>\n<li><a href=\"https:\/\/jackpotlotteryonline.com\/es\/numeros-ganadores\/lotto-america\">Participe en los sorteos<\/a> (puede participar en m\u00e1s de un sorteo)<\/li>\n<li>Reg\u00edstrese y pague sus participaciones.<\/li>\n<\/ol>\n<h2>\u00bfEn qu\u00e9 consiste el servicio de suscripci\u00f3n?<\/h2>\n<p>Si utiliza un sitio como el nuestro, existe lo que llamamos un servicio de suscripci\u00f3n que permite apostar sin problemas y sin estr\u00e9s. Aunque est\u00e1 perfectamente bien ser un jugador de una sola vez (si eso es lo que prefiere), la mayor\u00eda de los apostadores juegan a menudo. La mejor manera de ganar la Loto Am\u00e9rica es apostar regularmente y de eso se trata este servicio.<\/p>\n<p>Puede configurarlo para que se le inscriba autom\u00e1ticamente en futuros sorteos. Lotto America tiene 3 d\u00edas de sorteo cada semana: Lunes, mi\u00e9rcoles y s\u00e1bados. Seamos honestos, puede ser un poco cansado tratar de recordar comprar los boletos para cada sorteo, pero para eso estamos aqu\u00ed.<\/p>\n<p>Una vez que haya configurado el servicio de suscripci\u00f3n, podr\u00e1 relajarse y saber que no tendr\u00e1 que perderse ning\u00fan sorteo de Lotto America.<\/p>\n<h2>Acerca de nuestros servicios de conserjer\u00eda<\/h2>\n<p>Hemos mencionado los peligros de utilizar cualquier sitio en Internet para jugar a Lotto America. Pero, \u00bfc\u00f3mo sabe que est\u00e1 entrando en Lotto America cuando juega en nuestro sitio? Bueno, es simple. Ofrecemos un servicio que le ayuda a comprar su billete en el pa\u00eds donde se juega la loter\u00eda. Tambi\u00e9n facilitamos sus reclamaciones cuando gana. B\u00e1sicamente, puede pensar en nosotros como un servicio de conserjer\u00eda para jugadores de loter\u00eda.<\/p>\n<p>Cuando usted juega a Lotto America en nuestro sitio, esto es lo que sucede. Una vez que usted elige sus n\u00fameros y realiza el pago, nuestro agente en los Estados Unidos comprar\u00e1 un billete f\u00edsico usando sus n\u00fameros. Este ser\u00e1 para el sorteo que usted ha elegido, por supuesto. Ese boleto se escanea y se carga en su cuenta.<\/p>\n<p>Esta es una forma perfectamente legal de jugar a Lotto America desde cualquier parte del mundo. Adem\u00e1s, le asegura que usted est\u00e1 realmente inscrito en la loter\u00eda de su elecci\u00f3n.<\/p>\n<h2>Comprobaci\u00f3n de los sorteos<\/h2>\n<p><img loading=\"lazy\" decoding=\"async\" class=\"alignright size-full wp-image-30506\" src=\"https:\/\/jackpotlotteryonline.com\/wp-content\/uploads\/2022\/11\/3_screen_buy_lotto_tickets_online.jpg\" alt=\"Sorteos de Lotto Am\u00e9rica\" width=\"300\" height=\"217\" \/><\/p>\n<p>Lotto America tiene tres d\u00edas de sorteo a la semana, lunes, mi\u00e9rcoles y s\u00e1bado. Durante los sorteos se anuncia el boleto ganador. Para ganar el bote, su boleto deber\u00e1 coincidir con los seis n\u00fameros sorteados. Los premios del bote de Lotto America comienzan en 2 millones de d\u00f3lares y pueden acumularse si no hay ganador despu\u00e9s de un sorteo.<\/p>\n<p>Dado que se renueva despu\u00e9s de cada sorteo (si no hay ganador), puede llegar a ser de hasta 18 millones de d\u00f3lares. Es una buena suma para ganar, \u00bfverdad?<\/p>\n<p>Despu\u00e9s de cada sorteo, puede consultar nuestro sitio web para saber si ha ganado un premio. Lotto America tiene 9 categor\u00edas de premios diferentes y si gana alg\u00fan premio, le enviaremos un correo electr\u00f3nico avis\u00e1ndole.<\/p>\n<h2>C\u00f3mo reclamar sus premios<\/h2>\n<p>Una pregunta que escuchamos a menudo de los apostadores es c\u00f3mo acceder a sus ganancias cuando ingresan a Lotto America online. Si compra boletos de Lotto America a trav\u00e9s de nuestro sitio, le ofrecemos un m\u00e9todo simple y sin complicaciones para reclamar sus ganancias. Las ganancias que sean de 2500 euros ser\u00e1n acreditadas en su cuenta y luego podr\u00e1 retirarlas sin costo adicional.<\/p>\n<p>Si gana una suma m\u00e1s importante, el procedimiento es ligeramente diferente. Le proporcionaremos un formulario de reclamaciones para que lo rellene y, una vez hecho esto, procesaremos la reclamaci\u00f3n por usted. El motivo es que tendr\u00e1 que identificarse. Adem\u00e1s, es posible que algunas empresas de loter\u00eda necesiten que se presente en persona para cobrar sumas mayores. Si esto ocurre, se lo haremos saber inmediatamente.<\/p>\n<h2>Compre billetes en Lotto America con nosotros<\/h2>\n<p>Hemos pasado a\u00f1os aprovechando la tecnolog\u00eda moderna y extrayendo una amplia experiencia para ofrecer un lugar donde los jugadores puedan comprar billetes de forma segura. Usted puede f\u00e1cilmente comprar billetes para Lotto America o para cualquiera de las loter\u00edas internacionales que tenemos en nuestro sitio.<\/p>\n<p>\u00bfPor qu\u00e9 no comprar su billete con nosotros hoy mismo entrando en Lotto America? Nosotros nos encargamos de los detalles para que usted pueda hacer lo que m\u00e1s le gusta. Visite jackpotlotteryonline.com para m\u00e1s informaci\u00f3n.<\/p>\n","protected":false},"excerpt":{"rendered":"<p>Quieres aprender a apostar a Lotto America desde cualquier parte del mundo? Estados Unidos cuenta con algunas de las mayores loter\u00edas del mundo, como la Lotto America. Curiosamente, esta es tambi\u00e9n una loter\u00eda que a menudo se pasa por alto en favor de sus primos mucho m\u00e1s grandes, Powerball y Mega Millions. Sin embargo, hay [&hellip;]<\/p>\n","protected":false},"author":1,"featured_media":0,"parent":35723,"menu_order":13,"comment_status":"closed","ping_status":"closed","template":"lotto-america.php","meta":{"_et_pb_use_builder":"","_et_pb_old_content":"","_et_gb_content_width":"","exclude_from_search":false,"footnotes":""},"class_list":["post-39335","page","type-page","status-publish","hentry"],"yoast_head":"<!-- This site is optimized with the Yoast SEO plugin v23.3 - https:\/\/yoast.com\/wordpress\/plugins\/seo\/ -->\n<title>Jugar a la Loter\u00eda de Am\u00e9rica en l\u00ednea<\/title>\n<meta name=\"robots\" content=\"index, follow, max-snippet:-1, max-image-preview:large, max-video-preview:-1\" \/>\n<link rel=\"canonical\" href=\"https:\/\/jackpotlotteryonline.com\/es\/como-se-juega\/lotto-america\/\" \/>\n<meta property=\"og:locale\" content=\"es_ES\" \/>\n<meta property=\"og:type\" content=\"article\" \/>\n<meta property=\"og:title\" content=\"Jugar a la Loter\u00eda de Am\u00e9rica en l\u00ednea\" \/>\n<meta property=\"og:description\" content=\"Quieres aprender a apostar a Lotto America desde cualquier parte del mundo? Estados Unidos cuenta con algunas de las mayores loter\u00edas del mundo, como la Lotto America. Curiosamente, esta es tambi\u00e9n una loter\u00eda que a menudo se pasa por alto en favor de sus primos mucho m\u00e1s grandes, Powerball y Mega Millions. Sin embargo, hay [&hellip;]\" \/>\n<meta property=\"og:url\" content=\"https:\/\/jackpotlotteryonline.com\/es\/como-se-juega\/lotto-america\/\" \/>\n<meta property=\"og:site_name\" content=\"Lotto Online - Crack The International Lottery Jackpots\" \/>\n<meta property=\"article:modified_time\" content=\"2024-07-07T10:04:21+00:00\" \/>\n<meta property=\"og:image\" content=\"https:\/\/jackpotlotteryonline.com\/wp-content\/uploads\/2022\/11\/read1.jpg\" \/>\n<meta name=\"twitter:card\" content=\"summary_large_image\" \/>\n<meta name=\"twitter:label1\" content=\"Tiempo de lectura\" \/>\n\t<meta name=\"twitter:data1\" content=\"7 minutos\" \/>\n<!-- \/ Yoast SEO plugin. -->","yoast_head_json":{"title":"Jugar a la Loter\u00eda de Am\u00e9rica en l\u00ednea","robots":{"index":"index","follow":"follow","max-snippet":"max-snippet:-1","max-image-preview":"max-image-preview:large","max-video-preview":"max-video-preview:-1"},"canonical":"https:\/\/jackpotlotteryonline.com\/es\/como-se-juega\/lotto-america\/","og_locale":"es_ES","og_type":"article","og_title":"Jugar a la Loter\u00eda de Am\u00e9rica en l\u00ednea","og_description":"Quieres aprender a apostar a Lotto America desde cualquier parte del mundo? Estados Unidos cuenta con algunas de las mayores loter\u00edas del mundo, como la Lotto America. Curiosamente, esta es tambi\u00e9n una loter\u00eda que a menudo se pasa por alto en favor de sus primos mucho m\u00e1s grandes, Powerball y Mega Millions. Sin embargo, hay [&hellip;]","og_url":"https:\/\/jackpotlotteryonline.com\/es\/como-se-juega\/lotto-america\/","og_site_name":"Lotto Online - Crack The International Lottery Jackpots","article_modified_time":"2024-07-07T10:04:21+00:00","og_image":[{"url":"https:\/\/jackpotlotteryonline.com\/wp-content\/uploads\/2022\/11\/read1.jpg"}],"twitter_card":"summary_large_image","twitter_misc":{"Tiempo de lectura":"7 minutos"},"schema":{"@context":"https:\/\/schema.org","@graph":[{"@type":"WebPage","@id":"https:\/\/jackpotlotteryonline.com\/es\/como-se-juega\/lotto-america\/","url":"https:\/\/jackpotlotteryonline.com\/es\/como-se-juega\/lotto-america\/","name":"Jugar a la Loter\u00eda de Am\u00e9rica en l\u00ednea","isPartOf":{"@id":"https:\/\/jackpotlotteryonline.com\/#website"},"primaryImageOfPage":{"@id":"https:\/\/jackpotlotteryonline.com\/es\/como-se-juega\/lotto-america\/#primaryimage"},"image":{"@id":"https:\/\/jackpotlotteryonline.com\/es\/como-se-juega\/lotto-america\/#primaryimage"},"thumbnailUrl":"https:\/\/jackpotlotteryonline.com\/wp-content\/uploads\/2022\/11\/read1.jpg","datePublished":"2022-11-23T11:28:55+00:00","dateModified":"2024-07-07T10:04:21+00:00","breadcrumb":{"@id":"https:\/\/jackpotlotteryonline.com\/es\/como-se-juega\/lotto-america\/#breadcrumb"},"inLanguage":"es","potentialAction":[{"@type":"ReadAction","target":["https:\/\/jackpotlotteryonline.com\/es\/como-se-juega\/lotto-america\/"]}]},{"@type":"ImageObject","inLanguage":"es","@id":"https:\/\/jackpotlotteryonline.com\/es\/como-se-juega\/lotto-america\/#primaryimage","url":"https:\/\/jackpotlotteryonline.com\/wp-content\/uploads\/2022\/11\/read1.jpg","contentUrl":"https:\/\/jackpotlotteryonline.com\/wp-content\/uploads\/2022\/11\/read1.jpg"},{"@type":"BreadcrumbList","@id":"https:\/\/jackpotlotteryonline.com\/es\/como-se-juega\/lotto-america\/#breadcrumb","itemListElement":[{"@type":"ListItem","position":1,"name":"Home","item":"https:\/\/jackpotlotteryonline.com\/es\/"},{"@type":"ListItem","position":2,"name":"C\u00f3mo se juega","item":"https:\/\/jackpotlotteryonline.com\/es\/como-se-juega\/"},{"@type":"ListItem","position":3,"name":"Jugar a la Loter\u00eda de Am\u00e9rica en l\u00ednea"}]},{"@type":"WebSite","@id":"https:\/\/jackpotlotteryonline.com\/#website","url":"https:\/\/jackpotlotteryonline.com\/","name":"Lotto Online - Crack The International Lottery Jackpots","description":"","potentialAction":[{"@type":"SearchAction","target":{"@type":"EntryPoint","urlTemplate":"https:\/\/jackpotlotteryonline.com\/?s={search_term_string}"},"query-input":"required name=search_term_string"}],"inLanguage":"es"}]}},"_links":{"self":[{"href":"https:\/\/jackpotlotteryonline.com\/es\/wp-json\/wp\/v2\/pages\/39335","targetHints":{"allow":["GET"]}}],"collection":[{"href":"https:\/\/jackpotlotteryonline.com\/es\/wp-json\/wp\/v2\/pages"}],"about":[{"href":"https:\/\/jackpotlotteryonline.com\/es\/wp-json\/wp\/v2\/types\/page"}],"author":[{"embeddable":true,"href":"https:\/\/jackpotlotteryonline.com\/es\/wp-json\/wp\/v2\/users\/1"}],"replies":[{"embeddable":true,"href":"https:\/\/jackpotlotteryonline.com\/es\/wp-json\/wp\/v2\/comments?post=39335"}],"version-history":[{"count":0,"href":"https:\/\/jackpotlotteryonline.com\/es\/wp-json\/wp\/v2\/pages\/39335\/revisions"}],"up":[{"embeddable":true,"href":"https:\/\/jackpotlotteryonline.com\/es\/wp-json\/wp\/v2\/pages\/35723"}],"wp:attachment":[{"href":"https:\/\/jackpotlotteryonline.com\/es\/wp-json\/wp\/v2\/media?parent=39335"}],"curies":[{"name":"wp","href":"https:\/\/api.w.org\/{rel}","templated":true}]}}