{"id":39513,"date":"2022-11-28T06:12:37","date_gmt":"2022-11-28T06:12:37","guid":{"rendered":"https:\/\/jackpotlotteryonline.com\/?page_id=39513"},"modified":"2023-01-03T17:47:46","modified_gmt":"2023-01-03T17:47:46","slug":"mega-sena-2","status":"publish","type":"page","link":"https:\/\/jackpotlotteryonline.com\/es\/como-se-juega\/mega-sena-2\/","title":{"rendered":"Jugar a la loter\u00eda Mega-Sena online"},"content":{"rendered":"<p>Quieres comprar billetes de la loter\u00eda Mega-Sena desde cualquier parte del mundo? Mega-Sena es la loter\u00eda m\u00e1s grande de Brasil y funciona desde 1996. Millones de aficionados a la loter\u00eda en Brasil se apresuran a comprar boletos de Mega-Sena antes de cada sorteo y ahora, los jugadores de todo el mundo tambi\u00e9n pueden participar en la oportunidad de ganar millones de reales.<\/p>\n<p>Tal vez una de las razones por las que Mega-Sena es tan popular es que es operada por un banco, que es el mayor banco de propiedad del gobierno en Brasil. Debe haber algo reconfortante y fiable en comprar boletos para una loter\u00eda que pertenece a un banco.<\/p>\n<p>Para los que viven fuera de Brasil, entrar en la loter\u00eda Mega-Sena ya no es un deseo inalcanzable. No importa d\u00f3nde vivas, puedes acceder a la Mega-Sena, siempre que seas mayor de edad, por supuesto. Si quieres saber c\u00f3mo puedes acceder a los billetes de la loter\u00eda brasile\u00f1a, sigue leyendo.<\/p>\n<p>Mega-Sena no es la \u00fanica loter\u00eda a la que puedes jugar desde cualquier lugar. Vis\u00edtenos en jackpotlotteryonline.com para saber m\u00e1s sobre las principales loter\u00edas internacionales a las que puede acceder.<\/p>\n<h2>C\u00f3mo jugar a la Mega-Sena en l\u00ednea<\/h2>\n<p>Ya sea que est\u00e9 en Brasil o a un continente de distancia, puede jugar a la Mega-Sena. La manera de hacerlo es <a href=\"https:\/\/jackpotlotteryonline.com\/es\/comprar-boletos\/mega-sena\">comprando boletos en l\u00ednea<\/a> a trav\u00e9s de nosotros. Nosotros le damos a los usuarios acceso a loter\u00edas de todo el mundo, incluyendo la Mega-Sena. Si utiliza nuestro sitio para jugar a la Mega-Sena, le ofrecemos un proceso sencillo para una experiencia sin estr\u00e9s.<\/p>\n<p>El primer paso es visitar nuestro sitio web, y luego hacer clic en el enlace a la loter\u00eda Mega-Sena. A continuaci\u00f3n, tiene que elegir 6 n\u00fameros de un rango de 1 a 60. Puede elegir hasta 6 series de n\u00fameros para cada sorteo para aumentar sus posibilidades de ganar el bote. Una vez que haya elegido sus n\u00fameros, elija los d\u00edas del sorteo y complete el proceso.<\/p>\n<p>Al jugar en l\u00ednea, es esencial utilizar un servicio que le d\u00e9 acceso a la Mega-Sena. Muchos sitios lo prometen, pero cuando lea la letra peque\u00f1a, descubrir\u00e1 que s\u00f3lo le permiten apostar al resultado de la loter\u00eda. Si usted compra billetes de Mega-Sena en nuestro sitio, nos aseguraremos de que usted entre en Mega-Sena y si su billete coincide con los n\u00fameros sorteados, entonces usted gana.<\/p>\n<h2>Como ganar la Mega-Sena<\/h2>\n<p><img loading=\"lazy\" decoding=\"async\" class=\"size-medium wp-image-28319 alignright\" src=\"http:\/\/jackpotlotteryonline.com\/wp-content\/uploads\/2022\/11\/1_mega_lottery_jackpot-300x207.jpg\" alt=\"Ganar la loter\u00eda Mega-Sena\" width=\"300\" height=\"207\" srcset=\"https:\/\/jackpotlotteryonline.com\/wp-content\/uploads\/2022\/11\/1_mega_lottery_jackpot-300x207.jpg 300w, https:\/\/jackpotlotteryonline.com\/wp-content\/uploads\/2022\/11\/1_mega_lottery_jackpot.jpg 320w\" sizes=\"auto, (max-width: 300px) 100vw, 300px\" \/><\/p>\n<p>Dinero que cae. Flying billetes verdes aislados en blanco, confeti de efectivo plana, concepto de ganar la loter\u00eda. Ilustraci\u00f3n vectorial banner ganando dinero de fondo<\/p>\n<p><a href=\"https:\/\/jackpotlotteryonline.com\/es\/numeros-ganadores\/mega-sena\">Ganar la Mega-Sena significa<\/a> que usted acierta los n\u00fameros sorteados. B\u00e1sicamente, hay 6 n\u00fameros que se sortean al azar de un total de 60 n\u00fameros posibles. Cualquier boleto que coincida con los 6 n\u00fameros sorteados gana el bote.<\/p>\n<p>Los sorteos de la Mega-Sena se realizan dos veces por semana, los mi\u00e9rcoles y los s\u00e1bados. Puede elegir en qu\u00e9 sorteo participar cuando compre sus boletos de la Mega-Sena. Tambi\u00e9n puede participar en varios sorteos. Eso es lo que hacen los mejores jugadores para asegurarse de tener el mayor n\u00famero de oportunidades de ganar el bote.<\/p>\n<p>Otra ventaja de usar nuestro sitio es que usted puede f\u00e1cilmente establecer un servicio de suscripci\u00f3n autom\u00e1tica para comprar boletos de Mega-Sena. Esto significa que usted no tiene que ingresar manualmente cada sorteo. Es f\u00e1cil olvidarse de esas cosas y pensar en lo mal que te sentir\u00edas si el sorteo en el que no entraste es el que podr\u00edas haber ganado. Config\u00farelo para que se le inscriba autom\u00e1ticamente en cada sorteo.<\/p>\n<h2>Bote de la Mega-Sena<\/h2>\n<p>El premio mayor comienza con 3 millones de reales y, si no hay ganador despu\u00e9s de un sorteo, aumenta. Y puede crecer bastante. Las probabilidades de ganar el bote son de 1 entre 50 millones, lo que es realmente bueno si se compara con otras loter\u00edas internacionales de primer orden.<\/p>\n<p>El mayor bote que se ha ganado en la Mega-Sena ha sido de unos 53 millones de euros. Esa es una cantidad que cambia la vida desde cualquier punto de vista. Y el bote m\u00e1s alto de la Mega-Sena fue la friolera de 73 millones de euros.<\/p>\n<p>Aunque el bote de Mega-Sena no asciende a miles de millones de d\u00f3lares, no hay duda de que un jugador puede ganar a lo grande con esta loter\u00eda. Si usted ha estado sentado en la valla sobre esta loter\u00eda, ahora es el momento de saltar y comprar un billete.<\/p>\n<h2>Premios que puede ganar<\/h2>\n<p>Hemos hablado extensamente del bote de la Mega-Sena, que es el premio m\u00e1ximo que cualquier jugador puede ganar al participar en este juego de loter\u00eda. Sin embargo, el bote no es el \u00fanico premio que pueden ganar los aficionados a la Mega-Sena.<\/p>\n<p>Mega-Sena tiene un total de 3 niveles de premios, incluyendo el bote. Sin embargo, es un poco dif\u00edcil decir exactamente a cu\u00e1nto ascender\u00e1n los premios, ya que se asigna un porcentaje de la bolsa de premios a cada nivel. A continuaci\u00f3n, descubre los niveles de premios.<\/p>\n<p>Bote &#8211; Sena: Acierta 6 n\u00fameros &#8211; 35% de la bolsa de premios<\/p>\n<p>Nivel 2 &#8211; Quina: Acierta 5 n\u00fameros &#8211; 19% de la bolsa de premios<\/p>\n<p>Nivel 3 &#8211; Quadra: Acierta 4 n\u00fameros &#8211; 19% de la bolsa de premios<\/p>\n<h2>Mega da virada<\/h2>\n<p>\u00bfQu\u00e9 es la mega da virada? Si alguna vez has investigado para jugar a la Mega-Sena, te habr\u00e1s encontrado con la mega da virada. \u00bfEs otro juego o una categor\u00eda de premios? Pues no es ninguna de las dos cosas. En cambio, es una parte de la loter\u00eda Mega-Sena, pero es un sorteo especial que se celebra cada a\u00f1o en la v\u00edspera de A\u00f1o Nuevo.<\/p>\n<p>La mega da virada es una de las que atrae a los apostantes m\u00e1s veteranos por lo grande que suele ser el bote. El bote de 2022 asciende a la friolera de 450 millones de reales y se dice que es el mayor premio de la historia de la Mega-Sena. No es de extra\u00f1ar que los entusiastas de la loter\u00eda se apresuren a comprar entradas para este sorteo.<\/p>\n<p>Usted puede participar en la mega da virada aqu\u00ed mismo en nuestro sitio. No tienes que pasar por aros y bucles s\u00f3lo para entrar en la mega da virada. Te contaremos un secreto: la mega da virada es en realidad Mega-Sena, pero es el \u00faltimo sorteo del a\u00f1o. Eso es todo. As\u00ed que participa en el sorteo de la Mega-Sena del 31 de diciembre para tener la oportunidad de ganar a lo grande.<\/p>\n<h2>La verdad sobre jugar a la loter\u00eda Mega-Sena online<\/h2>\n<p><img loading=\"lazy\" decoding=\"async\" class=\"alignright size-medium wp-image-32000\" src=\"http:\/\/jackpotlotteryonline.com\/wp-content\/uploads\/2022\/11\/1_mega_lotto_ticket-213x300.jpg\" alt=\"Boleto de loter\u00eda Mega-Sena online\" width=\"213\" height=\"300\" srcset=\"https:\/\/jackpotlotteryonline.com\/wp-content\/uploads\/2022\/11\/1_mega_lotto_ticket-213x300.jpg 213w, https:\/\/jackpotlotteryonline.com\/wp-content\/uploads\/2022\/11\/1_mega_lotto_ticket.jpg 320w\" sizes=\"auto, (max-width: 213px) 100vw, 213px\" \/><\/p>\n<p>Bien, nos gustar\u00eda tomarnos unos minutos para darte algunos consejos sobre c\u00f3mo jugar a la Mega-Sena en Internet. Antes de comprar un billete a la Mega-Sena, tiene que estar seguro de que va a entrar en la loter\u00eda. La mejor manera es averiguar si el sitio act\u00faa como un agente. Esto significa que tienen agentes en Brasil que comprar\u00e1n boletos f\u00edsicos de Mega-Sena.<\/p>\n<p>Otra cosa a tener en cuenta sobre este juego es que es un juego de n\u00fameros. B\u00e1sicamente, todo tiene que ver con la suerte que tengas. Sin embargo, hay algunas maneras de ayudar a la suerte y aumentar sus posibilidades de ganar. Una forma es comprar varias entradas.<\/p>\n<p>La Mega-Sena tiene muy buenas probabilidades para los jugadores, as\u00ed que cuantos m\u00e1s boletos compres, m\u00e1s posibilidades tendr\u00e1s de ganar la loter\u00eda. Lo mismo ocurre con la participaci\u00f3n en varios sorteos. Siempre es un buen plan de juego participar en varios sorteos.<\/p>\n<h2>Por qu\u00e9 deber\u00eda jugar a la loter\u00eda con nosotros<\/h2>\n<p>Hay varios sitios de loter\u00eda que le ofrecen la oportunidad de jugar a la loter\u00eda Mega-Sena. \u00bfPor qu\u00e9 deber\u00eda elegirnos a nosotros?<\/p>\n<ul>\n<li>Somos un sitio de conserjer\u00eda con agentes de loter\u00eda en todo el mundo. Cuando usted compra un billete de Mega-Sena con nosotros, nuestros agentes en Brasil comprar\u00e1n un billete con los n\u00fameros que usted elija. De esta manera se asegura su participaci\u00f3n en el sorteo de la Mega-Sena.<\/li>\n<li>Usted puede retirar sus ganancias (hasta una determinada cantidad) desde nuestro sitio. Independientemente de la cantidad que gane, no cobramos ninguna comisi\u00f3n.<\/li>\n<li>Al comprar boletos en nuestro sitio, no tiene que preocuparse por perderse los sorteos. Publicamos los resultados de los sorteos en nuestro sitio y si gana alg\u00fan premio, le enviaremos un correo electr\u00f3nico.<\/li>\n<li>Aqu\u00ed est\u00e1 seguro. Hacemos todo lo posible para proteger su billete para que nunca tenga que preocuparse de perderlo.<\/li>\n<\/ul>\n<p>B\u00e1sicamente, comprar sus billetes de loter\u00eda con nosotros significa que est\u00e1 asegurando su tranquilidad. No queremos que se preocupe por los detalles, as\u00ed que deje que nosotros nos encarguemos de eso mientras usted se concentra en lo que es importante.<\/p>\n<section class=\"layout\" style=\"border: solid 1px; width: 100%;\">\n<div class=\"img-div\" style=\"margin-top: 5px;\"><img decoding=\"async\" class=\"wp-image-17212 alignleft\" style=\"height: 45px; margin: 8px 8px 0px;\" src=\"http:\/\/jackpotlotteryonline.com\/wp-content\/uploads\/2022\/11\/read1.jpg\" alt=\"Leer \" width=\"\" height=\"\" \/><\/div>\n<div style=\"padding-left: 5px;\">\n<div style=\"font-size: 1.1em;\">\n<p><strong>Impuestos sobre los premios de loter\u00eda<\/strong><\/p>\n<p style=\"font-size: 0.85em; margin-top: -1.5em;\">\u00bfTengo que pagar impuestos por la loter\u00eda?\u00a0<a href=\"https:\/\/jackpotlotteryonline.com\/es\/tengo-que-pagar-impuestos-por-la-loteria\"> Seguir leyendo<\/a><\/p>\n<\/div>\n<\/div>\n<\/section>\n<h2>Reg\u00edstrese con nosotros para jugar a la Mega-Sena online<\/h2>\n<p>\u00bfEst\u00e1 listo para entrar en el juego de la loter\u00eda Mega-Sena? No busque m\u00e1s, simplemente reg\u00edstrese con nosotros para empezar. Una vez que se haya registrado, tendr\u00e1 acceso a las mejores loter\u00edas internacionales, incluyendo Mega-Sena. La mejor parte es que sus ganancias son seguras cuando juega con nosotros; puede retirar lo que gana.<\/p>\n<p>Nos complace ofrecer varias opciones a nuestros clientes. \u00bfPor qu\u00e9 limitarse a una sola loter\u00eda cuando puede jugar a m\u00e1s de dos docenas de juegos diferentes? En nuestro sitio encontrar\u00e1 los mejores juegos, como el Powerball de Estados Unidos, La Primitiva y el Eurojackpot. Todos los juegos de nuestro sitio son f\u00e1ciles de ingresar.<\/p>\n<p>Es hora de dejar de sentarse en la valla. Si quiere ganar a lo grande, reg\u00edstrese hoy mismo en Mega-Sena. El pr\u00f3ximo sorteo podr\u00eda ser el golpe de suerte que ha estado esperando. Dir\u00edjase a nuestro sitio ahora y elija entre una gran variedad de loter\u00edas. No olvides planificar con antelaci\u00f3n la mega da virada.<\/p>\n","protected":false},"excerpt":{"rendered":"<p>Quieres comprar billetes de la loter\u00eda Mega-Sena desde cualquier parte del mundo? Mega-Sena es la loter\u00eda m\u00e1s grande de Brasil y funciona desde 1996. Millones de aficionados a la loter\u00eda en Brasil se apresuran a comprar boletos de Mega-Sena antes de cada sorteo y ahora, los jugadores de todo el mundo tambi\u00e9n pueden participar en [&hellip;]<\/p>\n","protected":false},"author":1,"featured_media":0,"parent":35723,"menu_order":15,"comment_status":"closed","ping_status":"closed","template":"megasena.php","meta":{"_et_pb_use_builder":"","_et_pb_old_content":"","_et_gb_content_width":"","exclude_from_search":false,"footnotes":""},"class_list":["post-39513","page","type-page","status-publish","hentry"],"yoast_head":"<!-- This site is optimized with the Yoast SEO plugin v23.3 - https:\/\/yoast.com\/wordpress\/plugins\/seo\/ -->\n<title>Comprar boletos de Mega-Sena en l\u00ednea<\/title>\n<meta name=\"description\" content=\"Puedes comprar boletos de la loter\u00eda Mega-Sena online. Conoce c\u00f3mo jugar y cobrar tus ganancias aqu\u00ed mismo.\" \/>\n<meta name=\"robots\" content=\"index, follow, max-snippet:-1, max-image-preview:large, max-video-preview:-1\" \/>\n<link rel=\"canonical\" href=\"https:\/\/jackpotlotteryonline.com\/es\/como-se-juega\/mega-sena-2\/\" \/>\n<meta property=\"og:locale\" content=\"es_ES\" \/>\n<meta property=\"og:type\" content=\"article\" \/>\n<meta property=\"og:title\" content=\"Comprar boletos de Mega-Sena en l\u00ednea\" \/>\n<meta property=\"og:description\" content=\"Puedes comprar boletos de la loter\u00eda Mega-Sena online. Conoce c\u00f3mo jugar y cobrar tus ganancias aqu\u00ed mismo.\" \/>\n<meta property=\"og:url\" content=\"https:\/\/jackpotlotteryonline.com\/es\/como-se-juega\/mega-sena-2\/\" \/>\n<meta property=\"og:site_name\" content=\"Lotto Online - Crack The International Lottery Jackpots\" \/>\n<meta property=\"article:modified_time\" content=\"2023-01-03T17:47:46+00:00\" \/>\n<meta property=\"og:image\" content=\"http:\/\/jackpotlotteryonline.com\/wp-content\/uploads\/2022\/11\/1_mega_lottery_jackpot-300x207.jpg\" \/>\n<meta name=\"twitter:card\" content=\"summary_large_image\" \/>\n<meta name=\"twitter:label1\" content=\"Tiempo de lectura\" \/>\n\t<meta name=\"twitter:data1\" content=\"8 minutos\" \/>\n<!-- \/ Yoast SEO plugin. -->","yoast_head_json":{"title":"Comprar boletos de Mega-Sena en l\u00ednea","description":"Puedes comprar boletos de la loter\u00eda Mega-Sena online. Conoce c\u00f3mo jugar y cobrar tus ganancias aqu\u00ed mismo.","robots":{"index":"index","follow":"follow","max-snippet":"max-snippet:-1","max-image-preview":"max-image-preview:large","max-video-preview":"max-video-preview:-1"},"canonical":"https:\/\/jackpotlotteryonline.com\/es\/como-se-juega\/mega-sena-2\/","og_locale":"es_ES","og_type":"article","og_title":"Comprar boletos de Mega-Sena en l\u00ednea","og_description":"Puedes comprar boletos de la loter\u00eda Mega-Sena online. Conoce c\u00f3mo jugar y cobrar tus ganancias aqu\u00ed mismo.","og_url":"https:\/\/jackpotlotteryonline.com\/es\/como-se-juega\/mega-sena-2\/","og_site_name":"Lotto Online - Crack The International Lottery Jackpots","article_modified_time":"2023-01-03T17:47:46+00:00","og_image":[{"url":"http:\/\/jackpotlotteryonline.com\/wp-content\/uploads\/2022\/11\/1_mega_lottery_jackpot-300x207.jpg"}],"twitter_card":"summary_large_image","twitter_misc":{"Tiempo de lectura":"8 minutos"},"schema":{"@context":"https:\/\/schema.org","@graph":[{"@type":"WebPage","@id":"https:\/\/jackpotlotteryonline.com\/es\/como-se-juega\/mega-sena-2\/","url":"https:\/\/jackpotlotteryonline.com\/es\/como-se-juega\/mega-sena-2\/","name":"Comprar boletos de Mega-Sena en l\u00ednea","isPartOf":{"@id":"https:\/\/jackpotlotteryonline.com\/#website"},"primaryImageOfPage":{"@id":"https:\/\/jackpotlotteryonline.com\/es\/como-se-juega\/mega-sena-2\/#primaryimage"},"image":{"@id":"https:\/\/jackpotlotteryonline.com\/es\/como-se-juega\/mega-sena-2\/#primaryimage"},"thumbnailUrl":"http:\/\/jackpotlotteryonline.com\/wp-content\/uploads\/2022\/11\/1_mega_lottery_jackpot-300x207.jpg","datePublished":"2022-11-28T06:12:37+00:00","dateModified":"2023-01-03T17:47:46+00:00","description":"Puedes comprar boletos de la loter\u00eda Mega-Sena online. Conoce c\u00f3mo jugar y cobrar tus ganancias aqu\u00ed mismo.","breadcrumb":{"@id":"https:\/\/jackpotlotteryonline.com\/es\/como-se-juega\/mega-sena-2\/#breadcrumb"},"inLanguage":"es","potentialAction":[{"@type":"ReadAction","target":["https:\/\/jackpotlotteryonline.com\/es\/como-se-juega\/mega-sena-2\/"]}]},{"@type":"ImageObject","inLanguage":"es","@id":"https:\/\/jackpotlotteryonline.com\/es\/como-se-juega\/mega-sena-2\/#primaryimage","url":"http:\/\/jackpotlotteryonline.com\/wp-content\/uploads\/2022\/11\/1_mega_lottery_jackpot-300x207.jpg","contentUrl":"http:\/\/jackpotlotteryonline.com\/wp-content\/uploads\/2022\/11\/1_mega_lottery_jackpot-300x207.jpg"},{"@type":"BreadcrumbList","@id":"https:\/\/jackpotlotteryonline.com\/es\/como-se-juega\/mega-sena-2\/#breadcrumb","itemListElement":[{"@type":"ListItem","position":1,"name":"Home","item":"https:\/\/jackpotlotteryonline.com\/es\/"},{"@type":"ListItem","position":2,"name":"C\u00f3mo se juega","item":"https:\/\/jackpotlotteryonline.com\/es\/como-se-juega\/"},{"@type":"ListItem","position":3,"name":"Jugar a la loter\u00eda Mega-Sena online"}]},{"@type":"WebSite","@id":"https:\/\/jackpotlotteryonline.com\/#website","url":"https:\/\/jackpotlotteryonline.com\/","name":"Lotto Online - Crack The International Lottery Jackpots","description":"","potentialAction":[{"@type":"SearchAction","target":{"@type":"EntryPoint","urlTemplate":"https:\/\/jackpotlotteryonline.com\/?s={search_term_string}"},"query-input":"required name=search_term_string"}],"inLanguage":"es"}]}},"_links":{"self":[{"href":"https:\/\/jackpotlotteryonline.com\/es\/wp-json\/wp\/v2\/pages\/39513","targetHints":{"allow":["GET"]}}],"collection":[{"href":"https:\/\/jackpotlotteryonline.com\/es\/wp-json\/wp\/v2\/pages"}],"about":[{"href":"https:\/\/jackpotlotteryonline.com\/es\/wp-json\/wp\/v2\/types\/page"}],"author":[{"embeddable":true,"href":"https:\/\/jackpotlotteryonline.com\/es\/wp-json\/wp\/v2\/users\/1"}],"replies":[{"embeddable":true,"href":"https:\/\/jackpotlotteryonline.com\/es\/wp-json\/wp\/v2\/comments?post=39513"}],"version-history":[{"count":0,"href":"https:\/\/jackpotlotteryonline.com\/es\/wp-json\/wp\/v2\/pages\/39513\/revisions"}],"up":[{"embeddable":true,"href":"https:\/\/jackpotlotteryonline.com\/es\/wp-json\/wp\/v2\/pages\/35723"}],"wp:attachment":[{"href":"https:\/\/jackpotlotteryonline.com\/es\/wp-json\/wp\/v2\/media?parent=39513"}],"curies":[{"name":"wp","href":"https:\/\/api.w.org\/{rel}","templated":true}]}}