{"id":39565,"date":"2022-11-28T07:47:02","date_gmt":"2022-11-28T07:47:02","guid":{"rendered":"https:\/\/jackpotlotteryonline.com\/?page_id=39565"},"modified":"2023-01-03T18:09:38","modified_gmt":"2023-01-03T18:09:38","slug":"powerball-australia","status":"publish","type":"page","link":"https:\/\/jackpotlotteryonline.com\/es\/como-se-juega\/powerball-australia\/","title":{"rendered":"jugar al Powerball Australia online"},"content":{"rendered":"<p>Hay una raz\u00f3n por la que los entusiastas de la loter\u00eda de todo el mundo se apresuran a jugar al Powerball de Australia. El 2022 ha sido el a\u00f1o de los mega botes y hemos visto a varios jugadores ganar millones de d\u00f3lares de loter\u00edas internacionales. En todo esto, Powerball AU no ha sido una excepci\u00f3n, ya que el mayor bote de la historia, de 160 millones de d\u00f3lares australianos, se produjo en octubre de 2022. Con varios botes grandes ganados por titulares de boletos individuales, deber\u00edas considerar jugar a este Powerball.<\/p>\n<p>Curiosamente, este Powerball existe desde hace tiempo. El primer sorteo se celebr\u00f3 el 23 de mayo de 1996, por lo que tiene 25 a\u00f1os. Es cierto que si se compara con loter\u00edas como La Primitiva espa\u00f1ola, la Powerball de Oz es pr\u00e1cticamente una cr\u00eda. (La Primitiva se cre\u00f3 en 1763 y se puede participar en esa loter\u00eda en jackpotlotteryonline.com).<\/p>\n<p>Durante los \u00faltimos 25 a\u00f1os, la Powerball de Oz ha mantenido una reputaci\u00f3n de generosos pagos y de fervientes seguidores. Anteriormente, s\u00f3lo pod\u00edan acceder a ella los jugadores que viv\u00edan en el continente. Ahora, los jugadores de todo el mundo pueden jugar al Powerball AU en l\u00ednea desde la comodidad de sus ordenadores o dispositivos m\u00f3viles. Siga leyendo para saber c\u00f3mo puede jugar a esta loter\u00eda en l\u00ednea.<\/p>\n<h2>C\u00f3mo jugar al Powerball de Australia<\/h2>\n<p><img loading=\"lazy\" decoding=\"async\" class=\"alignright size-full wp-image-26402\" src=\"https:\/\/jackpotlotteryonline.com\/wp-content\/uploads\/2022\/11\/1_buy_online_ticket_powerball.jpg\" alt=\"Jugar al Powerball Australia online \" width=\"300\" height=\"194\" \/><\/p>\n<p>Una de las cosas sorprendentes de esta loter\u00eda es que tiene grandes probabilidades. Las probabilidades de ganar el premio gordo son de 1 en unos 76 millones. Sin embargo, hay otras divisiones que tienen fant\u00e1sticas probabilidades.<\/p>\n<p>Para jugar a esta Powerball, necesitar\u00edas elegir 7 n\u00fameros del 1 al 35 y un n\u00famero Powerball del 1 al 20. Es decir, un total de 8 n\u00fameros para cada l\u00ednea. Tenga en cuenta que tambi\u00e9n puede introducir varias l\u00edneas para aumentar sus probabilidades de ganar la loter\u00eda. Cuantas m\u00e1s l\u00edneas introduzca, mayores ser\u00e1n sus posibilidades de ganar.<\/p>\n<p>Una vez que haya elegido sus n\u00fameros, el siguiente paso es participar en los sorteos. Esta loter\u00eda s\u00f3lo tiene un d\u00eda de sorteo y es cada jueves por la noche. Como puede imaginar, las noches de los jueves est\u00e1n llenas de emoci\u00f3n para los jugadores del continente. T\u00fa tambi\u00e9n puedes unirte a la emoci\u00f3n jugando al Powerball.<\/p>\n<h2>\u00bfPor qu\u00e9 Powerball Australia?<\/h2>\n<p>Esta es una muy buena pregunta. Gracias a Internet, los entusiastas de la loter\u00eda de todo el mundo tienen una gran variedad de loter\u00edas en las que pueden participar. \u00bfPor qu\u00e9 considerar jugar a la Powerball de Oz? B\u00e1sicamente, con esta loter\u00eda, tienes la oportunidad de ganar millones sin tener que enfrentarte a probabilidades incre\u00edblemente altas.<\/p>\n<p>El problema con muchas de las otras loter\u00edas m\u00e1s populares en otras partes del mundo son las altas probabilidades. Por ejemplo, en la Powerball de Estados Unidos, las probabilidades de ganar esa loter\u00eda son de 1 en m\u00e1s de 200 millones. Si se compara con la probabilidad de 1 entre 76 millones de la Powerball de Oz, es f\u00e1cil ver por qu\u00e9 muchos apostadores se inclinan por \u00e9sta.<\/p>\n<section class=\"layout\" style=\"border: solid 1px; width: 100%;\">\n<div class=\"img-div\" style=\"margin-top: 5px;\"><img decoding=\"async\" class=\"wp-image-17212 alignleft\" style=\"height: 45px; margin: 8px 8px 0px;\" src=\"https:\/\/jackpotlotteryonline.com\/wp-content\/uploads\/2022\/11\/read1.jpg\" alt=\"Leer \" width=\"\" height=\"\" \/><\/div>\n<div style=\"padding-left: 5px;\">\n<div style=\"font-size: 1.1em;\">\n<p><strong>Estafas de loter\u00eda que debe conocer<\/strong><\/p>\n<p style=\"font-size: 0.85em; margin-top: -1.5em;\">No caiga en las trampas de la loter\u00eda\u00a0<a href=\"https:\/\/jackpotlotteryonline.com\/es\/cuidado-con-las-estafas-de-loteria-en-linea\"> Seguir leyendo<\/a><\/p>\n<\/div>\n<\/div>\n<\/section>\n<h2>Powerball de Australia y Powerball de EE.UU.: \u00bfen qu\u00e9 se diferencian?<\/h2>\n<p>Pero, \u00bfhay alguna diferencia entre el Powerball de Oz y el de Estados Unidos? Bueno, la primera y m\u00e1s obvia diferencia es el tama\u00f1o de los botes. Hay muy pocos botes en el mundo que se puedan comparar con el Powerball de Estados Unidos. Recientemente ha alcanzado la cifra de 2.000 millones de d\u00f3lares. Si juegas al Powerball de Oz, no conseguir\u00e1s nada parecido.<\/p>\n<p>De nuevo, la versi\u00f3n estadounidense tiene un rango de 1 a 69. Eso significa que se extraen 5 bolas de un barril con 69 bolas. La versi\u00f3n de Oz tiene 7 n\u00fameros extra\u00eddos de un barril con s\u00f3lo 35 bolas. Adem\u00e1s, la Powerball en EE.UU. se extrae de un barril con 26 bolas, mientras que en Australia es de 20 bolas.<\/p>\n<p>Si quiere una loter\u00eda en la que pueda ganar millones sin tener que lidiar con las altas probabilidades, entonces deber\u00eda jugar al Powerball australiano.<\/p>\n<h2>Jugar en l\u00ednea<\/h2>\n<p>As\u00ed que, ahora que sabes que puedes jugar a la Powerball de Oz desde cualquier lugar, aqu\u00ed tienes c\u00f3mo hacerlo.<\/p>\n<ul>\n<li>El primer paso es visitar un proveedor de loter\u00eda como jackpotlotteryonline.com e ir a la p\u00e1gina del Powerball australiano.<\/li>\n<li>A continuaci\u00f3n, elija sus n\u00fameros (puede utilizar el generador de n\u00fameros autom\u00e1tico para seleccionar los n\u00fameros al azar).<\/li>\n<li><a href=\"https:\/\/jackpotlotteryonline.com\/es\/numeros-ganadores\/powerball-australia\">Entre en el sorteo<\/a> y complete el proceso<\/li>\n<li>Ganar el bote<\/li>\n<\/ul>\n<p>El sorteo tiene lugar una vez a la semana, los jueves. Por lo tanto, cuando entra en el sorteo, el siguiente paso es esperar los resultados. Cualquier boleto que coincida con los 8 n\u00fameros sorteados gana el bote.<\/p>\n<p>Hay otros premios por acertar diferentes n\u00fameros, incluido un premio por acertar s\u00f3lo 2 n\u00fameros y el n\u00famero de bonificaci\u00f3n.<\/p>\n<h2>Premios que puede ganar<\/h2>\n<p><img loading=\"lazy\" decoding=\"async\" class=\"alignright size-medium wp-image-19277\" src=\"https:\/\/jackpotlotteryonline.com\/wp-content\/uploads\/2022\/10\/2_ticket_powerball_au2-163x300.jpg\" alt=\"Escaneo de billetes de loter\u00eda\" width=\"163\" height=\"300\" srcset=\"https:\/\/jackpotlotteryonline.com\/wp-content\/uploads\/2022\/10\/2_ticket_powerball_au2-163x300.jpg 163w, https:\/\/jackpotlotteryonline.com\/wp-content\/uploads\/2022\/10\/2_ticket_powerball_au2.jpg 250w\" sizes=\"auto, (max-width: 163px) 100vw, 163px\" \/><\/p>\n<p>Cuando juega a la loter\u00eda, hay 9 divisiones de premios en total.<\/p>\n<p>Divisi\u00f3n 1: 7 n\u00fameros + n\u00famero de bonificaci\u00f3n &#8211; bote (media de 8 millones de d\u00f3lares australianos)<\/p>\n<p>Divisi\u00f3n 2: s\u00f3lo 7 n\u00fameros<\/p>\n<p>Divisi\u00f3n 3: 6 n\u00fameros + n\u00famero de bonificaci\u00f3n<\/p>\n<p>Divisi\u00f3n 4: s\u00f3lo 6 n\u00fameros<\/p>\n<p>Divisi\u00f3n 5: 5 n\u00fameros + n\u00famero de bonificaci\u00f3n<\/p>\n<p>Divisi\u00f3n 6: 5 n\u00fameros solamente<\/p>\n<p>Divisi\u00f3n 7: 4 n\u00fameros + n\u00famero de bonificaci\u00f3n<\/p>\n<p>Divisi\u00f3n 8: 3 n\u00fameros + n\u00famero de bonificaci\u00f3n<\/p>\n<p>Divisi\u00f3n 9: 2 n\u00fameros + n\u00famero de bonificaci\u00f3n<\/p>\n<p>Los premios asignados a cada divisi\u00f3n son un porcentaje de la bolsa de premios. Por lo tanto, cuanto m\u00e1s alta sea la bolsa de premios, m\u00e1s dinero se destina a cada divisi\u00f3n. Los premios de la divisi\u00f3n 2 han llegado a ser de hasta 800.000 d\u00f3lares australianos.<\/p>\n<h2>Compre sus billetes de loter\u00eda en l\u00ednea<\/h2>\n<p>Si es un aficionado a la loter\u00eda, ahora puede jugar a la loter\u00eda en l\u00ednea a trav\u00e9s de nuestro sitio. Hacemos el proceso f\u00e1cil para nuestros clientes proporcionando todo lo que necesita en un solo lugar. As\u00ed, puede comprar sus billetes, comprobar los resultados y, si gana, cobrar sus ganancias directamente desde nuestro sitio.<\/p>\n<p>Tenemos varias opciones que puede utilizar para <a href=\"https:\/\/jackpotlotteryonline.com\/es\/comprar-boletos\/powerball-australia\">pagar sus billetes de loter\u00eda<\/a>. Tambi\u00e9n puede configurar su cuenta para que se le inscriba autom\u00e1ticamente en varios sorteos por adelantado. Nuestros clientes disfrutan del lujo de no tener que comprobar los resultados de los sorteos porque le avisaremos si gana algo.<\/p>\n<p>Por \u00faltimo, cuando usted compra un billete de loter\u00eda con nosotros, tiene la seguridad de que est\u00e1 jugando a la loter\u00eda de su elecci\u00f3n. Eso es porque tenemos agentes en diferentes pa\u00edses que comprar\u00e1n el billete f\u00edsico con sus n\u00fameros correspondientes. De esta manera, usted no tiene que estar f\u00edsicamente en un pa\u00eds para jugar a la loter\u00eda. An\u00edmese y juegue ahora al Powerball de Australia.<\/p>\n","protected":false},"excerpt":{"rendered":"<p>Hay una raz\u00f3n por la que los entusiastas de la loter\u00eda de todo el mundo se apresuran a jugar al Powerball de Australia. El 2022 ha sido el a\u00f1o de los mega botes y hemos visto a varios jugadores ganar millones de d\u00f3lares de loter\u00edas internacionales. En todo esto, Powerball AU no ha sido una [&hellip;]<\/p>\n","protected":false},"author":1,"featured_media":0,"parent":35723,"menu_order":17,"comment_status":"closed","ping_status":"closed","template":"powerball-au.php","meta":{"_et_pb_use_builder":"","_et_pb_old_content":"","_et_gb_content_width":"","exclude_from_search":false,"footnotes":""},"class_list":["post-39565","page","type-page","status-publish","hentry"],"yoast_head":"<!-- This site is optimized with the Yoast SEO plugin v23.3 - https:\/\/yoast.com\/wordpress\/plugins\/seo\/ -->\n<title>Juega al Powerball Australia desde fuera de Australia<\/title>\n<meta name=\"description\" content=\"No es necesario vivir en Australia para jugar al Powerball Australia. Descubre c\u00f3mo jugar online.\" \/>\n<meta name=\"robots\" content=\"index, follow, max-snippet:-1, max-image-preview:large, max-video-preview:-1\" \/>\n<link rel=\"canonical\" href=\"https:\/\/jackpotlotteryonline.com\/es\/como-se-juega\/powerball-australia\/\" \/>\n<meta property=\"og:locale\" content=\"es_ES\" \/>\n<meta property=\"og:type\" content=\"article\" \/>\n<meta property=\"og:title\" content=\"Juega al Powerball Australia desde fuera de Australia\" \/>\n<meta property=\"og:description\" content=\"No es necesario vivir en Australia para jugar al Powerball Australia. Descubre c\u00f3mo jugar online.\" \/>\n<meta property=\"og:url\" content=\"https:\/\/jackpotlotteryonline.com\/es\/como-se-juega\/powerball-australia\/\" \/>\n<meta property=\"og:site_name\" content=\"Lotto Online - Crack The International Lottery Jackpots\" \/>\n<meta property=\"article:modified_time\" content=\"2023-01-03T18:09:38+00:00\" \/>\n<meta property=\"og:image\" content=\"https:\/\/jackpotlotteryonline.com\/wp-content\/uploads\/2022\/11\/1_buy_online_ticket_powerball.jpg\" \/>\n<meta name=\"twitter:card\" content=\"summary_large_image\" \/>\n<meta name=\"twitter:label1\" content=\"Tiempo de lectura\" \/>\n\t<meta name=\"twitter:data1\" content=\"6 minutos\" \/>\n<!-- \/ Yoast SEO plugin. -->","yoast_head_json":{"title":"Juega al Powerball Australia desde fuera de Australia","description":"No es necesario vivir en Australia para jugar al Powerball Australia. Descubre c\u00f3mo jugar online.","robots":{"index":"index","follow":"follow","max-snippet":"max-snippet:-1","max-image-preview":"max-image-preview:large","max-video-preview":"max-video-preview:-1"},"canonical":"https:\/\/jackpotlotteryonline.com\/es\/como-se-juega\/powerball-australia\/","og_locale":"es_ES","og_type":"article","og_title":"Juega al Powerball Australia desde fuera de Australia","og_description":"No es necesario vivir en Australia para jugar al Powerball Australia. Descubre c\u00f3mo jugar online.","og_url":"https:\/\/jackpotlotteryonline.com\/es\/como-se-juega\/powerball-australia\/","og_site_name":"Lotto Online - Crack The International Lottery Jackpots","article_modified_time":"2023-01-03T18:09:38+00:00","og_image":[{"url":"https:\/\/jackpotlotteryonline.com\/wp-content\/uploads\/2022\/11\/1_buy_online_ticket_powerball.jpg"}],"twitter_card":"summary_large_image","twitter_misc":{"Tiempo de lectura":"6 minutos"},"schema":{"@context":"https:\/\/schema.org","@graph":[{"@type":"WebPage","@id":"https:\/\/jackpotlotteryonline.com\/es\/como-se-juega\/powerball-australia\/","url":"https:\/\/jackpotlotteryonline.com\/es\/como-se-juega\/powerball-australia\/","name":"Juega al Powerball Australia desde fuera de Australia","isPartOf":{"@id":"https:\/\/jackpotlotteryonline.com\/#website"},"primaryImageOfPage":{"@id":"https:\/\/jackpotlotteryonline.com\/es\/como-se-juega\/powerball-australia\/#primaryimage"},"image":{"@id":"https:\/\/jackpotlotteryonline.com\/es\/como-se-juega\/powerball-australia\/#primaryimage"},"thumbnailUrl":"https:\/\/jackpotlotteryonline.com\/wp-content\/uploads\/2022\/11\/1_buy_online_ticket_powerball.jpg","datePublished":"2022-11-28T07:47:02+00:00","dateModified":"2023-01-03T18:09:38+00:00","description":"No es necesario vivir en Australia para jugar al Powerball Australia. Descubre c\u00f3mo jugar online.","breadcrumb":{"@id":"https:\/\/jackpotlotteryonline.com\/es\/como-se-juega\/powerball-australia\/#breadcrumb"},"inLanguage":"es","potentialAction":[{"@type":"ReadAction","target":["https:\/\/jackpotlotteryonline.com\/es\/como-se-juega\/powerball-australia\/"]}]},{"@type":"ImageObject","inLanguage":"es","@id":"https:\/\/jackpotlotteryonline.com\/es\/como-se-juega\/powerball-australia\/#primaryimage","url":"https:\/\/jackpotlotteryonline.com\/wp-content\/uploads\/2022\/11\/1_buy_online_ticket_powerball.jpg","contentUrl":"https:\/\/jackpotlotteryonline.com\/wp-content\/uploads\/2022\/11\/1_buy_online_ticket_powerball.jpg"},{"@type":"BreadcrumbList","@id":"https:\/\/jackpotlotteryonline.com\/es\/como-se-juega\/powerball-australia\/#breadcrumb","itemListElement":[{"@type":"ListItem","position":1,"name":"Home","item":"https:\/\/jackpotlotteryonline.com\/es\/"},{"@type":"ListItem","position":2,"name":"C\u00f3mo se juega","item":"https:\/\/jackpotlotteryonline.com\/es\/como-se-juega\/"},{"@type":"ListItem","position":3,"name":"jugar al Powerball Australia online"}]},{"@type":"WebSite","@id":"https:\/\/jackpotlotteryonline.com\/#website","url":"https:\/\/jackpotlotteryonline.com\/","name":"Lotto Online - Crack The International Lottery Jackpots","description":"","potentialAction":[{"@type":"SearchAction","target":{"@type":"EntryPoint","urlTemplate":"https:\/\/jackpotlotteryonline.com\/?s={search_term_string}"},"query-input":"required name=search_term_string"}],"inLanguage":"es"}]}},"_links":{"self":[{"href":"https:\/\/jackpotlotteryonline.com\/es\/wp-json\/wp\/v2\/pages\/39565","targetHints":{"allow":["GET"]}}],"collection":[{"href":"https:\/\/jackpotlotteryonline.com\/es\/wp-json\/wp\/v2\/pages"}],"about":[{"href":"https:\/\/jackpotlotteryonline.com\/es\/wp-json\/wp\/v2\/types\/page"}],"author":[{"embeddable":true,"href":"https:\/\/jackpotlotteryonline.com\/es\/wp-json\/wp\/v2\/users\/1"}],"replies":[{"embeddable":true,"href":"https:\/\/jackpotlotteryonline.com\/es\/wp-json\/wp\/v2\/comments?post=39565"}],"version-history":[{"count":0,"href":"https:\/\/jackpotlotteryonline.com\/es\/wp-json\/wp\/v2\/pages\/39565\/revisions"}],"up":[{"embeddable":true,"href":"https:\/\/jackpotlotteryonline.com\/es\/wp-json\/wp\/v2\/pages\/35723"}],"wp:attachment":[{"href":"https:\/\/jackpotlotteryonline.com\/es\/wp-json\/wp\/v2\/media?parent=39565"}],"curies":[{"name":"wp","href":"https:\/\/api.w.org\/{rel}","templated":true}]}}