{"id":39620,"date":"2022-11-28T09:56:44","date_gmt":"2022-11-28T09:56:44","guid":{"rendered":"https:\/\/jackpotlotteryonline.com\/?page_id=39620"},"modified":"2023-01-03T18:58:13","modified_gmt":"2023-01-03T18:58:13","slug":"saturday-lotto","status":"publish","type":"page","link":"https:\/\/jackpotlotteryonline.com\/es\/como-se-juega\/saturday-lotto\/","title":{"rendered":"jugar a la loter\u00eda del s\u00e1bado online"},"content":{"rendered":"<p>La Saturday Lotto es una de las loter\u00edas m\u00e1s populares de Australia y los jugadores de todo el pa\u00eds la esperan con ansias. Una de las razones es que tiene un historial de convertir a muchos millonarios. El bote puede alcanzar los 10 millones de d\u00f3lares australianos, un premio incre\u00edble. Hasta ahora, era necesario ser residente en Australia para poder jugar a esta loter\u00eda por la sencilla raz\u00f3n de que los boletos s\u00f3lo estaban disponibles en el pa\u00eds. Con Internet, todo esto ha cambiado, ya que los jugadores de todo el mundo pueden jugar a la loter\u00eda desde cualquier lugar.<\/p>\n<p>Por lo tanto, si quiere jugar a la loter\u00eda de los s\u00e1bados, todo lo que tiene que hacer es visitar jackpotlotteryonline.com para <a href=\"https:\/\/jackpotlotteryonline.com\/es\/comprar-boletos\/saturday-lotto\">comprar su billete de loter\u00eda<\/a>. Curiosamente, all\u00ed tambi\u00e9n puede conseguir boletos de las principales loter\u00edas internacionales.<\/p>\n<h2>El origen de Saturday Lotto<\/h2>\n<p><img loading=\"lazy\" decoding=\"async\" class=\"alignright size-medium wp-image-28103\" src=\"https:\/\/jackpotlotteryonline.com\/wp-content\/uploads\/2022\/11\/1_lotto_jackpot_online-257x300.jpg\" alt=\"El bote de la loter\u00eda del s\u00e1bado\" width=\"257\" height=\"300\" srcset=\"https:\/\/jackpotlotteryonline.com\/wp-content\/uploads\/2022\/11\/1_lotto_jackpot_online-257x300.jpg 257w, https:\/\/jackpotlotteryonline.com\/wp-content\/uploads\/2022\/11\/1_lotto_jackpot_online.jpg 321w\" sizes=\"auto, (max-width: 257px) 100vw, 257px\" \/><\/p>\n<p>El primer sorteo tuvo lugar el 24 de junio de 1972 y fue la primera loter\u00eda de este tipo en Australia. Tambi\u00e9n es la loter\u00eda m\u00e1s antigua de Australia. Los jugadores de diferentes partes de Australia la conocen con diferentes nombres: Tattslotto, Gold lotto, X lotto o simplemente lotto.<\/p>\n<p>El bote m\u00ednimo garantizado al jugar es de 5 millones de d\u00f3lares australianos y pasa a la semana siguiente si no hay ganador. Lo incre\u00edble de esta loter\u00eda es que los jugadores tienen una muy buena probabilidad de ganar el bote. Las probabilidades son tan bajas que el premio gordo rara vez se acumula porque suele haber siempre un ganador.<\/p>\n<p>La loter\u00eda de los s\u00e1bados tambi\u00e9n celebra un mega sorteo una vez al a\u00f1o que tiene lugar despu\u00e9s de Navidad. El bote del mega sorteo es bastante grande y se ha aumentado a 30 millones de d\u00f3lares australianos. El mega sorteo suele producir m\u00faltiples ganadores.<\/p>\n<h2>C\u00f3mo jugar al Saturday Lotto online<\/h2>\n<p>Para jugar al Saturday Lotto, simplemente visite jackpotlotteryonline.com y vaya a la p\u00e1gina del Lotto. Elija seis n\u00fameros entre el 1 y el 45. Siempre puede elegir sus n\u00fameros manualmente o utilizar nuestro sistema autom\u00e1tico para generar n\u00fameros aleatorios.<\/p>\n<p><a href=\"https:\/\/jackpotlotteryonline.com\/es\/numeros-ganadores\/saturday-lotto\">A continuaci\u00f3n, introduzca los sorteos<\/a>. En realidad, s\u00f3lo hay un sorteo a la semana y es el s\u00e1bado. De ah\u00ed el nombre: Saturday Lotto. Pero, puede elegir entrar hasta en 10 sorteos consecutivos. Si eliges esta opci\u00f3n, entrar\u00e1s autom\u00e1ticamente en todos los sorteos de las siguientes 10 semanas.<\/p>\n<p>Una vez que haya hecho todo esto, el siguiente paso es procesar su pago. Te pediremos que te registres con nosotros para poder mantener tu boleto a salvo cuando juegues. Tambi\u00e9n te informaremos si ganas algo y entonces podr\u00e1s cobrar tus ganancias desde nuestra plataforma.<\/p>\n<section class=\"layout\" style=\"border: solid 1px; width: 100%;\">\n<div class=\"img-div\" style=\"margin-top: 5px;\"><img decoding=\"async\" class=\"wp-image-17212 alignleft\" style=\"height: 45px; margin: 8px 8px 0px;\" src=\"https:\/\/jackpotlotteryonline.com\/wp-content\/uploads\/2022\/11\/read1.jpg\" alt=\"leer\" width=\"\" height=\"\" \/><\/div>\n<div style=\"padding-left: 5px;\">\n<div style=\"font-size: 1.1em;\">\n<p><strong>Algunos trucos y consejos para elegir tus n\u00fameros<\/strong><\/p>\n<p style=\"font-size: 0.85em; margin-top: -1.5em;\">Aumente sus posibilidades de ganar: utilice alguna estrategia para elegir sus n\u00fameros\u00a0<a href=\"https:\/\/jackpotlotteryonline.com\/es\/unos-trucos-y-consejos-para-elegir-los-numeros\">\u00a0 \u00a0 \u00a0Seguir leyendo<\/a><\/p>\n<\/div>\n<\/div>\n<\/section>\n<h2>Ventajas<\/h2>\n<p>Puede ser dif\u00edcil para aquellos que est\u00e1n acostumbrados a comprar billetes de loter\u00eda f\u00edsicos y a la fanfarria que supone ganar, ver las ventajas de jugar en Internet. Pero aqu\u00ed compartiremos algunas.<\/p>\n<p>Jugar al Saturday Lotto online es muy c\u00f3modo. No tienes que salir de donde est\u00e1s para ir a cualquier sitio ya que puedes jugar f\u00e1cilmente en tu ordenador o dispositivo m\u00f3vil. Adem\u00e1s, significa que ahora tiene acceso a una mayor variedad de loter\u00edas de todo el mundo.<\/p>\n<p>La compra de billetes no es la \u00fanica ventaja de jugar a la loter\u00eda. Quiz\u00e1s la principal ventaja es que puede retirar f\u00e1cilmente sus ganancias. Es sencillo y a menudo no tiene que pasar por ning\u00fan procedimiento complejo para obtener sus ganancias.<\/p>\n<h2>Ganar la loter\u00eda del s\u00e1bado<\/h2>\n<p>Para ganar la loter\u00eda, tiene que acertar los seis n\u00fameros sorteados. Cualquier boleto que acierte los seis n\u00fameros sorteados gana el bote. Hay otros premios que puede ganar y que mencionaremos m\u00e1s adelante. Pero tenga en cuenta que puede ganar un premio acertando 3 n\u00fameros sorteados.<\/p>\n<p>Si gana la loter\u00eda, puede retirar sus ganancias desde nuestra plataforma directamente a su cuenta.<\/p>\n<p>Por favor, tenga en cuenta que si su premio es superior a 2500\u20ac, tendr\u00e1 que reclamar el premio directamente a la compa\u00f1\u00eda de loter\u00eda. Pero no se preocupe, nosotros le ayudaremos con eso d\u00e1ndole un formulario de reclamaciones para que lo rellene.<\/p>\n<h2>N\u00fameros complementarios<\/h2>\n<p><img loading=\"lazy\" decoding=\"async\" class=\"alignright size-medium wp-image-29183\" src=\"https:\/\/jackpotlotteryonline.com\/wp-content\/uploads\/2022\/11\/1_play_lotto-online-300x199.jpg\" alt=\"jugar a la loter\u00eda del s\u00e1bado online\" width=\"300\" height=\"199\" srcset=\"https:\/\/jackpotlotteryonline.com\/wp-content\/uploads\/2022\/11\/1_play_lotto-online-300x199.jpg 300w, https:\/\/jackpotlotteryonline.com\/wp-content\/uploads\/2022\/11\/1_play_lotto-online.jpg 350w\" sizes=\"auto, (max-width: 300px) 100vw, 300px\" \/><\/p>\n<p>Si comprueba las divisiones de los premios, se dar\u00e1 cuenta de que algunas divisiones hacen uso de n\u00fameros suplementarios. Estos no son n\u00fameros que usted elige y no tienen nada que ver con ganar el premio mayor. Son simplemente n\u00fameros generados al azar que se eligen durante cada sorteo y que se utilizan para determinar las divisiones 2 y 5.<\/p>\n<h2>Premios<\/h2>\n<p>Esta Loto tiene seis divisiones de premios diferentes y con s\u00f3lo acertar 3 n\u00fameros principales, puede ganar un premio. Por supuesto, cuantos m\u00e1s n\u00fameros acierte, mayor ser\u00e1 el premio. El premio de la Divisi\u00f3n 1 es el premio mayor y tendr\u00eda que acertar los 6 n\u00fameros para poder optar a ese premio.<\/p>\n<p>A menudo, los jugadores se centran en el premio de la Divisi\u00f3n 1, es decir, el bote, excluyendo las otras divisiones de premios. Sin embargo, es posible ganar una buena cantidad de estas otras divisiones tambi\u00e9n. A continuaci\u00f3n, compartimos las divisiones de premios del Saturday Lotto y las probabilidades de ganar cada divisi\u00f3n.<\/p>\n<p>Divisi\u00f3n 1: 6 n\u00fameros principales &#8211; bote (1 en 8.145.060)<\/p>\n<p>Divisi\u00f3n 2: 5 n\u00fameros principales + 1 o 2 n\u00fameros complementarios (1 en 678.755)<\/p>\n<p>Divisi\u00f3n 3: 5 n\u00fameros principales (1 entre 36.689)<\/p>\n<p>Divisi\u00f3n 4: 4 n\u00fameros principales (1 de cada 733)<\/p>\n<p>Divisi\u00f3n 5: 3 n\u00fameros principales + 1 o 2 n\u00fameros suplementarios (1 de cada 297)<\/p>\n<p>Divisi\u00f3n 6: 3 n\u00fameros principales (1 de cada 53)<\/p>\n<h2>Reg\u00edstrese ahora para jugar a la loter\u00eda del s\u00e1bado<\/h2>\n<p>Si est\u00e1 listo para jugar a la loter\u00eda, puede comprar sus billetes de loter\u00eda aqu\u00ed mismo en nuestra p\u00e1gina web. Una vez que entre en el sorteo, tendr\u00e1 la oportunidad de ganar millones.<\/p>\n<p>Mientras est\u00e1 aqu\u00ed, tambi\u00e9n puede ver otras loter\u00edas. Tenemos una amplia colecci\u00f3n de las mejores loter\u00edas internacionales y damos a nuestros clientes acceso a esas loter\u00edas. Usted puede comprar sus boletos de loter\u00edas de los Estados Unidos, Europa y Australia, sin importar donde viva.<\/p>\n<p>Como el sitio n\u00famero uno de conserjer\u00eda de loter\u00eda, hemos agilizado el proceso para ofrecer una experiencia incre\u00edble a nuestros clientes. Reg\u00edstrese con nosotros hoy mismo para empezar a jugar a la loter\u00eda.<\/p>\n","protected":false},"excerpt":{"rendered":"<p>La Saturday Lotto es una de las loter\u00edas m\u00e1s populares de Australia y los jugadores de todo el pa\u00eds la esperan con ansias. Una de las razones es que tiene un historial de convertir a muchos millonarios. El bote puede alcanzar los 10 millones de d\u00f3lares australianos, un premio incre\u00edble. Hasta ahora, era necesario ser [&hellip;]<\/p>\n","protected":false},"author":1,"featured_media":0,"parent":35723,"menu_order":18,"comment_status":"closed","ping_status":"closed","template":"saturday-lotto.php","meta":{"_et_pb_use_builder":"","_et_pb_old_content":"","_et_gb_content_width":"","exclude_from_search":false,"footnotes":""},"class_list":["post-39620","page","type-page","status-publish","hentry"],"yoast_head":"<!-- This site is optimized with the Yoast SEO plugin v23.3 - https:\/\/yoast.com\/wordpress\/plugins\/seo\/ -->\n<title>Jugar a la loter\u00eda de los s\u00e1bados online<\/title>\n<meta name=\"description\" content=\"Disfruta de la oportunidad de ganar a lo grande con el Saturday Lotto jugando online desde donde est\u00e9s. Descubre c\u00f3mo hacerlo.\" \/>\n<meta name=\"robots\" content=\"index, follow, max-snippet:-1, max-image-preview:large, max-video-preview:-1\" \/>\n<link rel=\"canonical\" href=\"https:\/\/jackpotlotteryonline.com\/es\/como-se-juega\/saturday-lotto\/\" \/>\n<meta property=\"og:locale\" content=\"es_ES\" \/>\n<meta property=\"og:type\" content=\"article\" \/>\n<meta property=\"og:title\" content=\"Jugar a la loter\u00eda de los s\u00e1bados online\" \/>\n<meta property=\"og:description\" content=\"Disfruta de la oportunidad de ganar a lo grande con el Saturday Lotto jugando online desde donde est\u00e9s. Descubre c\u00f3mo hacerlo.\" \/>\n<meta property=\"og:url\" content=\"https:\/\/jackpotlotteryonline.com\/es\/como-se-juega\/saturday-lotto\/\" \/>\n<meta property=\"og:site_name\" content=\"Lotto Online - Crack The International Lottery Jackpots\" \/>\n<meta property=\"article:modified_time\" content=\"2023-01-03T18:58:13+00:00\" \/>\n<meta property=\"og:image\" content=\"https:\/\/jackpotlotteryonline.com\/wp-content\/uploads\/2022\/11\/1_lotto_jackpot_online-257x300.jpg\" \/>\n<meta name=\"twitter:card\" content=\"summary_large_image\" \/>\n<meta name=\"twitter:label1\" content=\"Tiempo de lectura\" \/>\n\t<meta name=\"twitter:data1\" content=\"6 minutos\" \/>\n<!-- \/ Yoast SEO plugin. -->","yoast_head_json":{"title":"Jugar a la loter\u00eda de los s\u00e1bados online","description":"Disfruta de la oportunidad de ganar a lo grande con el Saturday Lotto jugando online desde donde est\u00e9s. Descubre c\u00f3mo hacerlo.","robots":{"index":"index","follow":"follow","max-snippet":"max-snippet:-1","max-image-preview":"max-image-preview:large","max-video-preview":"max-video-preview:-1"},"canonical":"https:\/\/jackpotlotteryonline.com\/es\/como-se-juega\/saturday-lotto\/","og_locale":"es_ES","og_type":"article","og_title":"Jugar a la loter\u00eda de los s\u00e1bados online","og_description":"Disfruta de la oportunidad de ganar a lo grande con el Saturday Lotto jugando online desde donde est\u00e9s. Descubre c\u00f3mo hacerlo.","og_url":"https:\/\/jackpotlotteryonline.com\/es\/como-se-juega\/saturday-lotto\/","og_site_name":"Lotto Online - Crack The International Lottery Jackpots","article_modified_time":"2023-01-03T18:58:13+00:00","og_image":[{"url":"https:\/\/jackpotlotteryonline.com\/wp-content\/uploads\/2022\/11\/1_lotto_jackpot_online-257x300.jpg"}],"twitter_card":"summary_large_image","twitter_misc":{"Tiempo de lectura":"6 minutos"},"schema":{"@context":"https:\/\/schema.org","@graph":[{"@type":"WebPage","@id":"https:\/\/jackpotlotteryonline.com\/es\/como-se-juega\/saturday-lotto\/","url":"https:\/\/jackpotlotteryonline.com\/es\/como-se-juega\/saturday-lotto\/","name":"Jugar a la loter\u00eda de los s\u00e1bados online","isPartOf":{"@id":"https:\/\/jackpotlotteryonline.com\/#website"},"primaryImageOfPage":{"@id":"https:\/\/jackpotlotteryonline.com\/es\/como-se-juega\/saturday-lotto\/#primaryimage"},"image":{"@id":"https:\/\/jackpotlotteryonline.com\/es\/como-se-juega\/saturday-lotto\/#primaryimage"},"thumbnailUrl":"https:\/\/jackpotlotteryonline.com\/wp-content\/uploads\/2022\/11\/1_lotto_jackpot_online-257x300.jpg","datePublished":"2022-11-28T09:56:44+00:00","dateModified":"2023-01-03T18:58:13+00:00","description":"Disfruta de la oportunidad de ganar a lo grande con el Saturday Lotto jugando online desde donde est\u00e9s. Descubre c\u00f3mo hacerlo.","breadcrumb":{"@id":"https:\/\/jackpotlotteryonline.com\/es\/como-se-juega\/saturday-lotto\/#breadcrumb"},"inLanguage":"es","potentialAction":[{"@type":"ReadAction","target":["https:\/\/jackpotlotteryonline.com\/es\/como-se-juega\/saturday-lotto\/"]}]},{"@type":"ImageObject","inLanguage":"es","@id":"https:\/\/jackpotlotteryonline.com\/es\/como-se-juega\/saturday-lotto\/#primaryimage","url":"https:\/\/jackpotlotteryonline.com\/wp-content\/uploads\/2022\/11\/1_lotto_jackpot_online-257x300.jpg","contentUrl":"https:\/\/jackpotlotteryonline.com\/wp-content\/uploads\/2022\/11\/1_lotto_jackpot_online-257x300.jpg"},{"@type":"BreadcrumbList","@id":"https:\/\/jackpotlotteryonline.com\/es\/como-se-juega\/saturday-lotto\/#breadcrumb","itemListElement":[{"@type":"ListItem","position":1,"name":"Home","item":"https:\/\/jackpotlotteryonline.com\/es\/"},{"@type":"ListItem","position":2,"name":"C\u00f3mo se juega","item":"https:\/\/jackpotlotteryonline.com\/es\/como-se-juega\/"},{"@type":"ListItem","position":3,"name":"jugar a la loter\u00eda del s\u00e1bado online"}]},{"@type":"WebSite","@id":"https:\/\/jackpotlotteryonline.com\/#website","url":"https:\/\/jackpotlotteryonline.com\/","name":"Lotto Online - Crack The International Lottery Jackpots","description":"","potentialAction":[{"@type":"SearchAction","target":{"@type":"EntryPoint","urlTemplate":"https:\/\/jackpotlotteryonline.com\/?s={search_term_string}"},"query-input":"required name=search_term_string"}],"inLanguage":"es"}]}},"_links":{"self":[{"href":"https:\/\/jackpotlotteryonline.com\/es\/wp-json\/wp\/v2\/pages\/39620","targetHints":{"allow":["GET"]}}],"collection":[{"href":"https:\/\/jackpotlotteryonline.com\/es\/wp-json\/wp\/v2\/pages"}],"about":[{"href":"https:\/\/jackpotlotteryonline.com\/es\/wp-json\/wp\/v2\/types\/page"}],"author":[{"embeddable":true,"href":"https:\/\/jackpotlotteryonline.com\/es\/wp-json\/wp\/v2\/users\/1"}],"replies":[{"embeddable":true,"href":"https:\/\/jackpotlotteryonline.com\/es\/wp-json\/wp\/v2\/comments?post=39620"}],"version-history":[{"count":0,"href":"https:\/\/jackpotlotteryonline.com\/es\/wp-json\/wp\/v2\/pages\/39620\/revisions"}],"up":[{"embeddable":true,"href":"https:\/\/jackpotlotteryonline.com\/es\/wp-json\/wp\/v2\/pages\/35723"}],"wp:attachment":[{"href":"https:\/\/jackpotlotteryonline.com\/es\/wp-json\/wp\/v2\/media?parent=39620"}],"curies":[{"name":"wp","href":"https:\/\/api.w.org\/{rel}","templated":true}]}}