{"id":39672,"date":"2022-11-28T12:53:04","date_gmt":"2022-11-28T12:53:04","guid":{"rendered":"https:\/\/jackpotlotteryonline.com\/?page_id=39672"},"modified":"2022-12-31T13:27:58","modified_gmt":"2022-12-31T13:27:58","slug":"saturday-lotto-2","status":"publish","type":"page","link":"https:\/\/jackpotlotteryonline.com\/es\/como-se-juega\/saturday-lotto-2\/","title":{"rendered":"jugar a Set For Life en l\u00ednea"},"content":{"rendered":"<p>Muchos m\u00e1s apostadores en todo el mundo est\u00e1n empezando a darse cuenta de la belleza de tener un conjunto para el resto de sus vidas. Y eso es lo que la loter\u00eda brit\u00e1nica Set for Life ofrece a los jugadores: la oportunidad de ganar 10.000 libras esterlinas cada mes durante 30 a\u00f1os. Se llama loter\u00eda de renta vitalicia porque el ganador no recibe una suma global. A primera vista, puede no parecer tan atractivo como ganar miles de millones de euros. Sin embargo, hay algunos jugadores que no se sienten muy c\u00f3modos manejando tanto dinero de una sola vez. Adem\u00e1s, hemos le\u00eddo sobre ganadores de loter\u00eda que se arruinaron al cabo de unos a\u00f1os. Con esta loter\u00eda del Reino Unido, no hay posibilidad de que eso ocurra, ya que el ganador recibe 10.000 libras esterlinas sin falta cada mes.<\/p>\n<p>Si te preguntas c\u00f3mo puedes jugar a esta anualidad del Reino Unido desde fuera del pa\u00eds, est\u00e1s de suerte. Aqu\u00ed compartiremos c\u00f3mo jugar a la loter\u00eda y consejos para jugar desde fuera del Reino Unido.<\/p>\n<h2>\u00bfSe puede jugar a Set For Life desde fuera del Reino Unido?<\/h2>\n<p><img loading=\"lazy\" decoding=\"async\" class=\"alignright size-medium wp-image-27941\" src=\"http:\/\/jackpotlotteryonline.com\/wp-content\/uploads\/2022\/11\/1_lottery_winner_ticket-200x300.jpg\" alt=\"gane a lo grande con Set for life\" width=\"200\" height=\"300\" srcset=\"https:\/\/jackpotlotteryonline.com\/wp-content\/uploads\/2022\/11\/1_lottery_winner_ticket-200x300.jpg 200w, https:\/\/jackpotlotteryonline.com\/wp-content\/uploads\/2022\/11\/1_lottery_winner_ticket.jpg 320w\" sizes=\"auto, (max-width: 200px) 100vw, 200px\" \/><\/p>\n<p>Puede que Set For Life sea una loter\u00eda esencialmente del Reino Unido, pero el deseo de ganar a lo grande cada mes es compartido por los jugadores de todo el mundo. Seamos sinceros, \u00bfa qui\u00e9n no le gustar\u00eda la idea de ganar 10.000 libras esterlinas cada mes durante 30 a\u00f1os? Normalmente, Set For Life s\u00f3lo se juega en el Reino Unido, porque es all\u00ed donde se venden los boletos. Sin embargo, ahora los jugadores pueden comprar boletos desde cualquier lugar.<\/p>\n<p>Internet ha hecho posible muchas cosas, sobre todo el acceso a la informaci\u00f3n. Ahora, los jugadores de todo el mundo pueden comprar boletos para las principales loter\u00edas internacionales, incluyendo Set For Life. As\u00ed, si usted es un jugador de fuera del Reino Unido, puede <a href=\"https:\/\/jackpotlotteryonline.com\/es\/comprar-boletos\/set-for-life\">comprar f\u00e1cilmente boletos para la loter\u00eda del Reino Unido<\/a> visitando jackpotlotteryonline.com.<\/p>\n<p>Si te apetece pensar en estar colocado para el resto de tu vida, entonces date prisa y consigue un boleto antes del pr\u00f3ximo sorteo.<\/p>\n<h2>C\u00f3mo jugar<\/h2>\n<p>Para jugar a la loter\u00eda del Reino Unido, los jugadores tienen que elegir 5 n\u00fameros del 1 al 47 y 1 n\u00famero de Life Ball del 1 al 10. A continuaci\u00f3n, debe <a href=\"https:\/\/jackpotlotteryonline.com\/es\/numeros-ganadores\/set-for-life\">elegir los d\u00edas del sorteo<\/a> en los que desea participar y el n\u00famero de semanas que desea jugar.<\/p>\n<p>Cuando utilice nuestra p\u00e1gina web, puede utilizar nuestro generador de n\u00fameros para seleccionar sus n\u00fameros de forma aleatoria. Adem\u00e1s, puede configurarlo para que entre autom\u00e1ticamente en cada sorteo con varias semanas de antelaci\u00f3n. De esta manera, no tiene que preocuparse por perderse un sorteo. Adem\u00e1s, publicamos los resultados en bruto aqu\u00ed mismo, en nuestra p\u00e1gina web.<\/p>\n<p>Los sorteos de Set For Life tienen lugar cada lunes y jueves por la noche. Jugar a la loter\u00eda con nosotros significa que no tiene que perderse un sorteo por no haber comprado su billete antes de que se cerrara.<\/p>\n<h2>Consejos para jugar online<\/h2>\n<p>Antes de comprar su billete de loter\u00eda en Internet, es importante saber algunas cosas. Estos son algunos consejos que le ayudar\u00e1n a tener una experiencia de juego m\u00e1s agradable.<\/p>\n<ul>\n<li>Utilice siempre un sitio de conserjer\u00eda para comprar sus billetes de loter\u00eda<\/li>\n<li>Aseg\u00farese de que puede retirar sus ganancias sin problemas del sitio<\/li>\n<li>Compre varios billetes y participe en varios sorteos para aumentar sus probabilidades de ganar<\/li>\n<li>Utilice un sitio que le avise (por correo electr\u00f3nico) cuando gane un premio<\/li>\n<\/ul>\n<h2>Categor\u00edas de premios de Set For Life<\/h2>\n<div id=\"attachment_27779\" style=\"width: 222px\" class=\"wp-caption alignright\"><img loading=\"lazy\" decoding=\"async\" aria-describedby=\"caption-attachment-27779\" class=\"size-full wp-image-27779\" src=\"http:\/\/jackpotlotteryonline.com\/wp-content\/uploads\/2022\/11\/1_lottery_ticket.jpg\" alt=\"c\u00f3mo jugar a Set for life\" width=\"212\" height=\"142\" \/><p id=\"caption-attachment-27779\" class=\"wp-caption-text\">Rellenando billete de loter\u00eda con l\u00e1piz sobre mesa de madera, primer plano. Espacio para el texto<\/p><\/div>\n<p>El premio m\u00e1ximo de esta loter\u00eda del Reino Unido es de unas incre\u00edbles 10.000 libras esterlinas cada mes durante los pr\u00f3ximos 30 a\u00f1os. Eso es como recibir 10.000 libras al mes para tener unas vacaciones de 30 a\u00f1os. Este premio es uno de los que entusiasma a muchos jugadores. Sin embargo, a\u00fan m\u00e1s emocionante es el hecho de que esta loter\u00eda tiene algunos otros niveles de premios emocionantes tambi\u00e9n. Aqu\u00ed est\u00e1n las categor\u00edas de premios.<\/p>\n<p>Categor\u00eda 1: Acertar 5 n\u00fameros + la Bola de Vida &#8211; 10.000 libras esterlinas cada mes durante 30 a\u00f1os<\/p>\n<p>Categor\u00eda 2: Acertando s\u00f3lo 5 n\u00fameros &#8211; 10.000 libras esterlinas cada mes durante 1 a\u00f1o<\/p>\n<p>Categor\u00eda 3: Acierta 4 n\u00fameros + la Bola de Vida &#8211; 250 libras esterlinas<\/p>\n<p>Categor\u00eda 4: Acertando s\u00f3lo 4 n\u00fameros &#8211; 50 libras esterlinas<\/p>\n<p>Categor\u00eda 5: Acertando 3 n\u00fameros + la Bola de Vida &#8211; 30 libras esterlinas<\/p>\n<p>Categor\u00eda 6: Acierta s\u00f3lo 3 n\u00fameros &#8211; 20\u20ac.<\/p>\n<p>Categor\u00eda 7: Acierta 2 n\u00fameros + la Bola de Vida &#8211; \u00a310<\/p>\n<p>Categor\u00eda 8: S\u00f3lo 2 n\u00fameros &#8211; \u00a35<\/p>\n<section class=\"layout\" style=\"border: solid 1px; width: 100%;\">\n<div class=\"img-div\" style=\"margin-top: 5px;\"><img decoding=\"async\" class=\"wp-image-17212 alignleft\" style=\"height: 45px; margin: 8px 8px 0px;\" src=\"http:\/\/jackpotlotteryonline.com\/wp-content\/uploads\/2022\/11\/read1.jpg\" alt=\"Leer \" width=\"\" height=\"\" \/><\/div>\n<div style=\"padding-left: 5px;\">\n<div style=\"font-size: 1.1em;\">\n<p><strong>Algunos ganadores de loter\u00eda retribuyeron a la comunidad<\/strong><\/p>\n<p style=\"font-size: 0.85em; margin-top: -1.5em;\">Algunas historias interesantes y conmovedoras sobre ganadores de loter\u00eda que dan algo a cambio\u00a0<a href=\"https:\/\/jackpotlotteryonline.com\/es\/historias-sobre-ganadores-de-la-loteria-dando-retorno\"> Seguir leyendo<\/a><\/p>\n<\/div>\n<\/div>\n<\/section>\n<h2>Juegue a la loter\u00eda del Reino Unido aqu\u00ed hoy<\/h2>\n<p>Somos un sitio de loter\u00eda de conserjer\u00eda que hace posible que los jugadores de todo el mundo tengan acceso a las mejores loter\u00edas internacionales. Cuando usted compra sus billetes de loter\u00eda con nosotros, disfruta del placer de jugar a la loter\u00eda sin ninguna de las molestias.<\/p>\n<p>Si gana alg\u00fan premio, puede retirar f\u00e1cilmente sus ganancias aqu\u00ed mismo, desde nuestro sitio. Lo hacemos as\u00ed de sencillo. Y si su premio es superior a una determinada cantidad, le ayudaremos con un formulario de reclamaciones para que pueda cobrar su ganancia.<\/p>\n<p>Todo lo que hacemos est\u00e1 orientado a proporcionar una experiencia de loter\u00eda sin problemas a nuestros clientes. As\u00ed que an\u00edmate y entra en la loter\u00eda Set for Life del Reino Unido hoy mismo.<\/p>\n","protected":false},"excerpt":{"rendered":"<p>Muchos m\u00e1s apostadores en todo el mundo est\u00e1n empezando a darse cuenta de la belleza de tener un conjunto para el resto de sus vidas. Y eso es lo que la loter\u00eda brit\u00e1nica Set for Life ofrece a los jugadores: la oportunidad de ganar 10.000 libras esterlinas cada mes durante 30 a\u00f1os. Se llama loter\u00eda [&hellip;]<\/p>\n","protected":false},"author":1,"featured_media":0,"parent":35723,"menu_order":11,"comment_status":"closed","ping_status":"closed","template":"set-for-life.php","meta":{"_et_pb_use_builder":"","_et_pb_old_content":"","_et_gb_content_width":"","exclude_from_search":false,"footnotes":""},"class_list":["post-39672","page","type-page","status-publish","hentry"],"yoast_head":"<!-- This site is optimized with the Yoast SEO plugin v23.3 - https:\/\/yoast.com\/wordpress\/plugins\/seo\/ -->\n<title>Juega a Set for Life desde fuera del Reino Unido<\/title>\n<meta name=\"description\" content=\"Juega online a la loter\u00eda de la renta vitalicia del Reino Unido y gana la oportunidad de estar colocado para el resto de tu vida.\" \/>\n<meta name=\"robots\" content=\"index, follow, max-snippet:-1, max-image-preview:large, max-video-preview:-1\" \/>\n<link rel=\"canonical\" href=\"https:\/\/jackpotlotteryonline.com\/es\/como-se-juega\/saturday-lotto-2\/\" \/>\n<meta property=\"og:locale\" content=\"es_ES\" \/>\n<meta property=\"og:type\" content=\"article\" \/>\n<meta property=\"og:title\" content=\"Juega a Set for Life desde fuera del Reino Unido\" \/>\n<meta property=\"og:description\" content=\"Juega online a la loter\u00eda de la renta vitalicia del Reino Unido y gana la oportunidad de estar colocado para el resto de tu vida.\" \/>\n<meta property=\"og:url\" content=\"https:\/\/jackpotlotteryonline.com\/es\/como-se-juega\/saturday-lotto-2\/\" \/>\n<meta property=\"og:site_name\" content=\"Lotto Online - Crack The International Lottery Jackpots\" \/>\n<meta property=\"article:modified_time\" content=\"2022-12-31T13:27:58+00:00\" \/>\n<meta property=\"og:image\" content=\"http:\/\/jackpotlotteryonline.com\/wp-content\/uploads\/2022\/11\/1_lottery_winner_ticket-200x300.jpg\" \/>\n<meta name=\"twitter:card\" content=\"summary_large_image\" \/>\n<meta name=\"twitter:label1\" content=\"Tiempo de lectura\" \/>\n\t<meta name=\"twitter:data1\" content=\"5 minutos\" \/>\n<!-- \/ Yoast SEO plugin. -->","yoast_head_json":{"title":"Juega a Set for Life desde fuera del Reino Unido","description":"Juega online a la loter\u00eda de la renta vitalicia del Reino Unido y gana la oportunidad de estar colocado para el resto de tu vida.","robots":{"index":"index","follow":"follow","max-snippet":"max-snippet:-1","max-image-preview":"max-image-preview:large","max-video-preview":"max-video-preview:-1"},"canonical":"https:\/\/jackpotlotteryonline.com\/es\/como-se-juega\/saturday-lotto-2\/","og_locale":"es_ES","og_type":"article","og_title":"Juega a Set for Life desde fuera del Reino Unido","og_description":"Juega online a la loter\u00eda de la renta vitalicia del Reino Unido y gana la oportunidad de estar colocado para el resto de tu vida.","og_url":"https:\/\/jackpotlotteryonline.com\/es\/como-se-juega\/saturday-lotto-2\/","og_site_name":"Lotto Online - Crack The International Lottery Jackpots","article_modified_time":"2022-12-31T13:27:58+00:00","og_image":[{"url":"http:\/\/jackpotlotteryonline.com\/wp-content\/uploads\/2022\/11\/1_lottery_winner_ticket-200x300.jpg"}],"twitter_card":"summary_large_image","twitter_misc":{"Tiempo de lectura":"5 minutos"},"schema":{"@context":"https:\/\/schema.org","@graph":[{"@type":"WebPage","@id":"https:\/\/jackpotlotteryonline.com\/es\/como-se-juega\/saturday-lotto-2\/","url":"https:\/\/jackpotlotteryonline.com\/es\/como-se-juega\/saturday-lotto-2\/","name":"Juega a Set for Life desde fuera del Reino Unido","isPartOf":{"@id":"https:\/\/jackpotlotteryonline.com\/#website"},"primaryImageOfPage":{"@id":"https:\/\/jackpotlotteryonline.com\/es\/como-se-juega\/saturday-lotto-2\/#primaryimage"},"image":{"@id":"https:\/\/jackpotlotteryonline.com\/es\/como-se-juega\/saturday-lotto-2\/#primaryimage"},"thumbnailUrl":"http:\/\/jackpotlotteryonline.com\/wp-content\/uploads\/2022\/11\/1_lottery_winner_ticket-200x300.jpg","datePublished":"2022-11-28T12:53:04+00:00","dateModified":"2022-12-31T13:27:58+00:00","description":"Juega online a la loter\u00eda de la renta vitalicia del Reino Unido y gana la oportunidad de estar colocado para el resto de tu vida.","breadcrumb":{"@id":"https:\/\/jackpotlotteryonline.com\/es\/como-se-juega\/saturday-lotto-2\/#breadcrumb"},"inLanguage":"es","potentialAction":[{"@type":"ReadAction","target":["https:\/\/jackpotlotteryonline.com\/es\/como-se-juega\/saturday-lotto-2\/"]}]},{"@type":"ImageObject","inLanguage":"es","@id":"https:\/\/jackpotlotteryonline.com\/es\/como-se-juega\/saturday-lotto-2\/#primaryimage","url":"http:\/\/jackpotlotteryonline.com\/wp-content\/uploads\/2022\/11\/1_lottery_winner_ticket-200x300.jpg","contentUrl":"http:\/\/jackpotlotteryonline.com\/wp-content\/uploads\/2022\/11\/1_lottery_winner_ticket-200x300.jpg"},{"@type":"BreadcrumbList","@id":"https:\/\/jackpotlotteryonline.com\/es\/como-se-juega\/saturday-lotto-2\/#breadcrumb","itemListElement":[{"@type":"ListItem","position":1,"name":"Home","item":"https:\/\/jackpotlotteryonline.com\/es\/"},{"@type":"ListItem","position":2,"name":"C\u00f3mo se juega","item":"https:\/\/jackpotlotteryonline.com\/es\/como-se-juega\/"},{"@type":"ListItem","position":3,"name":"jugar a Set For Life en l\u00ednea"}]},{"@type":"WebSite","@id":"https:\/\/jackpotlotteryonline.com\/#website","url":"https:\/\/jackpotlotteryonline.com\/","name":"Lotto Online - Crack The International Lottery Jackpots","description":"","potentialAction":[{"@type":"SearchAction","target":{"@type":"EntryPoint","urlTemplate":"https:\/\/jackpotlotteryonline.com\/?s={search_term_string}"},"query-input":"required name=search_term_string"}],"inLanguage":"es"}]}},"_links":{"self":[{"href":"https:\/\/jackpotlotteryonline.com\/es\/wp-json\/wp\/v2\/pages\/39672","targetHints":{"allow":["GET"]}}],"collection":[{"href":"https:\/\/jackpotlotteryonline.com\/es\/wp-json\/wp\/v2\/pages"}],"about":[{"href":"https:\/\/jackpotlotteryonline.com\/es\/wp-json\/wp\/v2\/types\/page"}],"author":[{"embeddable":true,"href":"https:\/\/jackpotlotteryonline.com\/es\/wp-json\/wp\/v2\/users\/1"}],"replies":[{"embeddable":true,"href":"https:\/\/jackpotlotteryonline.com\/es\/wp-json\/wp\/v2\/comments?post=39672"}],"version-history":[{"count":0,"href":"https:\/\/jackpotlotteryonline.com\/es\/wp-json\/wp\/v2\/pages\/39672\/revisions"}],"up":[{"embeddable":true,"href":"https:\/\/jackpotlotteryonline.com\/es\/wp-json\/wp\/v2\/pages\/35723"}],"wp:attachment":[{"href":"https:\/\/jackpotlotteryonline.com\/es\/wp-json\/wp\/v2\/media?parent=39672"}],"curies":[{"name":"wp","href":"https:\/\/api.w.org\/{rel}","templated":true}]}}