{"id":39730,"date":"2022-11-29T08:34:38","date_gmt":"2022-11-29T08:34:38","guid":{"rendered":"https:\/\/jackpotlotteryonline.com\/?page_id=39730"},"modified":"2023-01-03T10:28:18","modified_gmt":"2023-01-03T10:28:18","slug":"new-york-lottery-2","status":"publish","type":"page","link":"https:\/\/jackpotlotteryonline.com\/es\/como-se-juega\/new-york-lottery-2\/","title":{"rendered":"Jugar a la loter\u00eda de Nueva York en l\u00ednea"},"content":{"rendered":"<p>La historia de la loter\u00eda de Nueva York est\u00e1 impregnada de buenas acciones y positividad en general. Como una loter\u00eda que fue creada como una forma de ayudar a la educaci\u00f3n en el estado, es una buena opci\u00f3n para los jugadores que les gusta un poco de altruismo con su diversi\u00f3n. B\u00e1sicamente, si quieres una loter\u00eda que te permita sentir que est\u00e1s contribuyendo con algo bueno al mundo, entonces deber\u00edas considerar la loter\u00eda de Nueva York.<\/p>\n<p>Sin embargo, la cuesti\u00f3n para la mayor\u00eda de los jugadores es c\u00f3mo participar en esta loter\u00eda desde otra parte del mundo. Como probablemente haya adivinado por su nombre, la loter\u00eda de Nueva York es la loter\u00eda estatal del estado de Nueva York en los Estados Unidos. Por lo tanto, est\u00e1 abierta para los entusiastas de la loter\u00eda que viven en ese estado y los boletos de loter\u00eda se pueden obtener f\u00e1cilmente de los vendedores en el estado. Si usted vive fuera del estado &#8211; o incluso en un continente diferente por completo &#8211; es una historia completamente diferente.<\/p>\n<p>Pero no tema, le mostraremos la mejor manera de comprar billetes de loter\u00eda desde cualquier parte del mundo. Si tiene prisa por participar en el pr\u00f3ximo sorteo, \u00bfpor qu\u00e9 no visita jackpotlotteryonline.com para empezar?<\/p>\n<h2>Consejos para jugar a la loter\u00eda de Nueva York<\/h2>\n<p>Ahora, pasemos a la raz\u00f3n por la que estamos aqu\u00ed: c\u00f3mo jugar a la loter\u00eda de Nueva York desde cualquier lugar. Antes de entrar en detalles, probablemente sea una buena idea compartir algunos consejos para jugar a la loter\u00eda. Aunque aqu\u00ed estamos hablando de una loter\u00eda espec\u00edfica, estos consejos tambi\u00e9n se aplican a otras loter\u00edas internacionales de primer orden, a las que, por cierto, tambi\u00e9n puedes entrar aqu\u00ed.<\/p>\n<p><strong>Dicho esto, aqu\u00ed est\u00e1n nuestros consejos para jugar a la loter\u00eda de Nueva York:<\/strong><\/p>\n<ul>\n<li>Elija sus n\u00fameros con cuidado. Es cierto que no hay una forma real de predecir qu\u00e9 n\u00fameros ganar\u00e1n la loter\u00eda, sin embargo, hay algo que decir sobre la elecci\u00f3n de n\u00fameros que significan algo para usted.<\/li>\n<li>Busque el n\u00famero de bonificaci\u00f3n. Y esto es algo que muchos jugadores no entienden realmente; el hecho de que el bote no es todo lo que puedes ganar. El n\u00famero de bonificaci\u00f3n es el que determina el premio de segunda categor\u00eda, que tambi\u00e9n es una buena suma con la que se puede ir a casa.<\/li>\n<li>No te pierdas los sorteos. Si est\u00e1s en esto para ganar, entonces debes concentrarte en participar en los sorteos. La loter\u00eda de Nueva York tiene dos sorteos a la semana, el mi\u00e9rcoles y el s\u00e1bado. Esfu\u00e9rcese por participar en ambos sorteos. Tambi\u00e9n puede participar en los sorteos con varias semanas de antelaci\u00f3n (m\u00e1s adelante le mostraremos c\u00f3mo hacerlo).<\/li>\n<\/ul>\n<h2>Offline vs Online<\/h2>\n<p><img loading=\"lazy\" decoding=\"async\" class=\"alignright size-full wp-image-31505\" src=\"https:\/\/jackpotlotteryonline.com\/wp-content\/uploads\/2022\/11\/lotto2-300x84-1.png\" alt=\"jugar a la loter\u00eda de Nueva York online\" width=\"300\" height=\"84\" \/>\u00bfCu\u00e1l es la diferencia entre jugar a la loter\u00eda online y offline y hay alguna ventaja? S\u00ed, escuchamos mucho estas preguntas y son preguntas v\u00e1lidas. Si usted vive en la ciudad de Nueva York, por ejemplo, es natural que se pregunte si hay alguna ventaja en participar en la loter\u00eda en l\u00ednea. Bueno, podemos darle una: la conveniencia.<\/p>\n<p>Tratar de averiguar qu\u00e9 vendedor vende qu\u00e9 billete de loter\u00eda puede ser estresante, sobre todo cuando usted tiene s\u00f3lo unos pocos minutos antes de que la venta de billetes se cierre. Adem\u00e1s, es posible que quiera participar en varias loter\u00edas y eso se convierte en un l\u00edo si tiene que ir de un vendedor a otro.<\/p>\n<p>Jugar a la loter\u00eda en l\u00ednea ofrece a los jugadores una comodidad que ni siquiera se imaginaban antes. Desde la comodidad de su ordenador o dispositivo m\u00f3vil, puede comprar billetes de loter\u00eda, comprobar los resultados de los sorteos y cobrar los premios. Una vez que pruebe a jugar a la loter\u00eda en l\u00ednea, no habr\u00e1 vuelta atr\u00e1s, se lo podemos garantizar.<\/p>\n<h2>C\u00f3mo jugar en l\u00ednea<\/h2>\n<p>Tanto si eres un jugador experimentado como si eres un novato, jugar a la loter\u00eda online es r\u00e1pido, simple y totalmente sencillo. Si vas a jugar a la loter\u00eda de Nueva York, estos son los pasos que debes seguir:<\/p>\n<ul>\n<li>Haga clic en la loter\u00eda a la que desea jugar.<\/li>\n<li>Elija 6 n\u00fameros de un rango de 1 a 59. Hay un s\u00e9ptimo n\u00famero, pero \u00e9ste es sorteado por la empresa de loter\u00eda y no forma parte de su billete.<\/li>\n<li><a href=\"https:\/\/jackpotlotteryonline.com\/es\/numeros-ganadores\/new-york-lottery\">Participe en los sorteos<\/a> que se celebran los mi\u00e9rcoles y los s\u00e1bados de cada semana. Puede participar en un solo sorteo o en ambos.<\/li>\n<li>Finalice su pago. La mayor\u00eda de los sitios de loter\u00eda le pedir\u00e1n que se registre para completar su pago. Esto es para que puedas acceder f\u00e1cilmente a tu boleto despu\u00e9s de haberlo comprado.<\/li>\n<\/ul>\n<p>Jugar a la loter\u00eda online es realmente as\u00ed de sencillo. Teniendo en cuenta que no hay otra forma de conseguir boletos para la loter\u00eda de Nueva York desde fuera del estado de Nueva York en los Estados Unidos, este es tambi\u00e9n un m\u00e9todo fant\u00e1stico cuando se vive en otra parte del mundo.<\/p>\n<section class=\"layout\" style=\"border: solid 1px; width: 100%;\">\n<div class=\"img-div\" style=\"margin-top: 5px;\"><img decoding=\"async\" class=\"wp-image-17212 alignleft\" style=\"height: 45px; margin: 8px 8px 0px;\" src=\"https:\/\/jackpotlotteryonline.com\/wp-content\/uploads\/2022\/11\/read1.jpg\" alt=\"L\u00e4s \" width=\"\" height=\"\" \/><\/div>\n<div style=\"padding-left: 5px;\">\n<div style=\"font-size: 1.1em;\">\n<p><strong>\u00bfC\u00f3mo me pagan si gano la loter\u00eda en l\u00ednea?<\/strong><\/p>\n<p style=\"font-size: 0.85em; margin-top: -1.5em;\">As\u00ed recibe su dinero si gana la loter\u00eda online\u00a0 <a href=\"https:\/\/jackpotlotteryonline.com\/es\/como-me-pagan-si-gano-la-loteria-en-linea\"> Seguir leyendo<\/a><\/p>\n<\/div>\n<\/div>\n<\/section>\n<h2>C\u00f3mo elegir los n\u00fameros ganadores<\/h2>\n<p>El tema de la elecci\u00f3n de los n\u00fameros ganadores es complejo, aunque si se mira bien, no deber\u00eda serlo. Lo complican demasiado quienes quieren darte supuestas f\u00f3rmulas matem\u00e1ticas para ganar la loter\u00eda. En serio, no te f\u00edes de ning\u00fan supuesto m\u00e9todo cient\u00edfico.<\/p>\n<p>La loter\u00eda es un juego de azar y la loter\u00eda de Nueva York no es una excepci\u00f3n. Los n\u00fameros se generan al azar y la suerte tiene mucho que ver con qui\u00e9n gana la loter\u00eda.<\/p>\n<p>Teniendo esto en cuenta, siempre es una buena idea capitalizar un poco el factor suerte eligiendo tus n\u00fameros de la suerte. As\u00ed, puedes elegir cumplea\u00f1os, aniversarios, n\u00fameros que te han dado suerte toda la vida, etc. O, simplemente, puede utilizar la herramienta de autogeneraci\u00f3n de nuestro sitio para elegir los n\u00fameros al azar. Al fin y al cabo, todo es cuesti\u00f3n de suerte.<\/p>\n<h2>D\u00f3nde comprar los billetes de la loter\u00eda de Nueva York<\/h2>\n<p><img loading=\"lazy\" decoding=\"async\" class=\"alignright size-medium wp-image-28913\" src=\"https:\/\/jackpotlotteryonline.com\/wp-content\/uploads\/2022\/11\/1_pick_lottery_numbers-300x200.jpg\" alt=\"comprar billetes de loter\u00eda de Nueva York\" width=\"300\" height=\"200\" srcset=\"https:\/\/jackpotlotteryonline.com\/wp-content\/uploads\/2022\/11\/1_pick_lottery_numbers-300x200.jpg 300w, https:\/\/jackpotlotteryonline.com\/wp-content\/uploads\/2022\/11\/1_pick_lottery_numbers.jpg 320w\" sizes=\"auto, (max-width: 300px) 100vw, 300px\" \/>Si est\u00e1 listo para participar en la loter\u00eda de Nueva York, el siguiente paso es <a href=\"https:\/\/jackpotlotteryonline.com\/es\/comprar-boletos\/new-york-lottery\">comprar sus billetes<\/a>. Puede hacerlo en l\u00ednea desde un sitio de vendedores de loter\u00eda como jackpotlotteryonline.com. Es importante que desconf\u00ede de los sitios de loter\u00eda que no le dicen exactamente c\u00f3mo van a obtener sus boletos. Tales sitios pueden s\u00f3lo permitirle apostar sobre el resultado de la loter\u00eda sin realmente participar en ella.<\/p>\n<p>Cuando usted compra sus boletos de loter\u00eda con nosotros, nuestros agentes en Nueva York comprar\u00e1n boletos con los n\u00fameros correspondientes. Es casi como tener su agente de loter\u00eda personal en diferentes partes del mundo.<\/p>\n<h2>Niveles de premios de la loter\u00eda de Nueva York<\/h2>\n<p>La loter\u00eda de Nueva York tiene varios niveles de premios. Aunque la mayor\u00eda de los jugadores aspiran al premio gordo, y t\u00fa tambi\u00e9n deber\u00edas hacerlo, es un hecho que no todo el mundo puede ganar el premio gordo. Sin embargo, hay otras categor\u00edas de premios que los jugadores pueden ganar.<\/p>\n<p>As\u00ed, el premio mayor comienza en 2 millones de d\u00f3lares, pero no se deje enga\u00f1ar por esa cantidad. Cuando no hay un ganador despu\u00e9s de un sorteo, el premio se acumula y empieza a crecer y crecer. El mayor premio de la historia de esta loter\u00eda fue la incre\u00edble cifra de 176 millones de d\u00f3lares. S\u00ed, un cambio de vida total.<\/p>\n<p>Nivel 1 (premio mayor) &#8211; acierta los 6 n\u00fameros sorteados<\/p>\n<p>Nivel 2 &#8211; acierta 5 n\u00fameros + el n\u00famero de bonificaci\u00f3n<\/p>\n<p>Nivel 3 &#8211; acierta 5 n\u00fameros<\/p>\n<p>Nivel 4 &#8211; acierta 4 n\u00fameros<\/p>\n<p>Nivel 5 &#8211; acertar 3 n\u00fameros<\/p>\n<h2>Ganar y cobrar<\/h2>\n<p>Ganar la loter\u00eda de Nueva York significa tener un boleto que coincida con los n\u00fameros sorteados. Quien acierta los n\u00fameros sorteados gana la loter\u00eda. Para saber si ha ganado la loter\u00eda, deber\u00e1 comprobar los resultados del sorteo. Si est\u00e1 registrado con nosotros, le enviaremos un email si gana un premio.<\/p>\n<p>Si compra sus boletos de loter\u00eda con nosotros, puede retirar f\u00e1cilmente sus ganancias desde nuestra plataforma a su cuenta. Si gana 2500 euros o menos, podr\u00e1 retirar su dinero con un simple clic. Si es m\u00e1s que eso, le enviaremos un formulario de reclamaciones para que lo rellene y luego le ayudaremos a procesar su ganancia.<\/p>\n<p>Busque los billetes de la loter\u00eda de Nueva York ahora en jackpotlotteryonline.com<\/p>\n","protected":false},"excerpt":{"rendered":"<p>La historia de la loter\u00eda de Nueva York est\u00e1 impregnada de buenas acciones y positividad en general. Como una loter\u00eda que fue creada como una forma de ayudar a la educaci\u00f3n en el estado, es una buena opci\u00f3n para los jugadores que les gusta un poco de altruismo con su diversi\u00f3n. B\u00e1sicamente, si quieres una [&hellip;]<\/p>\n","protected":false},"author":1,"featured_media":0,"parent":35723,"menu_order":14,"comment_status":"closed","ping_status":"closed","template":"newyork.php","meta":{"_et_pb_use_builder":"","_et_pb_old_content":"","_et_gb_content_width":"","exclude_from_search":false,"footnotes":""},"class_list":["post-39730","page","type-page","status-publish","hentry"],"yoast_head":"<!-- This site is optimized with the Yoast SEO plugin v23.3 - https:\/\/yoast.com\/wordpress\/plugins\/seo\/ -->\n<title>C\u00f3mo jugar a la loter\u00eda de Nueva York desde cualquier lugar<\/title>\n<meta name=\"description\" content=\"No importa d\u00f3nde est\u00e9s, puedes participar en la loter\u00eda de Nueva York online. Descubre m\u00e1s sobre c\u00f3mo jugar y ganar aqu\u00ed.\" \/>\n<meta name=\"robots\" content=\"index, follow, max-snippet:-1, max-image-preview:large, max-video-preview:-1\" \/>\n<link rel=\"canonical\" href=\"https:\/\/jackpotlotteryonline.com\/es\/como-se-juega\/new-york-lottery-2\/\" \/>\n<meta property=\"og:locale\" content=\"es_ES\" \/>\n<meta property=\"og:type\" content=\"article\" \/>\n<meta property=\"og:title\" content=\"C\u00f3mo jugar a la loter\u00eda de Nueva York desde cualquier lugar\" \/>\n<meta property=\"og:description\" content=\"No importa d\u00f3nde est\u00e9s, puedes participar en la loter\u00eda de Nueva York online. Descubre m\u00e1s sobre c\u00f3mo jugar y ganar aqu\u00ed.\" \/>\n<meta property=\"og:url\" content=\"https:\/\/jackpotlotteryonline.com\/es\/como-se-juega\/new-york-lottery-2\/\" \/>\n<meta property=\"og:site_name\" content=\"Lotto Online - Crack The International Lottery Jackpots\" \/>\n<meta property=\"article:modified_time\" content=\"2023-01-03T10:28:18+00:00\" \/>\n<meta property=\"og:image\" content=\"https:\/\/jackpotlotteryonline.com\/wp-content\/uploads\/2022\/11\/lotto2-300x84-1.png\" \/>\n<meta name=\"twitter:card\" content=\"summary_large_image\" \/>\n<meta name=\"twitter:label1\" content=\"Tiempo de lectura\" \/>\n\t<meta name=\"twitter:data1\" content=\"7 minutos\" \/>\n<!-- \/ Yoast SEO plugin. -->","yoast_head_json":{"title":"C\u00f3mo jugar a la loter\u00eda de Nueva York desde cualquier lugar","description":"No importa d\u00f3nde est\u00e9s, puedes participar en la loter\u00eda de Nueva York online. Descubre m\u00e1s sobre c\u00f3mo jugar y ganar aqu\u00ed.","robots":{"index":"index","follow":"follow","max-snippet":"max-snippet:-1","max-image-preview":"max-image-preview:large","max-video-preview":"max-video-preview:-1"},"canonical":"https:\/\/jackpotlotteryonline.com\/es\/como-se-juega\/new-york-lottery-2\/","og_locale":"es_ES","og_type":"article","og_title":"C\u00f3mo jugar a la loter\u00eda de Nueva York desde cualquier lugar","og_description":"No importa d\u00f3nde est\u00e9s, puedes participar en la loter\u00eda de Nueva York online. Descubre m\u00e1s sobre c\u00f3mo jugar y ganar aqu\u00ed.","og_url":"https:\/\/jackpotlotteryonline.com\/es\/como-se-juega\/new-york-lottery-2\/","og_site_name":"Lotto Online - Crack The International Lottery Jackpots","article_modified_time":"2023-01-03T10:28:18+00:00","og_image":[{"url":"https:\/\/jackpotlotteryonline.com\/wp-content\/uploads\/2022\/11\/lotto2-300x84-1.png"}],"twitter_card":"summary_large_image","twitter_misc":{"Tiempo de lectura":"7 minutos"},"schema":{"@context":"https:\/\/schema.org","@graph":[{"@type":"WebPage","@id":"https:\/\/jackpotlotteryonline.com\/es\/como-se-juega\/new-york-lottery-2\/","url":"https:\/\/jackpotlotteryonline.com\/es\/como-se-juega\/new-york-lottery-2\/","name":"C\u00f3mo jugar a la loter\u00eda de Nueva York desde cualquier lugar","isPartOf":{"@id":"https:\/\/jackpotlotteryonline.com\/#website"},"primaryImageOfPage":{"@id":"https:\/\/jackpotlotteryonline.com\/es\/como-se-juega\/new-york-lottery-2\/#primaryimage"},"image":{"@id":"https:\/\/jackpotlotteryonline.com\/es\/como-se-juega\/new-york-lottery-2\/#primaryimage"},"thumbnailUrl":"https:\/\/jackpotlotteryonline.com\/wp-content\/uploads\/2022\/11\/lotto2-300x84-1.png","datePublished":"2022-11-29T08:34:38+00:00","dateModified":"2023-01-03T10:28:18+00:00","description":"No importa d\u00f3nde est\u00e9s, puedes participar en la loter\u00eda de Nueva York online. Descubre m\u00e1s sobre c\u00f3mo jugar y ganar aqu\u00ed.","breadcrumb":{"@id":"https:\/\/jackpotlotteryonline.com\/es\/como-se-juega\/new-york-lottery-2\/#breadcrumb"},"inLanguage":"es","potentialAction":[{"@type":"ReadAction","target":["https:\/\/jackpotlotteryonline.com\/es\/como-se-juega\/new-york-lottery-2\/"]}]},{"@type":"ImageObject","inLanguage":"es","@id":"https:\/\/jackpotlotteryonline.com\/es\/como-se-juega\/new-york-lottery-2\/#primaryimage","url":"https:\/\/jackpotlotteryonline.com\/wp-content\/uploads\/2022\/11\/lotto2-300x84-1.png","contentUrl":"https:\/\/jackpotlotteryonline.com\/wp-content\/uploads\/2022\/11\/lotto2-300x84-1.png"},{"@type":"BreadcrumbList","@id":"https:\/\/jackpotlotteryonline.com\/es\/como-se-juega\/new-york-lottery-2\/#breadcrumb","itemListElement":[{"@type":"ListItem","position":1,"name":"Home","item":"https:\/\/jackpotlotteryonline.com\/es\/"},{"@type":"ListItem","position":2,"name":"C\u00f3mo se juega","item":"https:\/\/jackpotlotteryonline.com\/es\/como-se-juega\/"},{"@type":"ListItem","position":3,"name":"Jugar a la loter\u00eda de Nueva York en l\u00ednea"}]},{"@type":"WebSite","@id":"https:\/\/jackpotlotteryonline.com\/#website","url":"https:\/\/jackpotlotteryonline.com\/","name":"Lotto Online - Crack The International Lottery Jackpots","description":"","potentialAction":[{"@type":"SearchAction","target":{"@type":"EntryPoint","urlTemplate":"https:\/\/jackpotlotteryonline.com\/?s={search_term_string}"},"query-input":"required name=search_term_string"}],"inLanguage":"es"}]}},"_links":{"self":[{"href":"https:\/\/jackpotlotteryonline.com\/es\/wp-json\/wp\/v2\/pages\/39730","targetHints":{"allow":["GET"]}}],"collection":[{"href":"https:\/\/jackpotlotteryonline.com\/es\/wp-json\/wp\/v2\/pages"}],"about":[{"href":"https:\/\/jackpotlotteryonline.com\/es\/wp-json\/wp\/v2\/types\/page"}],"author":[{"embeddable":true,"href":"https:\/\/jackpotlotteryonline.com\/es\/wp-json\/wp\/v2\/users\/1"}],"replies":[{"embeddable":true,"href":"https:\/\/jackpotlotteryonline.com\/es\/wp-json\/wp\/v2\/comments?post=39730"}],"version-history":[{"count":0,"href":"https:\/\/jackpotlotteryonline.com\/es\/wp-json\/wp\/v2\/pages\/39730\/revisions"}],"up":[{"embeddable":true,"href":"https:\/\/jackpotlotteryonline.com\/es\/wp-json\/wp\/v2\/pages\/35723"}],"wp:attachment":[{"href":"https:\/\/jackpotlotteryonline.com\/es\/wp-json\/wp\/v2\/media?parent=39730"}],"curies":[{"name":"wp","href":"https:\/\/api.w.org\/{rel}","templated":true}]}}