{"id":40334,"date":"2022-12-02T11:02:43","date_gmt":"2022-12-02T11:02:43","guid":{"rendered":"https:\/\/jackpotlotteryonline.com\/?page_id=40334"},"modified":"2022-12-19T15:10:15","modified_gmt":"2022-12-19T15:10:15","slug":"mega-millions","status":"publish","type":"page","link":"https:\/\/jackpotlotteryonline.com\/es\/comprar-boletos\/mega-millions\/","title":{"rendered":"Boletos de Mega Millions"},"content":{"rendered":"<h2>\u00bfC\u00f3mo se puede comprar un boleto de Mega Millions en l\u00ednea?<\/h2>\n<p>Si est\u00e1 leyendo esto, probablemente est\u00e9 interesado en comprar un boleto de Mega Millions. Mega Millions es una de las muchas loter\u00edas que ofrecen grandes botes a sus ganadores. Ahora te estar\u00e1s preguntando: &#8220;\u00bfC\u00f3mo puedo comprar el boleto de Mega Millions online?&#8221;.<\/p>\n<p>Bueno, nosotros lo tenemos cubierto. Aqu\u00ed hay una gu\u00eda que le ayudar\u00e1 a comprar un boleto de Mega Millions en l\u00ednea.<\/p>\n<h2>\u00bfPor qu\u00e9 comprar boletos de Mega Millions online?<\/h2>\n<p><img loading=\"lazy\" decoding=\"async\" class=\"alignright size-full wp-image-31073\" src=\"http:\/\/jackpotlotteryonline.com\/wp-content\/uploads\/2022\/11\/logo_Mega_Millions_233x110.png\" alt=\"comprar boletos de mega millions online\" width=\"232\" height=\"110\" \/>Mega Million es una loter\u00eda estadounidense con grandes botes que cambian la vida y que a menudo alcanzan cientos de millones de libras. Ganar este bote podr\u00eda cambiar su vida de la noche a la ma\u00f1ana, pero s\u00f3lo si tiene la suerte de acertar todos los n\u00fameros ganadores.<\/p>\n<p>Si est\u00e1 planeando <a href=\"https:\/\/jackpotlotteryonline.com\/es\/como-se-juega\/mega-millions\">jugar a esta loter\u00eda online<\/a>, eso significa que nosotros compraremos los billetes en su nombre a trav\u00e9s de nuestros agentes minoristas locales. Somos un proveedor de servicios de conserjer\u00eda de confianza que proporciona estos servicios a nuestros clientes en todo el mundo. Nos aseguramos de que nuestros clientes obtengan el mejor de nuestros servicios, as\u00ed que \u00bfpor qu\u00e9 no comprar con nosotros?<\/p>\n<p>Dado que Mega Millions es un bote enorme y mucha gente participa en \u00e9l, las probabilidades de ganar son bastante altas, y la mayor\u00eda de la gente busca m\u00e9todos que puedan utilizar para mejorar sus probabilidades de ganar en este bote.<\/p>\n<p>Una forma de mejorar sus posibilidades es comprar su boleto de Mega Millions en l\u00ednea. Puede hacerlo en nuestro sitio web con s\u00f3lo pedir un boleto desde cualquier parte del mundo, y un escaneo del boleto de Mega Millions estar\u00e1 disponible en su cuenta. Cuando usted compra su boleto de Mega Millions en l\u00ednea, no tiene que preocuparse por la p\u00e9rdida o el robo de su boleto porque los detalles de su boleto ser\u00e1n almacenados en forma segura.<\/p>\n<p>Adem\u00e1s, comprar un boleto de Mega Millions en l\u00ednea es m\u00e1s conveniente que ir a la tienda f\u00edsica, ya que puede hacer su pedido desde la comodidad de su casa desde cualquier parte del mundo. Participar\u00e1 en esta loter\u00eda Mega Millions como un residente de los Estados Unidos mientras espera los sorteos.<\/p>\n<h2>El proceso de compra de boletos de Mega Millions online<\/h2>\n<p>Antes de comprar su billete de Mega Millions con nosotros, debe saber que nosotros actuaremos como intermediarios entre usted y la loter\u00eda, permiti\u00e9ndole jugar y comprar billetes online sin tener que visitar nunca una tienda f\u00edsica de loter\u00eda.<\/p>\n<p>\u00bfYa est\u00e1 listo para comprar su billete de Mega Millions online? Si es as\u00ed, a continuaci\u00f3n le indicamos los pasos a seguir para que la compra de su billete sea un \u00e9xito.<\/p>\n<p><strong>1. Cree una cuenta.<\/strong><br \/>\n<img loading=\"lazy\" decoding=\"async\" class=\"alignright size-full wp-image-34025\" src=\"http:\/\/jackpotlotteryonline.com\/wp-content\/uploads\/2022\/11\/2_ticket_mega_millions3-1.jpg\" alt=\"comprar boletos de mega millions online\" width=\"180\" height=\"193\" \/>Si es nuevo, ser\u00e1 dirigido a la p\u00e1gina de registro, donde proporcionar\u00e1 los detalles requeridos. Una vez que haya creado su cuenta de jugador con \u00e9xito, dir\u00edjase a la p\u00e1gina de la loter\u00eda Mega Millions y haga lo siguiente:<\/p>\n<p>Seleccione los n\u00fameros con los que desea jugar. Puede hacerlo manualmente o utilizar nuestro generador de n\u00fameros aleatorios para seleccionar sus n\u00fameros al azar.<\/p>\n<p>A continuaci\u00f3n, seleccione el n\u00famero de sorteos en los que desea participar. Puede seleccionar un solo sorteo o comprar boletos para varios sorteos. Participar en varios sorteos aumenta sus posibilidades de ganar el bote de Mega Millions.<\/p>\n<p><strong>2. Haga clic en el bot\u00f3n &#8220;Continuar&#8221; y dir\u00edjase a la p\u00e1gina de pago.<\/strong><\/p>\n<p><strong>3. M\u00e9todos de pago<\/strong><\/p>\n<p>Vaya a la p\u00e1gina de pago y pague sus boletos. Un escaneo de su boleto de Mega Millions se cargar\u00e1 en su cuenta despu\u00e9s de alg\u00fan tiempo.<\/p>\n<p><strong>4. Todo lo que tiene que hacer ahora es esperar a los sorteos que se celebran todos los martes y viernes a las 11:00 p.m.<\/strong> Las zonas horarias pueden diferir, por lo que se recomienda confirmar la zona horaria mientras espera <a href=\"https:\/\/jackpotlotteryonline.com\/es\/numeros-ganadores\/mega-millions\">los sorteos<\/a>.<\/p>\n<h2>\u00bfQu\u00e9 ocurre despu\u00e9s de haber ganado el bote de Mega Millions?<\/h2>\n<p>Si acierta todos los n\u00fameros, puede preguntarse qu\u00e9 hacer a continuaci\u00f3n o c\u00f3mo recibir\u00e1 su premio. Recibir\u00e1 todas sus ganancias y no tendr\u00e1 que viajar a Estados Unidos para reclamar su premio de Mega Millions. S\u00f3lo tiene que saber que el escaneo de su boleto le servir\u00e1 como prueba de participaci\u00f3n, as\u00ed que gu\u00e1rdelo bien; lo necesitar\u00e1.<\/p>\n<section class=\"layout\" style=\"border: solid 1px; width: 100%;\">\n<div class=\"img-div\" style=\"margin-top: 5px;\"><img decoding=\"async\" class=\"wp-image-17212 alignleft\" style=\"height: 45px; margin: 8px 8px 0px;\" src=\"http:\/\/jackpotlotteryonline.com\/wp-content\/uploads\/2022\/11\/read1.jpg\" alt=\"premiar al ganador\" width=\"\" height=\"\" \/><\/div>\n<div style=\"padding-left: 5px;\">\n<div style=\"font-size: 1.1em;\">\n<p><strong>\u00bfC\u00f3mo me pagan si gano la loter\u00eda en l\u00ednea?<\/strong><\/p>\n<p style=\"font-size: 0.85em; margin-top: -1.5em;\">As\u00ed recibe su dinero si gana la loter\u00eda online \u00a0<a href=\"https:\/\/jackpotlotteryonline.com\/es\/como-me-pagan-si-gano-la-loteria-en-linea\">Seguir leyendo<\/a><\/p>\n<\/div>\n<\/div>\n<\/section>\n<h2>Consejos para ayudarte a salir con el bote de Mega Millions<\/h2>\n<p><img loading=\"lazy\" decoding=\"async\" class=\"size-medium wp-image-29858 alignright\" src=\"http:\/\/jackpotlotteryonline.com\/wp-content\/uploads\/2022\/11\/1_win_euromillions_lottery-300x164.jpg\" alt=\"comprar boletos de mega millions online\" width=\"300\" height=\"164\" srcset=\"https:\/\/jackpotlotteryonline.com\/wp-content\/uploads\/2022\/11\/1_win_euromillions_lottery-300x164.jpg 300w, https:\/\/jackpotlotteryonline.com\/wp-content\/uploads\/2022\/11\/1_win_euromillions_lottery.jpg 350w\" sizes=\"auto, (max-width: 300px) 100vw, 300px\" \/>Si est\u00e1 planeando jugar a la loter\u00eda Mega Millions y ganar el bote, hay algunas cosas que debe tener en cuenta para aumentar sus posibilidades de ganar.<\/p>\n<p>En primer lugar, para empezar, elija sus n\u00fameros con cuidado. No seleccione n\u00fameros demasiado comunes; en su lugar, considere utilizar sus n\u00fameros de la suerte o elegir los n\u00fameros al azar. Aseg\u00farese de que est\u00e1n repartidos uniformemente para evitar seleccionar los mismos n\u00fameros que otros jugadores.<\/p>\n<p>En segundo lugar, compare los \u00faltimos n\u00fameros ganadores y estudie los patrones de los n\u00fameros. Elimine los n\u00fameros que han sido sorteados recientemente de los que ha seleccionado.<\/p>\n<p>Adem\u00e1s, estudie el patr\u00f3n de los n\u00fameros ganadores m\u00e1s comunes y etiqu\u00e9telos como los que tienen la mayor frecuencia de ganar. Despu\u00e9s de observarlos, distribuya algunos de ellos de acuerdo con su elecci\u00f3n de n\u00fameros.<\/p>\n<p>Por \u00faltimo, tiene la opci\u00f3n de jugar a la loter\u00eda Mega Millions en una pe\u00f1a. Esto es como comprar boletos en grupo, y todas las ganancias se dividir\u00e1n por igual entre todos los jugadores que participaron. Este es un gran m\u00e9todo para mejorar sus posibilidades de ganar el bote.<\/p>\n<p>Si juega a Mega Millions teniendo en cuenta los consejos anteriores, \u00bfqui\u00e9n sabe? Puede que seas el pr\u00f3ximo ganador que se lleve el bote. \u00a1Pruebe su suerte hoy mismo!<\/p>\n<h2>Conclusi\u00f3n<\/h2>\n<p>Si no eres residente de los Estados Unidos y esperas llevarte el premio mayor de Mega Millions, entonces tu mejor opci\u00f3n es comprar el boleto de Mega Millions en l\u00ednea. Puedes participar en esta loter\u00eda desde cualquier pa\u00eds del mundo. \u00bfA qu\u00e9 est\u00e1 esperando? Compre sus boletos hoy mismo y tenga la oportunidad de ser un afortunado ganador del bote.<\/p>\n<p>Para m\u00e1s informaci\u00f3n sobre esta loter\u00eda, visite nuestra p\u00e1gina de preguntas frecuentes o env\u00ede su pregunta, y nuestro equipo de atenci\u00f3n al cliente le responder\u00e1 con la informaci\u00f3n adecuada. Mientras tanto, tambi\u00e9n puede explorar otras loter\u00edas disponibles en nuestro sitio web, y si est\u00e1 interesado, simplemente pulse el bot\u00f3n de jugar y gane en otras loter\u00edas tambi\u00e9n.<\/p>\n","protected":false},"excerpt":{"rendered":"<p>\u00bfC\u00f3mo se puede comprar un boleto de Mega Millions en l\u00ednea? Si est\u00e1 leyendo esto, probablemente est\u00e9 interesado en comprar un boleto de Mega Millions. Mega Millions es una de las muchas loter\u00edas que ofrecen grandes botes a sus ganadores. Ahora te estar\u00e1s preguntando: &#8220;\u00bfC\u00f3mo puedo comprar el boleto de Mega Millions online?&#8221;. Bueno, nosotros [&hellip;]<\/p>\n","protected":false},"author":1,"featured_media":0,"parent":35782,"menu_order":1,"comment_status":"closed","ping_status":"closed","template":"megamillion.php","meta":{"_et_pb_use_builder":"","_et_pb_old_content":"","_et_gb_content_width":"","exclude_from_search":false,"footnotes":""},"class_list":["post-40334","page","type-page","status-publish","hentry"],"yoast_head":"<!-- This site is optimized with the Yoast SEO plugin v23.3 - https:\/\/yoast.com\/wordpress\/plugins\/seo\/ -->\n<title>Comprar boletos de Mega Millions online | Boletos para Mega Millions desde fuera de EEUU<\/title>\n<meta name=\"description\" content=\"Si usted vive fuera de los Estados Unidos, todav\u00eda puede comprar boletos de Mega Millions en l\u00ednea, aqu\u00ed mismo. Compramos boletos reales de Mega Millions para usted y los escaneamos\" \/>\n<meta name=\"robots\" content=\"index, follow, max-snippet:-1, max-image-preview:large, max-video-preview:-1\" \/>\n<link rel=\"canonical\" href=\"https:\/\/jackpotlotteryonline.com\/es\/comprar-boletos\/mega-millions\/\" \/>\n<meta property=\"og:locale\" content=\"es_ES\" \/>\n<meta property=\"og:type\" content=\"article\" \/>\n<meta property=\"og:title\" content=\"Comprar boletos de Mega Millions online | Boletos para Mega Millions desde fuera de EEUU\" \/>\n<meta property=\"og:description\" content=\"Si usted vive fuera de los Estados Unidos, todav\u00eda puede comprar boletos de Mega Millions en l\u00ednea, aqu\u00ed mismo. Compramos boletos reales de Mega Millions para usted y los escaneamos\" \/>\n<meta property=\"og:url\" content=\"https:\/\/jackpotlotteryonline.com\/es\/comprar-boletos\/mega-millions\/\" \/>\n<meta property=\"og:site_name\" content=\"Lotto Online - Crack The International Lottery Jackpots\" \/>\n<meta property=\"article:modified_time\" content=\"2022-12-19T15:10:15+00:00\" \/>\n<meta property=\"og:image\" content=\"http:\/\/jackpotlotteryonline.com\/wp-content\/uploads\/2022\/11\/logo_Mega_Millions_233x110.png\" \/>\n<meta name=\"twitter:card\" content=\"summary_large_image\" \/>\n<meta name=\"twitter:label1\" content=\"Tiempo de lectura\" \/>\n\t<meta name=\"twitter:data1\" content=\"6 minutos\" \/>\n<!-- \/ Yoast SEO plugin. -->","yoast_head_json":{"title":"Comprar boletos de Mega Millions online | Boletos para Mega Millions desde fuera de EEUU","description":"Si usted vive fuera de los Estados Unidos, todav\u00eda puede comprar boletos de Mega Millions en l\u00ednea, aqu\u00ed mismo. Compramos boletos reales de Mega Millions para usted y los escaneamos","robots":{"index":"index","follow":"follow","max-snippet":"max-snippet:-1","max-image-preview":"max-image-preview:large","max-video-preview":"max-video-preview:-1"},"canonical":"https:\/\/jackpotlotteryonline.com\/es\/comprar-boletos\/mega-millions\/","og_locale":"es_ES","og_type":"article","og_title":"Comprar boletos de Mega Millions online | Boletos para Mega Millions desde fuera de EEUU","og_description":"Si usted vive fuera de los Estados Unidos, todav\u00eda puede comprar boletos de Mega Millions en l\u00ednea, aqu\u00ed mismo. Compramos boletos reales de Mega Millions para usted y los escaneamos","og_url":"https:\/\/jackpotlotteryonline.com\/es\/comprar-boletos\/mega-millions\/","og_site_name":"Lotto Online - Crack The International Lottery Jackpots","article_modified_time":"2022-12-19T15:10:15+00:00","og_image":[{"url":"http:\/\/jackpotlotteryonline.com\/wp-content\/uploads\/2022\/11\/logo_Mega_Millions_233x110.png"}],"twitter_card":"summary_large_image","twitter_misc":{"Tiempo de lectura":"6 minutos"},"schema":{"@context":"https:\/\/schema.org","@graph":[{"@type":"WebPage","@id":"https:\/\/jackpotlotteryonline.com\/es\/comprar-boletos\/mega-millions\/","url":"https:\/\/jackpotlotteryonline.com\/es\/comprar-boletos\/mega-millions\/","name":"Comprar boletos de Mega Millions online | Boletos para Mega Millions desde fuera de EEUU","isPartOf":{"@id":"https:\/\/jackpotlotteryonline.com\/#website"},"primaryImageOfPage":{"@id":"https:\/\/jackpotlotteryonline.com\/es\/comprar-boletos\/mega-millions\/#primaryimage"},"image":{"@id":"https:\/\/jackpotlotteryonline.com\/es\/comprar-boletos\/mega-millions\/#primaryimage"},"thumbnailUrl":"http:\/\/jackpotlotteryonline.com\/wp-content\/uploads\/2022\/11\/logo_Mega_Millions_233x110.png","datePublished":"2022-12-02T11:02:43+00:00","dateModified":"2022-12-19T15:10:15+00:00","description":"Si usted vive fuera de los Estados Unidos, todav\u00eda puede comprar boletos de Mega Millions en l\u00ednea, aqu\u00ed mismo. Compramos boletos reales de Mega Millions para usted y los escaneamos","breadcrumb":{"@id":"https:\/\/jackpotlotteryonline.com\/es\/comprar-boletos\/mega-millions\/#breadcrumb"},"inLanguage":"es","potentialAction":[{"@type":"ReadAction","target":["https:\/\/jackpotlotteryonline.com\/es\/comprar-boletos\/mega-millions\/"]}]},{"@type":"ImageObject","inLanguage":"es","@id":"https:\/\/jackpotlotteryonline.com\/es\/comprar-boletos\/mega-millions\/#primaryimage","url":"http:\/\/jackpotlotteryonline.com\/wp-content\/uploads\/2022\/11\/logo_Mega_Millions_233x110.png","contentUrl":"http:\/\/jackpotlotteryonline.com\/wp-content\/uploads\/2022\/11\/logo_Mega_Millions_233x110.png"},{"@type":"BreadcrumbList","@id":"https:\/\/jackpotlotteryonline.com\/es\/comprar-boletos\/mega-millions\/#breadcrumb","itemListElement":[{"@type":"ListItem","position":1,"name":"Home","item":"https:\/\/jackpotlotteryonline.com\/es\/"},{"@type":"ListItem","position":2,"name":"C\u00f3mo comprar boletos de loter\u00eda en l\u00ednea","item":"https:\/\/jackpotlotteryonline.com\/buy-tickets\/"},{"@type":"ListItem","position":3,"name":"Boletos de Mega Millions"}]},{"@type":"WebSite","@id":"https:\/\/jackpotlotteryonline.com\/#website","url":"https:\/\/jackpotlotteryonline.com\/","name":"Lotto Online - Crack The International Lottery Jackpots","description":"","potentialAction":[{"@type":"SearchAction","target":{"@type":"EntryPoint","urlTemplate":"https:\/\/jackpotlotteryonline.com\/?s={search_term_string}"},"query-input":"required name=search_term_string"}],"inLanguage":"es"}]}},"_links":{"self":[{"href":"https:\/\/jackpotlotteryonline.com\/es\/wp-json\/wp\/v2\/pages\/40334","targetHints":{"allow":["GET"]}}],"collection":[{"href":"https:\/\/jackpotlotteryonline.com\/es\/wp-json\/wp\/v2\/pages"}],"about":[{"href":"https:\/\/jackpotlotteryonline.com\/es\/wp-json\/wp\/v2\/types\/page"}],"author":[{"embeddable":true,"href":"https:\/\/jackpotlotteryonline.com\/es\/wp-json\/wp\/v2\/users\/1"}],"replies":[{"embeddable":true,"href":"https:\/\/jackpotlotteryonline.com\/es\/wp-json\/wp\/v2\/comments?post=40334"}],"version-history":[{"count":0,"href":"https:\/\/jackpotlotteryonline.com\/es\/wp-json\/wp\/v2\/pages\/40334\/revisions"}],"up":[{"embeddable":true,"href":"https:\/\/jackpotlotteryonline.com\/es\/wp-json\/wp\/v2\/pages\/35782"}],"wp:attachment":[{"href":"https:\/\/jackpotlotteryonline.com\/es\/wp-json\/wp\/v2\/media?parent=40334"}],"curies":[{"name":"wp","href":"https:\/\/api.w.org\/{rel}","templated":true}]}}