{"id":40386,"date":"2022-12-02T14:39:26","date_gmt":"2022-12-02T14:39:26","guid":{"rendered":"https:\/\/jackpotlotteryonline.com\/?page_id=40386"},"modified":"2023-01-01T14:43:05","modified_gmt":"2023-01-01T14:43:05","slug":"oz-lotto","status":"publish","type":"page","link":"https:\/\/jackpotlotteryonline.com\/es\/como-se-juega\/oz-lotto\/","title":{"rendered":"Jugar a la loter\u00eda de Oz en l\u00ednea"},"content":{"rendered":"<h2>Acerca de Oz Lotto<\/h2>\n<p>Oz Lottery es una loter\u00eda australiana que fue introducida en 1994 y gestionada por un grupo llamado Tatts group. La Oz Lotto ha crecido en popularidad tanto en Australia como en Nueva Zelanda, convirti\u00e9ndola en el juego de loter\u00eda m\u00e1s grande de Australia. <a href=\"https:\/\/jackpotlotteryonline.com\/es\/numeros-ganadores\/resultados-del-sorteo-de-la-loteria-de-oz\">Los sorteos de la Oz Lotto<\/a> se celebran todos los mi\u00e9rcoles y viernes.<\/p>\n<p>A continuaci\u00f3n encontrar\u00e1 una gu\u00eda para ayudarle a jugar a la Oz Lotto online desde cualquier parte del mundo.<\/p>\n<h2>C\u00f3mo jugar a la Oz Lotto online<\/h2>\n<p><img loading=\"lazy\" decoding=\"async\" class=\"alignright size-full wp-image-29777\" src=\"https:\/\/jackpotlotteryonline.com\/wp-content\/uploads\/2022\/11\/1_ticket_online_buying.jpg\" alt=\"jugar a la loter\u00eda de oz online\" width=\"300\" height=\"203\" \/>Si est\u00e1 buscando una loter\u00eda emocionante y excitante en la que participar, tiene que echar un vistazo a la Oz Lotto australiana. Ofrecemos a los jugadores la oportunidad de jugar a loter\u00edas internacionales online ofreciendo servicios de conserjer\u00eda. Todo lo que necesita para jugar a la Oz Lotto en l\u00ednea es un ordenador y una conexi\u00f3n a Internet.<\/p>\n<p>Para jugar a la Oz Lotto en l\u00ednea, s\u00f3lo tiene que elegir siete n\u00fameros principales de un rango del 1 al 47. Otros tres n\u00fameros, conocidos como n\u00fameros complementarios, se eligen durante el sorteo. Puede elegir sus n\u00fameros utilizando nuestro generador de n\u00fameros aleatorios o seleccionarlos manualmente. A continuaci\u00f3n, seleccione el n\u00famero de sorteos en los que desea participar. Proceda a la comprobaci\u00f3n y <a href=\"https:\/\/jackpotlotteryonline.com\/es\/comprar-boletos\/oz-lotto\">pague sus boletos<\/a>, y luego espere al sorteo.<\/p>\n<h2>\u00bfQu\u00e9 son los n\u00fameros complementarios y c\u00f3mo se utilizan?<\/h2>\n<p>Los n\u00fameros suplementarios son considerados como &#8220;bolas extras&#8221; durante los sorteos de Oz Lotto. Durante el sorteo, se seleccionan al azar diez n\u00fameros ganadores, y los siete primeros se consideran los n\u00fameros principales para el ganador del bote. Los niveles 2, 4 y 7 est\u00e1n determinados por los tres &#8220;n\u00fameros complementarios&#8221; restantes.<\/p>\n<h2>Niveles de premios de la Oz Lotto<\/h2>\n<p>La Oz Lotto australiana tiene un total de siete niveles de premios. Son los siguientes:<\/p>\n<ul>\n<li>Nivel 1: Bote: siete n\u00fameros acertados<\/li>\n<li>Nivel 2: Seis n\u00fameros acertados + n\u00famero complementario<\/li>\n<li>Nivel 3: Seis n\u00fameros acertados<\/li>\n<li>Nivel 4: Cinco n\u00fameros acertados+ n\u00famero complementario<\/li>\n<li>Nivel 5: Cinco n\u00fameros acertados<\/li>\n<li>Nivel 6: Cuatro n\u00fameros emparejados<\/li>\n<li>Nivel 7: Tres n\u00fameros coincidentes+ n\u00famero suplementario<\/li>\n<\/ul>\n<h2>\u00bfTengo que estar en Australia para jugar a Oz Lotto?<\/h2>\n<p>No, no tiene que ser un residente australiano para participar en esta loter\u00eda. Todo lo que tiene que hacer es visitar jackpotlotteryonline.com para cumplir su sue\u00f1o de jugar a las loter\u00edas internacionales. Nosotros proveemos servicios de loter\u00eda a nuestros clientes, de tal manera que compramos boletos f\u00edsicos a trav\u00e9s de nuestros agentes de loter\u00eda de confianza. El billete f\u00edsico ser\u00e1 almacenado de forma segura, mientras que un escaneo del mismo ser\u00e1 cargado en la cuenta del jugador. Todo esto se har\u00e1 por usted, y lo que queda es esperar el d\u00eda del sorteo.<\/p>\n<p>As\u00ed que no tiene que preocuparse por no poder participar en la Oz Lotto. Jugar\u00e1s a esta loter\u00eda como un residente de Australia. Jugar a Oz Lotto es as\u00ed de sencillo. \u00a1Pruebe su suerte hoy mismo!<\/p>\n<h2>Ganar la Oz Lotto<\/h2>\n<p>Para ganar el premio mayor de Oz Lotto, el jugador debe acertar siete n\u00fameros del total de 47. Este bote comienza con 10 millones de d\u00f3lares y suele crecer hasta que se gana. Adem\u00e1s del premio gordo principal, los jugadores que acierten cuatro o cinco n\u00fameros correctamente para ese sorteo ganan ocho divisiones de premios menores.<\/p>\n<section class=\"layout\" style=\"border: solid 1px; width: 100%;\">\n<div class=\"img-div\" style=\"margin-top: 5px;\"><img decoding=\"async\" class=\"wp-image-17212 alignleft\" style=\"height: 45px; margin: 8px 8px 0px;\" src=\"https:\/\/jackpotlotteryonline.com\/wp-content\/uploads\/2022\/11\/read1.jpg\" alt=\"Leer \" width=\"\" height=\"\" \/><\/div>\n<div style=\"padding-left: 5px;\">\n<div style=\"font-size: 1.1em;\">\n<p><strong>Botes de loter\u00eda hist\u00f3ricos que han batido r\u00e9cords<\/strong><\/p>\n<p style=\"font-size: 0.85em; margin-top: -1.5em;\">Los mayores botes de loter\u00eda de la historia te har\u00e1n girar la cabeza <a href=\"https:\/\/jackpotlotteryonline.com\/es\/los-mayores-botes-de-loteria-de-la-historia\">Seguir leyendo<\/a><\/p>\n<\/div>\n<\/div>\n<\/section>\n<h2>\u00bfCu\u00e1les son las posibilidades de ganar la Oz Lotto australiana?<\/h2>\n<p><img loading=\"lazy\" decoding=\"async\" class=\"alignright wp-image-28697 size-medium\" src=\"https:\/\/jackpotlotteryonline.com\/wp-content\/uploads\/2022\/11\/1_online_lotto_winners-300x200.jpg\" alt=\"jugar a la loter\u00eda de Oz en l\u00ednea\" width=\"300\" height=\"200\" srcset=\"https:\/\/jackpotlotteryonline.com\/wp-content\/uploads\/2022\/11\/1_online_lotto_winners-300x200.jpg 300w, https:\/\/jackpotlotteryonline.com\/wp-content\/uploads\/2022\/11\/1_online_lotto_winners.jpg 320w\" sizes=\"auto, (max-width: 300px) 100vw, 300px\" \/>La Oz Lotto ha ganado popularidad y ha convertido a muchos jugadores en ganadores, lo que al mismo tiempo ha hecho que las probabilidades de ganar en cualquiera de los niveles de premios sean bastante altas.<\/p>\n<p>Las probabilidades de acertar siete n\u00fameros y ganar el bote son de 1 entre 62.891.499, lo que es casi imposible. Pero lo bueno de las loter\u00edas es que el juego es cuesti\u00f3n de suerte, nunca se sabe si se va a ganar, y eso es lo que hace que participar en las loter\u00edas sea emocionante.<\/p>\n<p>La probabilidad global de ganar cualquiera de los siete premios es de 1 entre 51.<\/p>\n<p>Para m\u00e1s informaci\u00f3n sobre la Oz Lotto, no dude en visitar nuestra p\u00e1gina de preguntas frecuentes o visite el sitio web oficial de la loter\u00eda.<\/p>\n<p>Registre una cuenta hoy y tenga la oportunidad de participar en esta loter\u00eda desde cualquier parte del mundo.<\/p>\n","protected":false},"excerpt":{"rendered":"<p>Acerca de Oz Lotto Oz Lottery es una loter\u00eda australiana que fue introducida en 1994 y gestionada por un grupo llamado Tatts group. La Oz Lotto ha crecido en popularidad tanto en Australia como en Nueva Zelanda, convirti\u00e9ndola en el juego de loter\u00eda m\u00e1s grande de Australia. Los sorteos de la Oz Lotto se celebran [&hellip;]<\/p>\n","protected":false},"author":1,"featured_media":0,"parent":35723,"menu_order":16,"comment_status":"closed","ping_status":"closed","template":"","meta":{"_et_pb_use_builder":"","_et_pb_old_content":"","_et_gb_content_width":"","exclude_from_search":false,"footnotes":""},"class_list":["post-40386","page","type-page","status-publish","hentry"],"yoast_head":"<!-- This site is optimized with the Yoast SEO plugin v23.3 - https:\/\/yoast.com\/wordpress\/plugins\/seo\/ -->\n<title>Juega a la Oz Lotto online desde fuera de Australia<\/title>\n<meta name=\"description\" content=\"Ahora puedes jugar a la Oz Lotto online, no s\u00f3lo si est\u00e1s en Australia: puedes jugar a la loter\u00eda de Oz desde cualquier parte del mundo\" \/>\n<meta name=\"robots\" content=\"index, follow, max-snippet:-1, max-image-preview:large, max-video-preview:-1\" \/>\n<link rel=\"canonical\" href=\"https:\/\/jackpotlotteryonline.com\/es\/como-se-juega\/oz-lotto\/\" \/>\n<meta property=\"og:locale\" content=\"es_ES\" \/>\n<meta property=\"og:type\" content=\"article\" \/>\n<meta property=\"og:title\" content=\"Juega a la Oz Lotto online desde fuera de Australia\" \/>\n<meta property=\"og:description\" content=\"Ahora puedes jugar a la Oz Lotto online, no s\u00f3lo si est\u00e1s en Australia: puedes jugar a la loter\u00eda de Oz desde cualquier parte del mundo\" \/>\n<meta property=\"og:url\" content=\"https:\/\/jackpotlotteryonline.com\/es\/como-se-juega\/oz-lotto\/\" \/>\n<meta property=\"og:site_name\" content=\"Lotto Online - Crack The International Lottery Jackpots\" \/>\n<meta property=\"article:modified_time\" content=\"2023-01-01T14:43:05+00:00\" \/>\n<meta property=\"og:image\" content=\"https:\/\/jackpotlotteryonline.com\/wp-content\/uploads\/2022\/11\/1_ticket_online_buying.jpg\" \/>\n<meta name=\"twitter:card\" content=\"summary_large_image\" \/>\n<meta name=\"twitter:label1\" content=\"Tiempo de lectura\" \/>\n\t<meta name=\"twitter:data1\" content=\"4 minutos\" \/>\n<!-- \/ Yoast SEO plugin. -->","yoast_head_json":{"title":"Juega a la Oz Lotto online desde fuera de Australia","description":"Ahora puedes jugar a la Oz Lotto online, no s\u00f3lo si est\u00e1s en Australia: puedes jugar a la loter\u00eda de Oz desde cualquier parte del mundo","robots":{"index":"index","follow":"follow","max-snippet":"max-snippet:-1","max-image-preview":"max-image-preview:large","max-video-preview":"max-video-preview:-1"},"canonical":"https:\/\/jackpotlotteryonline.com\/es\/como-se-juega\/oz-lotto\/","og_locale":"es_ES","og_type":"article","og_title":"Juega a la Oz Lotto online desde fuera de Australia","og_description":"Ahora puedes jugar a la Oz Lotto online, no s\u00f3lo si est\u00e1s en Australia: puedes jugar a la loter\u00eda de Oz desde cualquier parte del mundo","og_url":"https:\/\/jackpotlotteryonline.com\/es\/como-se-juega\/oz-lotto\/","og_site_name":"Lotto Online - Crack The International Lottery Jackpots","article_modified_time":"2023-01-01T14:43:05+00:00","og_image":[{"url":"https:\/\/jackpotlotteryonline.com\/wp-content\/uploads\/2022\/11\/1_ticket_online_buying.jpg"}],"twitter_card":"summary_large_image","twitter_misc":{"Tiempo de lectura":"4 minutos"},"schema":{"@context":"https:\/\/schema.org","@graph":[{"@type":"WebPage","@id":"https:\/\/jackpotlotteryonline.com\/es\/como-se-juega\/oz-lotto\/","url":"https:\/\/jackpotlotteryonline.com\/es\/como-se-juega\/oz-lotto\/","name":"Juega a la Oz Lotto online desde fuera de Australia","isPartOf":{"@id":"https:\/\/jackpotlotteryonline.com\/#website"},"primaryImageOfPage":{"@id":"https:\/\/jackpotlotteryonline.com\/es\/como-se-juega\/oz-lotto\/#primaryimage"},"image":{"@id":"https:\/\/jackpotlotteryonline.com\/es\/como-se-juega\/oz-lotto\/#primaryimage"},"thumbnailUrl":"https:\/\/jackpotlotteryonline.com\/wp-content\/uploads\/2022\/11\/1_ticket_online_buying.jpg","datePublished":"2022-12-02T14:39:26+00:00","dateModified":"2023-01-01T14:43:05+00:00","description":"Ahora puedes jugar a la Oz Lotto online, no s\u00f3lo si est\u00e1s en Australia: puedes jugar a la loter\u00eda de Oz desde cualquier parte del mundo","breadcrumb":{"@id":"https:\/\/jackpotlotteryonline.com\/es\/como-se-juega\/oz-lotto\/#breadcrumb"},"inLanguage":"es","potentialAction":[{"@type":"ReadAction","target":["https:\/\/jackpotlotteryonline.com\/es\/como-se-juega\/oz-lotto\/"]}]},{"@type":"ImageObject","inLanguage":"es","@id":"https:\/\/jackpotlotteryonline.com\/es\/como-se-juega\/oz-lotto\/#primaryimage","url":"https:\/\/jackpotlotteryonline.com\/wp-content\/uploads\/2022\/11\/1_ticket_online_buying.jpg","contentUrl":"https:\/\/jackpotlotteryonline.com\/wp-content\/uploads\/2022\/11\/1_ticket_online_buying.jpg"},{"@type":"BreadcrumbList","@id":"https:\/\/jackpotlotteryonline.com\/es\/como-se-juega\/oz-lotto\/#breadcrumb","itemListElement":[{"@type":"ListItem","position":1,"name":"Home","item":"https:\/\/jackpotlotteryonline.com\/es\/"},{"@type":"ListItem","position":2,"name":"C\u00f3mo se juega","item":"https:\/\/jackpotlotteryonline.com\/es\/como-se-juega\/"},{"@type":"ListItem","position":3,"name":"Jugar a la loter\u00eda de Oz en l\u00ednea"}]},{"@type":"WebSite","@id":"https:\/\/jackpotlotteryonline.com\/#website","url":"https:\/\/jackpotlotteryonline.com\/","name":"Lotto Online - Crack The International Lottery Jackpots","description":"","potentialAction":[{"@type":"SearchAction","target":{"@type":"EntryPoint","urlTemplate":"https:\/\/jackpotlotteryonline.com\/?s={search_term_string}"},"query-input":"required name=search_term_string"}],"inLanguage":"es"}]}},"_links":{"self":[{"href":"https:\/\/jackpotlotteryonline.com\/es\/wp-json\/wp\/v2\/pages\/40386","targetHints":{"allow":["GET"]}}],"collection":[{"href":"https:\/\/jackpotlotteryonline.com\/es\/wp-json\/wp\/v2\/pages"}],"about":[{"href":"https:\/\/jackpotlotteryonline.com\/es\/wp-json\/wp\/v2\/types\/page"}],"author":[{"embeddable":true,"href":"https:\/\/jackpotlotteryonline.com\/es\/wp-json\/wp\/v2\/users\/1"}],"replies":[{"embeddable":true,"href":"https:\/\/jackpotlotteryonline.com\/es\/wp-json\/wp\/v2\/comments?post=40386"}],"version-history":[{"count":0,"href":"https:\/\/jackpotlotteryonline.com\/es\/wp-json\/wp\/v2\/pages\/40386\/revisions"}],"up":[{"embeddable":true,"href":"https:\/\/jackpotlotteryonline.com\/es\/wp-json\/wp\/v2\/pages\/35723"}],"wp:attachment":[{"href":"https:\/\/jackpotlotteryonline.com\/es\/wp-json\/wp\/v2\/media?parent=40386"}],"curies":[{"name":"wp","href":"https:\/\/api.w.org\/{rel}","templated":true}]}}