{"id":40510,"date":"2022-12-05T09:05:27","date_gmt":"2022-12-05T09:05:27","guid":{"rendered":"https:\/\/jackpotlotteryonline.com\/?page_id=40510"},"modified":"2022-12-26T14:40:02","modified_gmt":"2022-12-26T14:40:02","slug":"powerball","status":"publish","type":"page","link":"https:\/\/jackpotlotteryonline.com\/es\/numeros-ganadores\/powerball\/","title":{"rendered":"Resultados del sorteo de la Powerball"},"content":{"rendered":"<p>La Powerball es una loter\u00eda estadounidense que tiene uno de los mayores botes de todos los tiempos. Ganar la Powerball de Estados Unidos es el m\u00e1ximo sue\u00f1o de casi todos los jugadores. Debido a sus incre\u00edbles botes, que a veces alcanzan los mil millones de d\u00f3lares, los jugadores de todo el mundo compran boletos de Powerball en l\u00ednea. Todos los jugadores albergan grandes esperanzas de ganar la loter\u00eda. Sin embargo, comprar un billete de loter\u00eda es una cosa, y comprobar los n\u00fameros ganadores es otra. Para saber si tiene el boleto ganador de la loter\u00eda Powerball, es esencial comprobar los resultados del sorteo.<\/p>\n<p>En esta p\u00e1gina, compartiremos con usted c\u00f3mo comprobar los resultados ganadores en l\u00ednea. Adem\u00e1s, le mostraremos c\u00f3mo acceder a sus ganancias aunque sea un jugador online.<\/p>\n<p>Recuerde que puede <a href=\"https:\/\/jackpotlotteryonline.com\/es\/comprar-boletos\/powerball\">comprar boletos ganadores de Powerball<\/a> en jackpotlotteryonline.com y comprobar all\u00ed los n\u00fameros ganadores al mismo tiempo.<\/p>\n<h2>Por qu\u00e9 el Powerball es tan popular<\/h2>\n<p><img loading=\"lazy\" decoding=\"async\" class=\"alignright size-full wp-image-29588\" src=\"https:\/\/jackpotlotteryonline.com\/wp-content\/uploads\/2022\/11\/1_results_powerball.jpg\" alt=\"comprar f\u00e1cilmente boletos de Powerball\" width=\"300\" height=\"224\" \/>Hay varias razones por las que los jugadores acuden al Powerball. Es una loter\u00eda multiestatal estadounidense, lo que significa que los boletos se venden en varios estados de Estados Unidos. Por lo tanto, los que viven en esos estados pueden comprar f\u00e1cilmente billetes de Powerball. Pero no s\u00f3lo los entusiastas de la loter\u00eda estadounidense compran participaciones con la esperanza de ganar esta loter\u00eda. Los jugadores de todo el mundo tambi\u00e9n intentan comprar boletos ganadores de la Powerball.<\/p>\n<p>En octubre de 2022, el bote de la Powerball alcanz\u00f3 la cifra r\u00e9cord de 1.000 millones de d\u00f3lares, que fue ganada por un \u00fanico poseedor de un boleto. La sola idea de ganar mil millones de d\u00f3lares es suficiente para que los jugadores de todo el mundo se emocionen. Adem\u00e1s, aunque las probabilidades de ganar el Powerball son bastante altas, los jugadores suelen ganar el bote.<\/p>\n<p>De nuevo, el Powerball tiene varias categor\u00edas con jugosos premios. Por lo tanto, incluso si se pierde el primer premio, podr\u00eda volver a casa con una gran ganancia.<\/p>\n<h2>Jugar y ganar al Powerball online<\/h2>\n<p>Lo m\u00e1s divertido de <a href=\"https:\/\/jackpotlotteryonline.com\/es\/como-se-juega\/powerball\">jugar al Powerball online<\/a> es que puedes acceder r\u00e1pidamente a esta loter\u00eda estadounidense desde cualquier lugar. Si compra su boleto ganador en jackpotlotteryonline.com, puede elegir f\u00e1cilmente sus n\u00fameros ganadores. Simplemente elija 5 n\u00fameros del 1 al 69 y 1 n\u00famero adicional del 1 al 26.<\/p>\n<p>Una vez que haya elegido sus n\u00fameros ganadores, el siguiente paso es participar en los sorteos. El Powerball tiene tres sorteos semanales, los martes, jueves y domingos. Le facilitamos la participaci\u00f3n en un solo sorteo o en varios, seg\u00fan su preferencia. Adem\u00e1s, puede participar en los sorteos con varias semanas de antelaci\u00f3n.<\/p>\n<p>Despu\u00e9s de procesar su pago, el siguiente paso es esperar a los sorteos. Es entonces cuando se anunciar\u00e1n los n\u00fameros ganadores y podr\u00e1 saber si ha ganado la loter\u00eda.<\/p>\n<section class=\"layout\" style=\"border: solid 1px; width: 100%;\">\n<div class=\"img-div\" style=\"margin-top: 5px;\"><img decoding=\"async\" class=\"wp-image-17212 alignleft\" style=\"height: 45px; margin: 8px 8px 0px;\" src=\"https:\/\/jackpotlotteryonline.com\/wp-content\/uploads\/2022\/11\/read1.jpg\" alt=\"leer\" width=\"\" height=\"\" \/><\/div>\n<div style=\"padding-left: 5px;\">\n<div style=\"font-size: 1.1em;\">\n<p><strong>Botes de loter\u00eda hist\u00f3ricos que han batido r\u00e9cords<\/strong><\/p>\n<p style=\"font-size: 0.85em; margin-top: -1.5em;\">Los mayores botes de loter\u00eda de la historia te har\u00e1n girar la cabeza\u00a0 <a href=\"https:\/\/jackpotlotteryonline.com\/es\/los-mayores-botes-de-loteria-de-la-historia\"> Seguir leyendo<\/a><\/p>\n<\/div>\n<\/div>\n<\/section>\n<h2>Comprobaci\u00f3n de los n\u00fameros ganadores<\/h2>\n<p><img loading=\"lazy\" decoding=\"async\" class=\"alignright size-full wp-image-30371\" src=\"https:\/\/jackpotlotteryonline.com\/wp-content\/uploads\/2022\/11\/1_winning_numbers_powerball.jpg\" alt=\"jugar al Powerball online\" width=\"300\" height=\"129\" \/>Al estar jugando al Powerball online, no puedes entrar en un vendedor de loter\u00eda para comprobar si tienes el boleto ganador. Por lo tanto, la mejor manera de hacerlo es comprobarlo en l\u00ednea. Si juega con nosotros, puede volver a esta p\u00e1gina despu\u00e9s de cada sorteo para ver los n\u00fameros ganadores.<\/p>\n<p>Pero, aunque no vuelva a comprobarlo, puede saber si ha ganado alg\u00fan premio. Eso es porque tiene que estar registrado con nosotros para comprar su boleto de Powerball. La raz\u00f3n de esto es que podemos informarle tan pronto como tenga un boleto ganador. Si tiene un boleto ganador, le enviaremos un correo electr\u00f3nico para informarle. Es as\u00ed de sencillo, de verdad.<\/p>\n<h2>Cobro de su premio<\/h2>\n<p>El cobro de su premio es otro aspecto que puede preocupar a los jugadores online. Porque si est\u00e1 jugando al Powerball online, querr\u00e1 estar seguro de que puede acceder a sus ganancias. Si juega al Powerball con nosotros, el cobro de su premio es muy sencillo. Hemos dise\u00f1ado nuestro sistema de tal manera que usted puede retirar sus ganancias a su cuenta.<\/p>\n<p>Esto est\u00e1 disponible para ganancias inferiores a 2.500 euros. Si gana m\u00e1s de esa cantidad, le ayudaremos a rellenar un formulario de reclamaci\u00f3n. Deber\u00e1 hacerlo para reclamar sus ganancias directamente a la empresa de loter\u00eda.<\/p>\n<h2>Ganar la loter\u00eda Powerball<\/h2>\n<p>Ganar la loter\u00eda Powerball significa que usted tiene un boleto que coincide con los resultados del sorteo. Para mostrarle lo incre\u00edble que es el Powerball, vamos a mostrarle lo que puede ganar en los otros premios.<\/p>\n<p>Divisi\u00f3n 1: Coincidencia 5 + Powerball &#8211; Bote<\/p>\n<p>Divisi\u00f3n 2: S\u00f3lo el partido 5 &#8211; 1 mill\u00f3n de d\u00f3lares<\/p>\n<p>Divisi\u00f3n 3: Partido 4 + Powerball &#8211; 50.000 d\u00f3lares<\/p>\n<p>Divisi\u00f3n 4: Partido 4 solo &#8211; 100 d\u00f3lares<\/p>\n<p>Divisi\u00f3n 5: Partido 3 + Powerball &#8211; $100<\/p>\n<p>Divisi\u00f3n 6: Partido 3 solo &#8211; $7<\/p>\n<p>Divisi\u00f3n 7: Partido 2 + Powerball &#8211; $7<\/p>\n<p>Divisi\u00f3n 8: Partido 1 + Powerball &#8211; $4<\/p>\n<p>Divisi\u00f3n 9: Coincidir con la Powerball sola &#8211; $4<\/p>\n<p>Con 9 divisiones, ganar la loter\u00eda es una posibilidad emocionante para los jugadores. Tambi\u00e9n significa que las posibilidades de ganar un premio son bastante altas. Adem\u00e1s, incluso si gana la segunda divisi\u00f3n, tiene muchas posibilidades de irse a casa con una gran ganancia.<\/p>\n<h2>Compruebe los resultados ganadores aqu\u00ed<\/h2>\n<p>La pr\u00f3xima vez que quiera jugar a la loter\u00eda, no se preocupe por d\u00f3nde comprobar los resultados ganadores. En jackpotlotteryonline.com le facilitamos la elecci\u00f3n de los n\u00fameros ganadores y la comprobaci\u00f3n de los resultados. Compre su boleto con nosotros y le avisaremos cuando tenga un boleto ganador.<\/p>\n<p>Recuerde que tambi\u00e9n puede retirar sus ganancias desde nuestro sitio directamente a su cuenta. Esto aliviar\u00e1 en gran medida cualquier estr\u00e9s que hubiera tenido al jugar a la loter\u00eda. En realidad, nuestro trabajo es proporcionar una experiencia sin problemas y sin complicaciones a nuestros clientes. De esta manera, usted puede concentrarse en ganar la loter\u00eda sin ninguna preocupaci\u00f3n en el mundo.<\/p>\n","protected":false},"excerpt":{"rendered":"<p>La Powerball es una loter\u00eda estadounidense que tiene uno de los mayores botes de todos los tiempos. Ganar la Powerball de Estados Unidos es el m\u00e1ximo sue\u00f1o de casi todos los jugadores. Debido a sus incre\u00edbles botes, que a veces alcanzan los mil millones de d\u00f3lares, los jugadores de todo el mundo compran boletos de [&hellip;]<\/p>\n","protected":false},"author":1,"featured_media":0,"parent":35856,"menu_order":1,"comment_status":"closed","ping_status":"closed","template":"powerball-usa-results.php","meta":{"_et_pb_use_builder":"","_et_pb_old_content":"","_et_gb_content_width":"","exclude_from_search":false,"footnotes":""},"class_list":["post-40510","page","type-page","status-publish","hentry"],"yoast_head":"<!-- This site is optimized with the Yoast SEO plugin v23.3 - https:\/\/yoast.com\/wordpress\/plugins\/seo\/ -->\n<title>N\u00fameros ganadores de la Powerball y resultados del sorteo<\/title>\n<meta name=\"description\" content=\"Todos los \u00faltimos resultados de los sorteos y los n\u00fameros ganadores de Powerball USA, adem\u00e1s de un archivo de resultados, todo en una misma web\" \/>\n<meta name=\"robots\" content=\"index, follow, max-snippet:-1, max-image-preview:large, max-video-preview:-1\" \/>\n<link rel=\"canonical\" href=\"https:\/\/jackpotlotteryonline.com\/es\/numeros-ganadores\/powerball\/\" \/>\n<meta property=\"og:locale\" content=\"es_ES\" \/>\n<meta property=\"og:type\" content=\"article\" \/>\n<meta property=\"og:title\" content=\"N\u00fameros ganadores de la Powerball y resultados del sorteo\" \/>\n<meta property=\"og:description\" content=\"Todos los \u00faltimos resultados de los sorteos y los n\u00fameros ganadores de Powerball USA, adem\u00e1s de un archivo de resultados, todo en una misma web\" \/>\n<meta property=\"og:url\" content=\"https:\/\/jackpotlotteryonline.com\/es\/numeros-ganadores\/powerball\/\" \/>\n<meta property=\"og:site_name\" content=\"Lotto Online - Crack The International Lottery Jackpots\" \/>\n<meta property=\"article:modified_time\" content=\"2022-12-26T14:40:02+00:00\" \/>\n<meta property=\"og:image\" content=\"https:\/\/jackpotlotteryonline.com\/wp-content\/uploads\/2022\/11\/1_results_powerball.jpg\" \/>\n<meta name=\"twitter:card\" content=\"summary_large_image\" \/>\n<meta name=\"twitter:label1\" content=\"Tiempo de lectura\" \/>\n\t<meta name=\"twitter:data1\" content=\"5 minutos\" \/>\n<!-- \/ Yoast SEO plugin. -->","yoast_head_json":{"title":"N\u00fameros ganadores de la Powerball y resultados del sorteo","description":"Todos los \u00faltimos resultados de los sorteos y los n\u00fameros ganadores de Powerball USA, adem\u00e1s de un archivo de resultados, todo en una misma web","robots":{"index":"index","follow":"follow","max-snippet":"max-snippet:-1","max-image-preview":"max-image-preview:large","max-video-preview":"max-video-preview:-1"},"canonical":"https:\/\/jackpotlotteryonline.com\/es\/numeros-ganadores\/powerball\/","og_locale":"es_ES","og_type":"article","og_title":"N\u00fameros ganadores de la Powerball y resultados del sorteo","og_description":"Todos los \u00faltimos resultados de los sorteos y los n\u00fameros ganadores de Powerball USA, adem\u00e1s de un archivo de resultados, todo en una misma web","og_url":"https:\/\/jackpotlotteryonline.com\/es\/numeros-ganadores\/powerball\/","og_site_name":"Lotto Online - Crack The International Lottery Jackpots","article_modified_time":"2022-12-26T14:40:02+00:00","og_image":[{"url":"https:\/\/jackpotlotteryonline.com\/wp-content\/uploads\/2022\/11\/1_results_powerball.jpg"}],"twitter_card":"summary_large_image","twitter_misc":{"Tiempo de lectura":"5 minutos"},"schema":{"@context":"https:\/\/schema.org","@graph":[{"@type":"WebPage","@id":"https:\/\/jackpotlotteryonline.com\/es\/numeros-ganadores\/powerball\/","url":"https:\/\/jackpotlotteryonline.com\/es\/numeros-ganadores\/powerball\/","name":"N\u00fameros ganadores de la Powerball y resultados del sorteo","isPartOf":{"@id":"https:\/\/jackpotlotteryonline.com\/#website"},"primaryImageOfPage":{"@id":"https:\/\/jackpotlotteryonline.com\/es\/numeros-ganadores\/powerball\/#primaryimage"},"image":{"@id":"https:\/\/jackpotlotteryonline.com\/es\/numeros-ganadores\/powerball\/#primaryimage"},"thumbnailUrl":"https:\/\/jackpotlotteryonline.com\/wp-content\/uploads\/2022\/11\/1_results_powerball.jpg","datePublished":"2022-12-05T09:05:27+00:00","dateModified":"2022-12-26T14:40:02+00:00","description":"Todos los \u00faltimos resultados de los sorteos y los n\u00fameros ganadores de Powerball USA, adem\u00e1s de un archivo de resultados, todo en una misma web","breadcrumb":{"@id":"https:\/\/jackpotlotteryonline.com\/es\/numeros-ganadores\/powerball\/#breadcrumb"},"inLanguage":"es","potentialAction":[{"@type":"ReadAction","target":["https:\/\/jackpotlotteryonline.com\/es\/numeros-ganadores\/powerball\/"]}]},{"@type":"ImageObject","inLanguage":"es","@id":"https:\/\/jackpotlotteryonline.com\/es\/numeros-ganadores\/powerball\/#primaryimage","url":"https:\/\/jackpotlotteryonline.com\/wp-content\/uploads\/2022\/11\/1_results_powerball.jpg","contentUrl":"https:\/\/jackpotlotteryonline.com\/wp-content\/uploads\/2022\/11\/1_results_powerball.jpg"},{"@type":"BreadcrumbList","@id":"https:\/\/jackpotlotteryonline.com\/es\/numeros-ganadores\/powerball\/#breadcrumb","itemListElement":[{"@type":"ListItem","position":1,"name":"Home","item":"https:\/\/jackpotlotteryonline.com\/es\/"},{"@type":"ListItem","position":2,"name":"Resultados de la loter\u00eda","item":"https:\/\/jackpotlotteryonline.com\/winning-numbers\/"},{"@type":"ListItem","position":3,"name":"Resultados del sorteo de la Powerball"}]},{"@type":"WebSite","@id":"https:\/\/jackpotlotteryonline.com\/#website","url":"https:\/\/jackpotlotteryonline.com\/","name":"Lotto Online - Crack The International Lottery Jackpots","description":"","potentialAction":[{"@type":"SearchAction","target":{"@type":"EntryPoint","urlTemplate":"https:\/\/jackpotlotteryonline.com\/?s={search_term_string}"},"query-input":"required name=search_term_string"}],"inLanguage":"es"}]}},"_links":{"self":[{"href":"https:\/\/jackpotlotteryonline.com\/es\/wp-json\/wp\/v2\/pages\/40510","targetHints":{"allow":["GET"]}}],"collection":[{"href":"https:\/\/jackpotlotteryonline.com\/es\/wp-json\/wp\/v2\/pages"}],"about":[{"href":"https:\/\/jackpotlotteryonline.com\/es\/wp-json\/wp\/v2\/types\/page"}],"author":[{"embeddable":true,"href":"https:\/\/jackpotlotteryonline.com\/es\/wp-json\/wp\/v2\/users\/1"}],"replies":[{"embeddable":true,"href":"https:\/\/jackpotlotteryonline.com\/es\/wp-json\/wp\/v2\/comments?post=40510"}],"version-history":[{"count":0,"href":"https:\/\/jackpotlotteryonline.com\/es\/wp-json\/wp\/v2\/pages\/40510\/revisions"}],"up":[{"embeddable":true,"href":"https:\/\/jackpotlotteryonline.com\/es\/wp-json\/wp\/v2\/pages\/35856"}],"wp:attachment":[{"href":"https:\/\/jackpotlotteryonline.com\/es\/wp-json\/wp\/v2\/media?parent=40510"}],"curies":[{"name":"wp","href":"https:\/\/api.w.org\/{rel}","templated":true}]}}