{"id":40564,"date":"2022-12-05T12:04:20","date_gmt":"2022-12-05T12:04:20","guid":{"rendered":"https:\/\/jackpotlotteryonline.com\/?page_id=40564"},"modified":"2022-12-26T20:57:53","modified_gmt":"2022-12-26T20:57:53","slug":"mega-millions","status":"publish","type":"page","link":"https:\/\/jackpotlotteryonline.com\/es\/numeros-ganadores\/mega-millions\/","title":{"rendered":"Resultados del sorteo de Mega Millions"},"content":{"rendered":"<p>Mega Millions es conocido por sus mega botes y a los jugadores de todo el mundo les encanta la idea de ganar esta loter\u00eda. Ganar la loter\u00eda Mega Millions es el sue\u00f1o americano y millones de jugadores se esfuerzan por conseguirlo. Afortunadamente, los jugadores de todo el mundo tienen ahora la oportunidad de ganar Mega Millions comprando boletos en l\u00ednea. En caso de que se pregunte c\u00f3mo hacerlo, tenemos un regalo para usted.<\/p>\n<p>Si es la primera vez que juega (o es un habitual) puede <a href=\"https:\/\/jackpotlotteryonline.com\/es\/comprar-boletos\/mega-millions\">comprar boletos para Mega Million aqu\u00ed mismo en nuestro sitio<\/a>. No s\u00f3lo eso, sino que aqu\u00ed en jackpotlotteryonline.com, tambi\u00e9n le damos la oportunidad de ganar varias de las mejores loter\u00edas internacionales. Por lo tanto, si usted quiere intentar ganar loter\u00edas de Australia, Europa o Am\u00e9rica, entonces qu\u00e9dese con nosotros.<\/p>\n<section class=\"layout\" style=\"border: solid 1px; width: 100%;\">\n<div class=\"img-div\" style=\"margin-top: 5px;\"><img decoding=\"async\" class=\"wp-image-17212 alignleft\" style=\"height: 45px; margin: 8px 8px 0px;\" src=\"http:\/\/jackpotlotteryonline.com\/wp-content\/uploads\/2022\/11\/read1.jpg\" alt=\"leer\" width=\"\" height=\"\" \/><\/div>\n<div style=\"padding-left: 5px;\">\n<div style=\"font-size: 1.1em;\">\n<p><strong>Loter\u00edas europeas<\/strong><\/p>\n<p style=\"font-size: 0.85em; margin-top: -1.5em;\">\u00bfQu\u00e9 loter\u00edas europeas son las mejores?\u00a0 <a href=\"https:\/\/jackpotlotteryonline.com\/es\/que-loterias-europeas-son-las-mejores\"> preberi ve\u010d<\/a><\/p>\n<\/div>\n<\/div>\n<\/section>\n<p>Ah, y le diremos c\u00f3mo puede acceder a sus ganancias de Mega Millions tambi\u00e9n. No tiene sentido <a href=\"https:\/\/jackpotlotteryonline.com\/es\/como-se-juega\/mega-millions\">jugar a Mega Millions<\/a>, ganar y no poder acceder a su premio. As\u00ed que rel\u00e1jese y siga leyendo para descubrir todo lo que necesita saber sobre los n\u00fameros ganadores de Mega Millions.<\/p>\n<h2>C\u00f3mo elegir los n\u00fameros ganadores de Mega Millions<\/h2>\n<p><img loading=\"lazy\" decoding=\"async\" class=\"alignright size-full wp-image-31073\" src=\"http:\/\/jackpotlotteryonline.com\/wp-content\/uploads\/2022\/11\/logo_Mega_Millions_233x110.png\" alt=\"comprar billete de mega millions online\" width=\"232\" height=\"110\" \/>Todos los que compran un billete de loter\u00eda esperan que, de alguna manera, les toque el billete ganador. Es un instinto humano natural. Sabemos que las probabilidades pueden ser altas, pero alguien tiene que conseguir el boleto ganador. Y, bien podr\u00edas ser t\u00fa, \u00bfverdad? Pero, \u00bfc\u00f3mo se hace eso? Bueno, hay algunos trucos que los jugadores utilizan para elegir los n\u00fameros ganadores.<\/p>\n<p>Seremos francos y le diremos que no hay ninguna forma garantizada de conseguir el boleto ganador. Es un juego de azar y cada jugador s\u00f3lo tiene que probar su suerte. Dicho esto, hay formas de ayudar a sentirse afortunado. Para ello, los n\u00fameros ganadores que elija son muy importantes.<\/p>\n<p>B\u00e1sicamente, puedes elegir los n\u00fameros ganadores escogiendo las fechas de la suerte. Algunas personas consideran afortunadas las fechas en las que nacieron. Se dice que algunas personas nacieron bajo una estrella de la suerte. Si te sientes como uno de ellos, entonces puedes usar toda o parte de tu fecha de nacimiento para tu boleto de loter\u00eda. Si no se siente tan afortunado, entonces utilice el generador autom\u00e1tico para elegir los n\u00fameros ganadores al azar.<\/p>\n<h2>Ganar Mega Millions online<\/h2>\n<p>Las reglas del juego son las mismas tanto si juega en l\u00ednea como fuera de l\u00ednea. Le explicaremos el proceso de elecci\u00f3n de los n\u00fameros ganadores en l\u00ednea. Una vez que lo consiga, no querr\u00e1 jugar a la loter\u00eda de otra manera. Hay algo incre\u00edble en no tener que ir a ning\u00fan sitio para comprar su billete de loter\u00eda. S\u00f3lo tiene que utilizar su ordenador o dispositivo m\u00f3vil.<\/p>\n<p>Primero, las reglas. Para Mega Millions, tiene que elegir 5 n\u00fameros entre el 1 y el 70 y una Mega Ball del 1 al 25. Una vez que elija su combinaci\u00f3n ganadora, podr\u00e1 participar en los sorteos. Los d\u00edas de los sorteos son el martes y el viernes de cada semana. Tiene la opci\u00f3n de participar en un solo sorteo o en ambos.<\/p>\n<p>Tambi\u00e9n puede participar en los sorteos con varias semanas de antelaci\u00f3n. Si acierta la combinaci\u00f3n ganadora, ganar\u00e1 a lo grande. Antes de pagar sus participaciones, le pediremos que se registre. Esto es para facilitarle el acceso y la reclamaci\u00f3n de sus ganancias. Pero eso lo explicaremos m\u00e1s adelante, siga leyendo.<\/p>\n<h2>Comprobaci\u00f3n de los n\u00fameros ganadores<\/h2>\n<p>El bote de Mega Millions comienza en 40 millones de d\u00f3lares. Ese es el m\u00ednimo garantizado y el premio mayor no baja de esa cifra. Si no aparece ning\u00fan n\u00famero ganador despu\u00e9s de los sorteos, el bote pasa al siguiente sorteo. El bote sigue rodando hasta que se encuentra un boleto ganador.<\/p>\n<p>Para comprobar los resultados ganadores de la loter\u00eda Mega Millions, simplemente vuelva a esta p\u00e1gina despu\u00e9s de cada sorteo. As\u00ed de sencillo. Publicamos los resultados ganadores de cada sorteo en esta p\u00e1gina y esto incluye las otras categor\u00edas de premios tambi\u00e9n. S\u00ed, ganar el bote no es todo lo que puede ganar cuando juega a Mega Millions.<\/p>\n<p>Si gana alg\u00fan premio, le informaremos inmediatamente por correo electr\u00f3nico para que pueda reclamar sus ganancias.<\/p>\n<h2>Categor\u00edas de premios de Mega Millions<\/h2>\n<p>Bien, sabemos que probablemente sienta curiosidad por ganar otros premios cuando juega a esta loter\u00eda. Todos esperamos ganar la loter\u00eda, pero cuando se apunta a las estrellas, a veces se toca el cielo. Y estos premios son bastante impresionantes. As\u00ed que, aqu\u00ed est\u00e1 el desglose de los premios.<\/p>\n<p>Divisi\u00f3n 1: 5 + Mega Ball &#8211; Jackpot<\/p>\n<p>Divisi\u00f3n 2: 5 &#8211; $1,000,000<\/p>\n<p>Divisi\u00f3n 3: 4 + Mega Ball &#8211; $10,000<\/p>\n<p>Divisi\u00f3n 4: 4 &#8211; $500<\/p>\n<p>Divisi\u00f3n 5: 3 + Mega Ball &#8211; $200<\/p>\n<p>Divisi\u00f3n 6: 3 &#8211; $10<\/p>\n<p>Divisi\u00f3n 7: 2 + Mega Ball &#8211; $10<\/p>\n<p>Divisi\u00f3n 8: 1 + Mega Ball &#8211; $4<\/p>\n<p>Divisi\u00f3n 8: S\u00f3lo Mega Ball &#8211; $2<\/p>\n<p>Ganar el premio del segundo nivel tambi\u00e9n ser\u00eda muy notable, \u00bfverdad? Nosotros tambi\u00e9n lo creemos.<\/p>\n<h2>C\u00f3mo reclamar su premio<\/h2>\n<p><img loading=\"lazy\" decoding=\"async\" class=\"alignright size-full wp-image-19115\" src=\"http:\/\/jackpotlotteryonline.com\/wp-content\/uploads\/2022\/10\/2_ticket_mega_millions3.jpg\" alt=\"escanear el billete de mega millions\" width=\"180\" height=\"193\" \/>Est\u00e1 muy bien jugar a la loter\u00eda online, pero \u00bfc\u00f3mo reclamar el premio? Bueno, eso tambi\u00e9n lo tenemos cubierto. Si compr\u00f3 su billete de loter\u00eda en jackpotlotteryonline.com, puede acceder f\u00e1cilmente a sus ganancias. Una vez que ingrese a su cuenta, simplemente cobre desde nuestra plataforma a su banco.<\/p>\n<p>Este proceso sin complicaciones es la principal raz\u00f3n por la que pedimos a nuestros clientes que se registren. Hace que sea mucho m\u00e1s f\u00e1cil retirar su ganancia, sin importar d\u00f3nde viva.<\/p>\n<p>Tenga en cuenta que esto suele ser para ganancias inferiores a 2.500 euros. Si sus ganancias son superiores a 2.500 euros, es posible que tenga que ponerse en contacto directamente con la empresa de loter\u00eda para reclamar su premio. Pero eso no es un problema, ya que le ayudaremos a rellenar un formulario de reclamaci\u00f3n.<\/p>\n<h2>Por qu\u00e9 deber\u00eda jugar a la loter\u00eda en jackpotlotteryonline.com<\/h2>\n<p>Todo lo que hacemos en jackpotlotteryonline.com est\u00e1 enfocado en darle una experiencia fant\u00e1stica cuando juega a Mega Millions. Hay muchas cosas en la vida que son dif\u00edciles, pero ganar la loter\u00eda no deber\u00eda ser una de ellas. Por eso, nosotros nos encargamos de todos esos peque\u00f1os detalles molestos para que usted pueda concentrarse en divertirse.<\/p>\n<p>Adem\u00e1s, somos un sitio de conserjer\u00eda. Esto significa que damos a nuestros clientes la oportunidad de ganar la loter\u00eda. No se apuesta al resultado de Mega Millions como ocurre con tantos sitios de loter\u00eda. En realidad damos a nuestros clientes acceso a las loter\u00edas internacionales ganadoras como Mega Millions. Cuando usted compra boletos en nuestro sitio, si usted tiene el boleto ganador, usted gana la loter\u00eda.<\/p>\n<p>Facilitamos a nuestros clientes la comprobaci\u00f3n de los n\u00fameros ganadores de Mega Millions as\u00ed como el historial de sorteos. Comprobar el historial del sorteo ayuda a los jugadores a crear su estrategia de juego ganadora. Por \u00faltimo, acceder a sus ganancias es tan sencillo como un clic. Disfrute de la loter\u00eda Mega Millions hoy mismo registr\u00e1ndose con nosotros.<\/p>\n","protected":false},"excerpt":{"rendered":"<p>Mega Millions es conocido por sus mega botes y a los jugadores de todo el mundo les encanta la idea de ganar esta loter\u00eda. Ganar la loter\u00eda Mega Millions es el sue\u00f1o americano y millones de jugadores se esfuerzan por conseguirlo. Afortunadamente, los jugadores de todo el mundo tienen ahora la oportunidad de ganar Mega [&hellip;]<\/p>\n","protected":false},"author":1,"featured_media":0,"parent":35856,"menu_order":2,"comment_status":"closed","ping_status":"closed","template":"megamillion-results.php","meta":{"_et_pb_use_builder":"","_et_pb_old_content":"","_et_gb_content_width":"","exclude_from_search":false,"footnotes":""},"class_list":["post-40564","page","type-page","status-publish","hentry"],"yoast_head":"<!-- This site is optimized with the Yoast SEO plugin v23.3 - https:\/\/yoast.com\/wordpress\/plugins\/seo\/ -->\n<title>N\u00fameros ganadores de Mega Millions y resultados del sorteo<\/title>\n<meta name=\"description\" content=\"Encuentra los resultados de los sorteos de Mega Millions de esta semana y anteriores y el n\u00famero ganador aqu\u00ed en nuestra web\" \/>\n<meta name=\"robots\" content=\"index, follow, max-snippet:-1, max-image-preview:large, max-video-preview:-1\" \/>\n<link rel=\"canonical\" href=\"https:\/\/jackpotlotteryonline.com\/es\/numeros-ganadores\/mega-millions\/\" \/>\n<meta property=\"og:locale\" content=\"es_ES\" \/>\n<meta property=\"og:type\" content=\"article\" \/>\n<meta property=\"og:title\" content=\"N\u00fameros ganadores de Mega Millions y resultados del sorteo\" \/>\n<meta property=\"og:description\" content=\"Encuentra los resultados de los sorteos de Mega Millions de esta semana y anteriores y el n\u00famero ganador aqu\u00ed en nuestra web\" \/>\n<meta property=\"og:url\" content=\"https:\/\/jackpotlotteryonline.com\/es\/numeros-ganadores\/mega-millions\/\" \/>\n<meta property=\"og:site_name\" content=\"Lotto Online - Crack The International Lottery Jackpots\" \/>\n<meta property=\"article:modified_time\" content=\"2022-12-26T20:57:53+00:00\" \/>\n<meta property=\"og:image\" content=\"http:\/\/jackpotlotteryonline.com\/wp-content\/uploads\/2022\/11\/read1.jpg\" \/>\n<meta name=\"twitter:card\" content=\"summary_large_image\" \/>\n<meta name=\"twitter:label1\" content=\"Tiempo de lectura\" \/>\n\t<meta name=\"twitter:data1\" content=\"6 minutos\" \/>\n<!-- \/ Yoast SEO plugin. -->","yoast_head_json":{"title":"N\u00fameros ganadores de Mega Millions y resultados del sorteo","description":"Encuentra los resultados de los sorteos de Mega Millions de esta semana y anteriores y el n\u00famero ganador aqu\u00ed en nuestra web","robots":{"index":"index","follow":"follow","max-snippet":"max-snippet:-1","max-image-preview":"max-image-preview:large","max-video-preview":"max-video-preview:-1"},"canonical":"https:\/\/jackpotlotteryonline.com\/es\/numeros-ganadores\/mega-millions\/","og_locale":"es_ES","og_type":"article","og_title":"N\u00fameros ganadores de Mega Millions y resultados del sorteo","og_description":"Encuentra los resultados de los sorteos de Mega Millions de esta semana y anteriores y el n\u00famero ganador aqu\u00ed en nuestra web","og_url":"https:\/\/jackpotlotteryonline.com\/es\/numeros-ganadores\/mega-millions\/","og_site_name":"Lotto Online - Crack The International Lottery Jackpots","article_modified_time":"2022-12-26T20:57:53+00:00","og_image":[{"url":"http:\/\/jackpotlotteryonline.com\/wp-content\/uploads\/2022\/11\/read1.jpg"}],"twitter_card":"summary_large_image","twitter_misc":{"Tiempo de lectura":"6 minutos"},"schema":{"@context":"https:\/\/schema.org","@graph":[{"@type":"WebPage","@id":"https:\/\/jackpotlotteryonline.com\/es\/numeros-ganadores\/mega-millions\/","url":"https:\/\/jackpotlotteryonline.com\/es\/numeros-ganadores\/mega-millions\/","name":"N\u00fameros ganadores de Mega Millions y resultados del sorteo","isPartOf":{"@id":"https:\/\/jackpotlotteryonline.com\/#website"},"primaryImageOfPage":{"@id":"https:\/\/jackpotlotteryonline.com\/es\/numeros-ganadores\/mega-millions\/#primaryimage"},"image":{"@id":"https:\/\/jackpotlotteryonline.com\/es\/numeros-ganadores\/mega-millions\/#primaryimage"},"thumbnailUrl":"http:\/\/jackpotlotteryonline.com\/wp-content\/uploads\/2022\/11\/read1.jpg","datePublished":"2022-12-05T12:04:20+00:00","dateModified":"2022-12-26T20:57:53+00:00","description":"Encuentra los resultados de los sorteos de Mega Millions de esta semana y anteriores y el n\u00famero ganador aqu\u00ed en nuestra web","breadcrumb":{"@id":"https:\/\/jackpotlotteryonline.com\/es\/numeros-ganadores\/mega-millions\/#breadcrumb"},"inLanguage":"es","potentialAction":[{"@type":"ReadAction","target":["https:\/\/jackpotlotteryonline.com\/es\/numeros-ganadores\/mega-millions\/"]}]},{"@type":"ImageObject","inLanguage":"es","@id":"https:\/\/jackpotlotteryonline.com\/es\/numeros-ganadores\/mega-millions\/#primaryimage","url":"http:\/\/jackpotlotteryonline.com\/wp-content\/uploads\/2022\/11\/read1.jpg","contentUrl":"http:\/\/jackpotlotteryonline.com\/wp-content\/uploads\/2022\/11\/read1.jpg"},{"@type":"BreadcrumbList","@id":"https:\/\/jackpotlotteryonline.com\/es\/numeros-ganadores\/mega-millions\/#breadcrumb","itemListElement":[{"@type":"ListItem","position":1,"name":"Home","item":"https:\/\/jackpotlotteryonline.com\/es\/"},{"@type":"ListItem","position":2,"name":"Resultados de la loter\u00eda","item":"https:\/\/jackpotlotteryonline.com\/winning-numbers\/"},{"@type":"ListItem","position":3,"name":"Resultados del sorteo de Mega Millions"}]},{"@type":"WebSite","@id":"https:\/\/jackpotlotteryonline.com\/#website","url":"https:\/\/jackpotlotteryonline.com\/","name":"Lotto Online - Crack The International Lottery Jackpots","description":"","potentialAction":[{"@type":"SearchAction","target":{"@type":"EntryPoint","urlTemplate":"https:\/\/jackpotlotteryonline.com\/?s={search_term_string}"},"query-input":"required name=search_term_string"}],"inLanguage":"es"}]}},"_links":{"self":[{"href":"https:\/\/jackpotlotteryonline.com\/es\/wp-json\/wp\/v2\/pages\/40564","targetHints":{"allow":["GET"]}}],"collection":[{"href":"https:\/\/jackpotlotteryonline.com\/es\/wp-json\/wp\/v2\/pages"}],"about":[{"href":"https:\/\/jackpotlotteryonline.com\/es\/wp-json\/wp\/v2\/types\/page"}],"author":[{"embeddable":true,"href":"https:\/\/jackpotlotteryonline.com\/es\/wp-json\/wp\/v2\/users\/1"}],"replies":[{"embeddable":true,"href":"https:\/\/jackpotlotteryonline.com\/es\/wp-json\/wp\/v2\/comments?post=40564"}],"version-history":[{"count":0,"href":"https:\/\/jackpotlotteryonline.com\/es\/wp-json\/wp\/v2\/pages\/40564\/revisions"}],"up":[{"embeddable":true,"href":"https:\/\/jackpotlotteryonline.com\/es\/wp-json\/wp\/v2\/pages\/35856"}],"wp:attachment":[{"href":"https:\/\/jackpotlotteryonline.com\/es\/wp-json\/wp\/v2\/media?parent=40564"}],"curies":[{"name":"wp","href":"https:\/\/api.w.org\/{rel}","templated":true}]}}