{"id":40617,"date":"2022-12-05T13:43:55","date_gmt":"2022-12-05T13:43:55","guid":{"rendered":"https:\/\/jackpotlotteryonline.com\/?page_id=40617"},"modified":"2022-12-27T08:57:52","modified_gmt":"2022-12-27T08:57:52","slug":"euromillions","status":"publish","type":"page","link":"https:\/\/jackpotlotteryonline.com\/es\/numeros-ganadores\/euromillions\/","title":{"rendered":"Resultados del sorteo de Euromillones"},"content":{"rendered":"<p>Los jugadores que compran billetes de loter\u00eda a menudo se preocupan por perder sus premios de loter\u00eda. Esto se debe a que la gente se descuida y los boletos se pierden; sin su boleto de loter\u00eda no puede reclamar su premio. Pero cuando juegas a la loter\u00eda en l\u00ednea, no tienes que preocuparte por los boletos perdidos porque todo es digital. Sin embargo, comprobar los n\u00fameros ganadores podr\u00eda seguir siendo un problema si no sabe qu\u00e9 hacer. Y, por eso estamos aqu\u00ed.<\/p>\n<p>En jackpotlotteryonline.com damos a los jugadores acceso a las mejores loter\u00edas internacionales en l\u00ednea. Tambi\u00e9n te facilitamos la compra de tus billetes de loter\u00eda y la comprobaci\u00f3n de los n\u00fameros ganadores de Euromillones desde donde est\u00e9s.<\/p>\n<h2>\u00bfC\u00f3mo ganar el bote?<\/h2>\n<p><img loading=\"lazy\" decoding=\"async\" class=\"alignright size-full wp-image-31019\" src=\"http:\/\/jackpotlotteryonline.com\/wp-content\/uploads\/2022\/11\/euromillions.png\" alt=\"ganar Euromillones\" width=\"200\" height=\"212\" \/>Esta es una pregunta esencial, ya que todos los que juegan a la loter\u00eda quisieran saber qu\u00e9 se necesita para ganar. La respuesta sencilla es que para ganar la loter\u00eda, el jugador s\u00f3lo tiene que acertar los n\u00fameros sorteados. Por supuesto, todos sabemos que no es tan sencillo. La loter\u00eda depende mucho de la suerte.<\/p>\n<p>En el caso de Euromillones, el jugador tiene que elegir 5 d\u00edgitos del 1 al 70 y 2 Lucky Stars. Quien acierte los 7 d\u00edgitos sorteados gana la loter\u00eda.<\/p>\n<p>Puede consultar aqu\u00ed las combinaciones anteriores para averiguar qu\u00e9 d\u00edgitos se repiten m\u00e1s o menos. Esto podr\u00eda ayudarle a planificar su estrategia ganadora para la loter\u00eda europea.<\/p>\n<h2>C\u00f3mo comprobar el ganador<\/h2>\n<p>Hay varias maneras de comprobar el ganador de la loter\u00eda en l\u00ednea. Sin embargo, el problema de consultar cualquier sitio al azar es que es posible que no obtenga informaci\u00f3n precisa. Adem\u00e1s, si consulta los sitios de noticias es posible que s\u00f3lo se entere de la combinaci\u00f3n ganadora del premio gordo.<\/p>\n<p>La loter\u00eda europea tiene varias categor\u00edas de premios y, aunque no ganes el premio mayor, podr\u00edas irte a casa con una buena cantidad. Por eso es importante comprobar su billete con las otras divisiones de premios.<\/p>\n<p>Si <a href=\"https:\/\/jackpotlotteryonline.com\/es\/comprar-boletos\/euromillions\">compra su billete de loter\u00eda<\/a> en jackpotlotteryonline.com, le mandaremos un email en cuanto gane un premio. As\u00ed no tiene que preocuparse de perder sus premios.<\/p>\n<h2>Acceso a su premio<\/h2>\n<p>Como usted est\u00e1<a href=\"https:\/\/jackpotlotteryonline.com\/es\/como-se-juega\/euromillions\"> jugando a la loter\u00eda en l\u00ednea<\/a>, es natural preguntarse qu\u00e9 sucede cuando usted gana un premio. Si juega con nosotros, acceder a su premio es tan sencillo como comprar su billete. Con esto queremos decir que puede retirar f\u00e1cilmente sus ganancias desde nuestro sitio. Sin complicaciones y sin problemas.<\/p>\n<p>Si gana el bote o una cantidad superior a 2500 euros, entonces es posible que tenga que rellenar un formulario de reclamaciones. Pero no se preocupe, no es un proceso complejo y le guiaremos a trav\u00e9s de \u00e9l.<\/p>\n<section class=\"layout\" style=\"border: solid 1px; width: 100%;\">\n<div class=\"img-div\" style=\"margin-top: 5px;\"><img decoding=\"async\" class=\"wp-image-17212 alignleft\" style=\"height: 45px; margin: 8px 8px 0px;\" src=\"http:\/\/jackpotlotteryonline.com\/wp-content\/uploads\/2022\/11\/read1.jpg\" alt=\"leer\" width=\"\" height=\"\" \/><\/div>\n<div style=\"padding-left: 5px;\">\n<div style=\"font-size: 1.1em;\">\n<p><strong>\u00bfC\u00f3mo me pagan si gano la loter\u00eda en l\u00ednea?<\/strong><\/p>\n<p style=\"font-size: 0.85em; margin-top: -1.5em;\">As\u00ed recibe su dinero si gana la loter\u00eda online\u00a0<a href=\"https:\/\/jackpotlotteryonline.com\/es\/como-me-pagan-si-gano-la-loteria-en-linea\"> Seguir leyendo<\/a><\/p>\n<\/div>\n<\/div>\n<\/section>\n<h2>Compruebe sus n\u00fameros ganadores de Euromillones hoy mismo<\/h2>\n<p>Hemos trabajado duro para crear un entorno online seguro para nuestros jugadores. Le proporcionamos todo lo que necesita para jugar c\u00f3modamente a la loter\u00eda. Con nosotros, tiene acceso a las mejores loter\u00edas internacionales y puede participar en varios sorteos por adelantado. Adem\u00e1s, puede comprobar f\u00e1cilmente los sorteos aqu\u00ed mismo y retirar sus ganancias.<\/p>\n","protected":false},"excerpt":{"rendered":"<p>Los jugadores que compran billetes de loter\u00eda a menudo se preocupan por perder sus premios de loter\u00eda. Esto se debe a que la gente se descuida y los boletos se pierden; sin su boleto de loter\u00eda no puede reclamar su premio. Pero cuando juegas a la loter\u00eda en l\u00ednea, no tienes que preocuparte por los [&hellip;]<\/p>\n","protected":false},"author":1,"featured_media":0,"parent":35856,"menu_order":3,"comment_status":"closed","ping_status":"closed","template":"euromillions-results.php","meta":{"_et_pb_use_builder":"","_et_pb_old_content":"","_et_gb_content_width":"","exclude_from_search":false,"footnotes":""},"class_list":["post-40617","page","type-page","status-publish","hentry"],"yoast_head":"<!-- This site is optimized with the Yoast SEO plugin v23.3 - https:\/\/yoast.com\/wordpress\/plugins\/seo\/ -->\n<title>N\u00fameros ganadores de Euromillones y resultados del sorteo<\/title>\n<meta name=\"description\" content=\"Resultados del sorteo de Euromillones: n\u00fameros ganadores del \u00faltimo sorteo, as\u00ed como un archivo de resultados anteriores\" \/>\n<meta name=\"robots\" content=\"index, follow, max-snippet:-1, max-image-preview:large, max-video-preview:-1\" \/>\n<link rel=\"canonical\" href=\"https:\/\/jackpotlotteryonline.com\/es\/numeros-ganadores\/euromillions\/\" \/>\n<meta property=\"og:locale\" content=\"es_ES\" \/>\n<meta property=\"og:type\" content=\"article\" \/>\n<meta property=\"og:title\" content=\"N\u00fameros ganadores de Euromillones y resultados del sorteo\" \/>\n<meta property=\"og:description\" content=\"Resultados del sorteo de Euromillones: n\u00fameros ganadores del \u00faltimo sorteo, as\u00ed como un archivo de resultados anteriores\" \/>\n<meta property=\"og:url\" content=\"https:\/\/jackpotlotteryonline.com\/es\/numeros-ganadores\/euromillions\/\" \/>\n<meta property=\"og:site_name\" content=\"Lotto Online - Crack The International Lottery Jackpots\" \/>\n<meta property=\"article:modified_time\" content=\"2022-12-27T08:57:52+00:00\" \/>\n<meta property=\"og:image\" content=\"http:\/\/jackpotlotteryonline.com\/wp-content\/uploads\/2022\/11\/euromillions.png\" \/>\n<meta name=\"twitter:card\" content=\"summary_large_image\" \/>\n<meta name=\"twitter:label1\" content=\"Tiempo de lectura\" \/>\n\t<meta name=\"twitter:data1\" content=\"3 minutos\" \/>\n<!-- \/ Yoast SEO plugin. -->","yoast_head_json":{"title":"N\u00fameros ganadores de Euromillones y resultados del sorteo","description":"Resultados del sorteo de Euromillones: n\u00fameros ganadores del \u00faltimo sorteo, as\u00ed como un archivo de resultados anteriores","robots":{"index":"index","follow":"follow","max-snippet":"max-snippet:-1","max-image-preview":"max-image-preview:large","max-video-preview":"max-video-preview:-1"},"canonical":"https:\/\/jackpotlotteryonline.com\/es\/numeros-ganadores\/euromillions\/","og_locale":"es_ES","og_type":"article","og_title":"N\u00fameros ganadores de Euromillones y resultados del sorteo","og_description":"Resultados del sorteo de Euromillones: n\u00fameros ganadores del \u00faltimo sorteo, as\u00ed como un archivo de resultados anteriores","og_url":"https:\/\/jackpotlotteryonline.com\/es\/numeros-ganadores\/euromillions\/","og_site_name":"Lotto Online - Crack The International Lottery Jackpots","article_modified_time":"2022-12-27T08:57:52+00:00","og_image":[{"url":"http:\/\/jackpotlotteryonline.com\/wp-content\/uploads\/2022\/11\/euromillions.png"}],"twitter_card":"summary_large_image","twitter_misc":{"Tiempo de lectura":"3 minutos"},"schema":{"@context":"https:\/\/schema.org","@graph":[{"@type":"WebPage","@id":"https:\/\/jackpotlotteryonline.com\/es\/numeros-ganadores\/euromillions\/","url":"https:\/\/jackpotlotteryonline.com\/es\/numeros-ganadores\/euromillions\/","name":"N\u00fameros ganadores de Euromillones y resultados del sorteo","isPartOf":{"@id":"https:\/\/jackpotlotteryonline.com\/#website"},"primaryImageOfPage":{"@id":"https:\/\/jackpotlotteryonline.com\/es\/numeros-ganadores\/euromillions\/#primaryimage"},"image":{"@id":"https:\/\/jackpotlotteryonline.com\/es\/numeros-ganadores\/euromillions\/#primaryimage"},"thumbnailUrl":"http:\/\/jackpotlotteryonline.com\/wp-content\/uploads\/2022\/11\/euromillions.png","datePublished":"2022-12-05T13:43:55+00:00","dateModified":"2022-12-27T08:57:52+00:00","description":"Resultados del sorteo de Euromillones: n\u00fameros ganadores del \u00faltimo sorteo, as\u00ed como un archivo de resultados anteriores","breadcrumb":{"@id":"https:\/\/jackpotlotteryonline.com\/es\/numeros-ganadores\/euromillions\/#breadcrumb"},"inLanguage":"es","potentialAction":[{"@type":"ReadAction","target":["https:\/\/jackpotlotteryonline.com\/es\/numeros-ganadores\/euromillions\/"]}]},{"@type":"ImageObject","inLanguage":"es","@id":"https:\/\/jackpotlotteryonline.com\/es\/numeros-ganadores\/euromillions\/#primaryimage","url":"http:\/\/jackpotlotteryonline.com\/wp-content\/uploads\/2022\/11\/euromillions.png","contentUrl":"http:\/\/jackpotlotteryonline.com\/wp-content\/uploads\/2022\/11\/euromillions.png"},{"@type":"BreadcrumbList","@id":"https:\/\/jackpotlotteryonline.com\/es\/numeros-ganadores\/euromillions\/#breadcrumb","itemListElement":[{"@type":"ListItem","position":1,"name":"Home","item":"https:\/\/jackpotlotteryonline.com\/es\/"},{"@type":"ListItem","position":2,"name":"Resultados de la loter\u00eda","item":"https:\/\/jackpotlotteryonline.com\/winning-numbers\/"},{"@type":"ListItem","position":3,"name":"Resultados del sorteo de Euromillones"}]},{"@type":"WebSite","@id":"https:\/\/jackpotlotteryonline.com\/#website","url":"https:\/\/jackpotlotteryonline.com\/","name":"Lotto Online - Crack The International Lottery Jackpots","description":"","potentialAction":[{"@type":"SearchAction","target":{"@type":"EntryPoint","urlTemplate":"https:\/\/jackpotlotteryonline.com\/?s={search_term_string}"},"query-input":"required name=search_term_string"}],"inLanguage":"es"}]}},"_links":{"self":[{"href":"https:\/\/jackpotlotteryonline.com\/es\/wp-json\/wp\/v2\/pages\/40617","targetHints":{"allow":["GET"]}}],"collection":[{"href":"https:\/\/jackpotlotteryonline.com\/es\/wp-json\/wp\/v2\/pages"}],"about":[{"href":"https:\/\/jackpotlotteryonline.com\/es\/wp-json\/wp\/v2\/types\/page"}],"author":[{"embeddable":true,"href":"https:\/\/jackpotlotteryonline.com\/es\/wp-json\/wp\/v2\/users\/1"}],"replies":[{"embeddable":true,"href":"https:\/\/jackpotlotteryonline.com\/es\/wp-json\/wp\/v2\/comments?post=40617"}],"version-history":[{"count":0,"href":"https:\/\/jackpotlotteryonline.com\/es\/wp-json\/wp\/v2\/pages\/40617\/revisions"}],"up":[{"embeddable":true,"href":"https:\/\/jackpotlotteryonline.com\/es\/wp-json\/wp\/v2\/pages\/35856"}],"wp:attachment":[{"href":"https:\/\/jackpotlotteryonline.com\/es\/wp-json\/wp\/v2\/media?parent=40617"}],"curies":[{"name":"wp","href":"https:\/\/api.w.org\/{rel}","templated":true}]}}