{"id":40688,"date":"2022-12-06T07:36:17","date_gmt":"2022-12-06T07:36:17","guid":{"rendered":"https:\/\/jackpotlotteryonline.com\/?page_id=40688"},"modified":"2022-12-28T09:02:30","modified_gmt":"2022-12-28T09:02:30","slug":"eurojackpot","status":"publish","type":"page","link":"https:\/\/jackpotlotteryonline.com\/es\/numeros-ganadores\/eurojackpot\/","title":{"rendered":"Resultados del sorteo del Eurojackpot"},"content":{"rendered":"<p>\u00bfC\u00f3mo comprobar los n\u00fameros ganadores de la loter\u00eda Eurojackpot? Al ser una de las loter\u00edas m\u00e1s populares de Europa, los jugadores de todo el mundo est\u00e1n ansiosos por tener la oportunidad de ganar a lo grande. Si vive fuera de Europa, tambi\u00e9n puede comprar boletos para la loter\u00eda y comprobar los resultados del sorteo en l\u00ednea.<\/p>\n<p>Cuando visite jackpotlotteryonline.com tendr\u00e1 acceso a las mejores loter\u00edas internacionales de todo el mundo. Le ofrecemos una forma sencilla y c\u00f3moda de jugar a la loter\u00eda y comprobar los sorteos en un solo lugar.<\/p>\n<h2>\u00bfCu\u00e1l es la combinaci\u00f3n ganadora?<\/h2>\n<p><img loading=\"lazy\" decoding=\"async\" class=\"size-full wp-image-28751 alignright\" src=\"http:\/\/jackpotlotteryonline.com\/wp-content\/uploads\/2022\/11\/1_online_ticket_eurojackpot.jpg\" alt=\"Eurojackpot combinaciones ganadoras\" width=\"300\" height=\"210\" \/>La mayor\u00eda de la gente <a href=\"https:\/\/jackpotlotteryonline.com\/es\/como-se-juega\/eurojackpot\">juega a la loter\u00eda<\/a> para tener la oportunidad de ganar a lo grande y a los jugadores les encanta Eurojackpot por varias razones. Una de ellas es la alta probabilidad de ganar. Esta loter\u00eda ha producido muchos millonarios desde su lanzamiento.<\/p>\n<p>B\u00e1sicamente, el ganador es el boleto que acierta los n\u00fameros sorteados. Si juegas en l\u00ednea, tienes que elegir 5 d\u00edgitos de entre 1 y 50 y otros 2 del 1 al 12. El que acierte los 7 d\u00edgitos sorteados tendr\u00e1 m\u00e1s posibilidades de ganar. Quien acierte los siete d\u00edgitos sorteados gana el bote.<\/p>\n<p>A la hora de elegir sus n\u00fameros, puede elegir aquellos que sean especiales para usted o n\u00fameros aleatorios. Algunos jugadores prefieren utilizar nuestro autogenerador para elegir al azar. Lo importante es conseguir su boleto antes de los sorteos.<\/p>\n<h2>C\u00f3mo comprobar los resultados de los sorteos<\/h2>\n<p>Esta loter\u00eda europea tiene dos d\u00edas de sorteo, el martes y el viernes de cada semana. Sin embargo, esperar para ver los sorteos en directo puede resultar un poco inc\u00f3modo. Sobre todo si coincide con una funci\u00f3n importante o con su trabajo, por ejemplo. Por eso, jugar a la loter\u00eda con nosotros es una opci\u00f3n fant\u00e1stica.<\/p>\n<p>Cuando juegas con nosotros, s\u00f3lo tienes que volver a comprobar los resultados de los sorteos. Esto se debe a que publicamos los resultados de los sorteos aqu\u00ed mismo, en nuestro sitio web.<\/p>\n<p>Adem\u00e1s, si gana un premio, se lo comunicaremos en cuanto gane por correo electr\u00f3nico. Y en cuanto acceda a su cuenta en nuestra plataforma, recibir\u00e1 una alerta. Jugar a la loter\u00eda es a\u00fan m\u00e1s f\u00e1cil y c\u00f3modo cuando compra sus billetes de loter\u00eda con nosotros.<\/p>\n<h2>Qu\u00e9 hacer cuando gana<\/h2>\n<p>Nos encanta cuando nuestros clientes ganan la loter\u00eda porque para eso estamos aqu\u00ed en primer lugar. Para dar a los jugadores de todo el mundo acceso a las mejores loter\u00edas internacionales desde la comodidad de sus ordenadores o dispositivos m\u00f3viles.<\/p>\n<p>As\u00ed que, si gana un premio, no s\u00f3lo le avisaremos, sino que podr\u00e1 retirar f\u00e1cilmente sus ganancias desde nuestra plataforma. As\u00ed es. No necesitas ir a ning\u00fan sitio para acceder a tu premio de loter\u00eda, simplemente retira directamente en tu cuenta.<\/p>\n<p>Sin embargo, debemos mencionar que cuando supere cierta cantidad, es posible que tenga que rellenar un formulario de reclamaciones. Esto es para ayudarle a obtener su premio de la empresa de loter\u00eda. Pero estamos aqu\u00ed para ayudarle y hacer que el proceso sea lo m\u00e1s f\u00e1cil y sencillo posible.<\/p>\n<section class=\"layout\" style=\"border: solid 1px; width: 100%;\">\n<div class=\"img-div\" style=\"margin-top: 5px;\"><img decoding=\"async\" class=\"wp-image-17212 alignleft\" style=\"height: 45px; margin: 8px 8px 0px;\" src=\"http:\/\/jackpotlotteryonline.com\/wp-content\/uploads\/2022\/11\/read1.jpg\" alt=\"leer\" width=\"\" height=\"\" \/><\/div>\n<div style=\"padding-left: 5px;\">\n<div style=\"font-size: 1.1em;\">\n<p><strong>\u00bfC\u00f3mo me pagan si gano la loter\u00eda en l\u00ednea?<\/strong><\/p>\n<p style=\"font-size: 0.85em; margin-top: -1.5em;\">As\u00ed recibe su dinero si gana la loter\u00eda online\u00a0<a href=\"https:\/\/jackpotlotteryonline.com\/es\/como-me-pagan-si-gano-la-loteria-en-linea\"> Seguir leyendo<\/a><\/p>\n<\/div>\n<\/div>\n<\/section>\n<h2>Compruebe sus n\u00fameros ganadores de Eurojackpot aqu\u00ed<\/h2>\n<p><a href=\"https:\/\/jackpotlotteryonline.com\/es\/comprar-boletos\/eurojackpot\">Compre sus billetes de loter\u00eda<\/a>, participe en los sorteos y compruebe los resultados de los sorteos, todo desde un \u00fanico sitio. Visite jackpotlotteryonline.com hoy mismo.<\/p>\n","protected":false},"excerpt":{"rendered":"<p>\u00bfC\u00f3mo comprobar los n\u00fameros ganadores de la loter\u00eda Eurojackpot? Al ser una de las loter\u00edas m\u00e1s populares de Europa, los jugadores de todo el mundo est\u00e1n ansiosos por tener la oportunidad de ganar a lo grande. Si vive fuera de Europa, tambi\u00e9n puede comprar boletos para la loter\u00eda y comprobar los resultados del sorteo en [&hellip;]<\/p>\n","protected":false},"author":1,"featured_media":0,"parent":35856,"menu_order":4,"comment_status":"closed","ping_status":"closed","template":"eurojackpot-results.php","meta":{"_et_pb_use_builder":"","_et_pb_old_content":"","_et_gb_content_width":"","exclude_from_search":false,"footnotes":""},"class_list":["post-40688","page","type-page","status-publish","hentry"],"yoast_head":"<!-- This site is optimized with the Yoast SEO plugin v23.3 - https:\/\/yoast.com\/wordpress\/plugins\/seo\/ -->\n<title>Eurojackpot n\u00fameros ganadores y resultados del sorteo<\/title>\n<meta name=\"description\" content=\"\u00bfQuieres saber los n\u00fameros ganadores del Eurojackpot? \u00a1Comprueba aqu\u00ed todos los resultados de los sorteos de Eurojackpot y muchas otras loter\u00edas!\" \/>\n<meta name=\"robots\" content=\"index, follow, max-snippet:-1, max-image-preview:large, max-video-preview:-1\" \/>\n<link rel=\"canonical\" href=\"https:\/\/jackpotlotteryonline.com\/es\/numeros-ganadores\/eurojackpot\/\" \/>\n<meta property=\"og:locale\" content=\"es_ES\" \/>\n<meta property=\"og:type\" content=\"article\" \/>\n<meta property=\"og:title\" content=\"Eurojackpot n\u00fameros ganadores y resultados del sorteo\" \/>\n<meta property=\"og:description\" content=\"\u00bfQuieres saber los n\u00fameros ganadores del Eurojackpot? \u00a1Comprueba aqu\u00ed todos los resultados de los sorteos de Eurojackpot y muchas otras loter\u00edas!\" \/>\n<meta property=\"og:url\" content=\"https:\/\/jackpotlotteryonline.com\/es\/numeros-ganadores\/eurojackpot\/\" \/>\n<meta property=\"og:site_name\" content=\"Lotto Online - Crack The International Lottery Jackpots\" \/>\n<meta property=\"article:modified_time\" content=\"2022-12-28T09:02:30+00:00\" \/>\n<meta property=\"og:image\" content=\"http:\/\/jackpotlotteryonline.com\/wp-content\/uploads\/2022\/11\/1_online_ticket_eurojackpot.jpg\" \/>\n<meta name=\"twitter:card\" content=\"summary_large_image\" \/>\n<meta name=\"twitter:label1\" content=\"Tiempo de lectura\" \/>\n\t<meta name=\"twitter:data1\" content=\"3 minutos\" \/>\n<!-- \/ Yoast SEO plugin. -->","yoast_head_json":{"title":"Eurojackpot n\u00fameros ganadores y resultados del sorteo","description":"\u00bfQuieres saber los n\u00fameros ganadores del Eurojackpot? \u00a1Comprueba aqu\u00ed todos los resultados de los sorteos de Eurojackpot y muchas otras loter\u00edas!","robots":{"index":"index","follow":"follow","max-snippet":"max-snippet:-1","max-image-preview":"max-image-preview:large","max-video-preview":"max-video-preview:-1"},"canonical":"https:\/\/jackpotlotteryonline.com\/es\/numeros-ganadores\/eurojackpot\/","og_locale":"es_ES","og_type":"article","og_title":"Eurojackpot n\u00fameros ganadores y resultados del sorteo","og_description":"\u00bfQuieres saber los n\u00fameros ganadores del Eurojackpot? \u00a1Comprueba aqu\u00ed todos los resultados de los sorteos de Eurojackpot y muchas otras loter\u00edas!","og_url":"https:\/\/jackpotlotteryonline.com\/es\/numeros-ganadores\/eurojackpot\/","og_site_name":"Lotto Online - Crack The International Lottery Jackpots","article_modified_time":"2022-12-28T09:02:30+00:00","og_image":[{"url":"http:\/\/jackpotlotteryonline.com\/wp-content\/uploads\/2022\/11\/1_online_ticket_eurojackpot.jpg"}],"twitter_card":"summary_large_image","twitter_misc":{"Tiempo de lectura":"3 minutos"},"schema":{"@context":"https:\/\/schema.org","@graph":[{"@type":"WebPage","@id":"https:\/\/jackpotlotteryonline.com\/es\/numeros-ganadores\/eurojackpot\/","url":"https:\/\/jackpotlotteryonline.com\/es\/numeros-ganadores\/eurojackpot\/","name":"Eurojackpot n\u00fameros ganadores y resultados del sorteo","isPartOf":{"@id":"https:\/\/jackpotlotteryonline.com\/#website"},"primaryImageOfPage":{"@id":"https:\/\/jackpotlotteryonline.com\/es\/numeros-ganadores\/eurojackpot\/#primaryimage"},"image":{"@id":"https:\/\/jackpotlotteryonline.com\/es\/numeros-ganadores\/eurojackpot\/#primaryimage"},"thumbnailUrl":"http:\/\/jackpotlotteryonline.com\/wp-content\/uploads\/2022\/11\/1_online_ticket_eurojackpot.jpg","datePublished":"2022-12-06T07:36:17+00:00","dateModified":"2022-12-28T09:02:30+00:00","description":"\u00bfQuieres saber los n\u00fameros ganadores del Eurojackpot? \u00a1Comprueba aqu\u00ed todos los resultados de los sorteos de Eurojackpot y muchas otras loter\u00edas!","breadcrumb":{"@id":"https:\/\/jackpotlotteryonline.com\/es\/numeros-ganadores\/eurojackpot\/#breadcrumb"},"inLanguage":"es","potentialAction":[{"@type":"ReadAction","target":["https:\/\/jackpotlotteryonline.com\/es\/numeros-ganadores\/eurojackpot\/"]}]},{"@type":"ImageObject","inLanguage":"es","@id":"https:\/\/jackpotlotteryonline.com\/es\/numeros-ganadores\/eurojackpot\/#primaryimage","url":"http:\/\/jackpotlotteryonline.com\/wp-content\/uploads\/2022\/11\/1_online_ticket_eurojackpot.jpg","contentUrl":"http:\/\/jackpotlotteryonline.com\/wp-content\/uploads\/2022\/11\/1_online_ticket_eurojackpot.jpg"},{"@type":"BreadcrumbList","@id":"https:\/\/jackpotlotteryonline.com\/es\/numeros-ganadores\/eurojackpot\/#breadcrumb","itemListElement":[{"@type":"ListItem","position":1,"name":"Home","item":"https:\/\/jackpotlotteryonline.com\/es\/"},{"@type":"ListItem","position":2,"name":"Resultados de la loter\u00eda","item":"https:\/\/jackpotlotteryonline.com\/winning-numbers\/"},{"@type":"ListItem","position":3,"name":"Resultados del sorteo del Eurojackpot"}]},{"@type":"WebSite","@id":"https:\/\/jackpotlotteryonline.com\/#website","url":"https:\/\/jackpotlotteryonline.com\/","name":"Lotto Online - Crack The International Lottery Jackpots","description":"","potentialAction":[{"@type":"SearchAction","target":{"@type":"EntryPoint","urlTemplate":"https:\/\/jackpotlotteryonline.com\/?s={search_term_string}"},"query-input":"required name=search_term_string"}],"inLanguage":"es"}]}},"_links":{"self":[{"href":"https:\/\/jackpotlotteryonline.com\/es\/wp-json\/wp\/v2\/pages\/40688","targetHints":{"allow":["GET"]}}],"collection":[{"href":"https:\/\/jackpotlotteryonline.com\/es\/wp-json\/wp\/v2\/pages"}],"about":[{"href":"https:\/\/jackpotlotteryonline.com\/es\/wp-json\/wp\/v2\/types\/page"}],"author":[{"embeddable":true,"href":"https:\/\/jackpotlotteryonline.com\/es\/wp-json\/wp\/v2\/users\/1"}],"replies":[{"embeddable":true,"href":"https:\/\/jackpotlotteryonline.com\/es\/wp-json\/wp\/v2\/comments?post=40688"}],"version-history":[{"count":0,"href":"https:\/\/jackpotlotteryonline.com\/es\/wp-json\/wp\/v2\/pages\/40688\/revisions"}],"up":[{"embeddable":true,"href":"https:\/\/jackpotlotteryonline.com\/es\/wp-json\/wp\/v2\/pages\/35856"}],"wp:attachment":[{"href":"https:\/\/jackpotlotteryonline.com\/es\/wp-json\/wp\/v2\/media?parent=40688"}],"curies":[{"name":"wp","href":"https:\/\/api.w.org\/{rel}","templated":true}]}}