{"id":40741,"date":"2022-12-06T09:10:42","date_gmt":"2022-12-06T09:10:42","guid":{"rendered":"https:\/\/jackpotlotteryonline.com\/?page_id=40741"},"modified":"2022-12-27T10:28:04","modified_gmt":"2022-12-27T10:28:04","slug":"superenalotto","status":"publish","type":"page","link":"https:\/\/jackpotlotteryonline.com\/es\/numeros-ganadores\/superenalotto\/","title":{"rendered":"Resultados del sorteo Superenalotto"},"content":{"rendered":"<p>Superenalotto es la loter\u00eda nacional de Italia y es una loter\u00eda popular entre los apostadores del pa\u00eds. Si juegas desde fuera de Italia, es una buena idea averiguar c\u00f3mo comprobar los n\u00fameros ganadores. Siga leyendo para saber m\u00e1s.<\/p>\n<h2>Pasos para jugar Superenalotto en l\u00ednea<\/h2>\n<p><a href=\"https:\/\/jackpotlotteryonline.com\/es\/como-se-juega\/superenalotto\">Jugar Superenalotto online<\/a> es como jugar offline pero con mayor comodidad y facilidad. Una vez que ingrese a la p\u00e1gina de Superenalotto en jackpotlotteryoneline.com, podr\u00e1 elegir 6 n\u00fameros del 1 al 90. A continuaci\u00f3n, elija el n\u00famero de sorteos en los que desea participar, y puede participar hasta con 5 semanas de antelaci\u00f3n. Cuantos m\u00e1s sorteos realice, m\u00e1s posibilidades tendr\u00e1 de ganar.<\/p>\n<p>Superenalotto celebra tres sorteos semanales los martes, jueves y s\u00e1bados. Por lo tanto, puede participar en uno o en todos. Puede elegir un n\u00famero SuperStar para aumentar sus probabilidades de ganar la loter\u00eda. Adem\u00e1s, existe el &#8220;N\u00famero Jolly&#8221; que va del 1 al 90 y se utiliza para determinar el ganador del segundo tramo.<\/p>\n<h2>C\u00f3mo comprobar sus n\u00fameros ganadores<\/h2>\n<p><img loading=\"lazy\" decoding=\"async\" class=\"alignright size-full wp-image-31316\" src=\"http:\/\/jackpotlotteryonline.com\/wp-content\/uploads\/2022\/11\/logo_superenalotto.png\" alt=\"Superenalotto resultados del sorteo\" width=\"200\" height=\"212\" \/>Hay diferentes formas de comprobar los n\u00fameros ganadores cuando juegas a la Superenalotto. Aunque puede ver los sorteos en directo por televisi\u00f3n, esto s\u00f3lo es posible si vive en Italia y habla italiano. Por suerte, tambi\u00e9n puede comprobar los n\u00fameros ganadores en l\u00ednea despu\u00e9s de los sorteos. La mayor\u00eda de los sitios de noticias publican los resultados de los sorteos.<\/p>\n<p>Sin embargo, esto tiene algunos problemas. En primer lugar, puede olvidarse f\u00e1cilmente de comprobar los resultados del sorteo. Hay casos de premios mayores que no han sido reclamados, probablemente porque los ganadores olvidaron comprobar sus boletos. Adem\u00e1s, muchos sitios s\u00f3lo publican los n\u00fameros ganadores del primer tramo. La mayor\u00eda de las loter\u00edas tienen varios niveles de premios.<\/p>\n<p>Si juega a la Superenalotto con nosotros, no tiene que preocuparse por perderse ning\u00fan premio. No s\u00f3lo le informaremos tan pronto como gane un premio, sino que recibir\u00e1 una notificaci\u00f3n una vez que inicie sesi\u00f3n. Adem\u00e1s, publicamos los resultados de la loter\u00eda inmediatamente despu\u00e9s de los sorteos aqu\u00ed mismo en nuestro sitio. As\u00ed que vuelva despu\u00e9s de los sorteos para ver si tiene los n\u00fameros ganadores de Superenalotto.<\/p>\n<h2>Niveles de premios Superenalotto<\/h2>\n<p>Ya hemos mencionado que la loter\u00eda Superenalotto tiene un premio mayor de 2 millones de euros. Pero, \u00bfsab\u00eda usted que no hay l\u00edmite en el monto del premio mayor? Eso significa que si no hay ganador despu\u00e9s de un sorteo, el premio sigue rodando hasta que haya un ganador. El bote se ha acumulado tantas veces en 2019 que ha alcanzado la cifra r\u00e9cord de 209,1 millones de euros.<\/p>\n<p>Adem\u00e1s del bote, que es el premio del primer nivel, hay otros premios que un jugador puede ganar. Los premios est\u00e1n determinados por la bolsa de premios, por lo que no hay una cantidad fija. Sin embargo, compartiremos la cantidad media por sorteo.<\/p>\n<p>Sorteo 6 &#8211; 92.056.091,66 euros<\/p>\n<p>Partido 5 + n\u00famero Jolly &#8211; 594.951,95 euros<\/p>\n<p>Partido 5 &#8211; 49.736,38 euros<\/p>\n<p>N\u00fameros del partido 4 &#8211; 354,83 euros<\/p>\n<p>Combinaci\u00f3n de 3 n\u00fameros &#8211; 27,15 euros<\/p>\n<p>Combinaci\u00f3n de 2 n\u00fameros &#8211; 5,48<\/p>\n<section class=\"layout\" style=\"border: solid 1px; width: 100%;\">\n<div class=\"img-div\" style=\"margin-top: 5px;\"><img decoding=\"async\" class=\"wp-image-17212 alignleft\" style=\"height: 45px; margin: 8px 8px 0px;\" src=\"http:\/\/jackpotlotteryonline.com\/wp-content\/uploads\/2022\/11\/read1.jpg\" alt=\"leer\" width=\"\" height=\"\" \/><\/div>\n<div style=\"padding-left: 5px;\">\n<div style=\"font-size: 1.1em;\">\n<p><strong>Las loter\u00edas con m\u00e1s probabilidades de ganar a lo grande<\/strong><\/p>\n<p style=\"font-size: 0.85em; margin-top: -1.5em;\">\u00bfQu\u00e9 loter\u00eda tiene las mejores probabilidades de ganar?\u00a0<a href=\"https:\/\/jackpotlotteryonline.com\/es\/que-loteria-tiene-mas-posibilidades-de-ganar\"> Seguir leyendo<\/a><\/p>\n<\/div>\n<\/div>\n<\/section>\n<h2>C\u00f3mo reclamar sus ganancias de la Superenalotto<\/h2>\n<p>Ya que est\u00e1 jugando Superenalotto en l\u00ednea, es natural que se pregunte qu\u00e9 sucede cuando gana un premio. Aqu\u00ed compartiremos con usted c\u00f3mo puede reclamar sus ganancias de Superenalotto aunque viva fuera de Italia.<\/p>\n<p>Cuando juega a la Superenalotto con nosotros, reclamar sus ganancias es tan sencillo como iniciar sesi\u00f3n en su cuenta aqu\u00ed. Para ganancias inferiores a 2500 euros, puede cobrar directamente desde nuestra plataforma a su cuenta. Es realmente sencillo y sin complicaciones para que puedas concentrarte en una maravillosa experiencia de loter\u00eda.<\/p>\n<p>Para cantidades superiores, es posible que tenga que ponerse en contacto con la empresa de loter\u00eda y rellenar un formulario de reclamaciones. Pero, estaremos aqu\u00ed para guiarle a trav\u00e9s del proceso. As\u00ed que<a href=\"https:\/\/jackpotlotteryonline.com\/es\/comprar-boletos\/superenalotto\"> compre su billete Superenalotto<\/a> hoy y elija sus n\u00fameros ganadores.<\/p>\n","protected":false},"excerpt":{"rendered":"<p>Superenalotto es la loter\u00eda nacional de Italia y es una loter\u00eda popular entre los apostadores del pa\u00eds. Si juegas desde fuera de Italia, es una buena idea averiguar c\u00f3mo comprobar los n\u00fameros ganadores. Siga leyendo para saber m\u00e1s. Pasos para jugar Superenalotto en l\u00ednea Jugar Superenalotto online es como jugar offline pero con mayor comodidad [&hellip;]<\/p>\n","protected":false},"author":1,"featured_media":0,"parent":35856,"menu_order":5,"comment_status":"closed","ping_status":"closed","template":"superenalotto-results.php","meta":{"_et_pb_use_builder":"","_et_pb_old_content":"","_et_gb_content_width":"","exclude_from_search":false,"footnotes":""},"class_list":["post-40741","page","type-page","status-publish","hentry"],"yoast_head":"<!-- This site is optimized with the Yoast SEO plugin v23.3 - https:\/\/yoast.com\/wordpress\/plugins\/seo\/ -->\n<title>Superenalotto n\u00fameros ganadores y resultados del sorteo<\/title>\n<meta name=\"description\" content=\"Consigue los resultados de los sorteos y los n\u00fameros ganadores de la Superenalotto de Italia, con actualizaciones diarias aqu\u00ed en nuestra web de loter\u00eda\" \/>\n<meta name=\"robots\" content=\"index, follow, max-snippet:-1, max-image-preview:large, max-video-preview:-1\" \/>\n<link rel=\"canonical\" href=\"https:\/\/jackpotlotteryonline.com\/es\/numeros-ganadores\/superenalotto\/\" \/>\n<meta property=\"og:locale\" content=\"es_ES\" \/>\n<meta property=\"og:type\" content=\"article\" \/>\n<meta property=\"og:title\" content=\"Superenalotto n\u00fameros ganadores y resultados del sorteo\" \/>\n<meta property=\"og:description\" content=\"Consigue los resultados de los sorteos y los n\u00fameros ganadores de la Superenalotto de Italia, con actualizaciones diarias aqu\u00ed en nuestra web de loter\u00eda\" \/>\n<meta property=\"og:url\" content=\"https:\/\/jackpotlotteryonline.com\/es\/numeros-ganadores\/superenalotto\/\" \/>\n<meta property=\"og:site_name\" content=\"Lotto Online - Crack The International Lottery Jackpots\" \/>\n<meta property=\"article:modified_time\" content=\"2022-12-27T10:28:04+00:00\" \/>\n<meta property=\"og:image\" content=\"http:\/\/jackpotlotteryonline.com\/wp-content\/uploads\/2022\/11\/logo_superenalotto.png\" \/>\n<meta name=\"twitter:card\" content=\"summary_large_image\" \/>\n<meta name=\"twitter:label1\" content=\"Tiempo de lectura\" \/>\n\t<meta name=\"twitter:data1\" content=\"3 minutos\" \/>\n<!-- \/ Yoast SEO plugin. -->","yoast_head_json":{"title":"Superenalotto n\u00fameros ganadores y resultados del sorteo","description":"Consigue los resultados de los sorteos y los n\u00fameros ganadores de la Superenalotto de Italia, con actualizaciones diarias aqu\u00ed en nuestra web de loter\u00eda","robots":{"index":"index","follow":"follow","max-snippet":"max-snippet:-1","max-image-preview":"max-image-preview:large","max-video-preview":"max-video-preview:-1"},"canonical":"https:\/\/jackpotlotteryonline.com\/es\/numeros-ganadores\/superenalotto\/","og_locale":"es_ES","og_type":"article","og_title":"Superenalotto n\u00fameros ganadores y resultados del sorteo","og_description":"Consigue los resultados de los sorteos y los n\u00fameros ganadores de la Superenalotto de Italia, con actualizaciones diarias aqu\u00ed en nuestra web de loter\u00eda","og_url":"https:\/\/jackpotlotteryonline.com\/es\/numeros-ganadores\/superenalotto\/","og_site_name":"Lotto Online - Crack The International Lottery Jackpots","article_modified_time":"2022-12-27T10:28:04+00:00","og_image":[{"url":"http:\/\/jackpotlotteryonline.com\/wp-content\/uploads\/2022\/11\/logo_superenalotto.png"}],"twitter_card":"summary_large_image","twitter_misc":{"Tiempo de lectura":"3 minutos"},"schema":{"@context":"https:\/\/schema.org","@graph":[{"@type":"WebPage","@id":"https:\/\/jackpotlotteryonline.com\/es\/numeros-ganadores\/superenalotto\/","url":"https:\/\/jackpotlotteryonline.com\/es\/numeros-ganadores\/superenalotto\/","name":"Superenalotto n\u00fameros ganadores y resultados del sorteo","isPartOf":{"@id":"https:\/\/jackpotlotteryonline.com\/#website"},"primaryImageOfPage":{"@id":"https:\/\/jackpotlotteryonline.com\/es\/numeros-ganadores\/superenalotto\/#primaryimage"},"image":{"@id":"https:\/\/jackpotlotteryonline.com\/es\/numeros-ganadores\/superenalotto\/#primaryimage"},"thumbnailUrl":"http:\/\/jackpotlotteryonline.com\/wp-content\/uploads\/2022\/11\/logo_superenalotto.png","datePublished":"2022-12-06T09:10:42+00:00","dateModified":"2022-12-27T10:28:04+00:00","description":"Consigue los resultados de los sorteos y los n\u00fameros ganadores de la Superenalotto de Italia, con actualizaciones diarias aqu\u00ed en nuestra web de loter\u00eda","breadcrumb":{"@id":"https:\/\/jackpotlotteryonline.com\/es\/numeros-ganadores\/superenalotto\/#breadcrumb"},"inLanguage":"es","potentialAction":[{"@type":"ReadAction","target":["https:\/\/jackpotlotteryonline.com\/es\/numeros-ganadores\/superenalotto\/"]}]},{"@type":"ImageObject","inLanguage":"es","@id":"https:\/\/jackpotlotteryonline.com\/es\/numeros-ganadores\/superenalotto\/#primaryimage","url":"http:\/\/jackpotlotteryonline.com\/wp-content\/uploads\/2022\/11\/logo_superenalotto.png","contentUrl":"http:\/\/jackpotlotteryonline.com\/wp-content\/uploads\/2022\/11\/logo_superenalotto.png"},{"@type":"BreadcrumbList","@id":"https:\/\/jackpotlotteryonline.com\/es\/numeros-ganadores\/superenalotto\/#breadcrumb","itemListElement":[{"@type":"ListItem","position":1,"name":"Home","item":"https:\/\/jackpotlotteryonline.com\/es\/"},{"@type":"ListItem","position":2,"name":"Resultados de la loter\u00eda","item":"https:\/\/jackpotlotteryonline.com\/winning-numbers\/"},{"@type":"ListItem","position":3,"name":"Resultados del sorteo Superenalotto"}]},{"@type":"WebSite","@id":"https:\/\/jackpotlotteryonline.com\/#website","url":"https:\/\/jackpotlotteryonline.com\/","name":"Lotto Online - Crack The International Lottery Jackpots","description":"","potentialAction":[{"@type":"SearchAction","target":{"@type":"EntryPoint","urlTemplate":"https:\/\/jackpotlotteryonline.com\/?s={search_term_string}"},"query-input":"required name=search_term_string"}],"inLanguage":"es"}]}},"_links":{"self":[{"href":"https:\/\/jackpotlotteryonline.com\/es\/wp-json\/wp\/v2\/pages\/40741","targetHints":{"allow":["GET"]}}],"collection":[{"href":"https:\/\/jackpotlotteryonline.com\/es\/wp-json\/wp\/v2\/pages"}],"about":[{"href":"https:\/\/jackpotlotteryonline.com\/es\/wp-json\/wp\/v2\/types\/page"}],"author":[{"embeddable":true,"href":"https:\/\/jackpotlotteryonline.com\/es\/wp-json\/wp\/v2\/users\/1"}],"replies":[{"embeddable":true,"href":"https:\/\/jackpotlotteryonline.com\/es\/wp-json\/wp\/v2\/comments?post=40741"}],"version-history":[{"count":0,"href":"https:\/\/jackpotlotteryonline.com\/es\/wp-json\/wp\/v2\/pages\/40741\/revisions"}],"up":[{"embeddable":true,"href":"https:\/\/jackpotlotteryonline.com\/es\/wp-json\/wp\/v2\/pages\/35856"}],"wp:attachment":[{"href":"https:\/\/jackpotlotteryonline.com\/es\/wp-json\/wp\/v2\/media?parent=40741"}],"curies":[{"name":"wp","href":"https:\/\/api.w.org\/{rel}","templated":true}]}}