{"id":40793,"date":"2022-12-06T10:40:04","date_gmt":"2022-12-06T10:40:04","guid":{"rendered":"https:\/\/jackpotlotteryonline.com\/?page_id=40793"},"modified":"2022-12-28T14:51:01","modified_gmt":"2022-12-28T14:51:01","slug":"la-primitiva","status":"publish","type":"page","link":"https:\/\/jackpotlotteryonline.com\/es\/numeros-ganadores\/la-primitiva\/","title":{"rendered":"Resultados del sorteo de La Primitiva"},"content":{"rendered":"<h2>C\u00f3mo elegir los n\u00fameros ganadores de La Primitiva<\/h2>\n<p>En primer lugar, si quiere jugar a La Primitiva, tiene que elegir 6 n\u00fameros de un rango del 1 al 49. Adem\u00e1s, tendr\u00e1 que elegir 1 n\u00famero del 0 al 9. Este n\u00famero extra se llama n\u00famero Reintegro. Tambi\u00e9n existe el n\u00famero Complemantario y se utiliza para determinar algunos de los niveles de premios.<\/p>\n<p>Hay varios m\u00e9todos que los jugadores utilizan para elegir sus n\u00fameros de La Primitiva. Algunos prefieren elegir cifras que tengan un significado especial para ellos. Como sus cumplea\u00f1os o aniversarios. Otros simplemente eligen n\u00fameros al azar y esperan que la suerte est\u00e9 de su lado. Dado que La Primitiva, como cualquier loter\u00eda, es un juego de suerte, nadie puede culparles.<\/p>\n<section class=\"layout\" style=\"border: solid 1px; width: 100%;\">\n<div class=\"img-div\" style=\"margin-top: 5px;\"><img decoding=\"async\" class=\"wp-image-17212 alignleft\" style=\"height: 45px; margin: 8px 8px 0px;\" src=\"http:\/\/jackpotlotteryonline.com\/wp-content\/uploads\/2022\/11\/read1.jpg\" alt=\"leer\" width=\"\" height=\"\" \/><\/div>\n<div style=\"padding-left: 5px;\">\n<div style=\"font-size: 1.1em;\">\n<p><strong>Consejos de loter\u00eda<\/strong><\/p>\n<p style=\"font-size: 0.85em; margin-top: -1.5em;\">Consejos para ganar a la loter\u00eda\u00a0 <a href=\"https:\/\/jackpotlotteryonline.com\/es\/consejos-para-la-loteria\"> Seguir leyendo<\/a><\/p>\n<\/div>\n<\/div>\n<\/section>\n<h2>Ganar La Primitiva<\/h2>\n<p>La Primitiva celebra tres sorteos a la semana, los lunes, jueves y s\u00e1bados. Una vez elegidos los n\u00fameros, el siguiente paso es participar en los sorteos de su elecci\u00f3n. Tras los sorteos, el boleto que coincida con los resultados extra\u00eddos gana la loter\u00eda.<\/p>\n<p>Por lo tanto, irte a casa con un premio tiene mucho que ver con las cifras que elijas.<\/p>\n<p>Para ganar el bote de La Primitiva, el jugador debe acertar los 7 n\u00fameros (los 6 principales y el n\u00famero del Reintegro). El importe del bote comienza en 5 millones de euros. Si hay m\u00e1s de un ganador, el importe se reparte entre los ganadores. Estos son los premios que pueden ganar los jugadores<br \/>\n<img loading=\"lazy\" decoding=\"async\" class=\"alignright size-full wp-image-27671\" src=\"http:\/\/jackpotlotteryonline.com\/wp-content\/uploads\/2022\/11\/1_lottery_online_winner3.jpg\" alt=\"Ganar La Primitiva\" width=\"300\" height=\"300\" srcset=\"https:\/\/jackpotlotteryonline.com\/wp-content\/uploads\/2022\/11\/1_lottery_online_winner3.jpg 300w, https:\/\/jackpotlotteryonline.com\/wp-content\/uploads\/2022\/11\/1_lottery_online_winner3-100x100.jpg 100w, https:\/\/jackpotlotteryonline.com\/wp-content\/uploads\/2022\/11\/1_lottery_online_winner3-150x150.jpg 150w\" sizes=\"auto, (max-width: 300px) 100vw, 300px\" \/>Bote &#8211; Partido 6 + Reintegro<\/p>\n<p>Divisi\u00f3n 1 &#8211; S\u00f3lo partido 6<\/p>\n<p>Divisi\u00f3n 2 &#8211; Partido 5 + N\u00famero de regalo<\/p>\n<p>Divisi\u00f3n 3 &#8211; S\u00f3lo partido 5<\/p>\n<p>Divisi\u00f3n 4 &#8211; S\u00f3lo partido 4<\/p>\n<p>Divisi\u00f3n 5 &#8211; S\u00f3lo partido 3<\/p>\n<p>Reintegro &#8211; S\u00f3lo el n\u00famero Reintegro<\/p>\n<h2>Jugar a La Primitiva online con jackpotlotteryonline.com<\/h2>\n<p>Cuando <a href=\"https:\/\/jackpotlotteryonline.com\/es\/como-se-juega\/la-primitiva-2\">juega a la loter\u00eda La Primitiva<\/a> con nosotros, no s\u00f3lo tiene acceso a La Primitiva sino tambi\u00e9n a los resultados del sorteo. Jugar en l\u00ednea abre un mundo de oportunidades tanto para los apostadores experimentados como para los novatos. Ofrecemos una forma c\u00f3moda de comprar sus billetes de loter\u00eda, comprobar sus resultados y acceder a sus ganancias. Pero hablaremos de ello en un momento.<\/p>\n<p>Puede<a href=\"https:\/\/jackpotlotteryonline.com\/es\/comprar-boletos\/la-primitiva\"> comprar f\u00e1cilmente su billete de loter\u00eda de La Primitiva<\/a> yendo a la p\u00e1gina de la loter\u00eda y eligiendo sus d\u00edgitos ganadores. Si no est\u00e1 seguro de qu\u00e9 elegir, puede utilizar nuestro autogenerador para elegir d\u00edgitos al azar. A continuaci\u00f3n, introduzca el sorteo de su elecci\u00f3n y si todav\u00eda no est\u00e1 registrado con nosotros, reg\u00edstrese para obtener una cuenta.<\/p>\n<p>Registrarse es un paso esencial y necesitar\u00e1 una cuenta por las siguientes razones:<\/p>\n<ul>\n<li>Para almacenar su billete digital<\/li>\n<li>Para configurar participaciones autom\u00e1ticas en sorteos<\/li>\n<li>Para recibir notificaciones cuando gane premios<\/li>\n<\/ul>\n<h2>Comprobar sus resultados de la loter\u00eda La Primitiva<\/h2>\n<p>Comprobar sus resultados de La Primitiva nunca ha sido tan f\u00e1cil cuando juega online con nosotros. Despu\u00e9s de cada sorteo, publicamos los resultados aqu\u00ed mismo en nuestra p\u00e1gina. Adem\u00e1s, le notificaremos por correo electr\u00f3nico cuando gane un premio. As\u00ed nunca m\u00e1s tendr\u00e1 que perder la oportunidad de cobrar su premio.<\/p>\n<h2>Reclamaci\u00f3n de premios<\/h2>\n<p>Quiz\u00e1s la parte m\u00e1s interesante de jugar a La Primitiva online es que no tienes que ir a Espa\u00f1a para reclamar tus ganancias. Para las ganancias que sean inferiores a 2.500 euros, puede simplemente retirarlas de nuestra plataforma a su cuenta.<\/p>\n<p>Juegue a la loter\u00eda con nosotros para comprobar sus n\u00fameros ganadores de La Primitiva online.<\/p>\n","protected":false},"excerpt":{"rendered":"<p>C\u00f3mo elegir los n\u00fameros ganadores de La Primitiva En primer lugar, si quiere jugar a La Primitiva, tiene que elegir 6 n\u00fameros de un rango del 1 al 49. Adem\u00e1s, tendr\u00e1 que elegir 1 n\u00famero del 0 al 9. Este n\u00famero extra se llama n\u00famero Reintegro. Tambi\u00e9n existe el n\u00famero Complemantario y se utiliza para [&hellip;]<\/p>\n","protected":false},"author":1,"featured_media":0,"parent":35856,"menu_order":7,"comment_status":"closed","ping_status":"closed","template":"la-primitiva-results.php","meta":{"_et_pb_use_builder":"","_et_pb_old_content":"","_et_gb_content_width":"","exclude_from_search":false,"footnotes":""},"class_list":["post-40793","page","type-page","status-publish","hentry"],"yoast_head":"<!-- This site is optimized with the Yoast SEO plugin v23.3 - https:\/\/yoast.com\/wordpress\/plugins\/seo\/ -->\n<title>N\u00fameros premiados de La Primitiva y resultados del sorteo<\/title>\n<meta name=\"description\" content=\"Loter\u00eda La Primitiva de Espa\u00f1a - todos los resultados de los sorteos y n\u00fameros premiados, adem\u00e1s de un archivo de resultados, todo en una sola web.\" \/>\n<meta name=\"robots\" content=\"index, follow, max-snippet:-1, max-image-preview:large, max-video-preview:-1\" \/>\n<link rel=\"canonical\" href=\"https:\/\/jackpotlotteryonline.com\/es\/numeros-ganadores\/la-primitiva\/\" \/>\n<meta property=\"og:locale\" content=\"es_ES\" \/>\n<meta property=\"og:type\" content=\"article\" \/>\n<meta property=\"og:title\" content=\"N\u00fameros premiados de La Primitiva y resultados del sorteo\" \/>\n<meta property=\"og:description\" content=\"Loter\u00eda La Primitiva de Espa\u00f1a - todos los resultados de los sorteos y n\u00fameros premiados, adem\u00e1s de un archivo de resultados, todo en una sola web.\" \/>\n<meta property=\"og:url\" content=\"https:\/\/jackpotlotteryonline.com\/es\/numeros-ganadores\/la-primitiva\/\" \/>\n<meta property=\"og:site_name\" content=\"Lotto Online - Crack The International Lottery Jackpots\" \/>\n<meta property=\"article:modified_time\" content=\"2022-12-28T14:51:01+00:00\" \/>\n<meta property=\"og:image\" content=\"http:\/\/jackpotlotteryonline.com\/wp-content\/uploads\/2022\/11\/read1.jpg\" \/>\n<meta name=\"twitter:card\" content=\"summary_large_image\" \/>\n<meta name=\"twitter:label1\" content=\"Tiempo de lectura\" \/>\n\t<meta name=\"twitter:data1\" content=\"3 minutos\" \/>\n<!-- \/ Yoast SEO plugin. -->","yoast_head_json":{"title":"N\u00fameros premiados de La Primitiva y resultados del sorteo","description":"Loter\u00eda La Primitiva de Espa\u00f1a - todos los resultados de los sorteos y n\u00fameros premiados, adem\u00e1s de un archivo de resultados, todo en una sola web.","robots":{"index":"index","follow":"follow","max-snippet":"max-snippet:-1","max-image-preview":"max-image-preview:large","max-video-preview":"max-video-preview:-1"},"canonical":"https:\/\/jackpotlotteryonline.com\/es\/numeros-ganadores\/la-primitiva\/","og_locale":"es_ES","og_type":"article","og_title":"N\u00fameros premiados de La Primitiva y resultados del sorteo","og_description":"Loter\u00eda La Primitiva de Espa\u00f1a - todos los resultados de los sorteos y n\u00fameros premiados, adem\u00e1s de un archivo de resultados, todo en una sola web.","og_url":"https:\/\/jackpotlotteryonline.com\/es\/numeros-ganadores\/la-primitiva\/","og_site_name":"Lotto Online - Crack The International Lottery Jackpots","article_modified_time":"2022-12-28T14:51:01+00:00","og_image":[{"url":"http:\/\/jackpotlotteryonline.com\/wp-content\/uploads\/2022\/11\/read1.jpg"}],"twitter_card":"summary_large_image","twitter_misc":{"Tiempo de lectura":"3 minutos"},"schema":{"@context":"https:\/\/schema.org","@graph":[{"@type":"WebPage","@id":"https:\/\/jackpotlotteryonline.com\/es\/numeros-ganadores\/la-primitiva\/","url":"https:\/\/jackpotlotteryonline.com\/es\/numeros-ganadores\/la-primitiva\/","name":"N\u00fameros premiados de La Primitiva y resultados del sorteo","isPartOf":{"@id":"https:\/\/jackpotlotteryonline.com\/#website"},"primaryImageOfPage":{"@id":"https:\/\/jackpotlotteryonline.com\/es\/numeros-ganadores\/la-primitiva\/#primaryimage"},"image":{"@id":"https:\/\/jackpotlotteryonline.com\/es\/numeros-ganadores\/la-primitiva\/#primaryimage"},"thumbnailUrl":"http:\/\/jackpotlotteryonline.com\/wp-content\/uploads\/2022\/11\/read1.jpg","datePublished":"2022-12-06T10:40:04+00:00","dateModified":"2022-12-28T14:51:01+00:00","description":"Loter\u00eda La Primitiva de Espa\u00f1a - todos los resultados de los sorteos y n\u00fameros premiados, adem\u00e1s de un archivo de resultados, todo en una sola web.","breadcrumb":{"@id":"https:\/\/jackpotlotteryonline.com\/es\/numeros-ganadores\/la-primitiva\/#breadcrumb"},"inLanguage":"es","potentialAction":[{"@type":"ReadAction","target":["https:\/\/jackpotlotteryonline.com\/es\/numeros-ganadores\/la-primitiva\/"]}]},{"@type":"ImageObject","inLanguage":"es","@id":"https:\/\/jackpotlotteryonline.com\/es\/numeros-ganadores\/la-primitiva\/#primaryimage","url":"http:\/\/jackpotlotteryonline.com\/wp-content\/uploads\/2022\/11\/read1.jpg","contentUrl":"http:\/\/jackpotlotteryonline.com\/wp-content\/uploads\/2022\/11\/read1.jpg"},{"@type":"BreadcrumbList","@id":"https:\/\/jackpotlotteryonline.com\/es\/numeros-ganadores\/la-primitiva\/#breadcrumb","itemListElement":[{"@type":"ListItem","position":1,"name":"Home","item":"https:\/\/jackpotlotteryonline.com\/es\/"},{"@type":"ListItem","position":2,"name":"Resultados de la loter\u00eda","item":"https:\/\/jackpotlotteryonline.com\/winning-numbers\/"},{"@type":"ListItem","position":3,"name":"Resultados del sorteo de La Primitiva"}]},{"@type":"WebSite","@id":"https:\/\/jackpotlotteryonline.com\/#website","url":"https:\/\/jackpotlotteryonline.com\/","name":"Lotto Online - Crack The International Lottery Jackpots","description":"","potentialAction":[{"@type":"SearchAction","target":{"@type":"EntryPoint","urlTemplate":"https:\/\/jackpotlotteryonline.com\/?s={search_term_string}"},"query-input":"required name=search_term_string"}],"inLanguage":"es"}]}},"_links":{"self":[{"href":"https:\/\/jackpotlotteryonline.com\/es\/wp-json\/wp\/v2\/pages\/40793","targetHints":{"allow":["GET"]}}],"collection":[{"href":"https:\/\/jackpotlotteryonline.com\/es\/wp-json\/wp\/v2\/pages"}],"about":[{"href":"https:\/\/jackpotlotteryonline.com\/es\/wp-json\/wp\/v2\/types\/page"}],"author":[{"embeddable":true,"href":"https:\/\/jackpotlotteryonline.com\/es\/wp-json\/wp\/v2\/users\/1"}],"replies":[{"embeddable":true,"href":"https:\/\/jackpotlotteryonline.com\/es\/wp-json\/wp\/v2\/comments?post=40793"}],"version-history":[{"count":0,"href":"https:\/\/jackpotlotteryonline.com\/es\/wp-json\/wp\/v2\/pages\/40793\/revisions"}],"up":[{"embeddable":true,"href":"https:\/\/jackpotlotteryonline.com\/es\/wp-json\/wp\/v2\/pages\/35856"}],"wp:attachment":[{"href":"https:\/\/jackpotlotteryonline.com\/es\/wp-json\/wp\/v2\/media?parent=40793"}],"curies":[{"name":"wp","href":"https:\/\/api.w.org\/{rel}","templated":true}]}}