{"id":40851,"date":"2022-12-07T07:05:13","date_gmt":"2022-12-07T07:05:13","guid":{"rendered":"https:\/\/jackpotlotteryonline.com\/?page_id=40851"},"modified":"2022-12-28T12:56:12","modified_gmt":"2022-12-28T12:56:12","slug":"el-gordo-draw-results","status":"publish","type":"page","link":"https:\/\/jackpotlotteryonline.com\/es\/numeros-ganadores\/el-gordo-draw-results\/","title":{"rendered":"Resultados del sorteo de El Gordo"},"content":{"rendered":"<p>Los aficionados a la loter\u00eda se emocionan cuando oyen hablar de El Gordo, y no s\u00f3lo porque sea una de las mayores loter\u00edas europeas. El Gordo es la madre de todas las loter\u00edas por el simple hecho de que los sorteos tienen lugar una vez al a\u00f1o. En realidad, forma parte de la loter\u00eda espa\u00f1ola y cada a\u00f1o celebra un sorteo especial de Navidad. Es un acontecimiento lleno de ilusi\u00f3n y cargado de tradici\u00f3n. Re\u00fane a familias, barrios y comunidades enteras para celebrar las fiestas. Para los jugadores espa\u00f1oles, la \u00e9poca navide\u00f1a es el momento de buscar los n\u00fameros ganadores de El Gordo.<\/p>\n<p>Normalmente, El Gordo es una loter\u00eda que se celebra en Espa\u00f1a. Esto significa que si no vives en ese pa\u00eds, te resultar\u00eda dif\u00edcil comprar boletos de El Gordo. Eso ha cambiado porque ahora puedes comprobar los n\u00fameros ganadores de El Gordo en Internet.<\/p>\n<h2>Jugar al Gordo<\/h2>\n<p><img loading=\"lazy\" decoding=\"async\" class=\"alignright size-full wp-image-17870\" src=\"http:\/\/jackpotlotteryonline.com\/wp-content\/uploads\/2022\/10\/lotto_euros.jpg\" alt=\"Jugar al Gordo\" width=\"225\" height=\"134\" \/>El Gordo significa &#8220;el grande&#8221; y es el bote m\u00e1s grande del mundo. Lo especial de esta loter\u00eda es que ahora el Gordo lo gana una sola persona. Esto se debe a que los boletos se dividen en muchas fracciones. En realidad, esta es la parte de jugar a El Gordo que puede resultar un poco confusa. Cada boleto de El Gordo se divide en 10 secciones y cada una de esas secciones se divide a su vez.<\/p>\n<p>El billete de El Gordo m\u00e1s barato que puede comprar es 1\/100 de un billete completo.<\/p>\n<p>Para saber m\u00e1s sobre c\u00f3mo <a href=\"https:\/\/jackpotlotteryonline.com\/es\/como-se-juega\/el-gordo\">jugar a El Gordo<\/a>, visite jackpotlotteryonline.com y<a href=\"https:\/\/jackpotlotteryonline.com\/es\/comprar-boletos\/el-gordo\"> compre sus billetes ahora<\/a>. Jugar a El Gordo es muy divertido, sobre todo cuando juegas online.<\/p>\n<h2>Jugar en l\u00ednea<\/h2>\n<p>Si est\u00e1 listo para participar en la loter\u00eda de El Gordo, visite nuestro sitio y elija sus d\u00edgitos ganadores. Todo lo que tiene que hacer es elegir 6 del 1 al 49. Por supuesto, puede dejar que nuestro selector autom\u00e1tico lo haga por usted si no tiene nada espec\u00edfico que quiera jugar. A continuaci\u00f3n, entre en los sorteos y espere los resultados ganadores de El Gordo.<\/p>\n<h2>C\u00f3mo ganar El Gordo<\/h2>\n<p>Ganar El Gordo significa simplemente que tiene la combinaci\u00f3n ganadora. Por lo tanto, si sus d\u00edgitos coinciden con lo que se sortea, entonces usted es el ganador de la loter\u00eda El Gordo.<\/p>\n<p>Hay varias estrategias que los jugadores utilizan para elegir combinaciones ganadoras para El Gordo. Una de ellas es elegir d\u00edgitos que consideren afortunados. Para algunos, son sus cumplea\u00f1os o los cumplea\u00f1os de sus seres queridos. Puede ser cualquier n\u00famero que sea especial para usted. Otros jugadores prefieren confiar totalmente en los n\u00fameros generados aleatoriamente. Lo que usted elija depende de usted.<\/p>\n<p>Otra forma de elegir una combinaci\u00f3n ganadora para El Gordo es mirar los resultados anteriores. Esto le ayudar\u00e1 especialmente si usted es un jugador frecuente. Para muchos jugadores, comprar varios boletos es siempre un buen plan de juego. Siempre puede formar un grupo de amigos o familiares y comprar entradas para El Gordo.<\/p>\n<h2>C\u00f3mo comprobar los n\u00fameros premiados<\/h2>\n<p><img loading=\"lazy\" decoding=\"async\" class=\"alignright size-full wp-image-30668\" src=\"http:\/\/jackpotlotteryonline.com\/wp-content\/uploads\/2022\/11\/3_screen_lottery_results_online.jpg\" alt=\"Ganando El Gordo\" width=\"130\" height=\"120\" \/>Una vez que haya comprado su boleto de El Gordo, el siguiente paso es esperar a los sorteos de El Gordo. Despu\u00e9s de los sorteos, es importante comprobar las combinaciones ganadoras. Hay varias historias sobre botes que no fueron reclamados porque los ganadores nunca comprobaron sus boletos de loter\u00eda. Si juegas con nosotros, nunca tendr\u00e1s que preocuparte de que eso te ocurra.<\/p>\n<p>Despu\u00e9s de cada sorteo, publicamos los resultados ganadores aqu\u00ed mismo en la p\u00e1gina de El Gordo. Uno de los errores que cometen los nuevos jugadores de loter\u00eda es no comprobar si han ganado otros premios.<\/p>\n<p>La loter\u00eda de El Gordo tiene 17 niveles de premios diferentes y un jugador puede ganar cualquiera de ellos. Si juegas con nosotros, te avisaremos si eres el ganador de alg\u00fan premio. Lo hacemos v\u00eda email y adem\u00e1s recibir\u00e1s una notificaci\u00f3n una vez que te conectes a la plataforma.<\/p>\n<h2>\u00bfQu\u00e9 pasa si ganas?<\/h2>\n<p>Ganar El Gordo es una experiencia maravillosa porque sientes que has formado parte de algo grande. Es como formar parte de la historia. La sensaci\u00f3n es a\u00fan mayor si has comprado boletos de El Gordo con tus compa\u00f1eros de trabajo, colegas o familiares. As\u00ed podr\u00e9is celebrarlo todos juntos.<\/p>\n<p>Dicho esto, retirar sus ganancias de El Gordo es muy f\u00e1cil si juega en nuestro sitio. S\u00f3lo tiene que ingresar su premio en su cuenta en l\u00ednea. Si ganas m\u00e1s de una cierta cantidad, puede que tengas que rellenar un formulario de reclamaciones para obtener tus ganancias de la compa\u00f1\u00eda de loter\u00eda. Pero para eso estamos nosotros, para facilitarle las cosas.<\/p>\n<section class=\"layout\" style=\"border: solid 1px; width: 100%;\">\n<div class=\"img-div\" style=\"margin-top: 5px;\"><img decoding=\"async\" class=\"wp-image-17212 alignleft\" style=\"height: 45px; margin: 8px 8px 0px;\" src=\"http:\/\/jackpotlotteryonline.com\/wp-content\/uploads\/2022\/11\/read1.jpg\" alt=\"leer\" width=\"\" height=\"\" \/><\/div>\n<div style=\"padding-left: 5px;\">\n<div style=\"font-size: 1.1em;\">\n<p><strong>Impuestos sobre los premios de loter\u00eda<\/strong><\/p>\n<p style=\"font-size: 0.85em; margin-top: -1.5em;\">\u00bfTengo que pagar impuestos por la loter\u00eda?\u00a0<a href=\"https:\/\/jackpotlotteryonline.com\/es\/tengo-que-pagar-impuestos-por-la-loteria\"> Seguir leyendo<\/a><\/p>\n<\/div>\n<\/div>\n<\/section>\n<h2>Por qu\u00e9 deber\u00eda jugar a El Gordo online con nosotros<\/h2>\n<p>Hay muchas razones por las que a nuestros clientes les encanta jugar a la loter\u00eda con nosotros.<\/p>\n<ul>\n<li>Comprar su billete de loter\u00eda de El Gordo es tan f\u00e1cil como unos pocos toques de su dispositivo m\u00f3vil. Sin estr\u00e9s y totalmente conveniente.<\/li>\n<li>Puedes comprobar tus combinaciones ganadoras de El Gordo aqu\u00ed mismo sin ir a ning\u00fan otro sitio.<\/li>\n<li>Te avisaremos en cuanto ganes un premio, sea cual sea su importe.<\/li>\n<li>Si ganas alg\u00fan premio, puedes cobrarlo desde nuestra plataforma en tu cuenta.<\/li>\n<\/ul>\n<p>Literalmente, se lo ponemos f\u00e1cil a nuestros clientes para que se diviertan y disfruten jugando a la loter\u00eda. La verdad es que hay muchas otras cosas en la vida que son dif\u00edciles, ganar la loter\u00eda no tiene por qu\u00e9 serlo.<\/p>\n<h2>Compruebe sus n\u00fameros ganadores<\/h2>\n<p>Antes de comprar su billete, tiene que saber que damos a nuestros clientes acceso a la loter\u00eda real. Cuando juega con nosotros, no s\u00f3lo apuesta por el resultado de la loter\u00eda. Nosotros nos aseguramos de que usted haya entrado en la loter\u00eda. Lo hacemos mediante un sistema de conserjer\u00eda en el que nuestro agente en Espa\u00f1a compra los n\u00fameros correspondientes a los suyos.<\/p>\n<p>Cuando usted tiene los n\u00fameros ganadores de El Gordo, significa que ha ganado la loter\u00eda. Es as\u00ed de sencillo. Trabajamos duro para asegurarnos de que usted no tenga que preocuparse por los detalles. Por eso, nos ocupamos de las peque\u00f1as cosas para que usted pueda centrarse en lo que es m\u00e1s importante para usted.<\/p>\n<p>Vis\u00edtenos hoy mismo y compruebe los n\u00fameros ganadores de las mejores loter\u00edas internacionales aqu\u00ed mismo. O compre boletos de El Gordo y devu\u00e9lvalos por los n\u00fameros ganadores.<\/p>\n","protected":false},"excerpt":{"rendered":"<p>Los aficionados a la loter\u00eda se emocionan cuando oyen hablar de El Gordo, y no s\u00f3lo porque sea una de las mayores loter\u00edas europeas. El Gordo es la madre de todas las loter\u00edas por el simple hecho de que los sorteos tienen lugar una vez al a\u00f1o. En realidad, forma parte de la loter\u00eda espa\u00f1ola [&hellip;]<\/p>\n","protected":false},"author":1,"featured_media":0,"parent":35856,"menu_order":6,"comment_status":"closed","ping_status":"closed","template":"el-gordo-results.php","meta":{"_et_pb_use_builder":"","_et_pb_old_content":"","_et_gb_content_width":"","exclude_from_search":false,"footnotes":""},"class_list":["post-40851","page","type-page","status-publish","hentry"],"yoast_head":"<!-- This site is optimized with the Yoast SEO plugin v23.3 - https:\/\/yoast.com\/wordpress\/plugins\/seo\/ -->\n<title>N\u00fameros ganadores de El Gordo y resultados del sorteo<\/title>\n<meta name=\"description\" content=\"Resultados, n\u00fameros premiados del sorteo de El Gordo - esta semana as\u00ed como los resultados de la semana pasada.\" \/>\n<meta name=\"robots\" content=\"index, follow, max-snippet:-1, max-image-preview:large, max-video-preview:-1\" \/>\n<link rel=\"canonical\" href=\"https:\/\/jackpotlotteryonline.com\/es\/numeros-ganadores\/el-gordo-draw-results\/\" \/>\n<meta property=\"og:locale\" content=\"es_ES\" \/>\n<meta property=\"og:type\" content=\"article\" \/>\n<meta property=\"og:title\" content=\"N\u00fameros ganadores de El Gordo y resultados del sorteo\" \/>\n<meta property=\"og:description\" content=\"Resultados, n\u00fameros premiados del sorteo de El Gordo - esta semana as\u00ed como los resultados de la semana pasada.\" \/>\n<meta property=\"og:url\" content=\"https:\/\/jackpotlotteryonline.com\/es\/numeros-ganadores\/el-gordo-draw-results\/\" \/>\n<meta property=\"og:site_name\" content=\"Lotto Online - Crack The International Lottery Jackpots\" \/>\n<meta property=\"article:modified_time\" content=\"2022-12-28T12:56:12+00:00\" \/>\n<meta property=\"og:image\" content=\"http:\/\/jackpotlotteryonline.com\/wp-content\/uploads\/2022\/10\/lotto_euros.jpg\" \/>\n<meta name=\"twitter:card\" content=\"summary_large_image\" \/>\n<meta name=\"twitter:label1\" content=\"Tiempo de lectura\" \/>\n\t<meta name=\"twitter:data1\" content=\"6 minutos\" \/>\n<!-- \/ Yoast SEO plugin. -->","yoast_head_json":{"title":"N\u00fameros ganadores de El Gordo y resultados del sorteo","description":"Resultados, n\u00fameros premiados del sorteo de El Gordo - esta semana as\u00ed como los resultados de la semana pasada.","robots":{"index":"index","follow":"follow","max-snippet":"max-snippet:-1","max-image-preview":"max-image-preview:large","max-video-preview":"max-video-preview:-1"},"canonical":"https:\/\/jackpotlotteryonline.com\/es\/numeros-ganadores\/el-gordo-draw-results\/","og_locale":"es_ES","og_type":"article","og_title":"N\u00fameros ganadores de El Gordo y resultados del sorteo","og_description":"Resultados, n\u00fameros premiados del sorteo de El Gordo - esta semana as\u00ed como los resultados de la semana pasada.","og_url":"https:\/\/jackpotlotteryonline.com\/es\/numeros-ganadores\/el-gordo-draw-results\/","og_site_name":"Lotto Online - Crack The International Lottery Jackpots","article_modified_time":"2022-12-28T12:56:12+00:00","og_image":[{"url":"http:\/\/jackpotlotteryonline.com\/wp-content\/uploads\/2022\/10\/lotto_euros.jpg"}],"twitter_card":"summary_large_image","twitter_misc":{"Tiempo de lectura":"6 minutos"},"schema":{"@context":"https:\/\/schema.org","@graph":[{"@type":"WebPage","@id":"https:\/\/jackpotlotteryonline.com\/es\/numeros-ganadores\/el-gordo-draw-results\/","url":"https:\/\/jackpotlotteryonline.com\/es\/numeros-ganadores\/el-gordo-draw-results\/","name":"N\u00fameros ganadores de El Gordo y resultados del sorteo","isPartOf":{"@id":"https:\/\/jackpotlotteryonline.com\/#website"},"primaryImageOfPage":{"@id":"https:\/\/jackpotlotteryonline.com\/es\/numeros-ganadores\/el-gordo-draw-results\/#primaryimage"},"image":{"@id":"https:\/\/jackpotlotteryonline.com\/es\/numeros-ganadores\/el-gordo-draw-results\/#primaryimage"},"thumbnailUrl":"http:\/\/jackpotlotteryonline.com\/wp-content\/uploads\/2022\/10\/lotto_euros.jpg","datePublished":"2022-12-07T07:05:13+00:00","dateModified":"2022-12-28T12:56:12+00:00","description":"Resultados, n\u00fameros premiados del sorteo de El Gordo - esta semana as\u00ed como los resultados de la semana pasada.","breadcrumb":{"@id":"https:\/\/jackpotlotteryonline.com\/es\/numeros-ganadores\/el-gordo-draw-results\/#breadcrumb"},"inLanguage":"es","potentialAction":[{"@type":"ReadAction","target":["https:\/\/jackpotlotteryonline.com\/es\/numeros-ganadores\/el-gordo-draw-results\/"]}]},{"@type":"ImageObject","inLanguage":"es","@id":"https:\/\/jackpotlotteryonline.com\/es\/numeros-ganadores\/el-gordo-draw-results\/#primaryimage","url":"http:\/\/jackpotlotteryonline.com\/wp-content\/uploads\/2022\/10\/lotto_euros.jpg","contentUrl":"http:\/\/jackpotlotteryonline.com\/wp-content\/uploads\/2022\/10\/lotto_euros.jpg"},{"@type":"BreadcrumbList","@id":"https:\/\/jackpotlotteryonline.com\/es\/numeros-ganadores\/el-gordo-draw-results\/#breadcrumb","itemListElement":[{"@type":"ListItem","position":1,"name":"Home","item":"https:\/\/jackpotlotteryonline.com\/es\/"},{"@type":"ListItem","position":2,"name":"Resultados de la loter\u00eda","item":"https:\/\/jackpotlotteryonline.com\/winning-numbers\/"},{"@type":"ListItem","position":3,"name":"Resultados del sorteo de El Gordo"}]},{"@type":"WebSite","@id":"https:\/\/jackpotlotteryonline.com\/#website","url":"https:\/\/jackpotlotteryonline.com\/","name":"Lotto Online - Crack The International Lottery Jackpots","description":"","potentialAction":[{"@type":"SearchAction","target":{"@type":"EntryPoint","urlTemplate":"https:\/\/jackpotlotteryonline.com\/?s={search_term_string}"},"query-input":"required name=search_term_string"}],"inLanguage":"es"}]}},"_links":{"self":[{"href":"https:\/\/jackpotlotteryonline.com\/es\/wp-json\/wp\/v2\/pages\/40851","targetHints":{"allow":["GET"]}}],"collection":[{"href":"https:\/\/jackpotlotteryonline.com\/es\/wp-json\/wp\/v2\/pages"}],"about":[{"href":"https:\/\/jackpotlotteryonline.com\/es\/wp-json\/wp\/v2\/types\/page"}],"author":[{"embeddable":true,"href":"https:\/\/jackpotlotteryonline.com\/es\/wp-json\/wp\/v2\/users\/1"}],"replies":[{"embeddable":true,"href":"https:\/\/jackpotlotteryonline.com\/es\/wp-json\/wp\/v2\/comments?post=40851"}],"version-history":[{"count":0,"href":"https:\/\/jackpotlotteryonline.com\/es\/wp-json\/wp\/v2\/pages\/40851\/revisions"}],"up":[{"embeddable":true,"href":"https:\/\/jackpotlotteryonline.com\/es\/wp-json\/wp\/v2\/pages\/35856"}],"wp:attachment":[{"href":"https:\/\/jackpotlotteryonline.com\/es\/wp-json\/wp\/v2\/media?parent=40851"}],"curies":[{"name":"wp","href":"https:\/\/api.w.org\/{rel}","templated":true}]}}