{"id":40904,"date":"2022-12-07T09:14:20","date_gmt":"2022-12-07T09:14:20","guid":{"rendered":"https:\/\/jackpotlotteryonline.com\/?page_id=40904"},"modified":"2022-12-28T18:52:39","modified_gmt":"2022-12-28T18:52:39","slug":"german-lotto","status":"publish","type":"page","link":"https:\/\/jackpotlotteryonline.com\/es\/numeros-ganadores\/german-lotto\/","title":{"rendered":"Resultados del sorteo de la Loter\u00eda alemana"},"content":{"rendered":"<p>Resultados del sorteo de la Loter\u00eda alemanaSi has <a href=\"https:\/\/jackpotlotteryonline.com\/es\/como-se-juega\/german-lotto\">jugado a la Loter\u00eda alemana<\/a> o quieres probarla, comprobar los n\u00fameros ganadores es esencial. Ganar la loter\u00eda es una experiencia que cambia la vida.<\/p>\n<p>Conocida como 6 aus 49 o 6 de 49, es una de las loter\u00edas m\u00e1s populares de Europa. Con probabilidades incre\u00edbles y premios que cambian la vida, esta loter\u00eda alemana tiene nueve niveles de premios diferentes.<\/p>\n<p>Es f\u00e1cil de jugar y ahora puede participar en la loter\u00eda alemana desde cualquier parte del mundo. Tambi\u00e9n puede comprobar sus n\u00fameros ganadores cuando juega en jackpotlottoonline.com.<\/p>\n<h2>C\u00f3mo jugar a la loter\u00eda alemana<\/h2>\n<p><img loading=\"lazy\" decoding=\"async\" class=\"alignright size-medium wp-image-29156\" src=\"http:\/\/jackpotlotteryonline.com\/wp-content\/uploads\/2022\/11\/1_play_lotto_to_win-300x214.jpg\" alt=\"participar en la loter\u00eda alemana para ganar premios\" width=\"300\" height=\"214\" srcset=\"https:\/\/jackpotlotteryonline.com\/wp-content\/uploads\/2022\/11\/1_play_lotto_to_win-300x214.jpg 300w, https:\/\/jackpotlotteryonline.com\/wp-content\/uploads\/2022\/11\/1_play_lotto_to_win.jpg 320w\" sizes=\"auto, (max-width: 300px) 100vw, 300px\" \/>B\u00e1sicamente, los jugadores s\u00f3lo tienen que elegir 6 n\u00fameros de un rango del 1 al 49 y quien acierte los resultados sorteados gana el bote. Tambi\u00e9n hay un d\u00edgito extra llamado S\u00faper N\u00famero. Se elige al azar y se utiliza para determinar los ganadores de tres niveles, incluido el bote.<\/p>\n<p>El bote est\u00e1 garantizado en un mill\u00f3n de euros, pero si no hay ganador despu\u00e9s de los sorteos, se acumula. El bote de la loter\u00eda alemana puede llegar hasta 14.000.000 euros, lo que nos parece bastante impresionante.<\/p>\n<h2>Jugar en jackpotlottoonline.com<\/h2>\n<p>Cuando usted <a href=\"https:\/\/jackpotlotteryonline.com\/es\/comprar-boletos\/lotto-germany\">compra un billete de loter\u00eda<\/a> con nosotros, usted est\u00e1 realmente participando de la loter\u00eda. Nosotros no operamos como algunos sitios de loter\u00eda en l\u00ednea que simplemente dan a los jugadores la oportunidad de apostar al resultado. Si usted apuesta al resultado, aunque acierte los n\u00fameros ganadores, no gana la loter\u00eda.<\/p>\n<p>Somos un sitio de conserjer\u00eda que ofrece a nuestros clientes la oportunidad de participar en loter\u00edas de todo el mundo. Cuando usted compra un billete de loter\u00eda alemana online, nuestros agentes en el pa\u00eds le compran un billete f\u00edsico. El billete f\u00edsico de loter\u00eda alemana tendr\u00e1 los mismos n\u00fameros que los que usted eligi\u00f3. Despu\u00e9s lo escanearemos y lo ingresaremos en su cuenta.<\/p>\n<p><strong>Para jugar a la loter\u00eda con nosotros<\/strong><\/p>\n<ul>\n<li>Escoja 6 n\u00fameros entre 49. Tambi\u00e9n puede utilizar nuestro autogenerador para escoger n\u00fameros aleatorios de la loter\u00eda.<\/li>\n<li>Introduzca los sorteos. Puede introducir uno o varios sorteos.<\/li>\n<li>Elija con cu\u00e1ntas semanas de antelaci\u00f3n quiere jugar (o s\u00f3lo puede jugar una vez).<\/li>\n<li>Reg\u00edstrese para procesar su pago (esto es para que podamos avisarle una vez que gane la loter\u00eda).<\/li>\n<\/ul>\n<h2>Ganar la loter\u00eda alemana (desglose de premios)<\/h2>\n<p><img loading=\"lazy\" decoding=\"async\" class=\"alignright size-medium wp-image-28616\" src=\"http:\/\/jackpotlotteryonline.com\/wp-content\/uploads\/2022\/11\/1_online_lotto-300x128.jpg\" alt=\"Jugar a la loter\u00eda alemana\" width=\"300\" height=\"128\" srcset=\"https:\/\/jackpotlotteryonline.com\/wp-content\/uploads\/2022\/11\/1_online_lotto-300x128.jpg 300w, https:\/\/jackpotlotteryonline.com\/wp-content\/uploads\/2022\/11\/1_online_lotto.jpg 320w\" sizes=\"auto, (max-width: 300px) 100vw, 300px\" \/>Ya hemos mencionado que esta loter\u00eda europea tiene 9 niveles de premios diferentes. Son muchos los premios que un jugador puede ganar, lo que explica por qu\u00e9 esta loter\u00eda es tan popular en el continente. Las probabilidades de ganar el bote son de 1 entre 139.838.160.<\/p>\n<p>Compartiremos el desglose de premios para los diferentes niveles de premios, as\u00ed como las probabilidades para cada nivel. Adem\u00e1s, incluiremos el premio estimado para cada secci\u00f3n. Los premios son determinados por el pozo general de la loter\u00eda, pero bas\u00e1ndonos en premios anteriores, es posible obtener una cifra aproximada.<\/p>\n<p>Nivel 1: 6 + Super N\u00famero &#8211; \u20ac12,585,434.40 (premio mayor) &#8211; 1:139,838,160<\/p>\n<p>Nivel 2: S\u00f3lo 6 cifras &#8211; 1.003.509,30 euros &#8211; 1: 15.537.573<\/p>\n<p>Nivel 3: 5 + Supern\u00famero &#8211; 12.135,40 euros &#8211; 1:524.008<\/p>\n<p>Nivel 4: S\u00f3lo 5 cifras &#8211; 4.019,20 euros &#8211; 1:60.223<\/p>\n<p>Nivel 5: 4 + Supern\u00famero &#8211; 191,10 euros &#8211; 1:10.324<\/p>\n<p>Nivel 6: S\u00f3lo 4 cifras &#8211; 50,30 euros &#8211; 1:1.147<\/p>\n<p>Nivel 7: 3 + Supern\u00famero &#8211; 21,20 euros &#8211; 1:567<\/p>\n<p>Nivel 8: S\u00f3lo 3 cifras &#8211; 11,10 euros &#8211; 1:63<\/p>\n<p>Nivel 9: 2 + Super N\u00famero &#8211; \u20ac6 &#8211; 1:76<\/p>\n<section class=\"layout\" style=\"border: solid 1px; width: 100%;\">\n<div class=\"img-div\" style=\"margin-top: 5px;\"><img decoding=\"async\" class=\"wp-image-17212 alignleft\" style=\"height: 45px; margin: 8px 8px 0px;\" src=\"http:\/\/jackpotlotteryonline.com\/wp-content\/uploads\/2022\/11\/read1.jpg\" alt=\"leer\" width=\"\" height=\"\" \/><\/div>\n<div style=\"padding-left: 5px;\">\n<div style=\"font-size: 1.1em;\">\n<p><strong>Su loter\u00eda nacional en comparaci\u00f3n internacional<\/strong><\/p>\n<p style=\"font-size: 0.85em; margin-top: -1.5em;\">Su loter\u00eda local puede ser su peor opci\u00f3n &#8211; por qu\u00e9 tiene m\u00e1s sentido pagar m\u00e1s pero ir a por botes m\u00e1s grandes <a href=\"https:\/\/jackpotlotteryonline.com\/es\/su-loteria-nacional-en-comparacion-internacional\">Seguir leyendo<\/a><\/p>\n<\/div>\n<\/div>\n<\/section>\n<h2>Compruebe sus n\u00fameros ganadores en l\u00ednea<\/h2>\n<p>As\u00ed como jugar a la loter\u00eda alemana es incre\u00edblemente sencillo, tambi\u00e9n hemos simplificado el proceso de comprobar los resultados. Si juega a esta loter\u00eda, puede comprobar f\u00e1cilmente sus n\u00fameros ganadores en l\u00ednea. Compruebe despu\u00e9s de cada sorteo si ha ganado alg\u00fan premio. Ya que publicamos los resultados de los sorteos aqu\u00ed mismo.<\/p>\n<p>Pero, incluso si se olvida de comprobarlo despu\u00e9s de los sorteos, le avisaremos si gana alg\u00fan premio. No s\u00f3lo le avisaremos a trav\u00e9s de su cuenta, sino que tambi\u00e9n le enviaremos un correo electr\u00f3nico.<\/p>\n<h2>C\u00f3mo reclamar su premio<\/h2>\n<p>Los sorteos de la loter\u00eda alemana se celebran una vez a la semana, los mi\u00e9rcoles. Despu\u00e9s de los sorteos, se anuncian los n\u00fameros ganadores. Ganar la loter\u00eda s\u00f3lo significa que tiene un boleto que coincide con los resultados del sorteo.<\/p>\n<p>Si gana un premio, puede reclamarlo f\u00e1cilmente retir\u00e1ndolo de nuestra plataforma a su cuenta. As\u00ed es. Cualquier premio inferior a 2.500 euros puede retirarse directamente a su cuenta.<\/p>\n<p>Para importes superiores a 2.500 euros, es posible que tenga que rellenar un formulario de reclamaciones de la empresa de loter\u00eda. Pero nosotros le guiaremos a trav\u00e9s del proceso. As\u00ed que si todav\u00eda no ha comprado su billete de la loter\u00eda alemana, h\u00e1galo ahora. Y recuerde comprobar los n\u00fameros ganadores.<\/p>\n","protected":false},"excerpt":{"rendered":"<p>Resultados del sorteo de la Loter\u00eda alemanaSi has jugado a la Loter\u00eda alemana o quieres probarla, comprobar los n\u00fameros ganadores es esencial. Ganar la loter\u00eda es una experiencia que cambia la vida. Conocida como 6 aus 49 o 6 de 49, es una de las loter\u00edas m\u00e1s populares de Europa. Con probabilidades incre\u00edbles y premios [&hellip;]<\/p>\n","protected":false},"author":1,"featured_media":0,"parent":35856,"menu_order":8,"comment_status":"closed","ping_status":"closed","template":"lotto-german-results.php","meta":{"_et_pb_use_builder":"","_et_pb_old_content":"","_et_gb_content_width":"","exclude_from_search":false,"footnotes":""},"class_list":["post-40904","page","type-page","status-publish","hentry"],"yoast_head":"<!-- This site is optimized with the Yoast SEO plugin v23.3 - https:\/\/yoast.com\/wordpress\/plugins\/seo\/ -->\n<title>N\u00fameros ganadores de la loter\u00eda alemana y resultados del sorteo<\/title>\n<meta name=\"description\" content=\"Listado aqu\u00ed todos los n\u00fameros ganadores presentes y pasados, resultados de sorteos de la loter\u00eda de Alemania\" \/>\n<meta name=\"robots\" content=\"index, follow, max-snippet:-1, max-image-preview:large, max-video-preview:-1\" \/>\n<link rel=\"canonical\" href=\"https:\/\/jackpotlotteryonline.com\/es\/numeros-ganadores\/german-lotto\/\" \/>\n<meta property=\"og:locale\" content=\"es_ES\" \/>\n<meta property=\"og:type\" content=\"article\" \/>\n<meta property=\"og:title\" content=\"N\u00fameros ganadores de la loter\u00eda alemana y resultados del sorteo\" \/>\n<meta property=\"og:description\" content=\"Listado aqu\u00ed todos los n\u00fameros ganadores presentes y pasados, resultados de sorteos de la loter\u00eda de Alemania\" \/>\n<meta property=\"og:url\" content=\"https:\/\/jackpotlotteryonline.com\/es\/numeros-ganadores\/german-lotto\/\" \/>\n<meta property=\"og:site_name\" content=\"Lotto Online - Crack The International Lottery Jackpots\" \/>\n<meta property=\"article:modified_time\" content=\"2022-12-28T18:52:39+00:00\" \/>\n<meta property=\"og:image\" content=\"http:\/\/jackpotlotteryonline.com\/wp-content\/uploads\/2022\/11\/1_play_lotto_to_win-300x214.jpg\" \/>\n<meta name=\"twitter:card\" content=\"summary_large_image\" \/>\n<meta name=\"twitter:label1\" content=\"Tiempo de lectura\" \/>\n\t<meta name=\"twitter:data1\" content=\"5 minutos\" \/>\n<!-- \/ Yoast SEO plugin. -->","yoast_head_json":{"title":"N\u00fameros ganadores de la loter\u00eda alemana y resultados del sorteo","description":"Listado aqu\u00ed todos los n\u00fameros ganadores presentes y pasados, resultados de sorteos de la loter\u00eda de Alemania","robots":{"index":"index","follow":"follow","max-snippet":"max-snippet:-1","max-image-preview":"max-image-preview:large","max-video-preview":"max-video-preview:-1"},"canonical":"https:\/\/jackpotlotteryonline.com\/es\/numeros-ganadores\/german-lotto\/","og_locale":"es_ES","og_type":"article","og_title":"N\u00fameros ganadores de la loter\u00eda alemana y resultados del sorteo","og_description":"Listado aqu\u00ed todos los n\u00fameros ganadores presentes y pasados, resultados de sorteos de la loter\u00eda de Alemania","og_url":"https:\/\/jackpotlotteryonline.com\/es\/numeros-ganadores\/german-lotto\/","og_site_name":"Lotto Online - Crack The International Lottery Jackpots","article_modified_time":"2022-12-28T18:52:39+00:00","og_image":[{"url":"http:\/\/jackpotlotteryonline.com\/wp-content\/uploads\/2022\/11\/1_play_lotto_to_win-300x214.jpg"}],"twitter_card":"summary_large_image","twitter_misc":{"Tiempo de lectura":"5 minutos"},"schema":{"@context":"https:\/\/schema.org","@graph":[{"@type":"WebPage","@id":"https:\/\/jackpotlotteryonline.com\/es\/numeros-ganadores\/german-lotto\/","url":"https:\/\/jackpotlotteryonline.com\/es\/numeros-ganadores\/german-lotto\/","name":"N\u00fameros ganadores de la loter\u00eda alemana y resultados del sorteo","isPartOf":{"@id":"https:\/\/jackpotlotteryonline.com\/#website"},"primaryImageOfPage":{"@id":"https:\/\/jackpotlotteryonline.com\/es\/numeros-ganadores\/german-lotto\/#primaryimage"},"image":{"@id":"https:\/\/jackpotlotteryonline.com\/es\/numeros-ganadores\/german-lotto\/#primaryimage"},"thumbnailUrl":"http:\/\/jackpotlotteryonline.com\/wp-content\/uploads\/2022\/11\/1_play_lotto_to_win-300x214.jpg","datePublished":"2022-12-07T09:14:20+00:00","dateModified":"2022-12-28T18:52:39+00:00","description":"Listado aqu\u00ed todos los n\u00fameros ganadores presentes y pasados, resultados de sorteos de la loter\u00eda de Alemania","breadcrumb":{"@id":"https:\/\/jackpotlotteryonline.com\/es\/numeros-ganadores\/german-lotto\/#breadcrumb"},"inLanguage":"es","potentialAction":[{"@type":"ReadAction","target":["https:\/\/jackpotlotteryonline.com\/es\/numeros-ganadores\/german-lotto\/"]}]},{"@type":"ImageObject","inLanguage":"es","@id":"https:\/\/jackpotlotteryonline.com\/es\/numeros-ganadores\/german-lotto\/#primaryimage","url":"http:\/\/jackpotlotteryonline.com\/wp-content\/uploads\/2022\/11\/1_play_lotto_to_win-300x214.jpg","contentUrl":"http:\/\/jackpotlotteryonline.com\/wp-content\/uploads\/2022\/11\/1_play_lotto_to_win-300x214.jpg"},{"@type":"BreadcrumbList","@id":"https:\/\/jackpotlotteryonline.com\/es\/numeros-ganadores\/german-lotto\/#breadcrumb","itemListElement":[{"@type":"ListItem","position":1,"name":"Home","item":"https:\/\/jackpotlotteryonline.com\/es\/"},{"@type":"ListItem","position":2,"name":"Resultados de la loter\u00eda","item":"https:\/\/jackpotlotteryonline.com\/winning-numbers\/"},{"@type":"ListItem","position":3,"name":"Resultados del sorteo de la Loter\u00eda alemana"}]},{"@type":"WebSite","@id":"https:\/\/jackpotlotteryonline.com\/#website","url":"https:\/\/jackpotlotteryonline.com\/","name":"Lotto Online - Crack The International Lottery Jackpots","description":"","potentialAction":[{"@type":"SearchAction","target":{"@type":"EntryPoint","urlTemplate":"https:\/\/jackpotlotteryonline.com\/?s={search_term_string}"},"query-input":"required name=search_term_string"}],"inLanguage":"es"}]}},"_links":{"self":[{"href":"https:\/\/jackpotlotteryonline.com\/es\/wp-json\/wp\/v2\/pages\/40904","targetHints":{"allow":["GET"]}}],"collection":[{"href":"https:\/\/jackpotlotteryonline.com\/es\/wp-json\/wp\/v2\/pages"}],"about":[{"href":"https:\/\/jackpotlotteryonline.com\/es\/wp-json\/wp\/v2\/types\/page"}],"author":[{"embeddable":true,"href":"https:\/\/jackpotlotteryonline.com\/es\/wp-json\/wp\/v2\/users\/1"}],"replies":[{"embeddable":true,"href":"https:\/\/jackpotlotteryonline.com\/es\/wp-json\/wp\/v2\/comments?post=40904"}],"version-history":[{"count":0,"href":"https:\/\/jackpotlotteryonline.com\/es\/wp-json\/wp\/v2\/pages\/40904\/revisions"}],"up":[{"embeddable":true,"href":"https:\/\/jackpotlotteryonline.com\/es\/wp-json\/wp\/v2\/pages\/35856"}],"wp:attachment":[{"href":"https:\/\/jackpotlotteryonline.com\/es\/wp-json\/wp\/v2\/media?parent=40904"}],"curies":[{"name":"wp","href":"https:\/\/api.w.org\/{rel}","templated":true}]}}