{"id":40959,"date":"2022-12-07T10:59:22","date_gmt":"2022-12-07T10:59:22","guid":{"rendered":"https:\/\/jackpotlotteryonline.com\/?page_id=40959"},"modified":"2022-12-28T21:34:34","modified_gmt":"2022-12-28T21:34:34","slug":"france-lotto-2","status":"publish","type":"page","link":"https:\/\/jackpotlotteryonline.com\/es\/numeros-ganadores\/france-lotto-2\/","title":{"rendered":"Resultados del sorteo de la Loter\u00eda de Francia"},"content":{"rendered":"<p>France Lotto es una loter\u00eda europea que produce ganadores tres veces por semana. Fue lanzada en 1976 y tiene sus d\u00edas de sorteo los lunes, mi\u00e9rcoles y s\u00e1bados. Los n\u00fameros ganadores de France Lotto se anuncian en estos d\u00edas. Ganadores de todo el mundo pueden participar en la France Lotto comprando sus billetes online.<\/p>\n<h2>Por qu\u00e9 debe comprobar los n\u00fameros ganadores<\/h2>\n<p>Por lo general, la empresa France Lotto desconoce la identidad de todos los que han comprado boletos. Por lo tanto, no tienen forma de contactar a los ganadores de la loter\u00eda. Es por eso que usted debe cotejar constantemente su billete con los n\u00fameros sorteados para saber si ha ganado.<\/p>\n<p>Adem\u00e1s, France Lotto tiene 10 divisiones de premios. Es posible que un jugador no haya ganado el bote, pero s\u00ed otros premios.<\/p>\n<h2>Formas de comprobar los resultados ganadores de France Lotto<\/h2>\n<p><img loading=\"lazy\" decoding=\"async\" class=\"alignright wp-image-31748\" src=\"http:\/\/jackpotlotteryonline.com\/wp-content\/uploads\/2022\/11\/rf_results_page-300x225.jpg\" alt=\"Francia Lotto resultados ganadores\" width=\"244\" height=\"183\" srcset=\"https:\/\/jackpotlotteryonline.com\/wp-content\/uploads\/2022\/11\/rf_results_page-300x225.jpg 300w, https:\/\/jackpotlotteryonline.com\/wp-content\/uploads\/2022\/11\/rf_results_page-600x449.jpg 600w, https:\/\/jackpotlotteryonline.com\/wp-content\/uploads\/2022\/11\/rf_results_page-768x575.jpg 768w, https:\/\/jackpotlotteryonline.com\/wp-content\/uploads\/2022\/11\/rf_results_page.jpg 801w\" sizes=\"auto, (max-width: 244px) 100vw, 244px\" \/>Existen varias formas de comprobar los resultados del sorteo de la loter\u00eda de Francia. Esto es esencial para averiguar el billete ganador del premio mayor. Recuerde que el ganador es quien acierta las cifras sorteadas. Si usted compra billetes de la Loter\u00eda de Francia, puede comprobar los resultados del sorteo de cualquiera de las siguientes maneras:<\/p>\n<h3>Ver el sorteo en directo por televisi\u00f3n<\/h3>\n<p>Esto es realmente emocionante porque los n\u00fameros son anunciados y usted puede saber inmediatamente si ha ganado. El problema es que tiene que vivir en Francia para poder ver los sorteos en directo.<\/p>\n<section class=\"layout\" style=\"border: solid 1px; width: 100%;\">\n<div class=\"img-div\" style=\"margin-top: 5px;\"><img decoding=\"async\" class=\"wp-image-17212 alignleft\" style=\"height: 45px; margin: 8px 8px 0px;\" src=\"http:\/\/jackpotlotteryonline.com\/wp-content\/uploads\/2022\/11\/read1.jpg\" alt=\"leer\" width=\"\" height=\"\" \/><\/div>\n<div style=\"padding-left: 5px;\">\n<div style=\"font-size: 1.1em;\">\n<p><strong>No te pierdas los horarios de los sorteos de los mayores botes de loter\u00eda del mundo<\/strong><\/p>\n<p style=\"font-size: 0.85em; margin-top: -1.5em;\">Una lista de los horarios de los sorteos de las loter\u00edas internacionales\u00a0 <a href=\"https:\/\/jackpotlotteryonline.com\/es\/horarios-de-los-sorteos-de-las-loterias-internacionales\">Seguir leyendo<\/a><\/p>\n<\/div>\n<\/div>\n<\/section>\n<h3>Visite los sitios de noticias<\/h3>\n<p>Otra forma de comprobar los resultados de los sorteos es consultar los sitios de noticias. Varios sitios de noticias publican las combinaciones ganadoras en sus p\u00e1ginas. Esto es particularmente cierto en los sitios de noticias europeos. Si gana el bote, esta es una gran opci\u00f3n. Sin embargo, hay otras divisiones de premios que un jugador puede ganar. Lamentablemente, estos sitios no suelen publicar las combinaciones ganadoras para esas divisiones. Por lo tanto, si usted gana un premio de segunda categor\u00eda, por ejemplo, podr\u00eda perd\u00e9rselo.<\/p>\n<h3>Compruebe jackpotlotteryonline.com<\/h3>\n<p>Cuando se registre con nosotros, podr\u00e1 comprobar f\u00e1cilmente los n\u00fameros ganadores de la Loter\u00eda de Francia. Despu\u00e9s de cada sorteo, publicamos los resultados aqu\u00ed mismo en nuestra p\u00e1gina. Adem\u00e1s, si gana alg\u00fan premio, se lo notificaremos inmediatamente independientemente de la divisi\u00f3n del premio que haya ganado. Adem\u00e1s, tambi\u00e9n puede retirar sus ganancias de la loter\u00eda directamente desde nuestra p\u00e1gina a su cuenta.<\/p>\n<h2>Ventajas de jugar en l\u00ednea<\/h2>\n<p>Poder comprobar c\u00f3modamente los resultados de los sorteos es s\u00f3lo una de las ventajas de <a href=\"https:\/\/jackpotlotteryonline.com\/es\/como-se-juega\/france-lotto\">jugar a la loter\u00eda en l\u00ednea.<\/a> Pero estamos de acuerdo en que es una gran ventaja. He aqu\u00ed algunas ventajas en pocas palabras:<\/p>\n<ul>\n<li>Acceso a las mejores loter\u00edas internacionales desde cualquier lugar<\/li>\n<li>La comodidad de jugar desde su ordenador o dispositivo m\u00f3vil<\/li>\n<li>Programar f\u00e1cilmente varios sorteos con antelaci\u00f3n<\/li>\n<li>Compruebe los resultados de los sorteos c\u00f3modamente<\/li>\n<li>Retire sus ganancias directamente a su cuenta<\/li>\n<\/ul>\n<h2>Combinaciones ganadoras de la Loter\u00eda de Francia<\/h2>\n<p>Elegir la combinaci\u00f3n correcta para su billete de loter\u00eda de Francia puede ser bastante complicado. Muchos jugadores tienen diferentes consejos que utilizan para aumentar sus posibilidades de ganar la loter\u00eda. Lo que podemos decirle es que no existe ning\u00fan m\u00e9todo garantizado para ganar la loter\u00eda. Es una cuesti\u00f3n de suerte. Sin embargo, podemos compartir algunas estrategias que los jugadores utilizan para elegir sus d\u00edgitos ganadores.<\/p>\n<p>A algunos jugadores les gusta repasar combinaciones ganadoras anteriores para encontrar n\u00fameros que se repiten con regularidad o con poca frecuencia. Son capaces de identificar un patr\u00f3n y utilizarlo para crear una estrategia para jugar a la loter\u00eda. Es dif\u00edcil saber si funciona o no.<\/p>\n<p>Otros jugadores optan por jugar con frecuencia comprando varios billetes y participando en varios sorteos. La l\u00f3gica detr\u00e1s de esto es que cuantas m\u00e1s veces se juega a la loter\u00eda, mayores son las posibilidades de ganar. Curiosamente, la mayor\u00eda de los ganadores jugaron durante a\u00f1os antes de ganar la loter\u00eda. Sin embargo, hay quienes ganaron la primera vez que jugaron.<\/p>\n<h2>Conclusi\u00f3n<\/h2>\n<p>En conclusi\u00f3n, la loter\u00eda de Francia es un juego de azar. Usted puede <a href=\"https:\/\/jackpotlotteryonline.com\/es\/comprar-boletos\/lotto-france\">comprar sus billetes de loter\u00eda de Francia<\/a> y comprobar las combinaciones ganadoras aqu\u00ed mismo en jackpotlotteryonline.com<\/p>\n","protected":false},"excerpt":{"rendered":"<p>France Lotto es una loter\u00eda europea que produce ganadores tres veces por semana. Fue lanzada en 1976 y tiene sus d\u00edas de sorteo los lunes, mi\u00e9rcoles y s\u00e1bados. Los n\u00fameros ganadores de France Lotto se anuncian en estos d\u00edas. Ganadores de todo el mundo pueden participar en la France Lotto comprando sus billetes online. Por [&hellip;]<\/p>\n","protected":false},"author":1,"featured_media":0,"parent":35856,"menu_order":9,"comment_status":"closed","ping_status":"closed","template":"lotto-fr-results.php","meta":{"_et_pb_use_builder":"","_et_pb_old_content":"","_et_gb_content_width":"","exclude_from_search":false,"footnotes":""},"class_list":["post-40959","page","type-page","status-publish","hentry"],"yoast_head":"<!-- This site is optimized with the Yoast SEO plugin v23.3 - https:\/\/yoast.com\/wordpress\/plugins\/seo\/ -->\n<title>N\u00fameros ganadores y resultados de los sorteos de la Loter\u00eda de Francia<\/title>\n<meta name=\"description\" content=\"Quieres conocer los n\u00fameros ganadores y los resultados de los sorteos de la loter\u00eda de Francia? Consulta nuestra p\u00e1gina de resultados de la Loter\u00eda de Francia y nuestro archivo\" \/>\n<meta name=\"robots\" content=\"index, follow, max-snippet:-1, max-image-preview:large, max-video-preview:-1\" \/>\n<link rel=\"canonical\" href=\"https:\/\/jackpotlotteryonline.com\/es\/numeros-ganadores\/france-lotto-2\/\" \/>\n<meta property=\"og:locale\" content=\"es_ES\" \/>\n<meta property=\"og:type\" content=\"article\" \/>\n<meta property=\"og:title\" content=\"N\u00fameros ganadores y resultados de los sorteos de la Loter\u00eda de Francia\" \/>\n<meta property=\"og:description\" content=\"Quieres conocer los n\u00fameros ganadores y los resultados de los sorteos de la loter\u00eda de Francia? Consulta nuestra p\u00e1gina de resultados de la Loter\u00eda de Francia y nuestro archivo\" \/>\n<meta property=\"og:url\" content=\"https:\/\/jackpotlotteryonline.com\/es\/numeros-ganadores\/france-lotto-2\/\" \/>\n<meta property=\"og:site_name\" content=\"Lotto Online - Crack The International Lottery Jackpots\" \/>\n<meta property=\"article:modified_time\" content=\"2022-12-28T21:34:34+00:00\" \/>\n<meta property=\"og:image\" content=\"http:\/\/jackpotlotteryonline.com\/wp-content\/uploads\/2022\/11\/rf_results_page-300x225.jpg\" \/>\n<meta name=\"twitter:card\" content=\"summary_large_image\" \/>\n<meta name=\"twitter:label1\" content=\"Tiempo de lectura\" \/>\n\t<meta name=\"twitter:data1\" content=\"4 minutos\" \/>\n<!-- \/ Yoast SEO plugin. -->","yoast_head_json":{"title":"N\u00fameros ganadores y resultados de los sorteos de la Loter\u00eda de Francia","description":"Quieres conocer los n\u00fameros ganadores y los resultados de los sorteos de la loter\u00eda de Francia? Consulta nuestra p\u00e1gina de resultados de la Loter\u00eda de Francia y nuestro archivo","robots":{"index":"index","follow":"follow","max-snippet":"max-snippet:-1","max-image-preview":"max-image-preview:large","max-video-preview":"max-video-preview:-1"},"canonical":"https:\/\/jackpotlotteryonline.com\/es\/numeros-ganadores\/france-lotto-2\/","og_locale":"es_ES","og_type":"article","og_title":"N\u00fameros ganadores y resultados de los sorteos de la Loter\u00eda de Francia","og_description":"Quieres conocer los n\u00fameros ganadores y los resultados de los sorteos de la loter\u00eda de Francia? Consulta nuestra p\u00e1gina de resultados de la Loter\u00eda de Francia y nuestro archivo","og_url":"https:\/\/jackpotlotteryonline.com\/es\/numeros-ganadores\/france-lotto-2\/","og_site_name":"Lotto Online - Crack The International Lottery Jackpots","article_modified_time":"2022-12-28T21:34:34+00:00","og_image":[{"url":"http:\/\/jackpotlotteryonline.com\/wp-content\/uploads\/2022\/11\/rf_results_page-300x225.jpg"}],"twitter_card":"summary_large_image","twitter_misc":{"Tiempo de lectura":"4 minutos"},"schema":{"@context":"https:\/\/schema.org","@graph":[{"@type":"WebPage","@id":"https:\/\/jackpotlotteryonline.com\/es\/numeros-ganadores\/france-lotto-2\/","url":"https:\/\/jackpotlotteryonline.com\/es\/numeros-ganadores\/france-lotto-2\/","name":"N\u00fameros ganadores y resultados de los sorteos de la Loter\u00eda de Francia","isPartOf":{"@id":"https:\/\/jackpotlotteryonline.com\/#website"},"primaryImageOfPage":{"@id":"https:\/\/jackpotlotteryonline.com\/es\/numeros-ganadores\/france-lotto-2\/#primaryimage"},"image":{"@id":"https:\/\/jackpotlotteryonline.com\/es\/numeros-ganadores\/france-lotto-2\/#primaryimage"},"thumbnailUrl":"http:\/\/jackpotlotteryonline.com\/wp-content\/uploads\/2022\/11\/rf_results_page-300x225.jpg","datePublished":"2022-12-07T10:59:22+00:00","dateModified":"2022-12-28T21:34:34+00:00","description":"Quieres conocer los n\u00fameros ganadores y los resultados de los sorteos de la loter\u00eda de Francia? Consulta nuestra p\u00e1gina de resultados de la Loter\u00eda de Francia y nuestro archivo","breadcrumb":{"@id":"https:\/\/jackpotlotteryonline.com\/es\/numeros-ganadores\/france-lotto-2\/#breadcrumb"},"inLanguage":"es","potentialAction":[{"@type":"ReadAction","target":["https:\/\/jackpotlotteryonline.com\/es\/numeros-ganadores\/france-lotto-2\/"]}]},{"@type":"ImageObject","inLanguage":"es","@id":"https:\/\/jackpotlotteryonline.com\/es\/numeros-ganadores\/france-lotto-2\/#primaryimage","url":"http:\/\/jackpotlotteryonline.com\/wp-content\/uploads\/2022\/11\/rf_results_page-300x225.jpg","contentUrl":"http:\/\/jackpotlotteryonline.com\/wp-content\/uploads\/2022\/11\/rf_results_page-300x225.jpg"},{"@type":"BreadcrumbList","@id":"https:\/\/jackpotlotteryonline.com\/es\/numeros-ganadores\/france-lotto-2\/#breadcrumb","itemListElement":[{"@type":"ListItem","position":1,"name":"Home","item":"https:\/\/jackpotlotteryonline.com\/es\/"},{"@type":"ListItem","position":2,"name":"Resultados de la loter\u00eda","item":"https:\/\/jackpotlotteryonline.com\/winning-numbers\/"},{"@type":"ListItem","position":3,"name":"Resultados del sorteo de la Loter\u00eda de Francia"}]},{"@type":"WebSite","@id":"https:\/\/jackpotlotteryonline.com\/#website","url":"https:\/\/jackpotlotteryonline.com\/","name":"Lotto Online - Crack The International Lottery Jackpots","description":"","potentialAction":[{"@type":"SearchAction","target":{"@type":"EntryPoint","urlTemplate":"https:\/\/jackpotlotteryonline.com\/?s={search_term_string}"},"query-input":"required name=search_term_string"}],"inLanguage":"es"}]}},"_links":{"self":[{"href":"https:\/\/jackpotlotteryonline.com\/es\/wp-json\/wp\/v2\/pages\/40959","targetHints":{"allow":["GET"]}}],"collection":[{"href":"https:\/\/jackpotlotteryonline.com\/es\/wp-json\/wp\/v2\/pages"}],"about":[{"href":"https:\/\/jackpotlotteryonline.com\/es\/wp-json\/wp\/v2\/types\/page"}],"author":[{"embeddable":true,"href":"https:\/\/jackpotlotteryonline.com\/es\/wp-json\/wp\/v2\/users\/1"}],"replies":[{"embeddable":true,"href":"https:\/\/jackpotlotteryonline.com\/es\/wp-json\/wp\/v2\/comments?post=40959"}],"version-history":[{"count":0,"href":"https:\/\/jackpotlotteryonline.com\/es\/wp-json\/wp\/v2\/pages\/40959\/revisions"}],"up":[{"embeddable":true,"href":"https:\/\/jackpotlotteryonline.com\/es\/wp-json\/wp\/v2\/pages\/35856"}],"wp:attachment":[{"href":"https:\/\/jackpotlotteryonline.com\/es\/wp-json\/wp\/v2\/media?parent=40959"}],"curies":[{"name":"wp","href":"https:\/\/api.w.org\/{rel}","templated":true}]}}