{"id":41014,"date":"2022-12-07T12:57:04","date_gmt":"2022-12-07T12:57:04","guid":{"rendered":"https:\/\/jackpotlotteryonline.com\/?page_id=41014"},"modified":"2023-01-03T09:31:21","modified_gmt":"2023-01-03T09:31:21","slug":"uk-lottery","status":"publish","type":"page","link":"https:\/\/jackpotlotteryonline.com\/es\/como-se-juega\/uk-lottery\/","title":{"rendered":"Juega a la loter\u00eda del Reino Unido desde cualquier lugar"},"content":{"rendered":"<p>La loter\u00eda del Reino Unido es un juego de loter\u00eda que se juega en el Reino Unido. Este pa\u00eds es el hogar de muchos juegos de loter\u00eda incluyendo el juego Set for Life, que es una anualidad. Pero, no estamos aqu\u00ed para hablar de Set for Life. Este es un juego que los jugadores juegan por diversi\u00f3n y ahora se puede jugar a este juego en l\u00ednea. Aunque es conocido por hacer millonarios de vez en cuando, los pagos no son muy generosos. Sobre todo porque los pagos dependen del fondo com\u00fan de la loter\u00eda.<\/p>\n<p>Usted puede jugar a esta y otras loter\u00edas internacionales en l\u00ednea en nuestro sitio. Simplemente visite jackpotlotteryonline.com y reg\u00edstrese con nosotros para tener la oportunidad de ganar a lo grande.<\/p>\n<h2>C\u00f3mo jugar a la loter\u00eda del Reino Unido<\/h2>\n<p><img loading=\"lazy\" decoding=\"async\" class=\"alignright size-full wp-image-31370\" src=\"https:\/\/jackpotlotteryonline.com\/wp-content\/uploads\/2022\/11\/lotteryticket.jpg\" alt=\"Juega a la loter\u00eda del Reino Unido\" width=\"212\" height=\"142\" \/>Este juego es muy parecido a otros juegos de loter\u00eda. Las reglas del juego estipulan que el jugador debe elegir 6 n\u00fameros de un grupo del 1 al 49. Tambi\u00e9n hay un n\u00famero de bonificaci\u00f3n que se elige al azar. Tambi\u00e9n hay un n\u00famero de bonificaci\u00f3n que se elige durante los sorteos. \u00c9ste se utiliza para determinar los ganadores de las dem\u00e1s categor\u00edas de premios. El n\u00famero de bonificaci\u00f3n se elige al azar durante los sorteos y no por los jugadores.<\/p>\n<p>Para ser honestos, no somos fans de la loter\u00eda del Reino Unido debido a los bajos pagos. Incluso si aciertas los n\u00fameros sorteados, no podemos garantizarte lo que te llevar\u00e1s a casa.<\/p>\n<p>Por qu\u00e9 no visita nuestro sitio para jugar a otros juegos de loter\u00eda como la Powerball y Mega Millions de EE.UU.. En estas loter\u00edas, el bote m\u00ednimo es de 40 millones de d\u00f3lares. Tambi\u00e9n hay otras loter\u00edas europeas a las que puede jugar, como Euromillones y Eurojackpot. Nuestro sue\u00f1o para nuestros clientes es que ganen a lo grande.<\/p>\n<h2>C\u00f3mo participar en la loter\u00eda del Reino Unido en l\u00ednea<\/h2>\n<p>Jugar online es un poco diferente a hacerlo en un vendedor f\u00edsico. La diferencia no es algo malo. De hecho, hace que jugar a la loter\u00eda sea s\u00faper c\u00f3modo. Siga estos pasos para jugar a la loter\u00eda del Reino Unido en nuestro sitio.<\/p>\n<ol>\n<li>Visite la p\u00e1gina de la loter\u00eda del Reino Unido<\/li>\n<li>Elija 6 n\u00fameros de un rango de 1 a 49(si no est\u00e1 seguro de qu\u00e9 n\u00fameros utilizar, pruebe el generador autom\u00e1tico de n\u00fameros)<\/li>\n<li><a href=\"https:\/\/jackpotlotteryonline.com\/es\/comprar-boletos\/uk-lottery\">Compre l\u00edneas de n\u00fameros adicionales<\/a> para tener m\u00e1s posibilidades de ganar<\/li>\n<li>Participe en los sorteos (puede participar en m\u00e1s de un sorteo)<\/li>\n<li>Reg\u00edstrese y pague sus participaciones<\/li>\n<\/ol>\n<section class=\"layout\" style=\"border: solid 1px; width: 100%;\">\n<div class=\"img-div\" style=\"margin-top: 5px;\"><img decoding=\"async\" class=\"wp-image-17212 alignleft\" style=\"height: 45px; margin: 8px 8px 0px;\" src=\"https:\/\/jackpotlotteryonline.com\/wp-content\/uploads\/2022\/11\/read1.jpg\" alt=\"leer\" width=\"\" height=\"\" \/><\/div>\n<div style=\"padding-left: 5px;\">\n<div style=\"font-size: 1.1em;\">\n<p><strong>Consejos de loter\u00eda<\/strong><\/p>\n<p style=\"font-size: 0.85em; margin-top: -1.5em;\">Consejos para ganar a la loter\u00eda <a href=\"https:\/\/jackpotlotteryonline.com\/es\/consejos-para-la-loteria\">Seguir leyendo<\/a><\/p>\n<\/div>\n<\/div>\n<\/section>\n<h2>Comprobaci\u00f3n de los sorteos de loter\u00eda<\/h2>\n<p><a href=\"https:\/\/jackpotlotteryonline.com\/es\/numeros-ganadores\/uk-lottery\">La loter\u00eda del Reino Unido tiene dos d\u00edas de sorteo a la semana<\/a>, el mi\u00e9rcoles y el s\u00e1bado. Puede participar en varios sorteos para aumentar sus posibilidades de ganar la loter\u00eda del Reino Unido. Adem\u00e1s, puede participar f\u00e1cilmente en los sorteos con varias semanas de antelaci\u00f3n utilizando nuestro servicio de suscripci\u00f3n.<\/p>\n<p>El boleto ganador se anuncia durante los sorteos. Para ganar el bote, s\u00f3lo tiene que acertar los 6 n\u00fameros sorteados. Los premios mayores de la loter\u00eda del Reino Unido comienzan en 2 millones de libras esterlinas y pueden acumularse si no hay ganador despu\u00e9s de un sorteo. Debido a que se acumula despu\u00e9s de cada sorteo (si no hay ganador), puede llegar a ser un poco m\u00e1s alto que la marca de \u00a32 millones.<\/p>\n<p>Despu\u00e9s de cada sorteo, puede consultar nuestro sitio web para comprobar si ha ganado alg\u00fan premio. La loter\u00eda del Reino Unido tiene 6 categor\u00edas de premios diferentes y si gana alg\u00fan premio, le enviaremos un correo electr\u00f3nico avis\u00e1ndole.<\/p>\n<h2>\u00bfQu\u00e9 es el servicio de suscripci\u00f3n?<\/h2>\n<p><img decoding=\"async\" class=\"alignright wp-image-28427\" src=\"https:\/\/jackpotlotteryonline.com\/wp-content\/uploads\/2022\/11\/1_mega_win-300x279.jpg\" alt=\"ganar la loter\u00eda del Reino Unido width=\" height=\"220\" srcset=\"https:\/\/jackpotlotteryonline.com\/wp-content\/uploads\/2022\/11\/1_mega_win-300x279.jpg 300w, https:\/\/jackpotlotteryonline.com\/wp-content\/uploads\/2022\/11\/1_mega_win.jpg 320w\" sizes=\"(max-width: 300px) 100vw, 300px\" \/>Si utiliza un sitio como el nuestro, existe lo que llamamos un servicio de suscripci\u00f3n para permitir a los jugadores jugar sin problemas y sin estr\u00e9s. Aunque est\u00e1 perfectamente bien jugar una sola vez (si eso es lo que prefiere), la mayor\u00eda de los jugadores juegan a menudo. La mejor manera de jugar y ganar la loter\u00eda del Reino Unido es jugar regularmente y de eso se trata este servicio.<\/p>\n<p>Puede configurarlo para que se le inscriba autom\u00e1ticamente en futuros sorteos. La loter\u00eda del Reino Unido tiene 2 sorteos semanales: Los mi\u00e9rcoles y los s\u00e1bados. Seamos honestos, puede ser un poco cansado tratar de recordar jugar y entrar en cada sorteo, pero para eso estamos aqu\u00ed.<\/p>\n<p>Una vez que haya configurado el servicio de suscripci\u00f3n, puede relajarse y saber que no tendr\u00e1 que perderse ning\u00fan sorteo de la loter\u00eda del Reino Unido.<\/p>\n<h2>Premios<\/h2>\n<p>Hemos mencionado que los premios de esta loter\u00eda dependen del fondo de la loter\u00eda. As\u00ed que s\u00f3lo podemos compartir los premios de un sorteo en particular. Tenga en cuenta que si hay varios ganadores, el premio se dividir\u00e1 entre ellos.<\/p>\n<p>Divisi\u00f3n 1: Partido 6 &#8211; \u00a32,000,000 (bote)<\/p>\n<p>Divisi\u00f3n 2: Partido 5 + Bono &#8211; \u00a31.000.000<\/p>\n<p>Divisi\u00f3n 3: Partido 5 &#8211; \u00a31,750<\/p>\n<p>Divisi\u00f3n 4: Partido 4 &#8211; \u00a3140<\/p>\n<p>Divisi\u00f3n 5: Partido 3 &#8211; \u00a330<\/p>\n<p>Divisi\u00f3n 6: Partido 2 &#8211; sorteo de loter\u00eda gratis<\/p>\n<p>Tenga en cuenta que aunque gane estos premios, la cantidad indicada no es la que recibir\u00e1 como pago. Esto se debe a que aproximadamente el 45% de los fondos de la loter\u00eda se destinan a premios. As\u00ed que podr\u00eda ser menos o m\u00e1s dependiendo de lo que haya en el fondo.<\/p>\n<h2>C\u00f3mo reclamar su premio<\/h2>\n<p>Si est\u00e1 registrado con nosotros, reclamar su premio es f\u00e1cil y sencillo. Si su premio es de 2500 euros o menos, puede acceder a \u00e9l aqu\u00ed mismo en nuestro sitio. Esto se debe a que la empresa de loter\u00eda lo pagar\u00e1 directamente a nuestro sitio y usted podr\u00e1 retirarlo a su cuenta.<\/p>\n<p>Si es superior a 2.500 euros, tendr\u00e1 que reclamar su premio directamente a la empresa de loter\u00eda. Le ayudaremos con eso proporcionando un formulario de reclamaciones para que lo rellene, as\u00ed que no se preocupe por eso.<\/p>\n<p>La empresa de loter\u00eda tiene algunas regulaciones cuando se trata de reclamar sus ganancias.<\/p>\n<ul>\n<li>Debe ser mayor de 18 a\u00f1os para jugar a la loter\u00eda.<\/li>\n<li>Los premios deben reclamarse en los 180 d\u00edas siguientes al sorteo. La \u00fanica excepci\u00f3n es si ha iniciado el procedimiento en un plazo de 7 d\u00edas.<\/li>\n<li>Los juegos de premio instant\u00e1neo deben reclamarse en un plazo de 180 d\u00edas desde que compr\u00f3 el juego de premio instant\u00e1neo<\/li>\n<li>Los juegos de rasca y gana tambi\u00e9n deben reclamarse en un plazo de 180 d\u00edas a partir de la fecha de compra del rasca y gana.<\/li>\n<\/ul>\n<h2>Acerca de nuestros servicios de conserjer\u00eda<\/h2>\n<p>Queremos dedicar un momento a explicar lo que hacemos y por qu\u00e9 tenemos un servicio de conserjer\u00eda. Hay varios sitios de loter\u00eda en l\u00ednea que afirman dar a los jugadores entradas a loter\u00edas de todo el mundo. Pero, lo que en realidad hacen es permitirle apostar sobre el resultado. Nosotros no hacemos eso. Nosotros damos a los jugadores la oportunidad de jugar a las mejores loter\u00edas internacionales.<\/p>\n<p>Cuando usted juega a la loter\u00eda del Reino Unido en nuestro sitio, esto es lo que sucede. Una vez que elija sus n\u00fameros y realice el pago, nuestro agente en los EE.UU. comprar\u00e1 un billete f\u00edsico utilizando sus n\u00fameros. Este ser\u00e1 para el sorteo que usted ha elegido, por supuesto. Ese boleto se escanea y se carga en su cuenta.<\/p>\n<p>Esta es una forma perfectamente legal de jugar a la loter\u00eda del Reino Unido en l\u00ednea desde cualquier parte del mundo. Adem\u00e1s, le garantiza que realmente participa en la loter\u00eda de su elecci\u00f3n. Es m\u00e1s, publicamos los resultados del sorteo aqu\u00ed mismo en nuestro sitio y le informamos si gana. Somos un servicio de conserjer\u00eda porque nos ocupamos de todos los peque\u00f1os detalles molestos para que usted pueda disfrutar de su experiencia de loter\u00eda.<\/p>\n<h2>Reg\u00edstrese con nosotros para jugar a las mejores loter\u00edas internacionales en l\u00ednea<\/h2>\n<p>El Reino Unido tiene muchas loter\u00edas a las que puede jugar en l\u00ednea. Si quieres probar la loter\u00eda, entonces puedes hacerlo. Pero si necesita una opci\u00f3n m\u00e1s amplia, \u00bfpor qu\u00e9 no prueba la loter\u00eda Set for Life, que es una anualidad? O puede jugar a la loter\u00eda Eurojackpot y a Euromillones. Puede encontrar todas ellas en l\u00ednea aqu\u00ed mismo, en nuestro sitio web. As\u00ed que reg\u00edstrese ahora para tener la oportunidad de ganar a lo grande.<\/p>\n","protected":false},"excerpt":{"rendered":"<p>La loter\u00eda del Reino Unido es un juego de loter\u00eda que se juega en el Reino Unido. Este pa\u00eds es el hogar de muchos juegos de loter\u00eda incluyendo el juego Set for Life, que es una anualidad. Pero, no estamos aqu\u00ed para hablar de Set for Life. Este es un juego que los jugadores juegan [&hellip;]<\/p>\n","protected":false},"author":1,"featured_media":0,"parent":35723,"menu_order":10,"comment_status":"closed","ping_status":"closed","template":"lotto-uk.php","meta":{"_et_pb_use_builder":"","_et_pb_old_content":"","_et_gb_content_width":"","exclude_from_search":false,"footnotes":""},"class_list":["post-41014","page","type-page","status-publish","hentry"],"yoast_head":"<!-- This site is optimized with the Yoast SEO plugin v23.3 - https:\/\/yoast.com\/wordpress\/plugins\/seo\/ -->\n<title>Juega a la Loter\u00eda del Reino Unido online, incluso si no vives en el Reino Unido.<\/title>\n<meta name=\"description\" content=\"Quieres jugar a la loter\u00eda del Reino Unido, pero est\u00e1s fuera del Reino Unido? No hay problema, puedes utilizar nuestro servicio online para jugar a esta loter\u00eda desde cualquier lugar\" \/>\n<meta name=\"robots\" content=\"index, follow, max-snippet:-1, max-image-preview:large, max-video-preview:-1\" \/>\n<link rel=\"canonical\" href=\"https:\/\/jackpotlotteryonline.com\/es\/como-se-juega\/uk-lottery\/\" \/>\n<meta property=\"og:locale\" content=\"es_ES\" \/>\n<meta property=\"og:type\" content=\"article\" \/>\n<meta property=\"og:title\" content=\"Juega a la Loter\u00eda del Reino Unido online, incluso si no vives en el Reino Unido.\" \/>\n<meta property=\"og:description\" content=\"Quieres jugar a la loter\u00eda del Reino Unido, pero est\u00e1s fuera del Reino Unido? No hay problema, puedes utilizar nuestro servicio online para jugar a esta loter\u00eda desde cualquier lugar\" \/>\n<meta property=\"og:url\" content=\"https:\/\/jackpotlotteryonline.com\/es\/como-se-juega\/uk-lottery\/\" \/>\n<meta property=\"og:site_name\" content=\"Lotto Online - Crack The International Lottery Jackpots\" \/>\n<meta property=\"article:modified_time\" content=\"2023-01-03T09:31:21+00:00\" \/>\n<meta property=\"og:image\" content=\"https:\/\/jackpotlotteryonline.com\/wp-content\/uploads\/2022\/11\/lotteryticket.jpg\" \/>\n<meta name=\"twitter:card\" content=\"summary_large_image\" \/>\n<meta name=\"twitter:label1\" content=\"Tiempo de lectura\" \/>\n\t<meta name=\"twitter:data1\" content=\"7 minutos\" \/>\n<!-- \/ Yoast SEO plugin. -->","yoast_head_json":{"title":"Juega a la Loter\u00eda del Reino Unido online, incluso si no vives en el Reino Unido.","description":"Quieres jugar a la loter\u00eda del Reino Unido, pero est\u00e1s fuera del Reino Unido? No hay problema, puedes utilizar nuestro servicio online para jugar a esta loter\u00eda desde cualquier lugar","robots":{"index":"index","follow":"follow","max-snippet":"max-snippet:-1","max-image-preview":"max-image-preview:large","max-video-preview":"max-video-preview:-1"},"canonical":"https:\/\/jackpotlotteryonline.com\/es\/como-se-juega\/uk-lottery\/","og_locale":"es_ES","og_type":"article","og_title":"Juega a la Loter\u00eda del Reino Unido online, incluso si no vives en el Reino Unido.","og_description":"Quieres jugar a la loter\u00eda del Reino Unido, pero est\u00e1s fuera del Reino Unido? No hay problema, puedes utilizar nuestro servicio online para jugar a esta loter\u00eda desde cualquier lugar","og_url":"https:\/\/jackpotlotteryonline.com\/es\/como-se-juega\/uk-lottery\/","og_site_name":"Lotto Online - Crack The International Lottery Jackpots","article_modified_time":"2023-01-03T09:31:21+00:00","og_image":[{"url":"https:\/\/jackpotlotteryonline.com\/wp-content\/uploads\/2022\/11\/lotteryticket.jpg"}],"twitter_card":"summary_large_image","twitter_misc":{"Tiempo de lectura":"7 minutos"},"schema":{"@context":"https:\/\/schema.org","@graph":[{"@type":"WebPage","@id":"https:\/\/jackpotlotteryonline.com\/es\/como-se-juega\/uk-lottery\/","url":"https:\/\/jackpotlotteryonline.com\/es\/como-se-juega\/uk-lottery\/","name":"Juega a la Loter\u00eda del Reino Unido online, incluso si no vives en el Reino Unido.","isPartOf":{"@id":"https:\/\/jackpotlotteryonline.com\/#website"},"primaryImageOfPage":{"@id":"https:\/\/jackpotlotteryonline.com\/es\/como-se-juega\/uk-lottery\/#primaryimage"},"image":{"@id":"https:\/\/jackpotlotteryonline.com\/es\/como-se-juega\/uk-lottery\/#primaryimage"},"thumbnailUrl":"https:\/\/jackpotlotteryonline.com\/wp-content\/uploads\/2022\/11\/lotteryticket.jpg","datePublished":"2022-12-07T12:57:04+00:00","dateModified":"2023-01-03T09:31:21+00:00","description":"Quieres jugar a la loter\u00eda del Reino Unido, pero est\u00e1s fuera del Reino Unido? No hay problema, puedes utilizar nuestro servicio online para jugar a esta loter\u00eda desde cualquier lugar","breadcrumb":{"@id":"https:\/\/jackpotlotteryonline.com\/es\/como-se-juega\/uk-lottery\/#breadcrumb"},"inLanguage":"es","potentialAction":[{"@type":"ReadAction","target":["https:\/\/jackpotlotteryonline.com\/es\/como-se-juega\/uk-lottery\/"]}]},{"@type":"ImageObject","inLanguage":"es","@id":"https:\/\/jackpotlotteryonline.com\/es\/como-se-juega\/uk-lottery\/#primaryimage","url":"https:\/\/jackpotlotteryonline.com\/wp-content\/uploads\/2022\/11\/lotteryticket.jpg","contentUrl":"https:\/\/jackpotlotteryonline.com\/wp-content\/uploads\/2022\/11\/lotteryticket.jpg"},{"@type":"BreadcrumbList","@id":"https:\/\/jackpotlotteryonline.com\/es\/como-se-juega\/uk-lottery\/#breadcrumb","itemListElement":[{"@type":"ListItem","position":1,"name":"Home","item":"https:\/\/jackpotlotteryonline.com\/es\/"},{"@type":"ListItem","position":2,"name":"C\u00f3mo se juega","item":"https:\/\/jackpotlotteryonline.com\/es\/como-se-juega\/"},{"@type":"ListItem","position":3,"name":"Juega a la loter\u00eda del Reino Unido desde cualquier lugar"}]},{"@type":"WebSite","@id":"https:\/\/jackpotlotteryonline.com\/#website","url":"https:\/\/jackpotlotteryonline.com\/","name":"Lotto Online - Crack The International Lottery Jackpots","description":"","potentialAction":[{"@type":"SearchAction","target":{"@type":"EntryPoint","urlTemplate":"https:\/\/jackpotlotteryonline.com\/?s={search_term_string}"},"query-input":"required name=search_term_string"}],"inLanguage":"es"}]}},"_links":{"self":[{"href":"https:\/\/jackpotlotteryonline.com\/es\/wp-json\/wp\/v2\/pages\/41014","targetHints":{"allow":["GET"]}}],"collection":[{"href":"https:\/\/jackpotlotteryonline.com\/es\/wp-json\/wp\/v2\/pages"}],"about":[{"href":"https:\/\/jackpotlotteryonline.com\/es\/wp-json\/wp\/v2\/types\/page"}],"author":[{"embeddable":true,"href":"https:\/\/jackpotlotteryonline.com\/es\/wp-json\/wp\/v2\/users\/1"}],"replies":[{"embeddable":true,"href":"https:\/\/jackpotlotteryonline.com\/es\/wp-json\/wp\/v2\/comments?post=41014"}],"version-history":[{"count":0,"href":"https:\/\/jackpotlotteryonline.com\/es\/wp-json\/wp\/v2\/pages\/41014\/revisions"}],"up":[{"embeddable":true,"href":"https:\/\/jackpotlotteryonline.com\/es\/wp-json\/wp\/v2\/pages\/35723"}],"wp:attachment":[{"href":"https:\/\/jackpotlotteryonline.com\/es\/wp-json\/wp\/v2\/media?parent=41014"}],"curies":[{"name":"wp","href":"https:\/\/api.w.org\/{rel}","templated":true}]}}