{"id":41067,"date":"2022-12-08T07:38:19","date_gmt":"2022-12-08T07:38:19","guid":{"rendered":"https:\/\/jackpotlotteryonline.com\/?page_id=41067"},"modified":"2022-12-31T14:22:55","modified_gmt":"2022-12-31T14:22:55","slug":"thunderball","status":"publish","type":"page","link":"https:\/\/jackpotlotteryonline.com\/es\/como-se-juega\/thunderball\/","title":{"rendered":"Thunderball online &#8211; juega a esta loter\u00eda del Reino Unido desde cualquier lugar"},"content":{"rendered":"<p>La Thunderball del Reino Unido existe desde hace bastante tiempo. No tan antigua como otras loter\u00edas europeas (como La Primitiva), ya que celebr\u00f3 su primer sorteo en 1999. Sin embargo, en ese tiempo, la Thunderball cambi\u00f3 y sigue cambiando muchas vidas. El premio gordo de quinientas mil libras no parece mucho, pero es una cantidad que cambia vidas. Y los jugadores del Reino Unido est\u00e1n de acuerdo, ya que son muchos los que compran boletos para los sorteos de Thunderball.<\/p>\n<p>Si juega fuera del Reino Unido, tambi\u00e9n puede jugar a Thunderball en l\u00ednea. Puede <a href=\"https:\/\/jackpotlotteryonline.com\/es\/comprar-boletos\/thunderball\">comprar boletos<\/a>, comprobar los <a href=\"https:\/\/jackpotlotteryonline.com\/es\/numeros-ganadores\/thunderball\">resultados de los sorteos<\/a> y retirar sus ganancias desde la comodidad de su ordenador o dispositivo m\u00f3vil. Siga leyendo para saber c\u00f3mo jugar a Thunderball online.<\/p>\n<h2>Ganadores de Thunderball<\/h2>\n<p><img loading=\"lazy\" decoding=\"async\" class=\"alignright size-full wp-image-31370\" src=\"http:\/\/jackpotlotteryonline.com\/wp-content\/uploads\/2022\/11\/lotteryticket.jpg\" alt=\"jugar Thunderball en l\u00ednea.\" width=\"212\" height=\"142\" \/>Si hay una loter\u00eda de la que han salido varios ganadores en las \u00faltimas d\u00e9cadas, esa es Thunderball. Esta loter\u00eda del Reino Unido se ha ganado la reputaci\u00f3n de cambiar vidas porque ha producido muchos ganadores. Est\u00e1 la historia de la familia Knowles, que llevaba a\u00f1os jugando y continu\u00f3 haci\u00e9ndolo incluso despu\u00e9s de la muerte de su madre. El premio fue muy especial para ellos.<\/p>\n<p>Karen y David Ainger son una pareja que gan\u00f3 el bote de Thunderball, que les cambi\u00f3 la vida. El premio fue muy bien recibido, ya que dijeron que lo destinar\u00edan a su jubilaci\u00f3n. Otra pareja que gan\u00f3 el Thunderball fue Alf y Rita Boorman. El suyo fue un premio muy interesante porque 30 a\u00f1os antes, el padre de Alf tambi\u00e9n hab\u00eda ganado. Una victoria generacional.<\/p>\n<h2>C\u00f3mo jugar a Thunderball online<\/h2>\n<p>Jugar a Thunderball es divertido y si eres un jugador experimentado, lo m\u00e1s probable es que ya sepas qu\u00e9 hacer. Los jugadores tienen que elegir 5 n\u00fameros del 1 al 39 y un n\u00famero especial del 1 al 14. El n\u00famero especial se llama &#8220;Thunderball&#8221;. El n\u00famero especial se llama &#8220;Thunderball&#8221;.<\/p>\n<p>Si juega a Thunderball online, puede utilizar el generador de n\u00fameros para elegir n\u00fameros aleatorios. Esto es algo as\u00ed como el &#8220;golpe de suerte&#8221; para los que est\u00e1n acostumbrados a los boletos f\u00edsicos. Puede elegir varias l\u00edneas y varios boletos para aumentar sus posibilidades de ganar la Thunderball. El siguiente paso es participar en el sorteo y \u00e9sta es la mejor parte.<\/p>\n<p>Thunderball tiene cuatro sorteos cada semana. Eso significa que tiene cuatro veces m\u00e1s posibilidades de ganar el bote con Thunderball. Puede participar en un solo sorteo, pero probablemente sea mejor participar en varios sorteos para tener muchas m\u00e1s posibilidades de ganar. Cuando juegue con nosotros, le pediremos que se registre. As\u00ed podremos avisarle cuando gane un premio.<\/p>\n<section class=\"layout\" style=\"border: solid 1px; width: 100%;\">\n<div class=\"img-div\" style=\"margin-top: 5px;\"><img decoding=\"async\" class=\"wp-image-17212 alignleft\" style=\"height: 45px; margin: 8px 8px 0px;\" src=\"http:\/\/jackpotlotteryonline.com\/wp-content\/uploads\/2022\/11\/read1.jpg\" alt=\"Leer \" width=\"\" height=\"\" \/><\/div>\n<div style=\"padding-left: 5px;\">\n<div style=\"font-size: 1.1em;\">\n<p><strong>\u00bfEs legal jugar a loter\u00edas de otros pa\u00edses en l\u00ednea?<\/strong><\/p>\n<p style=\"font-size: 0.85em; margin-top: -1.5em;\">\u00bfEs legal comprar un billete de loter\u00eda por Internet y me pagar\u00e1n?\u00a0<a href=\"https:\/\/jackpotlotteryonline.com\/es\/es-legal-jugar-en-linea-a-loterias-de-otros-paises\"> Seguir leyendo<\/a><\/p>\n<\/div>\n<\/div>\n<\/section>\n<h2>Qu\u00e9 hacer si gana<\/h2>\n<p>Si gana un premio, le enviaremos un correo electr\u00f3nico para informarle. Tambi\u00e9n habr\u00e1 una alerta en nuestra plataforma para que reciba la notificaci\u00f3n la pr\u00f3xima vez que se conecte. Pero tambi\u00e9n va m\u00e1s all\u00e1.<\/p>\n<p>Si su premio es inferior a 2500 euros, podr\u00e1 retirarlo directamente de nuestra plataforma. No hay necesidad de ning\u00fan protocolo o procedimiento innecesario; simplemente retira tu dinero. Para importes superiores a 2500 euros, es posible que tenga que rellenar un formulario de reclamaciones para reclamarlo a la empresa de loter\u00eda. Pero no se preocupe, tambi\u00e9n estamos aqu\u00ed para ayudarle con eso.<\/p>\n<h2>Premios que puede ganar<\/h2>\n<p>Dicho esto, \u00bfqu\u00e9 puede ganar exactamente cuando juega a la loter\u00eda Thunderball? Esta Thunderball del Reino Unido tiene varias categor\u00edas de premios e incluso hay un premio s\u00f3lo por acertar la Thunderball. Por lo tanto, las posibilidades de ganar algo son bastante altas. Aqu\u00ed est\u00e1 el desglose de las categor\u00edas de premios para la UK Thunderball, as\u00ed como las probabilidades de ganar.<\/p>\n<p>Categor\u00eda 1: Partido 5 + Thunderball &#8211; 1 entre 8.060.598 &#8211; 500.000 \u00a3.<\/p>\n<p>Categor\u00eda 2: S\u00f3lo Partido 5 &#8211; 1 entre 620.046 &#8211; 5.000 \u00a3.<\/p>\n<p>Categor\u00eda 3: Partido 4 + Thunderball &#8211; 1 entre 47.416 &#8211; 250 \u00a3.<\/p>\n<p>Categor\u00eda 4: S\u00f3lo Partido 4 &#8211; 1 de cada 3.648 &#8211; \u00a3100<\/p>\n<p>Categor\u00eda 5: Partido 3 + Bola de Trueno &#8211; 1 de cada 1.437 &#8211; \u00a320<\/p>\n<p>Categor\u00eda 6: S\u00f3lo Partido 3 &#8211; 1 entre 111 &#8211; \u00a310<\/p>\n<p>Categor\u00eda 7: Partido 2 + Bola de Trueno &#8211; 1 entre 135 &#8211; \u00a310<\/p>\n<p>Categor\u00eda 8: Partido 1 + Bola de Trueno &#8211; 1 entre 35 &#8211; \u00a35<\/p>\n<p>Categor\u00eda 9: Match Thunderball &#8211; 1 en 29 &#8211; \u00a33<\/p>\n<p>Con Thunderball, hay algo para todo el mundo y no importa si vives en el Reino Unido o no. Ahora puede jugar a esta loter\u00eda del Reino Unido para tener la oportunidad de ganar y, cuando juegue con nosotros, podr\u00e1 retirar f\u00e1cilmente sus ganancias.<\/p>\n<h2>Ventajas de un sitio de conserjer\u00eda<\/h2>\n<p><img loading=\"lazy\" decoding=\"async\" class=\"alignright size-full wp-image-28940\" src=\"http:\/\/jackpotlotteryonline.com\/wp-content\/uploads\/2022\/11\/1_pick_winning_numbers_lottery.jpg\" alt=\"compre su billete de loter\u00eda Thunderball\" width=\"300\" height=\"200\" \/>Lo incre\u00edble de un sitio de conserjer\u00eda es que nunca tendr\u00e1 que preguntarse si realmente ha entrado en la loter\u00eda. Esto es un verdadero problema porque muchos de los sitios que existen no dan realmente a sus clientes acceso a la loter\u00eda. Lo que hacen es permitir a los usuarios apostar sobre el resultado de la loter\u00eda, que no es lo mismo en absoluto.<\/p>\n<p>Con jackpotlotteryonline.com, damos a nuestros usuarios acceso a las mejores loter\u00edas internacionales de todo el mundo. Esto se debe a que manejamos un sitio de conserjer\u00eda donde tenemos agentes en diferentes partes del mundo. Cuando usted nos compra billetes de loter\u00eda, nuestro agente en ese pa\u00eds compra un billete f\u00edsico con los n\u00fameros correspondientes. El billete es entonces escaneado y enviado a usted.<\/p>\n<p>Cuando usted nos compra su billete de loter\u00eda Thunderball, tiene la seguridad de que si acierta los n\u00fameros sorteados, ganar\u00e1 la loter\u00eda. Es as\u00ed de sencillo y sin embargo es lo que da a nuestros clientes la tranquilidad de jugar a la loter\u00eda online.<\/p>\n<h2>Juegue a la loter\u00eda Thunderball del Reino Unido en l\u00ednea<\/h2>\n<p>Si ha estado deseando jugar a la loter\u00eda Thunderball y vive fuera del Reino Unido, est\u00e1 de suerte. Cuando visite jackpotlotteryonline.com, tendr\u00e1 acceso a las mejores loter\u00edas internacionales, incluida la Thunderball. Somos un sitio de conserjer\u00eda, as\u00ed que cuando usted juega con nosotros, usted est\u00e1 recibiendo el verdadero negocio.<\/p>\n<p>Es hora de probar la oportunidad de ganar un premio que le cambiar\u00e1 la vida con Thunderball. Juegue a Thunderball en l\u00ednea hoy mismo para tener la oportunidad de ganar la loter\u00eda.<\/p>\n","protected":false},"excerpt":{"rendered":"<p>La Thunderball del Reino Unido existe desde hace bastante tiempo. No tan antigua como otras loter\u00edas europeas (como La Primitiva), ya que celebr\u00f3 su primer sorteo en 1999. Sin embargo, en ese tiempo, la Thunderball cambi\u00f3 y sigue cambiando muchas vidas. El premio gordo de quinientas mil libras no parece mucho, pero es una cantidad [&hellip;]<\/p>\n","protected":false},"author":1,"featured_media":0,"parent":35723,"menu_order":12,"comment_status":"closed","ping_status":"closed","template":"thunderball.php","meta":{"_et_pb_use_builder":"","_et_pb_old_content":"","_et_gb_content_width":"","exclude_from_search":false,"footnotes":""},"class_list":["post-41067","page","type-page","status-publish","hentry"],"yoast_head":"<!-- This site is optimized with the Yoast SEO plugin v23.3 - https:\/\/yoast.com\/wordpress\/plugins\/seo\/ -->\n<title>Juega a la loter\u00eda Thunderball del Reino Unido online, incluso desde fuera del Reino Unido.<\/title>\n<meta name=\"description\" content=\"Los aficionados a la loter\u00eda de fuera del Reino Unido ya pueden jugar online a la Thunderball: consigue tus boletos online a trav\u00e9s de nuestro servicio de mensajer\u00eda.\" \/>\n<meta name=\"robots\" content=\"index, follow, max-snippet:-1, max-image-preview:large, max-video-preview:-1\" \/>\n<link rel=\"canonical\" href=\"https:\/\/jackpotlotteryonline.com\/es\/como-se-juega\/thunderball\/\" \/>\n<meta property=\"og:locale\" content=\"es_ES\" \/>\n<meta property=\"og:type\" content=\"article\" \/>\n<meta property=\"og:title\" content=\"Juega a la loter\u00eda Thunderball del Reino Unido online, incluso desde fuera del Reino Unido.\" \/>\n<meta property=\"og:description\" content=\"Los aficionados a la loter\u00eda de fuera del Reino Unido ya pueden jugar online a la Thunderball: consigue tus boletos online a trav\u00e9s de nuestro servicio de mensajer\u00eda.\" \/>\n<meta property=\"og:url\" content=\"https:\/\/jackpotlotteryonline.com\/es\/como-se-juega\/thunderball\/\" \/>\n<meta property=\"og:site_name\" content=\"Lotto Online - Crack The International Lottery Jackpots\" \/>\n<meta property=\"article:modified_time\" content=\"2022-12-31T14:22:55+00:00\" \/>\n<meta property=\"og:image\" content=\"http:\/\/jackpotlotteryonline.com\/wp-content\/uploads\/2022\/11\/lotteryticket.jpg\" \/>\n<meta name=\"twitter:card\" content=\"summary_large_image\" \/>\n<meta name=\"twitter:label1\" content=\"Tiempo de lectura\" \/>\n\t<meta name=\"twitter:data1\" content=\"6 minutos\" \/>\n<!-- \/ Yoast SEO plugin. -->","yoast_head_json":{"title":"Juega a la loter\u00eda Thunderball del Reino Unido online, incluso desde fuera del Reino Unido.","description":"Los aficionados a la loter\u00eda de fuera del Reino Unido ya pueden jugar online a la Thunderball: consigue tus boletos online a trav\u00e9s de nuestro servicio de mensajer\u00eda.","robots":{"index":"index","follow":"follow","max-snippet":"max-snippet:-1","max-image-preview":"max-image-preview:large","max-video-preview":"max-video-preview:-1"},"canonical":"https:\/\/jackpotlotteryonline.com\/es\/como-se-juega\/thunderball\/","og_locale":"es_ES","og_type":"article","og_title":"Juega a la loter\u00eda Thunderball del Reino Unido online, incluso desde fuera del Reino Unido.","og_description":"Los aficionados a la loter\u00eda de fuera del Reino Unido ya pueden jugar online a la Thunderball: consigue tus boletos online a trav\u00e9s de nuestro servicio de mensajer\u00eda.","og_url":"https:\/\/jackpotlotteryonline.com\/es\/como-se-juega\/thunderball\/","og_site_name":"Lotto Online - Crack The International Lottery Jackpots","article_modified_time":"2022-12-31T14:22:55+00:00","og_image":[{"url":"http:\/\/jackpotlotteryonline.com\/wp-content\/uploads\/2022\/11\/lotteryticket.jpg"}],"twitter_card":"summary_large_image","twitter_misc":{"Tiempo de lectura":"6 minutos"},"schema":{"@context":"https:\/\/schema.org","@graph":[{"@type":"WebPage","@id":"https:\/\/jackpotlotteryonline.com\/es\/como-se-juega\/thunderball\/","url":"https:\/\/jackpotlotteryonline.com\/es\/como-se-juega\/thunderball\/","name":"Juega a la loter\u00eda Thunderball del Reino Unido online, incluso desde fuera del Reino Unido.","isPartOf":{"@id":"https:\/\/jackpotlotteryonline.com\/#website"},"primaryImageOfPage":{"@id":"https:\/\/jackpotlotteryonline.com\/es\/como-se-juega\/thunderball\/#primaryimage"},"image":{"@id":"https:\/\/jackpotlotteryonline.com\/es\/como-se-juega\/thunderball\/#primaryimage"},"thumbnailUrl":"http:\/\/jackpotlotteryonline.com\/wp-content\/uploads\/2022\/11\/lotteryticket.jpg","datePublished":"2022-12-08T07:38:19+00:00","dateModified":"2022-12-31T14:22:55+00:00","description":"Los aficionados a la loter\u00eda de fuera del Reino Unido ya pueden jugar online a la Thunderball: consigue tus boletos online a trav\u00e9s de nuestro servicio de mensajer\u00eda.","breadcrumb":{"@id":"https:\/\/jackpotlotteryonline.com\/es\/como-se-juega\/thunderball\/#breadcrumb"},"inLanguage":"es","potentialAction":[{"@type":"ReadAction","target":["https:\/\/jackpotlotteryonline.com\/es\/como-se-juega\/thunderball\/"]}]},{"@type":"ImageObject","inLanguage":"es","@id":"https:\/\/jackpotlotteryonline.com\/es\/como-se-juega\/thunderball\/#primaryimage","url":"http:\/\/jackpotlotteryonline.com\/wp-content\/uploads\/2022\/11\/lotteryticket.jpg","contentUrl":"http:\/\/jackpotlotteryonline.com\/wp-content\/uploads\/2022\/11\/lotteryticket.jpg"},{"@type":"BreadcrumbList","@id":"https:\/\/jackpotlotteryonline.com\/es\/como-se-juega\/thunderball\/#breadcrumb","itemListElement":[{"@type":"ListItem","position":1,"name":"Home","item":"https:\/\/jackpotlotteryonline.com\/es\/"},{"@type":"ListItem","position":2,"name":"C\u00f3mo se juega","item":"https:\/\/jackpotlotteryonline.com\/es\/como-se-juega\/"},{"@type":"ListItem","position":3,"name":"Thunderball online &#8211; juega a esta loter\u00eda del Reino Unido desde cualquier lugar"}]},{"@type":"WebSite","@id":"https:\/\/jackpotlotteryonline.com\/#website","url":"https:\/\/jackpotlotteryonline.com\/","name":"Lotto Online - Crack The International Lottery Jackpots","description":"","potentialAction":[{"@type":"SearchAction","target":{"@type":"EntryPoint","urlTemplate":"https:\/\/jackpotlotteryonline.com\/?s={search_term_string}"},"query-input":"required name=search_term_string"}],"inLanguage":"es"}]}},"_links":{"self":[{"href":"https:\/\/jackpotlotteryonline.com\/es\/wp-json\/wp\/v2\/pages\/41067","targetHints":{"allow":["GET"]}}],"collection":[{"href":"https:\/\/jackpotlotteryonline.com\/es\/wp-json\/wp\/v2\/pages"}],"about":[{"href":"https:\/\/jackpotlotteryonline.com\/es\/wp-json\/wp\/v2\/types\/page"}],"author":[{"embeddable":true,"href":"https:\/\/jackpotlotteryonline.com\/es\/wp-json\/wp\/v2\/users\/1"}],"replies":[{"embeddable":true,"href":"https:\/\/jackpotlotteryonline.com\/es\/wp-json\/wp\/v2\/comments?post=41067"}],"version-history":[{"count":0,"href":"https:\/\/jackpotlotteryonline.com\/es\/wp-json\/wp\/v2\/pages\/41067\/revisions"}],"up":[{"embeddable":true,"href":"https:\/\/jackpotlotteryonline.com\/es\/wp-json\/wp\/v2\/pages\/35723"}],"wp:attachment":[{"href":"https:\/\/jackpotlotteryonline.com\/es\/wp-json\/wp\/v2\/media?parent=41067"}],"curies":[{"name":"wp","href":"https:\/\/api.w.org\/{rel}","templated":true}]}}