{"id":41119,"date":"2022-12-08T09:38:19","date_gmt":"2022-12-08T09:38:19","guid":{"rendered":"https:\/\/jackpotlotteryonline.com\/?page_id=41119"},"modified":"2022-12-29T09:37:36","modified_gmt":"2022-12-29T09:37:36","slug":"uk-lottery","status":"publish","type":"page","link":"https:\/\/jackpotlotteryonline.com\/es\/numeros-ganadores\/uk-lottery\/","title":{"rendered":"Resultados del sorteo de la Loter\u00eda del Reino Unido"},"content":{"rendered":"<p>La loter\u00eda del Reino Unido es un juego interesante, ya que puede hacer millonarios a los jugadores. Aunque es popular entre los jugadores del Reino Unido, no es muy conocida entre los jugadores internacionales. As\u00ed que, si quiere probar suerte en una loter\u00eda internacional, \u00bfpor qu\u00e9 no prueba con \u00e9sta? Aunque los premios no est\u00e1n garantizados, es f\u00e1cil elegir un n\u00famero ganador.<\/p>\n<p>Sin embargo, debe tener en cuenta una cosa. Si gana esta loter\u00eda, no podemos decirle realmente con cu\u00e1nto se ir\u00e1 a casa. Esto se debe a que el premio gordo es el 52% del fondo de la loter\u00eda. Si no se venden muchos boletos, no se llevar\u00e1 mucho a casa. No, no tiene nada que ver con nosotros y es una regla de la empresa de loter\u00eda.<\/p>\n<p>Usted puede comprobar nuestro sitio en jackpotlottery.com para entrar en esta loter\u00eda o elegir entre una variedad de otras loter\u00edas. Hay loter\u00edas internacionales de primer nivel a las que puede jugar en nuestro sitio y que le permiten quedarse con sus ganancias. O, puede probar esta en su lugar. Depende totalmente de usted.<\/p>\n<section class=\"layout\" style=\"border: solid 1px; width: 100%;\">\n<div class=\"img-div\" style=\"margin-top: 5px;\"><img decoding=\"async\" class=\"wp-image-17212 alignleft\" style=\"height: 45px; margin: 8px 8px 0px;\" src=\"https:\/\/jackpotlotteryonline.com\/wp-content\/uploads\/2022\/11\/read1.jpg\" alt=\"leer\" width=\"\" height=\"\" \/><\/div>\n<div style=\"padding-left: 5px;\">\n<div style=\"font-size: 1.1em;\">\n<p><strong>\u00bfQu\u00e9 loter\u00eda internacional es la mejor?<\/strong><\/p>\n<p style=\"font-size: 0.85em; margin-top: -1.5em;\">Cual de las Loterias Internacionales tiene las mejores probabilidades de ganar &#8230;<a href=\"https:\/\/jackpotlotteryonline.com\/es\/que-loteria-internacional-es-la-mejor\">\u00a0Seguir leyendo<\/a><\/p>\n<\/div>\n<\/div>\n<\/section>\n<h2>C\u00f3mo jugar a la loter\u00eda del Reino Unido<\/h2>\n<p><img loading=\"lazy\" decoding=\"async\" class=\"alignright size-full wp-image-27482\" src=\"https:\/\/jackpotlotteryonline.com\/wp-content\/uploads\/2022\/11\/1_lottery_jackpot3.jpg\" alt=\"jugar a la loter\u00eda del Reino Unido\" width=\"245\" height=\"123\" \/>Al igual que en otros juegos de loter\u00eda, tiene que elegir 6 n\u00fameros de un grupo del 1 al 49. Durante los sorteos, hay un n\u00famero de bonificaci\u00f3n. Durante los sorteos, tambi\u00e9n se elige al azar un n\u00famero de bonificaci\u00f3n que se utiliza para determinar el premio. No somos muy partidarios de recomendar esta loter\u00eda. Incluso si acierta los n\u00fameros sorteados, no podemos garantizarle lo que se llevar\u00e1 a casa.<\/p>\n<p>Si visita nuestro sitio, puede participar en otros juegos como el Powerball y el Mega Millions de EE.UU.. En estas loter\u00edas, el bote m\u00ednimo es de 40 millones de d\u00f3lares. Tambi\u00e9n hay otras loter\u00edas europeas a las que puede jugar, como Euromillones y Eurojackpot.<\/p>\n<p>La esencia de jugar a estos juegos es ganar a lo grande y ese es nuestro sue\u00f1o para nuestros clientes.<\/p>\n<h2>Los sorteos<\/h2>\n<p>La loter\u00eda del Reino Unido celebra dos sorteos cada semana, el mi\u00e9rcoles y el s\u00e1bado. Por lo tanto, cuando compra un billete de loter\u00eda, puede elegir participar en un solo sorteo o en varios. Participar en varios sorteos es una buena manera de aumentar sus posibilidades de ganar un premio.<\/p>\n<h2>Ganar la loter\u00eda del Reino Unido<\/h2>\n<p>Para ganar este juego de loter\u00eda, los jugadores deben acertar al menos tres n\u00fameros principales con los resultados del sorteo. El bote suele rondar los 3.000.000 de libras, aunque puede ser mayor o menor. Para ganar el bote, debe acertar los seis n\u00fameros sorteados.<\/p>\n<p>Hay otras divisiones de premios para este juego de loter\u00eda y las mencionaremos en un momento.<\/p>\n<p>Recuerde que la loter\u00eda es un juego de azar y que no hay una manera definitiva de ganar. La mejor estrategia hasta el momento es comprar varios billetes y participar en varios sorteos. Esta es una forma de aumentar sus posibilidades de ganar un premio. Se aplica a cualquier juego de loter\u00eda al que decida jugar.<\/p>\n<h2>Divisiones de premios<\/h2>\n<p>Lo que estamos compartiendo es una muestra del desglose de premios para un sorteo particular de la loter\u00eda del Reino Unido. Tenga en cuenta que los dem\u00e1s premios son un porcentaje del fondo de premios. Esto significa que si hay varios ganadores, el premio se dividir\u00e1 entre ellos.<\/p>\n<p>Divisi\u00f3n 1: Partido 6 &#8211; \u00a32,000,000 (bote)<\/p>\n<p>Divisi\u00f3n 2: Partido 5 + Bono &#8211; \u00a31.000.000<\/p>\n<p>Divisi\u00f3n 3: Partido 5 &#8211; \u00a31,750<\/p>\n<p>Divisi\u00f3n 4: Partido 4 &#8211; \u00a3140<\/p>\n<p>Divisi\u00f3n 5: Partido 3 &#8211; \u00a330<\/p>\n<p>Divisi\u00f3n 6: Partido 2 &#8211; sorteo de loter\u00eda gratis<\/p>\n<p>Tenga en cuenta que aunque gane estos premios, la cantidad indicada no es la que recibir\u00e1 como pago. Esto se debe a que aproximadamente el 45% de los fondos de la loter\u00eda se destinan a premios. As\u00ed que podr\u00eda ser menos o m\u00e1s dependiendo de lo que haya en el fondo.<\/p>\n<h2>Reclamaci\u00f3n de premios<\/h2>\n<p>La empresa de loter\u00eda tiene algunas normas a la hora de reclamar sus premios.<\/p>\n<ul>\n<li>Debe ser mayor de 18 a\u00f1os para participar en la loter\u00eda.<\/li>\n<li>Los premios deben reclamarse en los 180 d\u00edas siguientes al sorteo. La \u00fanica excepci\u00f3n es si ha iniciado el procedimiento en un plazo de 7 d\u00edas.<\/li>\n<li>Los juegos instant\u00e1neos deben reclamarse dentro de los 180 d\u00edas siguientes a su compra.<\/li>\n<li>Los juegos de rasca y gana tambi\u00e9n deben reclamarse en un plazo de 180 d\u00edas a partir de la fecha de compra del rasca y gana.<\/li>\n<\/ul>\n<p>Si <a href=\"https:\/\/jackpotlotteryonline.com\/es\/como-se-juega\/uk-lottery\">juega a la loter\u00eda en nuestro sitio<\/a>, le facilitamos la reclamaci\u00f3n de sus premios. Para las ganancias que sean de 2500 euros o menos, puede acceder a ellas aqu\u00ed mismo en nuestro sitio. Esto se debe a que la compa\u00f1\u00eda de loter\u00eda lo pagar\u00e1 directamente a nuestro sitio y usted podr\u00e1 retirarlo a su cuenta. Si el premio es superior a 2.500 euros, deber\u00e1 solicitarlo directamente a la empresa de loter\u00eda. Le ayudaremos con eso proporcionando un formulario de reclamaciones para que lo rellene, as\u00ed que no se preocupe por eso.<\/p>\n<h2>C\u00f3mo comprobar los n\u00fameros premiados<\/h2>\n<p><img loading=\"lazy\" decoding=\"async\" class=\"alignright size-medium wp-image-27563\" src=\"https:\/\/jackpotlotteryonline.com\/wp-content\/uploads\/2022\/11\/1_lottery_numbers_draw_results-300x201.jpg\" alt=\"ganar la loter\u00eda del Reino Unido\" width=\"300\" height=\"201\" srcset=\"https:\/\/jackpotlotteryonline.com\/wp-content\/uploads\/2022\/11\/1_lottery_numbers_draw_results-300x201.jpg 300w, https:\/\/jackpotlotteryonline.com\/wp-content\/uploads\/2022\/11\/1_lottery_numbers_draw_results.jpg 320w\" sizes=\"auto, (max-width: 300px) 100vw, 300px\" \/>Para saber si ha ganado un premio o no, lo primero que tiene que hacer es comprobar los n\u00fameros sorteados. Hay varias formas de hacerlo si juega en l\u00ednea. Pero la m\u00e1s eficaz, con diferencia, es volver aqu\u00ed para comprobar los resultados del sorteo. Publicamos los n\u00fameros sorteados despu\u00e9s de cada sorteo.<\/p>\n<p>Adem\u00e1s, si se ha registrado con nosotros, le enviaremos un correo electr\u00f3nico para comunicarle si ha ganado un premio. Esta es una de las principales ventajas de jugar a la loter\u00eda con nosotros. Aparte del hecho de que usted puede tener acceso a toneladas de loter\u00edas internacionales. Cuando usted juega con nosotros, no tiene que preocuparse por perder su premio. Le avisaremos si ha ganado un premio. Adem\u00e1s, si es inferior a 2500 euros, estar\u00e1 bien guardado en su cuenta la pr\u00f3xima vez que se conecte.<\/p>\n<h2>Ventajas de jugar a la loter\u00eda con nosotros<\/h2>\n<ul>\n<li>Tendr\u00e1 acceso a las mejores loter\u00edas internacionales desde un \u00fanico y c\u00f3modo lugar<\/li>\n<li>Somos un sitio de conserjer\u00eda. Esto significa que no est\u00e1 apostando al resultado de la loter\u00eda. En realidad est\u00e1 comprando una entrada a la loter\u00eda desde donde quiera que est\u00e9.<\/li>\n<li>Puede participar en los sorteos con varias semanas de antelaci\u00f3n utilizando nuestro servicio de suscripci\u00f3n<\/li>\n<li>Puede consultar los resultados de los sorteos aqu\u00ed mismo en nuestro sitio web<\/li>\n<li>Le avisaremos si gana alg\u00fan premio<\/li>\n<li>Cobre f\u00e1cilmente sus ganancias desde nuestro sitio a su banco<\/li>\n<\/ul>\n<p>Jugar a la loter\u00eda desde nuestro sitio web tiene muchas ventajas. Nos centramos en proporcionar el servicio m\u00e1s conveniente y sin problemas para nuestros clientes para que puedan disfrutar de los juegos de loter\u00eda.<\/p>\n<h2>Compruebe sus n\u00fameros ganadores de la loter\u00eda aqu\u00ed<\/h2>\n<p>Hemos mencionado que proporcionamos acceso a varias loter\u00edas internacionales. No s\u00f3lo podr\u00e1 <a href=\"https:\/\/jackpotlotteryonline.com\/es\/comprar-boletos\/uk-lottery\">comprar sus billetes desde cualquier lugar<\/a>, sino que tambi\u00e9n podr\u00e1 comprobar los n\u00fameros sorteados. No importa el juego de loter\u00eda que elija jugar, publicaremos los resultados aqu\u00ed mismo en nuestro sitio.<\/p>\n<p>Y lo mejor de todo, si gana alg\u00fan premio, no tiene que preocuparse por lo que pasar\u00e1 con sus ganancias. No nos llevamos ning\u00fan porcentaje de sus ganancias; lo que gane es todo suyo. Y puede retirarlo f\u00e1cilmente desde nuestra plataforma.<\/p>\n<p>Verdaderamente, jugar a las loter\u00edas nunca ha sido tan sencillo y sin complicaciones. \u00bfPor qu\u00e9 no te registras con nosotros hoy mismo para experimentar el placer de jugar a la loter\u00eda c\u00f3modamente y sin estr\u00e9s?<\/p>\n","protected":false},"excerpt":{"rendered":"<p>La loter\u00eda del Reino Unido es un juego interesante, ya que puede hacer millonarios a los jugadores. Aunque es popular entre los jugadores del Reino Unido, no es muy conocida entre los jugadores internacionales. As\u00ed que, si quiere probar suerte en una loter\u00eda internacional, \u00bfpor qu\u00e9 no prueba con \u00e9sta? Aunque los premios no est\u00e1n [&hellip;]<\/p>\n","protected":false},"author":1,"featured_media":0,"parent":35856,"menu_order":10,"comment_status":"closed","ping_status":"closed","template":"lotto-uk-results.php","meta":{"_et_pb_use_builder":"","_et_pb_old_content":"","_et_gb_content_width":"","exclude_from_search":false,"footnotes":""},"class_list":["post-41119","page","type-page","status-publish","hentry"],"yoast_head":"<!-- This site is optimized with the Yoast SEO plugin v23.3 - https:\/\/yoast.com\/wordpress\/plugins\/seo\/ -->\n<title>Los n\u00fameros ganadores de la loter\u00eda del Reino Unido y los resultados del sorteo<\/title>\n<meta name=\"description\" content=\"Justo despu\u00e9s del sorteo, encontrar\u00e1s aqu\u00ed todos los resultados y n\u00fameros premiados de la loter\u00eda del Reino Unido\" \/>\n<meta name=\"robots\" content=\"index, follow, max-snippet:-1, max-image-preview:large, max-video-preview:-1\" \/>\n<link rel=\"canonical\" href=\"https:\/\/jackpotlotteryonline.com\/es\/numeros-ganadores\/uk-lottery\/\" \/>\n<meta property=\"og:locale\" content=\"es_ES\" \/>\n<meta property=\"og:type\" content=\"article\" \/>\n<meta property=\"og:title\" content=\"Los n\u00fameros ganadores de la loter\u00eda del Reino Unido y los resultados del sorteo\" \/>\n<meta property=\"og:description\" content=\"Justo despu\u00e9s del sorteo, encontrar\u00e1s aqu\u00ed todos los resultados y n\u00fameros premiados de la loter\u00eda del Reino Unido\" \/>\n<meta property=\"og:url\" content=\"https:\/\/jackpotlotteryonline.com\/es\/numeros-ganadores\/uk-lottery\/\" \/>\n<meta property=\"og:site_name\" content=\"Lotto Online - Crack The International Lottery Jackpots\" \/>\n<meta property=\"article:modified_time\" content=\"2022-12-29T09:37:36+00:00\" \/>\n<meta property=\"og:image\" content=\"https:\/\/jackpotlotteryonline.com\/wp-content\/uploads\/2022\/11\/read1.jpg\" \/>\n<meta name=\"twitter:card\" content=\"summary_large_image\" \/>\n<meta name=\"twitter:label1\" content=\"Tiempo de lectura\" \/>\n\t<meta name=\"twitter:data1\" content=\"7 minutos\" \/>\n<!-- \/ Yoast SEO plugin. -->","yoast_head_json":{"title":"Los n\u00fameros ganadores de la loter\u00eda del Reino Unido y los resultados del sorteo","description":"Justo despu\u00e9s del sorteo, encontrar\u00e1s aqu\u00ed todos los resultados y n\u00fameros premiados de la loter\u00eda del Reino Unido","robots":{"index":"index","follow":"follow","max-snippet":"max-snippet:-1","max-image-preview":"max-image-preview:large","max-video-preview":"max-video-preview:-1"},"canonical":"https:\/\/jackpotlotteryonline.com\/es\/numeros-ganadores\/uk-lottery\/","og_locale":"es_ES","og_type":"article","og_title":"Los n\u00fameros ganadores de la loter\u00eda del Reino Unido y los resultados del sorteo","og_description":"Justo despu\u00e9s del sorteo, encontrar\u00e1s aqu\u00ed todos los resultados y n\u00fameros premiados de la loter\u00eda del Reino Unido","og_url":"https:\/\/jackpotlotteryonline.com\/es\/numeros-ganadores\/uk-lottery\/","og_site_name":"Lotto Online - Crack The International Lottery Jackpots","article_modified_time":"2022-12-29T09:37:36+00:00","og_image":[{"url":"https:\/\/jackpotlotteryonline.com\/wp-content\/uploads\/2022\/11\/read1.jpg"}],"twitter_card":"summary_large_image","twitter_misc":{"Tiempo de lectura":"7 minutos"},"schema":{"@context":"https:\/\/schema.org","@graph":[{"@type":"WebPage","@id":"https:\/\/jackpotlotteryonline.com\/es\/numeros-ganadores\/uk-lottery\/","url":"https:\/\/jackpotlotteryonline.com\/es\/numeros-ganadores\/uk-lottery\/","name":"Los n\u00fameros ganadores de la loter\u00eda del Reino Unido y los resultados del sorteo","isPartOf":{"@id":"https:\/\/jackpotlotteryonline.com\/#website"},"primaryImageOfPage":{"@id":"https:\/\/jackpotlotteryonline.com\/es\/numeros-ganadores\/uk-lottery\/#primaryimage"},"image":{"@id":"https:\/\/jackpotlotteryonline.com\/es\/numeros-ganadores\/uk-lottery\/#primaryimage"},"thumbnailUrl":"https:\/\/jackpotlotteryonline.com\/wp-content\/uploads\/2022\/11\/read1.jpg","datePublished":"2022-12-08T09:38:19+00:00","dateModified":"2022-12-29T09:37:36+00:00","description":"Justo despu\u00e9s del sorteo, encontrar\u00e1s aqu\u00ed todos los resultados y n\u00fameros premiados de la loter\u00eda del Reino Unido","breadcrumb":{"@id":"https:\/\/jackpotlotteryonline.com\/es\/numeros-ganadores\/uk-lottery\/#breadcrumb"},"inLanguage":"es","potentialAction":[{"@type":"ReadAction","target":["https:\/\/jackpotlotteryonline.com\/es\/numeros-ganadores\/uk-lottery\/"]}]},{"@type":"ImageObject","inLanguage":"es","@id":"https:\/\/jackpotlotteryonline.com\/es\/numeros-ganadores\/uk-lottery\/#primaryimage","url":"https:\/\/jackpotlotteryonline.com\/wp-content\/uploads\/2022\/11\/read1.jpg","contentUrl":"https:\/\/jackpotlotteryonline.com\/wp-content\/uploads\/2022\/11\/read1.jpg"},{"@type":"BreadcrumbList","@id":"https:\/\/jackpotlotteryonline.com\/es\/numeros-ganadores\/uk-lottery\/#breadcrumb","itemListElement":[{"@type":"ListItem","position":1,"name":"Home","item":"https:\/\/jackpotlotteryonline.com\/es\/"},{"@type":"ListItem","position":2,"name":"Resultados de la loter\u00eda","item":"https:\/\/jackpotlotteryonline.com\/winning-numbers\/"},{"@type":"ListItem","position":3,"name":"Resultados del sorteo de la Loter\u00eda del Reino Unido"}]},{"@type":"WebSite","@id":"https:\/\/jackpotlotteryonline.com\/#website","url":"https:\/\/jackpotlotteryonline.com\/","name":"Lotto Online - Crack The International Lottery Jackpots","description":"","potentialAction":[{"@type":"SearchAction","target":{"@type":"EntryPoint","urlTemplate":"https:\/\/jackpotlotteryonline.com\/?s={search_term_string}"},"query-input":"required name=search_term_string"}],"inLanguage":"es"}]}},"_links":{"self":[{"href":"https:\/\/jackpotlotteryonline.com\/es\/wp-json\/wp\/v2\/pages\/41119","targetHints":{"allow":["GET"]}}],"collection":[{"href":"https:\/\/jackpotlotteryonline.com\/es\/wp-json\/wp\/v2\/pages"}],"about":[{"href":"https:\/\/jackpotlotteryonline.com\/es\/wp-json\/wp\/v2\/types\/page"}],"author":[{"embeddable":true,"href":"https:\/\/jackpotlotteryonline.com\/es\/wp-json\/wp\/v2\/users\/1"}],"replies":[{"embeddable":true,"href":"https:\/\/jackpotlotteryonline.com\/es\/wp-json\/wp\/v2\/comments?post=41119"}],"version-history":[{"count":0,"href":"https:\/\/jackpotlotteryonline.com\/es\/wp-json\/wp\/v2\/pages\/41119\/revisions"}],"up":[{"embeddable":true,"href":"https:\/\/jackpotlotteryonline.com\/es\/wp-json\/wp\/v2\/pages\/35856"}],"wp:attachment":[{"href":"https:\/\/jackpotlotteryonline.com\/es\/wp-json\/wp\/v2\/media?parent=41119"}],"curies":[{"name":"wp","href":"https:\/\/api.w.org\/{rel}","templated":true}]}}