{"id":41171,"date":"2022-12-08T11:42:21","date_gmt":"2022-12-08T11:42:21","guid":{"rendered":"https:\/\/jackpotlotteryonline.com\/?page_id=41171"},"modified":"2022-12-29T11:58:26","modified_gmt":"2022-12-29T11:58:26","slug":"set-for-life","status":"publish","type":"page","link":"https:\/\/jackpotlotteryonline.com\/es\/numeros-ganadores\/set-for-life\/","title":{"rendered":"Resultados del sorteo Set for Life"},"content":{"rendered":"<p>La loter\u00eda Set for Life es la loter\u00eda de anualidades del Reino Unido que da a los jugadores la oportunidad de ganar un premio que cambia la vida. Cambio de vida en el sentido de que los n\u00fameros ganadores obtienen 10.000 libras esterlinas cada mes durante 30 a\u00f1os. Es casi como ganar el premio gordo cada mes durante el resto de tu vida.<\/p>\n<p>Los jugadores de todo el mundo ya pueden <a href=\"https:\/\/jackpotlotteryonline.com\/es\/comprar-boletos\/set-for-life\">participar en la loter\u00eda de anualidades del Reino Unido comprando boletos en l\u00ednea<\/a>. Adem\u00e1s, pueden comprobar los n\u00fameros ganadores en l\u00ednea y acceder tambi\u00e9n a sus ganancias.<\/p>\n<p>Cuando <a href=\"https:\/\/jackpotlotteryonline.com\/es\/como-se-juega\/saturday-lotto-2\">juegas a la loter\u00eda con jackpotlotteryonline.com<\/a>, pr\u00e1cticamente tienes una ventanilla \u00fanica para todas tus necesidades de loter\u00eda. Puede concentrarse en ganar la loter\u00eda comprando billetes de las mejores loter\u00edas internacionales en l\u00ednea.<\/p>\n<section class=\"layout\" style=\"border: solid 1px; width: 100%;\">\n<div class=\"img-div\" style=\"margin-top: 5px;\"><img decoding=\"async\" class=\"wp-image-17212 alignleft\" style=\"height: 45px; margin: 8px 8px 0px;\" src=\"https:\/\/jackpotlotteryonline.com\/wp-content\/uploads\/2022\/11\/read1.jpg\" alt=\"leer\" width=\"\" height=\"\" \/><\/div>\n<div style=\"padding-left: 5px;\">\n<div style=\"font-size: 1.1em;\">\n<p><strong>\u00bfEs legal jugar a loter\u00edas de otros pa\u00edses en l\u00ednea?<\/strong><\/p>\n<p style=\"font-size: 0.85em; margin-top: -1.5em;\">\u00bfEs legal comprar un billete de loter\u00eda por Internet y me pagar\u00e1n?\u00a0<a href=\"https:\/\/jackpotlotteryonline.com\/es\/es-legal-jugar-en-linea-a-loterias-de-otros-paises\"> Seguir leyendo<\/a><\/p>\n<\/div>\n<\/div>\n<\/section>\n<h2>\u00bfPor qu\u00e9 jugar en l\u00ednea?<\/h2>\n<p>En primer lugar, si usted no vive en el Reino Unido, va a ser bastante dif\u00edcil para usted comprar un billete para esta loter\u00eda. B\u00e1sicamente, la \u00fanica forma de jugar a Set for Life fuera del Reino Unido es hacerlo en l\u00ednea. En segundo lugar, cuando vea lo conveniente que es jugar en l\u00ednea, no querr\u00e1 jugar a la loter\u00eda de ninguna otra manera.<\/p>\n<p><strong>Brevemente, estos son algunos de los principales beneficios de jugar a la loter\u00eda en l\u00ednea:<\/strong><img loading=\"lazy\" decoding=\"async\" class=\"alignright size-medium wp-image-27941\" src=\"https:\/\/jackpotlotteryonline.com\/wp-content\/uploads\/2022\/11\/1_lottery_winner_ticket-200x300.jpg\" alt=\"jugar set for life\" width=\"200\" height=\"300\" srcset=\"https:\/\/jackpotlotteryonline.com\/wp-content\/uploads\/2022\/11\/1_lottery_winner_ticket-200x300.jpg 200w, https:\/\/jackpotlotteryonline.com\/wp-content\/uploads\/2022\/11\/1_lottery_winner_ticket.jpg 320w\" sizes=\"auto, (max-width: 200px) 100vw, 200px\" \/><\/p>\n<ul>\n<li>Tienes acceso inmediato a jugar tus n\u00fameros ganadores para cada sorteo<\/li>\n<li>Puede programar sus participaciones con semanas de antelaci\u00f3n<\/li>\n<li>Comprueba f\u00e1cilmente los n\u00fameros ganadores<\/li>\n<li>Accede a sus ganancias sin estr\u00e9s<\/li>\n<\/ul>\n<p>Hay muchas ventajas cuando juegas a la loter\u00eda online. Y cuando juega con nosotros en jackpotlotteryonline.com, experimenta la facilidad y comodidad de tener la loter\u00eda al alcance de su mano. Como sitio de conserjer\u00eda, gestionamos los detalles por usted mientras usted se concentra en elegir sus n\u00fameros ganadores con facilidad. Todos salimos ganando.<\/p>\n<h2>\u00bfCu\u00e1les son los n\u00fameros ganadores de Set for Life?<\/h2>\n<p>La \u00fanica manera de saber si tiene los n\u00fameros ganadores es saber c\u00f3mo jugar a esta loter\u00eda del Reino Unido. Para jugar, tiene que elegir 5 n\u00fameros del 1 al 47 y 1 n\u00famero Life Ball del 1 al 10. Una vez elegidos los n\u00fameros, el siguiente paso es participar en los sorteos de su elecci\u00f3n.<\/p>\n<p>Set for Life tiene dos d\u00edas de sorteo a la semana, los lunes y los jueves. Es decir, dos posibilidades de ganar la loter\u00eda. Por supuesto, puede participar en ambos sorteos, ya que es una forma de aumentar sus posibilidades de ganar la loter\u00eda.<\/p>\n<p>Despu\u00e9s de los sorteos, tiene que comprobar los resultados para ver si tiene la combinaci\u00f3n ganadora. Quien tiene los n\u00fameros ganadores gana la loter\u00eda.<\/p>\n<h2>Tres formas de comprobar los resultados del sorteo<\/h2>\n<p>Hay tres formas de comprobar la combinaci\u00f3n ganadora de esta loter\u00eda del Reino Unido. Si vives en el Reino Unido, puedes ver f\u00e1cilmente los sorteos en directo por televisi\u00f3n. Sin embargo, si est\u00e1s trabajando en ese momento, o tienes otra funci\u00f3n, entonces eso no funcionar\u00e1 para ti.<\/p>\n<p>Otra alternativa es consultar en Internet los resultados de los sorteos. Varios sitios web publican los resultados, en particular la combinaci\u00f3n ganadora del bote. Naturalmente, como hay otras categor\u00edas de premios para la loter\u00eda, puede que le interesen otras combinaciones ganadoras adem\u00e1s del bote.<\/p>\n<p>La mejor manera de comprobar los resultados de los sorteos es volver a esta p\u00e1gina despu\u00e9s de cada sorteo. Aqu\u00ed publicamos los resultados de los sorteos y nos tomamos el tiempo necesario para mostrar las combinaciones ganadoras de cada categor\u00eda de premios. Adem\u00e1s, si nos compr\u00f3 su boleto, le enviaremos un correo electr\u00f3nico si tiene un boleto ganador.<\/p>\n<h2>Categor\u00edas de premios de Set for Life<\/h2>\n<p>El premio m\u00e1ximo de esta loter\u00eda del Reino Unido es la incre\u00edble cantidad de 10.000 \u00a3 cada mes durante los pr\u00f3ximos 30 a\u00f1os. Imag\u00ednese ganar tal cantidad cada mes durante 30 a\u00f1os. Con semejante premio, es f\u00e1cil ver por qu\u00e9 los jugadores de todo el mundo est\u00e1n ansiosos por conseguir la combinaci\u00f3n ganadora de esta loter\u00eda.<\/p>\n<p>Adem\u00e1s de ganar el primer premio, hay otros premios emocionantes que los jugadores pueden ganar con esta loter\u00eda. Estas son las categor\u00edas de premios.<\/p>\n<p>Categor\u00eda 1: Match 5 + la Life Ball &#8211; 10.000 \u00a3 cada mes durante 30 a\u00f1os<\/p>\n<p>Categor\u00eda 2: S\u00f3lo Partido 5 &#8211; 10.000 \u00a3 al mes durante 1 a\u00f1o<\/p>\n<p>Categor\u00eda 3: Partido 4 + la Bola de Vida &#8211; 250 \u00a3.<\/p>\n<p>Categor\u00eda 4: S\u00f3lo Partido 4 &#8211; 50<\/p>\n<p>Categor\u00eda 5: Partido 3 + Life Ball &#8211; \u00a330<\/p>\n<p>Categor\u00eda 6 S\u00f3lo partido 3 &#8211; \u00a320<\/p>\n<p>Categor\u00eda 7: Partido 2 + Life Ball &#8211; \u00a310<\/p>\n<p>Categor\u00eda 8: S\u00f3lo partido 2 &#8211; \u00a35<\/p>\n<h2>Retirar sus ganancias<\/h2>\n<p>Hemos mencionado que le notificaremos por correo electr\u00f3nico y a trav\u00e9s de su cuenta si tiene un boleto ganador. Pero, \u00bfc\u00f3mo puede retirar sus ganancias si vive fuera del Reino Unido? Esta es una pregunta que preocupa a muchos jugadores. Pues bien, estamos aqu\u00ed para tranquilizarle con respecto a sus ganancias.<\/p>\n<p>Cuando te registras con nosotros y nos compras tus billetes de loter\u00eda, te simplificamos el proceso. Como un sitio de conserjer\u00eda, hemos creado un proceso sin problemas por el cual usted puede retirar f\u00e1cilmente sus ganancias. Con premios inferiores a 2.500 euros, todo lo que tiene que hacer es cobrar desde nuestro sitio a su cuenta.<\/p>\n<p>Si ha ganado un premio superior a esa cantidad, le proporcionaremos un formulario de reclamaciones. De esta forma, podr\u00e1 reclamar su premio directamente a la empresa de loter\u00eda. As\u00ed que adelante y compre un billete de loter\u00eda hoy para tener la oportunidad de tener la combinaci\u00f3n ganadora.<\/p>\n","protected":false},"excerpt":{"rendered":"<p>La loter\u00eda Set for Life es la loter\u00eda de anualidades del Reino Unido que da a los jugadores la oportunidad de ganar un premio que cambia la vida. Cambio de vida en el sentido de que los n\u00fameros ganadores obtienen 10.000 libras esterlinas cada mes durante 30 a\u00f1os. Es casi como ganar el premio gordo [&hellip;]<\/p>\n","protected":false},"author":1,"featured_media":0,"parent":35856,"menu_order":11,"comment_status":"closed","ping_status":"closed","template":"set-for-life-results.php","meta":{"_et_pb_use_builder":"","_et_pb_old_content":"","_et_gb_content_width":"","exclude_from_search":false,"footnotes":""},"class_list":["post-41171","page","type-page","status-publish","hentry"],"yoast_head":"<!-- This site is optimized with the Yoast SEO plugin v23.3 - https:\/\/yoast.com\/wordpress\/plugins\/seo\/ -->\n<title>Set for Life n\u00fameros ganadores y resultado del sorteo<\/title>\n<meta name=\"description\" content=\"Los resultados de los sorteos de la loter\u00eda Set For Life, as\u00ed como los n\u00fameros ganadores aqu\u00ed en Jackpotlotteryonline.es\" \/>\n<meta name=\"robots\" content=\"index, follow, max-snippet:-1, max-image-preview:large, max-video-preview:-1\" \/>\n<link rel=\"canonical\" href=\"https:\/\/jackpotlotteryonline.com\/es\/numeros-ganadores\/set-for-life\/\" \/>\n<meta property=\"og:locale\" content=\"es_ES\" \/>\n<meta property=\"og:type\" content=\"article\" \/>\n<meta property=\"og:title\" content=\"Set for Life n\u00fameros ganadores y resultado del sorteo\" \/>\n<meta property=\"og:description\" content=\"Los resultados de los sorteos de la loter\u00eda Set For Life, as\u00ed como los n\u00fameros ganadores aqu\u00ed en Jackpotlotteryonline.es\" \/>\n<meta property=\"og:url\" content=\"https:\/\/jackpotlotteryonline.com\/es\/numeros-ganadores\/set-for-life\/\" \/>\n<meta property=\"og:site_name\" content=\"Lotto Online - Crack The International Lottery Jackpots\" \/>\n<meta property=\"article:modified_time\" content=\"2022-12-29T11:58:26+00:00\" \/>\n<meta property=\"og:image\" content=\"https:\/\/jackpotlotteryonline.com\/wp-content\/uploads\/2022\/11\/read1.jpg\" \/>\n<meta name=\"twitter:card\" content=\"summary_large_image\" \/>\n<meta name=\"twitter:label1\" content=\"Tiempo de lectura\" \/>\n\t<meta name=\"twitter:data1\" content=\"5 minutos\" \/>\n<!-- \/ Yoast SEO plugin. -->","yoast_head_json":{"title":"Set for Life n\u00fameros ganadores y resultado del sorteo","description":"Los resultados de los sorteos de la loter\u00eda Set For Life, as\u00ed como los n\u00fameros ganadores aqu\u00ed en Jackpotlotteryonline.es","robots":{"index":"index","follow":"follow","max-snippet":"max-snippet:-1","max-image-preview":"max-image-preview:large","max-video-preview":"max-video-preview:-1"},"canonical":"https:\/\/jackpotlotteryonline.com\/es\/numeros-ganadores\/set-for-life\/","og_locale":"es_ES","og_type":"article","og_title":"Set for Life n\u00fameros ganadores y resultado del sorteo","og_description":"Los resultados de los sorteos de la loter\u00eda Set For Life, as\u00ed como los n\u00fameros ganadores aqu\u00ed en Jackpotlotteryonline.es","og_url":"https:\/\/jackpotlotteryonline.com\/es\/numeros-ganadores\/set-for-life\/","og_site_name":"Lotto Online - Crack The International Lottery Jackpots","article_modified_time":"2022-12-29T11:58:26+00:00","og_image":[{"url":"https:\/\/jackpotlotteryonline.com\/wp-content\/uploads\/2022\/11\/read1.jpg"}],"twitter_card":"summary_large_image","twitter_misc":{"Tiempo de lectura":"5 minutos"},"schema":{"@context":"https:\/\/schema.org","@graph":[{"@type":"WebPage","@id":"https:\/\/jackpotlotteryonline.com\/es\/numeros-ganadores\/set-for-life\/","url":"https:\/\/jackpotlotteryonline.com\/es\/numeros-ganadores\/set-for-life\/","name":"Set for Life n\u00fameros ganadores y resultado del sorteo","isPartOf":{"@id":"https:\/\/jackpotlotteryonline.com\/#website"},"primaryImageOfPage":{"@id":"https:\/\/jackpotlotteryonline.com\/es\/numeros-ganadores\/set-for-life\/#primaryimage"},"image":{"@id":"https:\/\/jackpotlotteryonline.com\/es\/numeros-ganadores\/set-for-life\/#primaryimage"},"thumbnailUrl":"https:\/\/jackpotlotteryonline.com\/wp-content\/uploads\/2022\/11\/read1.jpg","datePublished":"2022-12-08T11:42:21+00:00","dateModified":"2022-12-29T11:58:26+00:00","description":"Los resultados de los sorteos de la loter\u00eda Set For Life, as\u00ed como los n\u00fameros ganadores aqu\u00ed en Jackpotlotteryonline.es","breadcrumb":{"@id":"https:\/\/jackpotlotteryonline.com\/es\/numeros-ganadores\/set-for-life\/#breadcrumb"},"inLanguage":"es","potentialAction":[{"@type":"ReadAction","target":["https:\/\/jackpotlotteryonline.com\/es\/numeros-ganadores\/set-for-life\/"]}]},{"@type":"ImageObject","inLanguage":"es","@id":"https:\/\/jackpotlotteryonline.com\/es\/numeros-ganadores\/set-for-life\/#primaryimage","url":"https:\/\/jackpotlotteryonline.com\/wp-content\/uploads\/2022\/11\/read1.jpg","contentUrl":"https:\/\/jackpotlotteryonline.com\/wp-content\/uploads\/2022\/11\/read1.jpg"},{"@type":"BreadcrumbList","@id":"https:\/\/jackpotlotteryonline.com\/es\/numeros-ganadores\/set-for-life\/#breadcrumb","itemListElement":[{"@type":"ListItem","position":1,"name":"Home","item":"https:\/\/jackpotlotteryonline.com\/es\/"},{"@type":"ListItem","position":2,"name":"Resultados de la loter\u00eda","item":"https:\/\/jackpotlotteryonline.com\/winning-numbers\/"},{"@type":"ListItem","position":3,"name":"Resultados del sorteo Set for Life"}]},{"@type":"WebSite","@id":"https:\/\/jackpotlotteryonline.com\/#website","url":"https:\/\/jackpotlotteryonline.com\/","name":"Lotto Online - Crack The International Lottery Jackpots","description":"","potentialAction":[{"@type":"SearchAction","target":{"@type":"EntryPoint","urlTemplate":"https:\/\/jackpotlotteryonline.com\/?s={search_term_string}"},"query-input":"required name=search_term_string"}],"inLanguage":"es"}]}},"_links":{"self":[{"href":"https:\/\/jackpotlotteryonline.com\/es\/wp-json\/wp\/v2\/pages\/41171","targetHints":{"allow":["GET"]}}],"collection":[{"href":"https:\/\/jackpotlotteryonline.com\/es\/wp-json\/wp\/v2\/pages"}],"about":[{"href":"https:\/\/jackpotlotteryonline.com\/es\/wp-json\/wp\/v2\/types\/page"}],"author":[{"embeddable":true,"href":"https:\/\/jackpotlotteryonline.com\/es\/wp-json\/wp\/v2\/users\/1"}],"replies":[{"embeddable":true,"href":"https:\/\/jackpotlotteryonline.com\/es\/wp-json\/wp\/v2\/comments?post=41171"}],"version-history":[{"count":0,"href":"https:\/\/jackpotlotteryonline.com\/es\/wp-json\/wp\/v2\/pages\/41171\/revisions"}],"up":[{"embeddable":true,"href":"https:\/\/jackpotlotteryonline.com\/es\/wp-json\/wp\/v2\/pages\/35856"}],"wp:attachment":[{"href":"https:\/\/jackpotlotteryonline.com\/es\/wp-json\/wp\/v2\/media?parent=41171"}],"curies":[{"name":"wp","href":"https:\/\/api.w.org\/{rel}","templated":true}]}}