{"id":41229,"date":"2022-12-08T14:02:28","date_gmt":"2022-12-08T14:02:28","guid":{"rendered":"https:\/\/jackpotlotteryonline.com\/?page_id=41229"},"modified":"2022-12-29T22:03:17","modified_gmt":"2022-12-29T22:03:17","slug":"mega-sena","status":"publish","type":"page","link":"https:\/\/jackpotlotteryonline.com\/es\/numeros-ganadores\/mega-sena\/","title":{"rendered":"Resultados del sorteo de la loter\u00eda Mega-Sena"},"content":{"rendered":"<p>Los jugadores de todo el mundo ya pueden comprar boletos para la loter\u00eda Mega-Sena. No s\u00f3lo eso, sino que una vez que juegas a la loter\u00eda, puedes comprobar los n\u00fameros ganadores de Mega-Sena online. Una parte esencial de jugar a la loter\u00eda es comprobar los resultados del sorteo para no perderse ning\u00fan premio. Hay varias maneras de comprobar los n\u00fameros ganadores de la loter\u00eda brasile\u00f1a y vamos a llegar a eso en un momento.<\/p>\n<p>Pero, si tiene prisa por conocer los resultados del \u00faltimo sorteo, puede visitar jackpotlotteryonline.com para acceder a las principales loter\u00edas internacionales.<\/p>\n<section class=\"layout\" style=\"border: solid 1px; width: 100%;\">\n<div class=\"img-div\" style=\"margin-top: 5px;\"><img decoding=\"async\" class=\"wp-image-17212 alignleft\" style=\"height: 45px; margin: 8px 8px 0px;\" src=\"http:\/\/jackpotlotteryonline.com\/wp-content\/uploads\/2022\/11\/read1.jpg\" alt=\"leer\" width=\"\" height=\"\" \/><\/div>\n<div style=\"padding-left: 5px;\">\n<div style=\"font-size: 1.1em;\">\n<p><strong>Loter\u00edas europeas<\/strong><\/p>\n<p style=\"font-size: 0.85em; margin-top: -1.5em;\">\u00bfQu\u00e9 loter\u00edas europeas son las mejores?\u00a0<a href=\"https:\/\/jackpotlotteryonline.com\/es\/que-loterias-europeas-son-las-mejores\"> Seguir leyendo<\/a><\/p>\n<\/div>\n<\/div>\n<\/section>\n<h2>Conceptos b\u00e1sicos de la loter\u00eda Mega-Sena<\/h2>\n<p>Mega-Sena es como cualquier otra loter\u00eda en la forma en que se juega. Usted simplemente tiene que elegir los n\u00fameros de un determinado rango. Para la loter\u00eda brasile\u00f1a, usted elige 6 de un rango de 1 a 60. Y eso es todo. Y eso es todo. No hay n\u00fameros extra o de bonificaci\u00f3n, s\u00f3lo los seis para esta loter\u00eda.<\/p>\n<p>Una vez que haya elegido los d\u00edgitos que desea, el siguiente paso es participar en los sorteos. Mega-Sena tiene dos sorteos semanales, los mi\u00e9rcoles y los jueves.<\/p>\n<h2>N\u00fameros ganadores de la Mega-Sena<\/h2>\n<p><img loading=\"lazy\" decoding=\"async\" class=\"size-full wp-image-29102 alignright\" src=\"http:\/\/jackpotlotteryonline.com\/wp-content\/uploads\/2022\/11\/1_play_lottery_international.jpg\" alt=\"Mega-Sena n\u00fameros ganadores\" width=\"205\" height=\"147\" \/>\u00bfC\u00f3mo se eligen los n\u00fameros ganadores de la Mega-Sena? Diferentes jugadores tienen diferentes maneras de elegir lo que funciona para ellos. Puede elegir sus n\u00fameros ganadores utilizando fechas que sean especiales para usted. Si tiene fechas o d\u00edgitos de la suerte, pueden serle \u00fatiles para elegir un n\u00famero.<\/p>\n<p>Si no tiene ning\u00fan n\u00famero especial en mente, no se preocupe. Cuando <a href=\"https:\/\/jackpotlotteryonline.com\/es\/como-se-juega\/mega-sena-2\">juegue a la Mega-Sena con nosotros<\/a>, puede utilizar nuestro autogenerador para elegir n\u00fameros aleatorios. Al final del d\u00eda, es importante recordar que la loter\u00eda es un juego de azar. La \u00fanica forma real de aumentar sus posibilidades de ganar es comprar varios boletos y participar en varios sorteos.<\/p>\n<p>Puede jugar a la loter\u00eda en l\u00ednea visitando nuestra p\u00e1gina para Mega-Sena. Le facilitamos la participaci\u00f3n en un solo sorteo o en varios. Tambi\u00e9n puede comprar varias l\u00edneas en un billete, d\u00e1ndole m\u00faltiples entradas a la loter\u00eda.<\/p>\n<h2>Premios Mega-Sena<\/h2>\n<p>La loter\u00eda Mega-Sena tiene un bote inicial garantizado de 3 millones de reales brasile\u00f1os. Es decir, unos 549467,87 euros. Pero, si no hay ganador despu\u00e9s de un sorteo, el bote pasa al sorteo siguiente. Por lo tanto, el importe del bote puede aumentar bastante, lo que lo convierte en un buen negocio para los jugadores de todo el mundo.<\/p>\n<p>Adem\u00e1s, las probabilidades de ganar la Mega-Sena son de 1 entre 50 millones. Si lo comparamos con otras loter\u00edas internacionales de primer orden, es evidente por qu\u00e9 la loter\u00eda brasile\u00f1a es tan popular entre los jugadores.<\/p>\n<p>La loter\u00eda brasile\u00f1a tambi\u00e9n se diferencia de otras loter\u00edas en que s\u00f3lo ofrece 3 categor\u00edas de premios, el bote incluido. Por lo tanto, ganar la loter\u00eda significa que usted podr\u00eda ganar cualquiera de los siguientes premios.<\/p>\n<p>Bote &#8211; Sena: Sorteo 6 &#8211; 35% del bote<\/p>\n<p>Categor\u00eda 2 &#8211; Quina: Coincidencia 5 &#8211; 19% del bote<\/p>\n<p>Nivel 3 &#8211; Quadra: Coincidencia 4 &#8211; 19% de la bolsa de premios<\/p>\n<h2>Reclamaci\u00f3n de premios<\/h2>\n<p>El siguiente paso consiste en reclamar el premio que haya ganado al participar en la loter\u00eda. La forma de reclamar el premio depende de d\u00f3nde haya comprado el billete. Cuando juegue a la loter\u00eda en l\u00ednea, es importante que compre su boleto en un sitio que le ofrezca la posibilidad de ganar la loter\u00eda. Algunos sitios s\u00f3lo le permiten apostar por el resultado de la loter\u00eda.<\/p>\n<p>Cuando usted <a href=\"https:\/\/jackpotlotteryonline.com\/es\/comprar-boletos\/mega-sena\">compra su billete de loter\u00eda con nosotros<\/a>, usted tiene acceso a la loter\u00eda. Eso es porque nuestro agente en Brasil comprar\u00e1 billetes f\u00edsicos con sus n\u00fameros correspondientes. D\u00e1ndole la oportunidad de ganar la loter\u00eda.<\/p>\n<p>Entonces, si usted gana alg\u00fan premio, todo lo que tiene que hacer es retirar su premio de nuestro sitio a su cuenta. As\u00ed de sencillo. Visita nuestros t\u00e9rminos y condiciones para saber c\u00f3mo cobrar tus n\u00fameros ganadores de la Mega-Sena.<\/p>\n","protected":false},"excerpt":{"rendered":"<p>Los jugadores de todo el mundo ya pueden comprar boletos para la loter\u00eda Mega-Sena. No s\u00f3lo eso, sino que una vez que juegas a la loter\u00eda, puedes comprobar los n\u00fameros ganadores de Mega-Sena online. Una parte esencial de jugar a la loter\u00eda es comprobar los resultados del sorteo para no perderse ning\u00fan premio. Hay varias [&hellip;]<\/p>\n","protected":false},"author":1,"featured_media":0,"parent":35856,"menu_order":14,"comment_status":"closed","ping_status":"closed","template":"megasena-results.php","meta":{"_et_pb_use_builder":"","_et_pb_old_content":"","_et_gb_content_width":"","exclude_from_search":false,"footnotes":""},"class_list":["post-41229","page","type-page","status-publish","hentry"],"yoast_head":"<!-- This site is optimized with the Yoast SEO plugin v23.3 - https:\/\/yoast.com\/wordpress\/plugins\/seo\/ -->\n<title>Resultados del sorteo de la loter\u00eda Mega-Sena y n\u00fameros premiados<\/title>\n<meta name=\"description\" content=\"Los resultados de la Mega-Sena de Brasil son dif\u00edciles de encontrar - listamos los n\u00fameros ganadores de hoy y ayer y los resultados de los sorteos en nuestra web\" \/>\n<meta name=\"robots\" content=\"index, follow, max-snippet:-1, max-image-preview:large, max-video-preview:-1\" \/>\n<link rel=\"canonical\" href=\"https:\/\/jackpotlotteryonline.com\/es\/numeros-ganadores\/mega-sena\/\" \/>\n<meta property=\"og:locale\" content=\"es_ES\" \/>\n<meta property=\"og:type\" content=\"article\" \/>\n<meta property=\"og:title\" content=\"Resultados del sorteo de la loter\u00eda Mega-Sena y n\u00fameros premiados\" \/>\n<meta property=\"og:description\" content=\"Los resultados de la Mega-Sena de Brasil son dif\u00edciles de encontrar - listamos los n\u00fameros ganadores de hoy y ayer y los resultados de los sorteos en nuestra web\" \/>\n<meta property=\"og:url\" content=\"https:\/\/jackpotlotteryonline.com\/es\/numeros-ganadores\/mega-sena\/\" \/>\n<meta property=\"og:site_name\" content=\"Lotto Online - Crack The International Lottery Jackpots\" \/>\n<meta property=\"article:modified_time\" content=\"2022-12-29T22:03:17+00:00\" \/>\n<meta property=\"og:image\" content=\"http:\/\/jackpotlotteryonline.com\/wp-content\/uploads\/2022\/11\/read1.jpg\" \/>\n<meta name=\"twitter:card\" content=\"summary_large_image\" \/>\n<meta name=\"twitter:label1\" content=\"Tiempo de lectura\" \/>\n\t<meta name=\"twitter:data1\" content=\"4 minutos\" \/>\n<!-- \/ Yoast SEO plugin. -->","yoast_head_json":{"title":"Resultados del sorteo de la loter\u00eda Mega-Sena y n\u00fameros premiados","description":"Los resultados de la Mega-Sena de Brasil son dif\u00edciles de encontrar - listamos los n\u00fameros ganadores de hoy y ayer y los resultados de los sorteos en nuestra web","robots":{"index":"index","follow":"follow","max-snippet":"max-snippet:-1","max-image-preview":"max-image-preview:large","max-video-preview":"max-video-preview:-1"},"canonical":"https:\/\/jackpotlotteryonline.com\/es\/numeros-ganadores\/mega-sena\/","og_locale":"es_ES","og_type":"article","og_title":"Resultados del sorteo de la loter\u00eda Mega-Sena y n\u00fameros premiados","og_description":"Los resultados de la Mega-Sena de Brasil son dif\u00edciles de encontrar - listamos los n\u00fameros ganadores de hoy y ayer y los resultados de los sorteos en nuestra web","og_url":"https:\/\/jackpotlotteryonline.com\/es\/numeros-ganadores\/mega-sena\/","og_site_name":"Lotto Online - Crack The International Lottery Jackpots","article_modified_time":"2022-12-29T22:03:17+00:00","og_image":[{"url":"http:\/\/jackpotlotteryonline.com\/wp-content\/uploads\/2022\/11\/read1.jpg"}],"twitter_card":"summary_large_image","twitter_misc":{"Tiempo de lectura":"4 minutos"},"schema":{"@context":"https:\/\/schema.org","@graph":[{"@type":"WebPage","@id":"https:\/\/jackpotlotteryonline.com\/es\/numeros-ganadores\/mega-sena\/","url":"https:\/\/jackpotlotteryonline.com\/es\/numeros-ganadores\/mega-sena\/","name":"Resultados del sorteo de la loter\u00eda Mega-Sena y n\u00fameros premiados","isPartOf":{"@id":"https:\/\/jackpotlotteryonline.com\/#website"},"primaryImageOfPage":{"@id":"https:\/\/jackpotlotteryonline.com\/es\/numeros-ganadores\/mega-sena\/#primaryimage"},"image":{"@id":"https:\/\/jackpotlotteryonline.com\/es\/numeros-ganadores\/mega-sena\/#primaryimage"},"thumbnailUrl":"http:\/\/jackpotlotteryonline.com\/wp-content\/uploads\/2022\/11\/read1.jpg","datePublished":"2022-12-08T14:02:28+00:00","dateModified":"2022-12-29T22:03:17+00:00","description":"Los resultados de la Mega-Sena de Brasil son dif\u00edciles de encontrar - listamos los n\u00fameros ganadores de hoy y ayer y los resultados de los sorteos en nuestra web","breadcrumb":{"@id":"https:\/\/jackpotlotteryonline.com\/es\/numeros-ganadores\/mega-sena\/#breadcrumb"},"inLanguage":"es","potentialAction":[{"@type":"ReadAction","target":["https:\/\/jackpotlotteryonline.com\/es\/numeros-ganadores\/mega-sena\/"]}]},{"@type":"ImageObject","inLanguage":"es","@id":"https:\/\/jackpotlotteryonline.com\/es\/numeros-ganadores\/mega-sena\/#primaryimage","url":"http:\/\/jackpotlotteryonline.com\/wp-content\/uploads\/2022\/11\/read1.jpg","contentUrl":"http:\/\/jackpotlotteryonline.com\/wp-content\/uploads\/2022\/11\/read1.jpg"},{"@type":"BreadcrumbList","@id":"https:\/\/jackpotlotteryonline.com\/es\/numeros-ganadores\/mega-sena\/#breadcrumb","itemListElement":[{"@type":"ListItem","position":1,"name":"Home","item":"https:\/\/jackpotlotteryonline.com\/es\/"},{"@type":"ListItem","position":2,"name":"Resultados de la loter\u00eda","item":"https:\/\/jackpotlotteryonline.com\/winning-numbers\/"},{"@type":"ListItem","position":3,"name":"Resultados del sorteo de la loter\u00eda Mega-Sena"}]},{"@type":"WebSite","@id":"https:\/\/jackpotlotteryonline.com\/#website","url":"https:\/\/jackpotlotteryonline.com\/","name":"Lotto Online - Crack The International Lottery Jackpots","description":"","potentialAction":[{"@type":"SearchAction","target":{"@type":"EntryPoint","urlTemplate":"https:\/\/jackpotlotteryonline.com\/?s={search_term_string}"},"query-input":"required name=search_term_string"}],"inLanguage":"es"}]}},"_links":{"self":[{"href":"https:\/\/jackpotlotteryonline.com\/es\/wp-json\/wp\/v2\/pages\/41229","targetHints":{"allow":["GET"]}}],"collection":[{"href":"https:\/\/jackpotlotteryonline.com\/es\/wp-json\/wp\/v2\/pages"}],"about":[{"href":"https:\/\/jackpotlotteryonline.com\/es\/wp-json\/wp\/v2\/types\/page"}],"author":[{"embeddable":true,"href":"https:\/\/jackpotlotteryonline.com\/es\/wp-json\/wp\/v2\/users\/1"}],"replies":[{"embeddable":true,"href":"https:\/\/jackpotlotteryonline.com\/es\/wp-json\/wp\/v2\/comments?post=41229"}],"version-history":[{"count":0,"href":"https:\/\/jackpotlotteryonline.com\/es\/wp-json\/wp\/v2\/pages\/41229\/revisions"}],"up":[{"embeddable":true,"href":"https:\/\/jackpotlotteryonline.com\/es\/wp-json\/wp\/v2\/pages\/35856"}],"wp:attachment":[{"href":"https:\/\/jackpotlotteryonline.com\/es\/wp-json\/wp\/v2\/media?parent=41229"}],"curies":[{"name":"wp","href":"https:\/\/api.w.org\/{rel}","templated":true}]}}