{"id":41281,"date":"2022-12-08T20:18:50","date_gmt":"2022-12-08T20:18:50","guid":{"rendered":"https:\/\/jackpotlotteryonline.com\/?page_id=41281"},"modified":"2022-12-30T15:37:09","modified_gmt":"2022-12-30T15:37:09","slug":"saturday-lotto","status":"publish","type":"page","link":"https:\/\/jackpotlotteryonline.com\/es\/numeros-ganadores\/saturday-lotto\/","title":{"rendered":"Resultados del sorteo de la Loter\u00eda del s\u00e1bado"},"content":{"rendered":"<p>La Saturday Lotto tambi\u00e9n conocida como la Tatts lotto es una de las loter\u00edas m\u00e1s ganadoras de Australia. Y ahora que jugadores de todo el mundo pueden participar en la loter\u00eda, es m\u00e1s importante elegir los n\u00fameros ganadores. Ganar esta loter\u00eda australiana significa que te vas a casa con un m\u00ednimo de 5 millones de d\u00f3lares. Esta cantidad se acumula si no hay ning\u00fan boleto ganador despu\u00e9s de un sorteo. Adem\u00e1s, si participa en el mega sorteo, que se celebra una vez al a\u00f1o en Navidad, \u00a1podr\u00eda cobrar 30 millones de d\u00f3lares!<\/p>\n<p>Si todav\u00eda no ha comprado su billete ganador de la loter\u00eda, visite jackpotlotteryonline.com y <a href=\"https:\/\/jackpotlotteryonline.com\/es\/comprar-boletos\/saturday-lotto\">consiga su billete ahora<\/a>. Luego vuelva para ver los n\u00fameros ganadores.<\/p>\n<h2>Ganar la loter\u00eda del s\u00e1bado<\/h2>\n<p><img loading=\"lazy\" decoding=\"async\" class=\"alignright size-medium wp-image-28157\" src=\"https:\/\/jackpotlotteryonline.com\/wp-content\/uploads\/2022\/11\/1_lotto_money_win-300x150.jpg\" alt=\"ganar Saturday Lotto\" width=\"300\" height=\"150\" srcset=\"https:\/\/jackpotlotteryonline.com\/wp-content\/uploads\/2022\/11\/1_lotto_money_win-300x150.jpg 300w, https:\/\/jackpotlotteryonline.com\/wp-content\/uploads\/2022\/11\/1_lotto_money_win.jpg 320w\" sizes=\"auto, (max-width: 300px) 100vw, 300px\" \/>La loter\u00eda Tatts es f\u00e1cil de jugar, especialmente cuando se juega en l\u00ednea. B\u00e1sicamente, los jugadores tienen que elegir 6 n\u00fameros principales entre el 1 y el 45. A continuaci\u00f3n, 2 n\u00fameros complementarios del 1 al 6. Los n\u00fameros complementarios no tienen mucho que ver con la determinaci\u00f3n del bote. Ganar el bote significa que s\u00f3lo tiene que acertar los ocho n\u00fameros sorteados.<\/p>\n<p>Por lo tanto, ganar la loter\u00eda significa que su boleto coincide con las seis bolas que se extraen al azar del bombo de 45 bolas. A continuaci\u00f3n, se extraen otras dos bolas de otro barril con seis bolas. Estas bolas suplementarias se utilizan para ganar las otras categor\u00edas de premios.<\/p>\n<p>Los sorteos se celebran una vez a la semana, los s\u00e1bados. As\u00ed que, si quiere el boleto ganador, tiene que comprar su entrada a tiempo. Los sorteos se cierran el s\u00e1bado a las 19:25 AEST. Los jugadores que quieran participar en el sorteo de esa semana deben comprar sus boletos ganadores antes de la hora de cierre.<\/p>\n<h2>Jugar en l\u00ednea<\/h2>\n<p>Hablaremos brevemente sobre c\u00f3mo ganar la loter\u00eda online. Cuando visite la p\u00e1gina de la loter\u00eda del s\u00e1bado en jackpotlotteryonline.com, se le pedir\u00e1 que elija sus n\u00fameros ganadores. Si tienes algunas fechas especiales que te han tra\u00eddo suerte, entonces podr\u00edas usarlas.<\/p>\n<p>Sin embargo, para aquellos que no tienen n\u00fameros particulares para elegir, no teman. Tenemos un selector de n\u00fameros autom\u00e1tico que generar\u00e1 n\u00fameros ganadores aleatorios para usted. Muchos ganadores de loter\u00eda han ganado utilizando el selector de n\u00fameros aleatorios.<\/p>\n<p>Una vez que haya elegido sus n\u00fameros ganadores, entrar\u00e1 en el sorteo semanal. Antes de poder procesar el pago, le pediremos que se registre. Esto es para mantener su billete seguro y para ayudarle a cobrar sus ganancias. Pronto hablaremos de ello.<\/p>\n<section class=\"layout\" style=\"border: solid 1px; width: 100%;\">\n<div class=\"img-div\" style=\"margin-top: 5px;\"><img decoding=\"async\" class=\"wp-image-17212 alignleft\" style=\"height: 45px; margin: 8px 8px 0px;\" src=\"https:\/\/jackpotlotteryonline.com\/wp-content\/uploads\/2022\/11\/read1.jpg\" alt=\"leer\" width=\"\" height=\"\" \/><\/div>\n<div style=\"padding-left: 5px;\">\n<div style=\"font-size: 1.1em;\">\n<p><strong>Vea en directo el sorteo de sus n\u00fameros de loter\u00eda<\/strong><\/p>\n<p style=\"font-size: 0.85em; margin-top: -1.5em;\">C\u00f3mo ver los sorteos en directo de tus loter\u00edas favoritas\u00a0<a href=\"https:\/\/jackpotlotteryonline.com\/es\/vea-su-sorteo-de-numeros-de-loteria-en-vivo\"> Seguir leyendo<\/a><\/p>\n<\/div>\n<\/div>\n<\/section>\n<h2>Divisiones de premios<\/h2>\n<p>Ganar la loter\u00eda Tatts no es s\u00f3lo ganar el gordo. Esta loter\u00eda tiene ocho divisiones de premios en total. Cuando usted compra un billete de loter\u00eda, tiene la oportunidad de ganar cualquiera de estas categor\u00edas de premios. Los n\u00fameros ganadores de cada divisi\u00f3n se indican a continuaci\u00f3n.<\/p>\n<p>Divisi\u00f3n 1: Partido 6 (Premio Mayor)<\/p>\n<p>Divisi\u00f3n 2: Partido 5 + 1 n\u00famero complementario<\/p>\n<p>Divisi\u00f3n 3: 5 de marzo<\/p>\n<p>Divisi\u00f3n 4: Partido 4<\/p>\n<p>Divisi\u00f3n 5: Partido 3 + 1 n\u00famero complementario<\/p>\n<p>Divisi\u00f3n 6: Partido 3<\/p>\n<p>Probablemente una de las razones por las que los australianos adoran tanto esta loter\u00eda es lo f\u00e1cil que es ganar. La probabilidad de ganar es fant\u00e1stica, y con un premio m\u00ednimo de 5 millones de d\u00f3lares australianos, no es de extra\u00f1ar. Si a\u00fan no lo ha hecho, \u00e9ste es un buen momento para pensar en comprar un boleto ganador.<\/p>\n<h2>N\u00fameros complementarios<\/h2>\n<p>Hemos mencionado los n\u00fameros suplementarios y probablemente ya se habr\u00e1 dado cuenta de que algunas divisiones los utilizan. Tenga en cuenta que \u00e9stos se generan aleatoriamente durante los sorteos y se utilizan para determinar las divisiones 2 y 5. Los jugadores no eligen estos n\u00fameros y no tienen ning\u00fan control sobre ellos. As\u00ed que no se alarme si no ve esa opci\u00f3n al comprar sus boletos.<\/p>\n<h2>C\u00f3mo comprobar los resultados ganadores<\/h2>\n<p>Ahora que ha comprado su entrada, \u00bfc\u00f3mo puede comprobar si tiene la entrada ganadora? La mejor forma de hacerlo es volver aqu\u00ed mismo. Despu\u00e9s de los sorteos, publicamos en esta p\u00e1gina los resultados ganadores de la loter\u00eda de los s\u00e1bados.<\/p>\n<p>No s\u00f3lo publicamos los n\u00fameros ganadores del gordo. Tambi\u00e9n publicamos los n\u00fameros ganadores de todas las dem\u00e1s divisiones. As\u00ed puede saber de un vistazo lo cerca que estuvo de ganar la loter\u00eda.<\/p>\n<p>Si se ha registrado con nosotros, es a\u00fan m\u00e1s f\u00e1cil. No tiene que ir a ning\u00fan sitio para saber si ha ganado la loter\u00eda. No, porque le enviaremos una notificaci\u00f3n en cuanto gane un premio. As\u00ed es. Recibir\u00e1 un correo electr\u00f3nico avis\u00e1ndole de que tiene los n\u00fameros ganadores de la loter\u00eda. Hacemos todo lo posible para que jugar a la loter\u00eda desde cualquier lugar sea f\u00e1cil y sin estr\u00e9s.<\/p>\n<h2>Cobrar su premio<\/h2>\n<p><img loading=\"lazy\" decoding=\"async\" class=\"alignright size-medium wp-image-34997\" src=\"https:\/\/jackpotlotteryonline.com\/wp-content\/uploads\/2022\/11\/2_ticket_saturday_lotto_au-1-166x300.jpg\" alt=\"Saturday Lotto billete online\" width=\"166\" height=\"300\" srcset=\"https:\/\/jackpotlotteryonline.com\/wp-content\/uploads\/2022\/11\/2_ticket_saturday_lotto_au-1-166x300.jpg 166w, https:\/\/jackpotlotteryonline.com\/wp-content\/uploads\/2022\/11\/2_ticket_saturday_lotto_au-1.jpg 250w\" sizes=\"auto, (max-width: 166px) 100vw, 166px\" \/>Si le ha tocado la loter\u00eda, el siguiente paso es cobrar su premio. De nada sirve ganar la loter\u00eda en Australia si no puedes hacerte con tus ganancias. Y aqu\u00ed es donde las cosas se ponen realmente interesantes.<\/p>\n<p>Si ha ganado un premio de loter\u00eda inferior a 2.500 euros, conseguir su premio es incre\u00edblemente f\u00e1cil. Simplemente retire sus ganancias de nuestra plataforma directamente a su banco. Tenemos varios m\u00e9todos que puede utilizar para cobrar c\u00f3modamente sus ganancias.<\/p>\n<p>Si su premio es superior a 2.500 euros, es posible que tenga que ponerse en contacto con la empresa de loter\u00eda para hacer una reclamaci\u00f3n. Le proporcionaremos la ayuda necesaria para ello envi\u00e1ndole un formulario de reclamaci\u00f3n para que lo rellene. Es un proceso sencillo y pr\u00e1cticamente sin complicaciones.<\/p>\n<h2>Conclusi\u00f3n<\/h2>\n<p>La ventaja de comprar sus billetes de loter\u00eda con nosotros es que usted sabe que ha comprado una entrada en la loter\u00eda. Con nosotros, usted no apuesta sobre el resultado. Usted realmente compra una entrada. As\u00ed que si usted gana, usted recibir\u00e1 sus ganancias.<\/p>\n<p>Hacemos que sea f\u00e1cil para los jugadores jugar a las mejores loter\u00edas internacionales. Puede comprar sus boletos, comprobar su combinaci\u00f3n ganadora y cobrar f\u00e1cilmente sus ganancias. Nos hemos ocupado de todos los detalles para que usted pueda relajarse y divertirse. Cuando <a href=\"https:\/\/jackpotlotteryonline.com\/es\/como-se-juega\/saturday-lotto\">juega a la loter\u00eda con jackpotlotteryonline.com<\/a>, lo que consigue es una situaci\u00f3n en la que todos ganan. Reg\u00edstrese con nosotros hoy mismo.<\/p>\n","protected":false},"excerpt":{"rendered":"<p>La Saturday Lotto tambi\u00e9n conocida como la Tatts lotto es una de las loter\u00edas m\u00e1s ganadoras de Australia. Y ahora que jugadores de todo el mundo pueden participar en la loter\u00eda, es m\u00e1s importante elegir los n\u00fameros ganadores. Ganar esta loter\u00eda australiana significa que te vas a casa con un m\u00ednimo de 5 millones de [&hellip;]<\/p>\n","protected":false},"author":1,"featured_media":0,"parent":35856,"menu_order":18,"comment_status":"closed","ping_status":"closed","template":"saturday-lotto-results.php","meta":{"_et_pb_use_builder":"","_et_pb_old_content":"","_et_gb_content_width":"","exclude_from_search":false,"footnotes":""},"class_list":["post-41281","page","type-page","status-publish","hentry"],"yoast_head":"<!-- This site is optimized with the Yoast SEO plugin v23.3 - https:\/\/yoast.com\/wordpress\/plugins\/seo\/ -->\n<title>N\u00fameros ganadores de la Loter\u00eda del s\u00e1bado y resultados del sorteo<\/title>\n<meta name=\"description\" content=\"Compara tu boleto de loter\u00eda con los resultados del \u00faltimo sorteo de Saturday Lotto: \u00a1consulta aqu\u00ed los n\u00fameros ganadores!\" \/>\n<meta name=\"robots\" content=\"index, follow, max-snippet:-1, max-image-preview:large, max-video-preview:-1\" \/>\n<link rel=\"canonical\" href=\"https:\/\/jackpotlotteryonline.com\/es\/numeros-ganadores\/saturday-lotto\/\" \/>\n<meta property=\"og:locale\" content=\"es_ES\" \/>\n<meta property=\"og:type\" content=\"article\" \/>\n<meta property=\"og:title\" content=\"N\u00fameros ganadores de la Loter\u00eda del s\u00e1bado y resultados del sorteo\" \/>\n<meta property=\"og:description\" content=\"Compara tu boleto de loter\u00eda con los resultados del \u00faltimo sorteo de Saturday Lotto: \u00a1consulta aqu\u00ed los n\u00fameros ganadores!\" \/>\n<meta property=\"og:url\" content=\"https:\/\/jackpotlotteryonline.com\/es\/numeros-ganadores\/saturday-lotto\/\" \/>\n<meta property=\"og:site_name\" content=\"Lotto Online - Crack The International Lottery Jackpots\" \/>\n<meta property=\"article:modified_time\" content=\"2022-12-30T15:37:09+00:00\" \/>\n<meta property=\"og:image\" content=\"https:\/\/jackpotlotteryonline.com\/wp-content\/uploads\/2022\/11\/1_lotto_money_win-300x150.jpg\" \/>\n<meta name=\"twitter:card\" content=\"summary_large_image\" \/>\n<meta name=\"twitter:label1\" content=\"Tiempo de lectura\" \/>\n\t<meta name=\"twitter:data1\" content=\"5 minutos\" \/>\n<!-- \/ Yoast SEO plugin. -->","yoast_head_json":{"title":"N\u00fameros ganadores de la Loter\u00eda del s\u00e1bado y resultados del sorteo","description":"Compara tu boleto de loter\u00eda con los resultados del \u00faltimo sorteo de Saturday Lotto: \u00a1consulta aqu\u00ed los n\u00fameros ganadores!","robots":{"index":"index","follow":"follow","max-snippet":"max-snippet:-1","max-image-preview":"max-image-preview:large","max-video-preview":"max-video-preview:-1"},"canonical":"https:\/\/jackpotlotteryonline.com\/es\/numeros-ganadores\/saturday-lotto\/","og_locale":"es_ES","og_type":"article","og_title":"N\u00fameros ganadores de la Loter\u00eda del s\u00e1bado y resultados del sorteo","og_description":"Compara tu boleto de loter\u00eda con los resultados del \u00faltimo sorteo de Saturday Lotto: \u00a1consulta aqu\u00ed los n\u00fameros ganadores!","og_url":"https:\/\/jackpotlotteryonline.com\/es\/numeros-ganadores\/saturday-lotto\/","og_site_name":"Lotto Online - Crack The International Lottery Jackpots","article_modified_time":"2022-12-30T15:37:09+00:00","og_image":[{"url":"https:\/\/jackpotlotteryonline.com\/wp-content\/uploads\/2022\/11\/1_lotto_money_win-300x150.jpg"}],"twitter_card":"summary_large_image","twitter_misc":{"Tiempo de lectura":"5 minutos"},"schema":{"@context":"https:\/\/schema.org","@graph":[{"@type":"WebPage","@id":"https:\/\/jackpotlotteryonline.com\/es\/numeros-ganadores\/saturday-lotto\/","url":"https:\/\/jackpotlotteryonline.com\/es\/numeros-ganadores\/saturday-lotto\/","name":"N\u00fameros ganadores de la Loter\u00eda del s\u00e1bado y resultados del sorteo","isPartOf":{"@id":"https:\/\/jackpotlotteryonline.com\/#website"},"primaryImageOfPage":{"@id":"https:\/\/jackpotlotteryonline.com\/es\/numeros-ganadores\/saturday-lotto\/#primaryimage"},"image":{"@id":"https:\/\/jackpotlotteryonline.com\/es\/numeros-ganadores\/saturday-lotto\/#primaryimage"},"thumbnailUrl":"https:\/\/jackpotlotteryonline.com\/wp-content\/uploads\/2022\/11\/1_lotto_money_win-300x150.jpg","datePublished":"2022-12-08T20:18:50+00:00","dateModified":"2022-12-30T15:37:09+00:00","description":"Compara tu boleto de loter\u00eda con los resultados del \u00faltimo sorteo de Saturday Lotto: \u00a1consulta aqu\u00ed los n\u00fameros ganadores!","breadcrumb":{"@id":"https:\/\/jackpotlotteryonline.com\/es\/numeros-ganadores\/saturday-lotto\/#breadcrumb"},"inLanguage":"es","potentialAction":[{"@type":"ReadAction","target":["https:\/\/jackpotlotteryonline.com\/es\/numeros-ganadores\/saturday-lotto\/"]}]},{"@type":"ImageObject","inLanguage":"es","@id":"https:\/\/jackpotlotteryonline.com\/es\/numeros-ganadores\/saturday-lotto\/#primaryimage","url":"https:\/\/jackpotlotteryonline.com\/wp-content\/uploads\/2022\/11\/1_lotto_money_win-300x150.jpg","contentUrl":"https:\/\/jackpotlotteryonline.com\/wp-content\/uploads\/2022\/11\/1_lotto_money_win-300x150.jpg"},{"@type":"BreadcrumbList","@id":"https:\/\/jackpotlotteryonline.com\/es\/numeros-ganadores\/saturday-lotto\/#breadcrumb","itemListElement":[{"@type":"ListItem","position":1,"name":"Home","item":"https:\/\/jackpotlotteryonline.com\/es\/"},{"@type":"ListItem","position":2,"name":"Resultados de la loter\u00eda","item":"https:\/\/jackpotlotteryonline.com\/winning-numbers\/"},{"@type":"ListItem","position":3,"name":"Resultados del sorteo de la Loter\u00eda del s\u00e1bado"}]},{"@type":"WebSite","@id":"https:\/\/jackpotlotteryonline.com\/#website","url":"https:\/\/jackpotlotteryonline.com\/","name":"Lotto Online - Crack The International Lottery Jackpots","description":"","potentialAction":[{"@type":"SearchAction","target":{"@type":"EntryPoint","urlTemplate":"https:\/\/jackpotlotteryonline.com\/?s={search_term_string}"},"query-input":"required name=search_term_string"}],"inLanguage":"es"}]}},"_links":{"self":[{"href":"https:\/\/jackpotlotteryonline.com\/es\/wp-json\/wp\/v2\/pages\/41281","targetHints":{"allow":["GET"]}}],"collection":[{"href":"https:\/\/jackpotlotteryonline.com\/es\/wp-json\/wp\/v2\/pages"}],"about":[{"href":"https:\/\/jackpotlotteryonline.com\/es\/wp-json\/wp\/v2\/types\/page"}],"author":[{"embeddable":true,"href":"https:\/\/jackpotlotteryonline.com\/es\/wp-json\/wp\/v2\/users\/1"}],"replies":[{"embeddable":true,"href":"https:\/\/jackpotlotteryonline.com\/es\/wp-json\/wp\/v2\/comments?post=41281"}],"version-history":[{"count":0,"href":"https:\/\/jackpotlotteryonline.com\/es\/wp-json\/wp\/v2\/pages\/41281\/revisions"}],"up":[{"embeddable":true,"href":"https:\/\/jackpotlotteryonline.com\/es\/wp-json\/wp\/v2\/pages\/35856"}],"wp:attachment":[{"href":"https:\/\/jackpotlotteryonline.com\/es\/wp-json\/wp\/v2\/media?parent=41281"}],"curies":[{"name":"wp","href":"https:\/\/api.w.org\/{rel}","templated":true}]}}