{"id":41335,"date":"2022-12-09T07:14:34","date_gmt":"2022-12-09T07:14:34","guid":{"rendered":"https:\/\/jackpotlotteryonline.com\/?page_id=41335"},"modified":"2022-12-29T14:15:23","modified_gmt":"2022-12-29T14:15:23","slug":"thunderball","status":"publish","type":"page","link":"https:\/\/jackpotlotteryonline.com\/es\/numeros-ganadores\/thunderball\/","title":{"rendered":"Resultados del sorteo de la loter\u00eda Thunderball"},"content":{"rendered":"<p>Thunderball es una de las loter\u00edas m\u00e1s populares del Reino Unido. Por una peque\u00f1a cantidad, los jugadores pueden ganar medio mill\u00f3n de libras, lo cual es fant\u00e1stico. Hay muchas loter\u00edas, pero Thunderball tiene algo que atrae a los jugadores. Pueden ser las probabilidades incre\u00edblemente favorables o el hecho de que produce muchos ganadores. Sea cual sea la raz\u00f3n, jugadores de todo el mundo tambi\u00e9n compran billetes de loter\u00eda Thunderball en l\u00ednea.<\/p>\n<p>Si <a href=\"https:\/\/jackpotlotteryonline.com\/es\/como-se-juega\/thunderball\">juega a la loter\u00eda en l\u00ednea<\/a>, es esencial que compruebe los n\u00fameros ganadores. As\u00ed sabr\u00e1 si tiene un boleto que coincide con las cifras sorteadas. Si te estas preguntando como comprobar los resultados del sorteo entonces estas en el lugar correcto. Tambi\u00e9n compartiremos la mejor forma de comprobar los resultados del sorteo<\/p>\n<p>Si <a href=\"https:\/\/jackpotlotteryonline.com\/es\/comprar-boletos\/thunderball\">compra sus billetes en jackpotlotteryonline.com<\/a> siga leyendo para saber como reclamar sus premios.<\/p>\n<h2>Elegir los n\u00fameros ganadores de Thunderball<\/h2>\n<p><img loading=\"lazy\" decoding=\"async\" class=\"alignright size-medium wp-image-29480\" src=\"https:\/\/jackpotlotteryonline.com\/wp-content\/uploads\/2022\/11\/1_rain_lottery_money_win-282x300.jpg\" alt=\"N\u00fameros ganadores de la loter\u00eda Thunderball\" width=\"282\" height=\"300\" srcset=\"https:\/\/jackpotlotteryonline.com\/wp-content\/uploads\/2022\/11\/1_rain_lottery_money_win-282x300.jpg 282w, https:\/\/jackpotlotteryonline.com\/wp-content\/uploads\/2022\/11\/1_rain_lottery_money_win.jpg 300w\" sizes=\"auto, (max-width: 282px) 100vw, 282px\" \/>Hay dos maneras principales que los jugadores utilizan para elegir los n\u00fameros que quieren jugar. Para la mayor\u00eda de las loter\u00edas, usted necesita elegir de un cierto rango. A algunos jugadores les gusta elegir fechas especiales para ellos, como cumplea\u00f1os o aniversarios. Son las llamadas fechas de la suerte.<\/p>\n<p>En algunas partes del mundo, algunas personas tienen n\u00fameros que consideran de la suerte. Por ejemplo, algunos ven el n\u00famero 7 como un n\u00famero de la suerte, mientras que otros ven el n\u00famero 13 como un n\u00famero de la mala suerte. Todo depende de lo que cada uno considere afortunado. Este es un m\u00e9todo que es favorecido por muchos jugadores alrededor del mundo y podr\u00eda funcionar para usted tambi\u00e9n.<\/p>\n<p>La segunda forma es utilizar nuestro autogenerador para seleccionar sus cifras al azar. Esto funciona para algunas personas simplemente porque la loter\u00eda es un juego de suerte. Aunque puedes hacer cosas para sentirte afortunado, no hay forma de garantizar que ganes.<\/p>\n<h2>C\u00f3mo jugar a Thunderball online<\/h2>\n<p>La Thunderball del Reino Unido es un juego emocionante de jugar. El proceso es como el de cualquier otro juego de loter\u00eda. B\u00e1sicamente, tiene que elegir 5 n\u00fameros de un rango del 1 al 39 y un n\u00famero especial del 1 al 14. El n\u00famero especial se llama &#8220;Thunderball&#8221;. El n\u00famero especial se llama &#8220;Thunderball&#8221; y se utiliza para determinar seis categor\u00edas de premios, incluido el bote.<\/p>\n<p>Jugar en l\u00ednea no es tan diferente, s\u00f3lo que puede utilizar el generador de n\u00fameros para elegir cifras al azar. Esto es algo as\u00ed como el &#8220;lucky dip&#8221; para los que est\u00e1n acostumbrados a los boletos f\u00edsicos. Puede elegir varias l\u00edneas y varios boletos para aumentar sus posibilidades de ganar la Thunderball.<\/p>\n<p>El siguiente paso es participar en el sorteo y \u00e9sta es la mejor parte. Tenga en cuenta que puede participar en varios sorteos. Y si compra su boleto con nosotros, tambi\u00e9n puede participar en el sorteo con varias semanas de antelaci\u00f3n. Esto le da una ventaja a la hora de jugar a este juego de azar.<\/p>\n<section class=\"layout\" style=\"border: solid 1px; width: 100%;\">\n<div class=\"img-div\" style=\"margin-top: 5px;\"><img decoding=\"async\" class=\"wp-image-17212 alignleft\" style=\"height: 45px; margin: 8px 8px 0px;\" src=\"https:\/\/jackpotlotteryonline.com\/wp-content\/uploads\/2022\/11\/read1.jpg\" alt=\"leer\" width=\"\" height=\"\" \/><\/div>\n<div style=\"padding-left: 5px;\">\n<div style=\"font-size: 1.1em;\">\n<p><strong>Las loter\u00edas con m\u00e1s probabilidades de ganar a lo grande<\/strong><\/p>\n<p style=\"font-size: 0.85em; margin-top: -1.5em;\">\u00bfQu\u00e9 loter\u00eda tiene las mejores probabilidades de ganar?\u00a0 <a href=\"https:\/\/jackpotlotteryonline.com\/es\/que-loteria-tiene-mas-posibilidades-de-ganar\"> Seguir leyendo<\/a><\/p>\n<\/div>\n<\/div>\n<\/section>\n<h2>D\u00edas de los sorteos<\/h2>\n<p>Los d\u00edas de sorteo son cuatro veces por semana, los martes, mi\u00e9rcoles, viernes y s\u00e1bados. Esta loter\u00eda del Reino Unido tiene cuatro sorteos cada semana. Esto significa para los jugadores que tienen cuatro veces m\u00e1s posibilidades de ganar el bote con Thunderball.<\/p>\n<p>Puede participar en un solo sorteo, pero probablemente sea mejor participar en varios sorteos para tener muchas m\u00e1s posibilidades de ganar. Recuerde que con m\u00e1s participaciones tiene m\u00e1s probabilidades de ganar.<\/p>\n<h2>C\u00f3mo comprobar los resultados del sorteo Thunderball<\/h2>\n<p>Ahora llegamos a la mejor parte, que es comprobar los resultados del sorteo. La \u00fanica manera de saber si tiene la combinaci\u00f3n correcta es comprobar los resultados del sorteo. La mayor\u00eda de las loter\u00edas celebran sorteos en directo y la Thunderball no es una excepci\u00f3n. Por lo tanto, puedes ver el sorteo en directo online. Es importante tener en cuenta que los sorteos en directo se celebran a una hora determinada y que si ganas te quedas sin premio.<\/p>\n<p>Naturalmente, siempre puedes buscar en Internet para averiguar si eres el ganador. Desgraciadamente, aunque puede conseguir la combinaci\u00f3n para el bote, no es tan f\u00e1cil para las otras categor\u00edas de premios. El premio de segunda categor\u00eda de Thunderball es de 5000 \u00a3 y no querr\u00e1s perd\u00e9rtelo.<\/p>\n<p>La mejor opci\u00f3n es consultar esta p\u00e1gina despu\u00e9s de cada sorteo. Publicamos los \u00faltimos resultados de los sorteos de todas las categor\u00edas. Adem\u00e1s, si nos compr\u00f3 su boleto, le notificaremos si gana alg\u00fan premio.<\/p>\n<h2>Premios que puede ganar<\/h2>\n<p>Dicho esto, \u00bfcu\u00e1les son los diferentes premios de las distintas categor\u00edas? La Thunderball del Reino Unido tiene varias categor\u00edas de premios con un premio s\u00f3lo por acertar la Thunderball. Existe una alta probabilidad de que un jugador pueda ganar un premio.<\/p>\n<p>A continuaci\u00f3n se desglosan las categor\u00edas de premios de la UK Thunderball, as\u00ed como las probabilidades de ganar.<\/p>\n<p>Categor\u00eda 1: Partido 5 + Bola de Trueno &#8211; 1 entre 8.060.598 &#8211; 500.000 \u00a3.<\/p>\n<p>Categor\u00eda 2: S\u00f3lo Partido 5 &#8211; 1 entre 620.046 &#8211; 5.000 \u00a3.<\/p>\n<p>Categor\u00eda 3: Partido 4 + Thunderball &#8211; 1 entre 47.416 &#8211; 250 \u00a3.<\/p>\n<p>Categor\u00eda 4: S\u00f3lo Partido 4 &#8211; 1 de cada 3.648 &#8211; \u00a3100<\/p>\n<p>Categor\u00eda 5: Partido 3 + Bola de Trueno &#8211; 1 de cada 1.437 &#8211; \u00a320<\/p>\n<p>Categor\u00eda 6: S\u00f3lo Partido 3 &#8211; 1 entre 111 &#8211; \u00a310<\/p>\n<p>Categor\u00eda 7: Partido 2 + Bola de Trueno &#8211; 1 entre 135 &#8211; \u00a310<\/p>\n<p>Categor\u00eda 8: Partido 1 + Bola de Trueno &#8211; 1 entre 35 &#8211; \u00a35<\/p>\n<p>Categor\u00eda 9: Match Thunderball &#8211; 1 en 29 &#8211; \u00a33<\/p>\n<p>Cualquiera puede ganar un premio Thunderball aunque viva fuera del Reino Unido. S\u00f3lo tiene que comprar su boleto en l\u00ednea para tener la oportunidad de ganar a lo grande.<\/p>\n<h2>Cobrar sus premios<\/h2>\n<p><img loading=\"lazy\" decoding=\"async\" class=\"alignright size-full wp-image-28832\" src=\"https:\/\/jackpotlotteryonline.com\/wp-content\/uploads\/2022\/11\/1_online_win_lottery.jpg\" alt=\"reclamar el premio de la Thunderball\" width=\"250\" height=\"167\" \/>Hemos mencionado que le notificaremos por correo electr\u00f3nico y a trav\u00e9s de su cuenta si tiene un boleto ganador. Pero, \u00bfc\u00f3mo puede retirar sus ganancias si vive fuera del Reino Unido? Esta es una pregunta que preocupa a muchos jugadores. Pues bien, estamos aqu\u00ed para tranquilizarle con respecto a sus ganancias.<\/p>\n<p>Cuando te registras con nosotros y nos compras tus billetes de loter\u00eda, te simplificamos el proceso. Como sitio de conserjer\u00eda, hemos creado un proceso sin fisuras por el que puede retirar f\u00e1cilmente sus ganancias. Con premios inferiores a 2.500 euros, todo lo que tiene que hacer es cobrar desde nuestro sitio a su cuenta.<\/p>\n<p>Si ha ganado un premio superior a esa cantidad, tendr\u00e1 que reclamar su premio directamente a la empresa de loter\u00eda. Le proporcionaremos un formulario de reclamaci\u00f3n y le guiaremos a trav\u00e9s del proceso. As\u00ed que no tema, nos aseguramos de que todo sea f\u00e1cil y sin estr\u00e9s.<\/p>\n<h2>Lo que debe saber antes de reclamar su premio<\/h2>\n<p>Antes de reclamar su premio, es importante saber algunas cosas sobre jugar a la loter\u00eda en el Reino Unido. Ya sabemos que la loter\u00eda est\u00e1 abierta a todo el mundo independientemente de su nacionalidad, sin embargo aqu\u00ed hay algunas cosas a tener en cuenta:<\/p>\n<ul>\n<li>La loter\u00eda est\u00e1 abierta a jugadores mayores de 16 a\u00f1os.<\/li>\n<li>Los premios se pagan a tanto alzado<\/li>\n<li>Las ganancias de la loter\u00eda no est\u00e1n sujetas a impuestos en el pa\u00eds. Sin embargo, si juega desde fuera del pa\u00eds, debe comprobar la legislaci\u00f3n fiscal de su pa\u00eds.<\/li>\n<li>Tiene 180 d\u00edas para reclamar cualquier premio antes de que vuelva al fondo com\u00fan.<\/li>\n<li>Si ha participado en la loter\u00eda a trav\u00e9s de un vendedor f\u00edsico, es posible que tenga que ponerse en contacto con los organizadores de la loter\u00eda para reclamar su premio.<\/li>\n<\/ul>\n<h2>Ventajas de jugar a la loter\u00eda con Jackpotlotteryonline.com<\/h2>\n<ul>\n<li>Usted tiene acceso r\u00e1pido e inmediato a la loter\u00eda. Usted no tiene que vivir en el Reino Unido para jugar a la loter\u00eda<\/li>\n<li>Es super c\u00f3modo ya que no necesitas salir de la comodidad de tu casa. Comprueba tu combinaci\u00f3n desde tu ordenador o dispositivo m\u00f3vil.<\/li>\n<li>Tambi\u00e9n es m\u00e1s seguro porque su boleto se almacena digitalmente. Esto es importante porque es la \u00fanica forma de reclamar tu premio.<\/li>\n<li>No tiene por qu\u00e9 perderse su premio porque le avisaremos inmediatamente si gana alg\u00fan premio.<\/li>\n<li>Puede retirar f\u00e1cilmente cualquier premio en l\u00ednea sin desplazarse a ning\u00fan sitio<\/li>\n<\/ul>\n<p>Si a\u00fan no ha comprado su billete de Thunderball, este es un buen momento para hacerlo y as\u00ed poder participar en el pr\u00f3ximo sorteo.<\/p>\n<h2>\u00bfQu\u00e9 es un sitio de conserjer\u00eda?<\/h2>\n<p>Hemos mencionado que somos un sitio de conserjer\u00eda y puede que se est\u00e9 preguntando de qu\u00e9 se trata. Bueno, uno de los problemas que tienen los jugadores con la compra de boletos en l\u00ednea es que nunca saben si han entrado en la loter\u00eda. Muchos sitios permiten a sus jugadores apostar sobre el resultado de la loter\u00eda, que es algo totalmente diferente.<\/p>\n<p>En jackpotlotteryonline.com, damos a nuestros usuarios acceso a las mejores loter\u00edas internacionales de todo el mundo. Esto se debe a que manejamos un sitio de conserjer\u00eda donde tenemos agentes en diferentes partes del mundo. Cuando usted nos compra billetes de loter\u00eda, nuestro agente en ese pa\u00eds compra un billete f\u00edsico con los n\u00fameros correspondientes. El billete es entonces escaneado y enviado a usted.<\/p>\n<p>Cuando usted nos compra su billete de loter\u00eda Thunderball, tiene la seguridad de que si acierta los n\u00fameros sorteados, ganar\u00e1 la loter\u00eda. Es as\u00ed de sencillo y sin embargo es lo que da a nuestros clientes la tranquilidad de jugar a la loter\u00eda online.<\/p>\n<h2>Consejos para ganar a Thunderball<\/h2>\n<p>Aunque Thunderball es un juego de azar, hay cosas que puede hacer para aumentar su probabilidad de ganar. A continuaci\u00f3n enumeramos algunas:<\/p>\n<ul>\n<li>Elija sus d\u00edgitos de la suerte. No se puede tener demasiada suerte cuando se juega al Thunderball.<\/li>\n<li>Compre m\u00e1s boletos y participe en varios sorteos. Porque cuantas m\u00e1s participaciones tenga, mayores ser\u00e1n sus probabilidades de ganar.<\/li>\n<li>\u00danase o forme una pe\u00f1a. Se trata de un grupo de personas que unen sus recursos para poder comprar m\u00e1s boletos.<\/li>\n<li>Tenga la firme convicci\u00f3n de que va a ganar. Hay algo en creer con todo tu coraz\u00f3n que atrae la suerte hacia ti. Varios ganadores de loter\u00eda han hablado de su convicci\u00f3n de que iban a ganar.<\/li>\n<\/ul>\n<h2>Compruebe su combinaci\u00f3n ganadora en jackpotlotteryonline.com<\/h2>\n<p>Facilitamos a los jugadores el acceso a las mejores loter\u00edas internacionales ofreci\u00e9ndoles boletos en l\u00ednea. Adem\u00e1s, tambi\u00e9n puede comprobar los resultados de los sorteos y cobrar sus ganancias desde nuestro sitio. Jugar a Thunderball nunca ha sido tan relajante y libre de estr\u00e9s. Y hemos trabajado duro para asegurarnos de que siga siendo as\u00ed.<\/p>\n<p>Si quiere probar la Thunderball del Reino Unido, no dude en comprar sus boletos ahora. Visite nuestro sitio despu\u00e9s de cada sorteo para descubrir los resultados del sorteo y cobrar f\u00e1cilmente sus ganancias.<\/p>\n","protected":false},"excerpt":{"rendered":"<p>Thunderball es una de las loter\u00edas m\u00e1s populares del Reino Unido. Por una peque\u00f1a cantidad, los jugadores pueden ganar medio mill\u00f3n de libras, lo cual es fant\u00e1stico. Hay muchas loter\u00edas, pero Thunderball tiene algo que atrae a los jugadores. Pueden ser las probabilidades incre\u00edblemente favorables o el hecho de que produce muchos ganadores. Sea cual [&hellip;]<\/p>\n","protected":false},"author":1,"featured_media":0,"parent":35856,"menu_order":12,"comment_status":"closed","ping_status":"closed","template":"thunderball-results.php","meta":{"_et_pb_use_builder":"","_et_pb_old_content":"","_et_gb_content_width":"","exclude_from_search":false,"footnotes":""},"class_list":["post-41335","page","type-page","status-publish","hentry"],"yoast_head":"<!-- This site is optimized with the Yoast SEO plugin v23.3 - https:\/\/yoast.com\/wordpress\/plugins\/seo\/ -->\n<title>N\u00fameros ganadores de la loter\u00eda Thunderball y resultados del sorteo<\/title>\n<meta name=\"description\" content=\"Comprueba tu boleto con los n\u00fameros ganadores y resultados del \u00faltimo sorteo de la loter\u00eda Thunderball, o encuentra los resultados hist\u00f3ricos de los sorteos\" \/>\n<meta name=\"robots\" content=\"index, follow, max-snippet:-1, max-image-preview:large, max-video-preview:-1\" \/>\n<link rel=\"canonical\" href=\"https:\/\/jackpotlotteryonline.com\/es\/numeros-ganadores\/thunderball\/\" \/>\n<meta property=\"og:locale\" content=\"es_ES\" \/>\n<meta property=\"og:type\" content=\"article\" \/>\n<meta property=\"og:title\" content=\"N\u00fameros ganadores de la loter\u00eda Thunderball y resultados del sorteo\" \/>\n<meta property=\"og:description\" content=\"Comprueba tu boleto con los n\u00fameros ganadores y resultados del \u00faltimo sorteo de la loter\u00eda Thunderball, o encuentra los resultados hist\u00f3ricos de los sorteos\" \/>\n<meta property=\"og:url\" content=\"https:\/\/jackpotlotteryonline.com\/es\/numeros-ganadores\/thunderball\/\" \/>\n<meta property=\"og:site_name\" content=\"Lotto Online - Crack The International Lottery Jackpots\" \/>\n<meta property=\"article:modified_time\" content=\"2022-12-29T14:15:23+00:00\" \/>\n<meta property=\"og:image\" content=\"https:\/\/jackpotlotteryonline.com\/wp-content\/uploads\/2022\/11\/1_rain_lottery_money_win-282x300.jpg\" \/>\n<meta name=\"twitter:card\" content=\"summary_large_image\" \/>\n<meta name=\"twitter:label1\" content=\"Tiempo de lectura\" \/>\n\t<meta name=\"twitter:data1\" content=\"8 minutos\" \/>\n<!-- \/ Yoast SEO plugin. -->","yoast_head_json":{"title":"N\u00fameros ganadores de la loter\u00eda Thunderball y resultados del sorteo","description":"Comprueba tu boleto con los n\u00fameros ganadores y resultados del \u00faltimo sorteo de la loter\u00eda Thunderball, o encuentra los resultados hist\u00f3ricos de los sorteos","robots":{"index":"index","follow":"follow","max-snippet":"max-snippet:-1","max-image-preview":"max-image-preview:large","max-video-preview":"max-video-preview:-1"},"canonical":"https:\/\/jackpotlotteryonline.com\/es\/numeros-ganadores\/thunderball\/","og_locale":"es_ES","og_type":"article","og_title":"N\u00fameros ganadores de la loter\u00eda Thunderball y resultados del sorteo","og_description":"Comprueba tu boleto con los n\u00fameros ganadores y resultados del \u00faltimo sorteo de la loter\u00eda Thunderball, o encuentra los resultados hist\u00f3ricos de los sorteos","og_url":"https:\/\/jackpotlotteryonline.com\/es\/numeros-ganadores\/thunderball\/","og_site_name":"Lotto Online - Crack The International Lottery Jackpots","article_modified_time":"2022-12-29T14:15:23+00:00","og_image":[{"url":"https:\/\/jackpotlotteryonline.com\/wp-content\/uploads\/2022\/11\/1_rain_lottery_money_win-282x300.jpg"}],"twitter_card":"summary_large_image","twitter_misc":{"Tiempo de lectura":"8 minutos"},"schema":{"@context":"https:\/\/schema.org","@graph":[{"@type":"WebPage","@id":"https:\/\/jackpotlotteryonline.com\/es\/numeros-ganadores\/thunderball\/","url":"https:\/\/jackpotlotteryonline.com\/es\/numeros-ganadores\/thunderball\/","name":"N\u00fameros ganadores de la loter\u00eda Thunderball y resultados del sorteo","isPartOf":{"@id":"https:\/\/jackpotlotteryonline.com\/#website"},"primaryImageOfPage":{"@id":"https:\/\/jackpotlotteryonline.com\/es\/numeros-ganadores\/thunderball\/#primaryimage"},"image":{"@id":"https:\/\/jackpotlotteryonline.com\/es\/numeros-ganadores\/thunderball\/#primaryimage"},"thumbnailUrl":"https:\/\/jackpotlotteryonline.com\/wp-content\/uploads\/2022\/11\/1_rain_lottery_money_win-282x300.jpg","datePublished":"2022-12-09T07:14:34+00:00","dateModified":"2022-12-29T14:15:23+00:00","description":"Comprueba tu boleto con los n\u00fameros ganadores y resultados del \u00faltimo sorteo de la loter\u00eda Thunderball, o encuentra los resultados hist\u00f3ricos de los sorteos","breadcrumb":{"@id":"https:\/\/jackpotlotteryonline.com\/es\/numeros-ganadores\/thunderball\/#breadcrumb"},"inLanguage":"es","potentialAction":[{"@type":"ReadAction","target":["https:\/\/jackpotlotteryonline.com\/es\/numeros-ganadores\/thunderball\/"]}]},{"@type":"ImageObject","inLanguage":"es","@id":"https:\/\/jackpotlotteryonline.com\/es\/numeros-ganadores\/thunderball\/#primaryimage","url":"https:\/\/jackpotlotteryonline.com\/wp-content\/uploads\/2022\/11\/1_rain_lottery_money_win-282x300.jpg","contentUrl":"https:\/\/jackpotlotteryonline.com\/wp-content\/uploads\/2022\/11\/1_rain_lottery_money_win-282x300.jpg"},{"@type":"BreadcrumbList","@id":"https:\/\/jackpotlotteryonline.com\/es\/numeros-ganadores\/thunderball\/#breadcrumb","itemListElement":[{"@type":"ListItem","position":1,"name":"Home","item":"https:\/\/jackpotlotteryonline.com\/es\/"},{"@type":"ListItem","position":2,"name":"Resultados de la loter\u00eda","item":"https:\/\/jackpotlotteryonline.com\/winning-numbers\/"},{"@type":"ListItem","position":3,"name":"Resultados del sorteo de la loter\u00eda Thunderball"}]},{"@type":"WebSite","@id":"https:\/\/jackpotlotteryonline.com\/#website","url":"https:\/\/jackpotlotteryonline.com\/","name":"Lotto Online - Crack The International Lottery Jackpots","description":"","potentialAction":[{"@type":"SearchAction","target":{"@type":"EntryPoint","urlTemplate":"https:\/\/jackpotlotteryonline.com\/?s={search_term_string}"},"query-input":"required name=search_term_string"}],"inLanguage":"es"}]}},"_links":{"self":[{"href":"https:\/\/jackpotlotteryonline.com\/es\/wp-json\/wp\/v2\/pages\/41335","targetHints":{"allow":["GET"]}}],"collection":[{"href":"https:\/\/jackpotlotteryonline.com\/es\/wp-json\/wp\/v2\/pages"}],"about":[{"href":"https:\/\/jackpotlotteryonline.com\/es\/wp-json\/wp\/v2\/types\/page"}],"author":[{"embeddable":true,"href":"https:\/\/jackpotlotteryonline.com\/es\/wp-json\/wp\/v2\/users\/1"}],"replies":[{"embeddable":true,"href":"https:\/\/jackpotlotteryonline.com\/es\/wp-json\/wp\/v2\/comments?post=41335"}],"version-history":[{"count":0,"href":"https:\/\/jackpotlotteryonline.com\/es\/wp-json\/wp\/v2\/pages\/41335\/revisions"}],"up":[{"embeddable":true,"href":"https:\/\/jackpotlotteryonline.com\/es\/wp-json\/wp\/v2\/pages\/35856"}],"wp:attachment":[{"href":"https:\/\/jackpotlotteryonline.com\/es\/wp-json\/wp\/v2\/media?parent=41335"}],"curies":[{"name":"wp","href":"https:\/\/api.w.org\/{rel}","templated":true}]}}