{"id":41390,"date":"2022-12-09T09:07:03","date_gmt":"2022-12-09T09:07:03","guid":{"rendered":"https:\/\/jackpotlotteryonline.com\/?page_id=41390"},"modified":"2022-12-30T10:29:45","modified_gmt":"2022-12-30T10:29:45","slug":"new-york-lottery","status":"publish","type":"page","link":"https:\/\/jackpotlotteryonline.com\/es\/numeros-ganadores\/new-york-lottery\/","title":{"rendered":"Resultados del sorteo de la loter\u00eda de Nueva York"},"content":{"rendered":"<p>La loter\u00eda de Nueva York sol\u00eda ser una de esas loter\u00edas olvidadas. Sobre todo porque s\u00f3lo se pod\u00eda participar en la loter\u00eda como residente de Nueva York. Eso ha cambiado desde que jugadores de todo el mundo pueden comprar billetes de loter\u00eda. Ahora, cada vez m\u00e1s aficionados a la loter\u00eda eligen los n\u00fameros ganadores jugando en l\u00ednea. Esta loter\u00eda de Nueva York se fund\u00f3 para recaudar fondos para la educaci\u00f3n, as\u00ed que tiene sus or\u00edgenes en una buena causa. Cada vez que compras un billete, est\u00e1s contribuyendo a financiar la educaci\u00f3n.<\/p>\n<p>Puedes elegir tu combinaci\u00f3n de la loter\u00eda de Nueva York cuando<a href=\"https:\/\/jackpotlotteryonline.com\/es\/comprar-boletos\/new-york-lottery\"> compres tu billete de loter\u00eda en jackpotlotteryonline.com.<\/a><\/p>\n<h2>C\u00f3mo jugar a la loter\u00eda de Nueva York online<\/h2>\n<p><img loading=\"lazy\" decoding=\"async\" class=\"alignright size-full wp-image-29534\" src=\"https:\/\/jackpotlotteryonline.com\/wp-content\/uploads\/2022\/11\/1_results_lottery_online5.jpg\" alt=\"jugar a la loter\u00eda de Nueva York en l\u00ednea\" width=\"300\" height=\"200\" \/>Jugar a la loter\u00eda es divertido y emocionante. Pero esa experiencia se intensifica cuando juegas en l\u00ednea. Jugar a la loter\u00eda online es r\u00e1pido, sencillo y totalmente directo. Si va a jugar a la loter\u00eda de Nueva York, siga estos pasos:<\/p>\n<ul>\n<li>Visite el sitio de su elecci\u00f3n (como jackpotlotteryonline.com) y haga clic en la loter\u00eda a la que desea jugar.<\/li>\n<li>Elija 6 de un rango de 1 a 59. Hay un 7\u00ba n\u00famero, pero \u00e9ste es extra\u00eddo al azar por la empresa de loter\u00eda y no forma parte de su billete.<\/li>\n<li>Participe en los sorteos que se celebran los mi\u00e9rcoles y s\u00e1bados de cada semana. Puede participar en uno o en los dos sorteos.<\/li>\n<li>Finalice su pago. La mayor\u00eda de los sitios de loter\u00eda le pedir\u00e1n que se registre para completar su pago. Esto es para que pueda acceder f\u00e1cilmente a su billete despu\u00e9s de comprarlo.<\/li>\n<\/ul>\n<p>Jugar a la loter\u00eda online es as\u00ed de sencillo. No hay otra manera de conseguir billetes fuera de Nueva York. Por eso ofrecemos la mejor opci\u00f3n para los jugadores que viven en otra parte del mundo.<\/p>\n<h2>C\u00f3mo elegir los n\u00fameros ganadores<\/h2>\n<p>Bien, \u00bfexiste realmente una estrategia ganadora para elegir combinaciones que garanticen ganar la loter\u00eda? No creemos que la haya por la sencilla raz\u00f3n de que la loter\u00eda es un juego de azar. Es bastante dif\u00edcil decir qu\u00e9 combinaci\u00f3n te ayudar\u00e1 a ganar la loter\u00eda, sobre todo porque los sorteos son aleatorios.<\/p>\n<p>No obstante, puedes aumentar tu suerte eligiendo n\u00fameros ganadores que te hagan sentir afortunado. As\u00ed, puede elegir cumplea\u00f1os, aniversarios, d\u00edgitos que le hayan dado suerte toda la vida, etc. O, simplemente, puede utilizar la herramienta de autogenerador de nuestra web para elegir cifras al azar.<\/p>\n<h2>Categor\u00edas de premios de la loter\u00eda de Nueva York<\/h2>\n<p>Esta loter\u00eda de Nueva York tiene un bote m\u00ednimo de 2 millones de d\u00f3lares. Pero si nadie gana el premio mayor despu\u00e9s de los sorteos, \u00e9ste aumenta en $300.000. Este premio sigue aumentando hasta que sale un ganador.<\/p>\n<p>Hay cinco categor\u00edas de premios en total, incluido el bote. Y las probabilidades de ganar un premio en total son de 1 entre 92,05. La distribuci\u00f3n de los premios depende de las ventas totales. As\u00ed, para cada loter\u00eda, el 40% de las ventas se asigna como premio. El bote es un porcentaje de \u00e9ste y no es una cantidad fija. A continuaci\u00f3n se describen las categor\u00edas de premios de la loter\u00eda de Nueva York:<\/p>\n<p>Categor\u00eda 1: 6 n\u00fameros &#8211; bote (30%)<\/p>\n<p>Categor\u00eda 2: 5 + n\u00famero de bonificaci\u00f3n &#8211; 2,9% de las ventas<\/p>\n<p>Categor\u00eda 3: 5 n\u00fameros &#8211; 2,2% de las ventas<\/p>\n<p>Categor\u00eda 4: 4 n\u00fameros &#8211; 2,5% de las ventas<\/p>\n<p>Categor\u00eda 5: 3 n\u00fameros &#8211; 2,4% de las ventas<\/p>\n<h2>C\u00f3mo comprobar los n\u00fameros premiados<\/h2>\n<p>\u00bfC\u00f3mo puede saber si ha ganado un premio? B\u00e1sicamente, si est\u00e1 jugando a la loter\u00eda de Nueva York en jackpotlotteryonline.com, le informaremos si ha ganado un premio. Lo hacemos enviando un mensaje a tu cuenta y a tu correo electr\u00f3nico. Realmente no hay forma de que se pierda su premio si est\u00e1 registrado con nosotros.<\/p>\n<p>Aunque no gane ning\u00fan premio, puede comprobar los n\u00fameros ganadores visitando esta p\u00e1gina. Aqu\u00ed publicamos los resultados despu\u00e9s de cada sorteo. As\u00ed que vuelva a visitarnos y compruebe qu\u00e9 combinaci\u00f3n ha ganado el bote o los premios de otras categor\u00edas.<\/p>\n<h2>C\u00f3mo retirar su premio<\/h2>\n<p><img loading=\"lazy\" decoding=\"async\" class=\"alignright size-medium wp-image-29183\" src=\"https:\/\/jackpotlotteryonline.com\/wp-content\/uploads\/2022\/11\/1_play_lotto-online-300x199.jpg\" alt=\"N\u00fameros ganadores de la loter\u00eda de Nueva York\" width=\"300\" height=\"199\" srcset=\"https:\/\/jackpotlotteryonline.com\/wp-content\/uploads\/2022\/11\/1_play_lotto-online-300x199.jpg 300w, https:\/\/jackpotlotteryonline.com\/wp-content\/uploads\/2022\/11\/1_play_lotto-online.jpg 350w\" sizes=\"auto, (max-width: 300px) 100vw, 300px\" \/>Si ha ganado un premio, puede acceder f\u00e1cilmente a sus ganancias aqu\u00ed mismo en nuestro sitio. Para premios inferiores a 2.500 euros, puede retirar sus ganancias directamente a su banco desde nuestra plataforma. Es cuesti\u00f3n de unos pocos clics y recibir\u00e1 su premio sin complicaciones.<\/p>\n<p>Sin embargo, si su premio es superior a 2.500 euros, es posible que tenga que ponerse en contacto directamente con la empresa de loter\u00eda. En ese caso, te enviaremos un formulario de reclamaciones para que lo rellenes y te ayudemos a tramitar tu premio.<\/p>\n<h2>Consejos para jugar a la loter\u00eda de Nueva York<\/h2>\n<p>Si necesita algunos consejos para jugar a la loter\u00eda, siga leyendo. Estos consejos son \u00fatiles para jugar a cualquier loter\u00eda internacional. Por lo tanto, no se limitan a la loter\u00eda de Nueva York.<\/p>\n<ul>\n<li>Elija sus n\u00fameros ganadores con cuidado. Aunque no puedas predecir el ganador de la loter\u00eda, siempre es una buena idea elegir una combinaci\u00f3n que tenga significado para ti.<\/li>\n<li>Para esta loter\u00eda de Nueva York, el n\u00famero bonus es importante porque determina el premio de la segunda categor\u00eda. As\u00ed que no lo ignores ya que podr\u00edas irte a casa con un buen premio aunque no ganes el bote.<\/li>\n<li>Preste atenci\u00f3n a los d\u00edas de sorteo porque es cuando se conoce el n\u00famero premiado. Adem\u00e1s, si no participa en un sorteo, no podr\u00e1 ganar ning\u00fan premio durante ese sorteo. As\u00ed que los d\u00edas de sorteo son realmente importantes. Tambi\u00e9n puede participar en los sorteos con varias semanas de antelaci\u00f3n (m\u00e1s adelante le ense\u00f1aremos c\u00f3mo).<\/li>\n<\/ul>\n<section class=\"layout\" style=\"border: solid 1px; width: 100%;\">\n<div class=\"img-div\" style=\"margin-top: 5px;\"><img decoding=\"async\" class=\"wp-image-17212 alignleft\" style=\"height: 45px; margin: 8px 8px 0px;\" src=\"https:\/\/jackpotlotteryonline.com\/wp-content\/uploads\/2022\/11\/read1.jpg\" alt=\"leer\" width=\"\" height=\"\" \/><\/div>\n<div style=\"padding-left: 5px;\">\n<div style=\"font-size: 1.1em;\">\n<p><strong>\u00bfCu\u00e1l es el secreto del \u00e9xito en la loter\u00eda?<\/strong><\/p>\n<p style=\"font-size: 0.85em; margin-top: -1.5em;\">C\u00f3mo jugar a la loter\u00eda con \u00e9xito\u00a0 <a href=\"https:\/\/jackpotlotteryonline.com\/es\/cual-es-el-secreto-del-exito-de-la-loteria\"> Seguir leyendo<\/a><\/p>\n<\/div>\n<\/div>\n<\/section>\n<h2>Compruebe los resultados de los sorteos en jackpotlotteryonline.com<\/h2>\n<p>Somos un sitio de conserjer\u00eda que se ocupa de los detalles para que nuestros clientes puedan disfrutar de la experiencia de jugar a la loter\u00eda. Entendemos que nadie quiere preocuparse por las cosas peque\u00f1as. Ese tiempo podr\u00eda estar mejor empleado perfeccionando su estrategia de loter\u00eda. Y por eso estamos aqu\u00ed.<\/p>\n<p>Damos a nuestros clientes la oportunidad de participar en loter\u00edas de todo el mundo. Tambi\u00e9n publicamos los resultados de la loter\u00eda aqu\u00ed mismo y proporcionamos un sistema sin fisuras para que pueda acceder a sus ganancias.<\/p>\n<p><a href=\"https:\/\/jackpotlotteryonline.com\/es\/como-se-juega\/new-york-lottery-2\">Jugar a la loter\u00eda de Nueva York con nosotros<\/a> es un ganar-ganar.<\/p>\n","protected":false},"excerpt":{"rendered":"<p>La loter\u00eda de Nueva York sol\u00eda ser una de esas loter\u00edas olvidadas. Sobre todo porque s\u00f3lo se pod\u00eda participar en la loter\u00eda como residente de Nueva York. Eso ha cambiado desde que jugadores de todo el mundo pueden comprar billetes de loter\u00eda. Ahora, cada vez m\u00e1s aficionados a la loter\u00eda eligen los n\u00fameros ganadores jugando [&hellip;]<\/p>\n","protected":false},"author":1,"featured_media":0,"parent":35856,"menu_order":15,"comment_status":"closed","ping_status":"closed","template":"newyork-results.php","meta":{"_et_pb_use_builder":"","_et_pb_old_content":"","_et_gb_content_width":"","exclude_from_search":false,"footnotes":""},"class_list":["post-41390","page","type-page","status-publish","hentry"],"yoast_head":"<!-- This site is optimized with the Yoast SEO plugin v23.3 - https:\/\/yoast.com\/wordpress\/plugins\/seo\/ -->\n<title>N\u00fameros ganadores de la loter\u00eda de Nueva York y resultados del sorteo<\/title>\n<meta name=\"description\" content=\"Los resultados de los sorteos de la loter\u00eda de Nueva York - n\u00fameros ganadores, cantidades ganadas para todos los sorteos pasados y presentes.\" \/>\n<meta name=\"robots\" content=\"index, follow, max-snippet:-1, max-image-preview:large, max-video-preview:-1\" \/>\n<link rel=\"canonical\" href=\"https:\/\/jackpotlotteryonline.com\/es\/numeros-ganadores\/new-york-lottery\/\" \/>\n<meta property=\"og:locale\" content=\"es_ES\" \/>\n<meta property=\"og:type\" content=\"article\" \/>\n<meta property=\"og:title\" content=\"N\u00fameros ganadores de la loter\u00eda de Nueva York y resultados del sorteo\" \/>\n<meta property=\"og:description\" content=\"Los resultados de los sorteos de la loter\u00eda de Nueva York - n\u00fameros ganadores, cantidades ganadas para todos los sorteos pasados y presentes.\" \/>\n<meta property=\"og:url\" content=\"https:\/\/jackpotlotteryonline.com\/es\/numeros-ganadores\/new-york-lottery\/\" \/>\n<meta property=\"og:site_name\" content=\"Lotto Online - Crack The International Lottery Jackpots\" \/>\n<meta property=\"article:modified_time\" content=\"2022-12-30T10:29:45+00:00\" \/>\n<meta property=\"og:image\" content=\"https:\/\/jackpotlotteryonline.com\/wp-content\/uploads\/2022\/11\/1_results_lottery_online5.jpg\" \/>\n<meta name=\"twitter:card\" content=\"summary_large_image\" \/>\n<meta name=\"twitter:label1\" content=\"Tiempo de lectura\" \/>\n\t<meta name=\"twitter:data1\" content=\"6 minutos\" \/>\n<!-- \/ Yoast SEO plugin. -->","yoast_head_json":{"title":"N\u00fameros ganadores de la loter\u00eda de Nueva York y resultados del sorteo","description":"Los resultados de los sorteos de la loter\u00eda de Nueva York - n\u00fameros ganadores, cantidades ganadas para todos los sorteos pasados y presentes.","robots":{"index":"index","follow":"follow","max-snippet":"max-snippet:-1","max-image-preview":"max-image-preview:large","max-video-preview":"max-video-preview:-1"},"canonical":"https:\/\/jackpotlotteryonline.com\/es\/numeros-ganadores\/new-york-lottery\/","og_locale":"es_ES","og_type":"article","og_title":"N\u00fameros ganadores de la loter\u00eda de Nueva York y resultados del sorteo","og_description":"Los resultados de los sorteos de la loter\u00eda de Nueva York - n\u00fameros ganadores, cantidades ganadas para todos los sorteos pasados y presentes.","og_url":"https:\/\/jackpotlotteryonline.com\/es\/numeros-ganadores\/new-york-lottery\/","og_site_name":"Lotto Online - Crack The International Lottery Jackpots","article_modified_time":"2022-12-30T10:29:45+00:00","og_image":[{"url":"https:\/\/jackpotlotteryonline.com\/wp-content\/uploads\/2022\/11\/1_results_lottery_online5.jpg"}],"twitter_card":"summary_large_image","twitter_misc":{"Tiempo de lectura":"6 minutos"},"schema":{"@context":"https:\/\/schema.org","@graph":[{"@type":"WebPage","@id":"https:\/\/jackpotlotteryonline.com\/es\/numeros-ganadores\/new-york-lottery\/","url":"https:\/\/jackpotlotteryonline.com\/es\/numeros-ganadores\/new-york-lottery\/","name":"N\u00fameros ganadores de la loter\u00eda de Nueva York y resultados del sorteo","isPartOf":{"@id":"https:\/\/jackpotlotteryonline.com\/#website"},"primaryImageOfPage":{"@id":"https:\/\/jackpotlotteryonline.com\/es\/numeros-ganadores\/new-york-lottery\/#primaryimage"},"image":{"@id":"https:\/\/jackpotlotteryonline.com\/es\/numeros-ganadores\/new-york-lottery\/#primaryimage"},"thumbnailUrl":"https:\/\/jackpotlotteryonline.com\/wp-content\/uploads\/2022\/11\/1_results_lottery_online5.jpg","datePublished":"2022-12-09T09:07:03+00:00","dateModified":"2022-12-30T10:29:45+00:00","description":"Los resultados de los sorteos de la loter\u00eda de Nueva York - n\u00fameros ganadores, cantidades ganadas para todos los sorteos pasados y presentes.","breadcrumb":{"@id":"https:\/\/jackpotlotteryonline.com\/es\/numeros-ganadores\/new-york-lottery\/#breadcrumb"},"inLanguage":"es","potentialAction":[{"@type":"ReadAction","target":["https:\/\/jackpotlotteryonline.com\/es\/numeros-ganadores\/new-york-lottery\/"]}]},{"@type":"ImageObject","inLanguage":"es","@id":"https:\/\/jackpotlotteryonline.com\/es\/numeros-ganadores\/new-york-lottery\/#primaryimage","url":"https:\/\/jackpotlotteryonline.com\/wp-content\/uploads\/2022\/11\/1_results_lottery_online5.jpg","contentUrl":"https:\/\/jackpotlotteryonline.com\/wp-content\/uploads\/2022\/11\/1_results_lottery_online5.jpg"},{"@type":"BreadcrumbList","@id":"https:\/\/jackpotlotteryonline.com\/es\/numeros-ganadores\/new-york-lottery\/#breadcrumb","itemListElement":[{"@type":"ListItem","position":1,"name":"Home","item":"https:\/\/jackpotlotteryonline.com\/es\/"},{"@type":"ListItem","position":2,"name":"Resultados de la loter\u00eda","item":"https:\/\/jackpotlotteryonline.com\/winning-numbers\/"},{"@type":"ListItem","position":3,"name":"Resultados del sorteo de la loter\u00eda de Nueva York"}]},{"@type":"WebSite","@id":"https:\/\/jackpotlotteryonline.com\/#website","url":"https:\/\/jackpotlotteryonline.com\/","name":"Lotto Online - Crack The International Lottery Jackpots","description":"","potentialAction":[{"@type":"SearchAction","target":{"@type":"EntryPoint","urlTemplate":"https:\/\/jackpotlotteryonline.com\/?s={search_term_string}"},"query-input":"required name=search_term_string"}],"inLanguage":"es"}]}},"_links":{"self":[{"href":"https:\/\/jackpotlotteryonline.com\/es\/wp-json\/wp\/v2\/pages\/41390","targetHints":{"allow":["GET"]}}],"collection":[{"href":"https:\/\/jackpotlotteryonline.com\/es\/wp-json\/wp\/v2\/pages"}],"about":[{"href":"https:\/\/jackpotlotteryonline.com\/es\/wp-json\/wp\/v2\/types\/page"}],"author":[{"embeddable":true,"href":"https:\/\/jackpotlotteryonline.com\/es\/wp-json\/wp\/v2\/users\/1"}],"replies":[{"embeddable":true,"href":"https:\/\/jackpotlotteryonline.com\/es\/wp-json\/wp\/v2\/comments?post=41390"}],"version-history":[{"count":0,"href":"https:\/\/jackpotlotteryonline.com\/es\/wp-json\/wp\/v2\/pages\/41390\/revisions"}],"up":[{"embeddable":true,"href":"https:\/\/jackpotlotteryonline.com\/es\/wp-json\/wp\/v2\/pages\/35856"}],"wp:attachment":[{"href":"https:\/\/jackpotlotteryonline.com\/es\/wp-json\/wp\/v2\/media?parent=41390"}],"curies":[{"name":"wp","href":"https:\/\/api.w.org\/{rel}","templated":true}]}}