{"id":41442,"date":"2022-12-09T11:23:26","date_gmt":"2022-12-09T11:23:26","guid":{"rendered":"https:\/\/jackpotlotteryonline.com\/?page_id=41442"},"modified":"2022-12-30T12:29:27","modified_gmt":"2022-12-30T12:29:27","slug":"resultados-del-sorteo-de-la-loteria-de-oz","status":"publish","type":"page","link":"https:\/\/jackpotlotteryonline.com\/es\/numeros-ganadores\/resultados-del-sorteo-de-la-loteria-de-oz\/","title":{"rendered":"Resultados del sorteo de la Loter\u00eda de Oz"},"content":{"rendered":"<h2>Informaci\u00f3n sobre los resultados del sorteo de Oz Lotto<\/h2>\n<p><img loading=\"lazy\" decoding=\"async\" class=\"alignright size-full wp-image-26942\" src=\"http:\/\/jackpotlotteryonline.com\/wp-content\/uploads\/2022\/11\/1_euromillions_results.jpg\" alt=\"oz lotto resultados del sorteo\" width=\"300\" height=\"200\" \/>Tienes curiosidad acerca de los resultados del sorteo de Oz Lotto o qu\u00e9 sucede despu\u00e9s de que alguien gana? Bueno, este art\u00edculo te guiar\u00e1 sobre c\u00f3mo ir respondiendo a esas preguntas.<\/p>\n<p>Esta loter\u00eda australiana se sortea todos los martes y s\u00e1bados a las 7:30 p.m. AEST, as\u00ed que despu\u00e9s de elegir tus n\u00fameros, puedes sentarte y esperar el sorteo. Los sorteos se realizan en Sydney a trav\u00e9s de un generador de n\u00fameros computarizado.<\/p>\n<p>Oz Lotto es un juego bastante gratificante que tiene siete divisiones de premios en las que, si no se gana la Divisi\u00f3n 1 (el bote), se pueden ganar otros premios si el jugador acierta cinco o cuatro n\u00fameros. Adem\u00e1s, se conceden diez premios de 2 millones de d\u00f3lares cada uno cuando ning\u00fan jugador acierta los siete n\u00fameros sorteados.<\/p>\n<p>Adem\u00e1s, los resultados del sorteo de la loter\u00eda se publican una semana despu\u00e9s del sorteo en la p\u00e1gina web del Gobierno de Victoria. La hora del sorteo se mantiene en privado, esto es para proteger la privacidad de los participantes.<\/p>\n<h2>\u00bfC\u00f3mo puedo ganar la loter\u00eda Oz Lotto de Australia?<\/h2>\n<p>Para ganar cualquier premio en Oz Lotto, debe saber lo siguiente:<\/p>\n<ol>\n<li>Para <a href=\"https:\/\/jackpotlotteryonline.com\/es\/como-se-juega\/oz-lotto\">jugar a la Oz Lotto<\/a>, el jugador debe extraer diez n\u00fameros de un total de 47. Los siete primeros n\u00fameros se consideran ganadores.<\/li>\n<li>Los siete primeros n\u00fameros extra\u00eddos se consideran los n\u00fameros ganadores del premio mayor.<\/li>\n<li>Los tres restantes sorteados son los n\u00fameros complementarios que se utilizan para determinar los premios de las dem\u00e1s divisiones.<\/li>\n<li>Cuantos m\u00e1s n\u00fameros acierte un jugador, mayor ser\u00e1 el premio.<\/li>\n<li>Participar en la loter\u00eda Oz Lotto es un juego de azar; puede ganar o perder.<\/li>\n<\/ol>\n<h2>\u00bfC\u00f3mo puedo comprobar si he ganado en un sorteo concreto?<\/h2>\n<p><img loading=\"lazy\" decoding=\"async\" class=\"alignright size-full wp-image-26159\" src=\"http:\/\/jackpotlotteryonline.com\/wp-content\/uploads\/2022\/11\/1_buy_lottery_online.jpg\" alt=\"oz lotto resultados del sorteo\" width=\"212\" height=\"142\" \/>Si ha <a href=\"https:\/\/jackpotlotteryonline.com\/es\/comprar-boletos\/oz-lotto\">comprado un billete con nosotros<\/a>, compruebe los resultados de los sorteos en nuestro sitio web. La forma m\u00e1s f\u00e1cil de saber si ha ganado es accediendo a su cuenta de jugador en nuestro sitio web. A continuaci\u00f3n, vaya a &#8220;mis boletos&#8221; y ver\u00e1 su boleto escaneado con los n\u00fameros con los que ha jugado. Despu\u00e9s del sorteo, todos los d\u00edgitos coincidentes aparecer\u00e1n resaltados.<\/p>\n<p>Otra forma de saber si ha ganado es consultando su correo electr\u00f3nico. Inmediatamente despu\u00e9s del sorteo, recibir\u00e1 un correo electr\u00f3nico notific\u00e1ndoselo. Utilice la informaci\u00f3n para saber si ha ganado en ese sorteo.<\/p>\n<p>Tambi\u00e9n puede visitar el sitio web oficial de la loter\u00eda australiana Oz Lotto para obtener m\u00e1s informaci\u00f3n sobre resultados anteriores e informaci\u00f3n general sobre la loter\u00eda.<\/p>\n<h2>Formas de mejorar mis posibilidades de ganar<\/h2>\n<p>Para aumentar sus posibilidades de llevarse el premio gordo, puede participar en varios sorteos comprando billetes para sorteos consecutivos. Esto permite jugar a la misma selecci\u00f3n durante un par de semanas. Jugar de esta manera aumentar\u00e1 el coste de sus pedidos, pero le permitir\u00e1 jugar en m\u00e1s sorteos.<\/p>\n<section class=\"layout\" style=\"border: solid 1px; width: 100%;\">\n<div class=\"img-div\" style=\"margin-top: 5px;\"><img decoding=\"async\" class=\"wp-image-17212 alignleft\" style=\"height: 45px; margin: 8px 8px 0px;\" src=\"http:\/\/jackpotlotteryonline.com\/wp-content\/uploads\/2022\/11\/read1.jpg\" alt=\"leer\" width=\"\" height=\"\" \/><\/div>\n<div style=\"padding-left: 5px;\">\n<div style=\"font-size: 1.1em;\">\n<p><strong>Elegir los n\u00fameros ganadores de la loter\u00eda manualmente o utilizando un RNG<\/strong><\/p>\n<p style=\"font-size: 0.85em; margin-top: -1.5em;\">\u00bfC\u00f3mo generar n\u00fameros ganadores de loter\u00eda?\u00a0<a href=\"https:\/\/jackpotlotteryonline.com\/es\/como-generar-numeros-ganadores-de-la-loteria\"> Seguir leyendo<\/a><\/p>\n<\/div>\n<\/div>\n<\/section>\n<h2>\u00bfC\u00f3mo puedo recibir mi premio?<\/h2>\n<p>En caso de ganar alg\u00fan premio, tenga en cuenta lo siguiente:<\/p>\n<ul>\n<li>Las ganancias inferiores a 2500 euros se transferir\u00e1n autom\u00e1ticamente a su cuenta de jugador. Con el dinero del premio podr\u00e1 retirarlo o seguir comprando m\u00e1s boletos.<\/li>\n<li>Para las ganancias superiores a 2500 euros, el premio ser\u00e1 pagado directamente por la comisi\u00f3n de loter\u00eda, y podr\u00e1 recibirlo mediante transferencia bancaria o cheque.<\/li>\n<\/ul>\n<p>Aseg\u00farese de no perderse ning\u00fan sorteo. Para asegurarse de no perderse ninguna informaci\u00f3n, se recomienda a los jugadores que incluyan a jackpotlotteryonline.com en su lista blanca de proveedores de correo electr\u00f3nico de confianza.<\/p>\n<p><strong>Para terminar&#8230;<\/strong><\/p>\n<p>Oz Lotto es uno de los juegos de loter\u00eda m\u00e1s populares de Australia desde 1994. Mucha gente se ha hecho millonaria de la noche a la ma\u00f1ana gracias a \u00e9l. \u00bfQu\u00e9 le impide jugar? Participe en esta loter\u00eda australiana y tenga la oportunidad de ganar uno de los muchos premios, si no el bote.<\/p>\n<p><strong>\u00a1Reg\u00edstrese hoy mismo para ganar!<\/strong><\/p>\n","protected":false},"excerpt":{"rendered":"<p>Informaci\u00f3n sobre los resultados del sorteo de Oz Lotto Tienes curiosidad acerca de los resultados del sorteo de Oz Lotto o qu\u00e9 sucede despu\u00e9s de que alguien gana? Bueno, este art\u00edculo te guiar\u00e1 sobre c\u00f3mo ir respondiendo a esas preguntas. Esta loter\u00eda australiana se sortea todos los martes y s\u00e1bados a las 7:30 p.m. AEST, [&hellip;]<\/p>\n","protected":false},"author":1,"featured_media":0,"parent":35856,"menu_order":16,"comment_status":"closed","ping_status":"closed","template":"","meta":{"_et_pb_use_builder":"","_et_pb_old_content":"","_et_gb_content_width":"","exclude_from_search":false,"footnotes":""},"class_list":["post-41442","page","type-page","status-publish","hentry"],"yoast_head":"<!-- This site is optimized with the Yoast SEO plugin v23.3 - https:\/\/yoast.com\/wordpress\/plugins\/seo\/ -->\n<title>Oz Lotto n\u00fameros ganadores y resultado del sorteo<\/title>\n<meta name=\"description\" content=\"Consulta los n\u00fameros ganadores y los resultados anteriores de la Oz Lotto de Australia en nuestra p\u00e1gina de resultados de sorteos. \u00a1Aseg\u00farate de no fallar!\" \/>\n<meta name=\"robots\" content=\"index, follow, max-snippet:-1, max-image-preview:large, max-video-preview:-1\" \/>\n<link rel=\"canonical\" href=\"https:\/\/jackpotlotteryonline.com\/es\/numeros-ganadores\/resultados-del-sorteo-de-la-loteria-de-oz\/\" \/>\n<meta property=\"og:locale\" content=\"es_ES\" \/>\n<meta property=\"og:type\" content=\"article\" \/>\n<meta property=\"og:title\" content=\"Oz Lotto n\u00fameros ganadores y resultado del sorteo\" \/>\n<meta property=\"og:description\" content=\"Consulta los n\u00fameros ganadores y los resultados anteriores de la Oz Lotto de Australia en nuestra p\u00e1gina de resultados de sorteos. \u00a1Aseg\u00farate de no fallar!\" \/>\n<meta property=\"og:url\" content=\"https:\/\/jackpotlotteryonline.com\/es\/numeros-ganadores\/resultados-del-sorteo-de-la-loteria-de-oz\/\" \/>\n<meta property=\"og:site_name\" content=\"Lotto Online - Crack The International Lottery Jackpots\" \/>\n<meta property=\"article:modified_time\" content=\"2022-12-30T12:29:27+00:00\" \/>\n<meta property=\"og:image\" content=\"http:\/\/jackpotlotteryonline.com\/wp-content\/uploads\/2022\/11\/1_euromillions_results.jpg\" \/>\n<meta name=\"twitter:card\" content=\"summary_large_image\" \/>\n<meta name=\"twitter:label1\" content=\"Tiempo de lectura\" \/>\n\t<meta name=\"twitter:data1\" content=\"4 minutos\" \/>\n<!-- \/ Yoast SEO plugin. -->","yoast_head_json":{"title":"Oz Lotto n\u00fameros ganadores y resultado del sorteo","description":"Consulta los n\u00fameros ganadores y los resultados anteriores de la Oz Lotto de Australia en nuestra p\u00e1gina de resultados de sorteos. \u00a1Aseg\u00farate de no fallar!","robots":{"index":"index","follow":"follow","max-snippet":"max-snippet:-1","max-image-preview":"max-image-preview:large","max-video-preview":"max-video-preview:-1"},"canonical":"https:\/\/jackpotlotteryonline.com\/es\/numeros-ganadores\/resultados-del-sorteo-de-la-loteria-de-oz\/","og_locale":"es_ES","og_type":"article","og_title":"Oz Lotto n\u00fameros ganadores y resultado del sorteo","og_description":"Consulta los n\u00fameros ganadores y los resultados anteriores de la Oz Lotto de Australia en nuestra p\u00e1gina de resultados de sorteos. \u00a1Aseg\u00farate de no fallar!","og_url":"https:\/\/jackpotlotteryonline.com\/es\/numeros-ganadores\/resultados-del-sorteo-de-la-loteria-de-oz\/","og_site_name":"Lotto Online - Crack The International Lottery Jackpots","article_modified_time":"2022-12-30T12:29:27+00:00","og_image":[{"url":"http:\/\/jackpotlotteryonline.com\/wp-content\/uploads\/2022\/11\/1_euromillions_results.jpg"}],"twitter_card":"summary_large_image","twitter_misc":{"Tiempo de lectura":"4 minutos"},"schema":{"@context":"https:\/\/schema.org","@graph":[{"@type":"WebPage","@id":"https:\/\/jackpotlotteryonline.com\/es\/numeros-ganadores\/resultados-del-sorteo-de-la-loteria-de-oz\/","url":"https:\/\/jackpotlotteryonline.com\/es\/numeros-ganadores\/resultados-del-sorteo-de-la-loteria-de-oz\/","name":"Oz Lotto n\u00fameros ganadores y resultado del sorteo","isPartOf":{"@id":"https:\/\/jackpotlotteryonline.com\/#website"},"primaryImageOfPage":{"@id":"https:\/\/jackpotlotteryonline.com\/es\/numeros-ganadores\/resultados-del-sorteo-de-la-loteria-de-oz\/#primaryimage"},"image":{"@id":"https:\/\/jackpotlotteryonline.com\/es\/numeros-ganadores\/resultados-del-sorteo-de-la-loteria-de-oz\/#primaryimage"},"thumbnailUrl":"http:\/\/jackpotlotteryonline.com\/wp-content\/uploads\/2022\/11\/1_euromillions_results.jpg","datePublished":"2022-12-09T11:23:26+00:00","dateModified":"2022-12-30T12:29:27+00:00","description":"Consulta los n\u00fameros ganadores y los resultados anteriores de la Oz Lotto de Australia en nuestra p\u00e1gina de resultados de sorteos. \u00a1Aseg\u00farate de no fallar!","breadcrumb":{"@id":"https:\/\/jackpotlotteryonline.com\/es\/numeros-ganadores\/resultados-del-sorteo-de-la-loteria-de-oz\/#breadcrumb"},"inLanguage":"es","potentialAction":[{"@type":"ReadAction","target":["https:\/\/jackpotlotteryonline.com\/es\/numeros-ganadores\/resultados-del-sorteo-de-la-loteria-de-oz\/"]}]},{"@type":"ImageObject","inLanguage":"es","@id":"https:\/\/jackpotlotteryonline.com\/es\/numeros-ganadores\/resultados-del-sorteo-de-la-loteria-de-oz\/#primaryimage","url":"http:\/\/jackpotlotteryonline.com\/wp-content\/uploads\/2022\/11\/1_euromillions_results.jpg","contentUrl":"http:\/\/jackpotlotteryonline.com\/wp-content\/uploads\/2022\/11\/1_euromillions_results.jpg"},{"@type":"BreadcrumbList","@id":"https:\/\/jackpotlotteryonline.com\/es\/numeros-ganadores\/resultados-del-sorteo-de-la-loteria-de-oz\/#breadcrumb","itemListElement":[{"@type":"ListItem","position":1,"name":"Home","item":"https:\/\/jackpotlotteryonline.com\/es\/"},{"@type":"ListItem","position":2,"name":"Resultados de la loter\u00eda","item":"https:\/\/jackpotlotteryonline.com\/winning-numbers\/"},{"@type":"ListItem","position":3,"name":"Resultados del sorteo de la Loter\u00eda de Oz"}]},{"@type":"WebSite","@id":"https:\/\/jackpotlotteryonline.com\/#website","url":"https:\/\/jackpotlotteryonline.com\/","name":"Lotto Online - Crack The International Lottery Jackpots","description":"","potentialAction":[{"@type":"SearchAction","target":{"@type":"EntryPoint","urlTemplate":"https:\/\/jackpotlotteryonline.com\/?s={search_term_string}"},"query-input":"required name=search_term_string"}],"inLanguage":"es"}]}},"_links":{"self":[{"href":"https:\/\/jackpotlotteryonline.com\/es\/wp-json\/wp\/v2\/pages\/41442","targetHints":{"allow":["GET"]}}],"collection":[{"href":"https:\/\/jackpotlotteryonline.com\/es\/wp-json\/wp\/v2\/pages"}],"about":[{"href":"https:\/\/jackpotlotteryonline.com\/es\/wp-json\/wp\/v2\/types\/page"}],"author":[{"embeddable":true,"href":"https:\/\/jackpotlotteryonline.com\/es\/wp-json\/wp\/v2\/users\/1"}],"replies":[{"embeddable":true,"href":"https:\/\/jackpotlotteryonline.com\/es\/wp-json\/wp\/v2\/comments?post=41442"}],"version-history":[{"count":0,"href":"https:\/\/jackpotlotteryonline.com\/es\/wp-json\/wp\/v2\/pages\/41442\/revisions"}],"up":[{"embeddable":true,"href":"https:\/\/jackpotlotteryonline.com\/es\/wp-json\/wp\/v2\/pages\/35856"}],"wp:attachment":[{"href":"https:\/\/jackpotlotteryonline.com\/es\/wp-json\/wp\/v2\/media?parent=41442"}],"curies":[{"name":"wp","href":"https:\/\/api.w.org\/{rel}","templated":true}]}}