{"id":41494,"date":"2022-12-09T13:04:13","date_gmt":"2022-12-09T13:04:13","guid":{"rendered":"https:\/\/jackpotlotteryonline.com\/?page_id=41494"},"modified":"2022-12-30T14:22:39","modified_gmt":"2022-12-30T14:22:39","slug":"powerball-australia","status":"publish","type":"page","link":"https:\/\/jackpotlotteryonline.com\/es\/numeros-ganadores\/powerball-australia\/","title":{"rendered":"Resultados del sorteo Powerball Australia"},"content":{"rendered":"<p><a href=\"http:\/\/jackpotlotteryonline.com\/es\/como-se-juega\/powerball-australia\">Jugar al Powerball de Australia<\/a> es f\u00e1cil cuando compras tus boletos online. De esta forma puedes acceder al Powerball desde cualquier parte del mundo. Pero, comprar el boleto es s\u00f3lo una parte de jugar al Powerball. Tambi\u00e9n tienes que comprobar los resultados del sorteo para conocer los n\u00fameros ganadores. As\u00ed sabr\u00e1s si te ha tocado la loter\u00eda o no. Aqu\u00ed le ofrecemos consejos e informaci\u00f3n sobre c\u00f3mo puede comprobar los resultados del sorteo y acceder a sus ganancias.<\/p>\n<h2>C\u00f3mo comprobar los n\u00fameros ganadores de Powerball Australia<\/h2>\n<p>Para jugar al Powerball, tiene que elegir 7 n\u00fameros de un rango del 1 al 35, m\u00e1s un n\u00famero Powerball del 1 al 20. Durante los sorteos, se extraen 8 n\u00fameros al azar. Quien acierte los n\u00fameros sorteados tiene el boleto ganador del Powerball.<\/p>\n<p>Tal vez no pueda ver los sorteos de Powerball en directo por televisi\u00f3n. Sin embargo, puede consultar los sitios de noticias online para conocer los n\u00fameros ganadores del Powerball. Sin embargo, la mayor\u00eda de estas p\u00e1ginas s\u00f3lo publican la combinaci\u00f3n ganadora del bote. Adem\u00e1s, Powerball tiene otros niveles de premios.<\/p>\n<p>Por lo tanto, para conocer los n\u00fameros ganadores de Powerball de todos los niveles de premios, puede consultar esta p\u00e1gina despu\u00e9s de cada sorteo. Publicamos los n\u00fameros ganadores de Powerball en nuestro sitio. Adem\u00e1s, si nos ha comprado su billete de Powerball, le avisaremos si tiene alguno de los n\u00fameros ganadores. Le enviaremos un correo electr\u00f3nico y pondremos una notificaci\u00f3n en su cuenta. De esta forma, no tendr\u00e1 que temer perderse sus premios.<\/p>\n<h2>\u00bfCu\u00e1les son las probabilidades de ganar al Powerball?<\/h2>\n<p><img loading=\"lazy\" decoding=\"async\" class=\"alignright size-full wp-image-31181\" src=\"http:\/\/jackpotlotteryonline.com\/wp-content\/uploads\/2022\/11\/logo_powerball-300x50-1.jpg\" alt=\"ganar Powerball\" width=\"300\" height=\"50\" \/>Ganar la loter\u00eda no es nada f\u00e1cil. La mayor\u00eda de la gente dir\u00eda que las probabilidades son incre\u00edblemente altas. Sin embargo, sabemos de gente que ha ganado cantidades que le han cambiado la vida. Powerball Australia en particular tiene una larga lista de ganadores de loter\u00eda y esto es probablemente debido a las probabilidades.<\/p>\n<p>Las probabilidades de ganar la loter\u00eda Powerball son de 1 entre 70 millones. Eso significa que, literalmente, cualquiera puede ganar la loter\u00eda Powerball.<\/p>\n<p>Adem\u00e1s, Powerball tiene un total de 9 categor\u00edas de premios, lo que aumenta a\u00fan m\u00e1s las posibilidades de ganar esta loter\u00eda.<\/p>\n<h2>Premios de la Powerball<\/h2>\n<p>El bote de la Powerball suele ser de una media de 8 millones de d\u00f3lares australianos. Pero hay otros premios que puede ganar si acierta los n\u00fameros ganadores de Powerball Australia.<\/p>\n<p>Estas son las categor\u00edas de premios y el pago en uno de los sorteos de Powerball. Tenga en cuenta que el pago no ser\u00e1 el mismo en todos los sorteos, ya que los premios dependen del fondo com\u00fan de la loter\u00eda. Pero esto es s\u00f3lo para darle una idea de lo que puede esperar cuando obtenga los n\u00fameros ganadores del Powerball.<\/p>\n<p>Divisi\u00f3n 1: acertante 7 + la Powerball &#8211; $8,000,000.00 (bote)<\/p>\n<p>Divisi\u00f3n 2: s\u00f3lo acierte el 7 &#8211; 95.726,15 d\u00f3lares<\/p>\n<p>Divisi\u00f3n 3: acertante 6 + la Powerball &#8211; 5.661,20 $ (bote)<\/p>\n<p>Divisi\u00f3n 4: partido 6 solamente &#8211; $501,70<\/p>\n<p>Divisi\u00f3n 5: partido 5 + la Powerball &#8211; 166,75 d\u00f3lares<\/p>\n<p>Divisi\u00f3n 6: s\u00f3lo partido 5 &#8211; $73,10<\/p>\n<p>Divisi\u00f3n 7: partido 4 + la Powerball &#8211; 41,60<\/p>\n<p>Divisi\u00f3n 8: partido 3 + la Powerball &#8211; $18,05<\/p>\n<p>Divisi\u00f3n 9: combinaci\u00f3n 2 + la Powerball &#8211; 10,95<\/p>\n<h2>Qu\u00e9 hacer si tiene los n\u00fameros ganadores<\/h2>\n<p>Si comprueba los resultados del sorteo y ve que tiene los n\u00fameros ganadores del Powerball, el siguiente paso es c\u00f3mo acceder a su premio. Dado que est\u00e1 jugando al Powerball fuera de Oz, probablemente est\u00e9 buscando una forma c\u00f3moda de cobrar.<\/p>\n<p>Cuando<a href=\"https:\/\/jackpotlotteryonline.com\/es\/comprar-boletos\/powerball-australia\"> compre su billete de Powerball con nosotros<\/a>, tambi\u00e9n podr\u00e1 acceder a sus ganancias desde cualquier lugar. Para premios inferiores a cierta cantidad, todo lo que tiene que hacer es retirar sus ganancias de nuestra plataforma. Podr\u00e1 retirarlo directamente en su cuenta bancaria.<\/p>\n<p>Cuando su ganancia sea superior al importe indicado, le proporcionaremos un formulario de reclamaciones para que lo rellene. De esta forma, podr\u00e1 reclamar sus ganancias directamente a la empresa de loter\u00eda Powerball sin ninguna molestia.<\/p>\n<section class=\"layout\" style=\"border: solid 1px; width: 100%;\">\n<div class=\"img-div\" style=\"margin-top: 5px;\"><img decoding=\"async\" class=\"wp-image-17212 alignleft\" style=\"height: 45px; margin: 8px 8px 0px;\" src=\"http:\/\/jackpotlotteryonline.com\/wp-content\/uploads\/2022\/11\/read1.jpg\" alt=\"leer\" width=\"\" height=\"\" \/><\/div>\n<div style=\"padding-left: 5px;\">\n<div style=\"font-size: 1.1em;\">\n<p><strong>\u00bfQu\u00e9 coche te comprar\u00edas si te tocara la loter\u00eda?<\/strong><\/p>\n<p style=\"font-size: 0.85em; margin-top: -1.5em;\">Ganar la loter\u00eda y conseguir un coche nuevo\u00a0<a href=\"https:\/\/jackpotlotteryonline.com\/es\/que-coche-te-comprarias-si-te-tocara-la-loteria\"> Seguir leyendo<\/a><\/p>\n<\/div>\n<\/div>\n<\/section>\n<h2>Ventajas de jugar al Powerball con Jackpotlotteryonline.com<\/h2>\n<ul>\n<li>Usted obtiene acceso r\u00e1pido e inmediato a la loter\u00eda. Usted no tiene que vivir en Australia para jugar Powerball<\/li>\n<li>Es s\u00faper conveniente ya que no necesitas salir de la comodidad de tu hogar. Compruebe sus n\u00fameros ganadores desde su ordenador o dispositivo m\u00f3vil.<\/li>\n<li>Tambi\u00e9n es m\u00e1s seguro porque su boleto se almacena digitalmente. Esto es importante porque es la \u00fanica manera de reclamar su premio.<\/li>\n<li>No tiene por qu\u00e9 perderse su premio porque le avisaremos inmediatamente si gana alg\u00fan premio.<\/li>\n<li>Puede retirar f\u00e1cilmente cualquier premio en l\u00ednea sin desplazarse a ning\u00fan sitio<\/li>\n<\/ul>\n<h2>Compruebe sus n\u00fameros ganadores con nosotros<\/h2>\n<p>A lo largo del tiempo, hemos dedicado muchos recursos y esfuerzos para garantizar que nuestros jugadores tengan la mejor experiencia. No s\u00f3lo le facilitamos la compra de billetes de las mejores loter\u00edas internacionales, sino que vamos varios pasos m\u00e1s all\u00e1. Lo hacemos proporcionando resultados actualizados de los sorteos para que pueda comprobar f\u00e1cilmente los n\u00fameros ganadores.<\/p>\n<p>Por \u00faltimo, no tiene que preocuparse de c\u00f3mo acceder a sus ganancias si gana un premio. Hemos pensado en todo para que usted pueda centrarse en lo que importa. Reg\u00edstrese hoy mismo con nosotros.<\/p>\n","protected":false},"excerpt":{"rendered":"<p>Jugar al Powerball de Australia es f\u00e1cil cuando compras tus boletos online. De esta forma puedes acceder al Powerball desde cualquier parte del mundo. Pero, comprar el boleto es s\u00f3lo una parte de jugar al Powerball. Tambi\u00e9n tienes que comprobar los resultados del sorteo para conocer los n\u00fameros ganadores. As\u00ed sabr\u00e1s si te ha tocado [&hellip;]<\/p>\n","protected":false},"author":1,"featured_media":0,"parent":35856,"menu_order":17,"comment_status":"closed","ping_status":"closed","template":"powerball-au-results.php","meta":{"_et_pb_use_builder":"","_et_pb_old_content":"","_et_gb_content_width":"","exclude_from_search":false,"footnotes":""},"class_list":["post-41494","page","type-page","status-publish","hentry"],"yoast_head":"<!-- This site is optimized with the Yoast SEO plugin v23.3 - https:\/\/yoast.com\/wordpress\/plugins\/seo\/ -->\n<title>Powerball Australia n\u00fameros ganadores y resultados del sorteo<\/title>\n<meta name=\"description\" content=\"Buscas los n\u00fameros ganadores de Powerball Australia? Encuentra los resultados de los sorteos de las loter\u00edas australianas en esta web\" \/>\n<meta name=\"robots\" content=\"index, follow, max-snippet:-1, max-image-preview:large, max-video-preview:-1\" \/>\n<link rel=\"canonical\" href=\"https:\/\/jackpotlotteryonline.com\/es\/numeros-ganadores\/powerball-australia\/\" \/>\n<meta property=\"og:locale\" content=\"es_ES\" \/>\n<meta property=\"og:type\" content=\"article\" \/>\n<meta property=\"og:title\" content=\"Powerball Australia n\u00fameros ganadores y resultados del sorteo\" \/>\n<meta property=\"og:description\" content=\"Buscas los n\u00fameros ganadores de Powerball Australia? Encuentra los resultados de los sorteos de las loter\u00edas australianas en esta web\" \/>\n<meta property=\"og:url\" content=\"https:\/\/jackpotlotteryonline.com\/es\/numeros-ganadores\/powerball-australia\/\" \/>\n<meta property=\"og:site_name\" content=\"Lotto Online - Crack The International Lottery Jackpots\" \/>\n<meta property=\"article:modified_time\" content=\"2022-12-30T14:22:39+00:00\" \/>\n<meta property=\"og:image\" content=\"http:\/\/jackpotlotteryonline.com\/wp-content\/uploads\/2022\/11\/logo_powerball-300x50-1.jpg\" \/>\n<meta name=\"twitter:card\" content=\"summary_large_image\" \/>\n<meta name=\"twitter:label1\" content=\"Tiempo de lectura\" \/>\n\t<meta name=\"twitter:data1\" content=\"5 minutos\" \/>\n<!-- \/ Yoast SEO plugin. -->","yoast_head_json":{"title":"Powerball Australia n\u00fameros ganadores y resultados del sorteo","description":"Buscas los n\u00fameros ganadores de Powerball Australia? Encuentra los resultados de los sorteos de las loter\u00edas australianas en esta web","robots":{"index":"index","follow":"follow","max-snippet":"max-snippet:-1","max-image-preview":"max-image-preview:large","max-video-preview":"max-video-preview:-1"},"canonical":"https:\/\/jackpotlotteryonline.com\/es\/numeros-ganadores\/powerball-australia\/","og_locale":"es_ES","og_type":"article","og_title":"Powerball Australia n\u00fameros ganadores y resultados del sorteo","og_description":"Buscas los n\u00fameros ganadores de Powerball Australia? Encuentra los resultados de los sorteos de las loter\u00edas australianas en esta web","og_url":"https:\/\/jackpotlotteryonline.com\/es\/numeros-ganadores\/powerball-australia\/","og_site_name":"Lotto Online - Crack The International Lottery Jackpots","article_modified_time":"2022-12-30T14:22:39+00:00","og_image":[{"url":"http:\/\/jackpotlotteryonline.com\/wp-content\/uploads\/2022\/11\/logo_powerball-300x50-1.jpg"}],"twitter_card":"summary_large_image","twitter_misc":{"Tiempo de lectura":"5 minutos"},"schema":{"@context":"https:\/\/schema.org","@graph":[{"@type":"WebPage","@id":"https:\/\/jackpotlotteryonline.com\/es\/numeros-ganadores\/powerball-australia\/","url":"https:\/\/jackpotlotteryonline.com\/es\/numeros-ganadores\/powerball-australia\/","name":"Powerball Australia n\u00fameros ganadores y resultados del sorteo","isPartOf":{"@id":"https:\/\/jackpotlotteryonline.com\/#website"},"primaryImageOfPage":{"@id":"https:\/\/jackpotlotteryonline.com\/es\/numeros-ganadores\/powerball-australia\/#primaryimage"},"image":{"@id":"https:\/\/jackpotlotteryonline.com\/es\/numeros-ganadores\/powerball-australia\/#primaryimage"},"thumbnailUrl":"http:\/\/jackpotlotteryonline.com\/wp-content\/uploads\/2022\/11\/logo_powerball-300x50-1.jpg","datePublished":"2022-12-09T13:04:13+00:00","dateModified":"2022-12-30T14:22:39+00:00","description":"Buscas los n\u00fameros ganadores de Powerball Australia? Encuentra los resultados de los sorteos de las loter\u00edas australianas en esta web","breadcrumb":{"@id":"https:\/\/jackpotlotteryonline.com\/es\/numeros-ganadores\/powerball-australia\/#breadcrumb"},"inLanguage":"es","potentialAction":[{"@type":"ReadAction","target":["https:\/\/jackpotlotteryonline.com\/es\/numeros-ganadores\/powerball-australia\/"]}]},{"@type":"ImageObject","inLanguage":"es","@id":"https:\/\/jackpotlotteryonline.com\/es\/numeros-ganadores\/powerball-australia\/#primaryimage","url":"http:\/\/jackpotlotteryonline.com\/wp-content\/uploads\/2022\/11\/logo_powerball-300x50-1.jpg","contentUrl":"http:\/\/jackpotlotteryonline.com\/wp-content\/uploads\/2022\/11\/logo_powerball-300x50-1.jpg"},{"@type":"BreadcrumbList","@id":"https:\/\/jackpotlotteryonline.com\/es\/numeros-ganadores\/powerball-australia\/#breadcrumb","itemListElement":[{"@type":"ListItem","position":1,"name":"Home","item":"https:\/\/jackpotlotteryonline.com\/es\/"},{"@type":"ListItem","position":2,"name":"Resultados de la loter\u00eda","item":"https:\/\/jackpotlotteryonline.com\/winning-numbers\/"},{"@type":"ListItem","position":3,"name":"Resultados del sorteo Powerball Australia"}]},{"@type":"WebSite","@id":"https:\/\/jackpotlotteryonline.com\/#website","url":"https:\/\/jackpotlotteryonline.com\/","name":"Lotto Online - Crack The International Lottery Jackpots","description":"","potentialAction":[{"@type":"SearchAction","target":{"@type":"EntryPoint","urlTemplate":"https:\/\/jackpotlotteryonline.com\/?s={search_term_string}"},"query-input":"required name=search_term_string"}],"inLanguage":"es"}]}},"_links":{"self":[{"href":"https:\/\/jackpotlotteryonline.com\/es\/wp-json\/wp\/v2\/pages\/41494","targetHints":{"allow":["GET"]}}],"collection":[{"href":"https:\/\/jackpotlotteryonline.com\/es\/wp-json\/wp\/v2\/pages"}],"about":[{"href":"https:\/\/jackpotlotteryonline.com\/es\/wp-json\/wp\/v2\/types\/page"}],"author":[{"embeddable":true,"href":"https:\/\/jackpotlotteryonline.com\/es\/wp-json\/wp\/v2\/users\/1"}],"replies":[{"embeddable":true,"href":"https:\/\/jackpotlotteryonline.com\/es\/wp-json\/wp\/v2\/comments?post=41494"}],"version-history":[{"count":0,"href":"https:\/\/jackpotlotteryonline.com\/es\/wp-json\/wp\/v2\/pages\/41494\/revisions"}],"up":[{"embeddable":true,"href":"https:\/\/jackpotlotteryonline.com\/es\/wp-json\/wp\/v2\/pages\/35856"}],"wp:attachment":[{"href":"https:\/\/jackpotlotteryonline.com\/es\/wp-json\/wp\/v2\/media?parent=41494"}],"curies":[{"name":"wp","href":"https:\/\/api.w.org\/{rel}","templated":true}]}}