{"id":41549,"date":"2022-12-12T05:03:54","date_gmt":"2022-12-12T05:03:54","guid":{"rendered":"https:\/\/jackpotlotteryonline.com\/?page_id=41549"},"modified":"2022-12-29T18:21:57","modified_gmt":"2022-12-29T18:21:57","slug":"lotto-america","status":"publish","type":"page","link":"https:\/\/jackpotlotteryonline.com\/es\/numeros-ganadores\/lotto-america\/","title":{"rendered":"Resultados del sorteo de la Loter\u00eda Am\u00e9rica"},"content":{"rendered":"<p>Lotto America es un juego de loter\u00eda en los EE.UU. que ha producido una gran cantidad de millonarios. La probabilidad de ganar la loter\u00eda es fant\u00e1stica, lo que lo convierte en un juego atractivo para los aficionados a la loter\u00eda. Ahora, los jugadores de todo el mundo pueden<a href=\"https:\/\/jackpotlotteryonline.com\/es\/comprar-boletos\/lotto-america\"> comprar boletos de esta loter\u00eda de EE.UU<\/a>. en l\u00ednea. No s\u00f3lo eso, sino que tambi\u00e9n pueden comprobar los n\u00fameros ganadores para descubrir si han ganado la loter\u00eda.<\/p>\n<p>En jackpotlotteryonline.com puede comprar billetes para las principales loter\u00edas internacionales y comprobar aqu\u00ed tambi\u00e9n los n\u00fameros ganadores. Y si se pregunta c\u00f3mo acceder a sus ganancias en l\u00ednea, entonces siga leyendo. Compartiremos todos los detalles con usted y r\u00e1pidamente se har\u00e1 obvio que jugar en l\u00ednea es el camino a seguir.<\/p>\n<h2>Jugar Lotto America en l\u00ednea<\/h2>\n<p><img loading=\"lazy\" decoding=\"async\" class=\"size-full wp-image-32081 alignright\" src=\"http:\/\/jackpotlotteryonline.com\/wp-content\/uploads\/2022\/11\/1_mega_lotto_win-213x300-1.jpg\" alt=\"Jugar Lotto America online\" width=\"213\" height=\"300\" \/>Hemos mencionado que puede <a href=\"https:\/\/jackpotlotteryonline.com\/es\/como-se-juega\/lotto-america-2\">jugar a esta loter\u00eda en l\u00ednea<\/a>, y no importa d\u00f3nde viva. T\u00edpicamente, los billetes se venden en los Estados Unidos, pero tambi\u00e9n puede comprarlos aqu\u00ed en jackpotlotteryonline.com.<\/p>\n<p>Hay otros sitios que venden billetes de loter\u00eda, pero s\u00f3lo permiten a los jugadores apostar sobre el resultado de la loter\u00eda. Esto significa que la compra de un billete de loter\u00eda en ese sitio no le da entrada a la loter\u00eda. Por tanto, aunque acierte todos los n\u00fameros sorteados, no ganar\u00e1 el bote. Por lo tanto, la elecci\u00f3n del sitio que utilice es muy importante.<\/p>\n<h2>Pasos para jugar a la loter\u00eda en l\u00ednea<\/h2>\n<p>Una vez que se haya decidido por un sitio, siga los pasos que se indican a continuaci\u00f3n:<\/p>\n<ol>\n<li>Visite el sitio que desea utilizar y haga clic en Lotto America<\/li>\n<li>Elija 5 n\u00fameros de un rango de 1 a 52 (si no est\u00e1 seguro de qu\u00e9 n\u00fameros utilizar, pruebe el generador autom\u00e1tico de n\u00fameros)<\/li>\n<li>A continuaci\u00f3n, elija un n\u00famero de bonificaci\u00f3n (la bola estrella) del 1 al 10<\/li>\n<li>Compre l\u00edneas de n\u00fameros adicionales para tener m\u00e1s posibilidades de ganar<\/li>\n<li>Participe en los sorteos (puede participar en m\u00e1s de un sorteo)<\/li>\n<li>Reg\u00edstrese y pague sus participaciones.<\/li>\n<\/ol>\n<p>Le pedimos que se registre por varias razones. En primer lugar, queremos asegurarnos de que su boleto digital est\u00e1 seguro. En segundo lugar, utilizamos su cuenta para ponernos en contacto con usted en caso de que gane alg\u00fan premio. Hablaremos de ello m\u00e1s adelante.<\/p>\n<h2>D\u00edas de sorteo y pozo de Lotto America<\/h2>\n<p>Esta loter\u00eda americana tiene tres sorteos semanales, lunes, mi\u00e9rcoles y s\u00e1bado. Durante los sorteos se anuncia el boleto ganador. Para ganar el premio mayor, su billete deber\u00e1 acertar los seis n\u00fameros sorteados.<\/p>\n<p>Los premios mayores de Lotto America empiezan en 2 millones de d\u00f3lares y pueden acumularse si no hay ganador despu\u00e9s de un sorteo. Como se acumula despu\u00e9s de cada sorteo (si no hay ganador), puede llegar hasta los 18 millones de d\u00f3lares. Es una buena suma para ganar, \u00bfverdad?<\/p>\n<p>En realidad, el bote r\u00e9cord de Lotto America fue de 23 millones de d\u00f3lares y lo gan\u00f3 una familia en 2018.<\/p>\n<section class=\"layout\" style=\"border: solid 1px; width: 100%;\">\n<div class=\"img-div\" style=\"margin-top: 5px;\"><img decoding=\"async\" class=\"wp-image-17212 alignleft\" style=\"height: 45px; margin: 8px 8px 0px;\" src=\"http:\/\/jackpotlotteryonline.com\/wp-content\/uploads\/2022\/11\/read1.jpg\" alt=\"leer\" width=\"\" height=\"\" \/><\/div>\n<div style=\"padding-left: 5px;\">\n<div style=\"font-size: 1.1em;\">\n<p><strong>N\u00e5gra lottovinnare gav tillbaka till samh\u00e4llet<\/strong><\/p>\n<p style=\"font-size: 0.85em; margin-top: -1.5em;\">N\u00e5gra intressanta och hj\u00e4rtev\u00e4rmande ber\u00e4ttelser om lotterivinnare som ger tillbaka\u00a0<a href=\"https:\/\/jackpotlotteryonline.com\/sv\/berattelser-om-lotterivinnare-som-ger-tillbaka\"> Seguir leyendo<\/a><\/p>\n<\/div>\n<\/div>\n<\/section>\n<h2>Categor\u00edas de premios<\/h2>\n<p>El bote es, por supuesto, el premio mayor de la loter\u00eda. Pero esta loter\u00eda tiene 9 categor\u00edas de premios diferentes, dando a los jugadores la oportunidad de ganar premios interesantes.<\/p>\n<p>Incluso si no ganas el premio mayor, a\u00fan podr\u00edas irte a casa con una gran ganancia al acertar los n\u00fameros ganadores de otras categor\u00edas. He aqu\u00ed el desglose de premios junto con las probabilidades de ganar cada categor\u00eda de premios.<\/p>\n<p>Divisi\u00f3n 1: 5 + Bola Estrella &#8211; 1 entre 25.989.600 &#8211; Bote<\/p>\n<p>Divisi\u00f3n 2: 5 &#8211; 1 en 2,887,733 &#8211; $20,000<\/p>\n<p>Divisi\u00f3n 3: 4 + Bola Estrella &#8211; 1 entre 110.594 &#8211; 1.000 d\u00f3lares<\/p>\n<p>Divisi\u00f3n 4: 4 &#8211; 1 en 12,288 &#8211; $100<\/p>\n<p>Divisi\u00f3n 5: 3 + Bola Estrella &#8211; 1 entre 2.404 &#8211; 20$.<\/p>\n<p>Divisi\u00f3n 6: 3 &#8211; 1 en 267 &#8211; $5<\/p>\n<p>Divisi\u00f3n 7: 2 + Star Ball &#8211; 1 en 160 &#8211; $5<\/p>\n<p>Divisi\u00f3n 8: 1 + Star Ball &#8211; 1 en 29 &#8211; $2<\/p>\n<p>Divisi\u00f3n 9: 0 + Star Ball &#8211; 1 en 17 &#8211; $2<\/p>\n<h2>C\u00f3mo comprobar los n\u00fameros ganadores<\/h2>\n<p><img loading=\"lazy\" decoding=\"async\" class=\"alignright size-full wp-image-31532\" src=\"http:\/\/jackpotlotteryonline.com\/wp-content\/uploads\/2022\/11\/lottoballs.jpg\" alt=\"N\u00fameros ganadores de Lotto America\" width=\"245\" height=\"123\" \/>Comprobar si ha ganado alg\u00fan premio es tan sencillo como volver a esta p\u00e1gina despu\u00e9s de los sorteos. Despu\u00e9s de cada sorteo, publicamos los resultados de cada categor\u00eda de premios. As\u00ed, puede consultar c\u00f3modamente nuestra p\u00e1gina sin estr\u00e9s.<\/p>\n<p>Adem\u00e1s, si nos ha comprado su billete, tambi\u00e9n se habr\u00e1 registrado con nosotros. Eso significa que, si gana un premio, podemos avisarle a trav\u00e9s de su cuenta y tambi\u00e9n por correo electr\u00f3nico.<\/p>\n<p>Nunca tiene que perderse ning\u00fan premio cuando compra su billete de loter\u00eda con nosotros.<\/p>\n<h2>Cobrar su premio<\/h2>\n<p>Una pregunta que escuchamos a menudo de los apostadores es como acceder a sus premios cuando entran a Lotto America online. Si compra billetes de loter\u00eda a trav\u00e9s de nuestro sitio, le ofrecemos un m\u00e9todo sencillo y sin complicaciones para reclamar sus ganancias.<\/p>\n<p>Las ganancias que sean de 2500 euros ser\u00e1n acreditadas en su cuenta y luego podr\u00e1 retirarlas sin costo adicional. Mientras que las ganancias mayores requieren un procedimiento ligeramente diferente. Para premios mayores, tendr\u00e1 que reclamar el premio a la empresa de loter\u00eda. Sin embargo, le proporcionaremos un formulario de reclamaci\u00f3n para que lo rellene y, una vez hecho esto, procesaremos la reclamaci\u00f3n por usted.<\/p>\n<p>El motivo es que tendr\u00e1 que identificarse. Adem\u00e1s, es posible que algunas empresas de loter\u00eda necesiten que comparezca en persona para cobrar sumas mayores. Si esto ocurre, se lo comunicaremos inmediatamente.<\/p>\n<h2>Compre sus billetes de Lotto America en jackpotlotteryonline.com<\/h2>\n<p>Hay muchas razones por las cuales usted deber\u00eda comprar sus billetes de Lotto America con nosotros. En primer lugar, somos un sitio de conserjer\u00eda. Eso significa que usted puede sentarse y relajarse mientras nosotros nos ocupamos de los detalles por usted. As\u00ed, le ayudamos a acceder a las mejores loter\u00edas internacionales como Lotto America.<\/p>\n<p>Pero no nos detenemos ah\u00ed. Tambi\u00e9n proporcionamos un sistema para ayudarle a administrar sus juegos de loter\u00eda. Usted puede, literalmente, entrar en m\u00faltiples loter\u00edas y sorteos directamente desde nuestro sitio. No hay necesidad de ir a ning\u00fan otro lugar. Adem\u00e1s, proporcionamos una manera conveniente para que usted compruebe los resultados de Lotto America, todo en un solo lugar.<\/p>\n<p>Por \u00faltimo, puede comprobar f\u00e1cilmente los n\u00fameros ganadores y retirar sus ganancias desde nuestra plataforma directamente a su cuenta. Trabajamos duro cada d\u00eda para perfeccionar un sistema perfecto para usted. D\u00e9jenos quitarle el estr\u00e9s para que pueda centrarse en la diversi\u00f3n. Reg\u00edstrese con nosotros para jugar a la loter\u00eda hoy mismo.<\/p>\n","protected":false},"excerpt":{"rendered":"<p>Lotto America es un juego de loter\u00eda en los EE.UU. que ha producido una gran cantidad de millonarios. La probabilidad de ganar la loter\u00eda es fant\u00e1stica, lo que lo convierte en un juego atractivo para los aficionados a la loter\u00eda. Ahora, los jugadores de todo el mundo pueden comprar boletos de esta loter\u00eda de EE.UU. [&hellip;]<\/p>\n","protected":false},"author":1,"featured_media":0,"parent":35856,"menu_order":13,"comment_status":"closed","ping_status":"closed","template":"lotto-america-results.php","meta":{"_et_pb_use_builder":"","_et_pb_old_content":"","_et_gb_content_width":"","exclude_from_search":false,"footnotes":""},"class_list":["post-41549","page","type-page","status-publish","hentry"],"yoast_head":"<!-- This site is optimized with the Yoast SEO plugin v23.3 - https:\/\/yoast.com\/wordpress\/plugins\/seo\/ -->\n<title>Lotto America n\u00fameros ganadores y resultados del sorteo<\/title>\n<meta name=\"description\" content=\"Buscas los n\u00fameros ganadores de la Lotto Am\u00e9rica? \u00a1Los resultados de los sorteos de todas las grandes loter\u00edas americanas los puedes encontrar en nuestra web!\" \/>\n<meta name=\"robots\" content=\"index, follow, max-snippet:-1, max-image-preview:large, max-video-preview:-1\" \/>\n<link rel=\"canonical\" href=\"https:\/\/jackpotlotteryonline.com\/es\/numeros-ganadores\/lotto-america\/\" \/>\n<meta property=\"og:locale\" content=\"es_ES\" \/>\n<meta property=\"og:type\" content=\"article\" \/>\n<meta property=\"og:title\" content=\"Lotto America n\u00fameros ganadores y resultados del sorteo\" \/>\n<meta property=\"og:description\" content=\"Buscas los n\u00fameros ganadores de la Lotto Am\u00e9rica? \u00a1Los resultados de los sorteos de todas las grandes loter\u00edas americanas los puedes encontrar en nuestra web!\" \/>\n<meta property=\"og:url\" content=\"https:\/\/jackpotlotteryonline.com\/es\/numeros-ganadores\/lotto-america\/\" \/>\n<meta property=\"og:site_name\" content=\"Lotto Online - Crack The International Lottery Jackpots\" \/>\n<meta property=\"article:modified_time\" content=\"2022-12-29T18:21:57+00:00\" \/>\n<meta property=\"og:image\" content=\"http:\/\/jackpotlotteryonline.com\/wp-content\/uploads\/2022\/11\/1_mega_lotto_win-213x300-1.jpg\" \/>\n<meta name=\"twitter:card\" content=\"summary_large_image\" \/>\n<meta name=\"twitter:label1\" content=\"Tiempo de lectura\" \/>\n\t<meta name=\"twitter:data1\" content=\"5 minutos\" \/>\n<!-- \/ Yoast SEO plugin. -->","yoast_head_json":{"title":"Lotto America n\u00fameros ganadores y resultados del sorteo","description":"Buscas los n\u00fameros ganadores de la Lotto Am\u00e9rica? \u00a1Los resultados de los sorteos de todas las grandes loter\u00edas americanas los puedes encontrar en nuestra web!","robots":{"index":"index","follow":"follow","max-snippet":"max-snippet:-1","max-image-preview":"max-image-preview:large","max-video-preview":"max-video-preview:-1"},"canonical":"https:\/\/jackpotlotteryonline.com\/es\/numeros-ganadores\/lotto-america\/","og_locale":"es_ES","og_type":"article","og_title":"Lotto America n\u00fameros ganadores y resultados del sorteo","og_description":"Buscas los n\u00fameros ganadores de la Lotto Am\u00e9rica? \u00a1Los resultados de los sorteos de todas las grandes loter\u00edas americanas los puedes encontrar en nuestra web!","og_url":"https:\/\/jackpotlotteryonline.com\/es\/numeros-ganadores\/lotto-america\/","og_site_name":"Lotto Online - Crack The International Lottery Jackpots","article_modified_time":"2022-12-29T18:21:57+00:00","og_image":[{"url":"http:\/\/jackpotlotteryonline.com\/wp-content\/uploads\/2022\/11\/1_mega_lotto_win-213x300-1.jpg"}],"twitter_card":"summary_large_image","twitter_misc":{"Tiempo de lectura":"5 minutos"},"schema":{"@context":"https:\/\/schema.org","@graph":[{"@type":"WebPage","@id":"https:\/\/jackpotlotteryonline.com\/es\/numeros-ganadores\/lotto-america\/","url":"https:\/\/jackpotlotteryonline.com\/es\/numeros-ganadores\/lotto-america\/","name":"Lotto America n\u00fameros ganadores y resultados del sorteo","isPartOf":{"@id":"https:\/\/jackpotlotteryonline.com\/#website"},"primaryImageOfPage":{"@id":"https:\/\/jackpotlotteryonline.com\/es\/numeros-ganadores\/lotto-america\/#primaryimage"},"image":{"@id":"https:\/\/jackpotlotteryonline.com\/es\/numeros-ganadores\/lotto-america\/#primaryimage"},"thumbnailUrl":"http:\/\/jackpotlotteryonline.com\/wp-content\/uploads\/2022\/11\/1_mega_lotto_win-213x300-1.jpg","datePublished":"2022-12-12T05:03:54+00:00","dateModified":"2022-12-29T18:21:57+00:00","description":"Buscas los n\u00fameros ganadores de la Lotto Am\u00e9rica? \u00a1Los resultados de los sorteos de todas las grandes loter\u00edas americanas los puedes encontrar en nuestra web!","breadcrumb":{"@id":"https:\/\/jackpotlotteryonline.com\/es\/numeros-ganadores\/lotto-america\/#breadcrumb"},"inLanguage":"es","potentialAction":[{"@type":"ReadAction","target":["https:\/\/jackpotlotteryonline.com\/es\/numeros-ganadores\/lotto-america\/"]}]},{"@type":"ImageObject","inLanguage":"es","@id":"https:\/\/jackpotlotteryonline.com\/es\/numeros-ganadores\/lotto-america\/#primaryimage","url":"http:\/\/jackpotlotteryonline.com\/wp-content\/uploads\/2022\/11\/1_mega_lotto_win-213x300-1.jpg","contentUrl":"http:\/\/jackpotlotteryonline.com\/wp-content\/uploads\/2022\/11\/1_mega_lotto_win-213x300-1.jpg"},{"@type":"BreadcrumbList","@id":"https:\/\/jackpotlotteryonline.com\/es\/numeros-ganadores\/lotto-america\/#breadcrumb","itemListElement":[{"@type":"ListItem","position":1,"name":"Home","item":"https:\/\/jackpotlotteryonline.com\/es\/"},{"@type":"ListItem","position":2,"name":"Resultados de la loter\u00eda","item":"https:\/\/jackpotlotteryonline.com\/winning-numbers\/"},{"@type":"ListItem","position":3,"name":"Resultados del sorteo de la Loter\u00eda Am\u00e9rica"}]},{"@type":"WebSite","@id":"https:\/\/jackpotlotteryonline.com\/#website","url":"https:\/\/jackpotlotteryonline.com\/","name":"Lotto Online - Crack The International Lottery Jackpots","description":"","potentialAction":[{"@type":"SearchAction","target":{"@type":"EntryPoint","urlTemplate":"https:\/\/jackpotlotteryonline.com\/?s={search_term_string}"},"query-input":"required name=search_term_string"}],"inLanguage":"es"}]}},"_links":{"self":[{"href":"https:\/\/jackpotlotteryonline.com\/es\/wp-json\/wp\/v2\/pages\/41549","targetHints":{"allow":["GET"]}}],"collection":[{"href":"https:\/\/jackpotlotteryonline.com\/es\/wp-json\/wp\/v2\/pages"}],"about":[{"href":"https:\/\/jackpotlotteryonline.com\/es\/wp-json\/wp\/v2\/types\/page"}],"author":[{"embeddable":true,"href":"https:\/\/jackpotlotteryonline.com\/es\/wp-json\/wp\/v2\/users\/1"}],"replies":[{"embeddable":true,"href":"https:\/\/jackpotlotteryonline.com\/es\/wp-json\/wp\/v2\/comments?post=41549"}],"version-history":[{"count":0,"href":"https:\/\/jackpotlotteryonline.com\/es\/wp-json\/wp\/v2\/pages\/41549\/revisions"}],"up":[{"embeddable":true,"href":"https:\/\/jackpotlotteryonline.com\/es\/wp-json\/wp\/v2\/pages\/35856"}],"wp:attachment":[{"href":"https:\/\/jackpotlotteryonline.com\/es\/wp-json\/wp\/v2\/media?parent=41549"}],"curies":[{"name":"wp","href":"https:\/\/api.w.org\/{rel}","templated":true}]}}