{"id":72977,"date":"2025-02-02T17:46:29","date_gmt":"2025-02-02T17:46:29","guid":{"rendered":"https:\/\/jackpotlotteryonline.com\/?page_id=72977"},"modified":"2025-02-02T17:46:29","modified_gmt":"2025-02-02T17:46:29","slug":"politica-de-privacidad","status":"publish","type":"page","link":"https:\/\/jackpotlotteryonline.com\/es\/politica-de-privacidad\/","title":{"rendered":"Pol\u00edtica de privacidad"},"content":{"rendered":"<p>Esta Pol\u00edtica de privacidad se aplica al sitio web Playlottoonline (en adelante, &#8220;Pol\u00edtica&#8221;) y es gestionada por LLL World Marketing Limited, con sede en Peiraios 30, 1er piso, oficina 1, 2023 Strovolos, Nicosia, Chipre. Al utilizar este sitio web, acepta esta Pol\u00edtica de privacidad y los t\u00e9rminos de uso relacionados con ella.<\/p>\n<h3><strong>\u00bfQu\u00e9 datos recopilamos?<\/strong><\/h3>\n<h4><strong>Datos que proporciona<\/strong><\/h4>\n<p>Al registrarse en el sitio, debe ingresar una direcci\u00f3n de correo electr\u00f3nico, que se utilizar\u00e1 para identificar su cuenta de forma \u00fanica y activar la cuenta si es necesario. La direcci\u00f3n de correo electr\u00f3nico tambi\u00e9n se utilizar\u00e1 para la recuperaci\u00f3n de contrase\u00f1as.<\/p>\n<p>La direcci\u00f3n de correo electr\u00f3nico y el n\u00famero de tel\u00e9fono pueden usarse para enviar notificaciones sobre el funcionamiento del sitio (como avisos legales), informaci\u00f3n sobre actualizaciones del sitio, productos y servicios ofrecidos, y para fines de marketing (incluidos los avisos de terceros, en adelante &#8220;Avisos&#8221;). Puede optar por no recibir avisos de marketing en cualquier momento haciendo clic en el enlace de cancelaci\u00f3n de suscripci\u00f3n en los correos electr\u00f3nicos o contact\u00e1ndonos por correo electr\u00f3nico, tel\u00e9fono o formulario de contacto.<\/p>\n<p>Despu\u00e9s de registrarse, puede completar su perfil con nombre, apellido, direcci\u00f3n, fecha de nacimiento, n\u00famero de tel\u00e9fono y zona horaria. Estos datos se utilizan para procesar dep\u00f3sitos, retiros, personalizar el sitio web (incluidos los avisos) y procesar ganancias superiores a 2500 USD, como se describe en el punto 3.5 de los t\u00e9rminos de uso.<\/p>\n<p>Adem\u00e1s, podemos almacenar informaci\u00f3n que proporcione de manera voluntaria a trav\u00e9s del formulario de contacto, llamadas telef\u00f3nicas, correos electr\u00f3nicos, interacciones en redes sociales como Facebook, Twitter u otros medios. Esta informaci\u00f3n puede incluir nombre, direcci\u00f3n de correo electr\u00f3nico, n\u00famero de tel\u00e9fono y direcci\u00f3n f\u00edsica. El nombre y la direcci\u00f3n de correo electr\u00f3nico son obligatorios para responder al formulario de contacto.<\/p>\n<h4><strong>Datos recopilados autom\u00e1ticamente<\/strong><\/h4>\n<p>Cuando utiliza el sitio web, recopilamos autom\u00e1ticamente cierta informaci\u00f3n para habilitar las funciones b\u00e1sicas, personalizar el sitio web (incluidos los avisos), monitorear el uso del sitio y garantizar la seguridad. Esta informaci\u00f3n incluye:<\/p>\n<ul>\n<li>Direcci\u00f3n IP;<\/li>\n<li>Encabezados HTTP enviados por su navegador (como &#8220;User-Agent&#8221;, &#8220;Accept-Language&#8221;, &#8220;Referer&#8221;), que incluyen informaci\u00f3n sobre el tipo y la versi\u00f3n del navegador, el sistema operativo, el idioma, el tipo y la versi\u00f3n del sistema operativo, y la URL de la p\u00e1gina desde la cual se envi\u00f3 la solicitud;<\/li>\n<li>Sello de tiempo;<\/li>\n<li>Solicitudes HTTP;<\/li>\n<li>Cookies almacenadas en el dominio playlottoonline.org o sus subdominios.<\/li>\n<\/ul>\n<p>Se puede utilizar su direcci\u00f3n IP para determinar su ubicaci\u00f3n real, lo que nos ayuda a mejorar la calidad de nuestros servicios y personalizar el sitio web (incluidos los avisos).<\/p>\n<p>Adem\u00e1s, el sitio web utiliza almacenamiento en cach\u00e9 en su navegador para cargar el sitio m\u00e1s r\u00e1pido y mejorar la experiencia del usuario, almacenando datos entre sesiones, incluso despu\u00e9s de reiniciar el navegador.<\/p>\n<h4><strong>Servicios de terceros<\/strong><\/h4>\n<h5><strong>An\u00e1lisis, publicidad y seguridad<\/strong><\/h5>\n<p>Para garantizar el funcionamiento del sitio web, monitorear y analizar los datos de su rendimiento, utilizamos servicios de terceros, incluidos:<\/p>\n<ul>\n<li><strong>Google Analytics<\/strong>: para realizar un seguimiento del tr\u00e1fico en el sitio y analizar su rendimiento;<\/li>\n<li><strong>Google reCAPTCHA<\/strong>: para mejorar la seguridad y protecci\u00f3n contra ataques automatizados;<\/li>\n<li><strong>Facebook Pixel<\/strong>: para realizar un seguimiento del tr\u00e1fico y optimizar las campa\u00f1as publicitarias.<\/li>\n<\/ul>\n<p>Estos servicios recopilan y usan datos de acuerdo con sus propias pol\u00edticas de privacidad. Para obtener m\u00e1s informaci\u00f3n sobre c\u00f3mo Google recopila y procesa los datos, consulte su <strong>Pol\u00edtica de privacidad de Google<\/strong>. Los detalles sobre los datos recopilados por Facebook se pueden encontrar en la <strong>Pol\u00edtica de privacidad de Facebook<\/strong>.<\/p>\n","protected":false},"excerpt":{"rendered":"<p>Esta Pol\u00edtica de privacidad se aplica al sitio web Playlottoonline (en adelante, &#8220;Pol\u00edtica&#8221;) y es gestionada por LLL World Marketing Limited, con sede en Peiraios 30, 1er piso, oficina 1, 2023 Strovolos, Nicosia, Chipre. Al utilizar este sitio web, acepta esta Pol\u00edtica de privacidad y los t\u00e9rminos de uso relacionados con ella. \u00bfQu\u00e9 datos recopilamos? [&hellip;]<\/p>\n","protected":false},"author":7,"featured_media":0,"parent":0,"menu_order":0,"comment_status":"closed","ping_status":"closed","template":"","meta":{"_et_pb_use_builder":"","_et_pb_old_content":"","_et_gb_content_width":"","exclude_from_search":false,"footnotes":""},"class_list":["post-72977","page","type-page","status-publish","hentry"],"yoast_head":"<!-- This site is optimized with the Yoast SEO plugin v23.3 - https:\/\/yoast.com\/wordpress\/plugins\/seo\/ -->\n<title>Pol\u00edtica de privacidad - Lotto Online - Crack The International Lottery Jackpots<\/title>\n<meta name=\"robots\" content=\"index, follow, max-snippet:-1, max-image-preview:large, max-video-preview:-1\" \/>\n<link rel=\"canonical\" href=\"https:\/\/jackpotlotteryonline.com\/privacy-policy-2\/\" \/>\n<meta property=\"og:locale\" content=\"es_ES\" \/>\n<meta property=\"og:type\" content=\"article\" \/>\n<meta property=\"og:title\" content=\"Pol\u00edtica de privacidad - Lotto Online - Crack The International Lottery Jackpots\" \/>\n<meta property=\"og:description\" content=\"Esta Pol\u00edtica de privacidad se aplica al sitio web Playlottoonline (en adelante, &#8220;Pol\u00edtica&#8221;) y es gestionada por LLL World Marketing Limited, con sede en Peiraios 30, 1er piso, oficina 1, 2023 Strovolos, Nicosia, Chipre. Al utilizar este sitio web, acepta esta Pol\u00edtica de privacidad y los t\u00e9rminos de uso relacionados con ella. \u00bfQu\u00e9 datos recopilamos? [&hellip;]\" \/>\n<meta property=\"og:url\" content=\"https:\/\/jackpotlotteryonline.com\/privacy-policy-2\/\" \/>\n<meta property=\"og:site_name\" content=\"Lotto Online - Crack The International Lottery Jackpots\" \/>\n<meta name=\"twitter:card\" content=\"summary_large_image\" \/>\n<meta name=\"twitter:label1\" content=\"Tiempo de lectura\" \/>\n\t<meta name=\"twitter:data1\" content=\"3 minutos\" \/>\n<!-- \/ Yoast SEO plugin. -->","yoast_head_json":{"title":"Pol\u00edtica de privacidad - Lotto Online - Crack The International Lottery Jackpots","robots":{"index":"index","follow":"follow","max-snippet":"max-snippet:-1","max-image-preview":"max-image-preview:large","max-video-preview":"max-video-preview:-1"},"canonical":"https:\/\/jackpotlotteryonline.com\/privacy-policy-2\/","og_locale":"es_ES","og_type":"article","og_title":"Pol\u00edtica de privacidad - Lotto Online - Crack The International Lottery Jackpots","og_description":"Esta Pol\u00edtica de privacidad se aplica al sitio web Playlottoonline (en adelante, &#8220;Pol\u00edtica&#8221;) y es gestionada por LLL World Marketing Limited, con sede en Peiraios 30, 1er piso, oficina 1, 2023 Strovolos, Nicosia, Chipre. Al utilizar este sitio web, acepta esta Pol\u00edtica de privacidad y los t\u00e9rminos de uso relacionados con ella. \u00bfQu\u00e9 datos recopilamos? [&hellip;]","og_url":"https:\/\/jackpotlotteryonline.com\/privacy-policy-2\/","og_site_name":"Lotto Online - Crack The International Lottery Jackpots","twitter_card":"summary_large_image","twitter_misc":{"Tiempo de lectura":"3 minutos"},"schema":{"@context":"https:\/\/schema.org","@graph":[{"@type":"WebPage","@id":"https:\/\/jackpotlotteryonline.com\/privacy-policy-2\/","url":"https:\/\/jackpotlotteryonline.com\/privacy-policy-2\/","name":"Pol\u00edtica de privacidad - Lotto Online - Crack The International Lottery Jackpots","isPartOf":{"@id":"https:\/\/jackpotlotteryonline.com\/#website"},"datePublished":"2025-02-02T17:46:29+00:00","dateModified":"2025-02-02T17:46:29+00:00","breadcrumb":{"@id":"https:\/\/jackpotlotteryonline.com\/privacy-policy-2\/#breadcrumb"},"inLanguage":"es","potentialAction":[{"@type":"ReadAction","target":["https:\/\/jackpotlotteryonline.com\/privacy-policy-2\/"]}]},{"@type":"BreadcrumbList","@id":"https:\/\/jackpotlotteryonline.com\/privacy-policy-2\/#breadcrumb","itemListElement":[{"@type":"ListItem","position":1,"name":"Home","item":"https:\/\/jackpotlotteryonline.com\/es\/"},{"@type":"ListItem","position":2,"name":"Pol\u00edtica de privacidad"}]},{"@type":"WebSite","@id":"https:\/\/jackpotlotteryonline.com\/#website","url":"https:\/\/jackpotlotteryonline.com\/","name":"Lotto Online - Crack The International Lottery Jackpots","description":"","potentialAction":[{"@type":"SearchAction","target":{"@type":"EntryPoint","urlTemplate":"https:\/\/jackpotlotteryonline.com\/?s={search_term_string}"},"query-input":"required name=search_term_string"}],"inLanguage":"es"}]}},"_links":{"self":[{"href":"https:\/\/jackpotlotteryonline.com\/es\/wp-json\/wp\/v2\/pages\/72977","targetHints":{"allow":["GET"]}}],"collection":[{"href":"https:\/\/jackpotlotteryonline.com\/es\/wp-json\/wp\/v2\/pages"}],"about":[{"href":"https:\/\/jackpotlotteryonline.com\/es\/wp-json\/wp\/v2\/types\/page"}],"author":[{"embeddable":true,"href":"https:\/\/jackpotlotteryonline.com\/es\/wp-json\/wp\/v2\/users\/7"}],"replies":[{"embeddable":true,"href":"https:\/\/jackpotlotteryonline.com\/es\/wp-json\/wp\/v2\/comments?post=72977"}],"version-history":[{"count":0,"href":"https:\/\/jackpotlotteryonline.com\/es\/wp-json\/wp\/v2\/pages\/72977\/revisions"}],"wp:attachment":[{"href":"https:\/\/jackpotlotteryonline.com\/es\/wp-json\/wp\/v2\/media?parent=72977"}],"curies":[{"name":"wp","href":"https:\/\/api.w.org\/{rel}","templated":true}]}}